{"id":40246,"date":"2018-09-05T09:37:32","date_gmt":"2018-09-05T09:37:32","guid":{"rendered":"https:\/\/business.roovi.com\/puzzle-adulti-1000-piese-high-difficulty-vegetables-legume\/p\/"},"modified":"2022-07-06T14:44:21","modified_gmt":"2022-07-06T14:44:21","slug":"adult-puzzle-1000-pieces-high-difficulty-vegetables","status":"publish","type":"product","link":"https:\/\/business.roovi.com\/de\/adult-puzzle-1000-pieces-high-difficulty-vegetables\/p\/","title":{"rendered":"Adult Puzzle 1000 pieces High Difficulty &#8211; Vegetables"},"content":{"rendered":"<p><span style=\"font-weight: 400\">Bringe deine Gedanken in Ordnung, St\u00fcck f\u00fcr St\u00fcck, mit einem 1000er Puzzle von hohem Schwierigkeitsgrad. Vervollst\u00e4ndige ein lebendiges Bild mit viel Gem\u00fcse in fast roten Farbt\u00f6nen und genie\u00dfe viele Stunden der Entspannung und Besinnung.<\/span><\/p>\n<p><span style=\"font-weight: 400\">Das 1000-Teile-Puzzle Gem\u00fcse\/Lebensmittel aus der Kollektion mit hohem Schwierigkeitsgrad bringt dich sicher auf die n\u00e4chste Stufe der Puzzlespiele. Viele leuchtend rote Gem\u00fcsesorten halten dich bei einer entspannenden und kreativen T\u00e4tigkeit.<\/span><\/p>\n<p><span style=\"font-weight: 400\">Stell dir vor, du gehst auf den Markt und suchst dir reifes Gem\u00fcse aus, aus dem du den leckersten Sommersalat zubereiten kannst. Mit diesem 1000-teiligen Puzzle verh\u00e4lt es sich \u00e4hnlich: W\u00e4hle ruhig, geduldig und sorgf\u00e4ltig die richtigen Teile aus, um das Bild zu vervollst\u00e4ndigen. Am Ende komponierst du ein Bild, das Frische und Lebendigkeit ausstrahlt. Zelebriere deine Arbeit, indem du sie einrahmst. Sie bringt Farbe in jeden gew\u00f6hnlichen Ort in deinem Zuhause. Au\u00dferdem wird es dich immer daran erinnern, dass du tun kannst, was du wirklich willst.<\/span><\/p>\n<p><span style=\"font-weight: 400\">Eigenschaften Hochschwieriges 1000-Teile-Puzzle &#8211; Gem\u00fcse:<\/span><\/p>\n<p><strong>Montierte Bildgr\u00f6\u00dfe: 47 x 68 cm<\/strong><\/p>\n<p><strong>Puzzle-Material <\/strong><\/p>\n<p><strong>hochwertiger blauer Karton<\/strong><\/p>\n<p><strong>nachhaltige, recycelbare Materialien<\/strong><\/p>\n<p><strong>halbgl\u00e4nzende Oberfl\u00e4che, leuchtende Farben<\/strong><\/p>\n<p><strong>Anzahl der Puzzleteile: 1000<\/strong><\/p>\n<p><strong>Empfohlenes Alter: 14+<\/strong><\/p>\n<p><span style=\"font-weight: 400\">Das Zusammensetzen eines Puzzles mit 1000 Teilen und hohem Schwierigkeitsgrad hat viele Vorteile, die sich auf vielen Ebenen zeigen:<\/span><\/p>\n<ul>\n<li><span style=\"font-weight: 400\">So kannst du dich l\u00e4nger auf eine einzige Aufgabe konzentrieren.<\/span><\/li>\n<li><span style=\"font-weight: 400\">Es schult deine Geduld.<\/span><\/li>\n<li><span style=\"font-weight: 400\">Es ist eine entspannende und lustige Aktivit\u00e4t.<\/span><\/li>\n<li><span style=\"font-weight: 400\">Es trennt dich f\u00fcr eine lange Zeit von deinen Bildschirmen.<\/span><\/li>\n<li><span style=\"font-weight: 400\">Es kann eine Gelegenheit sein, Kontakte zu kn\u00fcpfen und sich mit geliebten Menschen zu treffen.<\/span><\/li>\n<\/ul>\n<p><strong>Warum solltest du dich f\u00fcr das 1000-teilige Gem\u00fcsepuzzle aus der Kollektion der Puzzles mit hohem Schwierigkeitsgrad entscheiden?<\/strong><\/p>\n<p><span style=\"font-weight: 400\">Es fordert deinen Geist und h\u00e4lt dein Ged\u00e4chtnis wach.<\/span><\/p>\n<p><span style=\"font-weight: 400\">Du trainierst deine 1000-Teile-Puzzle-F\u00e4higkeiten und zeigst dein K\u00f6nnen vor deinen Freunden.<\/span><\/p>\n<p><span style=\"font-weight: 400\">Sie regen die Dopaminaussch\u00fcttung im Gehirn an und geben dir ein gutes Gef\u00fchl.<\/span><\/p>\n<p><span style=\"font-weight: 400\">Du bist vom Stress befreit und erlebst ein unglaubliches Gef\u00fchl der Zufriedenheit, wenn du das letzte St\u00fcck zusammengeklebt hast.<\/span><\/p>\n<p><span style=\"font-weight: 400\">Die Puzzleteile sind pr\u00e4zise geschnitten und passen perfekt zusammen, so dass das fertige Bild ein au\u00dfergew\u00f6hnliches dekoratives Gem\u00e4lde sein kann.<\/span><\/p>\n<p><strong>Wusstest du schon&#8230;?<\/strong><\/p>\n<p><span style=\"font-weight: 400\">Der beliebteste Saft der Welt ist Tomatensaft.<\/span><\/p>\n<p><span style=\"font-weight: 400\">Weltweit gibt es etwa 10.000 Tomatensorten.<\/span><\/p>\n<p><span style=\"font-weight: 400\">Paprika enth\u00e4lt Silizium, eine Substanz, die N\u00e4gel und Haare st\u00e4rkt.<\/span><\/p>\n<p><span style=\"font-weight: 400\">Eine gro\u00dfe rote Paprika enth\u00e4lt doppelt so viel Vitamin C wie eine Orange.<\/span><\/p>\n<p><span style=\"font-weight: 400\">Die ersten Menschen, die Chilischoten anbauten, waren die Azteken und Mayas.<\/span><\/p>\n<p><strong>1000-teiliges Puzzle mit hohem Schwierigkeitsgrad zelebriert den gegenw\u00e4rtigen Moment<\/strong><\/p>\n<p><span style=\"font-weight: 400\">Wenn du dich auf die Puzzleteile, ihre Formen und Schattierungen konzentrierst, ist dein Geist mit dem gegenw\u00e4rtigen Moment verbunden. Du bist hier und jetzt, setzt ein Bild zusammen und das war&#8217;s. Nichts anderes ist wichtig, keine anderen Gedanken dringen in deinen Kopf ein.<\/span><\/p>\n<p><span style=\"font-weight: 400\">Wenn du das letzte St\u00fcck geklebt hast, f\u00fchlst du dich gl\u00fccklich und zufrieden mit dir selbst und m\u00f6chtest diese Momente noch einmal erleben. So bietet dir das 1000-Teile-Puzzle mit hohem Schwierigkeitsgrad ein erstaunliches Erlebnis, das dich entspannt und dir Gl\u00fcck und Optimismus bringt.<\/span><\/p>\n<p><span style=\"font-weight: 400\">Wenn du dich alleine entspannen willst, indem du ein tolles Puzzle zusammensetzt, oder wenn du die Detailgenauigkeit deiner Freunde testen willst, ist das 1000 Teile High Difficult &#8211; Vegetables Puzzle perfekt.<\/span><\/p>\n<p><span style=\"font-weight: 400\">Dieses farbenfrohe und frische 1000-Teile-Puzzle ist auch ein passendes Geschenk f\u00fcr Feiertage oder verschiedene Jubil\u00e4en.<\/span><\/p><\/p>\n","protected":false},"excerpt":{"rendered":"<p>Bringe deine Gedanken in Ordnung, St\u00fcck f\u00fcr St\u00fcck, mit einem 1000er Puzzle von hohem Schwierigkeitsgrad. Vervollst\u00e4ndige ein lebendiges Bild mit<\/p>\n","protected":false},"featured_media":36488,"template":"","meta":[],"product_brand":[],"product_cat":[1916,1875,1915],"product_tag":[],"class_list":{"0":"post-40246","1":"product","2":"type-product","3":"status-publish","4":"has-post-thumbnail","6":"product_cat-1000-teile-puzzle","7":"product_cat-puzzle-de","8":"product_cat-puzzlespiele-fur-erwachsene","9":"pa_brand-d_toys-de","10":"pa_country_of_manufacture-ro-de","11":"pa_filter_age-14-de","12":"pa_painter-high-difficulty","13":"pa_tip_ambalaj-kasten-a4-de","14":"pa_tip_puzzle-klassisch","16":"first","17":"instock","18":"taxable","19":"shipping-taxable","20":"product-type-simple"},"yoast_head":"<!-- This site is optimized with the Yoast SEO plugin v20.1 - https:\/\/yoast.com\/wordpress\/plugins\/seo\/ -->\n<title>Adult Puzzle 1000 pieces High Difficulty - Vegetables<\/title>\n<meta name=\"description\" content=\"Adult Puzzle 1000 pieces High Difficulty - Vegetables\" \/>\n<meta name=\"robots\" content=\"index, follow, max-snippet:-1, max-image-preview:large, max-video-preview:-1\" \/>\n<link rel=\"canonical\" href=\"https:\/\/business.roovi.com\/de\/adult-puzzle-1000-pieces-high-difficulty-vegetables\/p\/\" \/>\n<meta property=\"og:locale\" content=\"de_DE\" \/>\n<meta property=\"og:type\" content=\"article\" \/>\n<meta property=\"og:title\" content=\"Adult Puzzle 1000 pieces High Difficulty - Vegetables\" \/>\n<meta property=\"og:description\" content=\"Adult Puzzle 1000 pieces High Difficulty - Vegetables\" \/>\n<meta property=\"og:url\" content=\"https:\/\/business.roovi.com\/de\/adult-puzzle-1000-pieces-high-difficulty-vegetables\/p\/\" \/>\n<meta property=\"og:site_name\" content=\"Roovi B2B\" \/>\n<meta property=\"article:publisher\" content=\"https:\/\/www.facebook.com\/wwwjucariero\" \/>\n<meta property=\"article:modified_time\" content=\"2022-07-06T14:44:21+00:00\" \/>\n<meta property=\"og:image\" content=\"https:\/\/business.roovi.com\/wp-content\/uploads\/2018\/09\/71958-03-ansamblu_dimensiuni-cutie-cm_orizontal.png\" \/>\n\t<meta property=\"og:image:width\" content=\"820\" \/>\n\t<meta property=\"og:image:height\" content=\"820\" \/>\n\t<meta property=\"og:image:type\" content=\"image\/png\" \/>\n<meta name=\"twitter:label1\" content=\"Gesch\u00e4tzte Lesezeit\" \/>\n\t<meta name=\"twitter:data1\" content=\"3\u00a0Minuten\" \/>\n<script type=\"application\/ld+json\" class=\"yoast-schema-graph\">{\"@context\":\"https:\/\/schema.org\",\"@graph\":[{\"@type\":\"WebPage\",\"@id\":\"https:\/\/business.roovi.com\/de\/adult-puzzle-1000-pieces-high-difficulty-vegetables\/p\/\",\"url\":\"https:\/\/business.roovi.com\/de\/adult-puzzle-1000-pieces-high-difficulty-vegetables\/p\/\",\"name\":\"Adult Puzzle 1000 pieces High Difficulty - Vegetables\",\"isPartOf\":{\"@id\":\"https:\/\/business.roovi.com\/de\/#website\"},\"datePublished\":\"2018-09-05T09:37:32+00:00\",\"dateModified\":\"2022-07-06T14:44:21+00:00\",\"description\":\"Adult Puzzle 1000 pieces High Difficulty - Vegetables\",\"breadcrumb\":{\"@id\":\"https:\/\/business.roovi.com\/de\/adult-puzzle-1000-pieces-high-difficulty-vegetables\/p\/#breadcrumb\"},\"inLanguage\":\"de\",\"potentialAction\":[{\"@type\":\"ReadAction\",\"target\":[\"https:\/\/business.roovi.com\/de\/adult-puzzle-1000-pieces-high-difficulty-vegetables\/p\/\"]}]},{\"@type\":\"BreadcrumbList\",\"@id\":\"https:\/\/business.roovi.com\/de\/adult-puzzle-1000-pieces-high-difficulty-vegetables\/p\/#breadcrumb\",\"itemListElement\":[{\"@type\":\"ListItem\",\"position\":1,\"name\":\"Home\",\"item\":\"https:\/\/business.roovi.com\/de\/\"},{\"@type\":\"ListItem\",\"position\":2,\"name\":\"Shop\",\"item\":\"https:\/\/business.roovi.com\/de\/shop\/\"},{\"@type\":\"ListItem\",\"position\":3,\"name\":\"Adult Puzzle 1000 pieces High Difficulty &#8211; Vegetables\"}]},{\"@type\":\"WebSite\",\"@id\":\"https:\/\/business.roovi.com\/de\/#website\",\"url\":\"https:\/\/business.roovi.com\/de\/\",\"name\":\"Roovi B2B\",\"description\":\"Roovi Business Website\",\"potentialAction\":[{\"@type\":\"SearchAction\",\"target\":{\"@type\":\"EntryPoint\",\"urlTemplate\":\"https:\/\/business.roovi.com\/de\/?s={search_term_string}\"},\"query-input\":\"required name=search_term_string\"}],\"inLanguage\":\"de\"}]}<\/script>\n<!-- \/ Yoast SEO plugin. -->","yoast_head_json":{"title":"Adult Puzzle 1000 pieces High Difficulty - Vegetables","description":"Adult Puzzle 1000 pieces High Difficulty - Vegetables","robots":{"index":"index","follow":"follow","max-snippet":"max-snippet:-1","max-image-preview":"max-image-preview:large","max-video-preview":"max-video-preview:-1"},"canonical":"https:\/\/business.roovi.com\/de\/adult-puzzle-1000-pieces-high-difficulty-vegetables\/p\/","og_locale":"de_DE","og_type":"article","og_title":"Adult Puzzle 1000 pieces High Difficulty - Vegetables","og_description":"Adult Puzzle 1000 pieces High Difficulty - Vegetables","og_url":"https:\/\/business.roovi.com\/de\/adult-puzzle-1000-pieces-high-difficulty-vegetables\/p\/","og_site_name":"Roovi B2B","article_publisher":"https:\/\/www.facebook.com\/wwwjucariero","article_modified_time":"2022-07-06T14:44:21+00:00","og_image":[{"width":820,"height":820,"url":"https:\/\/business.roovi.com\/wp-content\/uploads\/2018\/09\/71958-03-ansamblu_dimensiuni-cutie-cm_orizontal.png","type":"image\/png"}],"twitter_misc":{"Gesch\u00e4tzte Lesezeit":"3\u00a0Minuten"},"schema":{"@context":"https:\/\/schema.org","@graph":[{"@type":"WebPage","@id":"https:\/\/business.roovi.com\/de\/adult-puzzle-1000-pieces-high-difficulty-vegetables\/p\/","url":"https:\/\/business.roovi.com\/de\/adult-puzzle-1000-pieces-high-difficulty-vegetables\/p\/","name":"Adult Puzzle 1000 pieces High Difficulty - Vegetables","isPartOf":{"@id":"https:\/\/business.roovi.com\/de\/#website"},"datePublished":"2018-09-05T09:37:32+00:00","dateModified":"2022-07-06T14:44:21+00:00","description":"Adult Puzzle 1000 pieces High Difficulty - Vegetables","breadcrumb":{"@id":"https:\/\/business.roovi.com\/de\/adult-puzzle-1000-pieces-high-difficulty-vegetables\/p\/#breadcrumb"},"inLanguage":"de","potentialAction":[{"@type":"ReadAction","target":["https:\/\/business.roovi.com\/de\/adult-puzzle-1000-pieces-high-difficulty-vegetables\/p\/"]}]},{"@type":"BreadcrumbList","@id":"https:\/\/business.roovi.com\/de\/adult-puzzle-1000-pieces-high-difficulty-vegetables\/p\/#breadcrumb","itemListElement":[{"@type":"ListItem","position":1,"name":"Home","item":"https:\/\/business.roovi.com\/de\/"},{"@type":"ListItem","position":2,"name":"Shop","item":"https:\/\/business.roovi.com\/de\/shop\/"},{"@type":"ListItem","position":3,"name":"Adult Puzzle 1000 pieces High Difficulty &#8211; Vegetables"}]},{"@type":"WebSite","@id":"https:\/\/business.roovi.com\/de\/#website","url":"https:\/\/business.roovi.com\/de\/","name":"Roovi B2B","description":"Roovi Business Website","potentialAction":[{"@type":"SearchAction","target":{"@type":"EntryPoint","urlTemplate":"https:\/\/business.roovi.com\/de\/?s={search_term_string}"},"query-input":"required name=search_term_string"}],"inLanguage":"de"}]}},"_links":{"self":[{"href":"https:\/\/business.roovi.com\/de\/wp-json\/wp\/v2\/product\/40246","targetHints":{"allow":["GET"]}}],"collection":[{"href":"https:\/\/business.roovi.com\/de\/wp-json\/wp\/v2\/product"}],"about":[{"href":"https:\/\/business.roovi.com\/de\/wp-json\/wp\/v2\/types\/product"}],"version-history":[{"count":0,"href":"https:\/\/business.roovi.com\/de\/wp-json\/wp\/v2\/product\/40246\/revisions"}],"wp:featuredmedia":[{"embeddable":true,"href":"https:\/\/business.roovi.com\/de\/wp-json\/wp\/v2\/media\/36488"}],"wp:attachment":[{"href":"https:\/\/business.roovi.com\/de\/wp-json\/wp\/v2\/media?parent=40246"}],"wp:term":[{"taxonomy":"product_brand","embeddable":true,"href":"https:\/\/business.roovi.com\/de\/wp-json\/wp\/v2\/product_brand?post=40246"},{"taxonomy":"product_cat","embeddable":true,"href":"https:\/\/business.roovi.com\/de\/wp-json\/wp\/v2\/product_cat?post=40246"},{"taxonomy":"product_tag","embeddable":true,"href":"https:\/\/business.roovi.com\/de\/wp-json\/wp\/v2\/product_tag?post=40246"}],"curies":[{"name":"wp","href":"https:\/\/api.w.org\/{rel}","templated":true}]}}