{"id":40250,"date":"2018-09-05T07:24:55","date_gmt":"2018-09-05T07:24:55","guid":{"rendered":"https:\/\/business.roovi.com\/puzzle-adulti-1000-piese-james-tissot-the-shop-girl\/p\/"},"modified":"2022-07-06T14:44:30","modified_gmt":"2022-07-06T14:44:30","slug":"james-tissot-1000-teile-puzzle-fur-erwachsene-the-shop-girl","status":"publish","type":"product","link":"https:\/\/business.roovi.com\/de\/james-tissot-1000-teile-puzzle-fur-erwachsene-the-shop-girl\/p\/","title":{"rendered":"James Tissot 1000 Teile Puzzle f\u00fcr Erwachsene &#8211; The Shop Girl"},"content":{"rendered":"<p><span style=\"font-weight: 400\">Hast du Lust auf eine Herausforderung, die eines R\u00e4tselliebhabers w\u00fcrdig ist? W\u00e4hle 1000-teilige Puzzles aus der gr\u00f6\u00dften Sammlung von Kunstpuzzles, die in Rum\u00e4nien hergestellt werden, und stelle all deine Montagef\u00e4higkeiten auf die Probe.<\/span><\/p>\n<p><span style=\"font-weight: 400\">Das James Tissot &#8211; The Shop Girl Kunstpuzzle ist das Abbild des gleichnamigen Gem\u00e4ldes, das den unverwechselbaren Stil des K\u00fcnstlers widerspiegelt, dessen Leidenschaft es ist, die materielle Welt in Kunstwerken darzustellen. Das Gem\u00e4lde zeigt eine junge Frau in einem Laden, die B\u00e4nder und Kleiderstoffe verkauft. In der einen Hand h\u00e4lt sie das Paket, das sie wahrscheinlich gerade gekauft hat, und mit der anderen Hand h\u00e4lt sie die T\u00fcr offen und l\u00e4dt den Betrachter ein, aus dem Laden zu kommen.<\/span><\/p>\n<p><span style=\"font-weight: 400\">Drinnen im Laden sucht eine junge Verk\u00e4uferin etwas in einem der oberen Regale, und von drau\u00dfen beobachtet ein gut gekleideter Herr sie und bewundert ihre Form. Der K\u00fcnstler scheint einen erotisierten Moment aus dem modernen Paris des 19. Jahrhunderts geschaffen zu haben, das von Mode und Konsum gepr\u00e4gt ist.<\/span><\/p>\n<p><span style=\"font-weight: 400\">Du kannst die Geheimnisse und Symbole dieses wunderbaren Gem\u00e4ldes entr\u00e4tseln, wenn du dich in die Montage wagst. Du kannst einen normalen Couchtisch verwenden, um die St\u00fccke zu st\u00fctzen. Das rekonstruierte Bild ist 50 x 70 cm gro\u00df.<\/span><\/p>\n<p><span style=\"font-weight: 400\">Weitere Merkmale des James Tissot &#8211; The Shop Girl Kunstpuzzles:<\/span><\/p>\n<p><strong>Puzzle-Material <\/strong><\/p>\n<p><strong>hochwertiger blauer Karton<\/strong><\/p>\n<p><strong>nachhaltige, recycelbare Materialien<\/strong><\/p>\n<p><strong>halbgl\u00e4nzende Oberfl\u00e4che, leuchtende Farben<\/strong><\/p>\n<p><strong>Anzahl der Puzzleteile: 1000<\/strong><\/p>\n<p><strong>Empfohlenes Alter: 14+<\/strong><\/p>\n<p><strong>4 Vorteile, die dir Puzzlespiele bieten<\/strong><\/p>\n<p><strong>Hilft dir, dich wieder mit dir selbst zu verbinden <\/strong><span style=\"font-weight: 400\">Tag f\u00fcr Tag bist du in der Hektik der Au\u00dfenwelt verankert, die dich ersch\u00f6pft und dir deine ganze Energie raubt. Wenn du dich wieder mit dir selbst verbinden und ein paar Momente der Ruhe und Besinnung haben m\u00f6chtest, ist ein Kunstpuzzle die perfekte L\u00f6sung.<\/span><\/p>\n<p><strong>Sie verbessern dein Kurzzeitged\u00e4chtnis <\/strong><span style=\"font-weight: 400\">Vergisst du oft, wo du deine Schl\u00fcssel gelassen hast oder wei\u00dft nicht mehr, wo du dein Auto auf dem Supermarktparkplatz abgestellt hast? Puzzlespiele sind ideal, um deinem Ged\u00e4chtnis auf die Spr\u00fcnge zu helfen. Verbringe jeden Tag mindestens 30 Minuten mit dieser entspannenden T\u00e4tigkeit und du wirst sehen, wie sehr sie dir hilft.<\/span><\/p>\n<p><strong>Es hilft dir, gut zu schlafen.<\/strong><span style=\"font-weight: 400\"> 1000-teilige Puzzles helfen dir, deinen Geist von den Alltagssorgen zu befreien und deine Gedanken zu kl\u00e4ren. Setze die Puzzles vor dem Schlafengehen zusammen und du wirst feststellen, dass dein Schlaf viel erholsamer sein wird <\/span><\/p>\n<p><strong>Sie geben dir ein gutes Gef\u00fchl.<\/strong><span style=\"font-weight: 400\"> Der Grund daf\u00fcr, dass du dich beim Puzzeln von 1000 Teilen gut gelaunt und gl\u00fccklich f\u00fchlst, h\u00e4ngt mit Dopamin zusammen. W\u00e4hrend dieser entspannenden Aktivit\u00e4t sch\u00fcttet dein Gehirn mehr von der Substanz aus, die f\u00fcr das Gl\u00fccklichsein verantwortlich ist <\/span><\/p>\n<p><strong>Wusstest du schon von James Tissot?<\/strong><\/p>\n<p><span style=\"font-weight: 400\">Er war ein franz\u00f6sischer Maler, der lange Zeit in England lebte, wo er als Maler der viktorianischen High Society anerkannt war.<\/span><\/p>\n<p><span style=\"font-weight: 400\">Er k\u00e4mpfte im Franz\u00f6sisch-Preu\u00dfischen Krieg <\/span><\/p>\n<p><span style=\"font-weight: 400\">Er wurde auch von der japanischen Kunst beeinflusst. In einigen seiner Werke tauchen japanische Gegenst\u00e4nde und Kost\u00fcme auf.<\/span><\/p>\n<p><span style=\"font-weight: 400\">Nach 1885 begann er nach einer mystischen Erfahrung, das Leben Jesu zu illustrieren. Er reiste ins Heilige Land und schuf rund 350 Gem\u00e4lde mit Themen aus dem Neuen Testament.<\/span><\/p>\n<p><span style=\"font-weight: 400\">Seine Werke, vor allem die mit religi\u00f6sen Themen, wurden h\u00e4ufig in Illustrationen und Filmen verwendet.<\/span><\/p>\n<p><strong>James Tissot Art Puzzle &#8211; The Shop Girl bietet dir Momente der Entspannung mit deinen Liebsten<\/strong><\/p>\n<p><span style=\"font-weight: 400\">Es ist Wochenende und das Wetter ist schlecht, um drinnen zu bleiben? James Tissot &#8211; The Shop Girl 1000 Teile Puzzle hilft dir, die Monotonie zu durchbrechen und deine Zeit kreativ zu verbringen. Ruf deine Freunde an, bereite die duftende hei\u00dfe Schokolade vor und beginne mit der Arbeit an deinem ersten 1000-Teile-Puzzle-Kunstwerk!<\/span><\/p>\n<p><span style=\"font-weight: 400\">Das Zusammenstellen eines k\u00fcnstlerischen Meisterwerks aus Puzzle-Kunst ist eine gro\u00dfartige M\u00f6glichkeit, sich mit deinen Liebsten oder mit deinen besten Freunden zusammenzutun.<\/span><\/p>\n<p><span style=\"font-weight: 400\">Kaufe jetzt James Tissot &#8211; The Shop Girl 1000 Teile Puzzle und genie\u00dfe die Zeit mit deinen Liebsten. Gestalte das atemberaubende Bild in diesem wunderbaren Kunstpuzzle nach und bewundere jeden Tag ein faszinierendes Kunstwerk.<\/span><\/p>\n<p><span style=\"font-weight: 400\">Du suchst nach einem Geschenk f\u00fcr einen lieben Freund und hast keine Inspiration? James Tissot &#8211; Das Shop Girl Kunstr\u00e4tsel wird dich aus der Patsche helfen. Verschenke sie zu verschiedenen festlichen Anl\u00e4ssen und zaubere ein L\u00e4cheln auf die Gesichter deiner Freunde.<\/span><\/p><\/p>\n","protected":false},"excerpt":{"rendered":"<p>Hast du Lust auf eine Herausforderung, die eines R\u00e4tselliebhabers w\u00fcrdig ist? W\u00e4hle 1000-teilige Puzzles aus der gr\u00f6\u00dften Sammlung von Kunstpuzzles,<\/p>\n","protected":false},"featured_media":36484,"template":"","meta":[],"product_brand":[],"product_cat":[1916,1875,1915],"product_tag":[],"class_list":{"0":"post-40250","1":"product","2":"type-product","3":"status-publish","4":"has-post-thumbnail","6":"product_cat-1000-teile-puzzle","7":"product_cat-puzzle-de","8":"product_cat-puzzlespiele-fur-erwachsene","9":"pa_brand-d_toys-de","10":"pa_country_of_manufacture-ro-de","11":"pa_filter_age-14-de","12":"pa_painter-james-tissot","13":"pa_tip_ambalaj-kasten-a4-de","14":"pa_tip_puzzle-klassisch","16":"first","17":"instock","18":"taxable","19":"shipping-taxable","20":"product-type-simple"},"yoast_head":"<!-- This site is optimized with the Yoast SEO plugin v20.1 - https:\/\/yoast.com\/wordpress\/plugins\/seo\/ -->\n<title>James Tissot 1000 Teile Puzzle f\u00fcr Erwachsene - The Shop Girl<\/title>\n<meta name=\"description\" content=\"James Tissot 1000 Teile Puzzle f\u00fcr Erwachsene - The Shop Girl\" \/>\n<meta name=\"robots\" content=\"index, follow, max-snippet:-1, max-image-preview:large, max-video-preview:-1\" \/>\n<link rel=\"canonical\" href=\"https:\/\/business.roovi.com\/de\/james-tissot-1000-teile-puzzle-fur-erwachsene-the-shop-girl\/p\/\" \/>\n<meta property=\"og:locale\" content=\"de_DE\" \/>\n<meta property=\"og:type\" content=\"article\" \/>\n<meta property=\"og:title\" content=\"James Tissot 1000 Teile Puzzle f\u00fcr Erwachsene - The Shop Girl\" \/>\n<meta property=\"og:description\" content=\"James Tissot 1000 Teile Puzzle f\u00fcr Erwachsene - The Shop Girl\" \/>\n<meta property=\"og:url\" content=\"https:\/\/business.roovi.com\/de\/james-tissot-1000-teile-puzzle-fur-erwachsene-the-shop-girl\/p\/\" \/>\n<meta property=\"og:site_name\" content=\"Roovi B2B\" \/>\n<meta property=\"article:publisher\" content=\"https:\/\/www.facebook.com\/wwwjucariero\" \/>\n<meta property=\"article:modified_time\" content=\"2022-07-06T14:44:30+00:00\" \/>\n<meta property=\"og:image\" content=\"https:\/\/business.roovi.com\/wp-content\/uploads\/2018\/09\/p1000_73822co01-72771ti03_64x88_r700_no_stanc2.jpg\" \/>\n\t<meta property=\"og:image:width\" content=\"1200\" \/>\n\t<meta property=\"og:image:height\" content=\"1200\" \/>\n\t<meta property=\"og:image:type\" content=\"image\/jpeg\" \/>\n<meta name=\"twitter:label1\" content=\"Gesch\u00e4tzte Lesezeit\" \/>\n\t<meta name=\"twitter:data1\" content=\"4\u00a0Minuten\" \/>\n<script type=\"application\/ld+json\" class=\"yoast-schema-graph\">{\"@context\":\"https:\/\/schema.org\",\"@graph\":[{\"@type\":\"WebPage\",\"@id\":\"https:\/\/business.roovi.com\/de\/james-tissot-1000-teile-puzzle-fur-erwachsene-the-shop-girl\/p\/\",\"url\":\"https:\/\/business.roovi.com\/de\/james-tissot-1000-teile-puzzle-fur-erwachsene-the-shop-girl\/p\/\",\"name\":\"James Tissot 1000 Teile Puzzle f\u00fcr Erwachsene - The Shop Girl\",\"isPartOf\":{\"@id\":\"https:\/\/business.roovi.com\/de\/#website\"},\"datePublished\":\"2018-09-05T07:24:55+00:00\",\"dateModified\":\"2022-07-06T14:44:30+00:00\",\"description\":\"James Tissot 1000 Teile Puzzle f\u00fcr Erwachsene - The Shop Girl\",\"breadcrumb\":{\"@id\":\"https:\/\/business.roovi.com\/de\/james-tissot-1000-teile-puzzle-fur-erwachsene-the-shop-girl\/p\/#breadcrumb\"},\"inLanguage\":\"de\",\"potentialAction\":[{\"@type\":\"ReadAction\",\"target\":[\"https:\/\/business.roovi.com\/de\/james-tissot-1000-teile-puzzle-fur-erwachsene-the-shop-girl\/p\/\"]}]},{\"@type\":\"BreadcrumbList\",\"@id\":\"https:\/\/business.roovi.com\/de\/james-tissot-1000-teile-puzzle-fur-erwachsene-the-shop-girl\/p\/#breadcrumb\",\"itemListElement\":[{\"@type\":\"ListItem\",\"position\":1,\"name\":\"Home\",\"item\":\"https:\/\/business.roovi.com\/de\/\"},{\"@type\":\"ListItem\",\"position\":2,\"name\":\"Shop\",\"item\":\"https:\/\/business.roovi.com\/de\/shop\/\"},{\"@type\":\"ListItem\",\"position\":3,\"name\":\"James Tissot 1000 Teile Puzzle f\u00fcr Erwachsene &#8211; The Shop Girl\"}]},{\"@type\":\"WebSite\",\"@id\":\"https:\/\/business.roovi.com\/de\/#website\",\"url\":\"https:\/\/business.roovi.com\/de\/\",\"name\":\"Roovi B2B\",\"description\":\"Roovi Business Website\",\"potentialAction\":[{\"@type\":\"SearchAction\",\"target\":{\"@type\":\"EntryPoint\",\"urlTemplate\":\"https:\/\/business.roovi.com\/de\/?s={search_term_string}\"},\"query-input\":\"required name=search_term_string\"}],\"inLanguage\":\"de\"}]}<\/script>\n<!-- \/ Yoast SEO plugin. -->","yoast_head_json":{"title":"James Tissot 1000 Teile Puzzle f\u00fcr Erwachsene - The Shop Girl","description":"James Tissot 1000 Teile Puzzle f\u00fcr Erwachsene - The Shop Girl","robots":{"index":"index","follow":"follow","max-snippet":"max-snippet:-1","max-image-preview":"max-image-preview:large","max-video-preview":"max-video-preview:-1"},"canonical":"https:\/\/business.roovi.com\/de\/james-tissot-1000-teile-puzzle-fur-erwachsene-the-shop-girl\/p\/","og_locale":"de_DE","og_type":"article","og_title":"James Tissot 1000 Teile Puzzle f\u00fcr Erwachsene - The Shop Girl","og_description":"James Tissot 1000 Teile Puzzle f\u00fcr Erwachsene - The Shop Girl","og_url":"https:\/\/business.roovi.com\/de\/james-tissot-1000-teile-puzzle-fur-erwachsene-the-shop-girl\/p\/","og_site_name":"Roovi B2B","article_publisher":"https:\/\/www.facebook.com\/wwwjucariero","article_modified_time":"2022-07-06T14:44:30+00:00","og_image":[{"width":1200,"height":1200,"url":"https:\/\/business.roovi.com\/wp-content\/uploads\/2018\/09\/p1000_73822co01-72771ti03_64x88_r700_no_stanc2.jpg","type":"image\/jpeg"}],"twitter_misc":{"Gesch\u00e4tzte Lesezeit":"4\u00a0Minuten"},"schema":{"@context":"https:\/\/schema.org","@graph":[{"@type":"WebPage","@id":"https:\/\/business.roovi.com\/de\/james-tissot-1000-teile-puzzle-fur-erwachsene-the-shop-girl\/p\/","url":"https:\/\/business.roovi.com\/de\/james-tissot-1000-teile-puzzle-fur-erwachsene-the-shop-girl\/p\/","name":"James Tissot 1000 Teile Puzzle f\u00fcr Erwachsene - The Shop Girl","isPartOf":{"@id":"https:\/\/business.roovi.com\/de\/#website"},"datePublished":"2018-09-05T07:24:55+00:00","dateModified":"2022-07-06T14:44:30+00:00","description":"James Tissot 1000 Teile Puzzle f\u00fcr Erwachsene - The Shop Girl","breadcrumb":{"@id":"https:\/\/business.roovi.com\/de\/james-tissot-1000-teile-puzzle-fur-erwachsene-the-shop-girl\/p\/#breadcrumb"},"inLanguage":"de","potentialAction":[{"@type":"ReadAction","target":["https:\/\/business.roovi.com\/de\/james-tissot-1000-teile-puzzle-fur-erwachsene-the-shop-girl\/p\/"]}]},{"@type":"BreadcrumbList","@id":"https:\/\/business.roovi.com\/de\/james-tissot-1000-teile-puzzle-fur-erwachsene-the-shop-girl\/p\/#breadcrumb","itemListElement":[{"@type":"ListItem","position":1,"name":"Home","item":"https:\/\/business.roovi.com\/de\/"},{"@type":"ListItem","position":2,"name":"Shop","item":"https:\/\/business.roovi.com\/de\/shop\/"},{"@type":"ListItem","position":3,"name":"James Tissot 1000 Teile Puzzle f\u00fcr Erwachsene &#8211; The Shop Girl"}]},{"@type":"WebSite","@id":"https:\/\/business.roovi.com\/de\/#website","url":"https:\/\/business.roovi.com\/de\/","name":"Roovi B2B","description":"Roovi Business Website","potentialAction":[{"@type":"SearchAction","target":{"@type":"EntryPoint","urlTemplate":"https:\/\/business.roovi.com\/de\/?s={search_term_string}"},"query-input":"required name=search_term_string"}],"inLanguage":"de"}]}},"_links":{"self":[{"href":"https:\/\/business.roovi.com\/de\/wp-json\/wp\/v2\/product\/40250","targetHints":{"allow":["GET"]}}],"collection":[{"href":"https:\/\/business.roovi.com\/de\/wp-json\/wp\/v2\/product"}],"about":[{"href":"https:\/\/business.roovi.com\/de\/wp-json\/wp\/v2\/types\/product"}],"version-history":[{"count":0,"href":"https:\/\/business.roovi.com\/de\/wp-json\/wp\/v2\/product\/40250\/revisions"}],"wp:featuredmedia":[{"embeddable":true,"href":"https:\/\/business.roovi.com\/de\/wp-json\/wp\/v2\/media\/36484"}],"wp:attachment":[{"href":"https:\/\/business.roovi.com\/de\/wp-json\/wp\/v2\/media?parent=40250"}],"wp:term":[{"taxonomy":"product_brand","embeddable":true,"href":"https:\/\/business.roovi.com\/de\/wp-json\/wp\/v2\/product_brand?post=40250"},{"taxonomy":"product_cat","embeddable":true,"href":"https:\/\/business.roovi.com\/de\/wp-json\/wp\/v2\/product_cat?post=40250"},{"taxonomy":"product_tag","embeddable":true,"href":"https:\/\/business.roovi.com\/de\/wp-json\/wp\/v2\/product_tag?post=40250"}],"curies":[{"name":"wp","href":"https:\/\/api.w.org\/{rel}","templated":true}]}}