{"id":40254,"date":"2018-09-04T09:57:02","date_gmt":"2018-09-04T09:57:02","guid":{"rendered":"https:\/\/business.roovi.com\/puzzle-adulti-1000-piese-edgar-degas-the-dance-foyer-at-the-opera\/p\/"},"modified":"2022-10-18T10:16:24","modified_gmt":"2022-10-18T10:16:24","slug":"1000-teile-edgar-degas-puzzle-fur-erwachsene-das-tanzfoyer-der-oper","status":"publish","type":"product","link":"https:\/\/business.roovi.com\/de\/1000-teile-edgar-degas-puzzle-fur-erwachsene-das-tanzfoyer-der-oper\/p\/","title":{"rendered":"1000 Teile Edgar Degas Puzzle f\u00fcr Erwachsene &#8211; Das Tanzfoyer der Oper"},"content":{"rendered":"<p><strong><em>Du suchst nach einem Mittel gegen Langeweile? Die Puzzles in der Kunstpuzzle-Kollektion werden dich aus deiner Komfortzone herausholen und dir die faszinierende Welt ber\u00fchmter Gem\u00e4lde zeigen.<\/em><\/strong><\/p>\n<p><span style=\"font-weight: 400;\">Das 1000 Teile Puzzle Edgar Degas &#8211; The Dance Foyer at The Opera stellt das Bild eines der ber\u00fchmten Gem\u00e4lde des franz\u00f6sischen Malers nach, der von der Anmut der Ballerinas fasziniert war. Edgar Degas ist daf\u00fcr bekannt, dass er jede Geste, jede Bewegung und jede Position der T\u00e4nzerinnen und T\u00e4nzer meisterhaft skizzierte und dann all diese Elemente in Gem\u00e4lden von atemberaubender Eleganz zusammenbrachte.<\/span><\/p>\n<p><span style=\"font-weight: 400;\">Als Meister der Darstellung von Bewegung in der Malerei hielt Degas in seinen Gem\u00e4lden nicht nur die bekannten Ballerinas und badenden Frauen fest, sondern auch andere Motive wie Rennpferde und Portr\u00e4ts. Letztere zeichnen sich durch ihre psychologische Komplexit\u00e4t aus und verdeutlichen manchmal die menschliche Isolation.<\/span><\/p>\n<p><span style=\"font-weight: 400;\">Setze das 1000-teilige Puzzle The Dance Foyer at The Opera zusammen und bewundere in aller Ruhe die Feinheiten eines spektakul\u00e4ren Gem\u00e4ldes. Au\u00dferdem kannst du das Bild in ein Sammlerst\u00fcck verwandeln, das deinem Zuhause einen edlen Touch verleiht.<\/span><\/p>\n<p><strong>Merkmale 1000 Teile Puzzle Edgar Degas &#8211; Das Tanzfoyer in der Oper<\/strong><\/p>\n<p><strong>Gr\u00f6\u00dfe des rekonstruierten Bildes: 68 x 47 cm<\/strong><\/p>\n<p><strong>Puzzle-Material <\/strong><\/p>\n<p><strong>hochwertiger blauer Karton<\/strong><\/p>\n<p><strong>nachhaltige, recycelbare Materialien<\/strong><\/p>\n<p><strong>halbgl\u00e4nzende Oberfl\u00e4che, leuchtende Farben<\/strong><\/p>\n<p><strong>Anzahl der Puzzleteile: 1000<\/strong><\/p>\n<p><strong>Empfohlenes Alter: 14+<\/strong><\/p>\n<p><span style=\"font-weight: 400;\">Puzzlespiele sind eine tolle M\u00f6glichkeit, sich zu entspannen und zu entwickeln:<\/span><\/p>\n<ul>\n<li><span style=\"font-weight: 400;\">Es f\u00f6rdert deine Aufmerksamkeit f\u00fcr Details und deine Ausdauer.<\/span><\/li>\n<li><span style=\"font-weight: 400;\">Es lehrt dich, geduldig zu sein, und gibt dir die Genugtuung, ein bestimmtes Ziel zu erreichen.<\/span><\/li>\n<li><span style=\"font-weight: 400;\">Es beansprucht beide Gehirnh\u00e4lften und h\u00e4lt dein Ged\u00e4chtnis fit.<\/span><\/li>\n<li><span style=\"font-weight: 400;\">Es trennt dich von deinen Bildschirmen und hilft dir, die Freude an den einfachen Dingen wiederzuentdecken.<\/span><\/li>\n<li><span style=\"font-weight: 400;\">Es kann eine M\u00f6glichkeit sein, Kontakte zu kn\u00fcpfen und seinen Lieben n\u00e4her zu kommen.<\/span><\/li>\n<\/ul>\n<p><strong>Wusstest du, dass..<\/strong><\/p>\n<p><span style=\"font-weight: 400;\">Obwohl Edgar Degas als einer der Begr\u00fcnder des Impressionismus gilt, lehnte er diese Bezeichnung ab und zog es vor, als realistischer Maler bezeichnet zu werden.<\/span><\/p>\n<p><span style=\"font-weight: 400;\">Seine dynamischen Werke mit Szenen aus verschiedenen Orten entstehen im Atelier und nicht im Freien, wie es f\u00fcr die Impressionisten typisch war.<\/span><\/p>\n<p><span style=\"font-weight: 400;\">Neben Gem\u00e4lden schuf Degas auch zahlreiche Bronzeskulpturen, Stiche und Zeichnungen <\/span><\/p>\n<p><span style=\"font-weight: 400;\">In seiner Jugend kopierte er ber\u00fchmte Werke, die im Louvre ausgestellt waren.<\/span><\/p>\n<p><span style=\"font-weight: 400;\">Er war ein lebenslanger Junggeselle und es sind nicht viele Details \u00fcber sein Privatleben bekannt. Manet sagte von sich selbst, er sei <\/span><span style=\"font-weight: 400;\">&#8222;<\/span><span style=\"font-weight: 400;\">unf\u00e4hig, eine Frau zu lieben<\/span><span style=\"font-weight: 400;\">&#8222;<\/span><span style=\"font-weight: 400;\">.<\/span><\/p>\n<p><strong>The Dance Foyer at The Opera 1000 Teile Puzzle f\u00fcr ein tief entspannendes Erlebnis<\/strong><\/p>\n<p><span style=\"font-weight: 400;\">Die Versammlungsaktivit\u00e4t ist eine M\u00f6glichkeit, aus deinem Alltag auszusteigen und tief zu entspannen. Die Suche nach den richtigen St\u00fccken bringt deinen Geist in einen intensiven Fokus und alle negativen Gedanken und Alltagssorgen verschwinden auf magische Weise. Du lebst in der Gegenwart und erf\u00e4hrst ein Gef\u00fchl der Ruhe und Losgel\u00f6stheit von der Hektik des Alltags. Am Ende, wenn das 1000-teilige Puzzlebild fertig ist, bist du gl\u00fccklich und vertraust auf deine eigene St\u00e4rke und m\u00f6chtest die Erfahrung immer wieder wiederholen.<\/span><\/p>\n<p><span style=\"font-weight: 400;\">Du hast viele Gr\u00fcnde, dich f\u00fcr das Edgar Degas &#8211; The Dance Foyer at The Opera Kunstr\u00e4tsel zu entscheiden. Du kannst es zu Hause aufbewahren und das Bild immer wieder neu gestalten, wenn du das Bed\u00fcrfnis nach einer kreativen Herausforderung versp\u00fcrst. Du kannst es mit deiner Familie oder deinen Freunden genie\u00dfen oder es unter den Weihnachtsbaum legen und zu einem tollen Geschenk f\u00fcr R\u00e4tselfreunde machen.<\/span><\/p>\n","protected":false},"excerpt":{"rendered":"<p>Du suchst nach einem Mittel gegen Langeweile? Die Puzzles in der Kunstpuzzle-Kollektion werden dich aus deiner Komfortzone herausholen und dir<\/p>\n","protected":false},"featured_media":63467,"template":"","meta":[],"product_brand":[],"product_cat":[1916,1875,1915],"product_tag":[],"class_list":{"0":"post-40254","1":"product","2":"type-product","3":"status-publish","4":"has-post-thumbnail","6":"product_cat-1000-teile-puzzle","7":"product_cat-puzzle-de","8":"product_cat-puzzlespiele-fur-erwachsene","9":"pa_brand-d_toys-de","10":"pa_country_of_manufacture-ro-de","11":"pa_filter_age-14-de","12":"pa_painter-edgardegas-de","13":"pa_tip_ambalaj-kasten-a4-de","14":"pa_tip_puzzle-klassisch","16":"first","17":"instock","18":"taxable","19":"shipping-taxable","20":"product-type-simple"},"yoast_head":"<!-- This site is optimized with the Yoast SEO plugin v20.1 - https:\/\/yoast.com\/wordpress\/plugins\/seo\/ -->\n<title>1000 Teile Edgar Degas Puzzle f\u00fcr Erwachsene - Das Tanzfoyer der Oper<\/title>\n<meta name=\"description\" content=\"1000 Teile Edgar Degas Puzzle f\u00fcr Erwachsene - Das Tanzfoyer der Oper\" \/>\n<meta name=\"robots\" content=\"index, follow, max-snippet:-1, max-image-preview:large, max-video-preview:-1\" \/>\n<link rel=\"canonical\" href=\"https:\/\/business.roovi.com\/de\/1000-teile-edgar-degas-puzzle-fur-erwachsene-das-tanzfoyer-der-oper\/p\/\" \/>\n<meta property=\"og:locale\" content=\"de_DE\" \/>\n<meta property=\"og:type\" content=\"article\" \/>\n<meta property=\"og:title\" content=\"1000 Teile Edgar Degas Puzzle f\u00fcr Erwachsene - Das Tanzfoyer der Oper\" \/>\n<meta property=\"og:description\" content=\"1000 Teile Edgar Degas Puzzle f\u00fcr Erwachsene - Das Tanzfoyer der Oper\" \/>\n<meta property=\"og:url\" content=\"https:\/\/business.roovi.com\/de\/1000-teile-edgar-degas-puzzle-fur-erwachsene-das-tanzfoyer-der-oper\/p\/\" \/>\n<meta property=\"og:site_name\" content=\"Roovi B2B\" \/>\n<meta property=\"article:publisher\" content=\"https:\/\/www.facebook.com\/wwwjucariero\" \/>\n<meta property=\"article:modified_time\" content=\"2022-10-18T10:16:24+00:00\" \/>\n<meta property=\"og:image\" content=\"https:\/\/business.roovi.com\/wp-content\/uploads\/2018\/09\/72801-03-ansamblu_dimensiuni-cutie-cm_orizontal.png\" \/>\n\t<meta property=\"og:image:width\" content=\"1200\" \/>\n\t<meta property=\"og:image:height\" content=\"1200\" \/>\n\t<meta property=\"og:image:type\" content=\"image\/png\" \/>\n<meta name=\"twitter:label1\" content=\"Gesch\u00e4tzte Lesezeit\" \/>\n\t<meta name=\"twitter:data1\" content=\"3\u00a0Minuten\" \/>\n<script type=\"application\/ld+json\" class=\"yoast-schema-graph\">{\"@context\":\"https:\/\/schema.org\",\"@graph\":[{\"@type\":\"WebPage\",\"@id\":\"https:\/\/business.roovi.com\/de\/1000-teile-edgar-degas-puzzle-fur-erwachsene-das-tanzfoyer-der-oper\/p\/\",\"url\":\"https:\/\/business.roovi.com\/de\/1000-teile-edgar-degas-puzzle-fur-erwachsene-das-tanzfoyer-der-oper\/p\/\",\"name\":\"1000 Teile Edgar Degas Puzzle f\u00fcr Erwachsene - Das Tanzfoyer der Oper\",\"isPartOf\":{\"@id\":\"https:\/\/business.roovi.com\/de\/#website\"},\"datePublished\":\"2018-09-04T09:57:02+00:00\",\"dateModified\":\"2022-10-18T10:16:24+00:00\",\"description\":\"1000 Teile Edgar Degas Puzzle f\u00fcr Erwachsene - Das Tanzfoyer der Oper\",\"breadcrumb\":{\"@id\":\"https:\/\/business.roovi.com\/de\/1000-teile-edgar-degas-puzzle-fur-erwachsene-das-tanzfoyer-der-oper\/p\/#breadcrumb\"},\"inLanguage\":\"de\",\"potentialAction\":[{\"@type\":\"ReadAction\",\"target\":[\"https:\/\/business.roovi.com\/de\/1000-teile-edgar-degas-puzzle-fur-erwachsene-das-tanzfoyer-der-oper\/p\/\"]}]},{\"@type\":\"BreadcrumbList\",\"@id\":\"https:\/\/business.roovi.com\/de\/1000-teile-edgar-degas-puzzle-fur-erwachsene-das-tanzfoyer-der-oper\/p\/#breadcrumb\",\"itemListElement\":[{\"@type\":\"ListItem\",\"position\":1,\"name\":\"Home\",\"item\":\"https:\/\/business.roovi.com\/de\/\"},{\"@type\":\"ListItem\",\"position\":2,\"name\":\"Shop\",\"item\":\"https:\/\/business.roovi.com\/de\/shop\/\"},{\"@type\":\"ListItem\",\"position\":3,\"name\":\"1000 Teile Edgar Degas Puzzle f\u00fcr Erwachsene &#8211; Das Tanzfoyer der Oper\"}]},{\"@type\":\"WebSite\",\"@id\":\"https:\/\/business.roovi.com\/de\/#website\",\"url\":\"https:\/\/business.roovi.com\/de\/\",\"name\":\"Roovi B2B\",\"description\":\"Roovi Business Website\",\"potentialAction\":[{\"@type\":\"SearchAction\",\"target\":{\"@type\":\"EntryPoint\",\"urlTemplate\":\"https:\/\/business.roovi.com\/de\/?s={search_term_string}\"},\"query-input\":\"required name=search_term_string\"}],\"inLanguage\":\"de\"}]}<\/script>\n<!-- \/ Yoast SEO plugin. -->","yoast_head_json":{"title":"1000 Teile Edgar Degas Puzzle f\u00fcr Erwachsene - Das Tanzfoyer der Oper","description":"1000 Teile Edgar Degas Puzzle f\u00fcr Erwachsene - Das Tanzfoyer der Oper","robots":{"index":"index","follow":"follow","max-snippet":"max-snippet:-1","max-image-preview":"max-image-preview:large","max-video-preview":"max-video-preview:-1"},"canonical":"https:\/\/business.roovi.com\/de\/1000-teile-edgar-degas-puzzle-fur-erwachsene-das-tanzfoyer-der-oper\/p\/","og_locale":"de_DE","og_type":"article","og_title":"1000 Teile Edgar Degas Puzzle f\u00fcr Erwachsene - Das Tanzfoyer der Oper","og_description":"1000 Teile Edgar Degas Puzzle f\u00fcr Erwachsene - Das Tanzfoyer der Oper","og_url":"https:\/\/business.roovi.com\/de\/1000-teile-edgar-degas-puzzle-fur-erwachsene-das-tanzfoyer-der-oper\/p\/","og_site_name":"Roovi B2B","article_publisher":"https:\/\/www.facebook.com\/wwwjucariero","article_modified_time":"2022-10-18T10:16:24+00:00","og_image":[{"width":1200,"height":1200,"url":"https:\/\/business.roovi.com\/wp-content\/uploads\/2018\/09\/72801-03-ansamblu_dimensiuni-cutie-cm_orizontal.png","type":"image\/png"}],"twitter_misc":{"Gesch\u00e4tzte Lesezeit":"3\u00a0Minuten"},"schema":{"@context":"https:\/\/schema.org","@graph":[{"@type":"WebPage","@id":"https:\/\/business.roovi.com\/de\/1000-teile-edgar-degas-puzzle-fur-erwachsene-das-tanzfoyer-der-oper\/p\/","url":"https:\/\/business.roovi.com\/de\/1000-teile-edgar-degas-puzzle-fur-erwachsene-das-tanzfoyer-der-oper\/p\/","name":"1000 Teile Edgar Degas Puzzle f\u00fcr Erwachsene - Das Tanzfoyer der Oper","isPartOf":{"@id":"https:\/\/business.roovi.com\/de\/#website"},"datePublished":"2018-09-04T09:57:02+00:00","dateModified":"2022-10-18T10:16:24+00:00","description":"1000 Teile Edgar Degas Puzzle f\u00fcr Erwachsene - Das Tanzfoyer der Oper","breadcrumb":{"@id":"https:\/\/business.roovi.com\/de\/1000-teile-edgar-degas-puzzle-fur-erwachsene-das-tanzfoyer-der-oper\/p\/#breadcrumb"},"inLanguage":"de","potentialAction":[{"@type":"ReadAction","target":["https:\/\/business.roovi.com\/de\/1000-teile-edgar-degas-puzzle-fur-erwachsene-das-tanzfoyer-der-oper\/p\/"]}]},{"@type":"BreadcrumbList","@id":"https:\/\/business.roovi.com\/de\/1000-teile-edgar-degas-puzzle-fur-erwachsene-das-tanzfoyer-der-oper\/p\/#breadcrumb","itemListElement":[{"@type":"ListItem","position":1,"name":"Home","item":"https:\/\/business.roovi.com\/de\/"},{"@type":"ListItem","position":2,"name":"Shop","item":"https:\/\/business.roovi.com\/de\/shop\/"},{"@type":"ListItem","position":3,"name":"1000 Teile Edgar Degas Puzzle f\u00fcr Erwachsene &#8211; Das Tanzfoyer der Oper"}]},{"@type":"WebSite","@id":"https:\/\/business.roovi.com\/de\/#website","url":"https:\/\/business.roovi.com\/de\/","name":"Roovi B2B","description":"Roovi Business Website","potentialAction":[{"@type":"SearchAction","target":{"@type":"EntryPoint","urlTemplate":"https:\/\/business.roovi.com\/de\/?s={search_term_string}"},"query-input":"required name=search_term_string"}],"inLanguage":"de"}]}},"_links":{"self":[{"href":"https:\/\/business.roovi.com\/de\/wp-json\/wp\/v2\/product\/40254","targetHints":{"allow":["GET"]}}],"collection":[{"href":"https:\/\/business.roovi.com\/de\/wp-json\/wp\/v2\/product"}],"about":[{"href":"https:\/\/business.roovi.com\/de\/wp-json\/wp\/v2\/types\/product"}],"version-history":[{"count":0,"href":"https:\/\/business.roovi.com\/de\/wp-json\/wp\/v2\/product\/40254\/revisions"}],"wp:featuredmedia":[{"embeddable":true,"href":"https:\/\/business.roovi.com\/de\/wp-json\/wp\/v2\/media\/63467"}],"wp:attachment":[{"href":"https:\/\/business.roovi.com\/de\/wp-json\/wp\/v2\/media?parent=40254"}],"wp:term":[{"taxonomy":"product_brand","embeddable":true,"href":"https:\/\/business.roovi.com\/de\/wp-json\/wp\/v2\/product_brand?post=40254"},{"taxonomy":"product_cat","embeddable":true,"href":"https:\/\/business.roovi.com\/de\/wp-json\/wp\/v2\/product_cat?post=40254"},{"taxonomy":"product_tag","embeddable":true,"href":"https:\/\/business.roovi.com\/de\/wp-json\/wp\/v2\/product_tag?post=40254"}],"curies":[{"name":"wp","href":"https:\/\/api.w.org\/{rel}","templated":true}]}}