{"id":40258,"date":"2018-09-04T08:48:05","date_gmt":"2018-09-04T08:48:05","guid":{"rendered":"https:\/\/business.roovi.com\/puzzle-adulti-1000-piese-edouard-manet-the-banks-of-the-seine-at-argenteuil\/p\/"},"modified":"2022-07-06T14:44:43","modified_gmt":"2022-07-06T14:44:43","slug":"1000-teile-puzzle-fur-erwachsene-edouard-manet-die-ufer-der-seine-bei-argenteuil","status":"publish","type":"product","link":"https:\/\/business.roovi.com\/de\/1000-teile-puzzle-fur-erwachsene-edouard-manet-die-ufer-der-seine-bei-argenteuil\/p\/","title":{"rendered":"1000-Teile-Puzzle f\u00fcr Erwachsene \u00c9douard Manet &#8211; Die Ufer der Seine bei Argenteuil"},"content":{"rendered":"<p><span style=\"font-weight: 400\">Willst du dich entspannen und von deinen Bildschirmen abschalten? Baue Kunstpuzzles zusammen. Sie halten dich auf Trab und entf\u00fchren dich in die magische Welt der ber\u00fchmten Gem\u00e4lde. Au\u00dferdem hast du die M\u00f6glichkeit, besondere Deko-Objekte mit deinen eigenen H\u00e4nden herzustellen <\/span><\/p>\n<p><span style=\"font-weight: 400\">Wenn du dein ganz pers\u00f6nliches Meisterwerk haben m\u00f6chtest, haben wir eine tolle Empfehlung f\u00fcr dich: das Kunstpuzzle \u00c9douard Manet &#8211; Das Seine-Ufer bei Argenteuil. Der franz\u00f6sische Maler schuf das Werk auf diesem Bild anl\u00e4sslich eines Besuchs bei seinem Freund Claude Monet, als dieser in Argenteuil lebte <\/span><\/p>\n<p><span style=\"font-weight: 400\">W\u00e4hrend Monet dazu neigte, die industrielle Revolution und die Ausbreitung der St\u00e4dte zu besch\u00f6nigen, malt Manet ein Bild, das n\u00e4her an der Alltagsrealit\u00e4t ist und Elemente der Industrialisierung in den Schornsteinen der Fabriken am Horizont zeigt. Die Frau und das Kind auf dem Bild k\u00f6nnten durchaus Monets Frau und Sohn gewesen sein.<\/span><\/p>\n<p><span style=\"font-weight: 400\">Dieses 1000-teilige Puzzle ist aus hochwertigen Materialien gefertigt, die dir bei jedem Gebrauch eine lange Lebensdauer garantieren. Wenn du das Bild mehrmals \u00fcberarbeitest, bekommst du jedes Mal ein bemerkenswertes Bild. F\u00fcr die Montage kannst du einen normalen Couchtisch verwenden.<\/span><\/p>\n<p><span style=\"font-weight: 400\">Weitere Merkmale des Kunstpuzzles \u00c9douard Manet &#8211; Die Ufer der Seine in Argenteuil <\/span><\/p>\n<p><strong>Gr\u00f6\u00dfe des rekonstruierten Bildes: 50 x 70 cm.<\/strong><\/p>\n<p><strong>Puzzle-Material <\/strong><\/p>\n<p><strong>hochwertiger blauer Karton<\/strong><\/p>\n<p><strong>nachhaltige, recycelbare Materialien<\/strong><\/p>\n<p><strong>halbgl\u00e4nzende Oberfl\u00e4che, leuchtende Farben<\/strong><\/p>\n<p><strong>Anzahl der Puzzleteile: 1000<\/strong><\/p>\n<p><strong>Empfohlenes Alter: 14+<\/strong><\/p>\n<p><strong>5 F\u00e4higkeiten, die du mit Puzzles entwickelst<\/strong><\/p>\n<p><strong>Liebe zum Detail<\/strong><span style=\"font-weight: 400\"> du f\u00fchlst dich wie ein echter Detektiv, der in dem 1000-Teile-Puzzle nach Hinweisen sucht.<\/span><\/p>\n<p><strong>Beharrlichkeit<\/strong><span style=\"font-weight: 400\"> was zu einem Erfolgserlebnis f\u00fchren wird, wenn du das 1000-Teile-Puzzle fertiggestellt hast.<\/span><\/p>\n<p><strong>Kurzzeitged\u00e4chtnis<\/strong><span style=\"font-weight: 400\"> indem du die Teile ausw\u00e4hlst und dir einpr\u00e4gst, wo sie hingeh\u00f6ren.<\/span><\/p>\n<p><strong>Logik<\/strong><span style=\"font-weight: 400\"> indem du Teile mit \u00e4hnlichen Formen verbindest.<\/span><\/p>\n<p><strong>Geduld<\/strong><span style=\"font-weight: 400\"> der dir beibringt, dass du dein Ziel nur in kleinen Schritten erreichen kannst und die ganze Reise genie\u00dfen musst.<\/span><\/p>\n<p><strong>Einige Fakten, die du nicht \u00fcber Manet wusstest<\/strong><\/p>\n<p><span style=\"font-weight: 400\">Er stammte aus einer wohlhabenden, b\u00fcrgerlichen Familie.<\/span><\/p>\n<p><span style=\"font-weight: 400\">Er hatte eine Beziehung mit seiner Klavierlehrerin, einer Frau, die \u00e4lter war als er und mit der er auch ein Kind hatte.<\/span><\/p>\n<p><span style=\"font-weight: 400\">Im Alter von 12 Jahren betrachtete ihn sein Sohn als seinen Patenonkel, und seine Heirat mit der Klavierlehrerin schockierte die ganze Familie.<\/span><\/p>\n<p><span style=\"font-weight: 400\">Einige Kunstkritiker halten ihn f\u00fcr den Begr\u00fcnder der modernen Kunst.<\/span><\/p>\n<p><span style=\"font-weight: 400\">Er malte etwa 420 Bilder.<\/span><\/p>\n<p><span style=\"font-weight: 400\">Er starb mit 51 Jahren an Syphilis.<\/span><\/p>\n<p><strong>Kunstr\u00e4tsel entspannen dich tief<\/strong><\/p>\n<p><span style=\"font-weight: 400\">Kunstr\u00e4tsel geben dir die Befriedigung, ber\u00fchmte Kunstwerke zu rekonstruieren, und helfen dir, in einen tiefen Entspannungszustand zu kommen. Auf diese Weise genie\u00dft du mehrere Vorteile, wie z. B.:<\/span><\/p>\n<p><span style=\"font-weight: 400\">Bessere Stimmung.<\/span><\/p>\n<p><span style=\"font-weight: 400\">Erleichterung von \u00c4ngsten.<\/span><\/p>\n<p><span style=\"font-weight: 400\">L\u00f6se Spannungen und Stress.<\/span><\/p>\n<p><span style=\"font-weight: 400\">Die Verbindung zu dir selbst wiederherstellen.<\/span><\/p>\n<p><span style=\"font-weight: 400\">Kaufe jetzt das 1000 Teile Puzzle \u00c9douard Manet &#8211; Die Ufer der Seine bei Argenteuil und genie\u00dfe alle Vorteile eines Kunstpuzzles! Vervollst\u00e4ndige deine Sammlung von Manets charakteristischen Gem\u00e4lden mit diesem erstaunlichen 1000-Teile-Puzzle.<\/span><\/p>\n<p><span style=\"font-weight: 400\">Wenn du auf der Suche nach Geschenkideen bist, hilft dir das Kunstpuzzle \u00c9douard Manet &#8211; Das Ufer der Seine bei Argenteuil aus der Patsche und bereitet deinen puzzlebegeisterten Freunden viel Freude.<\/span><\/p><\/p>\n","protected":false},"excerpt":{"rendered":"<p>Willst du dich entspannen und von deinen Bildschirmen abschalten? Baue Kunstpuzzles zusammen. Sie halten dich auf Trab und entf\u00fchren dich<\/p>\n","protected":false},"featured_media":63559,"template":"","meta":[],"product_brand":[],"product_cat":[1916,1875,1915],"product_tag":[],"class_list":{"0":"post-40258","1":"product","2":"type-product","3":"status-publish","4":"has-post-thumbnail","6":"product_cat-1000-teile-puzzle","7":"product_cat-puzzle-de","8":"product_cat-puzzlespiele-fur-erwachsene","9":"pa_brand-d_toys-de","10":"pa_country_of_manufacture-ro-de","11":"pa_filter_age-14-de","12":"pa_painter-edouard-manet","13":"pa_tip_ambalaj-kasten-a4-de","14":"pa_tip_puzzle-klassisch","16":"first","17":"instock","18":"taxable","19":"shipping-taxable","20":"product-type-simple"},"yoast_head":"<!-- This site is optimized with the Yoast SEO plugin v20.1 - https:\/\/yoast.com\/wordpress\/plugins\/seo\/ -->\n<title>1000-Teile-Puzzle f\u00fcr Erwachsene \u00c9douard Manet - Die Ufer der Seine bei Argenteuil<\/title>\n<meta name=\"description\" content=\"1000-Teile-Puzzle f\u00fcr Erwachsene \u00c9douard Manet - Die Ufer der Seine bei Argenteuil\" \/>\n<meta name=\"robots\" content=\"index, follow, max-snippet:-1, max-image-preview:large, max-video-preview:-1\" \/>\n<link rel=\"canonical\" href=\"https:\/\/business.roovi.com\/de\/1000-teile-puzzle-fur-erwachsene-edouard-manet-die-ufer-der-seine-bei-argenteuil\/p\/\" \/>\n<meta property=\"og:locale\" content=\"de_DE\" \/>\n<meta property=\"og:type\" content=\"article\" \/>\n<meta property=\"og:title\" content=\"1000-Teile-Puzzle f\u00fcr Erwachsene \u00c9douard Manet - Die Ufer der Seine bei Argenteuil\" \/>\n<meta property=\"og:description\" content=\"1000-Teile-Puzzle f\u00fcr Erwachsene \u00c9douard Manet - Die Ufer der Seine bei Argenteuil\" \/>\n<meta property=\"og:url\" content=\"https:\/\/business.roovi.com\/de\/1000-teile-puzzle-fur-erwachsene-edouard-manet-die-ufer-der-seine-bei-argenteuil\/p\/\" \/>\n<meta property=\"og:site_name\" content=\"Roovi B2B\" \/>\n<meta property=\"article:publisher\" content=\"https:\/\/www.facebook.com\/wwwjucariero\" \/>\n<meta property=\"article:modified_time\" content=\"2022-07-06T14:44:43+00:00\" \/>\n<meta property=\"og:image\" content=\"https:\/\/business.roovi.com\/wp-content\/uploads\/2018\/09\/73068-05_ansamblu_dimensiuni_cutie_cm_orizontal_1200x1200.png\" \/>\n\t<meta property=\"og:image:width\" content=\"1200\" \/>\n\t<meta property=\"og:image:height\" content=\"1200\" \/>\n\t<meta property=\"og:image:type\" content=\"image\/png\" \/>\n<meta name=\"twitter:label1\" content=\"Gesch\u00e4tzte Lesezeit\" \/>\n\t<meta name=\"twitter:data1\" content=\"3\u00a0Minuten\" \/>\n<script type=\"application\/ld+json\" class=\"yoast-schema-graph\">{\"@context\":\"https:\/\/schema.org\",\"@graph\":[{\"@type\":\"WebPage\",\"@id\":\"https:\/\/business.roovi.com\/de\/1000-teile-puzzle-fur-erwachsene-edouard-manet-die-ufer-der-seine-bei-argenteuil\/p\/\",\"url\":\"https:\/\/business.roovi.com\/de\/1000-teile-puzzle-fur-erwachsene-edouard-manet-die-ufer-der-seine-bei-argenteuil\/p\/\",\"name\":\"1000-Teile-Puzzle f\u00fcr Erwachsene \u00c9douard Manet - Die Ufer der Seine bei Argenteuil\",\"isPartOf\":{\"@id\":\"https:\/\/business.roovi.com\/de\/#website\"},\"datePublished\":\"2018-09-04T08:48:05+00:00\",\"dateModified\":\"2022-07-06T14:44:43+00:00\",\"description\":\"1000-Teile-Puzzle f\u00fcr Erwachsene \u00c9douard Manet - Die Ufer der Seine bei Argenteuil\",\"breadcrumb\":{\"@id\":\"https:\/\/business.roovi.com\/de\/1000-teile-puzzle-fur-erwachsene-edouard-manet-die-ufer-der-seine-bei-argenteuil\/p\/#breadcrumb\"},\"inLanguage\":\"de\",\"potentialAction\":[{\"@type\":\"ReadAction\",\"target\":[\"https:\/\/business.roovi.com\/de\/1000-teile-puzzle-fur-erwachsene-edouard-manet-die-ufer-der-seine-bei-argenteuil\/p\/\"]}]},{\"@type\":\"BreadcrumbList\",\"@id\":\"https:\/\/business.roovi.com\/de\/1000-teile-puzzle-fur-erwachsene-edouard-manet-die-ufer-der-seine-bei-argenteuil\/p\/#breadcrumb\",\"itemListElement\":[{\"@type\":\"ListItem\",\"position\":1,\"name\":\"Home\",\"item\":\"https:\/\/business.roovi.com\/de\/\"},{\"@type\":\"ListItem\",\"position\":2,\"name\":\"Shop\",\"item\":\"https:\/\/business.roovi.com\/de\/shop\/\"},{\"@type\":\"ListItem\",\"position\":3,\"name\":\"1000-Teile-Puzzle f\u00fcr Erwachsene \u00c9douard Manet &#8211; Die Ufer der Seine bei Argenteuil\"}]},{\"@type\":\"WebSite\",\"@id\":\"https:\/\/business.roovi.com\/de\/#website\",\"url\":\"https:\/\/business.roovi.com\/de\/\",\"name\":\"Roovi B2B\",\"description\":\"Roovi Business Website\",\"potentialAction\":[{\"@type\":\"SearchAction\",\"target\":{\"@type\":\"EntryPoint\",\"urlTemplate\":\"https:\/\/business.roovi.com\/de\/?s={search_term_string}\"},\"query-input\":\"required name=search_term_string\"}],\"inLanguage\":\"de\"}]}<\/script>\n<!-- \/ Yoast SEO plugin. -->","yoast_head_json":{"title":"1000-Teile-Puzzle f\u00fcr Erwachsene \u00c9douard Manet - Die Ufer der Seine bei Argenteuil","description":"1000-Teile-Puzzle f\u00fcr Erwachsene \u00c9douard Manet - Die Ufer der Seine bei Argenteuil","robots":{"index":"index","follow":"follow","max-snippet":"max-snippet:-1","max-image-preview":"max-image-preview:large","max-video-preview":"max-video-preview:-1"},"canonical":"https:\/\/business.roovi.com\/de\/1000-teile-puzzle-fur-erwachsene-edouard-manet-die-ufer-der-seine-bei-argenteuil\/p\/","og_locale":"de_DE","og_type":"article","og_title":"1000-Teile-Puzzle f\u00fcr Erwachsene \u00c9douard Manet - Die Ufer der Seine bei Argenteuil","og_description":"1000-Teile-Puzzle f\u00fcr Erwachsene \u00c9douard Manet - Die Ufer der Seine bei Argenteuil","og_url":"https:\/\/business.roovi.com\/de\/1000-teile-puzzle-fur-erwachsene-edouard-manet-die-ufer-der-seine-bei-argenteuil\/p\/","og_site_name":"Roovi B2B","article_publisher":"https:\/\/www.facebook.com\/wwwjucariero","article_modified_time":"2022-07-06T14:44:43+00:00","og_image":[{"width":1200,"height":1200,"url":"https:\/\/business.roovi.com\/wp-content\/uploads\/2018\/09\/73068-05_ansamblu_dimensiuni_cutie_cm_orizontal_1200x1200.png","type":"image\/png"}],"twitter_misc":{"Gesch\u00e4tzte Lesezeit":"3\u00a0Minuten"},"schema":{"@context":"https:\/\/schema.org","@graph":[{"@type":"WebPage","@id":"https:\/\/business.roovi.com\/de\/1000-teile-puzzle-fur-erwachsene-edouard-manet-die-ufer-der-seine-bei-argenteuil\/p\/","url":"https:\/\/business.roovi.com\/de\/1000-teile-puzzle-fur-erwachsene-edouard-manet-die-ufer-der-seine-bei-argenteuil\/p\/","name":"1000-Teile-Puzzle f\u00fcr Erwachsene \u00c9douard Manet - Die Ufer der Seine bei Argenteuil","isPartOf":{"@id":"https:\/\/business.roovi.com\/de\/#website"},"datePublished":"2018-09-04T08:48:05+00:00","dateModified":"2022-07-06T14:44:43+00:00","description":"1000-Teile-Puzzle f\u00fcr Erwachsene \u00c9douard Manet - Die Ufer der Seine bei Argenteuil","breadcrumb":{"@id":"https:\/\/business.roovi.com\/de\/1000-teile-puzzle-fur-erwachsene-edouard-manet-die-ufer-der-seine-bei-argenteuil\/p\/#breadcrumb"},"inLanguage":"de","potentialAction":[{"@type":"ReadAction","target":["https:\/\/business.roovi.com\/de\/1000-teile-puzzle-fur-erwachsene-edouard-manet-die-ufer-der-seine-bei-argenteuil\/p\/"]}]},{"@type":"BreadcrumbList","@id":"https:\/\/business.roovi.com\/de\/1000-teile-puzzle-fur-erwachsene-edouard-manet-die-ufer-der-seine-bei-argenteuil\/p\/#breadcrumb","itemListElement":[{"@type":"ListItem","position":1,"name":"Home","item":"https:\/\/business.roovi.com\/de\/"},{"@type":"ListItem","position":2,"name":"Shop","item":"https:\/\/business.roovi.com\/de\/shop\/"},{"@type":"ListItem","position":3,"name":"1000-Teile-Puzzle f\u00fcr Erwachsene \u00c9douard Manet &#8211; Die Ufer der Seine bei Argenteuil"}]},{"@type":"WebSite","@id":"https:\/\/business.roovi.com\/de\/#website","url":"https:\/\/business.roovi.com\/de\/","name":"Roovi B2B","description":"Roovi Business Website","potentialAction":[{"@type":"SearchAction","target":{"@type":"EntryPoint","urlTemplate":"https:\/\/business.roovi.com\/de\/?s={search_term_string}"},"query-input":"required name=search_term_string"}],"inLanguage":"de"}]}},"_links":{"self":[{"href":"https:\/\/business.roovi.com\/de\/wp-json\/wp\/v2\/product\/40258","targetHints":{"allow":["GET"]}}],"collection":[{"href":"https:\/\/business.roovi.com\/de\/wp-json\/wp\/v2\/product"}],"about":[{"href":"https:\/\/business.roovi.com\/de\/wp-json\/wp\/v2\/types\/product"}],"version-history":[{"count":0,"href":"https:\/\/business.roovi.com\/de\/wp-json\/wp\/v2\/product\/40258\/revisions"}],"wp:featuredmedia":[{"embeddable":true,"href":"https:\/\/business.roovi.com\/de\/wp-json\/wp\/v2\/media\/63559"}],"wp:attachment":[{"href":"https:\/\/business.roovi.com\/de\/wp-json\/wp\/v2\/media?parent=40258"}],"wp:term":[{"taxonomy":"product_brand","embeddable":true,"href":"https:\/\/business.roovi.com\/de\/wp-json\/wp\/v2\/product_brand?post=40258"},{"taxonomy":"product_cat","embeddable":true,"href":"https:\/\/business.roovi.com\/de\/wp-json\/wp\/v2\/product_cat?post=40258"},{"taxonomy":"product_tag","embeddable":true,"href":"https:\/\/business.roovi.com\/de\/wp-json\/wp\/v2\/product_tag?post=40258"}],"curies":[{"name":"wp","href":"https:\/\/api.w.org\/{rel}","templated":true}]}}