{"id":40427,"date":"2018-08-23T15:26:15","date_gmt":"2018-08-23T15:26:15","guid":{"rendered":"https:\/\/business.roovi.com\/joc-strutocamila\/p\/"},"modified":"2022-07-06T15:04:23","modified_gmt":"2022-07-06T15:04:23","slug":"spiel-straus-kooperations-und-gedachtnisspiel","status":"publish","type":"product","link":"https:\/\/business.roovi.com\/de\/spiel-straus-kooperations-und-gedachtnisspiel\/p\/","title":{"rendered":"Spiel Strau\u00df &#8211; Kooperations- und Ged\u00e4chtnisspiel"},"content":{"rendered":"<p>Finde den Kopf, den K\u00f6rper und die F\u00fc\u00dfe desselben Tieres mit diesem gro\u00dfartigen Trio-Memory-Spiel! Oder spiele die kooperative Version, bei der jeder gewinnt oder jeder verliert! Das Spiel f\u00f6rdert das Ged\u00e4chtnis, den Teamgeist, die Kooperations- und Assoziationsf\u00e4higkeit und die Geschicklichkeit der Kinder. Spiel f\u00fcr 2-6 Spieler, ab 3 Jahren. Inhalt: 48 Spielkarten mit 16 Tieren, Spielregeln <\/p>\n","protected":false},"excerpt":{"rendered":"<p>Finde den Kopf, den K\u00f6rper und die F\u00fc\u00dfe desselben Tieres mit diesem gro\u00dfartigen Trio-Memory-Spiel! Oder spiele die kooperative Version, bei<\/p>\n","protected":false},"featured_media":36360,"template":"","meta":[],"product_brand":[],"product_cat":[1853,1855],"product_tag":[],"class_list":{"0":"post-40427","1":"product","2":"type-product","3":"status-publish","4":"has-post-thumbnail","6":"product_cat-brettspiele","7":"product_cat-familienspiele","8":"pa_brand-d_toys-de","9":"pa_country_of_manufacture-ro-de","10":"pa_filter_age-3_5-de","11":"pa_filter_age-5_7-de","12":"pa_filter_age-7_9-de","13":"pa_tip_ambalaj-kasten-a4-de","15":"first","16":"instock","17":"taxable","18":"shipping-taxable","19":"product-type-simple"},"yoast_head":"<!-- This site is optimized with the Yoast SEO plugin v20.1 - https:\/\/yoast.com\/wordpress\/plugins\/seo\/ -->\n<title>Spiel Strau\u00df - Kooperations- und Ged\u00e4chtnisspiel<\/title>\n<meta name=\"description\" content=\"Spiel Strau\u00df - Kooperations- und Ged\u00e4chtnisspiel\" \/>\n<meta name=\"robots\" content=\"index, follow, max-snippet:-1, max-image-preview:large, max-video-preview:-1\" \/>\n<link rel=\"canonical\" href=\"https:\/\/business.roovi.com\/de\/spiel-straus-kooperations-und-gedachtnisspiel\/p\/\" \/>\n<meta property=\"og:locale\" content=\"de_DE\" \/>\n<meta property=\"og:type\" content=\"article\" \/>\n<meta property=\"og:title\" content=\"Spiel Strau\u00df - Kooperations- und Ged\u00e4chtnisspiel\" \/>\n<meta property=\"og:description\" content=\"Spiel Strau\u00df - Kooperations- und Ged\u00e4chtnisspiel\" \/>\n<meta property=\"og:url\" content=\"https:\/\/business.roovi.com\/de\/spiel-straus-kooperations-und-gedachtnisspiel\/p\/\" \/>\n<meta property=\"og:site_name\" content=\"Roovi B2B\" \/>\n<meta property=\"article:publisher\" content=\"https:\/\/www.facebook.com\/wwwjucariero\" \/>\n<meta property=\"article:modified_time\" content=\"2022-07-06T15:04:23+00:00\" \/>\n<meta property=\"og:image\" content=\"https:\/\/business.roovi.com\/wp-content\/uploads\/2018\/08\/strutocamila._-e.jpg\" \/>\n\t<meta property=\"og:image:width\" content=\"1200\" \/>\n\t<meta property=\"og:image:height\" content=\"1200\" \/>\n\t<meta property=\"og:image:type\" content=\"image\/jpeg\" \/>\n<script type=\"application\/ld+json\" class=\"yoast-schema-graph\">{\"@context\":\"https:\/\/schema.org\",\"@graph\":[{\"@type\":\"WebPage\",\"@id\":\"https:\/\/business.roovi.com\/de\/spiel-straus-kooperations-und-gedachtnisspiel\/p\/\",\"url\":\"https:\/\/business.roovi.com\/de\/spiel-straus-kooperations-und-gedachtnisspiel\/p\/\",\"name\":\"Spiel Strau\u00df - Kooperations- und Ged\u00e4chtnisspiel\",\"isPartOf\":{\"@id\":\"https:\/\/business.roovi.com\/de\/#website\"},\"datePublished\":\"2018-08-23T15:26:15+00:00\",\"dateModified\":\"2022-07-06T15:04:23+00:00\",\"description\":\"Spiel Strau\u00df - Kooperations- und Ged\u00e4chtnisspiel\",\"breadcrumb\":{\"@id\":\"https:\/\/business.roovi.com\/de\/spiel-straus-kooperations-und-gedachtnisspiel\/p\/#breadcrumb\"},\"inLanguage\":\"de\",\"potentialAction\":[{\"@type\":\"ReadAction\",\"target\":[\"https:\/\/business.roovi.com\/de\/spiel-straus-kooperations-und-gedachtnisspiel\/p\/\"]}]},{\"@type\":\"BreadcrumbList\",\"@id\":\"https:\/\/business.roovi.com\/de\/spiel-straus-kooperations-und-gedachtnisspiel\/p\/#breadcrumb\",\"itemListElement\":[{\"@type\":\"ListItem\",\"position\":1,\"name\":\"Home\",\"item\":\"https:\/\/business.roovi.com\/de\/\"},{\"@type\":\"ListItem\",\"position\":2,\"name\":\"Shop\",\"item\":\"https:\/\/business.roovi.com\/de\/shop\/\"},{\"@type\":\"ListItem\",\"position\":3,\"name\":\"Spiel Strau\u00df &#8211; Kooperations- und Ged\u00e4chtnisspiel\"}]},{\"@type\":\"WebSite\",\"@id\":\"https:\/\/business.roovi.com\/de\/#website\",\"url\":\"https:\/\/business.roovi.com\/de\/\",\"name\":\"Roovi B2B\",\"description\":\"Roovi Business Website\",\"potentialAction\":[{\"@type\":\"SearchAction\",\"target\":{\"@type\":\"EntryPoint\",\"urlTemplate\":\"https:\/\/business.roovi.com\/de\/?s={search_term_string}\"},\"query-input\":\"required name=search_term_string\"}],\"inLanguage\":\"de\"}]}<\/script>\n<!-- \/ Yoast SEO plugin. -->","yoast_head_json":{"title":"Spiel Strau\u00df - Kooperations- und Ged\u00e4chtnisspiel","description":"Spiel Strau\u00df - Kooperations- und Ged\u00e4chtnisspiel","robots":{"index":"index","follow":"follow","max-snippet":"max-snippet:-1","max-image-preview":"max-image-preview:large","max-video-preview":"max-video-preview:-1"},"canonical":"https:\/\/business.roovi.com\/de\/spiel-straus-kooperations-und-gedachtnisspiel\/p\/","og_locale":"de_DE","og_type":"article","og_title":"Spiel Strau\u00df - Kooperations- und Ged\u00e4chtnisspiel","og_description":"Spiel Strau\u00df - Kooperations- und Ged\u00e4chtnisspiel","og_url":"https:\/\/business.roovi.com\/de\/spiel-straus-kooperations-und-gedachtnisspiel\/p\/","og_site_name":"Roovi B2B","article_publisher":"https:\/\/www.facebook.com\/wwwjucariero","article_modified_time":"2022-07-06T15:04:23+00:00","og_image":[{"width":1200,"height":1200,"url":"https:\/\/business.roovi.com\/wp-content\/uploads\/2018\/08\/strutocamila._-e.jpg","type":"image\/jpeg"}],"schema":{"@context":"https:\/\/schema.org","@graph":[{"@type":"WebPage","@id":"https:\/\/business.roovi.com\/de\/spiel-straus-kooperations-und-gedachtnisspiel\/p\/","url":"https:\/\/business.roovi.com\/de\/spiel-straus-kooperations-und-gedachtnisspiel\/p\/","name":"Spiel Strau\u00df - Kooperations- und Ged\u00e4chtnisspiel","isPartOf":{"@id":"https:\/\/business.roovi.com\/de\/#website"},"datePublished":"2018-08-23T15:26:15+00:00","dateModified":"2022-07-06T15:04:23+00:00","description":"Spiel Strau\u00df - Kooperations- und Ged\u00e4chtnisspiel","breadcrumb":{"@id":"https:\/\/business.roovi.com\/de\/spiel-straus-kooperations-und-gedachtnisspiel\/p\/#breadcrumb"},"inLanguage":"de","potentialAction":[{"@type":"ReadAction","target":["https:\/\/business.roovi.com\/de\/spiel-straus-kooperations-und-gedachtnisspiel\/p\/"]}]},{"@type":"BreadcrumbList","@id":"https:\/\/business.roovi.com\/de\/spiel-straus-kooperations-und-gedachtnisspiel\/p\/#breadcrumb","itemListElement":[{"@type":"ListItem","position":1,"name":"Home","item":"https:\/\/business.roovi.com\/de\/"},{"@type":"ListItem","position":2,"name":"Shop","item":"https:\/\/business.roovi.com\/de\/shop\/"},{"@type":"ListItem","position":3,"name":"Spiel Strau\u00df &#8211; Kooperations- und Ged\u00e4chtnisspiel"}]},{"@type":"WebSite","@id":"https:\/\/business.roovi.com\/de\/#website","url":"https:\/\/business.roovi.com\/de\/","name":"Roovi B2B","description":"Roovi Business Website","potentialAction":[{"@type":"SearchAction","target":{"@type":"EntryPoint","urlTemplate":"https:\/\/business.roovi.com\/de\/?s={search_term_string}"},"query-input":"required name=search_term_string"}],"inLanguage":"de"}]}},"_links":{"self":[{"href":"https:\/\/business.roovi.com\/de\/wp-json\/wp\/v2\/product\/40427","targetHints":{"allow":["GET"]}}],"collection":[{"href":"https:\/\/business.roovi.com\/de\/wp-json\/wp\/v2\/product"}],"about":[{"href":"https:\/\/business.roovi.com\/de\/wp-json\/wp\/v2\/types\/product"}],"version-history":[{"count":0,"href":"https:\/\/business.roovi.com\/de\/wp-json\/wp\/v2\/product\/40427\/revisions"}],"wp:featuredmedia":[{"embeddable":true,"href":"https:\/\/business.roovi.com\/de\/wp-json\/wp\/v2\/media\/36360"}],"wp:attachment":[{"href":"https:\/\/business.roovi.com\/de\/wp-json\/wp\/v2\/media?parent=40427"}],"wp:term":[{"taxonomy":"product_brand","embeddable":true,"href":"https:\/\/business.roovi.com\/de\/wp-json\/wp\/v2\/product_brand?post=40427"},{"taxonomy":"product_cat","embeddable":true,"href":"https:\/\/business.roovi.com\/de\/wp-json\/wp\/v2\/product_cat?post=40427"},{"taxonomy":"product_tag","embeddable":true,"href":"https:\/\/business.roovi.com\/de\/wp-json\/wp\/v2\/product_tag?post=40427"}],"curies":[{"name":"wp","href":"https:\/\/api.w.org\/{rel}","templated":true}]}}