{"id":40431,"date":"2018-08-23T09:02:39","date_gmt":"2018-08-23T09:02:39","guid":{"rendered":"https:\/\/business.roovi.com\/joc-dacii-si-romanii\/p\/"},"modified":"2022-07-06T15:04:29","modified_gmt":"2022-07-06T15:04:29","slug":"spiel-daker-und-romer-strategiespiel-fur-kinder","status":"publish","type":"product","link":"https:\/\/business.roovi.com\/de\/spiel-daker-und-romer-strategiespiel-fur-kinder\/p\/","title":{"rendered":"Spiel Daker und R\u00f6mer &#8211; Strategiespiel f\u00fcr Kinder"},"content":{"rendered":"<p><span style=\"font-weight: 400\">Was bekommst du, wenn du Strategie, Freunde, ein bisschen Geschichte und viel guten Willen zusammenbringst? Du bekommst Dacians and Romans, ein super Strategiespiel, das bei Brettspielern sehr beliebt ist.<\/span><\/p>\n<p><span style=\"font-weight: 400\">Als Spiel f\u00fcr 2 Personen konzipiert, ist Dacians and Romans mehr als nur Strategie. Es ist ein herausforderndes Spiel, inspiriert von der Geschichte der Rum\u00e4nen, mit vielen taktischen M\u00f6glichkeiten, bei dem du das Beste aus deinen Ressourcen machen musst, um zu gewinnen.    <\/span><\/p>\n<p><span style=\"font-weight: 400\">Die historische Schlacht zwischen Trajan, dem r\u00f6mischen Kaiser, und Decebal, dem K\u00f6nig von Dakien, war eine gro\u00dfartige Schlacht voller Wendungen und brillanter Strategien, die am Ende mit dem Sieg des r\u00f6mischen Kaisers endete. Wer wird jetzt gewinnen? <\/span><\/p>\n<p><span style=\"font-weight: 400\">Fordere deine Freunde heraus und baue deine Kampfstrategie sorgf\u00e4ltig auf!<\/span><\/p>\n<h2><span style=\"font-weight: 400\">Wusstest du, dass das Spiel Daker und R\u00f6mer..<\/span><\/h2>\n<ul>\n<li><span style=\"font-weight: 400\">Hilft, strategisches Denken zu entwickeln.<\/span><\/li>\n<li><span style=\"font-weight: 400\">F\u00f6rdert die Entwicklung von Wettbewerbsgeist.<\/span><\/li>\n<li><span style=\"font-weight: 400\">Hilft dabei, sich besser auf ein einziges Ziel zu konzentrieren und das Endergebnis zu verfolgen.<\/span><\/li>\n<li><span style=\"font-weight: 400\">F\u00f6rdert die Entwicklung des antizipatorischen Denkens, indem du versuchst, die Z\u00fcge deines Gegners vorherzusehen.<\/span><\/li>\n<li><span style=\"font-weight: 400\">Es ist ein lustiges Spiel, das dich herausfordert und gleichzeitig entspannt.<\/span><\/li>\n<\/ul>\n<h2><span style=\"font-weight: 400\">Warum Daker und R\u00f6mer w\u00e4hlen<\/span><\/h2>\n<p><span style=\"font-weight: 400\">Es ist ein spannendes Spiel voller unerwarteter Situationen, die du vorhersehen oder \u00fcberwinden musst, um die Schlacht zu gewinnen. Bei den &#8222;Angriffen&#8220; gibt es kein Halten mehr und an jeder Ecke entstehen gef\u00e4hrliche Situationen <\/span><\/p>\n<p><span style=\"font-weight: 400\">Daker und R\u00f6mer wurde als Alternative zu den historischen Themenspielen geschaffen, die es au\u00dferhalb des Landes gibt, aber mit neuem Gewand und besonderen Illustrationen.<\/span><\/p>\n<p><span style=\"font-weight: 400\">Es zeichnet sich durch sein besonderes Spielbrett aus und bietet 2 Spielvarianten, die beide gleicherma\u00dfen faszinierend und herausfordernd sind <\/span><\/p>\n<p><span style=\"font-weight: 400\">Magst du Strategiespiele? Hast du ein Kind mit einer Leidenschaft f\u00fcr historische Schlachten oder einen Freund, der ein Meister der Logik ist? F\u00fcr alle von euch und f\u00fcr den Spa\u00df, den es in euer Zuhause bringen wird, ist Dacians and Romans eine sehr geeignete Wahl.   <\/span><\/p>\n<p><span style=\"font-weight: 400\">Wenn du erleben willst, wie sich die tapferen Eroberer einst gef\u00fchlt haben, dann steig in das Spiel ein und sei derjenige, der die Schlacht gewinnt!<\/span><\/p>\n<p><span style=\"font-weight: 400\">Empfohlenes Alter: 9+<\/span><\/p>\n<p><span style=\"font-weight: 400\">Spieler: 2 Personen<\/span><\/p>\n<p><span style=\"font-weight: 400\">Die Schachtel enth\u00e4lt: 1 Spielbrett, 12 Spielsteine, 12 Spielsteinhalter, Spielregeln.<\/span><\/p>\n<p><span style=\"font-weight: 400\">Nicht empfohlen f\u00fcr Kinder unter 3 Jahren.<\/span><\/p>\n<p><\/p>\n","protected":false},"excerpt":{"rendered":"<p>Was bekommst du, wenn du Strategie, Freunde, ein bisschen Geschichte und viel guten Willen zusammenbringst? Du bekommst Dacians and Romans,<\/p>\n","protected":false},"featured_media":36356,"template":"","meta":[],"product_brand":[],"product_cat":[1887],"product_tag":[],"class_list":{"0":"post-40431","1":"product","2":"type-product","3":"status-publish","4":"has-post-thumbnail","6":"product_cat-rumanische-spiele","7":"pa_brand-d_toys-de","8":"pa_country_of_manufacture-ro-de","9":"pa_filter_age-14-de","10":"pa_filter_age-9_14-de","11":"pa_tip_ambalaj-kasten-a4-de","13":"first","14":"instock","15":"taxable","16":"shipping-taxable","17":"product-type-simple"},"yoast_head":"<!-- This site is optimized with the Yoast SEO plugin v20.1 - https:\/\/yoast.com\/wordpress\/plugins\/seo\/ -->\n<title>Spiel Daker und R\u00f6mer - Strategiespiel f\u00fcr Kinder<\/title>\n<meta name=\"description\" content=\"Spiel Daker und R\u00f6mer - Strategiespiel f\u00fcr Kinder\" \/>\n<meta name=\"robots\" content=\"index, follow, max-snippet:-1, max-image-preview:large, max-video-preview:-1\" \/>\n<link rel=\"canonical\" href=\"https:\/\/business.roovi.com\/de\/spiel-daker-und-romer-strategiespiel-fur-kinder\/p\/\" \/>\n<meta property=\"og:locale\" content=\"de_DE\" \/>\n<meta property=\"og:type\" content=\"article\" \/>\n<meta property=\"og:title\" content=\"Spiel Daker und R\u00f6mer - Strategiespiel f\u00fcr Kinder\" \/>\n<meta property=\"og:description\" content=\"Spiel Daker und R\u00f6mer - Strategiespiel f\u00fcr Kinder\" \/>\n<meta property=\"og:url\" content=\"https:\/\/business.roovi.com\/de\/spiel-daker-und-romer-strategiespiel-fur-kinder\/p\/\" \/>\n<meta property=\"og:site_name\" content=\"Roovi B2B\" \/>\n<meta property=\"article:publisher\" content=\"https:\/\/www.facebook.com\/wwwjucariero\" \/>\n<meta property=\"article:modified_time\" content=\"2022-07-06T15:04:29+00:00\" \/>\n<meta property=\"og:image\" content=\"https:\/\/business.roovi.com\/wp-content\/uploads\/2018\/08\/74201_dacii_si_romanii_elo.jpg\" \/>\n\t<meta property=\"og:image:width\" content=\"1200\" \/>\n\t<meta property=\"og:image:height\" content=\"1200\" \/>\n\t<meta property=\"og:image:type\" content=\"image\/jpeg\" \/>\n<meta name=\"twitter:label1\" content=\"Gesch\u00e4tzte Lesezeit\" \/>\n\t<meta name=\"twitter:data1\" content=\"2\u00a0Minuten\" \/>\n<script type=\"application\/ld+json\" class=\"yoast-schema-graph\">{\"@context\":\"https:\/\/schema.org\",\"@graph\":[{\"@type\":\"WebPage\",\"@id\":\"https:\/\/business.roovi.com\/de\/spiel-daker-und-romer-strategiespiel-fur-kinder\/p\/\",\"url\":\"https:\/\/business.roovi.com\/de\/spiel-daker-und-romer-strategiespiel-fur-kinder\/p\/\",\"name\":\"Spiel Daker und R\u00f6mer - Strategiespiel f\u00fcr Kinder\",\"isPartOf\":{\"@id\":\"https:\/\/business.roovi.com\/de\/#website\"},\"datePublished\":\"2018-08-23T09:02:39+00:00\",\"dateModified\":\"2022-07-06T15:04:29+00:00\",\"description\":\"Spiel Daker und R\u00f6mer - Strategiespiel f\u00fcr Kinder\",\"breadcrumb\":{\"@id\":\"https:\/\/business.roovi.com\/de\/spiel-daker-und-romer-strategiespiel-fur-kinder\/p\/#breadcrumb\"},\"inLanguage\":\"de\",\"potentialAction\":[{\"@type\":\"ReadAction\",\"target\":[\"https:\/\/business.roovi.com\/de\/spiel-daker-und-romer-strategiespiel-fur-kinder\/p\/\"]}]},{\"@type\":\"BreadcrumbList\",\"@id\":\"https:\/\/business.roovi.com\/de\/spiel-daker-und-romer-strategiespiel-fur-kinder\/p\/#breadcrumb\",\"itemListElement\":[{\"@type\":\"ListItem\",\"position\":1,\"name\":\"Home\",\"item\":\"https:\/\/business.roovi.com\/de\/\"},{\"@type\":\"ListItem\",\"position\":2,\"name\":\"Shop\",\"item\":\"https:\/\/business.roovi.com\/de\/shop\/\"},{\"@type\":\"ListItem\",\"position\":3,\"name\":\"Spiel Daker und R\u00f6mer &#8211; Strategiespiel f\u00fcr Kinder\"}]},{\"@type\":\"WebSite\",\"@id\":\"https:\/\/business.roovi.com\/de\/#website\",\"url\":\"https:\/\/business.roovi.com\/de\/\",\"name\":\"Roovi B2B\",\"description\":\"Roovi Business Website\",\"potentialAction\":[{\"@type\":\"SearchAction\",\"target\":{\"@type\":\"EntryPoint\",\"urlTemplate\":\"https:\/\/business.roovi.com\/de\/?s={search_term_string}\"},\"query-input\":\"required name=search_term_string\"}],\"inLanguage\":\"de\"}]}<\/script>\n<!-- \/ Yoast SEO plugin. -->","yoast_head_json":{"title":"Spiel Daker und R\u00f6mer - Strategiespiel f\u00fcr Kinder","description":"Spiel Daker und R\u00f6mer - Strategiespiel f\u00fcr Kinder","robots":{"index":"index","follow":"follow","max-snippet":"max-snippet:-1","max-image-preview":"max-image-preview:large","max-video-preview":"max-video-preview:-1"},"canonical":"https:\/\/business.roovi.com\/de\/spiel-daker-und-romer-strategiespiel-fur-kinder\/p\/","og_locale":"de_DE","og_type":"article","og_title":"Spiel Daker und R\u00f6mer - Strategiespiel f\u00fcr Kinder","og_description":"Spiel Daker und R\u00f6mer - Strategiespiel f\u00fcr Kinder","og_url":"https:\/\/business.roovi.com\/de\/spiel-daker-und-romer-strategiespiel-fur-kinder\/p\/","og_site_name":"Roovi B2B","article_publisher":"https:\/\/www.facebook.com\/wwwjucariero","article_modified_time":"2022-07-06T15:04:29+00:00","og_image":[{"width":1200,"height":1200,"url":"https:\/\/business.roovi.com\/wp-content\/uploads\/2018\/08\/74201_dacii_si_romanii_elo.jpg","type":"image\/jpeg"}],"twitter_misc":{"Gesch\u00e4tzte Lesezeit":"2\u00a0Minuten"},"schema":{"@context":"https:\/\/schema.org","@graph":[{"@type":"WebPage","@id":"https:\/\/business.roovi.com\/de\/spiel-daker-und-romer-strategiespiel-fur-kinder\/p\/","url":"https:\/\/business.roovi.com\/de\/spiel-daker-und-romer-strategiespiel-fur-kinder\/p\/","name":"Spiel Daker und R\u00f6mer - Strategiespiel f\u00fcr Kinder","isPartOf":{"@id":"https:\/\/business.roovi.com\/de\/#website"},"datePublished":"2018-08-23T09:02:39+00:00","dateModified":"2022-07-06T15:04:29+00:00","description":"Spiel Daker und R\u00f6mer - Strategiespiel f\u00fcr Kinder","breadcrumb":{"@id":"https:\/\/business.roovi.com\/de\/spiel-daker-und-romer-strategiespiel-fur-kinder\/p\/#breadcrumb"},"inLanguage":"de","potentialAction":[{"@type":"ReadAction","target":["https:\/\/business.roovi.com\/de\/spiel-daker-und-romer-strategiespiel-fur-kinder\/p\/"]}]},{"@type":"BreadcrumbList","@id":"https:\/\/business.roovi.com\/de\/spiel-daker-und-romer-strategiespiel-fur-kinder\/p\/#breadcrumb","itemListElement":[{"@type":"ListItem","position":1,"name":"Home","item":"https:\/\/business.roovi.com\/de\/"},{"@type":"ListItem","position":2,"name":"Shop","item":"https:\/\/business.roovi.com\/de\/shop\/"},{"@type":"ListItem","position":3,"name":"Spiel Daker und R\u00f6mer &#8211; Strategiespiel f\u00fcr Kinder"}]},{"@type":"WebSite","@id":"https:\/\/business.roovi.com\/de\/#website","url":"https:\/\/business.roovi.com\/de\/","name":"Roovi B2B","description":"Roovi Business Website","potentialAction":[{"@type":"SearchAction","target":{"@type":"EntryPoint","urlTemplate":"https:\/\/business.roovi.com\/de\/?s={search_term_string}"},"query-input":"required name=search_term_string"}],"inLanguage":"de"}]}},"_links":{"self":[{"href":"https:\/\/business.roovi.com\/de\/wp-json\/wp\/v2\/product\/40431","targetHints":{"allow":["GET"]}}],"collection":[{"href":"https:\/\/business.roovi.com\/de\/wp-json\/wp\/v2\/product"}],"about":[{"href":"https:\/\/business.roovi.com\/de\/wp-json\/wp\/v2\/types\/product"}],"version-history":[{"count":0,"href":"https:\/\/business.roovi.com\/de\/wp-json\/wp\/v2\/product\/40431\/revisions"}],"wp:featuredmedia":[{"embeddable":true,"href":"https:\/\/business.roovi.com\/de\/wp-json\/wp\/v2\/media\/36356"}],"wp:attachment":[{"href":"https:\/\/business.roovi.com\/de\/wp-json\/wp\/v2\/media?parent=40431"}],"wp:term":[{"taxonomy":"product_brand","embeddable":true,"href":"https:\/\/business.roovi.com\/de\/wp-json\/wp\/v2\/product_brand?post=40431"},{"taxonomy":"product_cat","embeddable":true,"href":"https:\/\/business.roovi.com\/de\/wp-json\/wp\/v2\/product_cat?post=40431"},{"taxonomy":"product_tag","embeddable":true,"href":"https:\/\/business.roovi.com\/de\/wp-json\/wp\/v2\/product_tag?post=40431"}],"curies":[{"name":"wp","href":"https:\/\/api.w.org\/{rel}","templated":true}]}}