{"id":40455,"date":"2018-08-02T08:38:02","date_gmt":"2018-08-02T08:38:02","guid":{"rendered":"https:\/\/business.roovi.com\/puzzle-adulti-1000-piese-vintage-posters-the-only-route-via-niagara-falls-suspension-bridge\/p\/"},"modified":"2022-07-06T15:09:05","modified_gmt":"2022-07-06T15:09:05","slug":"vintage-posters-1000-piece-adult-puzzle-the-only-route-via-niagara-falls-suspension-bridge","status":"publish","type":"product","link":"https:\/\/business.roovi.com\/de\/vintage-posters-1000-piece-adult-puzzle-the-only-route-via-niagara-falls-suspension-bridge\/p\/","title":{"rendered":"Vintage Posters 1000 Piece Adult Puzzle &#8211; The Only Route via Niagara Falls &amp; Suspension Bridge"},"content":{"rendered":"<p><span style=\"font-weight: 400\">Bist du bereit, eine Werbung aus dem 19. Jahrhundert aus 1000 Puzzleteilen zusammenzusetzen? W\u00e4hle aus unserem Vintage-Puzzle-Sortiment mit einzigartigen Puzzlemotiven f\u00fcr Erwachsene, die deine Leidenschaft f\u00fcr Puzzles auf eine k\u00fcnstlerische Ebene heben werden <\/span><\/p>\n<p><span style=\"font-weight: 400\">Wie w\u00e4re es, ins 19. Jahrhundert zur\u00fcckzureisen, in einen Oldtimerzug zu steigen und die Reise deines Lebens anzutreten? Auf der einen Seite genie\u00dft du die Sehensw\u00fcrdigkeiten des Ortes, mit Fu\u00dfg\u00e4ngern und einer Pferdekutsche, und auf der anderen Seite siehst du die Niagaraf\u00e4lle, ein wahres Naturwunder.<\/span><\/p>\n<p><span style=\"font-weight: 400\">Das 1000-teilige Puzzle &#8222;Die einzige Route \u00fcber die Niagaraf\u00e4lle und die H\u00e4ngebr\u00fccke&#8220; ist daher eine Gelegenheit zum Entspannen und eine \u00dcbung in Vorstellungskraft. Wenn du diese Aktivit\u00e4t noch interaktiver gestalten willst, beziehe deine Teenager in den kreativen Prozess mit ein. Du wirst ein Puzzlespiel von tadelloser Qualit\u00e4t und einzigartige gemeinsame Momente genie\u00dfen.<\/span><\/p>\n<p><span style=\"font-weight: 400\">Du kannst einen normalen Couchtisch verwenden, um die St\u00fccke zu st\u00fctzen. Das rekonstruierte Bild in diesem 1000-Teile-Puzzle ist 50 x 70 cm gro\u00df.<\/span><\/p>\n<p><span style=\"font-weight: 400\">Weitere Merkmale des Vintage-Puzzles &#8211; Die einzige Route \u00fcber die Niagaraf\u00e4lle und die H\u00e4ngebr\u00fccke:<\/span><\/p>\n<p><strong>Ma\u00dfe des rekonstruierten Bildes: 50 x 70 cm.<\/strong><\/p>\n<p><strong>Puzzle-Material <\/strong><\/p>\n<p><strong>hochwertiger blauer Karton<\/strong><\/p>\n<p><strong>nachhaltige, recycelbare Materialien<\/strong><\/p>\n<p><strong>halbgl\u00e4nzende Oberfl\u00e4che, leuchtende Farben<\/strong><\/p>\n<p><strong>Anzahl der Puzzleteile: 1000<\/strong><\/p>\n<p><strong>Empfohlenes Alter: 14+<\/strong><\/p>\n<p><strong>Warum ist das 1000-teilige Puzzle Die einzige Route \u00fcber die Niagaraf\u00e4lle &amp; H\u00e4ngebr\u00fccke so besonders?<\/strong><\/p>\n<p><span style=\"font-weight: 400\">Es ist eine stimmungsvolle Gelegenheit, sich zu entspannen und abzuschalten.<\/span><\/p>\n<p><span style=\"font-weight: 400\">Es hilft dir, dich von deinen Bildschirmen zu l\u00f6sen und die Freude an den einfachen Dingen zu sch\u00e4tzen.<\/span><\/p>\n<p><span style=\"font-weight: 400\">Das ist die perfekte Gelegenheit, um deine F\u00e4higkeiten beim Zusammensetzen von Puzzles unter Beweis zu stellen und sie zu verbessern.<\/span><\/p>\n<p><span style=\"font-weight: 400\">Es ist eine tolle M\u00f6glichkeit, um F\u00e4higkeiten wie die Hand-Augen-Koordination und die Feinmotorik zu st\u00e4rken.<\/span><\/p>\n<p><span style=\"font-weight: 400\">Du kannst ein dekoratives Objekt schaffen, das du deinen Freunden zeigen und dein Zuhause versch\u00f6nern kannst.<\/span><\/p>\n<p><strong>Wusstest du, dass&#8230;?<\/strong><\/p>\n<p><span style=\"font-weight: 400\">Die erste funktionierende H\u00e4ngebahnbr\u00fccke der Welt war die Br\u00fccke \u00fcber den Niagara River, die zwischen 1855 und 1897 gebaut wurde.<\/span><\/p>\n<p><span style=\"font-weight: 400\">Diese H\u00e4ngebr\u00fccke war der Grenz\u00fcbergang zwischen den Vereinigten Staaten und Kanada und spielte eine wichtige Rolle in der Geschichte beider L\u00e4nder <\/span><\/p>\n<p><span style=\"font-weight: 400\">Zur Zeit ihrer offiziellen Er\u00f6ffnung war die Br\u00fccke einer der belebtesten Handelspunkte an der Grenze zwischen den beiden L\u00e4ndern.<\/span><\/p>\n<p><span style=\"font-weight: 400\">Zu der Zeit, als sie gebaut wurde, galt die Br\u00fccke als eines der Weltwunder und zog viele Besucher an.<\/span><\/p>\n<p><span style=\"font-weight: 400\">Die Br\u00fccke ist auf vielen Gem\u00e4lden und Fotos abgebildet, wobei der ber\u00fchmte Wasserfall eine untergeordnete Rolle spielt. Die Zuschauer waren fasziniert von der zweckm\u00e4\u00dfigen Gestaltung des Bauwerks und der Erhabenheit der Konstruktion.<\/span><\/p>\n<p><strong>1000 Teile Puzzle<\/strong> <strong>Die einzige Route \u00fcber die Niagaraf\u00e4lle und die H\u00e4ngebr\u00fccke f\u00fcr viele Stunden Spa\u00df mit deinen Liebsten<\/strong><\/p>\n<p><span style=\"font-weight: 400\">Schlechtes Wetter h\u00e4lt dich im Haus? Oder m\u00f6chtest du mehr Zeit mit deinen Teenager-Kindern verbringen und die Eltern-Kind-Beziehung st\u00e4rken? Das 1000-teilige Vintage-Puzzle ist deine zuverl\u00e4ssige Unterst\u00fctzung. Drehe die Figuren um, teile die Aufgaben in Teams ein und lass den Spa\u00df beginnen. Begib dich gemeinsam auf eine faszinierende Reise, um die Geheimnisse der Niagaraf\u00e4lle zu entdecken.<\/span><\/p>\n<p><span style=\"font-weight: 400\">Die Zeit, die du mit deinen Kindern verbringst, ist unbezahlbar und die Erinnerungen, die ihr gemeinsam aufbaut, sind geistige Nahrung, die du ein Leben lang genie\u00dfen wirst.<\/span><\/p>\n<p><span style=\"font-weight: 400\">Das 1000-teilige Puzzle The Only Route via Niagara Falls &amp; Suspension Bridge kann im Haus aufbewahrt und immer wieder neu gestaltet werden, wenn du das Bed\u00fcrfnis nach einer kreativen Herausforderung versp\u00fcrst. Oder du rahmst es neu ein, nachdem du das Bild bearbeitet hast, und schaust nach anderen Motiven in der 1000 Teile Vintage Poster Puzzle Reihe. Sicherlich werden auch deine Kinder begeistert sein, wenn sie gemeinsam eine tolle Sammlung von alten Puzzlebildern erstellen.<\/span><\/p><\/p>\n","protected":false},"excerpt":{"rendered":"<p>Bist du bereit, eine Werbung aus dem 19. Jahrhundert aus 1000 Puzzleteilen zusammenzusetzen? W\u00e4hle aus unserem Vintage-Puzzle-Sortiment mit einzigartigen Puzzlemotiven<\/p>\n","protected":false},"featured_media":36270,"template":"","meta":[],"product_brand":[],"product_cat":[1916,1875,1915],"product_tag":[],"class_list":{"0":"post-40455","1":"product","2":"type-product","3":"status-publish","4":"has-post-thumbnail","6":"product_cat-1000-teile-puzzle","7":"product_cat-puzzle-de","8":"product_cat-puzzlespiele-fur-erwachsene","9":"pa_brand-d_toys-de","10":"pa_country_of_manufacture-ro-de","11":"pa_filter_age-14-de","12":"pa_painter-vintage-posters","13":"pa_tip_ambalaj-kasten-a4-de","14":"pa_tip_puzzle-klassisch","16":"first","17":"instock","18":"taxable","19":"shipping-taxable","20":"product-type-simple"},"yoast_head":"<!-- This site is optimized with the Yoast SEO plugin v20.1 - https:\/\/yoast.com\/wordpress\/plugins\/seo\/ -->\n<title>Vintage Posters 1000 Piece Adult Puzzle - The Only Route via Niagara Falls &amp; Suspension Bridge<\/title>\n<meta name=\"description\" content=\"Vintage Posters 1000 Piece Adult Puzzle - The Only Route via Niagara Falls &amp; Suspension Bridge\" \/>\n<meta name=\"robots\" content=\"index, follow, max-snippet:-1, max-image-preview:large, max-video-preview:-1\" \/>\n<link rel=\"canonical\" href=\"https:\/\/business.roovi.com\/de\/vintage-posters-1000-piece-adult-puzzle-the-only-route-via-niagara-falls-suspension-bridge\/p\/\" \/>\n<meta property=\"og:locale\" content=\"de_DE\" \/>\n<meta property=\"og:type\" content=\"article\" \/>\n<meta property=\"og:title\" content=\"Vintage Posters 1000 Piece Adult Puzzle - The Only Route via Niagara Falls &amp; Suspension Bridge\" \/>\n<meta property=\"og:description\" content=\"Vintage Posters 1000 Piece Adult Puzzle - The Only Route via Niagara Falls &amp; Suspension Bridge\" \/>\n<meta property=\"og:url\" content=\"https:\/\/business.roovi.com\/de\/vintage-posters-1000-piece-adult-puzzle-the-only-route-via-niagara-falls-suspension-bridge\/p\/\" \/>\n<meta property=\"og:site_name\" content=\"Roovi B2B\" \/>\n<meta property=\"article:publisher\" content=\"https:\/\/www.facebook.com\/wwwjucariero\" \/>\n<meta property=\"article:modified_time\" content=\"2022-07-06T15:09:05+00:00\" \/>\n<meta property=\"og:image\" content=\"https:\/\/business.roovi.com\/wp-content\/uploads\/2018\/08\/67555-19_ansamblu_dimensiuni_cutie_cm_orizontal_1200x1200.png\" \/>\n\t<meta property=\"og:image:width\" content=\"1200\" \/>\n\t<meta property=\"og:image:height\" content=\"1200\" \/>\n\t<meta property=\"og:image:type\" content=\"image\/png\" \/>\n<meta name=\"twitter:label1\" content=\"Gesch\u00e4tzte Lesezeit\" \/>\n\t<meta name=\"twitter:data1\" content=\"3\u00a0Minuten\" \/>\n<script type=\"application\/ld+json\" class=\"yoast-schema-graph\">{\"@context\":\"https:\/\/schema.org\",\"@graph\":[{\"@type\":\"WebPage\",\"@id\":\"https:\/\/business.roovi.com\/de\/vintage-posters-1000-piece-adult-puzzle-the-only-route-via-niagara-falls-suspension-bridge\/p\/\",\"url\":\"https:\/\/business.roovi.com\/de\/vintage-posters-1000-piece-adult-puzzle-the-only-route-via-niagara-falls-suspension-bridge\/p\/\",\"name\":\"Vintage Posters 1000 Piece Adult Puzzle - The Only Route via Niagara Falls &amp; Suspension Bridge\",\"isPartOf\":{\"@id\":\"https:\/\/business.roovi.com\/de\/#website\"},\"datePublished\":\"2018-08-02T08:38:02+00:00\",\"dateModified\":\"2022-07-06T15:09:05+00:00\",\"description\":\"Vintage Posters 1000 Piece Adult Puzzle - The Only Route via Niagara Falls &amp; Suspension Bridge\",\"breadcrumb\":{\"@id\":\"https:\/\/business.roovi.com\/de\/vintage-posters-1000-piece-adult-puzzle-the-only-route-via-niagara-falls-suspension-bridge\/p\/#breadcrumb\"},\"inLanguage\":\"de\",\"potentialAction\":[{\"@type\":\"ReadAction\",\"target\":[\"https:\/\/business.roovi.com\/de\/vintage-posters-1000-piece-adult-puzzle-the-only-route-via-niagara-falls-suspension-bridge\/p\/\"]}]},{\"@type\":\"BreadcrumbList\",\"@id\":\"https:\/\/business.roovi.com\/de\/vintage-posters-1000-piece-adult-puzzle-the-only-route-via-niagara-falls-suspension-bridge\/p\/#breadcrumb\",\"itemListElement\":[{\"@type\":\"ListItem\",\"position\":1,\"name\":\"Home\",\"item\":\"https:\/\/business.roovi.com\/de\/\"},{\"@type\":\"ListItem\",\"position\":2,\"name\":\"Shop\",\"item\":\"https:\/\/business.roovi.com\/de\/shop\/\"},{\"@type\":\"ListItem\",\"position\":3,\"name\":\"Vintage Posters 1000 Piece Adult Puzzle &#8211; The Only Route via Niagara Falls &amp; Suspension Bridge\"}]},{\"@type\":\"WebSite\",\"@id\":\"https:\/\/business.roovi.com\/de\/#website\",\"url\":\"https:\/\/business.roovi.com\/de\/\",\"name\":\"Roovi B2B\",\"description\":\"Roovi Business Website\",\"potentialAction\":[{\"@type\":\"SearchAction\",\"target\":{\"@type\":\"EntryPoint\",\"urlTemplate\":\"https:\/\/business.roovi.com\/de\/?s={search_term_string}\"},\"query-input\":\"required name=search_term_string\"}],\"inLanguage\":\"de\"}]}<\/script>\n<!-- \/ Yoast SEO plugin. -->","yoast_head_json":{"title":"Vintage Posters 1000 Piece Adult Puzzle - The Only Route via Niagara Falls &amp; Suspension Bridge","description":"Vintage Posters 1000 Piece Adult Puzzle - The Only Route via Niagara Falls &amp; Suspension Bridge","robots":{"index":"index","follow":"follow","max-snippet":"max-snippet:-1","max-image-preview":"max-image-preview:large","max-video-preview":"max-video-preview:-1"},"canonical":"https:\/\/business.roovi.com\/de\/vintage-posters-1000-piece-adult-puzzle-the-only-route-via-niagara-falls-suspension-bridge\/p\/","og_locale":"de_DE","og_type":"article","og_title":"Vintage Posters 1000 Piece Adult Puzzle - The Only Route via Niagara Falls &amp; Suspension Bridge","og_description":"Vintage Posters 1000 Piece Adult Puzzle - The Only Route via Niagara Falls &amp; Suspension Bridge","og_url":"https:\/\/business.roovi.com\/de\/vintage-posters-1000-piece-adult-puzzle-the-only-route-via-niagara-falls-suspension-bridge\/p\/","og_site_name":"Roovi B2B","article_publisher":"https:\/\/www.facebook.com\/wwwjucariero","article_modified_time":"2022-07-06T15:09:05+00:00","og_image":[{"width":1200,"height":1200,"url":"https:\/\/business.roovi.com\/wp-content\/uploads\/2018\/08\/67555-19_ansamblu_dimensiuni_cutie_cm_orizontal_1200x1200.png","type":"image\/png"}],"twitter_misc":{"Gesch\u00e4tzte Lesezeit":"3\u00a0Minuten"},"schema":{"@context":"https:\/\/schema.org","@graph":[{"@type":"WebPage","@id":"https:\/\/business.roovi.com\/de\/vintage-posters-1000-piece-adult-puzzle-the-only-route-via-niagara-falls-suspension-bridge\/p\/","url":"https:\/\/business.roovi.com\/de\/vintage-posters-1000-piece-adult-puzzle-the-only-route-via-niagara-falls-suspension-bridge\/p\/","name":"Vintage Posters 1000 Piece Adult Puzzle - The Only Route via Niagara Falls &amp; Suspension Bridge","isPartOf":{"@id":"https:\/\/business.roovi.com\/de\/#website"},"datePublished":"2018-08-02T08:38:02+00:00","dateModified":"2022-07-06T15:09:05+00:00","description":"Vintage Posters 1000 Piece Adult Puzzle - The Only Route via Niagara Falls &amp; Suspension Bridge","breadcrumb":{"@id":"https:\/\/business.roovi.com\/de\/vintage-posters-1000-piece-adult-puzzle-the-only-route-via-niagara-falls-suspension-bridge\/p\/#breadcrumb"},"inLanguage":"de","potentialAction":[{"@type":"ReadAction","target":["https:\/\/business.roovi.com\/de\/vintage-posters-1000-piece-adult-puzzle-the-only-route-via-niagara-falls-suspension-bridge\/p\/"]}]},{"@type":"BreadcrumbList","@id":"https:\/\/business.roovi.com\/de\/vintage-posters-1000-piece-adult-puzzle-the-only-route-via-niagara-falls-suspension-bridge\/p\/#breadcrumb","itemListElement":[{"@type":"ListItem","position":1,"name":"Home","item":"https:\/\/business.roovi.com\/de\/"},{"@type":"ListItem","position":2,"name":"Shop","item":"https:\/\/business.roovi.com\/de\/shop\/"},{"@type":"ListItem","position":3,"name":"Vintage Posters 1000 Piece Adult Puzzle &#8211; The Only Route via Niagara Falls &amp; Suspension Bridge"}]},{"@type":"WebSite","@id":"https:\/\/business.roovi.com\/de\/#website","url":"https:\/\/business.roovi.com\/de\/","name":"Roovi B2B","description":"Roovi Business Website","potentialAction":[{"@type":"SearchAction","target":{"@type":"EntryPoint","urlTemplate":"https:\/\/business.roovi.com\/de\/?s={search_term_string}"},"query-input":"required name=search_term_string"}],"inLanguage":"de"}]}},"_links":{"self":[{"href":"https:\/\/business.roovi.com\/de\/wp-json\/wp\/v2\/product\/40455","targetHints":{"allow":["GET"]}}],"collection":[{"href":"https:\/\/business.roovi.com\/de\/wp-json\/wp\/v2\/product"}],"about":[{"href":"https:\/\/business.roovi.com\/de\/wp-json\/wp\/v2\/types\/product"}],"version-history":[{"count":0,"href":"https:\/\/business.roovi.com\/de\/wp-json\/wp\/v2\/product\/40455\/revisions"}],"wp:featuredmedia":[{"embeddable":true,"href":"https:\/\/business.roovi.com\/de\/wp-json\/wp\/v2\/media\/36270"}],"wp:attachment":[{"href":"https:\/\/business.roovi.com\/de\/wp-json\/wp\/v2\/media?parent=40455"}],"wp:term":[{"taxonomy":"product_brand","embeddable":true,"href":"https:\/\/business.roovi.com\/de\/wp-json\/wp\/v2\/product_brand?post=40455"},{"taxonomy":"product_cat","embeddable":true,"href":"https:\/\/business.roovi.com\/de\/wp-json\/wp\/v2\/product_cat?post=40455"},{"taxonomy":"product_tag","embeddable":true,"href":"https:\/\/business.roovi.com\/de\/wp-json\/wp\/v2\/product_tag?post=40455"}],"curies":[{"name":"wp","href":"https:\/\/api.w.org\/{rel}","templated":true}]}}