{"id":40495,"date":"2018-08-02T08:38:01","date_gmt":"2018-08-02T08:38:01","guid":{"rendered":"https:\/\/business.roovi.com\/puzzle-adulti-1000-piese-vintage-collage-paper-money-bancnote\/p\/"},"modified":"2022-07-06T15:09:53","modified_gmt":"2022-07-06T15:09:53","slug":"adult-1000-pieces-vintage-collage-puzzle-paper-money-banknotes","status":"publish","type":"product","link":"https:\/\/business.roovi.com\/de\/adult-1000-pieces-vintage-collage-puzzle-paper-money-banknotes\/p\/","title":{"rendered":"Adult 1000 pieces Vintage Collage Puzzle &#8211; Paper Money \/ Banknotes"},"content":{"rendered":"<p><span style=\"font-weight: 400\">Das 1000-teilige Papiergeld-Puzzle aus der Vintage-Puzzle-Kollektion fordert dich heraus, ein echter Schatzsucher zu sein, der die wertvollsten Geldscheine der Welt entdeckt.<\/span><\/p>\n<p><span style=\"font-weight: 400\">Bist du bereit, das Puzzlespiel auf die n\u00e4chste Stufe zu heben? Das Papiergeldmodell in der 1000-teiligen Vintage-Collage-Puzzle-Kollektion wird sicher deine ganze Aufmerksamkeit fordern. Das 1000-Teile-Papiergeld-Puzzle ist eine Illustration vieler Banknoten aus verschiedenen Ecken der Welt, aus vergangenen Zeiten, aber auch n\u00e4her an der heutigen Zeit.<\/span><\/p>\n<p><span style=\"font-weight: 400\">Dieses komplexe Puzzle wird dich an das Hobby des Banknotensammelns erinnern, das du vielleicht als Kind hattest. Oder deine aktuelle Leidenschaft f\u00fcr Vintage-Kunst. In welche dieser Kategorien du auch immer f\u00e4llst, das 1000-teilige Banknotenpuzzle fordert dich auf, Abenteuer zu erleben und zu lernen <\/span><\/p>\n<p><span style=\"font-weight: 400\">Du kannst einen normalen Couchtisch verwenden, um das Bild im 1000-Teile-Puzzle nachzubilden. Das Bild, das du bekommst, ist 50 x 70 cm gro\u00df.<\/span><\/p>\n<p><span style=\"font-weight: 400\">Weitere Merkmale des Vintage College Puzzles &#8211; Banknoten:<\/span><\/p>\n<p><strong>Gr\u00f6\u00dfe des rekonstruierten Bildes: 50 x 70 cm.<\/strong><\/p>\n<p><strong>Puzzle-Material <\/strong><\/p>\n<p><strong>hochwertiger blauer Karton<\/strong><\/p>\n<p><strong>nachhaltige, recycelbare Materialien<\/strong><\/p>\n<p><strong>halbgl\u00e4nzende Oberfl\u00e4che, leuchtende Farben<\/strong><\/p>\n<p><strong>Anzahl der Puzzleteile: 1000<\/strong><\/p>\n<p><strong>Empfohlenes Alter: 14+<\/strong><\/p>\n<p><strong>Warum ist so besonders 1000 Teile Vintage-Collage-Puzzle &#8211; Papiergeld<\/strong><span style=\"font-weight: 400\">?<\/span><\/p>\n<p><span style=\"font-weight: 400\">Entwickelt deine Aufmerksamkeit f\u00fcr Details und deine Konzentrationsf\u00e4higkeit.<\/span><\/p>\n<p><span style=\"font-weight: 400\">Es ist ein komplettes mentales Training, das dein Gehirn gesund h\u00e4lt.<\/span><\/p>\n<p><span style=\"font-weight: 400\">Du erh\u00e4ltst ein atemberaubendes Vintage-Kunstwerk, das deinem Zuhause einen besonderen Touch verleiht.<\/span><\/p>\n<p><span style=\"font-weight: 400\">Es ist eine Gelegenheit, bis zu 30 Stunden von deinen Bildschirmen losgel\u00f6st zu sein.<\/span><\/p>\n<p><span style=\"font-weight: 400\">Es kann auch eine gute Gelegenheit sein, Zeit mit Freunden zu verbringen.<\/span><\/p>\n<p><strong>Wusstest du schon&#8230;?<\/strong><\/p>\n<p><span style=\"font-weight: 400\">Die \u00e4lteste noch erhaltene Banknote der Welt ist chinesischen Ursprungs, stammt aus dem Jahr 1375 und kann noch heute im Britischen Museum bewundert werden.<\/span><\/p>\n<p><span style=\"font-weight: 400\">Rum\u00e4nien ist das erste Land in Europa, das Geldscheine auf Plastik druckt.<\/span><\/p>\n<p><span style=\"font-weight: 400\">K\u00f6nigin Elisabeth II. ist die k\u00f6nigliche Figur, die auf Banknoten aus mehr als 30 L\u00e4ndern zu sehen ist.<\/span><\/p>\n<p><span style=\"font-weight: 400\">Rum\u00e4nien h\u00e4lt den Rekord f\u00fcr die kleinste Banknote der Welt. Es ist der 10-Bani-Schein, der 1917 von K\u00f6nig Ferdinand ausgegeben wurde <\/span><\/p>\n<p><strong>1000 Teile Vintage-Collage-Puzzle &#8211; Geldscheine zum Entspannen und Abschalten<\/strong><\/p>\n<p><span style=\"font-weight: 400\">Entdecke einen Weg, deinen Geist von negativen Gedanken und Energien zu befreien, in diesem Puzzlespiel mit hohem Schwierigkeitsgrad. Suche wie ein echter Detektiv nach den richtigen St\u00fccken, lege sie an die richtigen Stellen und sammle die komplette Sammlung von Banknoten aus der ganzen Welt. Du bist vielleicht nicht materiell reicher, aber deine Seele ist sicherlich um eine kreative Erfahrung reicher.<\/span><\/p>\n<p><span style=\"font-weight: 400\">Das Gef\u00fchl der Abgeschiedenheit und Entspannung h\u00e4lt lange an und hilft dir:<\/span><\/p>\n<ul>\n<li><span style=\"font-weight: 400\">Sei optimistischer.<\/span><\/li>\n<li><span style=\"font-weight: 400\">Habe mehr Vertrauen in deine St\u00e4rken<\/span><\/li>\n<li><span style=\"font-weight: 400\">Besser schlafen.<\/span><\/li>\n<li><span style=\"font-weight: 400\">Sei weniger gestresst.<\/span><\/li>\n<\/ul>\n<p><span style=\"font-weight: 400\">W\u00e4hle das 1000-Teile-Puzzle &#8211; Banknoten aus der Vintage-Puzzle-Kollektion und genie\u00dfe alle Vorteile, die ein Puzzlespiel zu bieten hat. Oder fordere einen Freund zu einer kreativen T\u00e4tigkeit heraus, indem du ihm dieses wunderbare 1000-Teile-Puzzle schenkst.<\/span><\/p><\/p>\n","protected":false},"excerpt":{"rendered":"<p>Das 1000-teilige Papiergeld-Puzzle aus der Vintage-Puzzle-Kollektion fordert dich heraus, ein echter Schatzsucher zu sein, der die wertvollsten Geldscheine der Welt<\/p>\n","protected":false},"featured_media":36156,"template":"","meta":[],"product_brand":[],"product_cat":[1916,1875,1915],"product_tag":[],"class_list":{"0":"post-40495","1":"product","2":"type-product","3":"status-publish","4":"has-post-thumbnail","6":"product_cat-1000-teile-puzzle","7":"product_cat-puzzle-de","8":"product_cat-puzzlespiele-fur-erwachsene","9":"pa_bax-10-de","10":"pa_brand-d_toys-de","11":"pa_country_of_manufacture-ro-de","12":"pa_filter_age-14-de","13":"pa_painter-vintage-collage","14":"pa_tip_ambalaj-kasten-a4-de","15":"pa_tip_puzzle-klassisch","17":"first","18":"instock","19":"taxable","20":"shipping-taxable","21":"product-type-simple"},"yoast_head":"<!-- This site is optimized with the Yoast SEO plugin v20.1 - https:\/\/yoast.com\/wordpress\/plugins\/seo\/ -->\n<title>Adult 1000 pieces Vintage Collage Puzzle - Paper Money \/ Banknotes<\/title>\n<meta name=\"description\" content=\"Adult 1000 pieces Vintage Collage Puzzle - Paper Money \/ Banknotes\" \/>\n<meta name=\"robots\" content=\"index, follow, max-snippet:-1, max-image-preview:large, max-video-preview:-1\" \/>\n<link rel=\"canonical\" href=\"https:\/\/business.roovi.com\/de\/adult-1000-pieces-vintage-collage-puzzle-paper-money-banknotes\/p\/\" \/>\n<meta property=\"og:locale\" content=\"de_DE\" \/>\n<meta property=\"og:type\" content=\"article\" \/>\n<meta property=\"og:title\" content=\"Adult 1000 pieces Vintage Collage Puzzle - Paper Money \/ Banknotes\" \/>\n<meta property=\"og:description\" content=\"Adult 1000 pieces Vintage Collage Puzzle - Paper Money \/ Banknotes\" \/>\n<meta property=\"og:url\" content=\"https:\/\/business.roovi.com\/de\/adult-1000-pieces-vintage-collage-puzzle-paper-money-banknotes\/p\/\" \/>\n<meta property=\"og:site_name\" content=\"Roovi B2B\" \/>\n<meta property=\"article:publisher\" content=\"https:\/\/www.facebook.com\/wwwjucariero\" \/>\n<meta property=\"article:modified_time\" content=\"2022-07-06T15:09:53+00:00\" \/>\n<meta property=\"og:image\" content=\"https:\/\/business.roovi.com\/wp-content\/uploads\/2018\/08\/74362-04_ansamblu_dimensiuni_cutie_cm_vertical_1200x1200.png\" \/>\n\t<meta property=\"og:image:width\" content=\"1200\" \/>\n\t<meta property=\"og:image:height\" content=\"1200\" \/>\n\t<meta property=\"og:image:type\" content=\"image\/png\" \/>\n<meta name=\"twitter:label1\" content=\"Gesch\u00e4tzte Lesezeit\" \/>\n\t<meta name=\"twitter:data1\" content=\"2\u00a0Minuten\" \/>\n<script type=\"application\/ld+json\" class=\"yoast-schema-graph\">{\"@context\":\"https:\/\/schema.org\",\"@graph\":[{\"@type\":\"WebPage\",\"@id\":\"https:\/\/business.roovi.com\/de\/adult-1000-pieces-vintage-collage-puzzle-paper-money-banknotes\/p\/\",\"url\":\"https:\/\/business.roovi.com\/de\/adult-1000-pieces-vintage-collage-puzzle-paper-money-banknotes\/p\/\",\"name\":\"Adult 1000 pieces Vintage Collage Puzzle - Paper Money \/ Banknotes\",\"isPartOf\":{\"@id\":\"https:\/\/business.roovi.com\/de\/#website\"},\"datePublished\":\"2018-08-02T08:38:01+00:00\",\"dateModified\":\"2022-07-06T15:09:53+00:00\",\"description\":\"Adult 1000 pieces Vintage Collage Puzzle - Paper Money \/ Banknotes\",\"breadcrumb\":{\"@id\":\"https:\/\/business.roovi.com\/de\/adult-1000-pieces-vintage-collage-puzzle-paper-money-banknotes\/p\/#breadcrumb\"},\"inLanguage\":\"de\",\"potentialAction\":[{\"@type\":\"ReadAction\",\"target\":[\"https:\/\/business.roovi.com\/de\/adult-1000-pieces-vintage-collage-puzzle-paper-money-banknotes\/p\/\"]}]},{\"@type\":\"BreadcrumbList\",\"@id\":\"https:\/\/business.roovi.com\/de\/adult-1000-pieces-vintage-collage-puzzle-paper-money-banknotes\/p\/#breadcrumb\",\"itemListElement\":[{\"@type\":\"ListItem\",\"position\":1,\"name\":\"Home\",\"item\":\"https:\/\/business.roovi.com\/de\/\"},{\"@type\":\"ListItem\",\"position\":2,\"name\":\"Shop\",\"item\":\"https:\/\/business.roovi.com\/de\/shop\/\"},{\"@type\":\"ListItem\",\"position\":3,\"name\":\"Adult 1000 pieces Vintage Collage Puzzle &#8211; Paper Money \/ Banknotes\"}]},{\"@type\":\"WebSite\",\"@id\":\"https:\/\/business.roovi.com\/de\/#website\",\"url\":\"https:\/\/business.roovi.com\/de\/\",\"name\":\"Roovi B2B\",\"description\":\"Roovi Business Website\",\"potentialAction\":[{\"@type\":\"SearchAction\",\"target\":{\"@type\":\"EntryPoint\",\"urlTemplate\":\"https:\/\/business.roovi.com\/de\/?s={search_term_string}\"},\"query-input\":\"required name=search_term_string\"}],\"inLanguage\":\"de\"}]}<\/script>\n<!-- \/ Yoast SEO plugin. -->","yoast_head_json":{"title":"Adult 1000 pieces Vintage Collage Puzzle - Paper Money \/ Banknotes","description":"Adult 1000 pieces Vintage Collage Puzzle - Paper Money \/ Banknotes","robots":{"index":"index","follow":"follow","max-snippet":"max-snippet:-1","max-image-preview":"max-image-preview:large","max-video-preview":"max-video-preview:-1"},"canonical":"https:\/\/business.roovi.com\/de\/adult-1000-pieces-vintage-collage-puzzle-paper-money-banknotes\/p\/","og_locale":"de_DE","og_type":"article","og_title":"Adult 1000 pieces Vintage Collage Puzzle - Paper Money \/ Banknotes","og_description":"Adult 1000 pieces Vintage Collage Puzzle - Paper Money \/ Banknotes","og_url":"https:\/\/business.roovi.com\/de\/adult-1000-pieces-vintage-collage-puzzle-paper-money-banknotes\/p\/","og_site_name":"Roovi B2B","article_publisher":"https:\/\/www.facebook.com\/wwwjucariero","article_modified_time":"2022-07-06T15:09:53+00:00","og_image":[{"width":1200,"height":1200,"url":"https:\/\/business.roovi.com\/wp-content\/uploads\/2018\/08\/74362-04_ansamblu_dimensiuni_cutie_cm_vertical_1200x1200.png","type":"image\/png"}],"twitter_misc":{"Gesch\u00e4tzte Lesezeit":"2\u00a0Minuten"},"schema":{"@context":"https:\/\/schema.org","@graph":[{"@type":"WebPage","@id":"https:\/\/business.roovi.com\/de\/adult-1000-pieces-vintage-collage-puzzle-paper-money-banknotes\/p\/","url":"https:\/\/business.roovi.com\/de\/adult-1000-pieces-vintage-collage-puzzle-paper-money-banknotes\/p\/","name":"Adult 1000 pieces Vintage Collage Puzzle - Paper Money \/ Banknotes","isPartOf":{"@id":"https:\/\/business.roovi.com\/de\/#website"},"datePublished":"2018-08-02T08:38:01+00:00","dateModified":"2022-07-06T15:09:53+00:00","description":"Adult 1000 pieces Vintage Collage Puzzle - Paper Money \/ Banknotes","breadcrumb":{"@id":"https:\/\/business.roovi.com\/de\/adult-1000-pieces-vintage-collage-puzzle-paper-money-banknotes\/p\/#breadcrumb"},"inLanguage":"de","potentialAction":[{"@type":"ReadAction","target":["https:\/\/business.roovi.com\/de\/adult-1000-pieces-vintage-collage-puzzle-paper-money-banknotes\/p\/"]}]},{"@type":"BreadcrumbList","@id":"https:\/\/business.roovi.com\/de\/adult-1000-pieces-vintage-collage-puzzle-paper-money-banknotes\/p\/#breadcrumb","itemListElement":[{"@type":"ListItem","position":1,"name":"Home","item":"https:\/\/business.roovi.com\/de\/"},{"@type":"ListItem","position":2,"name":"Shop","item":"https:\/\/business.roovi.com\/de\/shop\/"},{"@type":"ListItem","position":3,"name":"Adult 1000 pieces Vintage Collage Puzzle &#8211; Paper Money \/ Banknotes"}]},{"@type":"WebSite","@id":"https:\/\/business.roovi.com\/de\/#website","url":"https:\/\/business.roovi.com\/de\/","name":"Roovi B2B","description":"Roovi Business Website","potentialAction":[{"@type":"SearchAction","target":{"@type":"EntryPoint","urlTemplate":"https:\/\/business.roovi.com\/de\/?s={search_term_string}"},"query-input":"required name=search_term_string"}],"inLanguage":"de"}]}},"_links":{"self":[{"href":"https:\/\/business.roovi.com\/de\/wp-json\/wp\/v2\/product\/40495","targetHints":{"allow":["GET"]}}],"collection":[{"href":"https:\/\/business.roovi.com\/de\/wp-json\/wp\/v2\/product"}],"about":[{"href":"https:\/\/business.roovi.com\/de\/wp-json\/wp\/v2\/types\/product"}],"version-history":[{"count":0,"href":"https:\/\/business.roovi.com\/de\/wp-json\/wp\/v2\/product\/40495\/revisions"}],"wp:featuredmedia":[{"embeddable":true,"href":"https:\/\/business.roovi.com\/de\/wp-json\/wp\/v2\/media\/36156"}],"wp:attachment":[{"href":"https:\/\/business.roovi.com\/de\/wp-json\/wp\/v2\/media?parent=40495"}],"wp:term":[{"taxonomy":"product_brand","embeddable":true,"href":"https:\/\/business.roovi.com\/de\/wp-json\/wp\/v2\/product_brand?post=40495"},{"taxonomy":"product_cat","embeddable":true,"href":"https:\/\/business.roovi.com\/de\/wp-json\/wp\/v2\/product_cat?post=40495"},{"taxonomy":"product_tag","embeddable":true,"href":"https:\/\/business.roovi.com\/de\/wp-json\/wp\/v2\/product_tag?post=40495"}],"curies":[{"name":"wp","href":"https:\/\/api.w.org\/{rel}","templated":true}]}}