{"id":40499,"date":"2018-08-02T08:38:01","date_gmt":"2018-08-02T08:38:01","guid":{"rendered":"https:\/\/business.roovi.com\/puzzle-adulti-1000-piese-vintage-collage-bicycles-biciclete\/p\/"},"modified":"2022-07-06T15:14:06","modified_gmt":"2022-07-06T15:14:06","slug":"adult-1000-pieces-vintage-collage-puzzle-bicycles","status":"publish","type":"product","link":"https:\/\/business.roovi.com\/de\/adult-1000-pieces-vintage-collage-puzzle-bicycles\/p\/","title":{"rendered":"Adult 1000 pieces Vintage Collage Puzzle &#8211; Bicycles"},"content":{"rendered":"<p><span style=\"font-weight: 400\">Du hast eine Leidenschaft f\u00fcr Kunst und Vintage-Sammlungen? Mach einen virtuellen Rundgang durch unsere 1000-teilige Vintage-Collage-Puzzle-Galerie. W\u00e4hle deine Lieblingsillustrationen aus, erstelle Bilder aus 1000 Puzzleteilen und genie\u00dfe eine wundersch\u00f6ne Sammlung im Vintage-Stil.<\/span><\/p>\n<p><span style=\"font-weight: 400\">Das 1000-teilige Vintage Collage Puzzle &#8211; Bicycles vereint Dutzende von fr\u00fchen Werbeplakaten f\u00fcr dieses beliebte Verkehrsmittel. Es weckt deine Sehnsucht nach der Vergangenheit und nimmt dich mit in die fr\u00fche Geschichte dieses Fahrzeugs.<\/span><\/p>\n<p><span style=\"font-weight: 400\">Das moderne Fahrrad stammt aus dem sp\u00e4ten 19. Jahrhundert. Schon damals warben die Hersteller in verschiedenen Formen f\u00fcr ihr Produkt. Alte Plakate haben einzigartige Bilder und vermitteln aussagekr\u00e4ftige Botschaften, die nicht nur eine neue Erfindung, sondern den gesamten Fortschritt der Menschheit markieren.<\/span><\/p>\n<p><span style=\"font-weight: 400\">Wir laden dich ein, diese Reise in die Vergangenheit des Fahrrads zu unternehmen und ein einzigartiges mentales Training zu absolvieren. Setze St\u00fcck f\u00fcr St\u00fcck die kleinen Plakate in der Collage zusammen und entdecke ihre Botschaften. Genie\u00dfe eine fabelhafte Reise und ein wertvolles Kunstwerk.<\/span><\/p>\n<p><span style=\"font-weight: 400\">Features 1000 Piece Vintage Collage Puzzle &#8211; Bicycles\/Bicycles:<\/span><\/p>\n<p><strong>Gr\u00f6\u00dfe des rekonstruierten Bildes: 50 x 70 cm.<\/strong><\/p>\n<p><strong>Puzzle-Material <\/strong><\/p>\n<p><strong>hochwertiger blauer Karton<\/strong><\/p>\n<p><strong>nachhaltige, recycelbare Materialien<\/strong><\/p>\n<p><strong>halbgl\u00e4nzende Oberfl\u00e4che, leuchtende Farben<\/strong><\/p>\n<p><strong>Anzahl der Puzzleteile: 1000<\/strong><\/p>\n<p><strong>Empfohlenes Alter: 14+<\/strong><\/p>\n<p><strong>Warum solltest du dich f\u00fcr das 1000-Teile-Puzzle Vintage entscheiden?<\/strong><\/p>\n<p><span style=\"font-weight: 400\">Du genie\u00dft eine entspannende Aktivit\u00e4t.<\/span><\/p>\n<p><span style=\"font-weight: 400\">Verwandle ein einzigartiges 1000-Teile-Puzzle-Bild in ein Sammlergem\u00e4lde.<\/span><\/p>\n<p><span style=\"font-weight: 400\">Du dekorierst dein Zuhause mit Geschmack, in einem Stil, der nie aus der Mode kommt.<\/span><\/p>\n<p><span style=\"font-weight: 400\">Raus aus deiner Komfortzone und aus der Langeweile und lass deinen Geist arbeiten.<\/span><\/p>\n<p><span style=\"font-weight: 400\">Du trainierst deine Aufmerksamkeit f\u00fcr Details und deine Konzentrationsf\u00e4higkeit.<\/span><\/p>\n<p><span style=\"font-weight: 400\">Du wirst geschickt darin, Puzzlespiele zusammenzusetzen und steigst in einen h\u00f6heren Schwierigkeitsgrad auf.<\/span><\/p>\n<p><strong>Wusstest du, dass&#8230;<\/strong><\/p>\n<p><span style=\"font-weight: 400\">Das erste Fahrrad der Geschichte hie\u00df<\/span><em><span style=\"font-weight: 400\"> laufende Maschine <\/span><\/em><span style=\"font-weight: 400\">und wurde 1817 von einem deutschen Baron erfunden.<\/span><\/p>\n<p><span style=\"font-weight: 400\">Weltweit gibt es doppelt so viele Fahrr\u00e4der wie Autos.<\/span><\/p>\n<p><span style=\"font-weight: 400\">7 von 8 Niederl\u00e4ndern \u00fcber 15 Jahren besitzen ein Fahrrad.<\/span><\/p>\n<p><span style=\"font-weight: 400\">Die erste Frau, die mit dem Fahrrad die Welt umrundete, war <\/span><span style=\"font-weight: 400\">Annie Londonderry, eine in den USA lebende J\u00fcdin. Das geschah am Ende des 19. Jahrhunderts.<\/span><\/p>\n<p><span style=\"font-weight: 400\">Mi\u021ba Biciclista soll in der Person von Maria Mih\u0103escu existieren, einer exzentrischen rum\u00e4nischen Frau aus der Zwischenkriegszeit, die f\u00fcr ihre Sch\u00f6nheit ber\u00fchmt war und als erste Frau in Rum\u00e4nien Fahrrad fuhr.<\/span><\/p>\n<p><strong>1000 Teile Puzzle<span style=\"font-weight: 400\"> <strong>Vintage Collage &#8211; Fahrr\u00e4der<\/strong><\/span> &#8211; ein Familienabenteuer<\/strong><\/p>\n<p><span style=\"font-weight: 400\">Du m\u00f6chtest mehr Zeit mit deinen Kindern verbringen und wei\u00dft nicht, wie du eine Aktivit\u00e4t organisieren sollst, die ihnen gef\u00e4llt? Wir haben eine Idee: Bereite so viele neue Informationen \u00fcber Fahrr\u00e4der vor, wie du kannst &#8211; einige davon haben wir dir oben gegeben &#8211; entwickle eine faszinierende Geschichte \u00fcber dieses wunderbare Fahrzeug und fordere sie auf, aus 1000 Puzzleteilen ein Bild der \u00e4ltesten Fahrradmodelle zu machen.<\/span><\/p>\n<p><span style=\"font-weight: 400\">Der Spa\u00df ist garantiert, und du weckst ihren Appetit auf Wissen und R\u00e4tselspiele, die f\u00fcr alle Altersgruppen von Nutzen sind. Entscheide dich also f\u00fcr dieses faszinierende 1000-Teile-Puzzle und begib dich auf ein kreatives Familienabenteuer.<\/span><\/p>\n<p><span style=\"font-weight: 400\">Ganz gleich, ob du dich f\u00fcr das 1000-teilige Puzzle Vintage Collage &#8211; Bicycles entscheidest, weil du dich f\u00fcr Vintage-Kunst interessierst oder einfach nur, um die Monotonie der Momente zu unterbrechen, in denen du nicht wei\u00dft, was du tun sollst, dieses Puzzle wird dich gleicherma\u00dfen begeistern und inspirieren <\/span><\/p>\n<p><span style=\"font-weight: 400\">Es ist auch das ideale Weihnachts- oder Geburtstagsgeschenk f\u00fcr Familienmitglieder oder Freunde, die sich f\u00fcr Puzzlespiele begeistern.<\/span><\/p><\/p>\n","protected":false},"excerpt":{"rendered":"<p>Du hast eine Leidenschaft f\u00fcr Kunst und Vintage-Sammlungen? Mach einen virtuellen Rundgang durch unsere 1000-teilige Vintage-Collage-Puzzle-Galerie. W\u00e4hle deine Lieblingsillustrationen aus,<\/p>\n","protected":false},"featured_media":36170,"template":"","meta":[],"product_brand":[],"product_cat":[1916,1875,1915],"product_tag":[],"class_list":{"0":"post-40499","1":"product","2":"type-product","3":"status-publish","4":"has-post-thumbnail","6":"product_cat-1000-teile-puzzle","7":"product_cat-puzzle-de","8":"product_cat-puzzlespiele-fur-erwachsene","9":"pa_bax-10-de","10":"pa_brand-d_toys-de","11":"pa_country_of_manufacture-ro-de","12":"pa_filter_age-14-de","13":"pa_painter-vintage-collage","14":"pa_tip_ambalaj-kasten-a4-de","15":"pa_tip_puzzle-klassisch","17":"first","18":"instock","19":"taxable","20":"shipping-taxable","21":"product-type-simple"},"yoast_head":"<!-- This site is optimized with the Yoast SEO plugin v20.1 - https:\/\/yoast.com\/wordpress\/plugins\/seo\/ -->\n<title>Adult 1000 pieces Vintage Collage Puzzle - Bicycles<\/title>\n<meta name=\"description\" content=\"Adult 1000 pieces Vintage Collage Puzzle - Bicycles\" \/>\n<meta name=\"robots\" content=\"index, follow, max-snippet:-1, max-image-preview:large, max-video-preview:-1\" \/>\n<link rel=\"canonical\" href=\"https:\/\/business.roovi.com\/de\/adult-1000-pieces-vintage-collage-puzzle-bicycles\/p\/\" \/>\n<meta property=\"og:locale\" content=\"de_DE\" \/>\n<meta property=\"og:type\" content=\"article\" \/>\n<meta property=\"og:title\" content=\"Adult 1000 pieces Vintage Collage Puzzle - Bicycles\" \/>\n<meta property=\"og:description\" content=\"Adult 1000 pieces Vintage Collage Puzzle - Bicycles\" \/>\n<meta property=\"og:url\" content=\"https:\/\/business.roovi.com\/de\/adult-1000-pieces-vintage-collage-puzzle-bicycles\/p\/\" \/>\n<meta property=\"og:site_name\" content=\"Roovi B2B\" \/>\n<meta property=\"article:publisher\" content=\"https:\/\/www.facebook.com\/wwwjucariero\" \/>\n<meta property=\"article:modified_time\" content=\"2022-07-06T15:14:06+00:00\" \/>\n<meta property=\"og:image\" content=\"https:\/\/business.roovi.com\/wp-content\/uploads\/2018\/08\/74362-05_ansamblu_dimensiuni_cutie_cm_orizontal_1200x1200.png\" \/>\n\t<meta property=\"og:image:width\" content=\"1200\" \/>\n\t<meta property=\"og:image:height\" content=\"1200\" \/>\n\t<meta property=\"og:image:type\" content=\"image\/png\" \/>\n<meta name=\"twitter:label1\" content=\"Gesch\u00e4tzte Lesezeit\" \/>\n\t<meta name=\"twitter:data1\" content=\"3\u00a0Minuten\" \/>\n<script type=\"application\/ld+json\" class=\"yoast-schema-graph\">{\"@context\":\"https:\/\/schema.org\",\"@graph\":[{\"@type\":\"WebPage\",\"@id\":\"https:\/\/business.roovi.com\/de\/adult-1000-pieces-vintage-collage-puzzle-bicycles\/p\/\",\"url\":\"https:\/\/business.roovi.com\/de\/adult-1000-pieces-vintage-collage-puzzle-bicycles\/p\/\",\"name\":\"Adult 1000 pieces Vintage Collage Puzzle - Bicycles\",\"isPartOf\":{\"@id\":\"https:\/\/business.roovi.com\/de\/#website\"},\"datePublished\":\"2018-08-02T08:38:01+00:00\",\"dateModified\":\"2022-07-06T15:14:06+00:00\",\"description\":\"Adult 1000 pieces Vintage Collage Puzzle - Bicycles\",\"breadcrumb\":{\"@id\":\"https:\/\/business.roovi.com\/de\/adult-1000-pieces-vintage-collage-puzzle-bicycles\/p\/#breadcrumb\"},\"inLanguage\":\"de\",\"potentialAction\":[{\"@type\":\"ReadAction\",\"target\":[\"https:\/\/business.roovi.com\/de\/adult-1000-pieces-vintage-collage-puzzle-bicycles\/p\/\"]}]},{\"@type\":\"BreadcrumbList\",\"@id\":\"https:\/\/business.roovi.com\/de\/adult-1000-pieces-vintage-collage-puzzle-bicycles\/p\/#breadcrumb\",\"itemListElement\":[{\"@type\":\"ListItem\",\"position\":1,\"name\":\"Home\",\"item\":\"https:\/\/business.roovi.com\/de\/\"},{\"@type\":\"ListItem\",\"position\":2,\"name\":\"Shop\",\"item\":\"https:\/\/business.roovi.com\/de\/shop\/\"},{\"@type\":\"ListItem\",\"position\":3,\"name\":\"Adult 1000 pieces Vintage Collage Puzzle &#8211; Bicycles\"}]},{\"@type\":\"WebSite\",\"@id\":\"https:\/\/business.roovi.com\/de\/#website\",\"url\":\"https:\/\/business.roovi.com\/de\/\",\"name\":\"Roovi B2B\",\"description\":\"Roovi Business Website\",\"potentialAction\":[{\"@type\":\"SearchAction\",\"target\":{\"@type\":\"EntryPoint\",\"urlTemplate\":\"https:\/\/business.roovi.com\/de\/?s={search_term_string}\"},\"query-input\":\"required name=search_term_string\"}],\"inLanguage\":\"de\"}]}<\/script>\n<!-- \/ Yoast SEO plugin. -->","yoast_head_json":{"title":"Adult 1000 pieces Vintage Collage Puzzle - Bicycles","description":"Adult 1000 pieces Vintage Collage Puzzle - Bicycles","robots":{"index":"index","follow":"follow","max-snippet":"max-snippet:-1","max-image-preview":"max-image-preview:large","max-video-preview":"max-video-preview:-1"},"canonical":"https:\/\/business.roovi.com\/de\/adult-1000-pieces-vintage-collage-puzzle-bicycles\/p\/","og_locale":"de_DE","og_type":"article","og_title":"Adult 1000 pieces Vintage Collage Puzzle - Bicycles","og_description":"Adult 1000 pieces Vintage Collage Puzzle - Bicycles","og_url":"https:\/\/business.roovi.com\/de\/adult-1000-pieces-vintage-collage-puzzle-bicycles\/p\/","og_site_name":"Roovi B2B","article_publisher":"https:\/\/www.facebook.com\/wwwjucariero","article_modified_time":"2022-07-06T15:14:06+00:00","og_image":[{"width":1200,"height":1200,"url":"https:\/\/business.roovi.com\/wp-content\/uploads\/2018\/08\/74362-05_ansamblu_dimensiuni_cutie_cm_orizontal_1200x1200.png","type":"image\/png"}],"twitter_misc":{"Gesch\u00e4tzte Lesezeit":"3\u00a0Minuten"},"schema":{"@context":"https:\/\/schema.org","@graph":[{"@type":"WebPage","@id":"https:\/\/business.roovi.com\/de\/adult-1000-pieces-vintage-collage-puzzle-bicycles\/p\/","url":"https:\/\/business.roovi.com\/de\/adult-1000-pieces-vintage-collage-puzzle-bicycles\/p\/","name":"Adult 1000 pieces Vintage Collage Puzzle - Bicycles","isPartOf":{"@id":"https:\/\/business.roovi.com\/de\/#website"},"datePublished":"2018-08-02T08:38:01+00:00","dateModified":"2022-07-06T15:14:06+00:00","description":"Adult 1000 pieces Vintage Collage Puzzle - Bicycles","breadcrumb":{"@id":"https:\/\/business.roovi.com\/de\/adult-1000-pieces-vintage-collage-puzzle-bicycles\/p\/#breadcrumb"},"inLanguage":"de","potentialAction":[{"@type":"ReadAction","target":["https:\/\/business.roovi.com\/de\/adult-1000-pieces-vintage-collage-puzzle-bicycles\/p\/"]}]},{"@type":"BreadcrumbList","@id":"https:\/\/business.roovi.com\/de\/adult-1000-pieces-vintage-collage-puzzle-bicycles\/p\/#breadcrumb","itemListElement":[{"@type":"ListItem","position":1,"name":"Home","item":"https:\/\/business.roovi.com\/de\/"},{"@type":"ListItem","position":2,"name":"Shop","item":"https:\/\/business.roovi.com\/de\/shop\/"},{"@type":"ListItem","position":3,"name":"Adult 1000 pieces Vintage Collage Puzzle &#8211; Bicycles"}]},{"@type":"WebSite","@id":"https:\/\/business.roovi.com\/de\/#website","url":"https:\/\/business.roovi.com\/de\/","name":"Roovi B2B","description":"Roovi Business Website","potentialAction":[{"@type":"SearchAction","target":{"@type":"EntryPoint","urlTemplate":"https:\/\/business.roovi.com\/de\/?s={search_term_string}"},"query-input":"required name=search_term_string"}],"inLanguage":"de"}]}},"_links":{"self":[{"href":"https:\/\/business.roovi.com\/de\/wp-json\/wp\/v2\/product\/40499","targetHints":{"allow":["GET"]}}],"collection":[{"href":"https:\/\/business.roovi.com\/de\/wp-json\/wp\/v2\/product"}],"about":[{"href":"https:\/\/business.roovi.com\/de\/wp-json\/wp\/v2\/types\/product"}],"version-history":[{"count":0,"href":"https:\/\/business.roovi.com\/de\/wp-json\/wp\/v2\/product\/40499\/revisions"}],"wp:featuredmedia":[{"embeddable":true,"href":"https:\/\/business.roovi.com\/de\/wp-json\/wp\/v2\/media\/36170"}],"wp:attachment":[{"href":"https:\/\/business.roovi.com\/de\/wp-json\/wp\/v2\/media?parent=40499"}],"wp:term":[{"taxonomy":"product_brand","embeddable":true,"href":"https:\/\/business.roovi.com\/de\/wp-json\/wp\/v2\/product_brand?post=40499"},{"taxonomy":"product_cat","embeddable":true,"href":"https:\/\/business.roovi.com\/de\/wp-json\/wp\/v2\/product_cat?post=40499"},{"taxonomy":"product_tag","embeddable":true,"href":"https:\/\/business.roovi.com\/de\/wp-json\/wp\/v2\/product_tag?post=40499"}],"curies":[{"name":"wp","href":"https:\/\/api.w.org\/{rel}","templated":true}]}}