{"id":40503,"date":"2018-08-02T08:38:01","date_gmt":"2018-08-02T08:38:01","guid":{"rendered":"https:\/\/business.roovi.com\/puzzle-adulti-1000-piese-vintage-collage-cabaret-postcards\/p\/"},"modified":"2022-07-06T15:14:15","modified_gmt":"2022-07-06T15:14:15","slug":"adult-1000-pieces-vintage-collage-puzzle-cabaret-postcards","status":"publish","type":"product","link":"https:\/\/business.roovi.com\/de\/adult-1000-pieces-vintage-collage-puzzle-cabaret-postcards\/p\/","title":{"rendered":"Adult 1000 pieces Vintage Collage Puzzle &#8211; Cabaret Postcards"},"content":{"rendered":"<p><span style=\"font-weight: 400\">Bist du neugierig darauf, die Welt des Kabaretts durch ein fabelhaftes Puzzlespiel zu entdecken? Setze 1000 Puzzleteile nahtlos zusammen und vervollst\u00e4ndige die Collage mit Dutzenden von alten Werbeplakaten aus der Zeit, als Kabarettshows ein gro\u00dfer Teil der Unterhaltung waren.<\/span><\/p>\n<p><span style=\"font-weight: 400\">W\u00fcrdest du gerne eine Show im Moulin Rouge sehen? Die perfekten Bewegungen der T\u00e4nzerinnen und T\u00e4nzer in ihren farbenfrohen Kost\u00fcmen zu sehen, ist sicher ein Genuss. Vintage Collage 1000 Piece Puzzle &#8211; Cabaret Postcards gibt dir eine virtuelle Eintrittskarte, die dich 100 Jahre zur\u00fcck zu den erfolgreichsten Kabarett-Shows bringt.<\/span><\/p>\n<p><span style=\"font-weight: 400\">Nimm die Herausforderung an, setze St\u00fcck f\u00fcr St\u00fcck und das Puzzle aus Dutzenden von erstaunlichen Shows zusammen. Vervollst\u00e4ndige deine Serie von Puzzleteilbildern mit diesem Vintage-Sammlerst\u00fcck.<\/span><\/p>\n<p><span style=\"font-weight: 400\">Mit 1000 Teilen Vintage Collage Puzzle &#8211; Cabaret Postcards:<\/span><\/p>\n<p><strong>Gr\u00f6\u00dfe des rekonstruierten Bildes: 50 x 70 cm.<\/strong><\/p>\n<p><strong>Puzzle-Material <\/strong><\/p>\n<p><strong>hochwertiger blauer Karton<\/strong><\/p>\n<p><strong>nachhaltige, recycelbare Materialien<\/strong><\/p>\n<p><strong>halbgl\u00e4nzende Oberfl\u00e4che, leuchtende Farben<\/strong><\/p>\n<p><strong>Anzahl der Puzzleteile: 1000<\/strong><\/p>\n<p><strong>Empfohlenes Alter: 14+<\/strong><\/p>\n<p><strong>Warum ist das 1000-Teile-Puzzle Cabaret so besonders?<\/strong><\/p>\n<p><span style=\"font-weight: 400\">Es ist eine lustige und entspannende Art, deine Freizeit zu verbringen.<\/span><\/p>\n<p><span style=\"font-weight: 400\">Du hast die M\u00f6glichkeit, eine Vielzahl alter Plakate zu entdecken, die Werbung f\u00fcr Kabarett-Shows aus dem letzten Jahrhundert darstellen.<\/span><\/p>\n<p><span style=\"font-weight: 400\">Du kannst dein eigenes Dekorationsobjekt kreieren, das dem Ort, an dem du es ausstellst, Pers\u00f6nlichkeit verleiht.<\/span><\/p>\n<p><span style=\"font-weight: 400\">Entwickle deine Vorstellungskraft, indem du gedanklich Szenen aus Kabarettshows oder andere Szenen konstruierst, die dich in eine andere Zeit versetzen.<\/span><\/p>\n<p><span style=\"font-weight: 400\">Du kannst dich f\u00fcr viele Stunden von den Bildschirmen l\u00f6sen und dich von den Alltagsproblemen ablenken.<\/span><\/p>\n<p><span style=\"font-weight: 400\">Du entwickelst deine Puzzle-F\u00e4higkeiten und zeigst dein K\u00f6nnen vor deinen Freunden.<\/span><\/p>\n<p><span style=\"font-weight: 400\">Es ist eine Gelegenheit, Kontakte zu kn\u00fcpfen und seinen Lieben n\u00e4her zu kommen, wenn ihr dieses Bild gemeinsam nachstellt.<\/span><\/p>\n<p><strong>Wusstest du, dass&#8230;?<\/strong><\/p>\n<p><span style=\"font-weight: 400\">Der Begriff <\/span><em><span style=\"font-weight: 400\">Kabarett <\/span><\/em><span style=\"font-weight: 400\">kommt aus dem Niederl\u00e4ndischen und bedeutet <\/span><em><span style=\"font-weight: 400\">&#8222;Kleines Zimmer&#8220;<\/span><\/em><span style=\"font-weight: 400\">. Urspr\u00fcnglich waren diese Orte intime Orte, an denen sich die K\u00fcnstlerinnen und K\u00fcnstler trafen, um Kontakte zu kn\u00fcpfen und ganz nah am Publikum zu sein.<\/span><\/p>\n<p><span style=\"font-weight: 400\">Cabarets wurden in Paris geboren. Die ber\u00fchmtesten Veranstaltungsorte der 1900er Jahre waren Le Chat Noir und Moulin Rouge. Zu dieser Zeit gab es in der Stadt der Lichter mehr als 150 solcher Veranstaltungsorte.<\/span><\/p>\n<p><span style=\"font-weight: 400\">Diese Clubs brachten meist K\u00fcnstler mit innovativen Visionen zusammen <\/span><span style=\"font-weight: 400\">Das Cabaret Voltaire in Z\u00fcrich zum Beispiel war die Geburtsst\u00e4tte der Dada-Kunstbewegung, eine Plattform f\u00fcr radikale Experimente in Poesie, bildender Kunst und Musik.<\/span><\/p>\n<p><span style=\"font-weight: 400\">Sp\u00e4ter entwickelten sich an diesen Orten Performances und die sogenannten <\/span><em><span style=\"font-weight: 400\">caf\u00e9-chantant.<\/span><\/em><\/p>\n<p><span style=\"font-weight: 400\">Szenen aus der Bl\u00fctezeit des Moulin Rouge finden sich in der von Henri de Toulouse-Lautrec signierten Grafik wieder.<\/span><span style=\"font-weight: 400\">  <\/span><\/p>\n<p><strong>1000 Teile Vintage Collage Puzzle &#8211; Cabaret Postcards &#8211; ein Sammlerst\u00fcck<\/strong><\/p>\n<p><span style=\"font-weight: 400\">Wenn du Gem\u00e4lde im Vintage-Stil magst, ist das 1000-teilige Cabaret Postcards Puzzle deine Chance auf eine gelungene Nachbildung. Dieses Kunstpuzzle besteht aus hochwertigen Teilen, die perfekt zusammenpassen und dem Bild zus\u00e4tzliche St\u00e4rke verleihen <\/span><\/p>\n<p><span style=\"font-weight: 400\">Die Mini-Collageposter haben tadellose Grafiken, sodass du die Feinheiten der Originalillustrationen im Detail sehen kannst. Au\u00dferdem sieht das Bild in seinem Rahmen gro\u00dfartig aus und unterstreicht die Anonymit\u00e4t jedes tristen Raumes, in dem du es aufstellst.<\/span><\/p>\n<p><span style=\"font-weight: 400\">Kaufe das 1000-teilige Cabaret Postcards Puzzle f\u00fcr dich selbst und vervollst\u00e4ndige deine Vintage-Kunstsammlung. Dieses Puzzlespiel ist auch ein tolles Geschenk f\u00fcr Freunde, deren Fantasie und Geduld du herausfordern m\u00f6chtest.<\/span><\/p><\/p>\n","protected":false},"excerpt":{"rendered":"<p>Bist du neugierig darauf, die Welt des Kabaretts durch ein fabelhaftes Puzzlespiel zu entdecken? Setze 1000 Puzzleteile nahtlos zusammen und<\/p>\n","protected":false},"featured_media":36184,"template":"","meta":[],"product_brand":[],"product_cat":[1916,1875,1915],"product_tag":[],"class_list":{"0":"post-40503","1":"product","2":"type-product","3":"status-publish","4":"has-post-thumbnail","6":"product_cat-1000-teile-puzzle","7":"product_cat-puzzle-de","8":"product_cat-puzzlespiele-fur-erwachsene","9":"pa_bax-10-de","10":"pa_brand-d_toys-de","11":"pa_country_of_manufacture-ro-de","12":"pa_filter_age-14-de","13":"pa_painter-vintage-collage","14":"pa_tip_ambalaj-kasten-a4-de","15":"pa_tip_puzzle-klassisch","17":"first","18":"instock","19":"taxable","20":"shipping-taxable","21":"product-type-simple"},"yoast_head":"<!-- This site is optimized with the Yoast SEO plugin v20.1 - https:\/\/yoast.com\/wordpress\/plugins\/seo\/ -->\n<title>Adult 1000 pieces Vintage Collage Puzzle - Cabaret Postcards<\/title>\n<meta name=\"description\" content=\"Adult 1000 pieces Vintage Collage Puzzle - Cabaret Postcards\" \/>\n<meta name=\"robots\" content=\"index, follow, max-snippet:-1, max-image-preview:large, max-video-preview:-1\" \/>\n<link rel=\"canonical\" href=\"https:\/\/business.roovi.com\/de\/adult-1000-pieces-vintage-collage-puzzle-cabaret-postcards\/p\/\" \/>\n<meta property=\"og:locale\" content=\"de_DE\" \/>\n<meta property=\"og:type\" content=\"article\" \/>\n<meta property=\"og:title\" content=\"Adult 1000 pieces Vintage Collage Puzzle - Cabaret Postcards\" \/>\n<meta property=\"og:description\" content=\"Adult 1000 pieces Vintage Collage Puzzle - Cabaret Postcards\" \/>\n<meta property=\"og:url\" content=\"https:\/\/business.roovi.com\/de\/adult-1000-pieces-vintage-collage-puzzle-cabaret-postcards\/p\/\" \/>\n<meta property=\"og:site_name\" content=\"Roovi B2B\" \/>\n<meta property=\"article:publisher\" content=\"https:\/\/www.facebook.com\/wwwjucariero\" \/>\n<meta property=\"article:modified_time\" content=\"2022-07-06T15:14:15+00:00\" \/>\n<meta property=\"og:image\" content=\"https:\/\/business.roovi.com\/wp-content\/uploads\/2018\/08\/74362-06_ansamblu_dimensiuni_cutie_cm_orizontal_1200x1200.png\" \/>\n\t<meta property=\"og:image:width\" content=\"1200\" \/>\n\t<meta property=\"og:image:height\" content=\"1200\" \/>\n\t<meta property=\"og:image:type\" content=\"image\/png\" \/>\n<meta name=\"twitter:label1\" content=\"Gesch\u00e4tzte Lesezeit\" \/>\n\t<meta name=\"twitter:data1\" content=\"3\u00a0Minuten\" \/>\n<script type=\"application\/ld+json\" class=\"yoast-schema-graph\">{\"@context\":\"https:\/\/schema.org\",\"@graph\":[{\"@type\":\"WebPage\",\"@id\":\"https:\/\/business.roovi.com\/de\/adult-1000-pieces-vintage-collage-puzzle-cabaret-postcards\/p\/\",\"url\":\"https:\/\/business.roovi.com\/de\/adult-1000-pieces-vintage-collage-puzzle-cabaret-postcards\/p\/\",\"name\":\"Adult 1000 pieces Vintage Collage Puzzle - Cabaret Postcards\",\"isPartOf\":{\"@id\":\"https:\/\/business.roovi.com\/de\/#website\"},\"datePublished\":\"2018-08-02T08:38:01+00:00\",\"dateModified\":\"2022-07-06T15:14:15+00:00\",\"description\":\"Adult 1000 pieces Vintage Collage Puzzle - Cabaret Postcards\",\"breadcrumb\":{\"@id\":\"https:\/\/business.roovi.com\/de\/adult-1000-pieces-vintage-collage-puzzle-cabaret-postcards\/p\/#breadcrumb\"},\"inLanguage\":\"de\",\"potentialAction\":[{\"@type\":\"ReadAction\",\"target\":[\"https:\/\/business.roovi.com\/de\/adult-1000-pieces-vintage-collage-puzzle-cabaret-postcards\/p\/\"]}]},{\"@type\":\"BreadcrumbList\",\"@id\":\"https:\/\/business.roovi.com\/de\/adult-1000-pieces-vintage-collage-puzzle-cabaret-postcards\/p\/#breadcrumb\",\"itemListElement\":[{\"@type\":\"ListItem\",\"position\":1,\"name\":\"Home\",\"item\":\"https:\/\/business.roovi.com\/de\/\"},{\"@type\":\"ListItem\",\"position\":2,\"name\":\"Shop\",\"item\":\"https:\/\/business.roovi.com\/de\/shop\/\"},{\"@type\":\"ListItem\",\"position\":3,\"name\":\"Adult 1000 pieces Vintage Collage Puzzle &#8211; Cabaret Postcards\"}]},{\"@type\":\"WebSite\",\"@id\":\"https:\/\/business.roovi.com\/de\/#website\",\"url\":\"https:\/\/business.roovi.com\/de\/\",\"name\":\"Roovi B2B\",\"description\":\"Roovi Business Website\",\"potentialAction\":[{\"@type\":\"SearchAction\",\"target\":{\"@type\":\"EntryPoint\",\"urlTemplate\":\"https:\/\/business.roovi.com\/de\/?s={search_term_string}\"},\"query-input\":\"required name=search_term_string\"}],\"inLanguage\":\"de\"}]}<\/script>\n<!-- \/ Yoast SEO plugin. -->","yoast_head_json":{"title":"Adult 1000 pieces Vintage Collage Puzzle - Cabaret Postcards","description":"Adult 1000 pieces Vintage Collage Puzzle - Cabaret Postcards","robots":{"index":"index","follow":"follow","max-snippet":"max-snippet:-1","max-image-preview":"max-image-preview:large","max-video-preview":"max-video-preview:-1"},"canonical":"https:\/\/business.roovi.com\/de\/adult-1000-pieces-vintage-collage-puzzle-cabaret-postcards\/p\/","og_locale":"de_DE","og_type":"article","og_title":"Adult 1000 pieces Vintage Collage Puzzle - Cabaret Postcards","og_description":"Adult 1000 pieces Vintage Collage Puzzle - Cabaret Postcards","og_url":"https:\/\/business.roovi.com\/de\/adult-1000-pieces-vintage-collage-puzzle-cabaret-postcards\/p\/","og_site_name":"Roovi B2B","article_publisher":"https:\/\/www.facebook.com\/wwwjucariero","article_modified_time":"2022-07-06T15:14:15+00:00","og_image":[{"width":1200,"height":1200,"url":"https:\/\/business.roovi.com\/wp-content\/uploads\/2018\/08\/74362-06_ansamblu_dimensiuni_cutie_cm_orizontal_1200x1200.png","type":"image\/png"}],"twitter_misc":{"Gesch\u00e4tzte Lesezeit":"3\u00a0Minuten"},"schema":{"@context":"https:\/\/schema.org","@graph":[{"@type":"WebPage","@id":"https:\/\/business.roovi.com\/de\/adult-1000-pieces-vintage-collage-puzzle-cabaret-postcards\/p\/","url":"https:\/\/business.roovi.com\/de\/adult-1000-pieces-vintage-collage-puzzle-cabaret-postcards\/p\/","name":"Adult 1000 pieces Vintage Collage Puzzle - Cabaret Postcards","isPartOf":{"@id":"https:\/\/business.roovi.com\/de\/#website"},"datePublished":"2018-08-02T08:38:01+00:00","dateModified":"2022-07-06T15:14:15+00:00","description":"Adult 1000 pieces Vintage Collage Puzzle - Cabaret Postcards","breadcrumb":{"@id":"https:\/\/business.roovi.com\/de\/adult-1000-pieces-vintage-collage-puzzle-cabaret-postcards\/p\/#breadcrumb"},"inLanguage":"de","potentialAction":[{"@type":"ReadAction","target":["https:\/\/business.roovi.com\/de\/adult-1000-pieces-vintage-collage-puzzle-cabaret-postcards\/p\/"]}]},{"@type":"BreadcrumbList","@id":"https:\/\/business.roovi.com\/de\/adult-1000-pieces-vintage-collage-puzzle-cabaret-postcards\/p\/#breadcrumb","itemListElement":[{"@type":"ListItem","position":1,"name":"Home","item":"https:\/\/business.roovi.com\/de\/"},{"@type":"ListItem","position":2,"name":"Shop","item":"https:\/\/business.roovi.com\/de\/shop\/"},{"@type":"ListItem","position":3,"name":"Adult 1000 pieces Vintage Collage Puzzle &#8211; Cabaret Postcards"}]},{"@type":"WebSite","@id":"https:\/\/business.roovi.com\/de\/#website","url":"https:\/\/business.roovi.com\/de\/","name":"Roovi B2B","description":"Roovi Business Website","potentialAction":[{"@type":"SearchAction","target":{"@type":"EntryPoint","urlTemplate":"https:\/\/business.roovi.com\/de\/?s={search_term_string}"},"query-input":"required name=search_term_string"}],"inLanguage":"de"}]}},"_links":{"self":[{"href":"https:\/\/business.roovi.com\/de\/wp-json\/wp\/v2\/product\/40503","targetHints":{"allow":["GET"]}}],"collection":[{"href":"https:\/\/business.roovi.com\/de\/wp-json\/wp\/v2\/product"}],"about":[{"href":"https:\/\/business.roovi.com\/de\/wp-json\/wp\/v2\/types\/product"}],"version-history":[{"count":0,"href":"https:\/\/business.roovi.com\/de\/wp-json\/wp\/v2\/product\/40503\/revisions"}],"wp:featuredmedia":[{"embeddable":true,"href":"https:\/\/business.roovi.com\/de\/wp-json\/wp\/v2\/media\/36184"}],"wp:attachment":[{"href":"https:\/\/business.roovi.com\/de\/wp-json\/wp\/v2\/media?parent=40503"}],"wp:term":[{"taxonomy":"product_brand","embeddable":true,"href":"https:\/\/business.roovi.com\/de\/wp-json\/wp\/v2\/product_brand?post=40503"},{"taxonomy":"product_cat","embeddable":true,"href":"https:\/\/business.roovi.com\/de\/wp-json\/wp\/v2\/product_cat?post=40503"},{"taxonomy":"product_tag","embeddable":true,"href":"https:\/\/business.roovi.com\/de\/wp-json\/wp\/v2\/product_tag?post=40503"}],"curies":[{"name":"wp","href":"https:\/\/api.w.org\/{rel}","templated":true}]}}