{"id":40511,"date":"2018-08-02T08:38:01","date_gmt":"2018-08-02T08:38:01","guid":{"rendered":"https:\/\/business.roovi.com\/puzzle-adulti-1000-piese-pierre-auguste-renoir-luncheon-of-the-boating-party\/p\/"},"modified":"2022-07-06T15:14:27","modified_gmt":"2022-07-06T15:14:27","slug":"pierre-auguste-renoir-1000-teile-puzzle-fur-erwachsene-mittagessen-der-bootsparty","status":"publish","type":"product","link":"https:\/\/business.roovi.com\/de\/pierre-auguste-renoir-1000-teile-puzzle-fur-erwachsene-mittagessen-der-bootsparty\/p\/","title":{"rendered":"Pierre-Auguste Renoir 1000 Teile Puzzle f\u00fcr Erwachsene &#8211; Mittagessen der Bootsparty"},"content":{"rendered":"<p><span style=\"font-weight: 400;font-size: 14px;line-height: 14px\">Du suchst nach einer entspannenden und kreativen Aktivit\u00e4t? Entdecke das gr\u00f6\u00dfte Angebot an Kunstr\u00e4tseln in Rum\u00e4nien und verbringe deine eint\u00f6nigen Abende damit, die Bilder der ber\u00fchmtesten Gem\u00e4lde nachzustellen. Hier findest du 1000-teilige Puzzles, die k\u00fcnstlerische Meisterwerke aus allen Zeiten darstellen.<\/span><\/p>\n<p><span style=\"font-size: 14px;line-height: 14px\"><span style=\"font-weight: 400\">Pierre-Auguste Renoir 1000 Teile Puzzle &#8211; Mittagessen der Bootsparty\/<\/span><span style=\"font-weight: 400\">Mittagessen der Bootsparty<\/span><span style=\"font-weight: 400\"> ist ein Bild des Gem\u00e4ldes, das von Kritikern zum besten Werk der siebten Impressionisten-Ausstellung des Malers im Jahr 1882 erkl\u00e4rt wurde. Auf dem Gem\u00e4lde sind sowohl menschliche Figuren als auch Stillleben und Landschaften zu sehen: Eine Gruppe von Freunden des K\u00fcnstlers entspannt sich auf einem Balkon des Maison Fournaise, einem Lieblingsort vieler Impressionisten dieser Zeit.<\/span><\/span><\/p>\n<p><span style=\"font-weight: 400;font-size: 14px;line-height: 14px\">Wenn du etwas vom Pariser Geist des 19. Jahrhunderts in dein Zuhause bringen willst, kaufe dieses Kunstpuzzle jetzt. Stell deinen Couchtisch im Wohnzimmer auf &#8211; mehr brauchst du nicht, um das 50 x 70 cm gro\u00dfe Bild nachzustellen &#8211; und fang an, an deinem gro\u00dfen Meisterwerk zu arbeiten!<\/span><\/p>\n<p><span style=\"font-size: 14px;line-height: 14px\"><span style=\"font-weight: 400\">Lies mehr \u00fcber das Pierre-Auguste Renoir Kunstr\u00e4tsel unten &#8211; <\/span><span style=\"font-weight: 400\">Das Mittagessen der Kanufahrer:<\/span><\/span><\/p>\n<p><span style=\"font-size: 14px;line-height: 14px\"><strong>Puzzle-Material <\/strong><\/span><\/p>\n<p><span style=\"font-size: 14px;line-height: 14px\"><strong>hochwertiger blauer Karton<\/strong><\/span><\/p>\n<p><span style=\"font-size: 14px;line-height: 14px\"><strong>nachhaltige, recycelbare Materialien<\/strong><\/span><\/p>\n<p><span style=\"font-size: 14px;line-height: 14px\"><strong>halbgl\u00e4nzende Oberfl\u00e4che, leuchtende Farben<\/strong><\/span><\/p>\n<p><span style=\"font-size: 14px;line-height: 14px\"><strong>Anzahl der Puzzleteile: 1000<\/strong><\/span><\/p>\n<p><span style=\"font-size: 14px;line-height: 14px\"><strong>Empfohlenes Alter: 14+<\/strong><\/span><\/p>\n<p><span style=\"font-size: 14px;line-height: 14px\"><strong>4 Gr\u00fcnde, warum du jeden Tag Puzzles f\u00fcr Erwachsene machen solltest<\/strong><\/span><\/p>\n<p><span style=\"font-size: 14px;line-height: 14px\"><strong>1. Stimuliert dein Denken.<\/strong><span style=\"font-weight: 400\"> Das Zusammensetzen von Puzzlespielen trainiert dein Gehirn und h\u00e4lt es gesund. K\u00fcmmere dich um dein Gehirn und l\u00f6se jeden Tag mindestens 30 Minuten lang ein 1000-Teile-Puzzle.<\/span><\/span><\/p>\n<p><span style=\"font-size: 14px;line-height: 14px\"><strong>2. Es verbessert dein Ged\u00e4chtnis.  <\/strong><\/span><span style=\"font-weight: 400;font-size: 14px;line-height: 14px\">1000 Teile zu puzzeln, erfordert st\u00e4ndiges \u00dcben des Ged\u00e4chtnisses. Du musst dir die Formen der Teile, die Farben und auch die Teile des Bildes, die nicht vollst\u00e4ndig sind, merken. Diese st\u00e4ndige \u00dcbung hilft dir, dein Ged\u00e4chtnis st\u00e4ndig zu verbessern.<\/span><\/p>\n<p><span style=\"font-size: 14px;line-height: 14px\"><strong>3. Es schenkt dir einzigartige Momente der Entspannung <\/strong><\/span><span style=\"font-weight: 400;font-size: 14px;line-height: 14px\">Du suchst nach einer entspannenden Aktivit\u00e4t? Versuche, das 1000-Teile-Puzzle in deiner Freizeit zu l\u00f6sen. Das Puzzlespiel holt dich in deiner Freizeit aus der bequemen Couch und fordert dich heraus, aus 1000 Teilen erstaunliche Bilder zu erschaffen.<\/span><\/p>\n<p>4. <span style=\"font-size: 14px;line-height: 14px\"><strong>Es trennt dich von den Bildschirmen <\/strong><\/span><span style=\"font-weight: 400;font-size: 14px;line-height: 14px\">Es ist an der Zeit, die virtuelle Welt zu verlassen und deinen Geist nach vielen angespannten Stunden zu erholen. Setze das 1000-Teile-Puzzle zusammen und genie\u00dfe eine einfache und entspannende Aktivit\u00e4t.<\/span><\/p>\n<p><span style=\"font-size: 14px;line-height: 14px\"><strong>5 interessante Fakten \u00fcber <\/strong><strong><em>Das Mittagessen der Ruderer<\/em><\/strong><strong> das musst du wissen<\/strong><\/span><\/p>\n<p><span style=\"font-size: 14px;line-height: 14px\"><span style=\"font-weight: 400\">1. Alle Figuren auf dem Gem\u00e4lde sind Freunde des Malers <\/span><span style=\"font-weight: 400\">Das junge M\u00e4dchen mit dem Welpen auf dem Bild ist <\/span><span style=\"font-weight: 400\">Aline Charigot, die sp\u00e4ter die Frau des K\u00fcnstlers werden sollte <\/span><\/span><\/p>\n<p><span style=\"font-weight: 400;font-size: 14px;line-height: 14px\">2. Renoir schuf das Gem\u00e4lde aufgrund einer Kritik von Emile Zola, dass die Impressionisten in ihren Werken keine k\u00fcnstlerische Leistung zeigen.<\/span><\/p>\n<p><span style=\"font-size: 14px;line-height: 14px\"><span style=\"font-weight: 400\">3. Das Maison Fournaise war Renoirs Lieblingsrestaurant. Hier ist der K\u00fcnstler gest\u00fcrzt und <\/span><em><span style=\"font-weight: 400\">Mittagessen bei <\/span><\/em><em><span style=\"font-weight: 400\">Restaurant Fournaise, <\/span><\/em><span style=\"font-weight: 400\">sowie Portr\u00e4ts von Familienmitgliedern <\/span><span style=\"font-weight: 400\">Familie Fournaise.<\/span><\/span><\/p>\n<p><span style=\"font-size: 14px;line-height: 14px\"><span style=\"font-weight: 400\">4. Es gibt auch ein Buch \u00fcber die Entstehungsgeschichte des Gem\u00e4ldes von Renoir. Es wurde 2007 von Susan Vreeland geschrieben und hei\u00dft auch <\/span><em><span style=\"font-weight: 400\">Mittagessen der Boating Party.<\/span><\/em><\/span><\/p>\n<p><span style=\"font-size: 14px;line-height: 14px\"><span style=\"font-weight: 400\">5. Der Film <em>Am\u00e9lie<\/em> von 2001 von <\/span><span style=\"font-weight: 400\">Der Film Am\u00e9lie von Jean-Pierre Jeunet aus dem Jahr 2001 stellt das Gem\u00e4lde dar. Im Film stellt der Regisseur einen Vergleich zwischen dem Protagonisten, <\/span><span style=\"font-weight: 400\">Am\u00e9lie und die Frau in der Mitte des Bildes, die desinteressiert aus einem Glas nippt, w\u00e4hrend alle anderen ihre Zeit miteinander genie\u00dfen.<\/span><\/span><\/p>\n<p><span style=\"font-size: 14px;line-height: 14px\"><strong>Kunstr\u00e4tsel entf\u00fchren dich in die faszinierende Welt der ber\u00fchmten Gem\u00e4lde<\/strong><\/span><\/p>\n<p><span style=\"font-weight: 400;font-size: 14px;line-height: 14px\">Das Vervollst\u00e4ndigen eines Kunstr\u00e4tsels ist wie der talentierte Maler hinter dem Meisterwerk. Bei dieser entspannenden Aktivit\u00e4t hast du die M\u00f6glichkeit, gro\u00dfe Kunstwerke hautnah zu erleben. Au\u00dferdem hast du die M\u00f6glichkeit, deine Puzzlef\u00e4higkeiten zu verbessern und deinen Freunden zu zeigen, wie geschickt du bei dieser Aktivit\u00e4t bist.<\/span><\/p>\n<p><span style=\"font-size: 14px;line-height: 14px\"><span style=\"font-weight: 400\">Kaufe jetzt das Pierre-Auguste Renoir &#8211; Luncheon of the Boating Party Kunstpuzzle!<\/span><span style=\"font-weight: 400\">Mittagessen der Bootsparty<\/span><\/span><span style=\"font-weight: 400\"><span style=\"font-size: 14px;line-height: 14px\"> und kreiere dein eigenes wundersch\u00f6nes Bild in leuchtenden Farben. St\u00f6bere in unserer gesamten Sammlung von Kunstr\u00e4tseln und entdecke viele weitere Bilder von ber\u00fchmten Gem\u00e4lden. Erstelle deine eigene 1000-Teile-Puzzle-Kunstsammlung.<\/span> <\/span><\/p>\n<p><span style=\"font-weight: 400\">Pierre-Auguste Renoir 1000 Teile Puzzle &#8211; <\/span><span style=\"font-weight: 400\">Das Canoeists&#8216; Lunch ist ein tolles Geschenk f\u00fcr Familienmitglieder oder erwachsene Freunde, die R\u00e4tsel lieben.<\/span><\/p><\/p>\n","protected":false},"excerpt":{"rendered":"<p>Du suchst nach einer entspannenden und kreativen Aktivit\u00e4t? Entdecke das gr\u00f6\u00dfte Angebot an Kunstr\u00e4tseln in Rum\u00e4nien und verbringe deine eint\u00f6nigen<\/p>\n","protected":false},"featured_media":62941,"template":"","meta":[],"product_brand":[],"product_cat":[1875,1915,1916],"product_tag":[],"class_list":{"0":"post-40511","1":"product","2":"type-product","3":"status-publish","4":"has-post-thumbnail","6":"product_cat-puzzle-de","7":"product_cat-puzzlespiele-fur-erwachsene","8":"product_cat-1000-teile-puzzle","9":"pa_brand-d_toys-de","10":"pa_country_of_manufacture-ro-de","11":"pa_filter_age-14-de","12":"pa_painter-pierreaugusterenoir-de","13":"pa_tip_ambalaj-kasten-a4-de","14":"pa_tip_puzzle-klassisch","16":"first","17":"instock","18":"taxable","19":"shipping-taxable","20":"product-type-simple"},"yoast_head":"<!-- This site is optimized with the Yoast SEO plugin v20.1 - https:\/\/yoast.com\/wordpress\/plugins\/seo\/ -->\n<title>Pierre-Auguste Renoir 1000 Teile Puzzle f\u00fcr Erwachsene - Mittagessen der Bootsparty<\/title>\n<meta name=\"description\" content=\"Pierre-Auguste Renoir 1000 Teile Puzzle f\u00fcr Erwachsene - Mittagessen der Bootsparty\" \/>\n<meta name=\"robots\" content=\"index, follow, max-snippet:-1, max-image-preview:large, max-video-preview:-1\" \/>\n<link rel=\"canonical\" href=\"https:\/\/business.roovi.com\/de\/pierre-auguste-renoir-1000-teile-puzzle-fur-erwachsene-mittagessen-der-bootsparty\/p\/\" \/>\n<meta property=\"og:locale\" content=\"de_DE\" \/>\n<meta property=\"og:type\" content=\"article\" \/>\n<meta property=\"og:title\" content=\"Pierre-Auguste Renoir 1000 Teile Puzzle f\u00fcr Erwachsene - Mittagessen der Bootsparty\" \/>\n<meta property=\"og:description\" content=\"Pierre-Auguste Renoir 1000 Teile Puzzle f\u00fcr Erwachsene - Mittagessen der Bootsparty\" \/>\n<meta property=\"og:url\" content=\"https:\/\/business.roovi.com\/de\/pierre-auguste-renoir-1000-teile-puzzle-fur-erwachsene-mittagessen-der-bootsparty\/p\/\" \/>\n<meta property=\"og:site_name\" content=\"Roovi B2B\" \/>\n<meta property=\"article:publisher\" content=\"https:\/\/www.facebook.com\/wwwjucariero\" \/>\n<meta property=\"article:modified_time\" content=\"2022-07-06T15:14:27+00:00\" \/>\n<meta property=\"og:image\" content=\"https:\/\/business.roovi.com\/wp-content\/uploads\/2018\/08\/66909-09_ansamblu_dimensiuni_cutie_cm_1200x1200.png\" \/>\n\t<meta property=\"og:image:width\" content=\"1200\" \/>\n\t<meta property=\"og:image:height\" content=\"1200\" \/>\n\t<meta property=\"og:image:type\" content=\"image\/png\" \/>\n<meta name=\"twitter:label1\" content=\"Gesch\u00e4tzte Lesezeit\" \/>\n\t<meta name=\"twitter:data1\" content=\"3\u00a0Minuten\" \/>\n<script type=\"application\/ld+json\" class=\"yoast-schema-graph\">{\"@context\":\"https:\/\/schema.org\",\"@graph\":[{\"@type\":\"WebPage\",\"@id\":\"https:\/\/business.roovi.com\/de\/pierre-auguste-renoir-1000-teile-puzzle-fur-erwachsene-mittagessen-der-bootsparty\/p\/\",\"url\":\"https:\/\/business.roovi.com\/de\/pierre-auguste-renoir-1000-teile-puzzle-fur-erwachsene-mittagessen-der-bootsparty\/p\/\",\"name\":\"Pierre-Auguste Renoir 1000 Teile Puzzle f\u00fcr Erwachsene - Mittagessen der Bootsparty\",\"isPartOf\":{\"@id\":\"https:\/\/business.roovi.com\/de\/#website\"},\"datePublished\":\"2018-08-02T08:38:01+00:00\",\"dateModified\":\"2022-07-06T15:14:27+00:00\",\"description\":\"Pierre-Auguste Renoir 1000 Teile Puzzle f\u00fcr Erwachsene - Mittagessen der Bootsparty\",\"breadcrumb\":{\"@id\":\"https:\/\/business.roovi.com\/de\/pierre-auguste-renoir-1000-teile-puzzle-fur-erwachsene-mittagessen-der-bootsparty\/p\/#breadcrumb\"},\"inLanguage\":\"de\",\"potentialAction\":[{\"@type\":\"ReadAction\",\"target\":[\"https:\/\/business.roovi.com\/de\/pierre-auguste-renoir-1000-teile-puzzle-fur-erwachsene-mittagessen-der-bootsparty\/p\/\"]}]},{\"@type\":\"BreadcrumbList\",\"@id\":\"https:\/\/business.roovi.com\/de\/pierre-auguste-renoir-1000-teile-puzzle-fur-erwachsene-mittagessen-der-bootsparty\/p\/#breadcrumb\",\"itemListElement\":[{\"@type\":\"ListItem\",\"position\":1,\"name\":\"Home\",\"item\":\"https:\/\/business.roovi.com\/de\/\"},{\"@type\":\"ListItem\",\"position\":2,\"name\":\"Shop\",\"item\":\"https:\/\/business.roovi.com\/de\/shop\/\"},{\"@type\":\"ListItem\",\"position\":3,\"name\":\"Pierre-Auguste Renoir 1000 Teile Puzzle f\u00fcr Erwachsene &#8211; Mittagessen der Bootsparty\"}]},{\"@type\":\"WebSite\",\"@id\":\"https:\/\/business.roovi.com\/de\/#website\",\"url\":\"https:\/\/business.roovi.com\/de\/\",\"name\":\"Roovi B2B\",\"description\":\"Roovi Business Website\",\"potentialAction\":[{\"@type\":\"SearchAction\",\"target\":{\"@type\":\"EntryPoint\",\"urlTemplate\":\"https:\/\/business.roovi.com\/de\/?s={search_term_string}\"},\"query-input\":\"required name=search_term_string\"}],\"inLanguage\":\"de\"}]}<\/script>\n<!-- \/ Yoast SEO plugin. -->","yoast_head_json":{"title":"Pierre-Auguste Renoir 1000 Teile Puzzle f\u00fcr Erwachsene - Mittagessen der Bootsparty","description":"Pierre-Auguste Renoir 1000 Teile Puzzle f\u00fcr Erwachsene - Mittagessen der Bootsparty","robots":{"index":"index","follow":"follow","max-snippet":"max-snippet:-1","max-image-preview":"max-image-preview:large","max-video-preview":"max-video-preview:-1"},"canonical":"https:\/\/business.roovi.com\/de\/pierre-auguste-renoir-1000-teile-puzzle-fur-erwachsene-mittagessen-der-bootsparty\/p\/","og_locale":"de_DE","og_type":"article","og_title":"Pierre-Auguste Renoir 1000 Teile Puzzle f\u00fcr Erwachsene - Mittagessen der Bootsparty","og_description":"Pierre-Auguste Renoir 1000 Teile Puzzle f\u00fcr Erwachsene - Mittagessen der Bootsparty","og_url":"https:\/\/business.roovi.com\/de\/pierre-auguste-renoir-1000-teile-puzzle-fur-erwachsene-mittagessen-der-bootsparty\/p\/","og_site_name":"Roovi B2B","article_publisher":"https:\/\/www.facebook.com\/wwwjucariero","article_modified_time":"2022-07-06T15:14:27+00:00","og_image":[{"width":1200,"height":1200,"url":"https:\/\/business.roovi.com\/wp-content\/uploads\/2018\/08\/66909-09_ansamblu_dimensiuni_cutie_cm_1200x1200.png","type":"image\/png"}],"twitter_misc":{"Gesch\u00e4tzte Lesezeit":"3\u00a0Minuten"},"schema":{"@context":"https:\/\/schema.org","@graph":[{"@type":"WebPage","@id":"https:\/\/business.roovi.com\/de\/pierre-auguste-renoir-1000-teile-puzzle-fur-erwachsene-mittagessen-der-bootsparty\/p\/","url":"https:\/\/business.roovi.com\/de\/pierre-auguste-renoir-1000-teile-puzzle-fur-erwachsene-mittagessen-der-bootsparty\/p\/","name":"Pierre-Auguste Renoir 1000 Teile Puzzle f\u00fcr Erwachsene - Mittagessen der Bootsparty","isPartOf":{"@id":"https:\/\/business.roovi.com\/de\/#website"},"datePublished":"2018-08-02T08:38:01+00:00","dateModified":"2022-07-06T15:14:27+00:00","description":"Pierre-Auguste Renoir 1000 Teile Puzzle f\u00fcr Erwachsene - Mittagessen der Bootsparty","breadcrumb":{"@id":"https:\/\/business.roovi.com\/de\/pierre-auguste-renoir-1000-teile-puzzle-fur-erwachsene-mittagessen-der-bootsparty\/p\/#breadcrumb"},"inLanguage":"de","potentialAction":[{"@type":"ReadAction","target":["https:\/\/business.roovi.com\/de\/pierre-auguste-renoir-1000-teile-puzzle-fur-erwachsene-mittagessen-der-bootsparty\/p\/"]}]},{"@type":"BreadcrumbList","@id":"https:\/\/business.roovi.com\/de\/pierre-auguste-renoir-1000-teile-puzzle-fur-erwachsene-mittagessen-der-bootsparty\/p\/#breadcrumb","itemListElement":[{"@type":"ListItem","position":1,"name":"Home","item":"https:\/\/business.roovi.com\/de\/"},{"@type":"ListItem","position":2,"name":"Shop","item":"https:\/\/business.roovi.com\/de\/shop\/"},{"@type":"ListItem","position":3,"name":"Pierre-Auguste Renoir 1000 Teile Puzzle f\u00fcr Erwachsene &#8211; Mittagessen der Bootsparty"}]},{"@type":"WebSite","@id":"https:\/\/business.roovi.com\/de\/#website","url":"https:\/\/business.roovi.com\/de\/","name":"Roovi B2B","description":"Roovi Business Website","potentialAction":[{"@type":"SearchAction","target":{"@type":"EntryPoint","urlTemplate":"https:\/\/business.roovi.com\/de\/?s={search_term_string}"},"query-input":"required name=search_term_string"}],"inLanguage":"de"}]}},"_links":{"self":[{"href":"https:\/\/business.roovi.com\/de\/wp-json\/wp\/v2\/product\/40511","targetHints":{"allow":["GET"]}}],"collection":[{"href":"https:\/\/business.roovi.com\/de\/wp-json\/wp\/v2\/product"}],"about":[{"href":"https:\/\/business.roovi.com\/de\/wp-json\/wp\/v2\/types\/product"}],"version-history":[{"count":0,"href":"https:\/\/business.roovi.com\/de\/wp-json\/wp\/v2\/product\/40511\/revisions"}],"wp:featuredmedia":[{"embeddable":true,"href":"https:\/\/business.roovi.com\/de\/wp-json\/wp\/v2\/media\/62941"}],"wp:attachment":[{"href":"https:\/\/business.roovi.com\/de\/wp-json\/wp\/v2\/media?parent=40511"}],"wp:term":[{"taxonomy":"product_brand","embeddable":true,"href":"https:\/\/business.roovi.com\/de\/wp-json\/wp\/v2\/product_brand?post=40511"},{"taxonomy":"product_cat","embeddable":true,"href":"https:\/\/business.roovi.com\/de\/wp-json\/wp\/v2\/product_cat?post=40511"},{"taxonomy":"product_tag","embeddable":true,"href":"https:\/\/business.roovi.com\/de\/wp-json\/wp\/v2\/product_tag?post=40511"}],"curies":[{"name":"wp","href":"https:\/\/api.w.org\/{rel}","templated":true}]}}