{"id":40515,"date":"2018-08-02T08:38:01","date_gmt":"2018-08-02T08:38:01","guid":{"rendered":"https:\/\/business.roovi.com\/puzzle-adulti-1000-piese-gustav-klimt-hygieia\/p\/"},"modified":"2022-07-06T15:14:33","modified_gmt":"2022-07-06T15:14:33","slug":"1000-teile-gustav-klimt-puzzle-fur-erwachsene-hygieia","status":"publish","type":"product","link":"https:\/\/business.roovi.com\/de\/1000-teile-gustav-klimt-puzzle-fur-erwachsene-hygieia\/p\/","title":{"rendered":"1000 Teile Gustav Klimt-Puzzle f\u00fcr Erwachsene &#8211; Hygieia"},"content":{"rendered":"<p><span style=\"font-weight: 400\"> W\u00e4hle jetzt aus den Hunderten von Bildern, die in der Kunstpuzzle-Sammlung verf\u00fcgbar sind, und werde ein Meister der Puzzlespiele!<\/span><\/p>\n<p><span style=\"font-weight: 400\">Entdecke im Kunstpuzzle Gustav Klimt &#8211; Hygieia eine erstaunliche Herausforderung f\u00fcr deinen Verstand und deinen Geist! Das in diesem Kunstpuzzle abgebildete Werk ist Teil des gr\u00f6\u00dferen Werks &#8211; <\/span><em><span style=\"font-weight: 400\">Medizin<\/span><\/em><span style=\"font-weight: 400\"> &#8211; die Klimt f\u00fcr die Universit\u00e4t Wien geschaffen hat. Das Werk wurde von seinen Zeitgenossen angefochten. Hygieia war die G\u00f6ttin der Hygiene, Gesundheit und Sauberkeit. Die Schlange und die Schale sind auch heute noch Symbole der Medizin. Aber was an diesem Werk st\u00f6rte, waren nicht die Symbole, sondern der starke und bedrohliche Ausdruck der Frau, der im Gegensatz zur bescheidenen Hygieia des griechischen Mythos steht <\/span><\/p>\n<p><span style=\"font-weight: 400\">Dieses atemberaubende Gem\u00e4lde aus Gustav Klimts Kunstpuzzle &#8211; Hygieia wird in deinem Zimmer umwerfend aussehen! Stelle das Bild aus dem 1000-Teile-Puzzle neu zusammen und dekoriere dein Zuhause mit einem besonderen Kunstwerk. Um das Bild nachzustellen, brauchst du einen gew\u00f6hnlichen Couchtisch als Unterlage, denn die Ma\u00dfe des fertigen Bildes sind 50 x 70 cm.<\/span><\/p>\n<p><span style=\"font-weight: 400\">Eigenschaften des 1000-teiligen Gustav Klimt &#8211; Hygieia Puzzles:<\/span><\/p>\n<p><strong>Puzzle-Material <\/strong><\/p>\n<p><strong>hochwertiger blauer Karton<\/strong><\/p>\n<p><strong>nachhaltige, recycelbare Materialien<\/strong><\/p>\n<p><strong>halbgl\u00e4nzende Oberfl\u00e4che, leuchtende Farben<\/strong><\/p>\n<p><strong>Anzahl der Puzzleteile: 1000<\/strong><\/p>\n<p><strong>Empfohlenes Alter: 14+<\/strong><\/p>\n<p><strong>Wie kannst du mit Puzzles f\u00fcr Erwachsene Stress abbauen?<\/strong><\/p>\n<p><span style=\"font-weight: 400\">Puzzlespiele sind eine tolle M\u00f6glichkeit, sich zu entspannen. W\u00e4hrend der Versammlungsaktivit\u00e4t befindet sich dein Gehirn in einem &#8222;Alpha&#8220;-Zustand, \u00e4hnlich dem, in dem du dich beim Schlafen befindest. Dieser Zustand bringt viele Vorteile mit sich, unter anderem:<\/span><\/p>\n<ul>\n<li><span style=\"font-weight: 400\">Reduziert das Stressniveau im K\u00f6rper.<\/span><\/li>\n<li><span style=\"font-weight: 400\">Bessere Stimmung.<\/span><\/li>\n<li><span style=\"font-weight: 400\">Die F\u00e4higkeit, dich mit deinem eigenen Selbst zu verbinden.<\/span><\/li>\n<li><span style=\"font-weight: 400\">Gesteigertes Selbstvertrauen.<\/span><\/li>\n<li><span style=\"font-weight: 400\">Erleichterung von \u00c4ngsten.<\/span><\/li>\n<\/ul>\n<p><strong>Die Geschichte der Gem\u00e4lde, die noch nie ausgestellt wurden<\/strong><\/p>\n<p><span style=\"font-weight: 400\">1894 erkl\u00e4rte sich Klimt bereit, f\u00fcr die Gro\u00dfe Aula der Universit\u00e4t Wien zu malen. Er war f\u00fcr drei Gremien verantwortlich: Philosophie, Medizin und Recht. Die Werke l\u00f6sten eine heftige Kontroverse aus.<\/span><\/p>\n<p><span style=\"font-weight: 400\">Dies war Gustav Klimts letzter \u00f6ffentlicher Auftrag. Danach malte er nur noch auf Anfrage von Privatpersonen.<\/span><\/p>\n<p><span style=\"font-weight: 400\">Nach Kritik und Vorw\u00fcrfen der Pornografie gab Klimt das Honorar von 30.000 Kronen, das er f\u00fcr diesen Auftrag erhalten hatte, an das Gesundheitsministerium zur\u00fcck.<\/span><\/p>\n<p><span style=\"font-weight: 400\">Keines dieser Gem\u00e4lde wurde \u00f6ffentlich ausgestellt <\/span><\/p>\n<p><span style=\"font-weight: 400\">Alle Werke dieser Serie verbrannten, als Nazi-Truppen das Schloss Immendorf in Brand setzten, wo sie aufbewahrt wurden.<\/span><\/p>\n<p><strong>Puzzlespiele geben dir ein sch\u00f6nes, meditatives Gef\u00fchl<\/strong><\/p>\n<p><span style=\"font-weight: 400\">Wenn du ein Bild aus einem Puzzle f\u00fcr Erwachsene nachstellst, konzentrierst du dich tief und begibst dich in einen meditativen Zustand. Ohne es zu wollen, verbannst du alle anderen Gedanken aus deinem Kopf und bleibst nur mit der T\u00e4tigkeit verbunden, die Teile des 1000-Puzzles zusammenzusetzen. Wenn du dich konzentrierst, entsteht ein perfektes Gleichgewicht zwischen der linken Gehirnh\u00e4lfte, die f\u00fcr logisches Denken zust\u00e4ndig ist, und der rechten Gehirnh\u00e4lfte, die f\u00fcr kreatives Denken und Intuition verantwortlich ist. Dieser Zustand der Entspannung und Ausgeglichenheit hilft deinem Gehirn, sich auszuruhen, und es ist kein Wunder, dass du dich nach dem Puzzeln erfrischt und gl\u00fccklich f\u00fchlst, genau wie nach einer Meditationssitzung.<\/span><\/p>\n<\/p>\n<p><span style=\"font-weight: 400\">Kaufe jetzt Gustav Klimt &#8211; Hygieia Kunstpuzzle und wage es, deine Gewohnheiten zu \u00e4ndern! Setze dieses 1000-teilige Puzzle zusammen und nutze alle Vorteile, die dir Puzzlespiele bieten <\/span><\/p>\n<p><span style=\"font-weight: 400\">Das 1000-teilige Gustav Klimt &#8211; Hygieia Puzzle ist ein tolles Geschenk f\u00fcr deine Liebsten zu verschiedenen Anl\u00e4ssen.<\/span><\/p>\n","protected":false},"excerpt":{"rendered":"<p>W\u00e4hle jetzt aus den Hunderten von Bildern, die in der Kunstpuzzle-Sammlung verf\u00fcgbar sind, und werde ein Meister der Puzzlespiele! Entdecke<\/p>\n","protected":false},"featured_media":36214,"template":"","meta":[],"product_brand":[],"product_cat":[1916,1875,1915],"product_tag":[],"class_list":{"0":"post-40515","1":"product","2":"type-product","3":"status-publish","4":"has-post-thumbnail","6":"product_cat-1000-teile-puzzle","7":"product_cat-puzzle-de","8":"product_cat-puzzlespiele-fur-erwachsene","9":"pa_brand-d_toys-de","10":"pa_country_of_manufacture-ro-de","11":"pa_filter_age-14-de","12":"pa_painter-gustavklimt-de","13":"pa_tip_ambalaj-kasten-a4-de","14":"pa_tip_puzzle-klassisch","16":"first","17":"instock","18":"taxable","19":"shipping-taxable","20":"product-type-simple"},"yoast_head":"<!-- This site is optimized with the Yoast SEO plugin v20.1 - https:\/\/yoast.com\/wordpress\/plugins\/seo\/ -->\n<title>1000 Teile Gustav Klimt-Puzzle f\u00fcr Erwachsene - Hygieia<\/title>\n<meta name=\"description\" content=\"1000 Teile Gustav Klimt-Puzzle f\u00fcr Erwachsene - Hygieia\" \/>\n<meta name=\"robots\" content=\"index, follow, max-snippet:-1, max-image-preview:large, max-video-preview:-1\" \/>\n<link rel=\"canonical\" href=\"https:\/\/business.roovi.com\/de\/1000-teile-gustav-klimt-puzzle-fur-erwachsene-hygieia\/p\/\" \/>\n<meta property=\"og:locale\" content=\"de_DE\" \/>\n<meta property=\"og:type\" content=\"article\" \/>\n<meta property=\"og:title\" content=\"1000 Teile Gustav Klimt-Puzzle f\u00fcr Erwachsene - Hygieia\" \/>\n<meta property=\"og:description\" content=\"1000 Teile Gustav Klimt-Puzzle f\u00fcr Erwachsene - Hygieia\" \/>\n<meta property=\"og:url\" content=\"https:\/\/business.roovi.com\/de\/1000-teile-gustav-klimt-puzzle-fur-erwachsene-hygieia\/p\/\" \/>\n<meta property=\"og:site_name\" content=\"Roovi B2B\" \/>\n<meta property=\"article:publisher\" content=\"https:\/\/www.facebook.com\/wwwjucariero\" \/>\n<meta property=\"article:modified_time\" content=\"2022-07-06T15:14:33+00:00\" \/>\n<meta property=\"og:image\" content=\"https:\/\/business.roovi.com\/wp-content\/uploads\/2018\/08\/66923-11_ansamblu_dimensiuni_cutie_cm_1200x1200.png\" \/>\n\t<meta property=\"og:image:width\" content=\"1200\" \/>\n\t<meta property=\"og:image:height\" content=\"1200\" \/>\n\t<meta property=\"og:image:type\" content=\"image\/png\" \/>\n<meta name=\"twitter:label1\" content=\"Gesch\u00e4tzte Lesezeit\" \/>\n\t<meta name=\"twitter:data1\" content=\"3\u00a0Minuten\" \/>\n<script type=\"application\/ld+json\" class=\"yoast-schema-graph\">{\"@context\":\"https:\/\/schema.org\",\"@graph\":[{\"@type\":\"WebPage\",\"@id\":\"https:\/\/business.roovi.com\/de\/1000-teile-gustav-klimt-puzzle-fur-erwachsene-hygieia\/p\/\",\"url\":\"https:\/\/business.roovi.com\/de\/1000-teile-gustav-klimt-puzzle-fur-erwachsene-hygieia\/p\/\",\"name\":\"1000 Teile Gustav Klimt-Puzzle f\u00fcr Erwachsene - Hygieia\",\"isPartOf\":{\"@id\":\"https:\/\/business.roovi.com\/de\/#website\"},\"datePublished\":\"2018-08-02T08:38:01+00:00\",\"dateModified\":\"2022-07-06T15:14:33+00:00\",\"description\":\"1000 Teile Gustav Klimt-Puzzle f\u00fcr Erwachsene - Hygieia\",\"breadcrumb\":{\"@id\":\"https:\/\/business.roovi.com\/de\/1000-teile-gustav-klimt-puzzle-fur-erwachsene-hygieia\/p\/#breadcrumb\"},\"inLanguage\":\"de\",\"potentialAction\":[{\"@type\":\"ReadAction\",\"target\":[\"https:\/\/business.roovi.com\/de\/1000-teile-gustav-klimt-puzzle-fur-erwachsene-hygieia\/p\/\"]}]},{\"@type\":\"BreadcrumbList\",\"@id\":\"https:\/\/business.roovi.com\/de\/1000-teile-gustav-klimt-puzzle-fur-erwachsene-hygieia\/p\/#breadcrumb\",\"itemListElement\":[{\"@type\":\"ListItem\",\"position\":1,\"name\":\"Home\",\"item\":\"https:\/\/business.roovi.com\/de\/\"},{\"@type\":\"ListItem\",\"position\":2,\"name\":\"Shop\",\"item\":\"https:\/\/business.roovi.com\/de\/shop\/\"},{\"@type\":\"ListItem\",\"position\":3,\"name\":\"1000 Teile Gustav Klimt-Puzzle f\u00fcr Erwachsene &#8211; Hygieia\"}]},{\"@type\":\"WebSite\",\"@id\":\"https:\/\/business.roovi.com\/de\/#website\",\"url\":\"https:\/\/business.roovi.com\/de\/\",\"name\":\"Roovi B2B\",\"description\":\"Roovi Business Website\",\"potentialAction\":[{\"@type\":\"SearchAction\",\"target\":{\"@type\":\"EntryPoint\",\"urlTemplate\":\"https:\/\/business.roovi.com\/de\/?s={search_term_string}\"},\"query-input\":\"required name=search_term_string\"}],\"inLanguage\":\"de\"}]}<\/script>\n<!-- \/ Yoast SEO plugin. -->","yoast_head_json":{"title":"1000 Teile Gustav Klimt-Puzzle f\u00fcr Erwachsene - Hygieia","description":"1000 Teile Gustav Klimt-Puzzle f\u00fcr Erwachsene - Hygieia","robots":{"index":"index","follow":"follow","max-snippet":"max-snippet:-1","max-image-preview":"max-image-preview:large","max-video-preview":"max-video-preview:-1"},"canonical":"https:\/\/business.roovi.com\/de\/1000-teile-gustav-klimt-puzzle-fur-erwachsene-hygieia\/p\/","og_locale":"de_DE","og_type":"article","og_title":"1000 Teile Gustav Klimt-Puzzle f\u00fcr Erwachsene - Hygieia","og_description":"1000 Teile Gustav Klimt-Puzzle f\u00fcr Erwachsene - Hygieia","og_url":"https:\/\/business.roovi.com\/de\/1000-teile-gustav-klimt-puzzle-fur-erwachsene-hygieia\/p\/","og_site_name":"Roovi B2B","article_publisher":"https:\/\/www.facebook.com\/wwwjucariero","article_modified_time":"2022-07-06T15:14:33+00:00","og_image":[{"width":1200,"height":1200,"url":"https:\/\/business.roovi.com\/wp-content\/uploads\/2018\/08\/66923-11_ansamblu_dimensiuni_cutie_cm_1200x1200.png","type":"image\/png"}],"twitter_misc":{"Gesch\u00e4tzte Lesezeit":"3\u00a0Minuten"},"schema":{"@context":"https:\/\/schema.org","@graph":[{"@type":"WebPage","@id":"https:\/\/business.roovi.com\/de\/1000-teile-gustav-klimt-puzzle-fur-erwachsene-hygieia\/p\/","url":"https:\/\/business.roovi.com\/de\/1000-teile-gustav-klimt-puzzle-fur-erwachsene-hygieia\/p\/","name":"1000 Teile Gustav Klimt-Puzzle f\u00fcr Erwachsene - Hygieia","isPartOf":{"@id":"https:\/\/business.roovi.com\/de\/#website"},"datePublished":"2018-08-02T08:38:01+00:00","dateModified":"2022-07-06T15:14:33+00:00","description":"1000 Teile Gustav Klimt-Puzzle f\u00fcr Erwachsene - Hygieia","breadcrumb":{"@id":"https:\/\/business.roovi.com\/de\/1000-teile-gustav-klimt-puzzle-fur-erwachsene-hygieia\/p\/#breadcrumb"},"inLanguage":"de","potentialAction":[{"@type":"ReadAction","target":["https:\/\/business.roovi.com\/de\/1000-teile-gustav-klimt-puzzle-fur-erwachsene-hygieia\/p\/"]}]},{"@type":"BreadcrumbList","@id":"https:\/\/business.roovi.com\/de\/1000-teile-gustav-klimt-puzzle-fur-erwachsene-hygieia\/p\/#breadcrumb","itemListElement":[{"@type":"ListItem","position":1,"name":"Home","item":"https:\/\/business.roovi.com\/de\/"},{"@type":"ListItem","position":2,"name":"Shop","item":"https:\/\/business.roovi.com\/de\/shop\/"},{"@type":"ListItem","position":3,"name":"1000 Teile Gustav Klimt-Puzzle f\u00fcr Erwachsene &#8211; Hygieia"}]},{"@type":"WebSite","@id":"https:\/\/business.roovi.com\/de\/#website","url":"https:\/\/business.roovi.com\/de\/","name":"Roovi B2B","description":"Roovi Business Website","potentialAction":[{"@type":"SearchAction","target":{"@type":"EntryPoint","urlTemplate":"https:\/\/business.roovi.com\/de\/?s={search_term_string}"},"query-input":"required name=search_term_string"}],"inLanguage":"de"}]}},"_links":{"self":[{"href":"https:\/\/business.roovi.com\/de\/wp-json\/wp\/v2\/product\/40515","targetHints":{"allow":["GET"]}}],"collection":[{"href":"https:\/\/business.roovi.com\/de\/wp-json\/wp\/v2\/product"}],"about":[{"href":"https:\/\/business.roovi.com\/de\/wp-json\/wp\/v2\/types\/product"}],"version-history":[{"count":0,"href":"https:\/\/business.roovi.com\/de\/wp-json\/wp\/v2\/product\/40515\/revisions"}],"wp:featuredmedia":[{"embeddable":true,"href":"https:\/\/business.roovi.com\/de\/wp-json\/wp\/v2\/media\/36214"}],"wp:attachment":[{"href":"https:\/\/business.roovi.com\/de\/wp-json\/wp\/v2\/media?parent=40515"}],"wp:term":[{"taxonomy":"product_brand","embeddable":true,"href":"https:\/\/business.roovi.com\/de\/wp-json\/wp\/v2\/product_brand?post=40515"},{"taxonomy":"product_cat","embeddable":true,"href":"https:\/\/business.roovi.com\/de\/wp-json\/wp\/v2\/product_cat?post=40515"},{"taxonomy":"product_tag","embeddable":true,"href":"https:\/\/business.roovi.com\/de\/wp-json\/wp\/v2\/product_tag?post=40515"}],"curies":[{"name":"wp","href":"https:\/\/api.w.org\/{rel}","templated":true}]}}