{"id":40571,"date":"2018-04-16T10:56:18","date_gmt":"2018-04-16T10:56:18","guid":{"rendered":"https:\/\/business.roovi.com\/puzzle-adulti-1000-piese-notre-dame\/p\/"},"modified":"2022-07-06T15:19:52","modified_gmt":"2022-07-06T15:19:52","slug":"1000-teile-puzzle-notre-dame-fur-erwachsene","status":"publish","type":"product","link":"https:\/\/business.roovi.com\/de\/1000-teile-puzzle-notre-dame-fur-erwachsene\/p\/","title":{"rendered":"1000 Teile Puzzle Notre Dame f\u00fcr Erwachsene"},"content":{"rendered":"<p><strong><em>Wenn du eine Leidenschaft f\u00fcr Puzzlespiele hast und von der franz\u00f6sischen Kultur fasziniert bist, ist das 1000-Teile-Puzzle Notre Dame Cathedral eine gro\u00dfe Herausforderung f\u00fcr deinen kreativen Geist.<\/em><\/strong><\/p>\n<p><span style=\"font-weight: 400\">Die eindrucksvollste Kathedrale des Mittelalters im gotischen Stil, Notre Dame, besticht durch ihre beeindruckende Gr\u00f6\u00dfe, ihre lange Geschichte und ihre herausragende Architektur. Der Bau dieses imposanten Monuments begann im Jahr 1163 und dauerte mehr als 100 Jahre.<\/span><\/p>\n<p><span style=\"font-weight: 400\">Im Laufe der Zeit wurde sie zerst\u00f6rt, umgestaltet und restauriert. W\u00e4hrend der Franz\u00f6sischen Revolution wurde sie zum Beispiel stark besch\u00e4digt und von Napoleon, der hier 1804 zum Kaiser gekr\u00f6nt wurde, vor dem Abriss gerettet <\/span><\/p>\n<p><span style=\"font-weight: 400\">Mit dem 1000-teiligen Notre Dame-Puzzle hast du die M\u00f6glichkeit, dieses beeindruckende architektonische Monument St\u00fcck f\u00fcr St\u00fcck aufzubauen. Am Ende erh\u00e4ltst du ein echtes Gem\u00e4lde mit den Abmessungen von <\/span><strong>68 x 47 cm<\/strong><span style=\"font-weight: 400\">die \u00fcberall toll aussehen wird, wo du sie ausstellst.<\/span><\/p>\n<p><strong>Warum das 1000-teilige Notre Dame-Puzzle?<\/strong><\/p>\n<p><span style=\"font-weight: 400\">Ein 1000-Teile-Puzzle ist eine M\u00f6glichkeit zur Entspannung und eine Gelegenheit, ein weltber\u00fchmtes Wahrzeichen im Detail kennenzulernen.<\/span><\/p>\n<p><span style=\"font-weight: 400\">Die Puzzleteile bestehen aus hochwertigem Karton, sind pr\u00e4zise geschnitten und passen perfekt zusammen, auch wenn das Puzzleset mehrmals zusammengesetzt wird.<\/span><\/p>\n<p><span style=\"font-weight: 400\">Die Oberfl\u00e4che ist halbgl\u00e4nzend, in lebhaften Farben, die die Klarheit des Bildes hervorheben.<\/span><\/p>\n<p><span style=\"font-weight: 400\">Wir verwenden f\u00fcr die Herstellung der Puzzles nur nachhaltige und recycelbare Materialien.<\/span><\/p>\n<p><span style=\"font-weight: 400\">Geeignet ab 14 Jahren &#8211; ein Grund mehr, das Puzzlespiel mit deinen Teenagern zu genie\u00dfen.<\/span><\/p>\n<p><span style=\"font-weight: 400\">Hilft dir, die Koordination und Feinmotorik in jedem Alter zu erhalten.<\/span><\/p>\n<p><span style=\"font-weight: 400\">Es ist eine gute \u00dcbung f\u00fcr Aufmerksamkeit, Geduld und Ausdauer.<\/span><\/p>\n<p><strong>Wusstest du, dass..<\/strong><\/p>\n<p><span style=\"font-weight: 400\">Napoleon war nicht der einzige Kaiser, der in Notre Dame gekr\u00f6nt wurde. Im Jahr 1431 fand die Kr\u00f6nungszeremonie von Heinrich VI. im Alter von nur 10 Jahren zum K\u00f6nig von Frankreich statt.<\/span><\/p>\n<p><span style=\"font-weight: 400\">Nach der Franz\u00f6sischen Revolution wurde die Kathedrale im Jahr 1789 dem Kult der Vernunft gewidmet. Notre Dame wurde mehrfach zerst\u00f6rt und 28 Statuen biblischer K\u00f6nige wurden dabei enthauptet.<\/span><\/p>\n<p><span style=\"font-weight: 400\">Die beiden T\u00fcrme der Kathedrale Notre Dame waren einst die h\u00f6chsten Geb\u00e4ude in Paris. Die Spitzenposition wurde sp\u00e4ter vom Eiffelturm eingenommen.<\/span><\/p>\n<p><span style=\"font-weight: 400\">Alle Glocken von Notre Dame haben verschiedene Namen. Der bekannteste von ihnen ist Emmanuel, der etwa 13 Tonnen wiegt.<\/span><\/p>\n<p><strong>5 weitere Vorteile, wenn du das 1000-Teile-Puzzle von Notre Dame vervollst\u00e4ndigst<\/strong><\/p>\n<ol>\n<li><span style=\"font-weight: 400\">Sie hilft dir, den t\u00e4glichen Stress abzubauen und schafft ein Gef\u00fchl von Wohlbefinden und Optimismus.<\/span><\/li>\n<li><span style=\"font-weight: 400\">Sie ist eine hervorragende \u00dcbung f\u00fcr das Gehirn, da sie beide Gehirnh\u00e4lften anspricht.<\/span><\/li>\n<li><span style=\"font-weight: 400\">Es verbessert die F\u00e4higkeit, sich auf eine bestimmte Aufgabe zu konzentrieren.<\/span><\/li>\n<li><span style=\"font-weight: 400\">Das Erreichen des Endziels &#8211; das Vervollst\u00e4ndigen des Puzzles mit 1000 Teilen &#8211; st\u00e4rkt dein Selbstvertrauen.<\/span><\/li>\n<li><span style=\"font-weight: 400\">Es hilft dir, deine F\u00e4higkeit zu entwickeln, Probleme zu l\u00f6sen und die L\u00f6sung auch in scheinbar unm\u00f6glichen Situationen zu sehen.<\/span><\/li>\n<\/ol>\n<p><span style=\"font-weight: 400\">Genie\u00dfe also alle Vorteile, die das Puzzlespiel bietet. Um deine Geschicklichkeit und dein Montagegeschick zu trainieren oder um dich mit deinen Lieben zu treffen, ist das 1000-teilige Notre Dame-Puzzle die perfekte Wahl.<\/span><\/p><\/p>\n","protected":false},"excerpt":{"rendered":"<p>Wenn du eine Leidenschaft f\u00fcr Puzzlespiele hast und von der franz\u00f6sischen Kultur fasziniert bist, ist das 1000-Teile-Puzzle Notre Dame Cathedral<\/p>\n","protected":false},"featured_media":36008,"template":"","meta":[],"product_brand":[],"product_cat":[1916,1875,1915],"product_tag":[],"class_list":{"0":"post-40571","1":"product","2":"type-product","3":"status-publish","4":"has-post-thumbnail","6":"product_cat-1000-teile-puzzle","7":"product_cat-puzzle-de","8":"product_cat-puzzlespiele-fur-erwachsene","9":"pa_bax-8-de","10":"pa_brand-deico-de","11":"pa_country_of_manufacture-ro-de","12":"pa_filter_age-14-de","13":"pa_painter-europe-de","14":"pa_tip_ambalaj-kasten-a4-de","15":"pa_tip_puzzle-klassisch","17":"first","18":"instock","19":"taxable","20":"shipping-taxable","21":"product-type-simple"},"yoast_head":"<!-- This site is optimized with the Yoast SEO plugin v20.1 - https:\/\/yoast.com\/wordpress\/plugins\/seo\/ -->\n<title>1000 Teile Puzzle Notre Dame f\u00fcr Erwachsene<\/title>\n<meta name=\"description\" content=\"1000 Teile Puzzle Notre Dame f\u00fcr Erwachsene\" \/>\n<meta name=\"robots\" content=\"index, follow, max-snippet:-1, max-image-preview:large, max-video-preview:-1\" \/>\n<link rel=\"canonical\" href=\"https:\/\/business.roovi.com\/de\/1000-teile-puzzle-notre-dame-fur-erwachsene\/p\/\" \/>\n<meta property=\"og:locale\" content=\"de_DE\" \/>\n<meta property=\"og:type\" content=\"article\" \/>\n<meta property=\"og:title\" content=\"1000 Teile Puzzle Notre Dame f\u00fcr Erwachsene\" \/>\n<meta property=\"og:description\" content=\"1000 Teile Puzzle Notre Dame f\u00fcr Erwachsene\" \/>\n<meta property=\"og:url\" content=\"https:\/\/business.roovi.com\/de\/1000-teile-puzzle-notre-dame-fur-erwachsene\/p\/\" \/>\n<meta property=\"og:site_name\" content=\"Roovi B2B\" \/>\n<meta property=\"article:publisher\" content=\"https:\/\/www.facebook.com\/wwwjucariero\" \/>\n<meta property=\"article:modified_time\" content=\"2022-07-06T15:19:52+00:00\" \/>\n<meta property=\"og:image\" content=\"https:\/\/business.roovi.com\/wp-content\/uploads\/2018\/04\/61638_05.jpg\" \/>\n\t<meta property=\"og:image:width\" content=\"1200\" \/>\n\t<meta property=\"og:image:height\" content=\"1200\" \/>\n\t<meta property=\"og:image:type\" content=\"image\/jpeg\" \/>\n<meta name=\"twitter:label1\" content=\"Gesch\u00e4tzte Lesezeit\" \/>\n\t<meta name=\"twitter:data1\" content=\"2\u00a0Minuten\" \/>\n<script type=\"application\/ld+json\" class=\"yoast-schema-graph\">{\"@context\":\"https:\/\/schema.org\",\"@graph\":[{\"@type\":\"WebPage\",\"@id\":\"https:\/\/business.roovi.com\/de\/1000-teile-puzzle-notre-dame-fur-erwachsene\/p\/\",\"url\":\"https:\/\/business.roovi.com\/de\/1000-teile-puzzle-notre-dame-fur-erwachsene\/p\/\",\"name\":\"1000 Teile Puzzle Notre Dame f\u00fcr Erwachsene\",\"isPartOf\":{\"@id\":\"https:\/\/business.roovi.com\/de\/#website\"},\"datePublished\":\"2018-04-16T10:56:18+00:00\",\"dateModified\":\"2022-07-06T15:19:52+00:00\",\"description\":\"1000 Teile Puzzle Notre Dame f\u00fcr Erwachsene\",\"breadcrumb\":{\"@id\":\"https:\/\/business.roovi.com\/de\/1000-teile-puzzle-notre-dame-fur-erwachsene\/p\/#breadcrumb\"},\"inLanguage\":\"de\",\"potentialAction\":[{\"@type\":\"ReadAction\",\"target\":[\"https:\/\/business.roovi.com\/de\/1000-teile-puzzle-notre-dame-fur-erwachsene\/p\/\"]}]},{\"@type\":\"BreadcrumbList\",\"@id\":\"https:\/\/business.roovi.com\/de\/1000-teile-puzzle-notre-dame-fur-erwachsene\/p\/#breadcrumb\",\"itemListElement\":[{\"@type\":\"ListItem\",\"position\":1,\"name\":\"Home\",\"item\":\"https:\/\/business.roovi.com\/de\/\"},{\"@type\":\"ListItem\",\"position\":2,\"name\":\"Shop\",\"item\":\"https:\/\/business.roovi.com\/de\/shop\/\"},{\"@type\":\"ListItem\",\"position\":3,\"name\":\"1000 Teile Puzzle Notre Dame f\u00fcr Erwachsene\"}]},{\"@type\":\"WebSite\",\"@id\":\"https:\/\/business.roovi.com\/de\/#website\",\"url\":\"https:\/\/business.roovi.com\/de\/\",\"name\":\"Roovi B2B\",\"description\":\"Roovi Business Website\",\"potentialAction\":[{\"@type\":\"SearchAction\",\"target\":{\"@type\":\"EntryPoint\",\"urlTemplate\":\"https:\/\/business.roovi.com\/de\/?s={search_term_string}\"},\"query-input\":\"required name=search_term_string\"}],\"inLanguage\":\"de\"}]}<\/script>\n<!-- \/ Yoast SEO plugin. -->","yoast_head_json":{"title":"1000 Teile Puzzle Notre Dame f\u00fcr Erwachsene","description":"1000 Teile Puzzle Notre Dame f\u00fcr Erwachsene","robots":{"index":"index","follow":"follow","max-snippet":"max-snippet:-1","max-image-preview":"max-image-preview:large","max-video-preview":"max-video-preview:-1"},"canonical":"https:\/\/business.roovi.com\/de\/1000-teile-puzzle-notre-dame-fur-erwachsene\/p\/","og_locale":"de_DE","og_type":"article","og_title":"1000 Teile Puzzle Notre Dame f\u00fcr Erwachsene","og_description":"1000 Teile Puzzle Notre Dame f\u00fcr Erwachsene","og_url":"https:\/\/business.roovi.com\/de\/1000-teile-puzzle-notre-dame-fur-erwachsene\/p\/","og_site_name":"Roovi B2B","article_publisher":"https:\/\/www.facebook.com\/wwwjucariero","article_modified_time":"2022-07-06T15:19:52+00:00","og_image":[{"width":1200,"height":1200,"url":"https:\/\/business.roovi.com\/wp-content\/uploads\/2018\/04\/61638_05.jpg","type":"image\/jpeg"}],"twitter_misc":{"Gesch\u00e4tzte Lesezeit":"2\u00a0Minuten"},"schema":{"@context":"https:\/\/schema.org","@graph":[{"@type":"WebPage","@id":"https:\/\/business.roovi.com\/de\/1000-teile-puzzle-notre-dame-fur-erwachsene\/p\/","url":"https:\/\/business.roovi.com\/de\/1000-teile-puzzle-notre-dame-fur-erwachsene\/p\/","name":"1000 Teile Puzzle Notre Dame f\u00fcr Erwachsene","isPartOf":{"@id":"https:\/\/business.roovi.com\/de\/#website"},"datePublished":"2018-04-16T10:56:18+00:00","dateModified":"2022-07-06T15:19:52+00:00","description":"1000 Teile Puzzle Notre Dame f\u00fcr Erwachsene","breadcrumb":{"@id":"https:\/\/business.roovi.com\/de\/1000-teile-puzzle-notre-dame-fur-erwachsene\/p\/#breadcrumb"},"inLanguage":"de","potentialAction":[{"@type":"ReadAction","target":["https:\/\/business.roovi.com\/de\/1000-teile-puzzle-notre-dame-fur-erwachsene\/p\/"]}]},{"@type":"BreadcrumbList","@id":"https:\/\/business.roovi.com\/de\/1000-teile-puzzle-notre-dame-fur-erwachsene\/p\/#breadcrumb","itemListElement":[{"@type":"ListItem","position":1,"name":"Home","item":"https:\/\/business.roovi.com\/de\/"},{"@type":"ListItem","position":2,"name":"Shop","item":"https:\/\/business.roovi.com\/de\/shop\/"},{"@type":"ListItem","position":3,"name":"1000 Teile Puzzle Notre Dame f\u00fcr Erwachsene"}]},{"@type":"WebSite","@id":"https:\/\/business.roovi.com\/de\/#website","url":"https:\/\/business.roovi.com\/de\/","name":"Roovi B2B","description":"Roovi Business Website","potentialAction":[{"@type":"SearchAction","target":{"@type":"EntryPoint","urlTemplate":"https:\/\/business.roovi.com\/de\/?s={search_term_string}"},"query-input":"required name=search_term_string"}],"inLanguage":"de"}]}},"_links":{"self":[{"href":"https:\/\/business.roovi.com\/de\/wp-json\/wp\/v2\/product\/40571","targetHints":{"allow":["GET"]}}],"collection":[{"href":"https:\/\/business.roovi.com\/de\/wp-json\/wp\/v2\/product"}],"about":[{"href":"https:\/\/business.roovi.com\/de\/wp-json\/wp\/v2\/types\/product"}],"version-history":[{"count":0,"href":"https:\/\/business.roovi.com\/de\/wp-json\/wp\/v2\/product\/40571\/revisions"}],"wp:featuredmedia":[{"embeddable":true,"href":"https:\/\/business.roovi.com\/de\/wp-json\/wp\/v2\/media\/36008"}],"wp:attachment":[{"href":"https:\/\/business.roovi.com\/de\/wp-json\/wp\/v2\/media?parent=40571"}],"wp:term":[{"taxonomy":"product_brand","embeddable":true,"href":"https:\/\/business.roovi.com\/de\/wp-json\/wp\/v2\/product_brand?post=40571"},{"taxonomy":"product_cat","embeddable":true,"href":"https:\/\/business.roovi.com\/de\/wp-json\/wp\/v2\/product_cat?post=40571"},{"taxonomy":"product_tag","embeddable":true,"href":"https:\/\/business.roovi.com\/de\/wp-json\/wp\/v2\/product_tag?post=40571"}],"curies":[{"name":"wp","href":"https:\/\/api.w.org\/{rel}","templated":true}]}}