{"id":40575,"date":"2018-04-16T10:56:18","date_gmt":"2018-04-16T10:56:18","guid":{"rendered":"https:\/\/business.roovi.com\/puzzle-adulti-1000-piese-muzeul-luvru\/p\/"},"modified":"2022-10-19T08:07:08","modified_gmt":"2022-10-19T08:07:08","slug":"1000-teile-puzzle-fur-erwachsene-louvre-museum","status":"publish","type":"product","link":"https:\/\/business.roovi.com\/de\/1000-teile-puzzle-fur-erwachsene-louvre-museum\/p\/","title":{"rendered":"1000-Teile-Puzzle f\u00fcr Erwachsene Louvre Museum"},"content":{"rendered":"<p><strong><em>Das ber\u00fchmteste Museum der Welt zu besuchen ist faszinierend, aber wie w\u00e4re es, dieses ikonische Wahrzeichen jeden Tag zu bewundern? Bringe die Teile des 1000-Puzzles in die richtige Reihenfolge und genie\u00dfe ein Originalgem\u00e4lde des imposanten Louvre.<\/em><\/strong><\/p>\n<p><span style=\"font-weight: 400;\">Die Mona Lisa und die Venus de Milo zu bewundern und sich zwischen tausenden von Meisterwerken aus der fr\u00fchesten Geschichte zu verlieren, ist ein wahres Vergn\u00fcgen. Aber wenn es die Zeit nicht zul\u00e4sst oder wenn du das Bild des meistbesuchten Museums in Europa f\u00fcr immer behalten willst, ist das 1000 Teile Puzzle des Louvre-Museums eine w\u00fcrdige Alternative.<\/span><\/p>\n<p><span style=\"font-weight: 400;\">Die hochwertigen Kartonteile sind pr\u00e4zise geschnitten und passen perfekt zusammen, so dass das entstehende Bild ein wahres Kunstwerk ist. Das gro\u00dfartige Bild, das du mit dem 1000-teiligen Louvre Museum Puzzle f\u00fcr Erwachsene erh\u00e4ltst, kann in ein exquisites Dekorationsobjekt verwandelt werden, das jedem Ort, an dem du es ausstellst, Pers\u00f6nlichkeit verleiht.<\/span><\/p>\n<p><span style=\"font-weight: 400;\">Es hei\u00dft, dass du 100 Tage brauchen w\u00fcrdest, um alle Ausstellungsst\u00fccke des Museums zu sehen! Wenn du dich hinsetzt und jedes Meisterwerk 30 Sekunden lang bewunderst und das war&#8217;s. Mit dem 1000-teiligen Puzzle des Louvre-Museums garantieren wir bis zu 30 Stunden entspannten Spa\u00df. Egal, ob du schon ein Puzzle-Experte bist oder es mit deinen Lieben zusammensetzt, die Zeit ist viel k\u00fcrzer. Entscheide dich also f\u00fcr dieses wunderbare Puzzle f\u00fcr Erwachsene und mach deine Freizeit zum Erlebnis.<\/span><\/p>\n<p><strong>Eigenschaften 1000-teiliges Puzzle f\u00fcr Erwachsene Louvre Museum<\/strong><\/p>\n<p><strong>Gr\u00f6\u00dfe des rekonstruierten Bildes: 68 x 47 cm.<\/strong><\/p>\n<p><strong>Puzzle-Material <\/strong><\/p>\n<p><strong>hochwertiger blauer Karton<\/strong><\/p>\n<p><strong>nachhaltige, recycelbare Materialien<\/strong><\/p>\n<p><strong>halbgl\u00e4nzende Oberfl\u00e4che, leuchtende Farben<\/strong><\/p>\n<p><strong>Anzahl der Puzzleteile: 1000<\/strong><\/p>\n<p><strong>Empfohlenes Alter: 14+<\/strong><\/p>\n<p><span style=\"font-weight: 400;\">Puzzlespiele bieten dir zahlreiche Vorteile, die sich auf verschiedenen Ebenen widerspiegeln:<\/span><\/p>\n<ul>\n<li><span style=\"font-weight: 400;\">Sie sind eine wunderbare M\u00f6glichkeit, sich zu entspannen und abzuschalten.<\/span><\/li>\n<li><span style=\"font-weight: 400;\">Es schult deine Liebe zum Detail, deine Geduld und deine Ausdauer.<\/span><\/li>\n<li><span style=\"font-weight: 400;\">Sie sind ein hervorragendes mentales Training und halten dein Ged\u00e4chtnis scharf.<\/span><\/li>\n<li><span style=\"font-weight: 400;\">Sie helfen dir, deine Probleml\u00f6sungsf\u00e4higkeiten zu verbessern.<\/span><\/li>\n<li><span style=\"font-weight: 400;\">Sie k\u00f6nnen eine Gelegenheit sein, die Freizeit mit Teenagern zu verbringen.<\/span><\/li>\n<\/ul>\n<p><strong>Wusstest du, dass..<\/strong><\/p>\n<p><span style=\"font-weight: 400;\">Das Louvre-Museum wurde urspr\u00fcnglich als Verteidigungsfestung gebaut. Das Museum wurde im Laufe der Jahre unterschiedlich genutzt: Im 16. Jahrhundert war es eine k\u00f6nigliche Residenz, und w\u00e4hrend des Zweiten Weltkriegs nutzten die Nazis es als Lager f\u00fcr gestohlene Kunstwerke.<\/span><\/p>\n<p><span style=\"font-weight: 400;\">Zu Napoleons Zeiten wurde der Louvre umbenannt, und zwar in&#8230; das Napoleon-Museum!<\/span><\/p>\n<p><span style=\"font-weight: 400;\">Die Mona Lisa ist durch kugelsicheres Glas gesch\u00fctzt und hat ihre eigenen Leibw\u00e4chter.<\/span><\/p>\n<p><span style=\"font-weight: 400;\">Die Glaspyramide vor dem Museum wurde 1989 von einem chinesischen Architekten gebaut.<\/span><\/p>\n<p><span style=\"font-weight: 400;\">Das Museum beherbergt unz\u00e4hlige Exponate der \u00e4gyptischen Kunst und ist damit eine der ber\u00fchmtesten Sammlungen der Welt.<\/span><\/p>\n<p><strong>Das 1000-teilige Puzzle des Louvre-Museums ist eine lustige Familienaktivit\u00e4t<\/strong><\/p>\n<p><span style=\"font-weight: 400;\">Du m\u00f6chtest mehr Zeit mit deinen Kindern verbringen und suchst nach einer Aktivit\u00e4t, die sie von den Bildschirmen fernh\u00e4lt? W\u00e4hle das 1000-Teile-Puzzle des Louvre-Museums und erschaffe gemeinsam ein gelungenes Gem\u00e4lde. Stell dir vor, du l\u00e4ufst durch Europas gr\u00f6\u00dftes Museum und genie\u00dft jedes ausgestellte Werk.<\/span><\/p>\n<p><span style=\"font-weight: 400;\">Das Zusammensetzen dieses Puzzlespiels ist nicht nur eine phantasievolle \u00dcbung, sondern auch eine wahre Wohltat f\u00fcr deine Augen, die sich nach vielen Stunden harter Arbeit vom blauen Licht der Bildschirme erholen k\u00f6nnen.<\/span><\/p>\n<p><span style=\"font-weight: 400;\">Das 1000-Teile-Puzzle des Louvre-Museums ist daher die perfekte Wahl, wenn du ein erwachsener Puzzle-Liebhaber bist, der ein paar Stunden Abwechslung vom Alltag sucht, oder wenn du die Monotonie in der Familie aufbrechen willst. Dieses besondere Puzzlespiel ist auch ein tolles Geschenk f\u00fcr die Feiertage oder Jubil\u00e4en.<\/span><\/p>\n","protected":false},"excerpt":{"rendered":"<p>Das ber\u00fchmteste Museum der Welt zu besuchen ist faszinierend, aber wie w\u00e4re es, dieses ikonische Wahrzeichen jeden Tag zu bewundern?<\/p>\n","protected":false},"featured_media":58406,"template":"","meta":[],"product_brand":[],"product_cat":[1916,1875,1915],"product_tag":[],"class_list":{"0":"post-40575","1":"product","2":"type-product","3":"status-publish","4":"has-post-thumbnail","6":"product_cat-1000-teile-puzzle","7":"product_cat-puzzle-de","8":"product_cat-puzzlespiele-fur-erwachsene","9":"pa_bax-8-de","10":"pa_brand-deico-de","11":"pa_country_of_manufacture-ro-de","12":"pa_filter_age-14-de","13":"pa_painter-europe-de","14":"pa_tip_ambalaj-kasten-a4-de","15":"pa_tip_puzzle-klassisch","17":"first","18":"instock","19":"taxable","20":"shipping-taxable","21":"product-type-simple"},"yoast_head":"<!-- This site is optimized with the Yoast SEO plugin v20.1 - https:\/\/yoast.com\/wordpress\/plugins\/seo\/ -->\n<title>1000-Teile-Puzzle f\u00fcr Erwachsene Louvre Museum<\/title>\n<meta name=\"description\" content=\"1000-Teile-Puzzle f\u00fcr Erwachsene Louvre Museum\" \/>\n<meta name=\"robots\" content=\"index, follow, max-snippet:-1, max-image-preview:large, max-video-preview:-1\" \/>\n<link rel=\"canonical\" href=\"https:\/\/business.roovi.com\/de\/1000-teile-puzzle-fur-erwachsene-louvre-museum\/p\/\" \/>\n<meta property=\"og:locale\" content=\"de_DE\" \/>\n<meta property=\"og:type\" content=\"article\" \/>\n<meta property=\"og:title\" content=\"1000-Teile-Puzzle f\u00fcr Erwachsene Louvre Museum\" \/>\n<meta property=\"og:description\" content=\"1000-Teile-Puzzle f\u00fcr Erwachsene Louvre Museum\" \/>\n<meta property=\"og:url\" content=\"https:\/\/business.roovi.com\/de\/1000-teile-puzzle-fur-erwachsene-louvre-museum\/p\/\" \/>\n<meta property=\"og:site_name\" content=\"Roovi B2B\" \/>\n<meta property=\"article:publisher\" content=\"https:\/\/www.facebook.com\/wwwjucariero\" \/>\n<meta property=\"article:modified_time\" content=\"2022-10-19T08:07:08+00:00\" \/>\n<meta property=\"og:image\" content=\"https:\/\/business.roovi.com\/wp-content\/uploads\/2018\/04\/75772-Ansamblu_dimensiuni-cutie-cm_orizontal-4.png\" \/>\n\t<meta property=\"og:image:width\" content=\"1200\" \/>\n\t<meta property=\"og:image:height\" content=\"1200\" \/>\n\t<meta property=\"og:image:type\" content=\"image\/png\" \/>\n<meta name=\"twitter:label1\" content=\"Gesch\u00e4tzte Lesezeit\" \/>\n\t<meta name=\"twitter:data1\" content=\"3\u00a0Minuten\" \/>\n<script type=\"application\/ld+json\" class=\"yoast-schema-graph\">{\"@context\":\"https:\/\/schema.org\",\"@graph\":[{\"@type\":\"WebPage\",\"@id\":\"https:\/\/business.roovi.com\/de\/1000-teile-puzzle-fur-erwachsene-louvre-museum\/p\/\",\"url\":\"https:\/\/business.roovi.com\/de\/1000-teile-puzzle-fur-erwachsene-louvre-museum\/p\/\",\"name\":\"1000-Teile-Puzzle f\u00fcr Erwachsene Louvre Museum\",\"isPartOf\":{\"@id\":\"https:\/\/business.roovi.com\/de\/#website\"},\"datePublished\":\"2018-04-16T10:56:18+00:00\",\"dateModified\":\"2022-10-19T08:07:08+00:00\",\"description\":\"1000-Teile-Puzzle f\u00fcr Erwachsene Louvre Museum\",\"breadcrumb\":{\"@id\":\"https:\/\/business.roovi.com\/de\/1000-teile-puzzle-fur-erwachsene-louvre-museum\/p\/#breadcrumb\"},\"inLanguage\":\"de\",\"potentialAction\":[{\"@type\":\"ReadAction\",\"target\":[\"https:\/\/business.roovi.com\/de\/1000-teile-puzzle-fur-erwachsene-louvre-museum\/p\/\"]}]},{\"@type\":\"BreadcrumbList\",\"@id\":\"https:\/\/business.roovi.com\/de\/1000-teile-puzzle-fur-erwachsene-louvre-museum\/p\/#breadcrumb\",\"itemListElement\":[{\"@type\":\"ListItem\",\"position\":1,\"name\":\"Home\",\"item\":\"https:\/\/business.roovi.com\/de\/\"},{\"@type\":\"ListItem\",\"position\":2,\"name\":\"Shop\",\"item\":\"https:\/\/business.roovi.com\/de\/shop\/\"},{\"@type\":\"ListItem\",\"position\":3,\"name\":\"1000-Teile-Puzzle f\u00fcr Erwachsene Louvre Museum\"}]},{\"@type\":\"WebSite\",\"@id\":\"https:\/\/business.roovi.com\/de\/#website\",\"url\":\"https:\/\/business.roovi.com\/de\/\",\"name\":\"Roovi B2B\",\"description\":\"Roovi Business Website\",\"potentialAction\":[{\"@type\":\"SearchAction\",\"target\":{\"@type\":\"EntryPoint\",\"urlTemplate\":\"https:\/\/business.roovi.com\/de\/?s={search_term_string}\"},\"query-input\":\"required name=search_term_string\"}],\"inLanguage\":\"de\"}]}<\/script>\n<!-- \/ Yoast SEO plugin. -->","yoast_head_json":{"title":"1000-Teile-Puzzle f\u00fcr Erwachsene Louvre Museum","description":"1000-Teile-Puzzle f\u00fcr Erwachsene Louvre Museum","robots":{"index":"index","follow":"follow","max-snippet":"max-snippet:-1","max-image-preview":"max-image-preview:large","max-video-preview":"max-video-preview:-1"},"canonical":"https:\/\/business.roovi.com\/de\/1000-teile-puzzle-fur-erwachsene-louvre-museum\/p\/","og_locale":"de_DE","og_type":"article","og_title":"1000-Teile-Puzzle f\u00fcr Erwachsene Louvre Museum","og_description":"1000-Teile-Puzzle f\u00fcr Erwachsene Louvre Museum","og_url":"https:\/\/business.roovi.com\/de\/1000-teile-puzzle-fur-erwachsene-louvre-museum\/p\/","og_site_name":"Roovi B2B","article_publisher":"https:\/\/www.facebook.com\/wwwjucariero","article_modified_time":"2022-10-19T08:07:08+00:00","og_image":[{"width":1200,"height":1200,"url":"https:\/\/business.roovi.com\/wp-content\/uploads\/2018\/04\/75772-Ansamblu_dimensiuni-cutie-cm_orizontal-4.png","type":"image\/png"}],"twitter_misc":{"Gesch\u00e4tzte Lesezeit":"3\u00a0Minuten"},"schema":{"@context":"https:\/\/schema.org","@graph":[{"@type":"WebPage","@id":"https:\/\/business.roovi.com\/de\/1000-teile-puzzle-fur-erwachsene-louvre-museum\/p\/","url":"https:\/\/business.roovi.com\/de\/1000-teile-puzzle-fur-erwachsene-louvre-museum\/p\/","name":"1000-Teile-Puzzle f\u00fcr Erwachsene Louvre Museum","isPartOf":{"@id":"https:\/\/business.roovi.com\/de\/#website"},"datePublished":"2018-04-16T10:56:18+00:00","dateModified":"2022-10-19T08:07:08+00:00","description":"1000-Teile-Puzzle f\u00fcr Erwachsene Louvre Museum","breadcrumb":{"@id":"https:\/\/business.roovi.com\/de\/1000-teile-puzzle-fur-erwachsene-louvre-museum\/p\/#breadcrumb"},"inLanguage":"de","potentialAction":[{"@type":"ReadAction","target":["https:\/\/business.roovi.com\/de\/1000-teile-puzzle-fur-erwachsene-louvre-museum\/p\/"]}]},{"@type":"BreadcrumbList","@id":"https:\/\/business.roovi.com\/de\/1000-teile-puzzle-fur-erwachsene-louvre-museum\/p\/#breadcrumb","itemListElement":[{"@type":"ListItem","position":1,"name":"Home","item":"https:\/\/business.roovi.com\/de\/"},{"@type":"ListItem","position":2,"name":"Shop","item":"https:\/\/business.roovi.com\/de\/shop\/"},{"@type":"ListItem","position":3,"name":"1000-Teile-Puzzle f\u00fcr Erwachsene Louvre Museum"}]},{"@type":"WebSite","@id":"https:\/\/business.roovi.com\/de\/#website","url":"https:\/\/business.roovi.com\/de\/","name":"Roovi B2B","description":"Roovi Business Website","potentialAction":[{"@type":"SearchAction","target":{"@type":"EntryPoint","urlTemplate":"https:\/\/business.roovi.com\/de\/?s={search_term_string}"},"query-input":"required name=search_term_string"}],"inLanguage":"de"}]}},"_links":{"self":[{"href":"https:\/\/business.roovi.com\/de\/wp-json\/wp\/v2\/product\/40575","targetHints":{"allow":["GET"]}}],"collection":[{"href":"https:\/\/business.roovi.com\/de\/wp-json\/wp\/v2\/product"}],"about":[{"href":"https:\/\/business.roovi.com\/de\/wp-json\/wp\/v2\/types\/product"}],"version-history":[{"count":0,"href":"https:\/\/business.roovi.com\/de\/wp-json\/wp\/v2\/product\/40575\/revisions"}],"wp:featuredmedia":[{"embeddable":true,"href":"https:\/\/business.roovi.com\/de\/wp-json\/wp\/v2\/media\/58406"}],"wp:attachment":[{"href":"https:\/\/business.roovi.com\/de\/wp-json\/wp\/v2\/media?parent=40575"}],"wp:term":[{"taxonomy":"product_brand","embeddable":true,"href":"https:\/\/business.roovi.com\/de\/wp-json\/wp\/v2\/product_brand?post=40575"},{"taxonomy":"product_cat","embeddable":true,"href":"https:\/\/business.roovi.com\/de\/wp-json\/wp\/v2\/product_cat?post=40575"},{"taxonomy":"product_tag","embeddable":true,"href":"https:\/\/business.roovi.com\/de\/wp-json\/wp\/v2\/product_tag?post=40575"}],"curies":[{"name":"wp","href":"https:\/\/api.w.org\/{rel}","templated":true}]}}