{"id":40587,"date":"2018-04-16T10:56:18","date_gmt":"2018-04-16T10:56:18","guid":{"rendered":"https:\/\/business.roovi.com\/puzzle-adulti-1000-piese-classic-tales-pinocchio\/p\/"},"modified":"2022-07-06T15:24:18","modified_gmt":"2022-07-06T15:24:18","slug":"classic-tales-1000-teile-puzzle-fur-erwachsene-pinocchio","status":"publish","type":"product","link":"https:\/\/business.roovi.com\/de\/classic-tales-1000-teile-puzzle-fur-erwachsene-pinocchio\/p\/","title":{"rendered":"Classic Tales 1000 Teile Puzzle f\u00fcr Erwachsene &#8211; Pinocchio"},"content":{"rendered":"<p><span style=\"font-weight: 400\">Liebst du Geschichten und w\u00fcnschst dir, du k\u00f6nntest dein inneres Kind wecken? Wir haben ein 1000-teiliges Puzzle vorbereitet, das eine Szene aus der niedlichen Pinocchio-Geschichte in einer tollen Grafik darstellt. Vervollst\u00e4ndige das Bild in diesem tollen Puzzle f\u00fcr Erwachsene und lass dich in die faszinierende Welt der M\u00e4rchen entf\u00fchren.<\/span><\/p>\n<p><span style=\"font-weight: 400\">Pinocchios Streiche werden dich sicher auch jetzt noch am\u00fcsieren und erfreuen. Du wirst begeistert sein, eine ikonische Geschichte aus deiner Kindheit in dem 1000-teiligen Pinocchio-Puzzle zu finden <\/span><\/p>\n<p><span style=\"font-weight: 400\">Du hast schon viel von Pinocchio geh\u00f6rt, es gibt viele Filme und Nachstellungen dieser wunderbaren Geschichte und du dachtest, dass dich nichts mehr \u00fcberraschen kann. Setze das Pinocchio-Puzzle f\u00fcr Erwachsene zusammen und du wirst ein atemberaubendes animiertes Bild aus der Perspektive eines zeitgen\u00f6ssischen K\u00fcnstlers entdecken.<\/span><\/p>\n<p><span style=\"font-weight: 400\">Gestalte mit deinen Kindern das Szenenbild von Pinocchios Abenteuern. Sie werden es genie\u00dfen, Geschichten zu erz\u00e4hlen und Zeit mit einer niedlichen und schelmischen Figur zu verbringen.<\/span><\/p>\n<p><strong>Warum solltest du dich f\u00fcr das Classic Tales &#8211; Pinocchio 1000 pieces puzzle entscheiden?<\/strong><\/p>\n<p><span style=\"font-weight: 400\">Du bekommst ein tolles Bild im Format 50 x 70 cm, mit dem du dein Kinderzimmer dekorieren kannst.<\/span><\/p>\n<p><span style=\"font-weight: 400\">Die St\u00fccke sind aus hochwertigem blauen Karton gefertigt, der sie langlebig und strapazierf\u00e4hig macht.<\/span><\/p>\n<p><span style=\"font-weight: 400\">Das 1000-teilige Pinocchio-Puzzle ist aus nachhaltigen, recycelbaren Materialien hergestellt.<\/span><\/p>\n<p><span style=\"font-weight: 400\">Die Oberfl\u00e4che ist halbgl\u00e4nzend in leuchtenden Farben.<\/span><\/p>\n<p><span style=\"font-weight: 400\">Es ist f\u00fcr Menschen ab 14 Jahren geeignet, also die perfekte Gelegenheit, um Teenager durch ein m\u00e4rchenhaftes Bild in die Geheimnisse der Puzzles einzuf\u00fchren.<\/span><\/p>\n<p><span style=\"font-weight: 400\">Puzzlespiele sind eine tolle M\u00f6glichkeit, sich zu entspannen und viele F\u00e4higkeiten zu entwickeln, wie zum Beispiel<\/span><\/p>\n<p><span style=\"font-weight: 400\">F\u00e4higkeit zur Konzentration<\/span><\/p>\n<p><span style=\"font-weight: 400\">Kurzzeitged\u00e4chtnis<\/span><\/p>\n<p><span style=\"font-weight: 400\">Liebe zum Detail<\/span><\/p>\n<p><span style=\"font-weight: 400\">Beharrlichkeit<\/span><\/p>\n<p><span style=\"font-weight: 400\">Skill<\/span><\/p>\n<p><span style=\"font-weight: 400\">F\u00e4higkeit, Probleme zu l\u00f6sen.  <\/span><\/p>\n<p><strong>Wusstest du, dass&#8230;?<\/strong><\/p>\n<p><em><span style=\"font-weight: 400\">Die Abenteuer des Pinocchio<\/span><\/em><span style=\"font-weight: 400\"> wurde in \u00fcber 240 Sprachen \u00fcbersetzt und ist damit das am vierth\u00e4ufigsten \u00fcbersetzte Buch der Welt.<\/span><\/p>\n<p><span style=\"font-weight: 400\">Es gilt als eines der meistverkauften B\u00fccher der Welt.<\/span><\/p>\n<p><span style=\"font-weight: 400\">In der Originalversion der Geschichte, die 1881 ver\u00f6ffentlicht wurde, ereilt Pinocchio ein schreckliches Schicksal: Er wird von M\u00f6rdern erstochen und nach der H\u00e4lfte des Buches geh\u00e4ngt.<\/span><\/p>\n<p><em><span style=\"font-weight: 400\">Die Abenteuer des Pinocchio <\/span><\/em><span style=\"font-weight: 400\">ist von der antiken griechischen Literatur beeinflusst &#8211; der Mythos der Statue, die zum Leben erwacht.<\/span><\/p>\n<p><span style=\"font-weight: 400\">Die erste B\u00fchnendarstellung von Pinocchio stammt aus dem Jahr 1899, aber die ber\u00fchmteste und kultigste Zeichentrickproduktion bleibt die Walt Disney-Produktion von 1940.<\/span><\/p>\n<p><strong>Pinocchio 1000 Teile Puzzle &#8211; garantierte Qualit\u00e4tszeit mit Kindern<\/strong><\/p>\n<p><span style=\"font-weight: 400\">Man sagt, dass die Macht des Beispiels der einfachste Weg ist, Kinder zu unterrichten. Wenn du ihre Leidenschaft f\u00fcr Puzzlespiele f\u00f6rdern willst, beziehe sie in diese Aktivit\u00e4t mit ein, wenn du selbst an einem 1000-Teile-Puzzle arbeitest.<\/span><\/p>\n<p><span style=\"font-weight: 400\">Das Pinocchio-Puzzle f\u00fcr Erwachsene ist ideal f\u00fcr Familien zum Zusammensetzen. Ein atemberaubendes Bild aus einer klassischen Geschichte fordert die Kinder heraus, ihre Fantasie zu aktivieren und liebevoll eine 1000-teilige Puzzle-Illustration zusammenzusetzen.<\/span><\/p>\n<p><span style=\"font-weight: 400\">Am Ende, wenn das 1000-Teile-Puzzlebild fertig ist, kannst du deine m\u00fchsame Arbeit feiern, indem du es in den Rahmen stellst. Es wird an einer der W\u00e4nde im Kinderzimmer wundersch\u00f6n aussehen und sie immer an die wunderbare Zeit erinnern, die sie gemeinsam als Familie verbracht haben.<\/span><\/p>\n<p><span style=\"font-weight: 400\">W\u00e4hle das Classic Tales &#8211; Pinocchio-Puzzle f\u00fcr Erwachsene f\u00fcr deine Familie oder verschenke es an Freunde zu Feiertagen oder Geburtstagen.<\/span><\/p><\/p>\n","protected":false},"excerpt":{"rendered":"<p>Liebst du Geschichten und w\u00fcnschst dir, du k\u00f6nntest dein inneres Kind wecken? Wir haben ein 1000-teiliges Puzzle vorbereitet, das eine<\/p>\n","protected":false},"featured_media":36022,"template":"","meta":[],"product_brand":[],"product_cat":[1916,1875,1915],"product_tag":[],"class_list":{"0":"post-40587","1":"product","2":"type-product","3":"status-publish","4":"has-post-thumbnail","6":"product_cat-1000-teile-puzzle","7":"product_cat-puzzle-de","8":"product_cat-puzzlespiele-fur-erwachsene","9":"pa_brand-d_toys-de","10":"pa_country_of_manufacture-ro-de","11":"pa_filter_age-14-de","12":"pa_painter-klassische-maerchen","13":"pa_tip_ambalaj-kasten-a4-de","14":"pa_tip_puzzle-klassisch","16":"first","17":"instock","18":"taxable","19":"shipping-taxable","20":"product-type-simple"},"yoast_head":"<!-- This site is optimized with the Yoast SEO plugin v20.1 - https:\/\/yoast.com\/wordpress\/plugins\/seo\/ -->\n<title>Classic Tales 1000 Teile Puzzle f\u00fcr Erwachsene - Pinocchio<\/title>\n<meta name=\"description\" content=\"Classic Tales 1000 Teile Puzzle f\u00fcr Erwachsene - Pinocchio\" \/>\n<meta name=\"robots\" content=\"index, follow, max-snippet:-1, max-image-preview:large, max-video-preview:-1\" \/>\n<link rel=\"canonical\" href=\"https:\/\/business.roovi.com\/de\/classic-tales-1000-teile-puzzle-fur-erwachsene-pinocchio\/p\/\" \/>\n<meta property=\"og:locale\" content=\"de_DE\" \/>\n<meta property=\"og:type\" content=\"article\" \/>\n<meta property=\"og:title\" content=\"Classic Tales 1000 Teile Puzzle f\u00fcr Erwachsene - Pinocchio\" \/>\n<meta property=\"og:description\" content=\"Classic Tales 1000 Teile Puzzle f\u00fcr Erwachsene - Pinocchio\" \/>\n<meta property=\"og:url\" content=\"https:\/\/business.roovi.com\/de\/classic-tales-1000-teile-puzzle-fur-erwachsene-pinocchio\/p\/\" \/>\n<meta property=\"og:site_name\" content=\"Roovi B2B\" \/>\n<meta property=\"article:publisher\" content=\"https:\/\/www.facebook.com\/wwwjucariero\" \/>\n<meta property=\"article:modified_time\" content=\"2022-07-06T15:24:18+00:00\" \/>\n<meta property=\"og:image\" content=\"https:\/\/business.roovi.com\/wp-content\/uploads\/2018\/04\/72894-1_ansamblu_dimensiuni_cutie_cm_orizontal_1200x1200.png\" \/>\n\t<meta property=\"og:image:width\" content=\"1200\" \/>\n\t<meta property=\"og:image:height\" content=\"1200\" \/>\n\t<meta property=\"og:image:type\" content=\"image\/png\" \/>\n<meta name=\"twitter:label1\" content=\"Gesch\u00e4tzte Lesezeit\" \/>\n\t<meta name=\"twitter:data1\" content=\"3\u00a0Minuten\" \/>\n<script type=\"application\/ld+json\" class=\"yoast-schema-graph\">{\"@context\":\"https:\/\/schema.org\",\"@graph\":[{\"@type\":\"WebPage\",\"@id\":\"https:\/\/business.roovi.com\/de\/classic-tales-1000-teile-puzzle-fur-erwachsene-pinocchio\/p\/\",\"url\":\"https:\/\/business.roovi.com\/de\/classic-tales-1000-teile-puzzle-fur-erwachsene-pinocchio\/p\/\",\"name\":\"Classic Tales 1000 Teile Puzzle f\u00fcr Erwachsene - Pinocchio\",\"isPartOf\":{\"@id\":\"https:\/\/business.roovi.com\/de\/#website\"},\"datePublished\":\"2018-04-16T10:56:18+00:00\",\"dateModified\":\"2022-07-06T15:24:18+00:00\",\"description\":\"Classic Tales 1000 Teile Puzzle f\u00fcr Erwachsene - Pinocchio\",\"breadcrumb\":{\"@id\":\"https:\/\/business.roovi.com\/de\/classic-tales-1000-teile-puzzle-fur-erwachsene-pinocchio\/p\/#breadcrumb\"},\"inLanguage\":\"de\",\"potentialAction\":[{\"@type\":\"ReadAction\",\"target\":[\"https:\/\/business.roovi.com\/de\/classic-tales-1000-teile-puzzle-fur-erwachsene-pinocchio\/p\/\"]}]},{\"@type\":\"BreadcrumbList\",\"@id\":\"https:\/\/business.roovi.com\/de\/classic-tales-1000-teile-puzzle-fur-erwachsene-pinocchio\/p\/#breadcrumb\",\"itemListElement\":[{\"@type\":\"ListItem\",\"position\":1,\"name\":\"Home\",\"item\":\"https:\/\/business.roovi.com\/de\/\"},{\"@type\":\"ListItem\",\"position\":2,\"name\":\"Shop\",\"item\":\"https:\/\/business.roovi.com\/de\/shop\/\"},{\"@type\":\"ListItem\",\"position\":3,\"name\":\"Classic Tales 1000 Teile Puzzle f\u00fcr Erwachsene &#8211; Pinocchio\"}]},{\"@type\":\"WebSite\",\"@id\":\"https:\/\/business.roovi.com\/de\/#website\",\"url\":\"https:\/\/business.roovi.com\/de\/\",\"name\":\"Roovi B2B\",\"description\":\"Roovi Business Website\",\"potentialAction\":[{\"@type\":\"SearchAction\",\"target\":{\"@type\":\"EntryPoint\",\"urlTemplate\":\"https:\/\/business.roovi.com\/de\/?s={search_term_string}\"},\"query-input\":\"required name=search_term_string\"}],\"inLanguage\":\"de\"}]}<\/script>\n<!-- \/ Yoast SEO plugin. -->","yoast_head_json":{"title":"Classic Tales 1000 Teile Puzzle f\u00fcr Erwachsene - Pinocchio","description":"Classic Tales 1000 Teile Puzzle f\u00fcr Erwachsene - Pinocchio","robots":{"index":"index","follow":"follow","max-snippet":"max-snippet:-1","max-image-preview":"max-image-preview:large","max-video-preview":"max-video-preview:-1"},"canonical":"https:\/\/business.roovi.com\/de\/classic-tales-1000-teile-puzzle-fur-erwachsene-pinocchio\/p\/","og_locale":"de_DE","og_type":"article","og_title":"Classic Tales 1000 Teile Puzzle f\u00fcr Erwachsene - Pinocchio","og_description":"Classic Tales 1000 Teile Puzzle f\u00fcr Erwachsene - Pinocchio","og_url":"https:\/\/business.roovi.com\/de\/classic-tales-1000-teile-puzzle-fur-erwachsene-pinocchio\/p\/","og_site_name":"Roovi B2B","article_publisher":"https:\/\/www.facebook.com\/wwwjucariero","article_modified_time":"2022-07-06T15:24:18+00:00","og_image":[{"width":1200,"height":1200,"url":"https:\/\/business.roovi.com\/wp-content\/uploads\/2018\/04\/72894-1_ansamblu_dimensiuni_cutie_cm_orizontal_1200x1200.png","type":"image\/png"}],"twitter_misc":{"Gesch\u00e4tzte Lesezeit":"3\u00a0Minuten"},"schema":{"@context":"https:\/\/schema.org","@graph":[{"@type":"WebPage","@id":"https:\/\/business.roovi.com\/de\/classic-tales-1000-teile-puzzle-fur-erwachsene-pinocchio\/p\/","url":"https:\/\/business.roovi.com\/de\/classic-tales-1000-teile-puzzle-fur-erwachsene-pinocchio\/p\/","name":"Classic Tales 1000 Teile Puzzle f\u00fcr Erwachsene - Pinocchio","isPartOf":{"@id":"https:\/\/business.roovi.com\/de\/#website"},"datePublished":"2018-04-16T10:56:18+00:00","dateModified":"2022-07-06T15:24:18+00:00","description":"Classic Tales 1000 Teile Puzzle f\u00fcr Erwachsene - Pinocchio","breadcrumb":{"@id":"https:\/\/business.roovi.com\/de\/classic-tales-1000-teile-puzzle-fur-erwachsene-pinocchio\/p\/#breadcrumb"},"inLanguage":"de","potentialAction":[{"@type":"ReadAction","target":["https:\/\/business.roovi.com\/de\/classic-tales-1000-teile-puzzle-fur-erwachsene-pinocchio\/p\/"]}]},{"@type":"BreadcrumbList","@id":"https:\/\/business.roovi.com\/de\/classic-tales-1000-teile-puzzle-fur-erwachsene-pinocchio\/p\/#breadcrumb","itemListElement":[{"@type":"ListItem","position":1,"name":"Home","item":"https:\/\/business.roovi.com\/de\/"},{"@type":"ListItem","position":2,"name":"Shop","item":"https:\/\/business.roovi.com\/de\/shop\/"},{"@type":"ListItem","position":3,"name":"Classic Tales 1000 Teile Puzzle f\u00fcr Erwachsene &#8211; Pinocchio"}]},{"@type":"WebSite","@id":"https:\/\/business.roovi.com\/de\/#website","url":"https:\/\/business.roovi.com\/de\/","name":"Roovi B2B","description":"Roovi Business Website","potentialAction":[{"@type":"SearchAction","target":{"@type":"EntryPoint","urlTemplate":"https:\/\/business.roovi.com\/de\/?s={search_term_string}"},"query-input":"required name=search_term_string"}],"inLanguage":"de"}]}},"_links":{"self":[{"href":"https:\/\/business.roovi.com\/de\/wp-json\/wp\/v2\/product\/40587","targetHints":{"allow":["GET"]}}],"collection":[{"href":"https:\/\/business.roovi.com\/de\/wp-json\/wp\/v2\/product"}],"about":[{"href":"https:\/\/business.roovi.com\/de\/wp-json\/wp\/v2\/types\/product"}],"version-history":[{"count":0,"href":"https:\/\/business.roovi.com\/de\/wp-json\/wp\/v2\/product\/40587\/revisions"}],"wp:featuredmedia":[{"embeddable":true,"href":"https:\/\/business.roovi.com\/de\/wp-json\/wp\/v2\/media\/36022"}],"wp:attachment":[{"href":"https:\/\/business.roovi.com\/de\/wp-json\/wp\/v2\/media?parent=40587"}],"wp:term":[{"taxonomy":"product_brand","embeddable":true,"href":"https:\/\/business.roovi.com\/de\/wp-json\/wp\/v2\/product_brand?post=40587"},{"taxonomy":"product_cat","embeddable":true,"href":"https:\/\/business.roovi.com\/de\/wp-json\/wp\/v2\/product_cat?post=40587"},{"taxonomy":"product_tag","embeddable":true,"href":"https:\/\/business.roovi.com\/de\/wp-json\/wp\/v2\/product_tag?post=40587"}],"curies":[{"name":"wp","href":"https:\/\/api.w.org\/{rel}","templated":true}]}}