{"id":40591,"date":"2018-04-16T10:56:18","date_gmt":"2018-04-16T10:56:18","guid":{"rendered":"https:\/\/business.roovi.com\/puzzle-adulti-1000-piese-classic-tales-little-red-riding-hood-scufita-rosie\/p\/"},"modified":"2022-07-06T15:24:27","modified_gmt":"2022-07-06T15:24:27","slug":"classic-tales-1000-piece-adult-puzzle-rotkappchen-little-red-riding-hood","status":"publish","type":"product","link":"https:\/\/business.roovi.com\/de\/classic-tales-1000-piece-adult-puzzle-rotkappchen-little-red-riding-hood\/p\/","title":{"rendered":"Classic Tales 1000 Piece Adult Puzzle &#8211; Rotk\u00e4ppchen \/ Little Red Riding Hood"},"content":{"rendered":"<p><span style=\"font-weight: 400\">Hast du als Kind Geschichten geliebt und m\u00f6chtest du ihren Charme bei einer entspannenden Aktivit\u00e4t wiederentdecken? Das 1000-Teile-Puzzle von Red Riding Hood ist genau das Richtige f\u00fcr dich <\/span><\/p>\n<p><span style=\"font-weight: 400\">Setze das Bild mit tadelloser Originalgrafik zusammen und erlebe viele Stunden Spa\u00df und Entspannung in Gesellschaft eines besonderen Puzzlespiels.<\/span><\/p>\n<p><span style=\"font-weight: 400\">Classic Tales &#8211; Little Red Riding Hood 1000 Piece Puzzle stellt die Szene dar, in der der Wolf, verkleidet als Gro\u00dfmutter, Rotk\u00e4ppchen anlockt. Die einzigartigen Illustrationen des zeitgen\u00f6ssischen K\u00fcnstlers Biro Donat sind voller Humor und lassen dich die Momente deiner Kindheit wiedererleben, als du mit angehaltenem Atem auf das Ende der Geschichte gewartet hast.<\/span><\/p>\n<p><span style=\"font-weight: 400\">Willst du Zeit mit deinen Kindern verbringen? Das 1000-Teile-Puzzle gibt dir diese M\u00f6glichkeit. Teile die St\u00fccke auf und stelle jedem Teilnehmer genaue Aufgaben. Jemand kann den verkleideten Wolf nachstellen, jemand anderes das Rotk\u00e4ppchen, die Umrisse des Bildes k\u00f6nnen in Teamarbeit erstellt werden <\/span><\/p>\n<p><span style=\"font-weight: 400\">Am Ende hast du ein wunderbares Gem\u00e4lde, das du auseinandernehmen und neu aufbauen kannst, wann immer du das Bed\u00fcrfnis nach einer kreativen Herausforderung versp\u00fcrst. Oder du kannst es in einen Rahmen stecken und das Kinderzimmer damit dekorieren.<\/span><\/p>\n<p><span style=\"font-weight: 400\">Eigenschaften Classic Tales &#8211; Little Red Riding Hood 1000 Teile Puzzle:<\/span><\/p>\n<p><strong>Umgestaltete Bildgr\u00f6\u00dfe: 50 x 70 cm. F\u00fcr die Montage kannst du einen normalen Couchtisch verwenden.<\/strong><\/p>\n<p><strong>Puzzle-Material <\/strong><\/p>\n<p><strong>hochwertiger blauer Karton<\/strong><\/p>\n<p><strong>nachhaltige, recycelbare Materialien<\/strong><\/p>\n<p><strong>halbgl\u00e4nzende Oberfl\u00e4che, leuchtende Farben<\/strong><\/p>\n<p><strong>Anzahl der Puzzleteile: 1000<\/strong><\/p>\n<p><strong>Empfohlenes Alter: 14+<\/strong><\/p>\n<p><strong>5 Vorteile, die du mit dem 1000-teiligen Rotk\u00e4ppchen-Puzzle genie\u00dfen kannst<\/strong><\/p>\n<p><span style=\"font-weight: 400\">1. Gibt dir die M\u00f6glichkeit, magische Momente und unvergessliche Erinnerungen mit deinen Kindern zu schaffen.<\/span><\/p>\n<p><span style=\"font-weight: 400\">2. Es ist eine Gelegenheit, Spa\u00df zu haben und mit deinen Lieben zu entspannen.<\/span><\/p>\n<p><span style=\"font-weight: 400\">3. Es hilft dir, deine Puzzle-F\u00e4higkeiten zu trainieren.<\/span><\/p>\n<p><span style=\"font-weight: 400\">4. Es hilft dir, leichter zu kommunizieren und dich enger mit deinen Lieben zu verbinden.<\/span><\/p>\n<p><span style=\"font-weight: 400\">5. Du hast die M\u00f6glichkeit, mit deinen Kindern ein sch\u00f6nes Deko-Objekt zu bauen.<\/span><\/p>\n<p><strong>Wusstest du, dass&#8230;?<\/strong><\/p>\n<p><span style=\"font-weight: 400\">Rotk\u00e4ppchen ist ein altes M\u00e4rchen, das erstmals von Charles Perrault im 17. Jahrhundert gesammelt und geschrieben wurde <\/span><\/p>\n<p><span style=\"font-weight: 400\">Eine Studie aus dem Jahr 2013 zeigt, dass die m\u00fcndliche Version der Geschichte bereits im 1. Jahrhundert im Nahen Osten entstand.<\/span><\/p>\n<p><span style=\"font-weight: 400\">In der Vergangenheit wurde die Geschichte als \u00dcbergangsritus von der Pubert\u00e4t zum Erwachsensein interpretiert.<\/span><\/p>\n<p><span style=\"font-weight: 400\">Einige sehr alte Versionen sind geradezu grausam. In einer dieser Versionen isst Rotk\u00e4ppchen ihre Gro\u00dfmutter.<\/span><\/p>\n<p><span style=\"font-weight: 400\">Auch Perraults Version ist pessimistisch: Die Geschichte endet damit, dass Rotk\u00e4ppchen von einem Wolf gefressen wird. Erst im 19. Jahrhundert liefern die Br\u00fcder Grimm das f\u00fcr M\u00e4rchen typische Happy End.<\/span><\/p>\n<p><strong>Puzzlespiele helfen dir, mehr F\u00e4higkeiten zu entwickeln:<\/strong><\/p>\n<p><span style=\"font-weight: 400\">Liebe zum Detail<\/span><\/p>\n<p><span style=\"font-weight: 400\">Beharrlichkeit<\/span><\/p>\n<p><span style=\"font-weight: 400\">Speicher<\/span><\/p>\n<p><span style=\"font-weight: 400\">Kritisches Denken<\/span><\/p>\n<p><span style=\"font-weight: 400\">Skill<\/span><\/p>\n<p><span style=\"font-weight: 400\">Probleml\u00f6sungsf\u00e4higkeiten.<\/span><\/p>\n<p><span style=\"font-weight: 400\">W\u00e4hle das 1000 Teile Puzzle f\u00fcr Erwachsene Klassische Geschichten &#8211; Rotk\u00e4ppchen und erlebe die Freude der Kindheit. \u00dcberrasche deine Freunde, indem du ihnen dieses wunderbare Puzzlespiel schenkst <\/span><\/p><\/p>\n","protected":false},"excerpt":{"rendered":"<p>Hast du als Kind Geschichten geliebt und m\u00f6chtest du ihren Charme bei einer entspannenden Aktivit\u00e4t wiederentdecken? Das 1000-Teile-Puzzle von Red<\/p>\n","protected":false},"featured_media":36036,"template":"","meta":[],"product_brand":[],"product_cat":[1916,1875,1915],"product_tag":[],"class_list":{"0":"post-40591","1":"product","2":"type-product","3":"status-publish","4":"has-post-thumbnail","6":"product_cat-1000-teile-puzzle","7":"product_cat-puzzle-de","8":"product_cat-puzzlespiele-fur-erwachsene","9":"pa_brand-d_toys-de","10":"pa_country_of_manufacture-ro-de","11":"pa_filter_age-14-de","12":"pa_painter-klassische-maerchen","13":"pa_tip_ambalaj-kasten-a4-de","14":"pa_tip_puzzle-klassisch","16":"first","17":"instock","18":"taxable","19":"shipping-taxable","20":"product-type-simple"},"yoast_head":"<!-- This site is optimized with the Yoast SEO plugin v20.1 - https:\/\/yoast.com\/wordpress\/plugins\/seo\/ -->\n<title>Classic Tales 1000 Piece Adult Puzzle - Rotk\u00e4ppchen \/ Little Red Riding Hood<\/title>\n<meta name=\"description\" content=\"Classic Tales 1000 Piece Adult Puzzle - Rotk\u00e4ppchen \/ Little Red Riding Hood\" \/>\n<meta name=\"robots\" content=\"index, follow, max-snippet:-1, max-image-preview:large, max-video-preview:-1\" \/>\n<link rel=\"canonical\" href=\"https:\/\/business.roovi.com\/de\/classic-tales-1000-piece-adult-puzzle-rotkappchen-little-red-riding-hood\/p\/\" \/>\n<meta property=\"og:locale\" content=\"de_DE\" \/>\n<meta property=\"og:type\" content=\"article\" \/>\n<meta property=\"og:title\" content=\"Classic Tales 1000 Piece Adult Puzzle - Rotk\u00e4ppchen \/ Little Red Riding Hood\" \/>\n<meta property=\"og:description\" content=\"Classic Tales 1000 Piece Adult Puzzle - Rotk\u00e4ppchen \/ Little Red Riding Hood\" \/>\n<meta property=\"og:url\" content=\"https:\/\/business.roovi.com\/de\/classic-tales-1000-piece-adult-puzzle-rotkappchen-little-red-riding-hood\/p\/\" \/>\n<meta property=\"og:site_name\" content=\"Roovi B2B\" \/>\n<meta property=\"article:publisher\" content=\"https:\/\/www.facebook.com\/wwwjucariero\" \/>\n<meta property=\"article:modified_time\" content=\"2022-07-06T15:24:27+00:00\" \/>\n<meta property=\"og:image\" content=\"https:\/\/business.roovi.com\/wp-content\/uploads\/2018\/04\/72894-2_ansamblu_dimensiuni_cutie_cm_orizontal_1200x1200.png\" \/>\n\t<meta property=\"og:image:width\" content=\"1200\" \/>\n\t<meta property=\"og:image:height\" content=\"1200\" \/>\n\t<meta property=\"og:image:type\" content=\"image\/png\" \/>\n<meta name=\"twitter:label1\" content=\"Gesch\u00e4tzte Lesezeit\" \/>\n\t<meta name=\"twitter:data1\" content=\"2\u00a0Minuten\" \/>\n<script type=\"application\/ld+json\" class=\"yoast-schema-graph\">{\"@context\":\"https:\/\/schema.org\",\"@graph\":[{\"@type\":\"WebPage\",\"@id\":\"https:\/\/business.roovi.com\/de\/classic-tales-1000-piece-adult-puzzle-rotkappchen-little-red-riding-hood\/p\/\",\"url\":\"https:\/\/business.roovi.com\/de\/classic-tales-1000-piece-adult-puzzle-rotkappchen-little-red-riding-hood\/p\/\",\"name\":\"Classic Tales 1000 Piece Adult Puzzle - Rotk\u00e4ppchen \/ Little Red Riding Hood\",\"isPartOf\":{\"@id\":\"https:\/\/business.roovi.com\/de\/#website\"},\"datePublished\":\"2018-04-16T10:56:18+00:00\",\"dateModified\":\"2022-07-06T15:24:27+00:00\",\"description\":\"Classic Tales 1000 Piece Adult Puzzle - Rotk\u00e4ppchen \/ Little Red Riding Hood\",\"breadcrumb\":{\"@id\":\"https:\/\/business.roovi.com\/de\/classic-tales-1000-piece-adult-puzzle-rotkappchen-little-red-riding-hood\/p\/#breadcrumb\"},\"inLanguage\":\"de\",\"potentialAction\":[{\"@type\":\"ReadAction\",\"target\":[\"https:\/\/business.roovi.com\/de\/classic-tales-1000-piece-adult-puzzle-rotkappchen-little-red-riding-hood\/p\/\"]}]},{\"@type\":\"BreadcrumbList\",\"@id\":\"https:\/\/business.roovi.com\/de\/classic-tales-1000-piece-adult-puzzle-rotkappchen-little-red-riding-hood\/p\/#breadcrumb\",\"itemListElement\":[{\"@type\":\"ListItem\",\"position\":1,\"name\":\"Home\",\"item\":\"https:\/\/business.roovi.com\/de\/\"},{\"@type\":\"ListItem\",\"position\":2,\"name\":\"Shop\",\"item\":\"https:\/\/business.roovi.com\/de\/shop\/\"},{\"@type\":\"ListItem\",\"position\":3,\"name\":\"Classic Tales 1000 Piece Adult Puzzle &#8211; Rotk\u00e4ppchen \/ Little Red Riding Hood\"}]},{\"@type\":\"WebSite\",\"@id\":\"https:\/\/business.roovi.com\/de\/#website\",\"url\":\"https:\/\/business.roovi.com\/de\/\",\"name\":\"Roovi B2B\",\"description\":\"Roovi Business Website\",\"potentialAction\":[{\"@type\":\"SearchAction\",\"target\":{\"@type\":\"EntryPoint\",\"urlTemplate\":\"https:\/\/business.roovi.com\/de\/?s={search_term_string}\"},\"query-input\":\"required name=search_term_string\"}],\"inLanguage\":\"de\"}]}<\/script>\n<!-- \/ Yoast SEO plugin. -->","yoast_head_json":{"title":"Classic Tales 1000 Piece Adult Puzzle - Rotk\u00e4ppchen \/ Little Red Riding Hood","description":"Classic Tales 1000 Piece Adult Puzzle - Rotk\u00e4ppchen \/ Little Red Riding Hood","robots":{"index":"index","follow":"follow","max-snippet":"max-snippet:-1","max-image-preview":"max-image-preview:large","max-video-preview":"max-video-preview:-1"},"canonical":"https:\/\/business.roovi.com\/de\/classic-tales-1000-piece-adult-puzzle-rotkappchen-little-red-riding-hood\/p\/","og_locale":"de_DE","og_type":"article","og_title":"Classic Tales 1000 Piece Adult Puzzle - Rotk\u00e4ppchen \/ Little Red Riding Hood","og_description":"Classic Tales 1000 Piece Adult Puzzle - Rotk\u00e4ppchen \/ Little Red Riding Hood","og_url":"https:\/\/business.roovi.com\/de\/classic-tales-1000-piece-adult-puzzle-rotkappchen-little-red-riding-hood\/p\/","og_site_name":"Roovi B2B","article_publisher":"https:\/\/www.facebook.com\/wwwjucariero","article_modified_time":"2022-07-06T15:24:27+00:00","og_image":[{"width":1200,"height":1200,"url":"https:\/\/business.roovi.com\/wp-content\/uploads\/2018\/04\/72894-2_ansamblu_dimensiuni_cutie_cm_orizontal_1200x1200.png","type":"image\/png"}],"twitter_misc":{"Gesch\u00e4tzte Lesezeit":"2\u00a0Minuten"},"schema":{"@context":"https:\/\/schema.org","@graph":[{"@type":"WebPage","@id":"https:\/\/business.roovi.com\/de\/classic-tales-1000-piece-adult-puzzle-rotkappchen-little-red-riding-hood\/p\/","url":"https:\/\/business.roovi.com\/de\/classic-tales-1000-piece-adult-puzzle-rotkappchen-little-red-riding-hood\/p\/","name":"Classic Tales 1000 Piece Adult Puzzle - Rotk\u00e4ppchen \/ Little Red Riding Hood","isPartOf":{"@id":"https:\/\/business.roovi.com\/de\/#website"},"datePublished":"2018-04-16T10:56:18+00:00","dateModified":"2022-07-06T15:24:27+00:00","description":"Classic Tales 1000 Piece Adult Puzzle - Rotk\u00e4ppchen \/ Little Red Riding Hood","breadcrumb":{"@id":"https:\/\/business.roovi.com\/de\/classic-tales-1000-piece-adult-puzzle-rotkappchen-little-red-riding-hood\/p\/#breadcrumb"},"inLanguage":"de","potentialAction":[{"@type":"ReadAction","target":["https:\/\/business.roovi.com\/de\/classic-tales-1000-piece-adult-puzzle-rotkappchen-little-red-riding-hood\/p\/"]}]},{"@type":"BreadcrumbList","@id":"https:\/\/business.roovi.com\/de\/classic-tales-1000-piece-adult-puzzle-rotkappchen-little-red-riding-hood\/p\/#breadcrumb","itemListElement":[{"@type":"ListItem","position":1,"name":"Home","item":"https:\/\/business.roovi.com\/de\/"},{"@type":"ListItem","position":2,"name":"Shop","item":"https:\/\/business.roovi.com\/de\/shop\/"},{"@type":"ListItem","position":3,"name":"Classic Tales 1000 Piece Adult Puzzle &#8211; Rotk\u00e4ppchen \/ Little Red Riding Hood"}]},{"@type":"WebSite","@id":"https:\/\/business.roovi.com\/de\/#website","url":"https:\/\/business.roovi.com\/de\/","name":"Roovi B2B","description":"Roovi Business Website","potentialAction":[{"@type":"SearchAction","target":{"@type":"EntryPoint","urlTemplate":"https:\/\/business.roovi.com\/de\/?s={search_term_string}"},"query-input":"required name=search_term_string"}],"inLanguage":"de"}]}},"_links":{"self":[{"href":"https:\/\/business.roovi.com\/de\/wp-json\/wp\/v2\/product\/40591","targetHints":{"allow":["GET"]}}],"collection":[{"href":"https:\/\/business.roovi.com\/de\/wp-json\/wp\/v2\/product"}],"about":[{"href":"https:\/\/business.roovi.com\/de\/wp-json\/wp\/v2\/types\/product"}],"version-history":[{"count":0,"href":"https:\/\/business.roovi.com\/de\/wp-json\/wp\/v2\/product\/40591\/revisions"}],"wp:featuredmedia":[{"embeddable":true,"href":"https:\/\/business.roovi.com\/de\/wp-json\/wp\/v2\/media\/36036"}],"wp:attachment":[{"href":"https:\/\/business.roovi.com\/de\/wp-json\/wp\/v2\/media?parent=40591"}],"wp:term":[{"taxonomy":"product_brand","embeddable":true,"href":"https:\/\/business.roovi.com\/de\/wp-json\/wp\/v2\/product_brand?post=40591"},{"taxonomy":"product_cat","embeddable":true,"href":"https:\/\/business.roovi.com\/de\/wp-json\/wp\/v2\/product_cat?post=40591"},{"taxonomy":"product_tag","embeddable":true,"href":"https:\/\/business.roovi.com\/de\/wp-json\/wp\/v2\/product_tag?post=40591"}],"curies":[{"name":"wp","href":"https:\/\/api.w.org\/{rel}","templated":true}]}}