{"id":40599,"date":"2018-04-16T10:56:18","date_gmt":"2018-04-16T10:56:18","guid":{"rendered":"https:\/\/business.roovi.com\/puzzle-adulti-1000-piese-cartoon-collection-notre-dame\/p\/"},"modified":"2022-10-18T09:52:21","modified_gmt":"2022-10-18T09:52:21","slug":"puzzle-notre-dame-1000-teile-puzzle-fur-erwachsene-cartoon-collection","status":"publish","type":"product","link":"https:\/\/business.roovi.com\/de\/puzzle-notre-dame-1000-teile-puzzle-fur-erwachsene-cartoon-collection\/p\/","title":{"rendered":"Puzzle Notre Dame &#8211; 1000 Teile Puzzle f\u00fcr Erwachsene &#8211; Cartoon Collection"},"content":{"rendered":"<p><span style=\"font-weight: 400;\">Die Cartoon-Puzzle-Sammlung macht komplexes Puzzlespiel zu einem echten Spa\u00df. Versammle deine Freunde und erlebe gemeinsam viele Stunden Spa\u00df und Entspannung.<\/span><\/p>\n<p><span style=\"font-weight: 400;\">Zur Cartoon-Puzzle-Serie geh\u00f6rt auch das 1000-teilige Notre Dame-Puzzle, das den Bau der Kathedrale von Notre Dame in einer au\u00dfergew\u00f6hnlichen Illustration darstellt. Mit tadelloser Grafik, Liebe zum Detail und viel Fantasie entsteht ein lebendiges Bild mit vielen lustigen Charakteren, die am Entstehungsprozess beteiligt sind.<\/span><\/p>\n<p><span style=\"font-weight: 400;\">Die liebenswerten Elfen sind flei\u00dfig und voller Energie. Jeder hat seine Rolle fest im Blick, niemand sitzt unt\u00e4tig herum und arbeitet hart daran, das gro\u00dfe Kunstwerk rechtzeitig fertigzustellen.<\/span><\/p>\n<p><span style=\"font-weight: 400;\">Mach mit bei ihrem Spiel, vervollst\u00e4ndige das Bild und lass deiner Fantasie freien Lauf. Genie\u00dfe eine Sitzung voller Entspannung, L\u00e4cheln und viel Humor mit einem einzigartig gestalteten Puzzlespiel.<\/span><\/p>\n<p><strong>Warum solltest du dich f\u00fcr das 1000-teilige Notre Dame-Puzzle aus der Cartoon-Kollektion entscheiden?<\/strong><\/p>\n<p><span style=\"font-weight: 400;\">Du erh\u00e4ltst ein farbenfrohes und animiertes Bild von 50 x 70 cm.<\/span><\/p>\n<p><span style=\"font-weight: 400;\">Es kann ein dekoratives Objekt sein, das die Anonymit\u00e4t jeder tristen Stelle in deiner Wohnung aufhebt.<\/span><\/p>\n<p><span style=\"font-weight: 400;\">Es wird hergestellt aus <\/span><span style=\"font-weight: 400;\">blauer Premium-Karton, der eine mehrfache Montage zul\u00e4sst.<\/span><\/p>\n<p><span style=\"font-weight: 400;\">Die Oberfl\u00e4che ist halbgl\u00e4nzend in angenehmen Farben, die die Sch\u00f6nheit der Illustration hervorheben.<\/span><\/p>\n<p><span style=\"font-weight: 400;\">Die 1000 Puzzleteile sind pr\u00e4zise geschnitten, einzigartig und passen perfekt zu einem echten Sammlerst\u00fcck zusammen.<\/span><\/p>\n<p><span style=\"font-weight: 400;\">Es schont die Natur, da es aus recycelbaren und nachhaltigen Materialien hergestellt wird.<\/span><\/p>\n<p><span style=\"font-weight: 400;\">Geeignet ab 14 Jahren &#8211; die perfekte Gelegenheit, um Zeit mit deinen Kindern im Teenageralter zu verbringen <\/span><\/p>\n<p><span style=\"font-weight: 400;\">Vervollst\u00e4ndige deine Sammlung von Cartoon-Bildern, um sie deinen Freunden zu zeigen.<\/span><\/p>\n<p><span style=\"font-weight: 400;\">Puzzlespiele sind eine gro\u00dfartige M\u00f6glichkeit, sich zu entspannen und bieten dir erstaunliche Vorteile:<\/span><\/p>\n<ul>\n<li><span style=\"font-weight: 400;\">Sie trainieren beide Gehirnh\u00e4lften und sind ein komplexes Gehirnjogging.<\/span><\/li>\n<li><span style=\"font-weight: 400;\">Es schult deine Geduld und Ausdauer.<\/span><\/li>\n<li><span style=\"font-weight: 400;\">Es hilft dir, aus deinem Alltag herauszukommen und die einfachen Freuden des Lebens zu genie\u00dfen.<\/span><\/li>\n<li><span style=\"font-weight: 400;\">Es entwickelt sowohl deine Vorstellungskraft als auch dein logisches Denken.<\/span><\/li>\n<li><span style=\"font-weight: 400;\">Sie sind eine angenehme Art, Kontakte zu kn\u00fcpfen und sich mit deinen Lieben zu verbinden.<\/span><\/li>\n<\/ul>\n<p><strong>Wusstest du, dass&#8230;?<\/strong><\/p>\n<p><span style=\"font-weight: 400;\">Napoleon Bonaparte wurde in der Kathedrale Notre Dame zum Kaiser gekr\u00f6nt.<\/span><\/p>\n<p><span style=\"font-weight: 400;\">Victor Hugo schrieb den Roman Der Gl\u00f6ckner von Notre Dame, um die Kathedrale vor dem Abriss zu retten.<\/span><\/p>\n<p><span style=\"font-weight: 400;\">Mehr als 13 Millionen Besucher gehen jedes Jahr durch die T\u00fcren dieser beeindruckenden Kathedrale im gotischen Stil.<\/span><\/p>\n<p><span style=\"font-weight: 400;\">An der Stelle, an der heute die Kathedrale steht, bauten die R\u00f6mer einen Tempel f\u00fcr Jupiter.<\/span><\/p>\n<p><span style=\"font-weight: 400;\">W\u00e4hrend der Franz\u00f6sischen Revolution im Jahr 1793 wurden mehrere Statuen, die biblische K\u00f6nige darstellten, von w\u00fctenden Menschenmengen enthauptet.<\/span><\/p>\n<p><strong>Cartoon 1000 Teile Puzzle &#8211; Die Kathedrale von Notre Dame verlangsamt das schnelle Tempo des Lebens<\/strong><\/p>\n<p><span style=\"font-weight: 400;\">Setze die bunte, animierte Illustration voller positiver Vibes St\u00fcck f\u00fcr St\u00fcck zusammen und genie\u00dfe ein paar Stunden der Entspannung. In den Momenten, die du in vollen Z\u00fcgen genie\u00dft, flie\u00dft die Zeit langsamer und die Alltagssorgen und tausende von m\u00fcden Gedanken verschwinden wie von Zauberhand mit dem 1000 Teile Cartoon &#8211; Notre Dame-Puzzle.<\/span><\/p>\n<p><span style=\"font-weight: 400;\">Dieses 1000-teilige Puzzle ist ideal f\u00fcr Momente, in denen du mit deinen Gedanken allein sein willst oder wenn du der Langeweile entfliehen und Zeit mit deinen Lieben verbringen m\u00f6chtest.<\/span><\/p>\n<p><span style=\"font-weight: 400;\">W\u00e4hle das 1000-teilige Notre Dame-Puzzle aus der Cartoon-Kollektion, um es zusammenzusetzen, wenn du mal abschalten m\u00f6chtest, oder lege es in deinen Rahmen und bewundere dein Werk, wenn du gestresst bist. Wenn du einem Puzzle-Liebhaber eine angenehme \u00dcberraschung bereiten willst, solltest du dieses wunderbare 1000-Teile-Puzzle in Betracht ziehen.<\/span><\/p>\n","protected":false},"excerpt":{"rendered":"<p>Die Cartoon-Puzzle-Sammlung macht komplexes Puzzlespiel zu einem echten Spa\u00df. Versammle deine Freunde und erlebe gemeinsam viele Stunden Spa\u00df und Entspannung.<\/p>\n","protected":false},"featured_media":36058,"template":"","meta":[],"product_brand":[],"product_cat":[1916,1875,1915],"product_tag":[],"class_list":{"0":"post-40599","1":"product","2":"type-product","3":"status-publish","4":"has-post-thumbnail","6":"product_cat-1000-teile-puzzle","7":"product_cat-puzzle-de","8":"product_cat-puzzlespiele-fur-erwachsene","9":"pa_brand-d_toys-de","10":"pa_country_of_manufacture-ro-de","11":"pa_filter_age-14-de","12":"pa_painter-cartooncollection-de","13":"pa_tip_ambalaj-kasten-a4-de","14":"pa_tip_puzzle-klassisch","16":"first","17":"instock","18":"taxable","19":"shipping-taxable","20":"product-type-simple"},"yoast_head":"<!-- This site is optimized with the Yoast SEO plugin v20.1 - https:\/\/yoast.com\/wordpress\/plugins\/seo\/ -->\n<title>Puzzle Notre Dame - 1000 Teile Puzzle f\u00fcr Erwachsene - Cartoon Collection<\/title>\n<meta name=\"description\" content=\"Puzzle Notre Dame - 1000 Teile Puzzle f\u00fcr Erwachsene - Cartoon Collection\" \/>\n<meta name=\"robots\" content=\"index, follow, max-snippet:-1, max-image-preview:large, max-video-preview:-1\" \/>\n<link rel=\"canonical\" href=\"https:\/\/business.roovi.com\/de\/puzzle-notre-dame-1000-teile-puzzle-fur-erwachsene-cartoon-collection\/p\/\" \/>\n<meta property=\"og:locale\" content=\"de_DE\" \/>\n<meta property=\"og:type\" content=\"article\" \/>\n<meta property=\"og:title\" content=\"Puzzle Notre Dame - 1000 Teile Puzzle f\u00fcr Erwachsene - Cartoon Collection\" \/>\n<meta property=\"og:description\" content=\"Puzzle Notre Dame - 1000 Teile Puzzle f\u00fcr Erwachsene - Cartoon Collection\" \/>\n<meta property=\"og:url\" content=\"https:\/\/business.roovi.com\/de\/puzzle-notre-dame-1000-teile-puzzle-fur-erwachsene-cartoon-collection\/p\/\" \/>\n<meta property=\"og:site_name\" content=\"Roovi B2B\" \/>\n<meta property=\"article:publisher\" content=\"https:\/\/www.facebook.com\/wwwjucariero\" \/>\n<meta property=\"article:modified_time\" content=\"2022-10-18T09:52:21+00:00\" \/>\n<meta property=\"og:image\" content=\"https:\/\/business.roovi.com\/wp-content\/uploads\/2018\/04\/61218-15-ansamblu_dimensiuni-cutie-cm_orizontal-1200x1200.png\" \/>\n\t<meta property=\"og:image:width\" content=\"840\" \/>\n\t<meta property=\"og:image:height\" content=\"840\" \/>\n\t<meta property=\"og:image:type\" content=\"image\/png\" \/>\n<meta name=\"twitter:label1\" content=\"Gesch\u00e4tzte Lesezeit\" \/>\n\t<meta name=\"twitter:data1\" content=\"3\u00a0Minuten\" \/>\n<script type=\"application\/ld+json\" class=\"yoast-schema-graph\">{\"@context\":\"https:\/\/schema.org\",\"@graph\":[{\"@type\":\"WebPage\",\"@id\":\"https:\/\/business.roovi.com\/de\/puzzle-notre-dame-1000-teile-puzzle-fur-erwachsene-cartoon-collection\/p\/\",\"url\":\"https:\/\/business.roovi.com\/de\/puzzle-notre-dame-1000-teile-puzzle-fur-erwachsene-cartoon-collection\/p\/\",\"name\":\"Puzzle Notre Dame - 1000 Teile Puzzle f\u00fcr Erwachsene - Cartoon Collection\",\"isPartOf\":{\"@id\":\"https:\/\/business.roovi.com\/de\/#website\"},\"datePublished\":\"2018-04-16T10:56:18+00:00\",\"dateModified\":\"2022-10-18T09:52:21+00:00\",\"description\":\"Puzzle Notre Dame - 1000 Teile Puzzle f\u00fcr Erwachsene - Cartoon Collection\",\"breadcrumb\":{\"@id\":\"https:\/\/business.roovi.com\/de\/puzzle-notre-dame-1000-teile-puzzle-fur-erwachsene-cartoon-collection\/p\/#breadcrumb\"},\"inLanguage\":\"de\",\"potentialAction\":[{\"@type\":\"ReadAction\",\"target\":[\"https:\/\/business.roovi.com\/de\/puzzle-notre-dame-1000-teile-puzzle-fur-erwachsene-cartoon-collection\/p\/\"]}]},{\"@type\":\"BreadcrumbList\",\"@id\":\"https:\/\/business.roovi.com\/de\/puzzle-notre-dame-1000-teile-puzzle-fur-erwachsene-cartoon-collection\/p\/#breadcrumb\",\"itemListElement\":[{\"@type\":\"ListItem\",\"position\":1,\"name\":\"Home\",\"item\":\"https:\/\/business.roovi.com\/de\/\"},{\"@type\":\"ListItem\",\"position\":2,\"name\":\"Shop\",\"item\":\"https:\/\/business.roovi.com\/de\/shop\/\"},{\"@type\":\"ListItem\",\"position\":3,\"name\":\"Puzzle Notre Dame &#8211; 1000 Teile Puzzle f\u00fcr Erwachsene &#8211; Cartoon Collection\"}]},{\"@type\":\"WebSite\",\"@id\":\"https:\/\/business.roovi.com\/de\/#website\",\"url\":\"https:\/\/business.roovi.com\/de\/\",\"name\":\"Roovi B2B\",\"description\":\"Roovi Business Website\",\"potentialAction\":[{\"@type\":\"SearchAction\",\"target\":{\"@type\":\"EntryPoint\",\"urlTemplate\":\"https:\/\/business.roovi.com\/de\/?s={search_term_string}\"},\"query-input\":\"required name=search_term_string\"}],\"inLanguage\":\"de\"}]}<\/script>\n<!-- \/ Yoast SEO plugin. -->","yoast_head_json":{"title":"Puzzle Notre Dame - 1000 Teile Puzzle f\u00fcr Erwachsene - Cartoon Collection","description":"Puzzle Notre Dame - 1000 Teile Puzzle f\u00fcr Erwachsene - Cartoon Collection","robots":{"index":"index","follow":"follow","max-snippet":"max-snippet:-1","max-image-preview":"max-image-preview:large","max-video-preview":"max-video-preview:-1"},"canonical":"https:\/\/business.roovi.com\/de\/puzzle-notre-dame-1000-teile-puzzle-fur-erwachsene-cartoon-collection\/p\/","og_locale":"de_DE","og_type":"article","og_title":"Puzzle Notre Dame - 1000 Teile Puzzle f\u00fcr Erwachsene - Cartoon Collection","og_description":"Puzzle Notre Dame - 1000 Teile Puzzle f\u00fcr Erwachsene - Cartoon Collection","og_url":"https:\/\/business.roovi.com\/de\/puzzle-notre-dame-1000-teile-puzzle-fur-erwachsene-cartoon-collection\/p\/","og_site_name":"Roovi B2B","article_publisher":"https:\/\/www.facebook.com\/wwwjucariero","article_modified_time":"2022-10-18T09:52:21+00:00","og_image":[{"width":840,"height":840,"url":"https:\/\/business.roovi.com\/wp-content\/uploads\/2018\/04\/61218-15-ansamblu_dimensiuni-cutie-cm_orizontal-1200x1200.png","type":"image\/png"}],"twitter_misc":{"Gesch\u00e4tzte Lesezeit":"3\u00a0Minuten"},"schema":{"@context":"https:\/\/schema.org","@graph":[{"@type":"WebPage","@id":"https:\/\/business.roovi.com\/de\/puzzle-notre-dame-1000-teile-puzzle-fur-erwachsene-cartoon-collection\/p\/","url":"https:\/\/business.roovi.com\/de\/puzzle-notre-dame-1000-teile-puzzle-fur-erwachsene-cartoon-collection\/p\/","name":"Puzzle Notre Dame - 1000 Teile Puzzle f\u00fcr Erwachsene - Cartoon Collection","isPartOf":{"@id":"https:\/\/business.roovi.com\/de\/#website"},"datePublished":"2018-04-16T10:56:18+00:00","dateModified":"2022-10-18T09:52:21+00:00","description":"Puzzle Notre Dame - 1000 Teile Puzzle f\u00fcr Erwachsene - Cartoon Collection","breadcrumb":{"@id":"https:\/\/business.roovi.com\/de\/puzzle-notre-dame-1000-teile-puzzle-fur-erwachsene-cartoon-collection\/p\/#breadcrumb"},"inLanguage":"de","potentialAction":[{"@type":"ReadAction","target":["https:\/\/business.roovi.com\/de\/puzzle-notre-dame-1000-teile-puzzle-fur-erwachsene-cartoon-collection\/p\/"]}]},{"@type":"BreadcrumbList","@id":"https:\/\/business.roovi.com\/de\/puzzle-notre-dame-1000-teile-puzzle-fur-erwachsene-cartoon-collection\/p\/#breadcrumb","itemListElement":[{"@type":"ListItem","position":1,"name":"Home","item":"https:\/\/business.roovi.com\/de\/"},{"@type":"ListItem","position":2,"name":"Shop","item":"https:\/\/business.roovi.com\/de\/shop\/"},{"@type":"ListItem","position":3,"name":"Puzzle Notre Dame &#8211; 1000 Teile Puzzle f\u00fcr Erwachsene &#8211; Cartoon Collection"}]},{"@type":"WebSite","@id":"https:\/\/business.roovi.com\/de\/#website","url":"https:\/\/business.roovi.com\/de\/","name":"Roovi B2B","description":"Roovi Business Website","potentialAction":[{"@type":"SearchAction","target":{"@type":"EntryPoint","urlTemplate":"https:\/\/business.roovi.com\/de\/?s={search_term_string}"},"query-input":"required name=search_term_string"}],"inLanguage":"de"}]}},"_links":{"self":[{"href":"https:\/\/business.roovi.com\/de\/wp-json\/wp\/v2\/product\/40599","targetHints":{"allow":["GET"]}}],"collection":[{"href":"https:\/\/business.roovi.com\/de\/wp-json\/wp\/v2\/product"}],"about":[{"href":"https:\/\/business.roovi.com\/de\/wp-json\/wp\/v2\/types\/product"}],"version-history":[{"count":0,"href":"https:\/\/business.roovi.com\/de\/wp-json\/wp\/v2\/product\/40599\/revisions"}],"wp:featuredmedia":[{"embeddable":true,"href":"https:\/\/business.roovi.com\/de\/wp-json\/wp\/v2\/media\/36058"}],"wp:attachment":[{"href":"https:\/\/business.roovi.com\/de\/wp-json\/wp\/v2\/media?parent=40599"}],"wp:term":[{"taxonomy":"product_brand","embeddable":true,"href":"https:\/\/business.roovi.com\/de\/wp-json\/wp\/v2\/product_brand?post=40599"},{"taxonomy":"product_cat","embeddable":true,"href":"https:\/\/business.roovi.com\/de\/wp-json\/wp\/v2\/product_cat?post=40599"},{"taxonomy":"product_tag","embeddable":true,"href":"https:\/\/business.roovi.com\/de\/wp-json\/wp\/v2\/product_tag?post=40599"}],"curies":[{"name":"wp","href":"https:\/\/api.w.org\/{rel}","templated":true}]}}