{"id":40603,"date":"2018-04-16T10:56:18","date_gmt":"2018-04-16T10:56:18","guid":{"rendered":"https:\/\/business.roovi.com\/puzzle-copii-240-piese-romania-tara-turismului\/p\/"},"modified":"2023-03-01T11:01:03","modified_gmt":"2023-03-01T11:01:03","slug":"kinderpuzzle-240-teile-rumanien-tara-turismului","status":"publish","type":"product","link":"https:\/\/business.roovi.com\/de\/kinderpuzzle-240-teile-rumanien-tara-turismului\/p\/","title":{"rendered":"Puzzle 240 Teile &#8211; Rum\u00e4nien &#8211; Land des Tourismus"},"content":{"rendered":"<p><span style=\"font-weight: 400;\">Hast du ein Kind, das von Geschichte oder Geografie fasziniert ist? Kennst du ein Kind, das leidenschaftlich gerne reist und neue Orte entdeckt?<\/span><\/p>\n<p><span style=\"font-weight: 400;\">Zeig ihnen mit diesem 240-teiligen Kinderpuzzle, wie faszinierend Rum\u00e4nien ist und wie viele historische Denkm\u00e4ler im ganzen Land verstreut sind. Mit diesem Puzzle k\u00f6nnen sie Rum\u00e4nien &#8211; Land des Tourismus St\u00fcck f\u00fcr St\u00fcck erkunden.<\/span><\/p>\n<p><span style=\"font-weight: 400;\">Kinder k\u00f6nnen etwas \u00fcber die historischen Regionen und die imposanten Festungen lernen, die das Land verteidigt haben, Schl\u00f6sser und Geschichten von K\u00f6nigen und K\u00f6niginnen entdecken, Kirchen und Kl\u00f6ster, die die ganze Welt fasziniert haben und auf der UNESCO-Liste des Weltkulturerbes stehen, oder St\u00e4dte, die es an Sch\u00f6nheit mit jeder anderen Stadt in Europa aufnehmen k\u00f6nnen <\/span><\/p>\n<p><span style=\"font-weight: 400;\">Entdecke ein Kinderr\u00e4tsel, das die Neugierde und den Wunsch weckt, Rum\u00e4nien genauer kennenzulernen.<\/span><\/p>\n<h2><span style=\"font-weight: 400;\">Warum ein Kinderpuzzle mit 240 Teilen w\u00e4hlen Rum\u00e4nien &#8211; Land of Tourism<\/span><\/h2>\n<ul>\n<li><span style=\"font-weight: 400;\">Es ist ein wundersch\u00f6nes, farbenfrohes Puzzle in leuchtenden Farben, die Kindern gefallen, ohne das Auge zu st\u00f6ren.<\/span><\/li>\n<li><span style=\"font-weight: 400;\">Jedes Puzzlest\u00fcck passt perfekt und das Ergebnis ist einheitlich.<\/span><\/li>\n<li><span style=\"font-weight: 400;\">Das Puzzle ist aus 2 mm dickem, haltbarem Karton von sehr guter Qualit\u00e4t hergestellt.<\/span><\/li>\n<li><span style=\"font-weight: 400;\">Es ist f\u00fcr Kinder im Alter von 7-10 Jahren geeignet und ist eine lustige Herausforderung, die ihre Fantasie und Beobachtungsgabe anregt.<\/span><\/li>\n<\/ul>\n<p><span style=\"font-weight: 400;\">F\u00fcr Kinder ist das Zusammensetzen eines Puzzles \u00e4u\u00dferst n\u00fctzlich und hilft ihnen, viele F\u00e4higkeiten zu entwickeln:<\/span><\/p>\n<ul>\n<li><span style=\"font-weight: 400;\">f\u00f6rdert die Aufmerksamkeit f\u00fcr Details,<\/span><\/li>\n<li><span style=\"font-weight: 400;\">es hilft, die Hand-Augen-Koordination zu trainieren,<\/span><\/li>\n<li><span style=\"font-weight: 400;\">es f\u00f6rdert die Entwicklung der Feinmotorik und das \u00dcben von Geschicklichkeit,<\/span><\/li>\n<li><span style=\"font-weight: 400;\">f\u00f6rdert die Konzentration auf eine einzige Aufgabe, ohne dass man sich leicht von dem ablenken l\u00e4sst, was um einen herum vorgeht,<\/span><\/li>\n<li><span style=\"font-weight: 400;\">ist eine entspannende und lustige Aktivit\u00e4t,<\/span><\/li>\n<li><span style=\"font-weight: 400;\">unterst\u00fctzt die Entwicklung der beiden Gehirnh\u00e4lften.<\/span><\/li>\n<\/ul>\n<h2><span style=\"font-weight: 400;\">240-teiliges Kinderpuzzle zur Entspannung und zum Ged\u00e4chtnistraining<\/span><\/h2>\n<p><span style=\"font-weight: 400;\">F\u00fcr Kinder geh\u00f6rt Geduld zu den am schwierigsten zu erwerbenden F\u00e4higkeiten. Da sie t\u00e4glich hunderten von Reizen ausgesetzt sind, ob online oder offline, haben Kinder die F\u00e4higkeit erlernt, alles schnell zu machen und schnell zu leben, genau wie Erwachsene <\/span><\/p>\n<p><span style=\"font-weight: 400;\">Hilf ihnen, innezuhalten und pr\u00e4senter zu werden, sich mehr mit ihren Aktivit\u00e4ten zu besch\u00e4ftigen und sich Zeit zu nehmen, um sich durch eine entspannende und das Gehirn anregende Aktivit\u00e4t wie das Zusammensetzen eines Puzzles mit 240 Teilen wieder mit sich selbst zu verbinden <\/span><\/p>\n<p><span style=\"font-weight: 400;\">Mit Hilfe eines Puzzles lernen sie, sich besser zu konzentrieren und k\u00f6nnen sogar ihre Leistungen in der Schule verbessern.<\/span><\/p>\n<p><span style=\"font-weight: 400;\">Egal, ob du das Puzzle selbst mit den Kindern machst oder es verschenkst, es wird sicher eine \u00dcberraschung und eine lustige Besch\u00e4ftigung sein.<\/span><\/p>\n","protected":false},"excerpt":{"rendered":"<p>Hast du ein Kind, das von Geschichte oder Geografie fasziniert ist? Kennst du ein Kind, das leidenschaftlich gerne reist und<\/p>\n","protected":false},"featured_media":36070,"template":"","meta":[],"product_brand":[],"product_cat":[1887],"product_tag":[],"class_list":{"0":"post-40603","1":"product","2":"type-product","3":"status-publish","4":"has-post-thumbnail","6":"product_cat-rumanische-spiele","7":"pa_brand-d_toys-de","8":"pa_country_of_manufacture-ro-de","9":"pa_filter_age-7_9-de","10":"pa_filter_age-9_14-de","11":"pa_painter-romania-de","12":"pa_tip_ambalaj-kasten-a4-de","13":"pa_tip_puzzle-klassisch","15":"first","16":"instock","17":"taxable","18":"shipping-taxable","19":"product-type-simple"},"yoast_head":"<!-- This site is optimized with the Yoast SEO plugin v20.1 - https:\/\/yoast.com\/wordpress\/plugins\/seo\/ -->\n<title>Kinderpuzzle 240 Teile - Rum\u00e4nien - Tara Turismului<\/title>\n<meta name=\"description\" content=\"Kinderpuzzle 240 Teile - Rum\u00e4nien - Tara Turismului\" \/>\n<meta name=\"robots\" content=\"index, follow, max-snippet:-1, max-image-preview:large, max-video-preview:-1\" \/>\n<link rel=\"canonical\" href=\"https:\/\/business.roovi.com\/de\/kinderpuzzle-240-teile-rumanien-tara-turismului\/p\/\" \/>\n<meta property=\"og:locale\" content=\"de_DE\" \/>\n<meta property=\"og:type\" content=\"article\" \/>\n<meta property=\"og:title\" content=\"Kinderpuzzle 240 Teile - Rum\u00e4nien - Tara Turismului\" \/>\n<meta property=\"og:description\" content=\"Kinderpuzzle 240 Teile - Rum\u00e4nien - Tara Turismului\" \/>\n<meta property=\"og:url\" content=\"https:\/\/business.roovi.com\/de\/kinderpuzzle-240-teile-rumanien-tara-turismului\/p\/\" \/>\n<meta property=\"og:site_name\" content=\"Roovi B2B\" \/>\n<meta property=\"article:publisher\" content=\"https:\/\/www.facebook.com\/wwwjucariero\" \/>\n<meta property=\"article:modified_time\" content=\"2023-03-01T11:01:03+00:00\" \/>\n<meta property=\"og:image\" content=\"https:\/\/business.roovi.com\/wp-content\/uploads\/2018\/04\/74225-02_ansamblu_dimensiuni_cutie_cm.png\" \/>\n\t<meta property=\"og:image:width\" content=\"2000\" \/>\n\t<meta property=\"og:image:height\" content=\"2000\" \/>\n\t<meta property=\"og:image:type\" content=\"image\/png\" \/>\n<meta name=\"twitter:label1\" content=\"Gesch\u00e4tzte Lesezeit\" \/>\n\t<meta name=\"twitter:data1\" content=\"3\u00a0Minuten\" \/>\n<script type=\"application\/ld+json\" class=\"yoast-schema-graph\">{\"@context\":\"https:\/\/schema.org\",\"@graph\":[{\"@type\":\"WebPage\",\"@id\":\"https:\/\/business.roovi.com\/de\/kinderpuzzle-240-teile-rumanien-tara-turismului\/p\/\",\"url\":\"https:\/\/business.roovi.com\/de\/kinderpuzzle-240-teile-rumanien-tara-turismului\/p\/\",\"name\":\"Kinderpuzzle 240 Teile - Rum\u00e4nien - Tara Turismului\",\"isPartOf\":{\"@id\":\"https:\/\/business.roovi.com\/de\/#website\"},\"datePublished\":\"2018-04-16T10:56:18+00:00\",\"dateModified\":\"2023-03-01T11:01:03+00:00\",\"description\":\"Kinderpuzzle 240 Teile - Rum\u00e4nien - Tara Turismului\",\"breadcrumb\":{\"@id\":\"https:\/\/business.roovi.com\/de\/kinderpuzzle-240-teile-rumanien-tara-turismului\/p\/#breadcrumb\"},\"inLanguage\":\"de\",\"potentialAction\":[{\"@type\":\"ReadAction\",\"target\":[\"https:\/\/business.roovi.com\/de\/kinderpuzzle-240-teile-rumanien-tara-turismului\/p\/\"]}]},{\"@type\":\"BreadcrumbList\",\"@id\":\"https:\/\/business.roovi.com\/de\/kinderpuzzle-240-teile-rumanien-tara-turismului\/p\/#breadcrumb\",\"itemListElement\":[{\"@type\":\"ListItem\",\"position\":1,\"name\":\"Home\",\"item\":\"https:\/\/business.roovi.com\/de\/\"},{\"@type\":\"ListItem\",\"position\":2,\"name\":\"Shop\",\"item\":\"https:\/\/business.roovi.com\/de\/shop\/\"},{\"@type\":\"ListItem\",\"position\":3,\"name\":\"Puzzle 240 Teile &#8211; Rum\u00e4nien &#8211; Land des Tourismus\"}]},{\"@type\":\"WebSite\",\"@id\":\"https:\/\/business.roovi.com\/de\/#website\",\"url\":\"https:\/\/business.roovi.com\/de\/\",\"name\":\"Roovi B2B\",\"description\":\"Roovi Business Website\",\"potentialAction\":[{\"@type\":\"SearchAction\",\"target\":{\"@type\":\"EntryPoint\",\"urlTemplate\":\"https:\/\/business.roovi.com\/de\/?s={search_term_string}\"},\"query-input\":\"required name=search_term_string\"}],\"inLanguage\":\"de\"}]}<\/script>\n<!-- \/ Yoast SEO plugin. -->","yoast_head_json":{"title":"Kinderpuzzle 240 Teile - Rum\u00e4nien - Tara Turismului","description":"Kinderpuzzle 240 Teile - Rum\u00e4nien - Tara Turismului","robots":{"index":"index","follow":"follow","max-snippet":"max-snippet:-1","max-image-preview":"max-image-preview:large","max-video-preview":"max-video-preview:-1"},"canonical":"https:\/\/business.roovi.com\/de\/kinderpuzzle-240-teile-rumanien-tara-turismului\/p\/","og_locale":"de_DE","og_type":"article","og_title":"Kinderpuzzle 240 Teile - Rum\u00e4nien - Tara Turismului","og_description":"Kinderpuzzle 240 Teile - Rum\u00e4nien - Tara Turismului","og_url":"https:\/\/business.roovi.com\/de\/kinderpuzzle-240-teile-rumanien-tara-turismului\/p\/","og_site_name":"Roovi B2B","article_publisher":"https:\/\/www.facebook.com\/wwwjucariero","article_modified_time":"2023-03-01T11:01:03+00:00","og_image":[{"width":2000,"height":2000,"url":"https:\/\/business.roovi.com\/wp-content\/uploads\/2018\/04\/74225-02_ansamblu_dimensiuni_cutie_cm.png","type":"image\/png"}],"twitter_misc":{"Gesch\u00e4tzte Lesezeit":"3\u00a0Minuten"},"schema":{"@context":"https:\/\/schema.org","@graph":[{"@type":"WebPage","@id":"https:\/\/business.roovi.com\/de\/kinderpuzzle-240-teile-rumanien-tara-turismului\/p\/","url":"https:\/\/business.roovi.com\/de\/kinderpuzzle-240-teile-rumanien-tara-turismului\/p\/","name":"Kinderpuzzle 240 Teile - Rum\u00e4nien - Tara Turismului","isPartOf":{"@id":"https:\/\/business.roovi.com\/de\/#website"},"datePublished":"2018-04-16T10:56:18+00:00","dateModified":"2023-03-01T11:01:03+00:00","description":"Kinderpuzzle 240 Teile - Rum\u00e4nien - Tara Turismului","breadcrumb":{"@id":"https:\/\/business.roovi.com\/de\/kinderpuzzle-240-teile-rumanien-tara-turismului\/p\/#breadcrumb"},"inLanguage":"de","potentialAction":[{"@type":"ReadAction","target":["https:\/\/business.roovi.com\/de\/kinderpuzzle-240-teile-rumanien-tara-turismului\/p\/"]}]},{"@type":"BreadcrumbList","@id":"https:\/\/business.roovi.com\/de\/kinderpuzzle-240-teile-rumanien-tara-turismului\/p\/#breadcrumb","itemListElement":[{"@type":"ListItem","position":1,"name":"Home","item":"https:\/\/business.roovi.com\/de\/"},{"@type":"ListItem","position":2,"name":"Shop","item":"https:\/\/business.roovi.com\/de\/shop\/"},{"@type":"ListItem","position":3,"name":"Puzzle 240 Teile &#8211; Rum\u00e4nien &#8211; Land des Tourismus"}]},{"@type":"WebSite","@id":"https:\/\/business.roovi.com\/de\/#website","url":"https:\/\/business.roovi.com\/de\/","name":"Roovi B2B","description":"Roovi Business Website","potentialAction":[{"@type":"SearchAction","target":{"@type":"EntryPoint","urlTemplate":"https:\/\/business.roovi.com\/de\/?s={search_term_string}"},"query-input":"required name=search_term_string"}],"inLanguage":"de"}]}},"_links":{"self":[{"href":"https:\/\/business.roovi.com\/de\/wp-json\/wp\/v2\/product\/40603","targetHints":{"allow":["GET"]}}],"collection":[{"href":"https:\/\/business.roovi.com\/de\/wp-json\/wp\/v2\/product"}],"about":[{"href":"https:\/\/business.roovi.com\/de\/wp-json\/wp\/v2\/types\/product"}],"version-history":[{"count":0,"href":"https:\/\/business.roovi.com\/de\/wp-json\/wp\/v2\/product\/40603\/revisions"}],"wp:featuredmedia":[{"embeddable":true,"href":"https:\/\/business.roovi.com\/de\/wp-json\/wp\/v2\/media\/36070"}],"wp:attachment":[{"href":"https:\/\/business.roovi.com\/de\/wp-json\/wp\/v2\/media?parent=40603"}],"wp:term":[{"taxonomy":"product_brand","embeddable":true,"href":"https:\/\/business.roovi.com\/de\/wp-json\/wp\/v2\/product_brand?post=40603"},{"taxonomy":"product_cat","embeddable":true,"href":"https:\/\/business.roovi.com\/de\/wp-json\/wp\/v2\/product_cat?post=40603"},{"taxonomy":"product_tag","embeddable":true,"href":"https:\/\/business.roovi.com\/de\/wp-json\/wp\/v2\/product_tag?post=40603"}],"curies":[{"name":"wp","href":"https:\/\/api.w.org\/{rel}","templated":true}]}}