{"id":40635,"date":"2018-04-16T10:56:18","date_gmt":"2018-04-16T10:56:18","guid":{"rendered":"https:\/\/business.roovi.com\/puzzle-special-globe-basme-alba-ca-zapada\/p\/"},"modified":"2022-07-06T15:29:38","modified_gmt":"2022-07-06T15:29:38","slug":"60-teiliges-3d-puzzle-special-globe-schneewittchen","status":"publish","type":"product","link":"https:\/\/business.roovi.com\/de\/60-teiliges-3d-puzzle-special-globe-schneewittchen\/p\/","title":{"rendered":"60-teiliges 3D Puzzle &#8211; Special Globe &#8211; Schneewittchen"},"content":{"rendered":"<p>Wenn du ein Fan von Denkspielen bist, wird dir dieses 60-teilige Puzzle mit seinen verbl\u00fcffenden Erkenntnissen den Atem rauben! Wenn du die gebogenen Teile zusammensetzt, entsteht eine kugelf\u00f6rmige Oberfl\u00e4che, die ein dreidimensionales Bild der beliebten Figuren aus dem M\u00e4rchen Schneewittchen zeigt.<\/p>\n","protected":false},"excerpt":{"rendered":"<p>Wenn du ein Fan von Denkspielen bist, wird dir dieses 60-teilige Puzzle mit seinen verbl\u00fcffenden Erkenntnissen den Atem rauben! Wenn<\/p>\n","protected":false},"featured_media":36112,"template":"","meta":[],"product_brand":[],"product_cat":[1963,1876,1875],"product_tag":[],"class_list":{"0":"post-40635","1":"product","2":"type-product","3":"status-publish","4":"has-post-thumbnail","6":"product_cat-50-100-teile-puzzle","7":"product_cat-kinder-puzzle","8":"product_cat-puzzle-de","9":"pa_brand-d_toys-de","10":"pa_filter_age-14-de","11":"pa_filter_age-5_7-de","12":"pa_filter_age-7_9-de","13":"pa_filter_age-9_14-de","14":"pa_tip_ambalaj-kasten-a4-de","15":"pa_tip_puzzle-puzzle-spezial-de","17":"first","18":"instock","19":"taxable","20":"shipping-taxable","21":"product-type-simple"},"yoast_head":"<!-- This site is optimized with the Yoast SEO plugin v20.1 - https:\/\/yoast.com\/wordpress\/plugins\/seo\/ -->\n<title>60-teiliges 3D Puzzle - Special Globe - Schneewittchen<\/title>\n<meta name=\"description\" content=\"60-teiliges 3D Puzzle - Special Globe - Schneewittchen\" \/>\n<meta name=\"robots\" content=\"index, follow, max-snippet:-1, max-image-preview:large, max-video-preview:-1\" \/>\n<link rel=\"canonical\" href=\"https:\/\/business.roovi.com\/de\/60-teiliges-3d-puzzle-special-globe-schneewittchen\/p\/\" \/>\n<meta property=\"og:locale\" content=\"de_DE\" \/>\n<meta property=\"og:type\" content=\"article\" \/>\n<meta property=\"og:title\" content=\"60-teiliges 3D Puzzle - Special Globe - Schneewittchen\" \/>\n<meta property=\"og:description\" content=\"60-teiliges 3D Puzzle - Special Globe - Schneewittchen\" \/>\n<meta property=\"og:url\" content=\"https:\/\/business.roovi.com\/de\/60-teiliges-3d-puzzle-special-globe-schneewittchen\/p\/\" \/>\n<meta property=\"og:site_name\" content=\"Roovi B2B\" \/>\n<meta property=\"article:publisher\" content=\"https:\/\/www.facebook.com\/wwwjucariero\" \/>\n<meta property=\"article:modified_time\" content=\"2022-07-06T15:29:38+00:00\" \/>\n<meta property=\"og:image\" content=\"https:\/\/business.roovi.com\/wp-content\/uploads\/2018\/04\/67814_02_elo.jpg\" \/>\n\t<meta property=\"og:image:width\" content=\"1200\" \/>\n\t<meta property=\"og:image:height\" content=\"1200\" \/>\n\t<meta property=\"og:image:type\" content=\"image\/jpeg\" \/>\n<script type=\"application\/ld+json\" class=\"yoast-schema-graph\">{\"@context\":\"https:\/\/schema.org\",\"@graph\":[{\"@type\":\"WebPage\",\"@id\":\"https:\/\/business.roovi.com\/de\/60-teiliges-3d-puzzle-special-globe-schneewittchen\/p\/\",\"url\":\"https:\/\/business.roovi.com\/de\/60-teiliges-3d-puzzle-special-globe-schneewittchen\/p\/\",\"name\":\"60-teiliges 3D Puzzle - Special Globe - Schneewittchen\",\"isPartOf\":{\"@id\":\"https:\/\/business.roovi.com\/de\/#website\"},\"datePublished\":\"2018-04-16T10:56:18+00:00\",\"dateModified\":\"2022-07-06T15:29:38+00:00\",\"description\":\"60-teiliges 3D Puzzle - Special Globe - Schneewittchen\",\"breadcrumb\":{\"@id\":\"https:\/\/business.roovi.com\/de\/60-teiliges-3d-puzzle-special-globe-schneewittchen\/p\/#breadcrumb\"},\"inLanguage\":\"de\",\"potentialAction\":[{\"@type\":\"ReadAction\",\"target\":[\"https:\/\/business.roovi.com\/de\/60-teiliges-3d-puzzle-special-globe-schneewittchen\/p\/\"]}]},{\"@type\":\"BreadcrumbList\",\"@id\":\"https:\/\/business.roovi.com\/de\/60-teiliges-3d-puzzle-special-globe-schneewittchen\/p\/#breadcrumb\",\"itemListElement\":[{\"@type\":\"ListItem\",\"position\":1,\"name\":\"Home\",\"item\":\"https:\/\/business.roovi.com\/de\/\"},{\"@type\":\"ListItem\",\"position\":2,\"name\":\"Shop\",\"item\":\"https:\/\/business.roovi.com\/de\/shop\/\"},{\"@type\":\"ListItem\",\"position\":3,\"name\":\"60-teiliges 3D Puzzle &#8211; Special Globe &#8211; Schneewittchen\"}]},{\"@type\":\"WebSite\",\"@id\":\"https:\/\/business.roovi.com\/de\/#website\",\"url\":\"https:\/\/business.roovi.com\/de\/\",\"name\":\"Roovi B2B\",\"description\":\"Roovi Business Website\",\"potentialAction\":[{\"@type\":\"SearchAction\",\"target\":{\"@type\":\"EntryPoint\",\"urlTemplate\":\"https:\/\/business.roovi.com\/de\/?s={search_term_string}\"},\"query-input\":\"required name=search_term_string\"}],\"inLanguage\":\"de\"}]}<\/script>\n<!-- \/ Yoast SEO plugin. -->","yoast_head_json":{"title":"60-teiliges 3D Puzzle - Special Globe - Schneewittchen","description":"60-teiliges 3D Puzzle - Special Globe - Schneewittchen","robots":{"index":"index","follow":"follow","max-snippet":"max-snippet:-1","max-image-preview":"max-image-preview:large","max-video-preview":"max-video-preview:-1"},"canonical":"https:\/\/business.roovi.com\/de\/60-teiliges-3d-puzzle-special-globe-schneewittchen\/p\/","og_locale":"de_DE","og_type":"article","og_title":"60-teiliges 3D Puzzle - Special Globe - Schneewittchen","og_description":"60-teiliges 3D Puzzle - Special Globe - Schneewittchen","og_url":"https:\/\/business.roovi.com\/de\/60-teiliges-3d-puzzle-special-globe-schneewittchen\/p\/","og_site_name":"Roovi B2B","article_publisher":"https:\/\/www.facebook.com\/wwwjucariero","article_modified_time":"2022-07-06T15:29:38+00:00","og_image":[{"width":1200,"height":1200,"url":"https:\/\/business.roovi.com\/wp-content\/uploads\/2018\/04\/67814_02_elo.jpg","type":"image\/jpeg"}],"schema":{"@context":"https:\/\/schema.org","@graph":[{"@type":"WebPage","@id":"https:\/\/business.roovi.com\/de\/60-teiliges-3d-puzzle-special-globe-schneewittchen\/p\/","url":"https:\/\/business.roovi.com\/de\/60-teiliges-3d-puzzle-special-globe-schneewittchen\/p\/","name":"60-teiliges 3D Puzzle - Special Globe - Schneewittchen","isPartOf":{"@id":"https:\/\/business.roovi.com\/de\/#website"},"datePublished":"2018-04-16T10:56:18+00:00","dateModified":"2022-07-06T15:29:38+00:00","description":"60-teiliges 3D Puzzle - Special Globe - Schneewittchen","breadcrumb":{"@id":"https:\/\/business.roovi.com\/de\/60-teiliges-3d-puzzle-special-globe-schneewittchen\/p\/#breadcrumb"},"inLanguage":"de","potentialAction":[{"@type":"ReadAction","target":["https:\/\/business.roovi.com\/de\/60-teiliges-3d-puzzle-special-globe-schneewittchen\/p\/"]}]},{"@type":"BreadcrumbList","@id":"https:\/\/business.roovi.com\/de\/60-teiliges-3d-puzzle-special-globe-schneewittchen\/p\/#breadcrumb","itemListElement":[{"@type":"ListItem","position":1,"name":"Home","item":"https:\/\/business.roovi.com\/de\/"},{"@type":"ListItem","position":2,"name":"Shop","item":"https:\/\/business.roovi.com\/de\/shop\/"},{"@type":"ListItem","position":3,"name":"60-teiliges 3D Puzzle &#8211; Special Globe &#8211; Schneewittchen"}]},{"@type":"WebSite","@id":"https:\/\/business.roovi.com\/de\/#website","url":"https:\/\/business.roovi.com\/de\/","name":"Roovi B2B","description":"Roovi Business Website","potentialAction":[{"@type":"SearchAction","target":{"@type":"EntryPoint","urlTemplate":"https:\/\/business.roovi.com\/de\/?s={search_term_string}"},"query-input":"required name=search_term_string"}],"inLanguage":"de"}]}},"_links":{"self":[{"href":"https:\/\/business.roovi.com\/de\/wp-json\/wp\/v2\/product\/40635","targetHints":{"allow":["GET"]}}],"collection":[{"href":"https:\/\/business.roovi.com\/de\/wp-json\/wp\/v2\/product"}],"about":[{"href":"https:\/\/business.roovi.com\/de\/wp-json\/wp\/v2\/types\/product"}],"version-history":[{"count":0,"href":"https:\/\/business.roovi.com\/de\/wp-json\/wp\/v2\/product\/40635\/revisions"}],"wp:featuredmedia":[{"embeddable":true,"href":"https:\/\/business.roovi.com\/de\/wp-json\/wp\/v2\/media\/36112"}],"wp:attachment":[{"href":"https:\/\/business.roovi.com\/de\/wp-json\/wp\/v2\/media?parent=40635"}],"wp:term":[{"taxonomy":"product_brand","embeddable":true,"href":"https:\/\/business.roovi.com\/de\/wp-json\/wp\/v2\/product_brand?post=40635"},{"taxonomy":"product_cat","embeddable":true,"href":"https:\/\/business.roovi.com\/de\/wp-json\/wp\/v2\/product_cat?post=40635"},{"taxonomy":"product_tag","embeddable":true,"href":"https:\/\/business.roovi.com\/de\/wp-json\/wp\/v2\/product_tag?post=40635"}],"curies":[{"name":"wp","href":"https:\/\/api.w.org\/{rel}","templated":true}]}}