{"id":40663,"date":"2022-01-13T13:47:00","date_gmt":"2022-01-13T13:47:00","guid":{"rendered":"https:\/\/business.roovi.com\/puzzle-adulti-1000-piese-gustav-klimt-portrait-of-fritza-riedler\/p\/"},"modified":"2022-07-06T15:34:29","modified_gmt":"2022-07-06T15:34:29","slug":"1000-teile-gustav-klimt-puzzle-fur-erwachsene-portrat-von-fritza-riedler","status":"publish","type":"product","link":"https:\/\/business.roovi.com\/de\/1000-teile-gustav-klimt-puzzle-fur-erwachsene-portrat-von-fritza-riedler\/p\/","title":{"rendered":"1000 Teile Gustav Klimt Puzzle f\u00fcr Erwachsene &#8211; Portr\u00e4t von Fritza Riedler"},"content":{"rendered":"<p><span style=\"font-weight: 400\">Bist du von Kunstwerken fasziniert? Wie w\u00e4re es, wenn du dein eigenes Jugendstilgem\u00e4lde aus 1000 Puzzleteilen bauen w\u00fcrdest? Es entkoppelt dich von den Bildschirmen und gibt dir das einzigartige Gef\u00fchl der pers\u00f6nlichen Gestaltung.<\/span><\/p>\n<p><span style=\"font-weight: 400\">Gustav Klimt ist einer der K\u00fcnstler, die einen frischen und erfrischenden Stil in die Kunst gebracht haben. Schockierend und faszinierend gleicherma\u00dfen, hinterlie\u00df er eine beeindruckende Sammlung, die auch heute noch begeistert und inspiriert.<\/span><\/p>\n<p><span style=\"font-weight: 400\">Das 1000-teilige Puzzle-Portr\u00e4t von Fritza Riedler reproduziert das gleichnamige Gem\u00e4lde aus den fr\u00fchen Schaffensjahren der K\u00fcnstlerin. Fritza verk\u00f6rpert den Wohlstand und den aufstrebenden Status der Wiener Mittelschicht des fr\u00fchen 20.<\/span><\/p>\n<p><span style=\"font-weight: 400\">Baue Klimts Mosaik St\u00fcck f\u00fcr St\u00fcck auf und genie\u00dfe am Ende ein wertvolles Kunstgem\u00e4lde, eine perfekte Nachbildung des urspr\u00fcnglichen Meisterwerks. Verwende einen normalen Couchtisch, um die St\u00fccke zu st\u00fctzen. Die Ma\u00dfe des Gem\u00e4ldes sind 50 x 70 cm.<\/span><\/p>\n<p><strong>Warum ist das 1000 Teile Puzzle Gustav Klimt &#8211; Bildnis des <\/strong><strong>Fritza Riedler?<\/strong><\/p>\n<p><span style=\"font-weight: 400\">Du bekommst eine fast perfekte Nachbildung des Originalgem\u00e4ldes.<\/span><\/p>\n<p><span style=\"font-weight: 400\">Die St\u00fccke sind aus hochwertigem, 2 mm dickem Karton gefertigt, der sich perfekt einf\u00fcgt und seine Haltbarkeit gew\u00e4hrleistet.<\/span><\/p>\n<p><span style=\"font-weight: 400\">Er ist aus recycelbaren und nachhaltigen Materialien hergestellt.<\/span><\/p>\n<p><span style=\"font-weight: 400\">Es hat eine halbgl\u00e4nzende Oberfl\u00e4che in angenehmen Farben, die die Sch\u00f6nheit des Gem\u00e4ldes hervorheben.<\/span><\/p>\n<p><span style=\"font-weight: 400\">Es ist ab 14 Jahren geeignet und kann die perfekte Gelegenheit sein, um Teenager in die Welt der Kunst einzuf\u00fchren.<\/span><\/p>\n<p><span style=\"font-weight: 400\">Au\u00dferdem hast du die M\u00f6glichkeit, verschiedene F\u00e4higkeiten zu entwickeln, die du in deinem Alltag einsetzen kannst:<\/span><\/p>\n<ul>\n<li><span style=\"font-weight: 400\">Liebe zum Detail<\/span><\/li>\n<li><span style=\"font-weight: 400\">Lernen<\/span><\/li>\n<li><span style=\"font-weight: 400\">F\u00e4higkeit zur Konzentration<\/span><\/li>\n<li><span style=\"font-weight: 400\">Beharrlichkeit<\/span><\/li>\n<li><span style=\"font-weight: 400\">Logisches Denken<\/span><\/li>\n<li><span style=\"font-weight: 400\">Probleml\u00f6sungsf\u00e4higkeiten.<\/span><\/li>\n<\/ul>\n<p><strong>Wusstest du, dass&#8230;?<\/strong><\/p>\n<p><span style=\"font-weight: 400\">Gustav Klimt begann seine Karriere als Innenarchitekt.<\/span><\/p>\n<p><span style=\"font-weight: 400\">Viele seiner Werke wurden von den Nazis als entartet angesehen und von ihnen zerst\u00f6rt.<\/span><\/p>\n<p><span style=\"font-weight: 400\">Er war ein Zeitgenosse von Sigmund Freud und interessierte sich wie dieser f\u00fcr das Studium der Sexualit\u00e4t, der Tr\u00e4ume und des menschlichen Unterbewusstseins.<\/span><\/p>\n<p><span style=\"font-weight: 400\">F\u00fcr sein Portr\u00e4t von Fritza Riedler lie\u00df sich der Maler offenbar vom Studium der alt\u00e4gyptischen Kunst in den Wiener Museen inspirieren.<\/span><\/p>\n<p><span style=\"font-weight: 400\">Sein teuerstes Gem\u00e4lde ist <\/span><span style=\"font-weight: 400\">Portr\u00e4t von Adele Bloch-Bauer I., das 2006 f\u00fcr einen Rekordpreis von 135 Millionen Dollar verkauft wurde.<\/span><\/p>\n<p><strong>Gustav Klimt 1000 Teile Puzzle &#8211; Portrait von <\/strong><strong>Fritza Riedler bringt dir&#8230; Gl\u00fcck<\/strong><\/p>\n<p><span style=\"font-weight: 400\">Es scheint, dass das menschliche Gehirn bei Puzzlespielen mehr Dopamin aussch\u00fcttet, einen Neurotransmitter, der f\u00fcr Wohlbefinden, Optimismus und Gl\u00fcck sorgt <\/span><\/p>\n<p><span style=\"font-weight: 400\">Mehr als nur Entspannung kannst du mit dem Riedler Fritza Portrait 1000 Teile Puzzle ein Gef\u00fchl der Freude und Zufriedenheit erleben, dass du mit deinen eigenen H\u00e4nden ein tolles Werk geschaffen hast. Stell das Meisterwerk in den Rahmen und bewundere in Ruhe ein Sammlergem\u00e4lde.<\/span><\/p>\n<p><span style=\"font-weight: 400\">Puzzle 1000 Teile <\/span><span style=\"font-weight: 400\">Gustav Klimt &#8211; Portr\u00e4t von <\/span><span style=\"font-weight: 400\">Fritza Riedler ist ein ideales Geschenk f\u00fcr alle Kunstliebhaber und R\u00e4tselfreunde. Z\u00f6gere nicht, es an deine Lieben zu verschenken. Du wirst ihnen viel L\u00e4cheln und Freude bringen.<\/span><\/p><\/p>\n","protected":false},"excerpt":{"rendered":"<p>Bist du von Kunstwerken fasziniert? Wie w\u00e4re es, wenn du dein eigenes Jugendstilgem\u00e4lde aus 1000 Puzzleteilen bauen w\u00fcrdest? Es entkoppelt<\/p>\n","protected":false},"featured_media":47986,"template":"","meta":[],"product_brand":[],"product_cat":[1916,1875,1915],"product_tag":[],"class_list":{"0":"post-40663","1":"product","2":"type-product","3":"status-publish","4":"has-post-thumbnail","6":"product_cat-1000-teile-puzzle","7":"product_cat-puzzle-de","8":"product_cat-puzzlespiele-fur-erwachsene","9":"pa_bax-10-de","10":"pa_brand-d_toys-de","11":"pa_country_of_manufacture-ro-de","12":"pa_filter_age-14-de","13":"pa_painter-gustavklimt-de","14":"pa_tip_ambalaj-kasten-a4-de","15":"pa_tip_puzzle-klassisch","17":"first","18":"instock","19":"taxable","20":"shipping-taxable","21":"product-type-simple"},"yoast_head":"<!-- This site is optimized with the Yoast SEO plugin v20.1 - https:\/\/yoast.com\/wordpress\/plugins\/seo\/ -->\n<title>1000 Teile Gustav Klimt Puzzle f\u00fcr Erwachsene - Portr\u00e4t von Fritza Riedler<\/title>\n<meta name=\"description\" content=\"1000 Teile Gustav Klimt Puzzle f\u00fcr Erwachsene - Portr\u00e4t von Fritza Riedler\" \/>\n<meta name=\"robots\" content=\"index, follow, max-snippet:-1, max-image-preview:large, max-video-preview:-1\" \/>\n<link rel=\"canonical\" href=\"https:\/\/business.roovi.com\/de\/1000-teile-gustav-klimt-puzzle-fur-erwachsene-portrat-von-fritza-riedler\/p\/\" \/>\n<meta property=\"og:locale\" content=\"de_DE\" \/>\n<meta property=\"og:type\" content=\"article\" \/>\n<meta property=\"og:title\" content=\"1000 Teile Gustav Klimt Puzzle f\u00fcr Erwachsene - Portr\u00e4t von Fritza Riedler\" \/>\n<meta property=\"og:description\" content=\"1000 Teile Gustav Klimt Puzzle f\u00fcr Erwachsene - Portr\u00e4t von Fritza Riedler\" \/>\n<meta property=\"og:url\" content=\"https:\/\/business.roovi.com\/de\/1000-teile-gustav-klimt-puzzle-fur-erwachsene-portrat-von-fritza-riedler\/p\/\" \/>\n<meta property=\"og:site_name\" content=\"Roovi B2B\" \/>\n<meta property=\"article:publisher\" content=\"https:\/\/www.facebook.com\/wwwjucariero\" \/>\n<meta property=\"article:modified_time\" content=\"2022-07-06T15:34:29+00:00\" \/>\n<meta property=\"og:image\" content=\"https:\/\/business.roovi.com\/wp-content\/uploads\/2022\/01\/p1000_art_klimt_66923kl13.png\" \/>\n\t<meta property=\"og:image:width\" content=\"1200\" \/>\n\t<meta property=\"og:image:height\" content=\"1200\" \/>\n\t<meta property=\"og:image:type\" content=\"image\/png\" \/>\n<meta name=\"twitter:label1\" content=\"Gesch\u00e4tzte Lesezeit\" \/>\n\t<meta name=\"twitter:data1\" content=\"2\u00a0Minuten\" \/>\n<script type=\"application\/ld+json\" class=\"yoast-schema-graph\">{\"@context\":\"https:\/\/schema.org\",\"@graph\":[{\"@type\":\"WebPage\",\"@id\":\"https:\/\/business.roovi.com\/de\/1000-teile-gustav-klimt-puzzle-fur-erwachsene-portrat-von-fritza-riedler\/p\/\",\"url\":\"https:\/\/business.roovi.com\/de\/1000-teile-gustav-klimt-puzzle-fur-erwachsene-portrat-von-fritza-riedler\/p\/\",\"name\":\"1000 Teile Gustav Klimt Puzzle f\u00fcr Erwachsene - Portr\u00e4t von Fritza Riedler\",\"isPartOf\":{\"@id\":\"https:\/\/business.roovi.com\/de\/#website\"},\"datePublished\":\"2022-01-13T13:47:00+00:00\",\"dateModified\":\"2022-07-06T15:34:29+00:00\",\"description\":\"1000 Teile Gustav Klimt Puzzle f\u00fcr Erwachsene - Portr\u00e4t von Fritza Riedler\",\"breadcrumb\":{\"@id\":\"https:\/\/business.roovi.com\/de\/1000-teile-gustav-klimt-puzzle-fur-erwachsene-portrat-von-fritza-riedler\/p\/#breadcrumb\"},\"inLanguage\":\"de\",\"potentialAction\":[{\"@type\":\"ReadAction\",\"target\":[\"https:\/\/business.roovi.com\/de\/1000-teile-gustav-klimt-puzzle-fur-erwachsene-portrat-von-fritza-riedler\/p\/\"]}]},{\"@type\":\"BreadcrumbList\",\"@id\":\"https:\/\/business.roovi.com\/de\/1000-teile-gustav-klimt-puzzle-fur-erwachsene-portrat-von-fritza-riedler\/p\/#breadcrumb\",\"itemListElement\":[{\"@type\":\"ListItem\",\"position\":1,\"name\":\"Home\",\"item\":\"https:\/\/business.roovi.com\/de\/\"},{\"@type\":\"ListItem\",\"position\":2,\"name\":\"Shop\",\"item\":\"https:\/\/business.roovi.com\/de\/shop\/\"},{\"@type\":\"ListItem\",\"position\":3,\"name\":\"1000 Teile Gustav Klimt Puzzle f\u00fcr Erwachsene &#8211; Portr\u00e4t von Fritza Riedler\"}]},{\"@type\":\"WebSite\",\"@id\":\"https:\/\/business.roovi.com\/de\/#website\",\"url\":\"https:\/\/business.roovi.com\/de\/\",\"name\":\"Roovi B2B\",\"description\":\"Roovi Business Website\",\"potentialAction\":[{\"@type\":\"SearchAction\",\"target\":{\"@type\":\"EntryPoint\",\"urlTemplate\":\"https:\/\/business.roovi.com\/de\/?s={search_term_string}\"},\"query-input\":\"required name=search_term_string\"}],\"inLanguage\":\"de\"}]}<\/script>\n<!-- \/ Yoast SEO plugin. -->","yoast_head_json":{"title":"1000 Teile Gustav Klimt Puzzle f\u00fcr Erwachsene - Portr\u00e4t von Fritza Riedler","description":"1000 Teile Gustav Klimt Puzzle f\u00fcr Erwachsene - Portr\u00e4t von Fritza Riedler","robots":{"index":"index","follow":"follow","max-snippet":"max-snippet:-1","max-image-preview":"max-image-preview:large","max-video-preview":"max-video-preview:-1"},"canonical":"https:\/\/business.roovi.com\/de\/1000-teile-gustav-klimt-puzzle-fur-erwachsene-portrat-von-fritza-riedler\/p\/","og_locale":"de_DE","og_type":"article","og_title":"1000 Teile Gustav Klimt Puzzle f\u00fcr Erwachsene - Portr\u00e4t von Fritza Riedler","og_description":"1000 Teile Gustav Klimt Puzzle f\u00fcr Erwachsene - Portr\u00e4t von Fritza Riedler","og_url":"https:\/\/business.roovi.com\/de\/1000-teile-gustav-klimt-puzzle-fur-erwachsene-portrat-von-fritza-riedler\/p\/","og_site_name":"Roovi B2B","article_publisher":"https:\/\/www.facebook.com\/wwwjucariero","article_modified_time":"2022-07-06T15:34:29+00:00","og_image":[{"width":1200,"height":1200,"url":"https:\/\/business.roovi.com\/wp-content\/uploads\/2022\/01\/p1000_art_klimt_66923kl13.png","type":"image\/png"}],"twitter_misc":{"Gesch\u00e4tzte Lesezeit":"2\u00a0Minuten"},"schema":{"@context":"https:\/\/schema.org","@graph":[{"@type":"WebPage","@id":"https:\/\/business.roovi.com\/de\/1000-teile-gustav-klimt-puzzle-fur-erwachsene-portrat-von-fritza-riedler\/p\/","url":"https:\/\/business.roovi.com\/de\/1000-teile-gustav-klimt-puzzle-fur-erwachsene-portrat-von-fritza-riedler\/p\/","name":"1000 Teile Gustav Klimt Puzzle f\u00fcr Erwachsene - Portr\u00e4t von Fritza Riedler","isPartOf":{"@id":"https:\/\/business.roovi.com\/de\/#website"},"datePublished":"2022-01-13T13:47:00+00:00","dateModified":"2022-07-06T15:34:29+00:00","description":"1000 Teile Gustav Klimt Puzzle f\u00fcr Erwachsene - Portr\u00e4t von Fritza Riedler","breadcrumb":{"@id":"https:\/\/business.roovi.com\/de\/1000-teile-gustav-klimt-puzzle-fur-erwachsene-portrat-von-fritza-riedler\/p\/#breadcrumb"},"inLanguage":"de","potentialAction":[{"@type":"ReadAction","target":["https:\/\/business.roovi.com\/de\/1000-teile-gustav-klimt-puzzle-fur-erwachsene-portrat-von-fritza-riedler\/p\/"]}]},{"@type":"BreadcrumbList","@id":"https:\/\/business.roovi.com\/de\/1000-teile-gustav-klimt-puzzle-fur-erwachsene-portrat-von-fritza-riedler\/p\/#breadcrumb","itemListElement":[{"@type":"ListItem","position":1,"name":"Home","item":"https:\/\/business.roovi.com\/de\/"},{"@type":"ListItem","position":2,"name":"Shop","item":"https:\/\/business.roovi.com\/de\/shop\/"},{"@type":"ListItem","position":3,"name":"1000 Teile Gustav Klimt Puzzle f\u00fcr Erwachsene &#8211; Portr\u00e4t von Fritza Riedler"}]},{"@type":"WebSite","@id":"https:\/\/business.roovi.com\/de\/#website","url":"https:\/\/business.roovi.com\/de\/","name":"Roovi B2B","description":"Roovi Business Website","potentialAction":[{"@type":"SearchAction","target":{"@type":"EntryPoint","urlTemplate":"https:\/\/business.roovi.com\/de\/?s={search_term_string}"},"query-input":"required name=search_term_string"}],"inLanguage":"de"}]}},"_links":{"self":[{"href":"https:\/\/business.roovi.com\/de\/wp-json\/wp\/v2\/product\/40663","targetHints":{"allow":["GET"]}}],"collection":[{"href":"https:\/\/business.roovi.com\/de\/wp-json\/wp\/v2\/product"}],"about":[{"href":"https:\/\/business.roovi.com\/de\/wp-json\/wp\/v2\/types\/product"}],"version-history":[{"count":0,"href":"https:\/\/business.roovi.com\/de\/wp-json\/wp\/v2\/product\/40663\/revisions"}],"wp:featuredmedia":[{"embeddable":true,"href":"https:\/\/business.roovi.com\/de\/wp-json\/wp\/v2\/media\/47986"}],"wp:attachment":[{"href":"https:\/\/business.roovi.com\/de\/wp-json\/wp\/v2\/media?parent=40663"}],"wp:term":[{"taxonomy":"product_brand","embeddable":true,"href":"https:\/\/business.roovi.com\/de\/wp-json\/wp\/v2\/product_brand?post=40663"},{"taxonomy":"product_cat","embeddable":true,"href":"https:\/\/business.roovi.com\/de\/wp-json\/wp\/v2\/product_cat?post=40663"},{"taxonomy":"product_tag","embeddable":true,"href":"https:\/\/business.roovi.com\/de\/wp-json\/wp\/v2\/product_tag?post=40663"}],"curies":[{"name":"wp","href":"https:\/\/api.w.org\/{rel}","templated":true}]}}