{"id":40671,"date":"2021-12-17T14:27:12","date_gmt":"2021-12-17T14:27:12","guid":{"rendered":"https:\/\/business.roovi.com\/puzzle-adulti-1000-piese-groos-zselyke-paris\/p\/"},"modified":"2022-10-18T08:03:43","modified_gmt":"2022-10-18T08:03:43","slug":"groos-zselyke-1000-teile-puzzle-fur-erwachsene-paris","status":"publish","type":"product","link":"https:\/\/business.roovi.com\/de\/groos-zselyke-1000-teile-puzzle-fur-erwachsene-paris\/p\/","title":{"rendered":"Groos Zselyke 1000 Teile Puzzle f\u00fcr Erwachsene &#8211; Paris"},"content":{"rendered":"<p><span style=\"font-weight: 400;\">Nach Paris zu reisen, mag ein ferner Traum sein, aber sich gedanklich in das Herz der romantischsten Stadt Europas zu versetzen, ist jetzt m\u00f6glich. Das 1000-teilige Puzzle Paris mit einem romantischen Animationsbild gibt dir die Eintrittskarte zu einer imagin\u00e4ren Reise zu diesem Traumziel!<\/span><\/p>\n<p><span style=\"font-weight: 400;\">Ein romantisches Paar, das gerade sein Picknick in einem schicken Pariser Gesch\u00e4ft einkauft, mit gl\u00fccklichen Menschen und dem Eiffelturm im Hintergrund und bunten Luftballons, die \u00fcber den klaren Pariser Himmel fliegen, ist das animierte Bild, das dir der K\u00fcnstler Groos Zselyke, der das Design f\u00fcr dieses wunderbare Kunstpuzzle entworfen hat, pr\u00e4sentiert <\/span><\/p>\n<p><span style=\"font-weight: 400;\">Der Eiffelturm ist das Wahrzeichen von Paris und Frankreich, also darf er auch in diesem wunderbaren 1000-Teile-Puzzle nicht fehlen. Sie ist eine der meistbesuchten Sehensw\u00fcrdigkeiten der Welt. Jedes Jahr besichtigen \u00fcber 5.000.000 Menschen diesen beeindruckenden Turm.<\/span><\/p>\n<p><span style=\"font-weight: 400;\">Du kannst das animierte Bild in warmen Farben mit deinen Kindern im Teenageralter nachbauen. Ihr k\u00f6nnt stundenlang zusammenarbeiten, um ein wundersch\u00f6nes Bild zu malen, das ihr dann an eine Wand in ihrem Zimmer h\u00e4ngen k\u00f6nnt <\/span><\/p>\n<p><span style=\"font-weight: 400;\">Schaffe mit diesem tollen Puzzlespiel Gelegenheiten, deine Liebsten kennenzulernen und mit ihnen zusammenzuarbeiten. Es ist wichtig, dass du viel Zeit mit deinen Teenagern verbringst, um eine starke und enge Beziehung zu ihnen aufzubauen.<\/span><\/p>\n<p><strong>Warum das 1000-Teile-Puzzle Paris?<\/strong><\/p>\n<p><span style=\"font-weight: 400;\">Du bekommst ein wundersch\u00f6nes 50 x 70 cm gro\u00dfes Brett.<\/span><\/p>\n<p><span style=\"font-weight: 400;\">Es ist ein Puzzle f\u00fcr Erwachsene, das aus hochwertigen Materialien hergestellt wird: hochwertiger blauer Karton.<\/span><\/p>\n<p><span style=\"font-weight: 400;\">Es hat eine halbgl\u00e4nzende Oberfl\u00e4che und leuchtende Farben<\/span><\/p>\n<p><span style=\"font-weight: 400;\">Es ist aus recycelbaren, nachhaltigen Materialien hergestellt.<\/span><\/p>\n<p><span style=\"font-weight: 400;\">Es ist f\u00fcr Personen ab 14 Jahren geeignet und damit die perfekte Gelegenheit, um Teenager in die Geheimnisse von R\u00e4tseln einzuf\u00fchren.<\/span><\/p>\n<p><span style=\"font-weight: 400;\">Puzzlespiele entwickeln viele F\u00e4higkeiten, darunter:<\/span><\/p>\n<ul>\n<li><span style=\"font-weight: 400;\">Liebe zum Detail<\/span><\/li>\n<li><span style=\"font-weight: 400;\">Speicher<\/span><\/li>\n<li><span style=\"font-weight: 400;\">Logisches Denken<\/span><\/li>\n<li><span style=\"font-weight: 400;\">Beharrlichkeit<\/span><\/li>\n<li><span style=\"font-weight: 400;\">Geschicklichkeit.<\/span><\/li>\n<\/ul>\n<p><strong>Wusstest du, dass&#8230;?<\/strong><\/p>\n<p><span style=\"font-weight: 400;\">Paris hat viele&#8230; geisterhafte Metrostationen? Viele von ihnen wurden noch nie benutzt oder sind stillgelegt. Der Bahnhof Porte des Lilas wird h\u00e4ufig von Produktionsfirmen als Filmkulisse gemietet.<\/span><\/p>\n<p><span style=\"font-weight: 400;\">Das Louvre-Museum ist das beliebteste Kunstmuseum der Welt. Sie ist ber\u00fchmt f\u00fcr das Gem\u00e4lde der Mona Lisa und 460.000 andere wertvolle Kunstwerke.<\/span><\/p>\n<p><span style=\"font-weight: 400;\">Der Eiffelturm, das Wahrzeichen der Stadt, war nicht immer so beliebt. Als sie 1889 gebaut wurde, nannte man sie in der Presse &#8222;ein nutzloses Monstrum&#8220;. Urspr\u00fcnglich war es als tempor\u00e4res Denkmal gedacht, um die fortschrittliche Bautechnologie der Franzosen zu pr\u00e4sentieren <\/span><\/p>\n<p><span style=\"font-weight: 400;\">die &#8222;Stadt der Lichter&#8220;, wie Paris auch genannt wird, hat nichts mit Elektrizit\u00e4t zu tun. Der Name stammt aus der Zeit der Aufkl\u00e4rung, als die Stadt ein bedeutendes kulturelles Zentrum war, in dem viele bedeutende Pers\u00f6nlichkeiten (Maler, Schriftsteller, Bildhauer) studierten und lebten.<\/span><\/p>\n<p><strong>1000 Teile Puzzle Paris f\u00fcr unvergessliche Familienmomente<\/strong><\/p>\n<p><span style=\"font-weight: 400;\">Ausgehend von dem Bild im 1000-Teile-Puzzle Paris kannst du mit deinen Teenagerkindern allgemeine Kulturgespr\u00e4che f\u00fchren. Warum ist Paris eine Stadt der Liebenden? Was ist die Geschichte des Eiffelturms? Oder wie ist die Mona Lisa in den Louvre gekommen? Dies sind nur einige der Fragen, die du den Kindern stellst.<\/span><\/p>\n<p><span style=\"font-weight: 400;\">Puzzeln kann mehr als nur ein Spiel sein, es kann ein Weg sein, zu entdecken und zu lernen. Lass deiner Fantasie freien Lauf und mache diese Aktivit\u00e4t zu einer lehrreichen Erfahrung.<\/span><\/p>\n<p><span style=\"font-weight: 400;\">Entscheide dich f\u00fcr Pariser Kunstpuzzles und schaffe unbezahlbare Erinnerungen mit deinen Liebsten. Wenn du deine puzzlebegeisterten Freunde angenehm \u00fcberraschen willst, kannst du ihnen dieses wunderbare 1000-teilige Puzzle als Weihnachtsgeschenk \u00fcberreichen.<\/span><\/p>\n","protected":false},"excerpt":{"rendered":"<p>Nach Paris zu reisen, mag ein ferner Traum sein, aber sich gedanklich in das Herz der romantischsten Stadt Europas zu<\/p>\n","protected":false},"featured_media":47974,"template":"","meta":[],"product_brand":[],"product_cat":[1916,1875,1915],"product_tag":[],"class_list":{"0":"post-40671","1":"product","2":"type-product","3":"status-publish","4":"has-post-thumbnail","6":"product_cat-1000-teile-puzzle","7":"product_cat-puzzle-de","8":"product_cat-puzzlespiele-fur-erwachsene","9":"pa_brand-d_toys-de","10":"pa_country_of_manufacture-ro-de","11":"pa_tip_ambalaj-kasten-a4-de","12":"pa_tip_puzzle-klassisch","14":"first","15":"instock","16":"taxable","17":"shipping-taxable","18":"product-type-simple"},"yoast_head":"<!-- This site is optimized with the Yoast SEO plugin v20.1 - https:\/\/yoast.com\/wordpress\/plugins\/seo\/ -->\n<title>Groos Zselyke 1000 Teile Puzzle f\u00fcr Erwachsene - Paris<\/title>\n<meta name=\"description\" content=\"Groos Zselyke 1000 Teile Puzzle f\u00fcr Erwachsene - Paris\" \/>\n<meta name=\"robots\" content=\"index, follow, max-snippet:-1, max-image-preview:large, max-video-preview:-1\" \/>\n<link rel=\"canonical\" href=\"https:\/\/business.roovi.com\/de\/groos-zselyke-1000-teile-puzzle-fur-erwachsene-paris\/p\/\" \/>\n<meta property=\"og:locale\" content=\"de_DE\" \/>\n<meta property=\"og:type\" content=\"article\" \/>\n<meta property=\"og:title\" content=\"Groos Zselyke 1000 Teile Puzzle f\u00fcr Erwachsene - Paris\" \/>\n<meta property=\"og:description\" content=\"Groos Zselyke 1000 Teile Puzzle f\u00fcr Erwachsene - Paris\" \/>\n<meta property=\"og:url\" content=\"https:\/\/business.roovi.com\/de\/groos-zselyke-1000-teile-puzzle-fur-erwachsene-paris\/p\/\" \/>\n<meta property=\"og:site_name\" content=\"Roovi B2B\" \/>\n<meta property=\"article:publisher\" content=\"https:\/\/www.facebook.com\/wwwjucariero\" \/>\n<meta property=\"article:modified_time\" content=\"2022-10-18T08:03:43+00:00\" \/>\n<meta property=\"og:image\" content=\"https:\/\/business.roovi.com\/wp-content\/uploads\/2021\/12\/789333_ansamblu_dimensiuni_cutie_cm-833x800.png\" \/>\n\t<meta property=\"og:image:width\" content=\"833\" \/>\n\t<meta property=\"og:image:height\" content=\"800\" \/>\n\t<meta property=\"og:image:type\" content=\"image\/png\" \/>\n<meta name=\"twitter:label1\" content=\"Gesch\u00e4tzte Lesezeit\" \/>\n\t<meta name=\"twitter:data1\" content=\"3\u00a0Minuten\" \/>\n<script type=\"application\/ld+json\" class=\"yoast-schema-graph\">{\"@context\":\"https:\/\/schema.org\",\"@graph\":[{\"@type\":\"WebPage\",\"@id\":\"https:\/\/business.roovi.com\/de\/groos-zselyke-1000-teile-puzzle-fur-erwachsene-paris\/p\/\",\"url\":\"https:\/\/business.roovi.com\/de\/groos-zselyke-1000-teile-puzzle-fur-erwachsene-paris\/p\/\",\"name\":\"Groos Zselyke 1000 Teile Puzzle f\u00fcr Erwachsene - Paris\",\"isPartOf\":{\"@id\":\"https:\/\/business.roovi.com\/de\/#website\"},\"datePublished\":\"2021-12-17T14:27:12+00:00\",\"dateModified\":\"2022-10-18T08:03:43+00:00\",\"description\":\"Groos Zselyke 1000 Teile Puzzle f\u00fcr Erwachsene - Paris\",\"breadcrumb\":{\"@id\":\"https:\/\/business.roovi.com\/de\/groos-zselyke-1000-teile-puzzle-fur-erwachsene-paris\/p\/#breadcrumb\"},\"inLanguage\":\"de\",\"potentialAction\":[{\"@type\":\"ReadAction\",\"target\":[\"https:\/\/business.roovi.com\/de\/groos-zselyke-1000-teile-puzzle-fur-erwachsene-paris\/p\/\"]}]},{\"@type\":\"BreadcrumbList\",\"@id\":\"https:\/\/business.roovi.com\/de\/groos-zselyke-1000-teile-puzzle-fur-erwachsene-paris\/p\/#breadcrumb\",\"itemListElement\":[{\"@type\":\"ListItem\",\"position\":1,\"name\":\"Home\",\"item\":\"https:\/\/business.roovi.com\/de\/\"},{\"@type\":\"ListItem\",\"position\":2,\"name\":\"Shop\",\"item\":\"https:\/\/business.roovi.com\/de\/shop\/\"},{\"@type\":\"ListItem\",\"position\":3,\"name\":\"Groos Zselyke 1000 Teile Puzzle f\u00fcr Erwachsene &#8211; Paris\"}]},{\"@type\":\"WebSite\",\"@id\":\"https:\/\/business.roovi.com\/de\/#website\",\"url\":\"https:\/\/business.roovi.com\/de\/\",\"name\":\"Roovi B2B\",\"description\":\"Roovi Business Website\",\"potentialAction\":[{\"@type\":\"SearchAction\",\"target\":{\"@type\":\"EntryPoint\",\"urlTemplate\":\"https:\/\/business.roovi.com\/de\/?s={search_term_string}\"},\"query-input\":\"required name=search_term_string\"}],\"inLanguage\":\"de\"}]}<\/script>\n<!-- \/ Yoast SEO plugin. -->","yoast_head_json":{"title":"Groos Zselyke 1000 Teile Puzzle f\u00fcr Erwachsene - Paris","description":"Groos Zselyke 1000 Teile Puzzle f\u00fcr Erwachsene - Paris","robots":{"index":"index","follow":"follow","max-snippet":"max-snippet:-1","max-image-preview":"max-image-preview:large","max-video-preview":"max-video-preview:-1"},"canonical":"https:\/\/business.roovi.com\/de\/groos-zselyke-1000-teile-puzzle-fur-erwachsene-paris\/p\/","og_locale":"de_DE","og_type":"article","og_title":"Groos Zselyke 1000 Teile Puzzle f\u00fcr Erwachsene - Paris","og_description":"Groos Zselyke 1000 Teile Puzzle f\u00fcr Erwachsene - Paris","og_url":"https:\/\/business.roovi.com\/de\/groos-zselyke-1000-teile-puzzle-fur-erwachsene-paris\/p\/","og_site_name":"Roovi B2B","article_publisher":"https:\/\/www.facebook.com\/wwwjucariero","article_modified_time":"2022-10-18T08:03:43+00:00","og_image":[{"width":833,"height":800,"url":"https:\/\/business.roovi.com\/wp-content\/uploads\/2021\/12\/789333_ansamblu_dimensiuni_cutie_cm-833x800.png","type":"image\/png"}],"twitter_misc":{"Gesch\u00e4tzte Lesezeit":"3\u00a0Minuten"},"schema":{"@context":"https:\/\/schema.org","@graph":[{"@type":"WebPage","@id":"https:\/\/business.roovi.com\/de\/groos-zselyke-1000-teile-puzzle-fur-erwachsene-paris\/p\/","url":"https:\/\/business.roovi.com\/de\/groos-zselyke-1000-teile-puzzle-fur-erwachsene-paris\/p\/","name":"Groos Zselyke 1000 Teile Puzzle f\u00fcr Erwachsene - Paris","isPartOf":{"@id":"https:\/\/business.roovi.com\/de\/#website"},"datePublished":"2021-12-17T14:27:12+00:00","dateModified":"2022-10-18T08:03:43+00:00","description":"Groos Zselyke 1000 Teile Puzzle f\u00fcr Erwachsene - Paris","breadcrumb":{"@id":"https:\/\/business.roovi.com\/de\/groos-zselyke-1000-teile-puzzle-fur-erwachsene-paris\/p\/#breadcrumb"},"inLanguage":"de","potentialAction":[{"@type":"ReadAction","target":["https:\/\/business.roovi.com\/de\/groos-zselyke-1000-teile-puzzle-fur-erwachsene-paris\/p\/"]}]},{"@type":"BreadcrumbList","@id":"https:\/\/business.roovi.com\/de\/groos-zselyke-1000-teile-puzzle-fur-erwachsene-paris\/p\/#breadcrumb","itemListElement":[{"@type":"ListItem","position":1,"name":"Home","item":"https:\/\/business.roovi.com\/de\/"},{"@type":"ListItem","position":2,"name":"Shop","item":"https:\/\/business.roovi.com\/de\/shop\/"},{"@type":"ListItem","position":3,"name":"Groos Zselyke 1000 Teile Puzzle f\u00fcr Erwachsene &#8211; Paris"}]},{"@type":"WebSite","@id":"https:\/\/business.roovi.com\/de\/#website","url":"https:\/\/business.roovi.com\/de\/","name":"Roovi B2B","description":"Roovi Business Website","potentialAction":[{"@type":"SearchAction","target":{"@type":"EntryPoint","urlTemplate":"https:\/\/business.roovi.com\/de\/?s={search_term_string}"},"query-input":"required name=search_term_string"}],"inLanguage":"de"}]}},"_links":{"self":[{"href":"https:\/\/business.roovi.com\/de\/wp-json\/wp\/v2\/product\/40671","targetHints":{"allow":["GET"]}}],"collection":[{"href":"https:\/\/business.roovi.com\/de\/wp-json\/wp\/v2\/product"}],"about":[{"href":"https:\/\/business.roovi.com\/de\/wp-json\/wp\/v2\/types\/product"}],"version-history":[{"count":0,"href":"https:\/\/business.roovi.com\/de\/wp-json\/wp\/v2\/product\/40671\/revisions"}],"wp:featuredmedia":[{"embeddable":true,"href":"https:\/\/business.roovi.com\/de\/wp-json\/wp\/v2\/media\/47974"}],"wp:attachment":[{"href":"https:\/\/business.roovi.com\/de\/wp-json\/wp\/v2\/media?parent=40671"}],"wp:term":[{"taxonomy":"product_brand","embeddable":true,"href":"https:\/\/business.roovi.com\/de\/wp-json\/wp\/v2\/product_brand?post=40671"},{"taxonomy":"product_cat","embeddable":true,"href":"https:\/\/business.roovi.com\/de\/wp-json\/wp\/v2\/product_cat?post=40671"},{"taxonomy":"product_tag","embeddable":true,"href":"https:\/\/business.roovi.com\/de\/wp-json\/wp\/v2\/product_tag?post=40671"}],"curies":[{"name":"wp","href":"https:\/\/api.w.org\/{rel}","templated":true}]}}