{"id":40719,"date":"2021-12-17T11:31:58","date_gmt":"2021-12-17T11:31:58","guid":{"rendered":"https:\/\/business.roovi.com\/colectie-65-jocuri-pentru-copii\/p\/"},"modified":"2022-07-06T15:39:27","modified_gmt":"2022-07-06T15:39:27","slug":"sammlung-65-kinderspiele","status":"publish","type":"product","link":"https:\/\/business.roovi.com\/de\/sammlung-65-kinderspiele\/p\/","title":{"rendered":"Sammlung 65 Kinderspiele"},"content":{"rendered":"<p><strong><em>Willst du dein Kind so lange wie m\u00f6glich von Bildschirmen fernhalten? Entdecke die 65. Kollektion von Brettspielen f\u00fcr Kinder und gib ihnen die M\u00f6glichkeit, die Welt mit beliebten Figuren aus klassischen M\u00e4rchen zu erkunden.<\/em><\/strong><\/p>\n<p><span style=\"font-weight: 400\">Spiel Oh, Pardon! Navigiere mit dem gestiefelten Kater sicher durch das Labyrinth mit Rotk\u00e4ppchen oder finde deinen Weg nach Hause, indem du mit H\u00e4nsel und Gretel den verlorenen Pfad gehst. Die 65 Kinder-Brettspiel-Kollektion ist eine einzigartige Gelegenheit, zeitlose Geschichten auf interaktive Weise mit deiner Familie oder deinen besten Freunden zu entdecken.<\/span><\/p>\n<p><span style=\"font-weight: 400\">Mach dich bereit f\u00fcr einen unvergesslichen Spa\u00df! Auf deiner Geburtstagsparty oder an den tr\u00fcben Tagen, an denen dich das schlechte Wetter drinnen h\u00e4lt, hast du jetzt 65 M\u00f6glichkeiten in Form von dynamischen und lustigen Brettspielen zu entdecken <\/span><\/p>\n<p><span style=\"font-weight: 400\">Es ist unm\u00f6glich, sich mit den M\u00e4rchenfiguren zu langweilen, die zum Leben erwachen und mit dir an m\u00e4rchenhaften Wettbewerben teilnehmen, aus denen du als Sieger hervorgehst, wenn du die richtige Strategie anwendest. Eine einzigartige Sammlung mit vielen faszinierenden Spielen, die die Atmosph\u00e4re auflockern und starke Verbindungen zwischen den Teilnehmern schaffen.<\/span><\/p>\n<p><strong>Warum solltest du dich f\u00fcr die 65 Games for Kids Collection entscheiden?<\/strong><\/p>\n<p><span style=\"font-weight: 400\">Es ist ein komplexes Set mit einer Vielzahl von Spielvariationen, die die Kleinen lange Zeit besch\u00e4ftigen werden.<\/span><\/p>\n<p><span style=\"font-weight: 400\">Enth\u00e4lt 4 doppelseitige Spielbretter aus dickem, sehr haltbarem Karton f\u00fcr viele Stunden echten Spielspa\u00df.<\/span><\/p>\n<p><span style=\"font-weight: 400\">Brettspiele f\u00f6rdern die Sprachentwicklung, die Aufmerksamkeit und die Konzentrationsf\u00e4higkeit von Kindern.<\/span><\/p>\n<p><span style=\"font-weight: 400\">Es kann ein lustiger Weg sein, die Welt der Geschichten neu zu entdecken oder sich mit ihnen vertraut zu machen.<\/span><\/p>\n<p><span style=\"font-weight: 400\">In jedem Spiel versucht das Kind, die Oberhand zu gewinnen und entwickelt so einen Wettbewerbsgeist.<\/span><\/p>\n<p><span style=\"font-weight: 400\">Sie ist eine unersch\u00f6pfliche Quelle f\u00fcr Spa\u00df und gute Laune.<\/span><\/p>\n<p><span style=\"font-weight: 400\">Das ist eine gesunde Alternative zu Computerspielen, die die Kleinen m\u00fcde und launisch machen.<\/span><\/p>\n<p><span style=\"font-weight: 400\">All diese Brettspiele ermutigen junge Kinder dazu, im Team zu arbeiten und den Geschmack des Sieges mit ihren Partnern zu genie\u00dfen <\/span><\/p>\n<p><strong>Wusstest du, dass Brettspiele f\u00fcr Kinder..<\/strong><\/p>\n<ul>\n<li><span style=\"font-weight: 400\">Sie helfen Kindern zu lernen, Regeln einzuhalten und sich an neue Situationen anzupassen.<\/span><\/li>\n<li><span style=\"font-weight: 400\">Es st\u00e4rkt das Selbstwertgef\u00fchl und lehrt die Kinder, dass es in Ordnung ist, zu verlieren, denn der Zweck des Spiels ist es, Spa\u00df zu haben und Kontakte zu kn\u00fcpfen.<\/span><\/li>\n<li><span style=\"font-weight: 400\">Entwickelt logisches Denken und die F\u00e4higkeit, zu planen und sich innovative Strategien auszudenken, um den Gegnern einen Schritt voraus zu sein.<\/span><\/li>\n<li><span style=\"font-weight: 400\">Es hilft Kindern, selbstbewusster zu werden und \u00f6ffentlich zu sprechen.<\/span><\/li>\n<\/ul>\n<p><strong>Beginne den Spa\u00df und erlebe faszinierende Abenteuer mit deinen Lieblingscharakteren!<\/strong><\/p>\n<p><span style=\"font-weight: 400\">Empfohlenes Alter: 4+<\/span><\/p>\n<p><span style=\"font-weight: 400\">Spiel f\u00fcr 2-4 Spieler.<\/span><\/p>\n<p><span style=\"font-weight: 400\">Enth\u00e4lt: 4 Spielbretter, 16 Spielsteine, 1 W\u00fcrfel, 8 rote quadratische Figuren und 16 runde Sternfiguren, Spielanleitung.<\/span><\/p>\n<p><span style=\"font-weight: 400\">Nicht empfohlen f\u00fcr Kinder unter 3 Jahren.<\/span><\/p>\n","protected":false},"excerpt":{"rendered":"<p>Willst du dein Kind so lange wie m\u00f6glich von Bildschirmen fernhalten? Entdecke die 65. Kollektion von Brettspielen f\u00fcr Kinder und<\/p>\n","protected":false},"featured_media":48074,"template":"","meta":[],"product_brand":[],"product_cat":[1853,1855,1888,1887],"product_tag":[],"class_list":{"0":"post-40719","1":"product","2":"type-product","3":"status-publish","4":"has-post-thumbnail","6":"product_cat-brettspiele","7":"product_cat-familienspiele","8":"product_cat-klassische-spiele","9":"product_cat-rumanische-spiele","10":"pa_brand-deico-de","11":"pa_country_of_manufacture-ro-de","12":"pa_filter_age-3_5-de","13":"pa_filter_age-5_7-de","14":"pa_filter_age-7_9-de","15":"pa_tip_ambalaj-kasten-a4-de","17":"first","18":"instock","19":"taxable","20":"shipping-taxable","21":"product-type-simple"},"yoast_head":"<!-- This site is optimized with the Yoast SEO plugin v20.1 - https:\/\/yoast.com\/wordpress\/plugins\/seo\/ -->\n<title>Sammlung 65 Kinderspiele<\/title>\n<meta name=\"description\" content=\"Sammlung 65 Kinderspiele\" \/>\n<meta name=\"robots\" content=\"index, follow, max-snippet:-1, max-image-preview:large, max-video-preview:-1\" \/>\n<link rel=\"canonical\" href=\"https:\/\/business.roovi.com\/de\/sammlung-65-kinderspiele\/p\/\" \/>\n<meta property=\"og:locale\" content=\"de_DE\" \/>\n<meta property=\"og:type\" content=\"article\" \/>\n<meta property=\"og:title\" content=\"Sammlung 65 Kinderspiele\" \/>\n<meta property=\"og:description\" content=\"Sammlung 65 Kinderspiele\" \/>\n<meta property=\"og:url\" content=\"https:\/\/business.roovi.com\/de\/sammlung-65-kinderspiele\/p\/\" \/>\n<meta property=\"og:site_name\" content=\"Roovi B2B\" \/>\n<meta property=\"article:publisher\" content=\"https:\/\/www.facebook.com\/wwwjucariero\" \/>\n<meta property=\"article:modified_time\" content=\"2022-07-06T15:39:27+00:00\" \/>\n<meta property=\"og:image\" content=\"https:\/\/business.roovi.com\/wp-content\/uploads\/2021\/12\/colectie_65_basme-65254.jpg\" \/>\n\t<meta property=\"og:image:width\" content=\"1000\" \/>\n\t<meta property=\"og:image:height\" content=\"1000\" \/>\n\t<meta property=\"og:image:type\" content=\"image\/jpeg\" \/>\n<meta name=\"twitter:label1\" content=\"Gesch\u00e4tzte Lesezeit\" \/>\n\t<meta name=\"twitter:data1\" content=\"2\u00a0Minuten\" \/>\n<script type=\"application\/ld+json\" class=\"yoast-schema-graph\">{\"@context\":\"https:\/\/schema.org\",\"@graph\":[{\"@type\":\"WebPage\",\"@id\":\"https:\/\/business.roovi.com\/de\/sammlung-65-kinderspiele\/p\/\",\"url\":\"https:\/\/business.roovi.com\/de\/sammlung-65-kinderspiele\/p\/\",\"name\":\"Sammlung 65 Kinderspiele\",\"isPartOf\":{\"@id\":\"https:\/\/business.roovi.com\/de\/#website\"},\"datePublished\":\"2021-12-17T11:31:58+00:00\",\"dateModified\":\"2022-07-06T15:39:27+00:00\",\"description\":\"Sammlung 65 Kinderspiele\",\"breadcrumb\":{\"@id\":\"https:\/\/business.roovi.com\/de\/sammlung-65-kinderspiele\/p\/#breadcrumb\"},\"inLanguage\":\"de\",\"potentialAction\":[{\"@type\":\"ReadAction\",\"target\":[\"https:\/\/business.roovi.com\/de\/sammlung-65-kinderspiele\/p\/\"]}]},{\"@type\":\"BreadcrumbList\",\"@id\":\"https:\/\/business.roovi.com\/de\/sammlung-65-kinderspiele\/p\/#breadcrumb\",\"itemListElement\":[{\"@type\":\"ListItem\",\"position\":1,\"name\":\"Home\",\"item\":\"https:\/\/business.roovi.com\/de\/\"},{\"@type\":\"ListItem\",\"position\":2,\"name\":\"Shop\",\"item\":\"https:\/\/business.roovi.com\/de\/shop\/\"},{\"@type\":\"ListItem\",\"position\":3,\"name\":\"Sammlung 65 Kinderspiele\"}]},{\"@type\":\"WebSite\",\"@id\":\"https:\/\/business.roovi.com\/de\/#website\",\"url\":\"https:\/\/business.roovi.com\/de\/\",\"name\":\"Roovi B2B\",\"description\":\"Roovi Business Website\",\"potentialAction\":[{\"@type\":\"SearchAction\",\"target\":{\"@type\":\"EntryPoint\",\"urlTemplate\":\"https:\/\/business.roovi.com\/de\/?s={search_term_string}\"},\"query-input\":\"required name=search_term_string\"}],\"inLanguage\":\"de\"}]}<\/script>\n<!-- \/ Yoast SEO plugin. -->","yoast_head_json":{"title":"Sammlung 65 Kinderspiele","description":"Sammlung 65 Kinderspiele","robots":{"index":"index","follow":"follow","max-snippet":"max-snippet:-1","max-image-preview":"max-image-preview:large","max-video-preview":"max-video-preview:-1"},"canonical":"https:\/\/business.roovi.com\/de\/sammlung-65-kinderspiele\/p\/","og_locale":"de_DE","og_type":"article","og_title":"Sammlung 65 Kinderspiele","og_description":"Sammlung 65 Kinderspiele","og_url":"https:\/\/business.roovi.com\/de\/sammlung-65-kinderspiele\/p\/","og_site_name":"Roovi B2B","article_publisher":"https:\/\/www.facebook.com\/wwwjucariero","article_modified_time":"2022-07-06T15:39:27+00:00","og_image":[{"width":1000,"height":1000,"url":"https:\/\/business.roovi.com\/wp-content\/uploads\/2021\/12\/colectie_65_basme-65254.jpg","type":"image\/jpeg"}],"twitter_misc":{"Gesch\u00e4tzte Lesezeit":"2\u00a0Minuten"},"schema":{"@context":"https:\/\/schema.org","@graph":[{"@type":"WebPage","@id":"https:\/\/business.roovi.com\/de\/sammlung-65-kinderspiele\/p\/","url":"https:\/\/business.roovi.com\/de\/sammlung-65-kinderspiele\/p\/","name":"Sammlung 65 Kinderspiele","isPartOf":{"@id":"https:\/\/business.roovi.com\/de\/#website"},"datePublished":"2021-12-17T11:31:58+00:00","dateModified":"2022-07-06T15:39:27+00:00","description":"Sammlung 65 Kinderspiele","breadcrumb":{"@id":"https:\/\/business.roovi.com\/de\/sammlung-65-kinderspiele\/p\/#breadcrumb"},"inLanguage":"de","potentialAction":[{"@type":"ReadAction","target":["https:\/\/business.roovi.com\/de\/sammlung-65-kinderspiele\/p\/"]}]},{"@type":"BreadcrumbList","@id":"https:\/\/business.roovi.com\/de\/sammlung-65-kinderspiele\/p\/#breadcrumb","itemListElement":[{"@type":"ListItem","position":1,"name":"Home","item":"https:\/\/business.roovi.com\/de\/"},{"@type":"ListItem","position":2,"name":"Shop","item":"https:\/\/business.roovi.com\/de\/shop\/"},{"@type":"ListItem","position":3,"name":"Sammlung 65 Kinderspiele"}]},{"@type":"WebSite","@id":"https:\/\/business.roovi.com\/de\/#website","url":"https:\/\/business.roovi.com\/de\/","name":"Roovi B2B","description":"Roovi Business Website","potentialAction":[{"@type":"SearchAction","target":{"@type":"EntryPoint","urlTemplate":"https:\/\/business.roovi.com\/de\/?s={search_term_string}"},"query-input":"required name=search_term_string"}],"inLanguage":"de"}]}},"_links":{"self":[{"href":"https:\/\/business.roovi.com\/de\/wp-json\/wp\/v2\/product\/40719","targetHints":{"allow":["GET"]}}],"collection":[{"href":"https:\/\/business.roovi.com\/de\/wp-json\/wp\/v2\/product"}],"about":[{"href":"https:\/\/business.roovi.com\/de\/wp-json\/wp\/v2\/types\/product"}],"version-history":[{"count":0,"href":"https:\/\/business.roovi.com\/de\/wp-json\/wp\/v2\/product\/40719\/revisions"}],"wp:featuredmedia":[{"embeddable":true,"href":"https:\/\/business.roovi.com\/de\/wp-json\/wp\/v2\/media\/48074"}],"wp:attachment":[{"href":"https:\/\/business.roovi.com\/de\/wp-json\/wp\/v2\/media?parent=40719"}],"wp:term":[{"taxonomy":"product_brand","embeddable":true,"href":"https:\/\/business.roovi.com\/de\/wp-json\/wp\/v2\/product_brand?post=40719"},{"taxonomy":"product_cat","embeddable":true,"href":"https:\/\/business.roovi.com\/de\/wp-json\/wp\/v2\/product_cat?post=40719"},{"taxonomy":"product_tag","embeddable":true,"href":"https:\/\/business.roovi.com\/de\/wp-json\/wp\/v2\/product_tag?post=40719"}],"curies":[{"name":"wp","href":"https:\/\/api.w.org\/{rel}","templated":true}]}}