{"id":40763,"date":"2021-12-14T14:48:20","date_gmt":"2021-12-14T14:48:20","guid":{"rendered":"https:\/\/business.roovi.com\/puzzle-adulti-1000-piese-vintage-carpet\/p\/"},"modified":"2022-07-06T15:44:18","modified_gmt":"2022-07-06T15:44:18","slug":"vintage-carpet-1000-teile-puzzle-fur-erwachsene","status":"publish","type":"product","link":"https:\/\/business.roovi.com\/de\/vintage-carpet-1000-teile-puzzle-fur-erwachsene\/p\/","title":{"rendered":"Vintage Carpet 1000 Teile Puzzle f\u00fcr Erwachsene"},"content":{"rendered":"<p><span style=\"font-weight: 400\">Bist du bereit f\u00fcr die gro\u00dfe Puzzlespiel-Herausforderung? Zeige dein ganzes K\u00f6nnen und deine Liebe zum Detail und webe aus 1000 Teilen ein kunstvolles Bild eines Perserteppichs <\/span><\/p>\n<p><span style=\"font-weight: 400\">Das 1000-teilige Vintage Carpet Puzzle ist eine \u00dcbung, die deine Konzentration, deine Geduld und dein Ged\u00e4chtnis stark beansprucht. Wenn du ein Puzzle-Liebhaber und eine akribische Natur bist, passt dieses 1000-Teile-Puzzle genau zu dir.<\/span><\/p>\n<p><span style=\"font-weight: 400\">Wenn du Vintage-Kunst magst, ist das auch eine gute Gelegenheit, dein eigenes k\u00fcnstlerisches Meisterwerk zu schaffen, das es wert ist, eingerahmt zu werden. Die Kunst der persischen Teppiche war schon in der Antike ber\u00fchmt, und die komplizierten Muster wurden \u00fcber einen langen Zeitraum hinweg geduldig von Hand gefertigt, weil die Menschen keinen Geschwindigkeitsdruck versp\u00fcrten.<\/span><\/p>\n<p><span style=\"font-weight: 400\">Mit dem 1000-teiligen Vintage-Teppichpuzzle entdeckst du die Freude an einfachen Dingen wieder und genie\u00dft den gem\u00e4chlichen Lauf der Zeit. Setz dich gem\u00fctlich vor den Couchtisch im Wohnzimmer &#8211; er ist ideal, um die Teile zu halten und das Bild des 1000-Puzzles nachzubearbeiten &#8211; und webe in aller Ruhe die Teppichgarne.<\/span><\/p>\n<p><strong>Warum solltest du dich f\u00fcr das 1000-Teile-Puzzle Vintage Carpet entscheiden?<\/strong><\/p>\n<p><span style=\"font-weight: 400\">Du bekommst ein 50 x 70 cm gro\u00dfes Bild mit beeindruckenden Details eines meisterhaft gefertigten Perserteppichs.<\/span><\/p>\n<p><span style=\"font-weight: 400\">Er ist aus hochwertigem Karton gefertigt, was ihm eine lange Lebensdauer verleiht.<\/span><\/p>\n<p><span style=\"font-weight: 400\">Die halbgl\u00e4nzende Oberfl\u00e4che und die lebendigen Farben bringen die Sch\u00f6nheit des Bildes zur Geltung.<\/span><\/p>\n<p><span style=\"font-weight: 400\">Die Materialien, aus denen es hergestellt ist, sch\u00fctzen die Natur und es ist ein nachhaltiges, recycelbares Produkt.<\/span><\/p>\n<p><span style=\"font-weight: 400\">Es ist f\u00fcr Menschen ab 14 Jahren geeignet, eine Gelegenheit, es mit deinen Kindern im Teenageralter zusammenzubauen und mit ihnen Freizeit zu verbringen.<\/span><\/p>\n<p><span style=\"font-weight: 400\">Puzzlespiele sind eine gute M\u00f6glichkeit, verschiedene F\u00e4higkeiten zu entwickeln:<\/span><\/p>\n<ul>\n<li><span style=\"font-weight: 400\">Konzentrationsf\u00e4higkeit<\/span><\/li>\n<li><span style=\"font-weight: 400\">Beharrlichkeit<\/span><\/li>\n<li><span style=\"font-weight: 400\">Logisches Denken <\/span><\/li>\n<li><span style=\"font-weight: 400\">Speicher <\/span><\/li>\n<li><span style=\"font-weight: 400\">Skill<\/span><\/li>\n<li><span style=\"font-weight: 400\">Feinmotorische F\u00e4higkeiten.<\/span><\/li>\n<\/ul>\n<p><strong>Wusstest du, dass&#8230;?<\/strong><\/p>\n<p><span style=\"font-weight: 400\">Persische Teppiche gehen auf die Bronzezeit zur\u00fcck und sind Teil der iranischen Kultur.<\/span><\/p>\n<p><span style=\"font-weight: 400\">Der \u00e4lteste erhaltene Teppich der Welt stammt aus dem 5. Jahrhundert v. Chr. und wurde 1940 in S\u00fcdsibirien entdeckt.<\/span><\/p>\n<p><span style=\"font-weight: 400\">Einer der teuersten Teppiche der Welt wurde 2008 f\u00fcr 4,5 Millionen Dollar verkauft. Es ist ein Seidenteppich <\/span><span style=\"font-weight: 400\">Isfahan-Teppich aus der Zeit um 1600.<\/span><\/p>\n<p><span style=\"font-weight: 400\">Der l\u00e4ngste Teppich der Welt hat eine unglaubliche Fl\u00e4che von 4.625 Quadratmetern. Es ist der Qasr al-Alam Teppich, der 2007 ebenfalls im Iran hergestellt wurde. 1200 Frauen haben 16 Monate f\u00fcr die Herstellung gebraucht <\/span><\/p>\n<p><strong>Vintage Carpet 1000 pieces puzzle &#8211; Momente der Besinnung und Entspannung<\/strong><\/p>\n<p><span style=\"font-weight: 400\">Suchst du nach Momenten der Ruhe und Entspannung, um dich von der Hektik des Lebens zu erholen? Das 1000-teilige Vintage Carpet Puzzle trainiert deinen Geist und lenkt deine Gedanken auf die Sch\u00f6pfung. Genau wie bei einer tiefen Meditation.<\/span><\/p>\n<p><span style=\"font-weight: 400\">Du konzentrierst dich intensiv und begibst dich in einen Zustand der tiefen Entspannung. Die tausenden von Gedanken, die deinen Geist belasten, verschwinden und deine ganze Aufmerksamkeit konzentriert sich auf eine Aufgabe, n\u00e4mlich die 1000 Teile in die richtige Reihenfolge zu bringen. Wenn du das letzte St\u00fcck zusammengeklebt hast, ist das einzigartige Gef\u00fchl der Zufriedenheit, das dich umgibt, unbezahlbar. Durch deine eigenen Bem\u00fchungen hast du ein faszinierendes Bild geschaffen.<\/span><\/p>\n<p><span style=\"font-weight: 400\">Du kannst das 1000-teilige Vintage-Teppichpuzzle bei dir zu Hause aufbewahren, um es immer wieder neu zu erstellen, wenn du diesen Zustand der v\u00f6lligen Entspannung erleben m\u00f6chtest. Du kannst es auch einrahmen und sp\u00e4ter andere tolle Designs aus der Vintage-Puzzle-Kollektion ausprobieren.<\/span><\/p>\n<p><span style=\"font-weight: 400\">Das 1000-Teile-Puzzle kann auch ein einzigartiges Geschenk sein, wenn du einen akribischen Freund, der leidenschaftlich gerne puzzelt, angenehm \u00fcberraschen willst.<\/span><\/p><\/p>\n","protected":false},"excerpt":{"rendered":"<p>Bist du bereit f\u00fcr die gro\u00dfe Puzzlespiel-Herausforderung? Zeige dein ganzes K\u00f6nnen und deine Liebe zum Detail und webe aus 1000<\/p>\n","protected":false},"featured_media":48172,"template":"","meta":[],"product_brand":[],"product_cat":[1916,1875,1915],"product_tag":[],"class_list":{"0":"post-40763","1":"product","2":"type-product","3":"status-publish","4":"has-post-thumbnail","6":"product_cat-1000-teile-puzzle","7":"product_cat-puzzle-de","8":"product_cat-puzzlespiele-fur-erwachsene","9":"pa_brand-d_toys-de","10":"pa_country_of_manufacture-ro-de","11":"pa_filter_age-14-de","12":"pa_painter-vintage-de","13":"pa_tip_ambalaj-kasten-a4-de","14":"pa_tip_puzzle-klassisch","16":"first","17":"instock","18":"taxable","19":"shipping-taxable","20":"product-type-simple"},"yoast_head":"<!-- This site is optimized with the Yoast SEO plugin v20.1 - https:\/\/yoast.com\/wordpress\/plugins\/seo\/ -->\n<title>Vintage Carpet 1000 Teile Puzzle f\u00fcr Erwachsene<\/title>\n<meta name=\"description\" content=\"Vintage Carpet 1000 Teile Puzzle f\u00fcr Erwachsene\" \/>\n<meta name=\"robots\" content=\"index, follow, max-snippet:-1, max-image-preview:large, max-video-preview:-1\" \/>\n<link rel=\"canonical\" href=\"https:\/\/business.roovi.com\/de\/vintage-carpet-1000-teile-puzzle-fur-erwachsene\/p\/\" \/>\n<meta property=\"og:locale\" content=\"de_DE\" \/>\n<meta property=\"og:type\" content=\"article\" \/>\n<meta property=\"og:title\" content=\"Vintage Carpet 1000 Teile Puzzle f\u00fcr Erwachsene\" \/>\n<meta property=\"og:description\" content=\"Vintage Carpet 1000 Teile Puzzle f\u00fcr Erwachsene\" \/>\n<meta property=\"og:url\" content=\"https:\/\/business.roovi.com\/de\/vintage-carpet-1000-teile-puzzle-fur-erwachsene\/p\/\" \/>\n<meta property=\"og:site_name\" content=\"Roovi B2B\" \/>\n<meta property=\"article:publisher\" content=\"https:\/\/www.facebook.com\/wwwjucariero\" \/>\n<meta property=\"article:modified_time\" content=\"2022-07-06T15:44:18+00:00\" \/>\n<meta property=\"og:image\" content=\"https:\/\/business.roovi.com\/wp-content\/uploads\/2021\/12\/76908-01_ansamblu_dimensiuni_cutie_cm_orizontal_1200x1200.png\" \/>\n\t<meta property=\"og:image:width\" content=\"1200\" \/>\n\t<meta property=\"og:image:height\" content=\"1200\" \/>\n\t<meta property=\"og:image:type\" content=\"image\/png\" \/>\n<meta name=\"twitter:label1\" content=\"Gesch\u00e4tzte Lesezeit\" \/>\n\t<meta name=\"twitter:data1\" content=\"3\u00a0Minuten\" \/>\n<script type=\"application\/ld+json\" class=\"yoast-schema-graph\">{\"@context\":\"https:\/\/schema.org\",\"@graph\":[{\"@type\":\"WebPage\",\"@id\":\"https:\/\/business.roovi.com\/de\/vintage-carpet-1000-teile-puzzle-fur-erwachsene\/p\/\",\"url\":\"https:\/\/business.roovi.com\/de\/vintage-carpet-1000-teile-puzzle-fur-erwachsene\/p\/\",\"name\":\"Vintage Carpet 1000 Teile Puzzle f\u00fcr Erwachsene\",\"isPartOf\":{\"@id\":\"https:\/\/business.roovi.com\/de\/#website\"},\"datePublished\":\"2021-12-14T14:48:20+00:00\",\"dateModified\":\"2022-07-06T15:44:18+00:00\",\"description\":\"Vintage Carpet 1000 Teile Puzzle f\u00fcr Erwachsene\",\"breadcrumb\":{\"@id\":\"https:\/\/business.roovi.com\/de\/vintage-carpet-1000-teile-puzzle-fur-erwachsene\/p\/#breadcrumb\"},\"inLanguage\":\"de\",\"potentialAction\":[{\"@type\":\"ReadAction\",\"target\":[\"https:\/\/business.roovi.com\/de\/vintage-carpet-1000-teile-puzzle-fur-erwachsene\/p\/\"]}]},{\"@type\":\"BreadcrumbList\",\"@id\":\"https:\/\/business.roovi.com\/de\/vintage-carpet-1000-teile-puzzle-fur-erwachsene\/p\/#breadcrumb\",\"itemListElement\":[{\"@type\":\"ListItem\",\"position\":1,\"name\":\"Home\",\"item\":\"https:\/\/business.roovi.com\/de\/\"},{\"@type\":\"ListItem\",\"position\":2,\"name\":\"Shop\",\"item\":\"https:\/\/business.roovi.com\/de\/shop\/\"},{\"@type\":\"ListItem\",\"position\":3,\"name\":\"Vintage Carpet 1000 Teile Puzzle f\u00fcr Erwachsene\"}]},{\"@type\":\"WebSite\",\"@id\":\"https:\/\/business.roovi.com\/de\/#website\",\"url\":\"https:\/\/business.roovi.com\/de\/\",\"name\":\"Roovi B2B\",\"description\":\"Roovi Business Website\",\"potentialAction\":[{\"@type\":\"SearchAction\",\"target\":{\"@type\":\"EntryPoint\",\"urlTemplate\":\"https:\/\/business.roovi.com\/de\/?s={search_term_string}\"},\"query-input\":\"required name=search_term_string\"}],\"inLanguage\":\"de\"}]}<\/script>\n<!-- \/ Yoast SEO plugin. -->","yoast_head_json":{"title":"Vintage Carpet 1000 Teile Puzzle f\u00fcr Erwachsene","description":"Vintage Carpet 1000 Teile Puzzle f\u00fcr Erwachsene","robots":{"index":"index","follow":"follow","max-snippet":"max-snippet:-1","max-image-preview":"max-image-preview:large","max-video-preview":"max-video-preview:-1"},"canonical":"https:\/\/business.roovi.com\/de\/vintage-carpet-1000-teile-puzzle-fur-erwachsene\/p\/","og_locale":"de_DE","og_type":"article","og_title":"Vintage Carpet 1000 Teile Puzzle f\u00fcr Erwachsene","og_description":"Vintage Carpet 1000 Teile Puzzle f\u00fcr Erwachsene","og_url":"https:\/\/business.roovi.com\/de\/vintage-carpet-1000-teile-puzzle-fur-erwachsene\/p\/","og_site_name":"Roovi B2B","article_publisher":"https:\/\/www.facebook.com\/wwwjucariero","article_modified_time":"2022-07-06T15:44:18+00:00","og_image":[{"width":1200,"height":1200,"url":"https:\/\/business.roovi.com\/wp-content\/uploads\/2021\/12\/76908-01_ansamblu_dimensiuni_cutie_cm_orizontal_1200x1200.png","type":"image\/png"}],"twitter_misc":{"Gesch\u00e4tzte Lesezeit":"3\u00a0Minuten"},"schema":{"@context":"https:\/\/schema.org","@graph":[{"@type":"WebPage","@id":"https:\/\/business.roovi.com\/de\/vintage-carpet-1000-teile-puzzle-fur-erwachsene\/p\/","url":"https:\/\/business.roovi.com\/de\/vintage-carpet-1000-teile-puzzle-fur-erwachsene\/p\/","name":"Vintage Carpet 1000 Teile Puzzle f\u00fcr Erwachsene","isPartOf":{"@id":"https:\/\/business.roovi.com\/de\/#website"},"datePublished":"2021-12-14T14:48:20+00:00","dateModified":"2022-07-06T15:44:18+00:00","description":"Vintage Carpet 1000 Teile Puzzle f\u00fcr Erwachsene","breadcrumb":{"@id":"https:\/\/business.roovi.com\/de\/vintage-carpet-1000-teile-puzzle-fur-erwachsene\/p\/#breadcrumb"},"inLanguage":"de","potentialAction":[{"@type":"ReadAction","target":["https:\/\/business.roovi.com\/de\/vintage-carpet-1000-teile-puzzle-fur-erwachsene\/p\/"]}]},{"@type":"BreadcrumbList","@id":"https:\/\/business.roovi.com\/de\/vintage-carpet-1000-teile-puzzle-fur-erwachsene\/p\/#breadcrumb","itemListElement":[{"@type":"ListItem","position":1,"name":"Home","item":"https:\/\/business.roovi.com\/de\/"},{"@type":"ListItem","position":2,"name":"Shop","item":"https:\/\/business.roovi.com\/de\/shop\/"},{"@type":"ListItem","position":3,"name":"Vintage Carpet 1000 Teile Puzzle f\u00fcr Erwachsene"}]},{"@type":"WebSite","@id":"https:\/\/business.roovi.com\/de\/#website","url":"https:\/\/business.roovi.com\/de\/","name":"Roovi B2B","description":"Roovi Business Website","potentialAction":[{"@type":"SearchAction","target":{"@type":"EntryPoint","urlTemplate":"https:\/\/business.roovi.com\/de\/?s={search_term_string}"},"query-input":"required name=search_term_string"}],"inLanguage":"de"}]}},"_links":{"self":[{"href":"https:\/\/business.roovi.com\/de\/wp-json\/wp\/v2\/product\/40763","targetHints":{"allow":["GET"]}}],"collection":[{"href":"https:\/\/business.roovi.com\/de\/wp-json\/wp\/v2\/product"}],"about":[{"href":"https:\/\/business.roovi.com\/de\/wp-json\/wp\/v2\/types\/product"}],"version-history":[{"count":0,"href":"https:\/\/business.roovi.com\/de\/wp-json\/wp\/v2\/product\/40763\/revisions"}],"wp:featuredmedia":[{"embeddable":true,"href":"https:\/\/business.roovi.com\/de\/wp-json\/wp\/v2\/media\/48172"}],"wp:attachment":[{"href":"https:\/\/business.roovi.com\/de\/wp-json\/wp\/v2\/media?parent=40763"}],"wp:term":[{"taxonomy":"product_brand","embeddable":true,"href":"https:\/\/business.roovi.com\/de\/wp-json\/wp\/v2\/product_brand?post=40763"},{"taxonomy":"product_cat","embeddable":true,"href":"https:\/\/business.roovi.com\/de\/wp-json\/wp\/v2\/product_cat?post=40763"},{"taxonomy":"product_tag","embeddable":true,"href":"https:\/\/business.roovi.com\/de\/wp-json\/wp\/v2\/product_tag?post=40763"}],"curies":[{"name":"wp","href":"https:\/\/api.w.org\/{rel}","templated":true}]}}