{"id":40771,"date":"2021-12-14T14:39:28","date_gmt":"2021-12-14T14:39:28","guid":{"rendered":"https:\/\/business.roovi.com\/puzzle-adulti-1000-piese-kurti-andrea-catspisici\/p\/"},"modified":"2022-07-06T15:44:31","modified_gmt":"2022-07-06T15:44:31","slug":"kurti-andrea-1000-teile-puzzle-fur-erwachsene-cats-pisici","status":"publish","type":"product","link":"https:\/\/business.roovi.com\/de\/kurti-andrea-1000-teile-puzzle-fur-erwachsene-cats-pisici\/p\/","title":{"rendered":"K\u00fcrti Andrea 1000 Teile Puzzle f\u00fcr Erwachsene &#8211; Cats\/Pisici"},"content":{"rendered":"<p><span style=\"font-weight: 400\">Bist du bereit, dein 1000-Teile-Puzzle auf die n\u00e4chste Stufe zu bringen? Wir haben f\u00fcr dich erstaunliche Designs mit hohem Schwierigkeitsgrad und faszinierenden Herausforderungen <\/span><\/p>\n<p><span style=\"font-weight: 400\">Puzzle 1000 pieces &#8211; Cats bringt deine Leidenschaft f\u00fcr Puzzles auf die n\u00e4chste Stufe. Ein Puzzle mit hohem Schwierigkeitsgrad f\u00fcr Erwachsene mit einem originellen Design des K\u00fcnstlers Kurti Andrea wird deine eint\u00f6nigen Momente auflockern.<\/span><\/p>\n<p><span style=\"font-weight: 400\">Egal, ob du dein Puzzle auf die n\u00e4chste Stufe bringen oder einen puzzlebegeisterten Freund herausfordern willst, um seine F\u00e4higkeiten und seine Geduld zu trainieren, dieses 1000-Teile-Puzzle ist die perfekte Wahl.<\/span><\/p>\n<p><span style=\"font-weight: 400\">Das 1000 Piece Puzzle &#8211; Cats gibt dir die M\u00f6glichkeit, dich mit deiner Familie oder deinen Freunden zu verbinden. Organisiere R\u00e4tselabende mit deinen Liebsten und erlebe die Freude, Zeit miteinander zu verbringen. Rahme das entstandene Bild ein und bewahre die wertvolle Erinnerung in deinem Zuhause auf.<\/span><\/p>\n<p><strong>Warum 1000 St\u00fcck &#8211; Katzen?<\/strong><\/p>\n<p><span style=\"font-weight: 400\">Du bekommst ein 50 x 70 cm gro\u00dfes Bild, das du einrahmen und jeden Tag bewundern kannst.<\/span><\/p>\n<p><span style=\"font-weight: 400\">Es ist aus hochwertigem Material, blauem Premium-Karton, hergestellt und kann das perfekte Geschenk f\u00fcr 1000-Teile-Puzzle-Liebhaber sein.<\/span><\/p>\n<p><span style=\"font-weight: 400\">Sie ist naturfreundlich und langlebig, aus nachhaltigen, recycelbaren und langlebigen Materialien hergestellt.<\/span><\/p>\n<p><span style=\"font-weight: 400\">Es hat eine halbgl\u00e4nzende Oberfl\u00e4che und helle, sehr angenehme Farben.<\/span><\/p>\n<p><span style=\"font-weight: 400\">Es ist f\u00fcr Menschen ab 14 Jahren geeignet, sodass du auch Teenager an Puzzlespiele heranf\u00fchren kannst.<\/span><\/p>\n<p><strong>Wusstest du schon&#8230;?<\/strong><span style=\"font-weight: 400\"> <\/span><\/p>\n<p><span style=\"font-weight: 400\">Der K\u00f6rper einer Katze hat 244 Knochen. Zum Vergleich: Der menschliche K\u00f6rper hat 206 Knochen.<\/span><\/p>\n<p><span style=\"font-weight: 400\">Entgegen der g\u00e4ngigen Praxis sollten Katzen nicht mit Milch gef\u00fcttert werden, da die meisten Katzen laktoseintolerant sind.<\/span><\/p>\n<p><span style=\"font-weight: 400\">Katzen k\u00f6nnen aufgrund einer genetischen Mutation, die ihre Geschmacksrezeptoren beeintr\u00e4chtigt, keine S\u00fc\u00dfe schmecken.<\/span><\/p>\n<p><span style=\"font-weight: 400\">Die Nieren von Katzen k\u00f6nnen Salz aus dem Wasser filtern, deshalb k\u00f6nnen sie auch Wasser aus dem Meer trinken.<\/span><\/p>\n<p><span style=\"font-weight: 400\">Die l\u00e4ngste Katze der Welt lebte laut Guinness-Buch 38 Jahre lang, von 1967 bis 2005.<\/span><\/p>\n<p><span style=\"font-weight: 400\">1000 Teile Puzzle &#8211; Katzen und die F\u00e4higkeiten, die sie dir vermitteln:<\/span><\/p>\n<ul>\n<li><span style=\"font-weight: 400\">F\u00e4higkeit zur Konzentration<\/span><\/li>\n<li><span style=\"font-weight: 400\">Liebe zum Detail<\/span><\/li>\n<li><span style=\"font-weight: 400\">Beharrlichkeit<\/span><\/li>\n<li><span style=\"font-weight: 400\">Kurzzeitged\u00e4chtnis<\/span><\/li>\n<li><span style=\"font-weight: 400\">Logisches Denken.<\/span><\/li>\n<\/ul>\n<p><strong>1000 Teile Puzzle &#8211; Katzen helfen dir, kreativ und gl\u00fccklich zu sein<\/strong><\/p>\n<p><span style=\"font-weight: 400\">W\u00e4hle das 1000-teilige Puzzle mit Katzenmodellen und trainiere dein Gehirn in monotonen Momenten oder an Wochenenden, wenn die Sonne in den Wolken versteckt ist. Es hilft dir zu entspannen und entwickelt deine Kreativit\u00e4t.<\/span><\/p>\n<p><span style=\"font-weight: 400\">Versammlungsaktivit\u00e4ten haben die gleichen positiven Auswirkungen auf das Gehirn wie ein Training im Fitnessstudio auf den K\u00f6rper: Sie halten ihn gesund und aktiv.<\/span><\/p>\n<p><span style=\"font-weight: 400\">Au\u00dferdem hat man herausgefunden, dass das Gehirn mehr Dopamin aussch\u00fcttet, wenn eine Person Bilder aus Puzzlespielen zusammensetzt. Dies ist ein Neurotransmitter, der f\u00fcr Optimismus und Gl\u00fcck verantwortlich ist <\/span><\/p>\n<p><span style=\"font-weight: 400\">Du hast nur gute Gr\u00fcnde, dieses tolle Puzzle f\u00fcr Erwachsene zu kaufen. Das Produkt eignet sich auch, wenn du nach einem besonderen Geschenk f\u00fcr die Feiertage oder verschiedene Jubil\u00e4en suchst.<\/span><\/p><\/p>\n","protected":false},"excerpt":{"rendered":"<p>Bist du bereit, dein 1000-Teile-Puzzle auf die n\u00e4chste Stufe zu bringen? Wir haben f\u00fcr dich erstaunliche Designs mit hohem Schwierigkeitsgrad<\/p>\n","protected":false},"featured_media":48144,"template":"","meta":[],"product_brand":[],"product_cat":[1916,1875,1915],"product_tag":[],"class_list":{"0":"post-40771","1":"product","2":"type-product","3":"status-publish","4":"has-post-thumbnail","6":"product_cat-1000-teile-puzzle","7":"product_cat-puzzle-de","8":"product_cat-puzzlespiele-fur-erwachsene","9":"pa_brand-d_toys-de","10":"pa_country_of_manufacture-ro-de","11":"pa_filter_age-14-de","12":"pa_painter-kurtiandrea-de","13":"pa_tip_ambalaj-kasten-a4-de","14":"pa_tip_puzzle-klassisch","16":"first","17":"instock","18":"taxable","19":"shipping-taxable","20":"product-type-simple"},"yoast_head":"<!-- This site is optimized with the Yoast SEO plugin v20.1 - https:\/\/yoast.com\/wordpress\/plugins\/seo\/ -->\n<title>K\u00fcrti Andrea 1000 Teile Puzzle f\u00fcr Erwachsene - Cats\/Pisici<\/title>\n<meta name=\"description\" content=\"K\u00fcrti Andrea 1000 Teile Puzzle f\u00fcr Erwachsene - Cats\/Pisici\" \/>\n<meta name=\"robots\" content=\"index, follow, max-snippet:-1, max-image-preview:large, max-video-preview:-1\" \/>\n<link rel=\"canonical\" href=\"https:\/\/business.roovi.com\/de\/kurti-andrea-1000-teile-puzzle-fur-erwachsene-cats-pisici\/p\/\" \/>\n<meta property=\"og:locale\" content=\"de_DE\" \/>\n<meta property=\"og:type\" content=\"article\" \/>\n<meta property=\"og:title\" content=\"K\u00fcrti Andrea 1000 Teile Puzzle f\u00fcr Erwachsene - Cats\/Pisici\" \/>\n<meta property=\"og:description\" content=\"K\u00fcrti Andrea 1000 Teile Puzzle f\u00fcr Erwachsene - Cats\/Pisici\" \/>\n<meta property=\"og:url\" content=\"https:\/\/business.roovi.com\/de\/kurti-andrea-1000-teile-puzzle-fur-erwachsene-cats-pisici\/p\/\" \/>\n<meta property=\"og:site_name\" content=\"Roovi B2B\" \/>\n<meta property=\"article:publisher\" content=\"https:\/\/www.facebook.com\/wwwjucariero\" \/>\n<meta property=\"article:modified_time\" content=\"2022-07-06T15:44:31+00:00\" \/>\n<meta property=\"og:image\" content=\"https:\/\/business.roovi.com\/wp-content\/uploads\/2021\/12\/76847_ansamblu_dimensiuni_cutie_1200x1200.png\" \/>\n\t<meta property=\"og:image:width\" content=\"1200\" \/>\n\t<meta property=\"og:image:height\" content=\"1200\" \/>\n\t<meta property=\"og:image:type\" content=\"image\/png\" \/>\n<meta name=\"twitter:label1\" content=\"Gesch\u00e4tzte Lesezeit\" \/>\n\t<meta name=\"twitter:data1\" content=\"2\u00a0Minuten\" \/>\n<script type=\"application\/ld+json\" class=\"yoast-schema-graph\">{\"@context\":\"https:\/\/schema.org\",\"@graph\":[{\"@type\":\"WebPage\",\"@id\":\"https:\/\/business.roovi.com\/de\/kurti-andrea-1000-teile-puzzle-fur-erwachsene-cats-pisici\/p\/\",\"url\":\"https:\/\/business.roovi.com\/de\/kurti-andrea-1000-teile-puzzle-fur-erwachsene-cats-pisici\/p\/\",\"name\":\"K\u00fcrti Andrea 1000 Teile Puzzle f\u00fcr Erwachsene - Cats\/Pisici\",\"isPartOf\":{\"@id\":\"https:\/\/business.roovi.com\/de\/#website\"},\"datePublished\":\"2021-12-14T14:39:28+00:00\",\"dateModified\":\"2022-07-06T15:44:31+00:00\",\"description\":\"K\u00fcrti Andrea 1000 Teile Puzzle f\u00fcr Erwachsene - Cats\/Pisici\",\"breadcrumb\":{\"@id\":\"https:\/\/business.roovi.com\/de\/kurti-andrea-1000-teile-puzzle-fur-erwachsene-cats-pisici\/p\/#breadcrumb\"},\"inLanguage\":\"de\",\"potentialAction\":[{\"@type\":\"ReadAction\",\"target\":[\"https:\/\/business.roovi.com\/de\/kurti-andrea-1000-teile-puzzle-fur-erwachsene-cats-pisici\/p\/\"]}]},{\"@type\":\"BreadcrumbList\",\"@id\":\"https:\/\/business.roovi.com\/de\/kurti-andrea-1000-teile-puzzle-fur-erwachsene-cats-pisici\/p\/#breadcrumb\",\"itemListElement\":[{\"@type\":\"ListItem\",\"position\":1,\"name\":\"Home\",\"item\":\"https:\/\/business.roovi.com\/de\/\"},{\"@type\":\"ListItem\",\"position\":2,\"name\":\"Shop\",\"item\":\"https:\/\/business.roovi.com\/de\/shop\/\"},{\"@type\":\"ListItem\",\"position\":3,\"name\":\"K\u00fcrti Andrea 1000 Teile Puzzle f\u00fcr Erwachsene &#8211; Cats\/Pisici\"}]},{\"@type\":\"WebSite\",\"@id\":\"https:\/\/business.roovi.com\/de\/#website\",\"url\":\"https:\/\/business.roovi.com\/de\/\",\"name\":\"Roovi B2B\",\"description\":\"Roovi Business Website\",\"potentialAction\":[{\"@type\":\"SearchAction\",\"target\":{\"@type\":\"EntryPoint\",\"urlTemplate\":\"https:\/\/business.roovi.com\/de\/?s={search_term_string}\"},\"query-input\":\"required name=search_term_string\"}],\"inLanguage\":\"de\"}]}<\/script>\n<!-- \/ Yoast SEO plugin. -->","yoast_head_json":{"title":"K\u00fcrti Andrea 1000 Teile Puzzle f\u00fcr Erwachsene - Cats\/Pisici","description":"K\u00fcrti Andrea 1000 Teile Puzzle f\u00fcr Erwachsene - Cats\/Pisici","robots":{"index":"index","follow":"follow","max-snippet":"max-snippet:-1","max-image-preview":"max-image-preview:large","max-video-preview":"max-video-preview:-1"},"canonical":"https:\/\/business.roovi.com\/de\/kurti-andrea-1000-teile-puzzle-fur-erwachsene-cats-pisici\/p\/","og_locale":"de_DE","og_type":"article","og_title":"K\u00fcrti Andrea 1000 Teile Puzzle f\u00fcr Erwachsene - Cats\/Pisici","og_description":"K\u00fcrti Andrea 1000 Teile Puzzle f\u00fcr Erwachsene - Cats\/Pisici","og_url":"https:\/\/business.roovi.com\/de\/kurti-andrea-1000-teile-puzzle-fur-erwachsene-cats-pisici\/p\/","og_site_name":"Roovi B2B","article_publisher":"https:\/\/www.facebook.com\/wwwjucariero","article_modified_time":"2022-07-06T15:44:31+00:00","og_image":[{"width":1200,"height":1200,"url":"https:\/\/business.roovi.com\/wp-content\/uploads\/2021\/12\/76847_ansamblu_dimensiuni_cutie_1200x1200.png","type":"image\/png"}],"twitter_misc":{"Gesch\u00e4tzte Lesezeit":"2\u00a0Minuten"},"schema":{"@context":"https:\/\/schema.org","@graph":[{"@type":"WebPage","@id":"https:\/\/business.roovi.com\/de\/kurti-andrea-1000-teile-puzzle-fur-erwachsene-cats-pisici\/p\/","url":"https:\/\/business.roovi.com\/de\/kurti-andrea-1000-teile-puzzle-fur-erwachsene-cats-pisici\/p\/","name":"K\u00fcrti Andrea 1000 Teile Puzzle f\u00fcr Erwachsene - Cats\/Pisici","isPartOf":{"@id":"https:\/\/business.roovi.com\/de\/#website"},"datePublished":"2021-12-14T14:39:28+00:00","dateModified":"2022-07-06T15:44:31+00:00","description":"K\u00fcrti Andrea 1000 Teile Puzzle f\u00fcr Erwachsene - Cats\/Pisici","breadcrumb":{"@id":"https:\/\/business.roovi.com\/de\/kurti-andrea-1000-teile-puzzle-fur-erwachsene-cats-pisici\/p\/#breadcrumb"},"inLanguage":"de","potentialAction":[{"@type":"ReadAction","target":["https:\/\/business.roovi.com\/de\/kurti-andrea-1000-teile-puzzle-fur-erwachsene-cats-pisici\/p\/"]}]},{"@type":"BreadcrumbList","@id":"https:\/\/business.roovi.com\/de\/kurti-andrea-1000-teile-puzzle-fur-erwachsene-cats-pisici\/p\/#breadcrumb","itemListElement":[{"@type":"ListItem","position":1,"name":"Home","item":"https:\/\/business.roovi.com\/de\/"},{"@type":"ListItem","position":2,"name":"Shop","item":"https:\/\/business.roovi.com\/de\/shop\/"},{"@type":"ListItem","position":3,"name":"K\u00fcrti Andrea 1000 Teile Puzzle f\u00fcr Erwachsene &#8211; Cats\/Pisici"}]},{"@type":"WebSite","@id":"https:\/\/business.roovi.com\/de\/#website","url":"https:\/\/business.roovi.com\/de\/","name":"Roovi B2B","description":"Roovi Business Website","potentialAction":[{"@type":"SearchAction","target":{"@type":"EntryPoint","urlTemplate":"https:\/\/business.roovi.com\/de\/?s={search_term_string}"},"query-input":"required name=search_term_string"}],"inLanguage":"de"}]}},"_links":{"self":[{"href":"https:\/\/business.roovi.com\/de\/wp-json\/wp\/v2\/product\/40771","targetHints":{"allow":["GET"]}}],"collection":[{"href":"https:\/\/business.roovi.com\/de\/wp-json\/wp\/v2\/product"}],"about":[{"href":"https:\/\/business.roovi.com\/de\/wp-json\/wp\/v2\/types\/product"}],"version-history":[{"count":0,"href":"https:\/\/business.roovi.com\/de\/wp-json\/wp\/v2\/product\/40771\/revisions"}],"wp:featuredmedia":[{"embeddable":true,"href":"https:\/\/business.roovi.com\/de\/wp-json\/wp\/v2\/media\/48144"}],"wp:attachment":[{"href":"https:\/\/business.roovi.com\/de\/wp-json\/wp\/v2\/media?parent=40771"}],"wp:term":[{"taxonomy":"product_brand","embeddable":true,"href":"https:\/\/business.roovi.com\/de\/wp-json\/wp\/v2\/product_brand?post=40771"},{"taxonomy":"product_cat","embeddable":true,"href":"https:\/\/business.roovi.com\/de\/wp-json\/wp\/v2\/product_cat?post=40771"},{"taxonomy":"product_tag","embeddable":true,"href":"https:\/\/business.roovi.com\/de\/wp-json\/wp\/v2\/product_tag?post=40771"}],"curies":[{"name":"wp","href":"https:\/\/api.w.org\/{rel}","templated":true}]}}