{"id":40779,"date":"2021-11-17T14:50:13","date_gmt":"2021-11-17T14:50:13","guid":{"rendered":"https:\/\/business.roovi.com\/puzzle-adulti-1000-piese-cartoon-collection-new-york\/p\/"},"modified":"2022-10-18T09:48:25","modified_gmt":"2022-10-18T09:48:25","slug":"cartoon-collection-1000-teile-puzzle-fur-erwachsene-new-york","status":"publish","type":"product","link":"https:\/\/business.roovi.com\/de\/cartoon-collection-1000-teile-puzzle-fur-erwachsene-new-york\/p\/","title":{"rendered":"Cartoon Collection 1000 Teile Puzzle f\u00fcr Erwachsene &#8211; New York"},"content":{"rendered":"<p><span style=\"font-weight: 400;\">Spa\u00df und Entspannung gehen mit der neuen Cartoon-Puzzle-Kollektion Hand in Hand! Story-Illustrationen mit vielen animierten Charakteren machen das komplexe Puzzlespiel zu einem fabelhaften Spa\u00df.<\/span><\/p>\n<p><span style=\"font-weight: 400;\">Hast du dir jemals vorgestellt, wie die ber\u00fchmte Freiheitsstatue gebaut wurde und in New York gelandet ist? Das 1000 Piece Puzzle Cartoon &#8211; New York bietet dir eine unterhaltsame Perspektive, wenn eine Reihe liebenswerter Charaktere versuchen, eines der ber\u00fchmtesten Wahrzeichen Amerikas zu errichten.<\/span><\/p>\n<p><span style=\"font-weight: 400;\">Viele komplizierte Details, \u00e4hnliche aber einzigartige Charaktere, die du identifizieren musst, um das Bild zu vervollst\u00e4ndigen, warten darauf, von dir entdeckt zu werden. Lass dich in eine m\u00e4rchenhafte Szene entf\u00fchren und erlebe eine lustige und kreative Erfahrung <\/span><\/p>\n<p><span style=\"font-weight: 400;\">Du kannst mit schelmischen Elfen nicht umgehen? Ruf deine Freunde zur Hilfe und baue gemeinsam eine wundersch\u00f6ne Illustration voller Farben und Spa\u00df.<\/span><\/p>\n<p><strong>Warum solltest du dich f\u00fcr das 1000-Teile-Puzzle Cartoon &#8211; New York entscheiden?<\/strong><\/p>\n<p><span style=\"font-weight: 400;\">Du hast die M\u00f6glichkeit, aus 1000 Puzzleteilen ein 50 x 70 cm gro\u00dfes Gem\u00e4lde anzufertigen, das du in deinem Zuhause ausstellen kannst.<\/span><\/p>\n<p><span style=\"font-weight: 400;\">Er ist aus hochwertigem blauen Karton hergestellt, der ihm auch bei mehrmaligem Nachmachen zus\u00e4tzliche St\u00e4rke verleiht.<\/span><\/p>\n<p><span style=\"font-weight: 400;\">Die Oberfl\u00e4che ist halbgl\u00e4nzend, in leuchtenden Farben, die die Sch\u00f6nheit der Illustration hervorheben.<\/span><\/p>\n<p><span style=\"font-weight: 400;\">Es ist ein naturfreundliches Produkt, das aus recycelbaren und nachhaltigen Materialien hergestellt wird.<\/span><\/p>\n<p><span style=\"font-weight: 400;\">Geeignet f\u00fcr Menschen ab 14 Jahren, du kannst es auch mit deinen Kindern im Teenageralter machen.<\/span><\/p>\n<p><span style=\"font-weight: 400;\">Puzzlespiele geben dir viele M\u00f6glichkeiten, dich zu entwickeln und abzuschalten:<\/span><\/p>\n<ul>\n<li><span style=\"font-weight: 400;\">Sie helfen dir zu entspannen und bringen dich aus dem t\u00e4glichen Einerlei heraus.<\/span><\/li>\n<li><span style=\"font-weight: 400;\">Sie entwickeln deine Aufmerksamkeit f\u00fcr Details und kultivieren deine Geduld.<\/span><\/li>\n<li><span style=\"font-weight: 400;\">Sie halten dein Gehirn gesund und dein Ged\u00e4chtnis scharf.<\/span><\/li>\n<li><span style=\"font-weight: 400;\">Sie entwickeln deine Probleml\u00f6sungsf\u00e4higkeiten.<\/span><\/li>\n<li><span style=\"font-weight: 400;\">Sie regen die Dopaminaussch\u00fcttung an und geben dir ein Gef\u00fchl des Wohlbefindens.<\/span><\/li>\n<li><span style=\"font-weight: 400;\">Sie sind eine Gelegenheit, soziale Kontakte zu kn\u00fcpfen und Zeit mit geliebten Menschen zu verbringen.<\/span><\/li>\n<\/ul>\n<p><strong>Wusstest du, dass&#8230;?<\/strong><\/p>\n<p><span style=\"font-weight: 400;\">Die Freiheitsstatue war ein Geschenk der Franzosen an die Amerikaner im Jahr 1886.<\/span><\/p>\n<p><span style=\"font-weight: 400;\">Das Gesicht der Statue wurde der Mutter des Bildhauers Frederic-Auguste Bartholdi nachempfunden <\/span><\/p>\n<p><span style=\"font-weight: 400;\">Die 7 Strahlen in der Krone der Statue stehen f\u00fcr die 7 Kontinente und das universelle Konzept der Freiheit.<\/span><\/p>\n<p><span style=\"font-weight: 400;\">16 Jahre lang, von 1886 bis 1902, fungierte die Statue als Leuchtfeuer und beleuchtete eine Entfernung von bis zu 24 Meilen.<\/span><\/p>\n<p><span style=\"font-weight: 400;\">Im Inneren der Statue gibt es 354 Treppen, die bis zur Krone f\u00fchren, von wo aus du den faszinierenden Blick auf die Metropole bewundern kannst.<\/span><\/p>\n<p><span style=\"font-weight: 400;\">Seit ihrer Errichtung wurde die Statue sch\u00e4tzungsweise 600 Mal pro Jahr vom Blitz getroffen.<\/span><\/p>\n<p><strong>Cartoon 1000 Teile Puzzle &#8211; New York erweckt dein inneres Kind<\/strong><\/p>\n<p><span style=\"font-weight: 400;\">Finde die Freude der Kindheit in einem wundersch\u00f6n gestalteten Puzzlespiel wieder. Die lustigen, farbenfrohen, animierten Szenen wecken deinen Spieltrieb, genau wie damals, als du ein Kind warst. Es ist ein bisschen komplexer als das eigentliche Puzzlespiel, aber das Gef\u00fchl, das es ausl\u00f6st, ist dasselbe: grenzenlose Freude.<\/span><\/p>\n<p><span style=\"font-weight: 400;\">Entspann dich einfach und hab Spa\u00df, so wie in den guten alten Zeiten, als du noch ein Kind warst und die ganze Welt dir geh\u00f6rte. Cartoon Puzzle &#8211; New York ist da, um dir ein unvergessliches Erlebnis zu bescheren, egal ob du die 1000-teiligen Puzzlebilder mit Freunden nachspielst oder in deiner Freizeit in den eigenen vier W\u00e4nden <\/span><\/p>\n<p><span style=\"font-weight: 400;\">Kaufe Cartoon &#8211; New York 1000 Teile Puzzle und genie\u00dfe eine tolle kreative Aktivit\u00e4t. Entdecke alle Designs in der Cartoon-Kollektion und baue dir eine Sammlung einzigartiger Bilder auf, die den kleinen R\u00e4umen in deinem Zuhause Pers\u00f6nlichkeit verleihen werden.<\/span><\/p>\n","protected":false},"excerpt":{"rendered":"<p>Spa\u00df und Entspannung gehen mit der neuen Cartoon-Puzzle-Kollektion Hand in Hand! Story-Illustrationen mit vielen animierten Charakteren machen das komplexe Puzzlespiel<\/p>\n","protected":false},"featured_media":48130,"template":"","meta":[],"product_brand":[],"product_cat":[1916,1875,1915],"product_tag":[],"class_list":{"0":"post-40779","1":"product","2":"type-product","3":"status-publish","4":"has-post-thumbnail","6":"product_cat-1000-teile-puzzle","7":"product_cat-puzzle-de","8":"product_cat-puzzlespiele-fur-erwachsene","9":"pa_brand-d_toys-de","10":"pa_country_of_manufacture-ro-de","11":"pa_filter_age-14-de","12":"pa_painter-cartooncollection-de","13":"pa_tip_ambalaj-kasten-a4-de","14":"pa_tip_puzzle-klassisch","16":"first","17":"instock","18":"taxable","19":"shipping-taxable","20":"product-type-simple"},"yoast_head":"<!-- This site is optimized with the Yoast SEO plugin v20.1 - https:\/\/yoast.com\/wordpress\/plugins\/seo\/ -->\n<title>Cartoon Collection 1000 Teile Puzzle f\u00fcr Erwachsene - New York<\/title>\n<meta name=\"description\" content=\"Cartoon Collection 1000 Teile Puzzle f\u00fcr Erwachsene - New York\" \/>\n<meta name=\"robots\" content=\"index, follow, max-snippet:-1, max-image-preview:large, max-video-preview:-1\" \/>\n<link rel=\"canonical\" href=\"https:\/\/business.roovi.com\/de\/cartoon-collection-1000-teile-puzzle-fur-erwachsene-new-york\/p\/\" \/>\n<meta property=\"og:locale\" content=\"de_DE\" \/>\n<meta property=\"og:type\" content=\"article\" \/>\n<meta property=\"og:title\" content=\"Cartoon Collection 1000 Teile Puzzle f\u00fcr Erwachsene - New York\" \/>\n<meta property=\"og:description\" content=\"Cartoon Collection 1000 Teile Puzzle f\u00fcr Erwachsene - New York\" \/>\n<meta property=\"og:url\" content=\"https:\/\/business.roovi.com\/de\/cartoon-collection-1000-teile-puzzle-fur-erwachsene-new-york\/p\/\" \/>\n<meta property=\"og:site_name\" content=\"Roovi B2B\" \/>\n<meta property=\"article:publisher\" content=\"https:\/\/www.facebook.com\/wwwjucariero\" \/>\n<meta property=\"article:modified_time\" content=\"2022-10-18T09:48:25+00:00\" \/>\n<meta property=\"og:image\" content=\"https:\/\/business.roovi.com\/wp-content\/uploads\/2021\/11\/61218_-13_ansamblu_dimensiuni_cutie_cm_vertical_1200x1200.png\" \/>\n\t<meta property=\"og:image:width\" content=\"1200\" \/>\n\t<meta property=\"og:image:height\" content=\"1200\" \/>\n\t<meta property=\"og:image:type\" content=\"image\/png\" \/>\n<meta name=\"twitter:label1\" content=\"Gesch\u00e4tzte Lesezeit\" \/>\n\t<meta name=\"twitter:data1\" content=\"3\u00a0Minuten\" \/>\n<script type=\"application\/ld+json\" class=\"yoast-schema-graph\">{\"@context\":\"https:\/\/schema.org\",\"@graph\":[{\"@type\":\"WebPage\",\"@id\":\"https:\/\/business.roovi.com\/de\/cartoon-collection-1000-teile-puzzle-fur-erwachsene-new-york\/p\/\",\"url\":\"https:\/\/business.roovi.com\/de\/cartoon-collection-1000-teile-puzzle-fur-erwachsene-new-york\/p\/\",\"name\":\"Cartoon Collection 1000 Teile Puzzle f\u00fcr Erwachsene - New York\",\"isPartOf\":{\"@id\":\"https:\/\/business.roovi.com\/de\/#website\"},\"datePublished\":\"2021-11-17T14:50:13+00:00\",\"dateModified\":\"2022-10-18T09:48:25+00:00\",\"description\":\"Cartoon Collection 1000 Teile Puzzle f\u00fcr Erwachsene - New York\",\"breadcrumb\":{\"@id\":\"https:\/\/business.roovi.com\/de\/cartoon-collection-1000-teile-puzzle-fur-erwachsene-new-york\/p\/#breadcrumb\"},\"inLanguage\":\"de\",\"potentialAction\":[{\"@type\":\"ReadAction\",\"target\":[\"https:\/\/business.roovi.com\/de\/cartoon-collection-1000-teile-puzzle-fur-erwachsene-new-york\/p\/\"]}]},{\"@type\":\"BreadcrumbList\",\"@id\":\"https:\/\/business.roovi.com\/de\/cartoon-collection-1000-teile-puzzle-fur-erwachsene-new-york\/p\/#breadcrumb\",\"itemListElement\":[{\"@type\":\"ListItem\",\"position\":1,\"name\":\"Home\",\"item\":\"https:\/\/business.roovi.com\/de\/\"},{\"@type\":\"ListItem\",\"position\":2,\"name\":\"Shop\",\"item\":\"https:\/\/business.roovi.com\/de\/shop\/\"},{\"@type\":\"ListItem\",\"position\":3,\"name\":\"Cartoon Collection 1000 Teile Puzzle f\u00fcr Erwachsene &#8211; New York\"}]},{\"@type\":\"WebSite\",\"@id\":\"https:\/\/business.roovi.com\/de\/#website\",\"url\":\"https:\/\/business.roovi.com\/de\/\",\"name\":\"Roovi B2B\",\"description\":\"Roovi Business Website\",\"potentialAction\":[{\"@type\":\"SearchAction\",\"target\":{\"@type\":\"EntryPoint\",\"urlTemplate\":\"https:\/\/business.roovi.com\/de\/?s={search_term_string}\"},\"query-input\":\"required name=search_term_string\"}],\"inLanguage\":\"de\"}]}<\/script>\n<!-- \/ Yoast SEO plugin. -->","yoast_head_json":{"title":"Cartoon Collection 1000 Teile Puzzle f\u00fcr Erwachsene - New York","description":"Cartoon Collection 1000 Teile Puzzle f\u00fcr Erwachsene - New York","robots":{"index":"index","follow":"follow","max-snippet":"max-snippet:-1","max-image-preview":"max-image-preview:large","max-video-preview":"max-video-preview:-1"},"canonical":"https:\/\/business.roovi.com\/de\/cartoon-collection-1000-teile-puzzle-fur-erwachsene-new-york\/p\/","og_locale":"de_DE","og_type":"article","og_title":"Cartoon Collection 1000 Teile Puzzle f\u00fcr Erwachsene - New York","og_description":"Cartoon Collection 1000 Teile Puzzle f\u00fcr Erwachsene - New York","og_url":"https:\/\/business.roovi.com\/de\/cartoon-collection-1000-teile-puzzle-fur-erwachsene-new-york\/p\/","og_site_name":"Roovi B2B","article_publisher":"https:\/\/www.facebook.com\/wwwjucariero","article_modified_time":"2022-10-18T09:48:25+00:00","og_image":[{"width":1200,"height":1200,"url":"https:\/\/business.roovi.com\/wp-content\/uploads\/2021\/11\/61218_-13_ansamblu_dimensiuni_cutie_cm_vertical_1200x1200.png","type":"image\/png"}],"twitter_misc":{"Gesch\u00e4tzte Lesezeit":"3\u00a0Minuten"},"schema":{"@context":"https:\/\/schema.org","@graph":[{"@type":"WebPage","@id":"https:\/\/business.roovi.com\/de\/cartoon-collection-1000-teile-puzzle-fur-erwachsene-new-york\/p\/","url":"https:\/\/business.roovi.com\/de\/cartoon-collection-1000-teile-puzzle-fur-erwachsene-new-york\/p\/","name":"Cartoon Collection 1000 Teile Puzzle f\u00fcr Erwachsene - New York","isPartOf":{"@id":"https:\/\/business.roovi.com\/de\/#website"},"datePublished":"2021-11-17T14:50:13+00:00","dateModified":"2022-10-18T09:48:25+00:00","description":"Cartoon Collection 1000 Teile Puzzle f\u00fcr Erwachsene - New York","breadcrumb":{"@id":"https:\/\/business.roovi.com\/de\/cartoon-collection-1000-teile-puzzle-fur-erwachsene-new-york\/p\/#breadcrumb"},"inLanguage":"de","potentialAction":[{"@type":"ReadAction","target":["https:\/\/business.roovi.com\/de\/cartoon-collection-1000-teile-puzzle-fur-erwachsene-new-york\/p\/"]}]},{"@type":"BreadcrumbList","@id":"https:\/\/business.roovi.com\/de\/cartoon-collection-1000-teile-puzzle-fur-erwachsene-new-york\/p\/#breadcrumb","itemListElement":[{"@type":"ListItem","position":1,"name":"Home","item":"https:\/\/business.roovi.com\/de\/"},{"@type":"ListItem","position":2,"name":"Shop","item":"https:\/\/business.roovi.com\/de\/shop\/"},{"@type":"ListItem","position":3,"name":"Cartoon Collection 1000 Teile Puzzle f\u00fcr Erwachsene &#8211; New York"}]},{"@type":"WebSite","@id":"https:\/\/business.roovi.com\/de\/#website","url":"https:\/\/business.roovi.com\/de\/","name":"Roovi B2B","description":"Roovi Business Website","potentialAction":[{"@type":"SearchAction","target":{"@type":"EntryPoint","urlTemplate":"https:\/\/business.roovi.com\/de\/?s={search_term_string}"},"query-input":"required name=search_term_string"}],"inLanguage":"de"}]}},"_links":{"self":[{"href":"https:\/\/business.roovi.com\/de\/wp-json\/wp\/v2\/product\/40779","targetHints":{"allow":["GET"]}}],"collection":[{"href":"https:\/\/business.roovi.com\/de\/wp-json\/wp\/v2\/product"}],"about":[{"href":"https:\/\/business.roovi.com\/de\/wp-json\/wp\/v2\/types\/product"}],"version-history":[{"count":0,"href":"https:\/\/business.roovi.com\/de\/wp-json\/wp\/v2\/product\/40779\/revisions"}],"wp:featuredmedia":[{"embeddable":true,"href":"https:\/\/business.roovi.com\/de\/wp-json\/wp\/v2\/media\/48130"}],"wp:attachment":[{"href":"https:\/\/business.roovi.com\/de\/wp-json\/wp\/v2\/media?parent=40779"}],"wp:term":[{"taxonomy":"product_brand","embeddable":true,"href":"https:\/\/business.roovi.com\/de\/wp-json\/wp\/v2\/product_brand?post=40779"},{"taxonomy":"product_cat","embeddable":true,"href":"https:\/\/business.roovi.com\/de\/wp-json\/wp\/v2\/product_cat?post=40779"},{"taxonomy":"product_tag","embeddable":true,"href":"https:\/\/business.roovi.com\/de\/wp-json\/wp\/v2\/product_tag?post=40779"}],"curies":[{"name":"wp","href":"https:\/\/api.w.org\/{rel}","templated":true}]}}