{"id":40784,"date":"2021-11-12T10:55:39","date_gmt":"2021-11-12T10:55:39","guid":{"rendered":"https:\/\/business.roovi.com\/puzzle-adulti-1000-piese-egon-schiele-crescent-of-houses\/p\/"},"modified":"2022-07-06T15:44:42","modified_gmt":"2022-07-06T15:44:42","slug":"puzzle-fur-erwachsene-1000-teile-egon-schiele-hausersichel","status":"publish","type":"product","link":"https:\/\/business.roovi.com\/de\/puzzle-fur-erwachsene-1000-teile-egon-schiele-hausersichel\/p\/","title":{"rendered":"Puzzle f\u00fcr Erwachsene 1000 Teile Egon Schiele &#8211; H\u00e4usersichel"},"content":{"rendered":"<p><span style=\"font-size: 14px;line-height: 14px\"><span style=\"font-weight: 400\">Tauche ein in die farbenfrohe und symboltr\u00e4chtige Welt der ber\u00fchmtesten Gem\u00e4lde aller Zeiten mit dem gr\u00f6\u00dften Angebot an Kunstpuzzles von D-Toys! Entdecke das Geheimnis durch 1000-teilige Puzzles  <\/span><em><span style=\"font-weight: 400\">Mona Lisa<\/span><\/em><span style=\"font-weight: 400\">  da Vincis oder die wunderbare Vibration  <\/span><em><span style=\"font-weight: 400\">Der sternenklaren Nacht<\/span><\/em><span style=\"font-weight: 400\">  und viele andere Meisterwerke, die Kunstliebhaber schon seit Hunderten von Jahren faszinieren.<\/span><\/span><\/p>\n<p><span style=\"font-size: 14px;line-height: 14px\"><span style=\"font-weight: 400\">Das 1000-teilige Puzzle Egon Schiele &#8211; Halbmond der H\u00e4user stellt dir den exzentrischen \u00f6sterreichischen Maler vor, dessen Werk auch heute noch fasziniert. Die Arbeit  <\/span><em><span style=\"font-weight: 400\">Die H\u00e4usersichel,  <\/span><\/em><span style=\"font-weight: 400\">ist, wie alle seine Stadtbilder, keine realistische Darstellung von H\u00e4usern, sondern ein Werk, das aus der Perspektive des Vogelflugs entstanden ist <\/span><\/span><\/p>\n<p><span style=\"font-weight: 400;font-size: 14px;line-height: 14px\">Die Geb\u00e4ude wirken wie eine solide Geometrie, und es scheint, als wollte der K\u00fcnstler ein Labyrinth aus kantigen Linien schaffen. Fasziniert von diesem k\u00fcnstlerischen Labyrinth? Ziehe den Couchtisch im Wohnzimmer zu und fange an, das Kunstwerk neu zu gestalten. Am Ende wirst du ein 50 x 70 cm gro\u00dfes Bild haben. Mache dieses labyrinthische Gitter neu und erhalte ein gro\u00dfartiges impressionistisches Gem\u00e4lde.<\/span><\/p>\n<p><span style=\"font-weight: 400;font-size: 14px;line-height: 14px\">Lies unten mehr \u00fcber die Eigenschaften dieses Kunstpuzzles:<\/span><\/p>\n<p><span style=\"font-size: 14px;line-height: 14px\"><strong>Puzzle-Material <\/strong><\/span><\/p>\n<p><span style=\"font-size: 14px;line-height: 14px\"><strong>hochwertiger blauer Karton<\/strong><\/span><\/p>\n<p><span style=\"font-size: 14px;line-height: 14px\"><strong>nachhaltige, recycelbare Materialien<\/strong><\/span><\/p>\n<p><span style=\"font-size: 14px;line-height: 14px\"><strong>halbgl\u00e4nzende Oberfl\u00e4che, lebendige Farben<\/strong><\/span><\/p>\n<p><span style=\"font-size: 14px;line-height: 14px\"><strong>Anzahl der Puzzleteile: 1000<\/strong><\/span><\/p>\n<p><span style=\"font-size: 14px;line-height: 14px\"><strong>Empfohlenes Alter: 14+<\/strong><\/span><\/p>\n<p><span style=\"font-size: 14px;line-height: 14px\"><strong>5 erstaunliche Vorteile des Zusammenbaus von Puzzlespielen<\/strong><\/span><\/p>\n<p><span style=\"font-weight: 400;font-size: 14px;line-height: 14px\">Setze 1000-teilige Puzzles in Momenten der Einsamkeit oder an Wochenendtagen mit deinen Lieben zusammen. Du wirst viele Vorteile genie\u00dfen, an die du nie gedacht hast. Hier sind nur 5 von ihnen:<\/span><\/p>\n<p><span style=\"font-weight: 400;font-size: 14px;line-height: 14px\">1. Erm\u00f6glicht dir bis zu 30 Stunden Spa\u00df und Entspannung.<\/span><\/p>\n<p><span style=\"font-weight: 400;font-size: 14px;line-height: 14px\">2. Verbindet dich mit Familie und Freunden.<\/span><\/p>\n<p><span style=\"font-weight: 400;font-size: 14px;line-height: 14px\">3. Sie bringen dir viel Freude an tr\u00fcben Wintertagen.<\/span><\/p>\n<p><span style=\"font-weight: 400;font-size: 14px;line-height: 14px\">4. Sie helfen dir, in allen Bereichen deines Lebens ausdauernder zu werden.<\/span><\/p>\n<p><span style=\"font-weight: 400;font-size: 14px;line-height: 14px\">5. Sie verbessern dein Ged\u00e4chtnis.<\/span><\/p>\n<p><span style=\"line-height: 14px;font-size: 14px\"><strong>Egon Schiele &#8211; ein unversch\u00e4mter und brillanter Maler<\/strong><\/span><\/p>\n<p><span style=\"font-weight: 400\">Viele K\u00fcnstler fallen durch ihre Originalit\u00e4t auf und schockieren mit ihren Werken. Egon Schiele war \u00e4hnlich. Manche hielten ihn f\u00fcr ein Genie, andere f\u00fcr&#8230; verdorben. Hier sind einige skandal\u00f6se Fakten \u00fcber den K\u00fcnstler, der zu Lebzeiten den Schutz des ber\u00fchmten Gustav Klimt genoss:<\/span><\/p>\n<p><span style=\"font-weight: 400\">Er schuf Werke von roher, intensiv ausgedr\u00fcckter Sexualit\u00e4t und wurde beschuldigt, pornografische Elemente in seine Kunst einzubringen.<\/span><\/p>\n<p><span style=\"font-weight: 400\">Er hatte eine Aff\u00e4re mit einem 17-j\u00e4hrigen M\u00e4dchen, Wally &#8211; von der man annimmt, dass sie sich als Teenager prostituiert hat &#8211; und wurde beschuldigt, Minderj\u00e4hrige zu verderben, au\u00dferdem war er f\u00fcr seine Vorliebe f\u00fcr Voyeurismus bekannt.<\/span><\/p>\n<p><span style=\"font-weight: 400\">Berichten zufolge hatte er auch eine intime Beziehung zu seiner Schw\u00e4gerin, die nach ihrer Heirat f\u00fcr ihn modelte.<\/span><\/p>\n<p><span style=\"font-weight: 400\">Er malte Aktbilder von Frauen und M\u00e4nnern in expliziten und aufreizenden erotischen Posen, in einigen F\u00e4llen mit ostentativ entbl\u00f6\u00dften Genitalien.<\/span><\/p>\n<p><span style=\"font-weight: 400\">Die Nazis betrachteten ihn als entartet und verboten die Ausstellung seiner Bilder.<\/span><\/p>\n<p><span style=\"font-weight: 400\">Obwohl seine Karriere nur von kurzer Dauer war &#8211; er starb im Alter von nur 28 Jahren an der Spanischen Grippe &#8211; bleibt Schiele eine Ikone des 20. Jahrhunderts, da er es schaffte, die tiefsten Instinkte der Menschen in seinen Bildern zu vermitteln.<\/span><\/p>\n<p><strong>Kunstr\u00e4tsel: eine Zuflucht in einer faszinierenden Welt<\/strong><\/p>\n<p><span style=\"font-weight: 400\">Wenn du das Gef\u00fchl hast, dass du dich zu nichts mehr aufraffen kannst, sind Kunstpuzzles ein hervorragender Energiespender. Sie helfen dir, aus deinem Trott herauszukommen und die faszinierende Welt der Kunstwerke zu betreten. Hier sind einige weitere Vorteile, die 1000-teilige Kunstpuzzles bieten:<\/span><\/p>\n<p><span style=\"font-weight: 400\">Sie sch\u00e4rfen deinen \u00e4sthetischen Sinn.<\/span><\/p>\n<p><span style=\"font-weight: 400\">Sie erm\u00f6glichen es dir, ein ber\u00fchmtes Kunstwerk mit deinen eigenen H\u00e4nden nachzubilden.<\/span><\/p>\n<p><span style=\"font-weight: 400\">Sie versch\u00f6nern dein Zuhause mit einem einzigartigen Dekorationsobjekt.<\/span><\/p>\n<p><span style=\"font-weight: 400\">Sie erweitern deinen Wissenshorizont.<\/span><\/p>\n<p><span style=\"font-weight: 400\">Sie regen deine Fantasie an.<\/span><\/p>\n<p><span style=\"font-weight: 400\">Kaufe jetzt dieses wunderbare Egon Schiele &#8211; Halbmond der H\u00e4user Kunstpuzzle und werde ein exklusiver K\u00fcnstler. Genie\u00dfe ein unvergessliches Erlebnis, das ein 1000-Teile-Puzzle f\u00fcr dich schafft. Entdecke weitere ber\u00fchmte Werke in unserem Angebot an Kunstr\u00e4tseln und erstelle eine faszinierende Sammlung von R\u00e4tseln f\u00fcr Erwachsene.<\/span><\/p>\n<p><span style=\"font-weight: 400\">Das 1000-teilige Puzzle Egon Schiele &#8211; Halbmond der H\u00e4user ist ein tolles Geschenk f\u00fcr deine puzzlebegeisterten Freunde zu verschiedenen Anl\u00e4ssen.<\/span><\/p><\/p>\n","protected":false},"excerpt":{"rendered":"<p>Tauche ein in die farbenfrohe und symboltr\u00e4chtige Welt der ber\u00fchmtesten Gem\u00e4lde aller Zeiten mit dem gr\u00f6\u00dften Angebot an Kunstpuzzles von<\/p>\n","protected":false},"featured_media":64194,"template":"","meta":[],"product_brand":[],"product_cat":[1916,1875,1915],"product_tag":[],"class_list":{"0":"post-40784","1":"product","2":"type-product","3":"status-publish","4":"has-post-thumbnail","6":"product_cat-1000-teile-puzzle","7":"product_cat-puzzle-de","8":"product_cat-puzzlespiele-fur-erwachsene","9":"pa_bax-10-de","10":"pa_brand-d_toys-de","11":"pa_country_of_manufacture-ro-de","12":"pa_filter_age-14-de","13":"pa_tip_ambalaj-kasten-a4-de","14":"pa_tip_puzzle-klassisch","16":"first","17":"instock","18":"taxable","19":"shipping-taxable","20":"product-type-simple"},"yoast_head":"<!-- This site is optimized with the Yoast SEO plugin v20.1 - https:\/\/yoast.com\/wordpress\/plugins\/seo\/ -->\n<title>Puzzle f\u00fcr Erwachsene 1000 Teile Egon Schiele - H\u00e4usersichel<\/title>\n<meta name=\"description\" content=\"Puzzle f\u00fcr Erwachsene 1000 Teile Egon Schiele - H\u00e4usersichel\" \/>\n<meta name=\"robots\" content=\"index, follow, max-snippet:-1, max-image-preview:large, max-video-preview:-1\" \/>\n<link rel=\"canonical\" href=\"https:\/\/business.roovi.com\/de\/puzzle-fur-erwachsene-1000-teile-egon-schiele-hausersichel\/p\/\" \/>\n<meta property=\"og:locale\" content=\"de_DE\" \/>\n<meta property=\"og:type\" content=\"article\" \/>\n<meta property=\"og:title\" content=\"Puzzle f\u00fcr Erwachsene 1000 Teile Egon Schiele - H\u00e4usersichel\" \/>\n<meta property=\"og:description\" content=\"Puzzle f\u00fcr Erwachsene 1000 Teile Egon Schiele - H\u00e4usersichel\" \/>\n<meta property=\"og:url\" content=\"https:\/\/business.roovi.com\/de\/puzzle-fur-erwachsene-1000-teile-egon-schiele-hausersichel\/p\/\" \/>\n<meta property=\"og:site_name\" content=\"Roovi B2B\" \/>\n<meta property=\"article:publisher\" content=\"https:\/\/www.facebook.com\/wwwjucariero\" \/>\n<meta property=\"article:modified_time\" content=\"2022-07-06T15:44:42+00:00\" \/>\n<meta property=\"og:image\" content=\"https:\/\/business.roovi.com\/wp-content\/uploads\/2021\/11\/76830-01_ansamblu_dimensiuni_cutie_cm_1200x1200.png\" \/>\n\t<meta property=\"og:image:width\" content=\"1200\" \/>\n\t<meta property=\"og:image:height\" content=\"1200\" \/>\n\t<meta property=\"og:image:type\" content=\"image\/png\" \/>\n<meta name=\"twitter:label1\" content=\"Gesch\u00e4tzte Lesezeit\" \/>\n\t<meta name=\"twitter:data1\" content=\"3\u00a0Minuten\" \/>\n<script type=\"application\/ld+json\" class=\"yoast-schema-graph\">{\"@context\":\"https:\/\/schema.org\",\"@graph\":[{\"@type\":\"WebPage\",\"@id\":\"https:\/\/business.roovi.com\/de\/puzzle-fur-erwachsene-1000-teile-egon-schiele-hausersichel\/p\/\",\"url\":\"https:\/\/business.roovi.com\/de\/puzzle-fur-erwachsene-1000-teile-egon-schiele-hausersichel\/p\/\",\"name\":\"Puzzle f\u00fcr Erwachsene 1000 Teile Egon Schiele - H\u00e4usersichel\",\"isPartOf\":{\"@id\":\"https:\/\/business.roovi.com\/de\/#website\"},\"datePublished\":\"2021-11-12T10:55:39+00:00\",\"dateModified\":\"2022-07-06T15:44:42+00:00\",\"description\":\"Puzzle f\u00fcr Erwachsene 1000 Teile Egon Schiele - H\u00e4usersichel\",\"breadcrumb\":{\"@id\":\"https:\/\/business.roovi.com\/de\/puzzle-fur-erwachsene-1000-teile-egon-schiele-hausersichel\/p\/#breadcrumb\"},\"inLanguage\":\"de\",\"potentialAction\":[{\"@type\":\"ReadAction\",\"target\":[\"https:\/\/business.roovi.com\/de\/puzzle-fur-erwachsene-1000-teile-egon-schiele-hausersichel\/p\/\"]}]},{\"@type\":\"BreadcrumbList\",\"@id\":\"https:\/\/business.roovi.com\/de\/puzzle-fur-erwachsene-1000-teile-egon-schiele-hausersichel\/p\/#breadcrumb\",\"itemListElement\":[{\"@type\":\"ListItem\",\"position\":1,\"name\":\"Home\",\"item\":\"https:\/\/business.roovi.com\/de\/\"},{\"@type\":\"ListItem\",\"position\":2,\"name\":\"Shop\",\"item\":\"https:\/\/business.roovi.com\/de\/shop\/\"},{\"@type\":\"ListItem\",\"position\":3,\"name\":\"Puzzle f\u00fcr Erwachsene 1000 Teile Egon Schiele &#8211; H\u00e4usersichel\"}]},{\"@type\":\"WebSite\",\"@id\":\"https:\/\/business.roovi.com\/de\/#website\",\"url\":\"https:\/\/business.roovi.com\/de\/\",\"name\":\"Roovi B2B\",\"description\":\"Roovi Business Website\",\"potentialAction\":[{\"@type\":\"SearchAction\",\"target\":{\"@type\":\"EntryPoint\",\"urlTemplate\":\"https:\/\/business.roovi.com\/de\/?s={search_term_string}\"},\"query-input\":\"required name=search_term_string\"}],\"inLanguage\":\"de\"}]}<\/script>\n<!-- \/ Yoast SEO plugin. -->","yoast_head_json":{"title":"Puzzle f\u00fcr Erwachsene 1000 Teile Egon Schiele - H\u00e4usersichel","description":"Puzzle f\u00fcr Erwachsene 1000 Teile Egon Schiele - H\u00e4usersichel","robots":{"index":"index","follow":"follow","max-snippet":"max-snippet:-1","max-image-preview":"max-image-preview:large","max-video-preview":"max-video-preview:-1"},"canonical":"https:\/\/business.roovi.com\/de\/puzzle-fur-erwachsene-1000-teile-egon-schiele-hausersichel\/p\/","og_locale":"de_DE","og_type":"article","og_title":"Puzzle f\u00fcr Erwachsene 1000 Teile Egon Schiele - H\u00e4usersichel","og_description":"Puzzle f\u00fcr Erwachsene 1000 Teile Egon Schiele - H\u00e4usersichel","og_url":"https:\/\/business.roovi.com\/de\/puzzle-fur-erwachsene-1000-teile-egon-schiele-hausersichel\/p\/","og_site_name":"Roovi B2B","article_publisher":"https:\/\/www.facebook.com\/wwwjucariero","article_modified_time":"2022-07-06T15:44:42+00:00","og_image":[{"width":1200,"height":1200,"url":"https:\/\/business.roovi.com\/wp-content\/uploads\/2021\/11\/76830-01_ansamblu_dimensiuni_cutie_cm_1200x1200.png","type":"image\/png"}],"twitter_misc":{"Gesch\u00e4tzte Lesezeit":"3\u00a0Minuten"},"schema":{"@context":"https:\/\/schema.org","@graph":[{"@type":"WebPage","@id":"https:\/\/business.roovi.com\/de\/puzzle-fur-erwachsene-1000-teile-egon-schiele-hausersichel\/p\/","url":"https:\/\/business.roovi.com\/de\/puzzle-fur-erwachsene-1000-teile-egon-schiele-hausersichel\/p\/","name":"Puzzle f\u00fcr Erwachsene 1000 Teile Egon Schiele - H\u00e4usersichel","isPartOf":{"@id":"https:\/\/business.roovi.com\/de\/#website"},"datePublished":"2021-11-12T10:55:39+00:00","dateModified":"2022-07-06T15:44:42+00:00","description":"Puzzle f\u00fcr Erwachsene 1000 Teile Egon Schiele - H\u00e4usersichel","breadcrumb":{"@id":"https:\/\/business.roovi.com\/de\/puzzle-fur-erwachsene-1000-teile-egon-schiele-hausersichel\/p\/#breadcrumb"},"inLanguage":"de","potentialAction":[{"@type":"ReadAction","target":["https:\/\/business.roovi.com\/de\/puzzle-fur-erwachsene-1000-teile-egon-schiele-hausersichel\/p\/"]}]},{"@type":"BreadcrumbList","@id":"https:\/\/business.roovi.com\/de\/puzzle-fur-erwachsene-1000-teile-egon-schiele-hausersichel\/p\/#breadcrumb","itemListElement":[{"@type":"ListItem","position":1,"name":"Home","item":"https:\/\/business.roovi.com\/de\/"},{"@type":"ListItem","position":2,"name":"Shop","item":"https:\/\/business.roovi.com\/de\/shop\/"},{"@type":"ListItem","position":3,"name":"Puzzle f\u00fcr Erwachsene 1000 Teile Egon Schiele &#8211; H\u00e4usersichel"}]},{"@type":"WebSite","@id":"https:\/\/business.roovi.com\/de\/#website","url":"https:\/\/business.roovi.com\/de\/","name":"Roovi B2B","description":"Roovi Business Website","potentialAction":[{"@type":"SearchAction","target":{"@type":"EntryPoint","urlTemplate":"https:\/\/business.roovi.com\/de\/?s={search_term_string}"},"query-input":"required name=search_term_string"}],"inLanguage":"de"}]}},"_links":{"self":[{"href":"https:\/\/business.roovi.com\/de\/wp-json\/wp\/v2\/product\/40784","targetHints":{"allow":["GET"]}}],"collection":[{"href":"https:\/\/business.roovi.com\/de\/wp-json\/wp\/v2\/product"}],"about":[{"href":"https:\/\/business.roovi.com\/de\/wp-json\/wp\/v2\/types\/product"}],"version-history":[{"count":0,"href":"https:\/\/business.roovi.com\/de\/wp-json\/wp\/v2\/product\/40784\/revisions"}],"wp:featuredmedia":[{"embeddable":true,"href":"https:\/\/business.roovi.com\/de\/wp-json\/wp\/v2\/media\/64194"}],"wp:attachment":[{"href":"https:\/\/business.roovi.com\/de\/wp-json\/wp\/v2\/media?parent=40784"}],"wp:term":[{"taxonomy":"product_brand","embeddable":true,"href":"https:\/\/business.roovi.com\/de\/wp-json\/wp\/v2\/product_brand?post=40784"},{"taxonomy":"product_cat","embeddable":true,"href":"https:\/\/business.roovi.com\/de\/wp-json\/wp\/v2\/product_cat?post=40784"},{"taxonomy":"product_tag","embeddable":true,"href":"https:\/\/business.roovi.com\/de\/wp-json\/wp\/v2\/product_tag?post=40784"}],"curies":[{"name":"wp","href":"https:\/\/api.w.org\/{rel}","templated":true}]}}