{"id":40827,"date":"2021-11-11T15:14:56","date_gmt":"2021-11-11T15:14:56","guid":{"rendered":"https:\/\/business.roovi.com\/puzzle-adulti-1000-piese-dante-gabriel-rossetti-a-christmas-carol\/p\/"},"modified":"2022-07-06T15:44:49","modified_gmt":"2022-07-06T15:44:49","slug":"dante-gabriel-rossetti-1000-teile-puzzle-fur-erwachsene-a-christmas-carol","status":"publish","type":"product","link":"https:\/\/business.roovi.com\/de\/dante-gabriel-rossetti-1000-teile-puzzle-fur-erwachsene-a-christmas-carol\/p\/","title":{"rendered":"Dante Gabriel Rossetti 1000 Teile Puzzle f\u00fcr Erwachsene &#8211; A Christmas Carol"},"content":{"rendered":"<p><span style=\"font-size: 14px;line-height: 14px\"><span style=\"font-weight: 400\">Zu bewundern<\/span> <span style=\"font-weight: 400\">meisterwerke der Kunst zu sehen, ist ein einzigartiges Gef\u00fchl, aber es ist schwierig, in ber\u00fchmte Museen zu kommen, wenn du das Bed\u00fcrfnis hast, dich zu entspannen. Mit dem gr\u00f6\u00dften Angebot an Kunstpuzzles hast du jetzt die M\u00f6glichkeit, deine Lieblingsgem\u00e4lde nicht nur anzuschauen, sondern sie auch von Hand aus 1000 Teilen zusammenzusetzen.<\/span><\/span><\/p>\n<p><span style=\"font-size: 14px;line-height: 14px\"><span style=\"font-weight: 400\">1000 Teile Puzzle <\/span><span style=\"font-weight: 400\">Dante Gabriel Rossetti &#8211; Ein Weihnachtslied<\/span> <span style=\"font-weight: 400\">dr\u00fcckt die Sinnlichkeit der Musik aus, die Rosetti faszinierte und die der K\u00fcnstler in der Malerei wiedergegeben hat. Eine sch\u00f6ne Frau h\u00e4lt elegant ein Musikinstrument und vermittelt das Gef\u00fchl, dass der musikalische Akt eine Verbindung zwischen dem Betrachter und dem K\u00fcnstler herstellt. Dieses wunderbare Kunstr\u00e4tsel er\u00f6ffnet die komplexe Welt, die durch das tiefe Denken des Malers geschaffen wurde <\/span><span style=\"font-weight: 400\">Dante Gabriel Rossetti.<\/span><\/span><\/p>\n<p><span style=\"font-weight: 400\">Merkmale des Kunstpuzzles <\/span><span style=\"font-weight: 400\">Dante Gabriel Rossetti &#8211; Ein Weihnachtslied:<\/span><span style=\"font-weight: 400\"> <\/span><\/p>\n<p><strong>Ma\u00dfe des rekonstruierten Bildes: 50 x 70 cm.<\/strong><span style=\"font-weight: 400\"> Du kannst einen gew\u00f6hnlichen Couchtisch verwenden, um das Bild nachzubilden.<\/span><\/p>\n<p><strong>Puzzle-Material <\/strong><\/p>\n<p><strong>hochwertiger blauer Karton<\/strong><\/p>\n<p><strong>nachhaltige, recycelbare Materialien<\/strong><\/p>\n<p><strong>halbgl\u00e4nzende Oberfl\u00e4che, leuchtende Farben<\/strong><\/p>\n<p><strong>Anzahl der Puzzleteile: 1000<\/strong><\/p>\n<p><strong>Empfohlenes Alter: 14+<\/strong><\/p>\n<p><strong>1000-Teile-Puzzle h\u00e4lt den Stress unter Kontrolle<\/strong><\/p>\n<p><span style=\"font-weight: 400\">Puzzlespiele machen viel Spa\u00df, sind aber auch sehr entspannend. Wenn du dich auf diese T\u00e4tigkeit konzentrierst, ist dein Geist v\u00f6llig frei von anderen Sorgen oder Stress und hat nur ein Ziel: das Bild aus den 1000 Puzzleteilen zusammenzusetzen. Au\u00dferdem stellt sich heraus, dass dieser Zustand dem meditativen Zustand \u00e4hnelt, der dir hilft, mit stressigen Situationen umzugehen.<\/span><\/p>\n<p><span style=\"font-weight: 400\"> <\/span><strong>1000-Teile-Puzzle hilft dir, dich gut zu f\u00fchlen<\/strong><\/p>\n<p><span style=\"font-weight: 400\">Es ist kein Geheimnis, dass Puzzlespiele dich gut f\u00fchlen lassen. Aber es gibt eine wissenschaftliche Erkl\u00e4rung daf\u00fcr: W\u00e4hrend der entspannenden T\u00e4tigkeit des Puzzelns bei Erwachsenen steigt die Dopaminproduktion. Dies ist eine Substanz, die f\u00fcr Gl\u00fcck und Wohlbefinden verantwortlich ist. Dieser Neurotransmitter ist auch eng mit Optimismus, Zufriedenheit, Ged\u00e4chtnis und Konzentration verbunden.<\/span><\/p>\n<p><strong>Das 1000-teilige Puzzle verbessert deine Probleml\u00f6sungsf\u00e4higkeiten<\/strong><\/p>\n<p><span style=\"font-weight: 400\">Ein 1000-Teile-Puzzle ist wie ein 1000-Teile-Problem. Mit viel Entschlossenheit und Ausdauer schaffst du es jedes Mal, Ordnung in das Chaos aus hunderten von Puzzleteilen zu bringen. Diese \u00dcbung hilft dir, besser und kreativer zu werden, wenn es darum geht, Probleme und andere Situationen zu l\u00f6sen, in die dich das Leben bringt.<\/span><\/p>\n<p><strong>Was du nicht wusstest \u00fcber <\/strong><strong>Dante Gabriel Rossetti<\/strong><\/p>\n<p><span style=\"font-weight: 400\">Er gr\u00fcndete die Bruderschaft der Pr\u00e4raffaeliten, die das Ziel hatte, die Kunst zu reformieren, indem sie sich weigerte, die Werke der Manieristen mechanisch zu reproduzieren.<\/span><\/p>\n<p><span style=\"font-weight: 400\">Er war auch ein begabter Dichter, nicht nur ein Maler. Er schrieb zahlreiche Gedichte und Sonette.<\/span><\/p>\n<p><span style=\"font-weight: 400\">Er \u00fcbersetzte die Werke der fr\u00fchen italienischen Dichter ins Englische, darunter <\/span><em><span style=\"font-weight: 400\">Vita Nuova<\/span><\/em><span style=\"font-weight: 400\"> von Dante Alighieri.<\/span><\/p>\n<p><span style=\"font-weight: 400\">Er entwickelte eine Methode zum Malen mit Aquarellfarben, bei der er dicke, mit Gummi vermischte Pigmente verwendete, um reiche Effekte zu erzielen, die an mittelalterliche Miniaturen erinnern.<\/span><\/p>\n<p><span style=\"font-weight: 400\">Nach dem Tod seiner Frau, Elisabeth Siddal, mietete der K\u00fcnstler ein Haus in Chelsea, in dem er 20 Jahre lang lebte, umgeben von extravaganten M\u00f6beln und einer Parade exotischer V\u00f6gel und Tiere.<\/span><\/p>\n<p><span style=\"font-weight: 400\">Sie litt an einer depressiven Erkrankung und unternahm einen Selbstmordversuch. Er starb an einem Schlaganfall.<\/span><\/p>\n<p><strong>4 weitere Vorteile eines Kunstr\u00e4tsels<\/strong><\/p>\n<p><span style=\"font-weight: 400\">Garantiert bis zu 30 Stunden authentischen Spa\u00df<\/span><\/p>\n<p><span style=\"font-weight: 400\">Hilft, deinen \u00e4sthetischen Sinn zu entwickeln<\/span><\/p>\n<p><span style=\"font-weight: 400\">So erh\u00e4ltst du ein au\u00dfergew\u00f6hnliches Dekorationsobjekt, das dein Zuhause versch\u00f6nert.<\/span><\/p>\n<p><span style=\"font-weight: 400\">Es n\u00e4hrt deine Leidenschaft f\u00fcr Sch\u00f6nheit und Kultur.<\/span><span style=\"font-weight: 400\">1000 Teile Puzzle kaufen <\/span><span style=\"font-weight: 400\">Dante Gabriel Rossetti &#8211; Ein Weihnachtslied und <\/span><span style=\"font-weight: 400\">nutze alle Vorteile, die ein Puzzlespiel zu bieten hat! Entdecke alle Produkte in unserer Kunstpuzzle-Kollektion und erstelle deine eigene, einzigartige Galerie mit au\u00dfergew\u00f6hnlichen 1000-Teile-Puzzles.<\/span><\/p><\/p>\n","protected":false},"excerpt":{"rendered":"<p>Zu bewundern meisterwerke der Kunst zu sehen, ist ein einzigartiges Gef\u00fchl, aber es ist schwierig, in ber\u00fchmte Museen zu kommen,<\/p>\n","protected":false},"featured_media":64200,"template":"","meta":[],"product_brand":[],"product_cat":[1916,1875,1915],"product_tag":[],"class_list":{"0":"post-40827","1":"product","2":"type-product","3":"status-publish","4":"has-post-thumbnail","6":"product_cat-1000-teile-puzzle","7":"product_cat-puzzle-de","8":"product_cat-puzzlespiele-fur-erwachsene","9":"pa_bax-10-de","10":"pa_brand-d_toys-de","11":"pa_country_of_manufacture-ro-de","12":"pa_tip_ambalaj-kasten-a4-de","13":"pa_tip_puzzle-klassisch","15":"first","16":"instock","17":"taxable","18":"shipping-taxable","19":"product-type-simple"},"yoast_head":"<!-- This site is optimized with the Yoast SEO plugin v20.1 - https:\/\/yoast.com\/wordpress\/plugins\/seo\/ -->\n<title>Dante Gabriel Rossetti 1000 Teile Puzzle f\u00fcr Erwachsene - A Christmas Carol<\/title>\n<meta name=\"description\" content=\"Dante Gabriel Rossetti 1000 Teile Puzzle f\u00fcr Erwachsene - A Christmas Carol\" \/>\n<meta name=\"robots\" content=\"index, follow, max-snippet:-1, max-image-preview:large, max-video-preview:-1\" \/>\n<link rel=\"canonical\" href=\"https:\/\/business.roovi.com\/de\/dante-gabriel-rossetti-1000-teile-puzzle-fur-erwachsene-a-christmas-carol\/p\/\" \/>\n<meta property=\"og:locale\" content=\"de_DE\" \/>\n<meta property=\"og:type\" content=\"article\" \/>\n<meta property=\"og:title\" content=\"Dante Gabriel Rossetti 1000 Teile Puzzle f\u00fcr Erwachsene - A Christmas Carol\" \/>\n<meta property=\"og:description\" content=\"Dante Gabriel Rossetti 1000 Teile Puzzle f\u00fcr Erwachsene - A Christmas Carol\" \/>\n<meta property=\"og:url\" content=\"https:\/\/business.roovi.com\/de\/dante-gabriel-rossetti-1000-teile-puzzle-fur-erwachsene-a-christmas-carol\/p\/\" \/>\n<meta property=\"og:site_name\" content=\"Roovi B2B\" \/>\n<meta property=\"article:publisher\" content=\"https:\/\/www.facebook.com\/wwwjucariero\" \/>\n<meta property=\"article:modified_time\" content=\"2022-07-06T15:44:49+00:00\" \/>\n<meta property=\"og:image\" content=\"https:\/\/business.roovi.com\/wp-content\/uploads\/2021\/11\/76823-01_ansamblu_dimensiuni_cutie_cm_1200x1200.png\" \/>\n\t<meta property=\"og:image:width\" content=\"1200\" \/>\n\t<meta property=\"og:image:height\" content=\"1200\" \/>\n\t<meta property=\"og:image:type\" content=\"image\/png\" \/>\n<meta name=\"twitter:label1\" content=\"Gesch\u00e4tzte Lesezeit\" \/>\n\t<meta name=\"twitter:data1\" content=\"3\u00a0Minuten\" \/>\n<script type=\"application\/ld+json\" class=\"yoast-schema-graph\">{\"@context\":\"https:\/\/schema.org\",\"@graph\":[{\"@type\":\"WebPage\",\"@id\":\"https:\/\/business.roovi.com\/de\/dante-gabriel-rossetti-1000-teile-puzzle-fur-erwachsene-a-christmas-carol\/p\/\",\"url\":\"https:\/\/business.roovi.com\/de\/dante-gabriel-rossetti-1000-teile-puzzle-fur-erwachsene-a-christmas-carol\/p\/\",\"name\":\"Dante Gabriel Rossetti 1000 Teile Puzzle f\u00fcr Erwachsene - A Christmas Carol\",\"isPartOf\":{\"@id\":\"https:\/\/business.roovi.com\/de\/#website\"},\"datePublished\":\"2021-11-11T15:14:56+00:00\",\"dateModified\":\"2022-07-06T15:44:49+00:00\",\"description\":\"Dante Gabriel Rossetti 1000 Teile Puzzle f\u00fcr Erwachsene - A Christmas Carol\",\"breadcrumb\":{\"@id\":\"https:\/\/business.roovi.com\/de\/dante-gabriel-rossetti-1000-teile-puzzle-fur-erwachsene-a-christmas-carol\/p\/#breadcrumb\"},\"inLanguage\":\"de\",\"potentialAction\":[{\"@type\":\"ReadAction\",\"target\":[\"https:\/\/business.roovi.com\/de\/dante-gabriel-rossetti-1000-teile-puzzle-fur-erwachsene-a-christmas-carol\/p\/\"]}]},{\"@type\":\"BreadcrumbList\",\"@id\":\"https:\/\/business.roovi.com\/de\/dante-gabriel-rossetti-1000-teile-puzzle-fur-erwachsene-a-christmas-carol\/p\/#breadcrumb\",\"itemListElement\":[{\"@type\":\"ListItem\",\"position\":1,\"name\":\"Home\",\"item\":\"https:\/\/business.roovi.com\/de\/\"},{\"@type\":\"ListItem\",\"position\":2,\"name\":\"Shop\",\"item\":\"https:\/\/business.roovi.com\/de\/shop\/\"},{\"@type\":\"ListItem\",\"position\":3,\"name\":\"Dante Gabriel Rossetti 1000 Teile Puzzle f\u00fcr Erwachsene &#8211; A Christmas Carol\"}]},{\"@type\":\"WebSite\",\"@id\":\"https:\/\/business.roovi.com\/de\/#website\",\"url\":\"https:\/\/business.roovi.com\/de\/\",\"name\":\"Roovi B2B\",\"description\":\"Roovi Business Website\",\"potentialAction\":[{\"@type\":\"SearchAction\",\"target\":{\"@type\":\"EntryPoint\",\"urlTemplate\":\"https:\/\/business.roovi.com\/de\/?s={search_term_string}\"},\"query-input\":\"required name=search_term_string\"}],\"inLanguage\":\"de\"}]}<\/script>\n<!-- \/ Yoast SEO plugin. -->","yoast_head_json":{"title":"Dante Gabriel Rossetti 1000 Teile Puzzle f\u00fcr Erwachsene - A Christmas Carol","description":"Dante Gabriel Rossetti 1000 Teile Puzzle f\u00fcr Erwachsene - A Christmas Carol","robots":{"index":"index","follow":"follow","max-snippet":"max-snippet:-1","max-image-preview":"max-image-preview:large","max-video-preview":"max-video-preview:-1"},"canonical":"https:\/\/business.roovi.com\/de\/dante-gabriel-rossetti-1000-teile-puzzle-fur-erwachsene-a-christmas-carol\/p\/","og_locale":"de_DE","og_type":"article","og_title":"Dante Gabriel Rossetti 1000 Teile Puzzle f\u00fcr Erwachsene - A Christmas Carol","og_description":"Dante Gabriel Rossetti 1000 Teile Puzzle f\u00fcr Erwachsene - A Christmas Carol","og_url":"https:\/\/business.roovi.com\/de\/dante-gabriel-rossetti-1000-teile-puzzle-fur-erwachsene-a-christmas-carol\/p\/","og_site_name":"Roovi B2B","article_publisher":"https:\/\/www.facebook.com\/wwwjucariero","article_modified_time":"2022-07-06T15:44:49+00:00","og_image":[{"width":1200,"height":1200,"url":"https:\/\/business.roovi.com\/wp-content\/uploads\/2021\/11\/76823-01_ansamblu_dimensiuni_cutie_cm_1200x1200.png","type":"image\/png"}],"twitter_misc":{"Gesch\u00e4tzte Lesezeit":"3\u00a0Minuten"},"schema":{"@context":"https:\/\/schema.org","@graph":[{"@type":"WebPage","@id":"https:\/\/business.roovi.com\/de\/dante-gabriel-rossetti-1000-teile-puzzle-fur-erwachsene-a-christmas-carol\/p\/","url":"https:\/\/business.roovi.com\/de\/dante-gabriel-rossetti-1000-teile-puzzle-fur-erwachsene-a-christmas-carol\/p\/","name":"Dante Gabriel Rossetti 1000 Teile Puzzle f\u00fcr Erwachsene - A Christmas Carol","isPartOf":{"@id":"https:\/\/business.roovi.com\/de\/#website"},"datePublished":"2021-11-11T15:14:56+00:00","dateModified":"2022-07-06T15:44:49+00:00","description":"Dante Gabriel Rossetti 1000 Teile Puzzle f\u00fcr Erwachsene - A Christmas Carol","breadcrumb":{"@id":"https:\/\/business.roovi.com\/de\/dante-gabriel-rossetti-1000-teile-puzzle-fur-erwachsene-a-christmas-carol\/p\/#breadcrumb"},"inLanguage":"de","potentialAction":[{"@type":"ReadAction","target":["https:\/\/business.roovi.com\/de\/dante-gabriel-rossetti-1000-teile-puzzle-fur-erwachsene-a-christmas-carol\/p\/"]}]},{"@type":"BreadcrumbList","@id":"https:\/\/business.roovi.com\/de\/dante-gabriel-rossetti-1000-teile-puzzle-fur-erwachsene-a-christmas-carol\/p\/#breadcrumb","itemListElement":[{"@type":"ListItem","position":1,"name":"Home","item":"https:\/\/business.roovi.com\/de\/"},{"@type":"ListItem","position":2,"name":"Shop","item":"https:\/\/business.roovi.com\/de\/shop\/"},{"@type":"ListItem","position":3,"name":"Dante Gabriel Rossetti 1000 Teile Puzzle f\u00fcr Erwachsene &#8211; A Christmas Carol"}]},{"@type":"WebSite","@id":"https:\/\/business.roovi.com\/de\/#website","url":"https:\/\/business.roovi.com\/de\/","name":"Roovi B2B","description":"Roovi Business Website","potentialAction":[{"@type":"SearchAction","target":{"@type":"EntryPoint","urlTemplate":"https:\/\/business.roovi.com\/de\/?s={search_term_string}"},"query-input":"required name=search_term_string"}],"inLanguage":"de"}]}},"_links":{"self":[{"href":"https:\/\/business.roovi.com\/de\/wp-json\/wp\/v2\/product\/40827","targetHints":{"allow":["GET"]}}],"collection":[{"href":"https:\/\/business.roovi.com\/de\/wp-json\/wp\/v2\/product"}],"about":[{"href":"https:\/\/business.roovi.com\/de\/wp-json\/wp\/v2\/types\/product"}],"version-history":[{"count":0,"href":"https:\/\/business.roovi.com\/de\/wp-json\/wp\/v2\/product\/40827\/revisions"}],"wp:featuredmedia":[{"embeddable":true,"href":"https:\/\/business.roovi.com\/de\/wp-json\/wp\/v2\/media\/64200"}],"wp:attachment":[{"href":"https:\/\/business.roovi.com\/de\/wp-json\/wp\/v2\/media?parent=40827"}],"wp:term":[{"taxonomy":"product_brand","embeddable":true,"href":"https:\/\/business.roovi.com\/de\/wp-json\/wp\/v2\/product_brand?post=40827"},{"taxonomy":"product_cat","embeddable":true,"href":"https:\/\/business.roovi.com\/de\/wp-json\/wp\/v2\/product_cat?post=40827"},{"taxonomy":"product_tag","embeddable":true,"href":"https:\/\/business.roovi.com\/de\/wp-json\/wp\/v2\/product_tag?post=40827"}],"curies":[{"name":"wp","href":"https:\/\/api.w.org\/{rel}","templated":true}]}}