{"id":40832,"date":"2021-11-11T13:52:25","date_gmt":"2021-11-11T13:52:25","guid":{"rendered":"https:\/\/business.roovi.com\/puzzle-adulti-1000-piese-pieter-brueghel-cel-tanar-the-marriage-procession\/p\/"},"modified":"2022-10-18T09:34:13","modified_gmt":"2022-10-18T09:34:13","slug":"pieter-brueghel-der-jungere-die-hochzeitsprozession-1000-teiliges-puzzle-fur-erwachsene","status":"publish","type":"product","link":"https:\/\/business.roovi.com\/de\/pieter-brueghel-der-jungere-die-hochzeitsprozession-1000-teiliges-puzzle-fur-erwachsene\/p\/","title":{"rendered":"Pieter Brueghel der J\u00fcngere &#8211; Die Hochzeitsprozession 1000-teiliges Puzzle f\u00fcr Erwachsene"},"content":{"rendered":"<p><span style=\"font-weight: 400; line-height: 14px; font-size: 14px;\">Du suchst nach einer &#8222;anderen&#8220; Art, deine Freizeit zu verbringen? Kunstr\u00e4tsel entf\u00fchren dich in die exquisite Welt ber\u00fchmter Gem\u00e4lde und geben deiner Freizeit einen anderen Wert. Entdecke jetzt die gr\u00f6\u00dfte Sammlung von Kunstpuzzles aus Rum\u00e4nien und erstelle deine eigenen einzigartigen Gem\u00e4lde aus 1000 Puzzleteilen.<\/span><\/p>\n<p><span style=\"line-height: 14px; font-size: 14px;\"><span style=\"font-weight: 400;\">1000 Teile Puzzle f\u00fcr Erwachsene<\/span><span style=\"font-weight: 400;\"> Pieter Brueghel der J\u00fcngere &#8211; Der Hochzeitszug nimmt dich mit in die Zeit des 16. Jahrhunderts und zeigt dir einen einzigartigen Hochzeitszug <\/span><span style=\"font-weight: 400;\">in Flandern. Die Menschen arbeiten nicht mehr, die ganze Natur ist stehen geblieben, um den sch\u00f6nsten Tag im Leben eines einfachen Menschen zu feiern. Nimm dir eine Auszeit von der t\u00e4glichen Hektik, zieh deinen Couchtisch im Wohnzimmer auf und tauche ein in die b\u00f6hmische, farbenfrohe Atmosph\u00e4re einer fl\u00e4mischen Hochzeit. Am Ende wird ein 50 x 70 cm gro\u00dfes Gem\u00e4lde deine Augen erfreuen und in seinem Rahmen wundersch\u00f6n aussehen.<\/span> <\/span><\/p>\n<p><span style=\"font-weight: 400; line-height: 14px; font-size: 14px;\">Lies unten mehr \u00fcber die Eigenschaften dieses Kunstpuzzles:<\/span><\/p>\n<p><span style=\"line-height: 14px; font-size: 14px;\"><strong>Puzzle-Material <\/strong><\/span><\/p>\n<p><span style=\"line-height: 14px; font-size: 14px;\"><strong>hochwertiger blauer Karton<\/strong><\/span><\/p>\n<p><span style=\"line-height: 14px; font-size: 14px;\"><strong>nachhaltige, recycelbare Materialien<\/strong><\/span><\/p>\n<p><span style=\"line-height: 14px; font-size: 14px;\"><strong>halbgl\u00e4nzende Oberfl\u00e4che, leuchtende Farben<\/strong><\/span><\/p>\n<p><span style=\"line-height: 14px; font-size: 14px;\"><strong>Anzahl der Puzzleteile: 1000<\/strong><\/span><\/p>\n<p><span style=\"line-height: 14px; font-size: 14px;\"><strong>Empfohlenes Alter: 14+<\/strong><\/span><\/p>\n<p><span style=\"line-height: 14px; font-size: 14px;\"><strong>3 F\u00e4higkeiten, die du beim Zusammensetzen von Puzzles f\u00fcr Erwachsene entwickelst<\/strong><\/span><\/p>\n<p><span style=\"line-height: 14px; font-size: 14px;\"><strong>Geduld<\/strong><\/span><\/p>\n<p><span style=\"font-weight: 400; line-height: 14px; font-size: 14px;\">Ein 1000-teiliges Puzzle zusammenzusetzen kann eine Sisyphusarbeit sein, vor allem, wenn du gerade erst anf\u00e4ngst. Aber wenn du dich erst einmal f\u00fcr die beste Strategie entschieden hast, wird die Arbeit angenehm und entspannend, und die Stunden vergehen, ohne dass du merkst, wie geduldig du geworden bist. Diese F\u00e4higkeit wird dir bei vielen anderen T\u00e4tigkeiten, die du ausf\u00fchren musst, gute Dienste leisten.<\/span><\/p>\n<p><span style=\"line-height: 14px; font-size: 14px;\"><strong>Liebe zum Detail<\/strong><\/span><\/p>\n<p><span style=\"font-weight: 400; line-height: 14px; font-size: 14px;\">In manchen Berufen, wie zum Beispiel in der Medizin, kann die Beachtung kleinster Details den Unterschied zwischen Leben und Tod bedeuten. Diese F\u00e4higkeit ist also sehr wichtig. Du kannst sie trainieren und verbessern, indem du jeden Tag mindestens 30 Minuten lang 1000-teilige Puzzles l\u00f6st.<\/span><\/p>\n<p><span style=\"line-height: 14px; font-size: 14px;\"><strong>Logik<\/strong><\/span><\/p>\n<p><span style=\"font-weight: 400; line-height: 14px; font-size: 14px;\">Das Puzzlespiel mag anfangs wie ein Chaos erscheinen. Hunderte von 1000 Puzzleteilen, die auf einem kleinen Tisch verstreut sind, erschrecken dich auf den ersten Blick. Aber sobald du erkennst, dass jedes St\u00fcck seinen eigenen Platz hat, wird es klarer und einfacher. Und nach viel \u00dcbung und Dutzenden von zusammengesetzten Puzzlemustern f\u00fcr Erwachsene wirst du viel besser in Logik werden.<\/span><\/p>\n<p><span style=\"line-height: 14px; font-size: 14px;\"><strong>5 Kuriosit\u00e4ten \u00fcber Pieter Bruegel den J\u00fcngeren<\/strong><\/span><\/p>\n<p><span style=\"font-weight: 400; line-height: 14px; font-size: 14px;\">Er wurde Brueghel der H\u00f6lle genannt, weil man glaubte, dass er der Autor mehrerer Gem\u00e4lde mit fantastischen Darstellungen von Feuer und grotesken Bildern war. Sp\u00e4ter wurden diese Werke seinem Bruder, Jan Brueghel dem \u00c4lteren, zugeschrieben.<\/span><\/p>\n<p><span style=\"line-height: 14px; font-size: 14px;\"><span style=\"font-weight: 400;\">Er kopierte viele der ber\u00fchmten Werke seines Vaters, <\/span><span style=\"font-weight: 400;\">Pieter Bruegel<\/span><span style=\"font-weight: 400;\"> den \u00c4ltesten mit einer Technik, die &#8222;pouncing&#8220; genannt wird.<\/span><\/span><\/p>\n<p><span style=\"font-weight: 400; line-height: 14px; font-size: 14px;\">Die Hochzeitszug-Szene, die das realistische Alltagsleben der wohlhabenden Bauernklasse darstellt, war zu seiner Zeit sehr beliebt, weshalb es viele Repliken dieses Gem\u00e4ldes gab. 7 von ihnen wurden heute eindeutig identifiziert.<\/span><\/p>\n<p><span style=\"font-weight: 400; line-height: 14px; font-size: 14px;\">F\u00fcr einige Kritiker fehlt dem Werk von Pieter Bruegel dem J\u00fcngeren die Substanz und der Humanismus, den man in den Werken seines ber\u00fchmten Vaters bewundern kann.<\/span><\/p>\n<p><span style=\"font-weight: 400; line-height: 14px; font-size: 14px;\">Sein Name geriet im 18. und 19. Jahrhundert in Vergessenheit und wurde erst im 20. Jahrhundert bekannt.<\/span><\/p>\n<p><span style=\"line-height: 14px; font-size: 14px;\"><strong>Du genie\u00dft mindestens 3 Vorteile, wenn du Kunstpuzzles zusammensetzt<\/strong><\/span><\/p>\n<p><span style=\"font-weight: 400; line-height: 14px; font-size: 14px;\">1. Du erstellst dein eigenes Kunstwerk aus einem 1000-teiligen Puzzle.<\/span><\/p>\n<p><span style=\"font-weight: 400; line-height: 14px; font-size: 14px;\">2. Du entwickelst deinen Sinn f\u00fcr \u00c4sthetik und Farben.<\/span><\/p>\n<p><span style=\"font-weight: 400; line-height: 14px; font-size: 14px;\">3. Du bereicherst dein Wissen \u00fcber Kunst und ber\u00fchmte Maler.<\/span><\/p>\n<p><span style=\"line-height: 14px; font-size: 14px;\"><span style=\"font-weight: 400;\">Puzzle jetzt kaufen <\/span><span style=\"font-weight: 400;\">Pieter Brueghel der J\u00fcngere &#8211; Die Hochzeitsprozession aus unserer Sammlung von Kunstpuzzles und versch\u00f6nere dein Zuhause mit einem au\u00dfergew\u00f6hnlichen Gem\u00e4lde, das aus einem 1000-Teile-Puzzle nachgebaut wurde.<\/span><\/span><\/p>\n<p><span style=\"font-weight: 400; line-height: 14px; font-size: 14px;\">Dieses wundersch\u00f6ne Kunstpuzzle ist ein tolles Geschenk f\u00fcr Familienmitglieder oder puzzlebegeisterte Freunde zu verschiedenen Anl\u00e4ssen.<\/span><\/p>\n","protected":false},"excerpt":{"rendered":"<p>Du suchst nach einer &#8222;anderen&#8220; Art, deine Freizeit zu verbringen? Kunstr\u00e4tsel entf\u00fchren dich in die exquisite Welt ber\u00fchmter Gem\u00e4lde und<\/p>\n","protected":false},"featured_media":63109,"template":"","meta":[],"product_brand":[],"product_cat":[1916,1875,1915],"product_tag":[],"class_list":{"0":"post-40832","1":"product","2":"type-product","3":"status-publish","4":"has-post-thumbnail","6":"product_cat-1000-teile-puzzle","7":"product_cat-puzzle-de","8":"product_cat-puzzlespiele-fur-erwachsene","9":"pa_brand-d_toys-de","10":"pa_country_of_manufacture-ro-de","11":"pa_filter_age-14-de","12":"pa_painter-pieterbreugheltheyounger-de","13":"pa_tip_puzzle-klassisch","15":"first","16":"instock","17":"taxable","18":"shipping-taxable","19":"product-type-simple"},"yoast_head":"<!-- This site is optimized with the Yoast SEO plugin v20.1 - https:\/\/yoast.com\/wordpress\/plugins\/seo\/ -->\n<title>Pieter Brueghel der J\u00fcngere - Die Hochzeitsprozession 1000-teiliges Puzzle f\u00fcr Erwachsene<\/title>\n<meta name=\"description\" content=\"Pieter Brueghel der J\u00fcngere - Die Hochzeitsprozession 1000-teiliges Puzzle f\u00fcr Erwachsene\" \/>\n<meta name=\"robots\" content=\"index, follow, max-snippet:-1, max-image-preview:large, max-video-preview:-1\" \/>\n<link rel=\"canonical\" href=\"https:\/\/business.roovi.com\/de\/pieter-brueghel-der-jungere-die-hochzeitsprozession-1000-teiliges-puzzle-fur-erwachsene\/p\/\" \/>\n<meta property=\"og:locale\" content=\"de_DE\" \/>\n<meta property=\"og:type\" content=\"article\" \/>\n<meta property=\"og:title\" content=\"Pieter Brueghel der J\u00fcngere - Die Hochzeitsprozession 1000-teiliges Puzzle f\u00fcr Erwachsene\" \/>\n<meta property=\"og:description\" content=\"Pieter Brueghel der J\u00fcngere - Die Hochzeitsprozession 1000-teiliges Puzzle f\u00fcr Erwachsene\" \/>\n<meta property=\"og:url\" content=\"https:\/\/business.roovi.com\/de\/pieter-brueghel-der-jungere-die-hochzeitsprozession-1000-teiliges-puzzle-fur-erwachsene\/p\/\" \/>\n<meta property=\"og:site_name\" content=\"Roovi B2B\" \/>\n<meta property=\"article:publisher\" content=\"https:\/\/www.facebook.com\/wwwjucariero\" \/>\n<meta property=\"article:modified_time\" content=\"2022-10-18T09:34:13+00:00\" \/>\n<meta property=\"og:image\" content=\"https:\/\/business.roovi.com\/wp-content\/uploads\/2021\/11\/66947-07_ansamblu_dimensiuni_cutie_cm_1200x1200.png\" \/>\n\t<meta property=\"og:image:width\" content=\"1200\" \/>\n\t<meta property=\"og:image:height\" content=\"1200\" \/>\n\t<meta property=\"og:image:type\" content=\"image\/png\" \/>\n<meta name=\"twitter:label1\" content=\"Gesch\u00e4tzte Lesezeit\" \/>\n\t<meta name=\"twitter:data1\" content=\"3\u00a0Minuten\" \/>\n<script type=\"application\/ld+json\" class=\"yoast-schema-graph\">{\"@context\":\"https:\/\/schema.org\",\"@graph\":[{\"@type\":\"WebPage\",\"@id\":\"https:\/\/business.roovi.com\/de\/pieter-brueghel-der-jungere-die-hochzeitsprozession-1000-teiliges-puzzle-fur-erwachsene\/p\/\",\"url\":\"https:\/\/business.roovi.com\/de\/pieter-brueghel-der-jungere-die-hochzeitsprozession-1000-teiliges-puzzle-fur-erwachsene\/p\/\",\"name\":\"Pieter Brueghel der J\u00fcngere - Die Hochzeitsprozession 1000-teiliges Puzzle f\u00fcr Erwachsene\",\"isPartOf\":{\"@id\":\"https:\/\/business.roovi.com\/de\/#website\"},\"datePublished\":\"2021-11-11T13:52:25+00:00\",\"dateModified\":\"2022-10-18T09:34:13+00:00\",\"description\":\"Pieter Brueghel der J\u00fcngere - Die Hochzeitsprozession 1000-teiliges Puzzle f\u00fcr Erwachsene\",\"breadcrumb\":{\"@id\":\"https:\/\/business.roovi.com\/de\/pieter-brueghel-der-jungere-die-hochzeitsprozession-1000-teiliges-puzzle-fur-erwachsene\/p\/#breadcrumb\"},\"inLanguage\":\"de\",\"potentialAction\":[{\"@type\":\"ReadAction\",\"target\":[\"https:\/\/business.roovi.com\/de\/pieter-brueghel-der-jungere-die-hochzeitsprozession-1000-teiliges-puzzle-fur-erwachsene\/p\/\"]}]},{\"@type\":\"BreadcrumbList\",\"@id\":\"https:\/\/business.roovi.com\/de\/pieter-brueghel-der-jungere-die-hochzeitsprozession-1000-teiliges-puzzle-fur-erwachsene\/p\/#breadcrumb\",\"itemListElement\":[{\"@type\":\"ListItem\",\"position\":1,\"name\":\"Home\",\"item\":\"https:\/\/business.roovi.com\/de\/\"},{\"@type\":\"ListItem\",\"position\":2,\"name\":\"Shop\",\"item\":\"https:\/\/business.roovi.com\/de\/shop\/\"},{\"@type\":\"ListItem\",\"position\":3,\"name\":\"Pieter Brueghel der J\u00fcngere &#8211; Die Hochzeitsprozession 1000-teiliges Puzzle f\u00fcr Erwachsene\"}]},{\"@type\":\"WebSite\",\"@id\":\"https:\/\/business.roovi.com\/de\/#website\",\"url\":\"https:\/\/business.roovi.com\/de\/\",\"name\":\"Roovi B2B\",\"description\":\"Roovi Business Website\",\"potentialAction\":[{\"@type\":\"SearchAction\",\"target\":{\"@type\":\"EntryPoint\",\"urlTemplate\":\"https:\/\/business.roovi.com\/de\/?s={search_term_string}\"},\"query-input\":\"required name=search_term_string\"}],\"inLanguage\":\"de\"}]}<\/script>\n<!-- \/ Yoast SEO plugin. -->","yoast_head_json":{"title":"Pieter Brueghel der J\u00fcngere - Die Hochzeitsprozession 1000-teiliges Puzzle f\u00fcr Erwachsene","description":"Pieter Brueghel der J\u00fcngere - Die Hochzeitsprozession 1000-teiliges Puzzle f\u00fcr Erwachsene","robots":{"index":"index","follow":"follow","max-snippet":"max-snippet:-1","max-image-preview":"max-image-preview:large","max-video-preview":"max-video-preview:-1"},"canonical":"https:\/\/business.roovi.com\/de\/pieter-brueghel-der-jungere-die-hochzeitsprozession-1000-teiliges-puzzle-fur-erwachsene\/p\/","og_locale":"de_DE","og_type":"article","og_title":"Pieter Brueghel der J\u00fcngere - Die Hochzeitsprozession 1000-teiliges Puzzle f\u00fcr Erwachsene","og_description":"Pieter Brueghel der J\u00fcngere - Die Hochzeitsprozession 1000-teiliges Puzzle f\u00fcr Erwachsene","og_url":"https:\/\/business.roovi.com\/de\/pieter-brueghel-der-jungere-die-hochzeitsprozession-1000-teiliges-puzzle-fur-erwachsene\/p\/","og_site_name":"Roovi B2B","article_publisher":"https:\/\/www.facebook.com\/wwwjucariero","article_modified_time":"2022-10-18T09:34:13+00:00","og_image":[{"width":1200,"height":1200,"url":"https:\/\/business.roovi.com\/wp-content\/uploads\/2021\/11\/66947-07_ansamblu_dimensiuni_cutie_cm_1200x1200.png","type":"image\/png"}],"twitter_misc":{"Gesch\u00e4tzte Lesezeit":"3\u00a0Minuten"},"schema":{"@context":"https:\/\/schema.org","@graph":[{"@type":"WebPage","@id":"https:\/\/business.roovi.com\/de\/pieter-brueghel-der-jungere-die-hochzeitsprozession-1000-teiliges-puzzle-fur-erwachsene\/p\/","url":"https:\/\/business.roovi.com\/de\/pieter-brueghel-der-jungere-die-hochzeitsprozession-1000-teiliges-puzzle-fur-erwachsene\/p\/","name":"Pieter Brueghel der J\u00fcngere - Die Hochzeitsprozession 1000-teiliges Puzzle f\u00fcr Erwachsene","isPartOf":{"@id":"https:\/\/business.roovi.com\/de\/#website"},"datePublished":"2021-11-11T13:52:25+00:00","dateModified":"2022-10-18T09:34:13+00:00","description":"Pieter Brueghel der J\u00fcngere - Die Hochzeitsprozession 1000-teiliges Puzzle f\u00fcr Erwachsene","breadcrumb":{"@id":"https:\/\/business.roovi.com\/de\/pieter-brueghel-der-jungere-die-hochzeitsprozession-1000-teiliges-puzzle-fur-erwachsene\/p\/#breadcrumb"},"inLanguage":"de","potentialAction":[{"@type":"ReadAction","target":["https:\/\/business.roovi.com\/de\/pieter-brueghel-der-jungere-die-hochzeitsprozession-1000-teiliges-puzzle-fur-erwachsene\/p\/"]}]},{"@type":"BreadcrumbList","@id":"https:\/\/business.roovi.com\/de\/pieter-brueghel-der-jungere-die-hochzeitsprozession-1000-teiliges-puzzle-fur-erwachsene\/p\/#breadcrumb","itemListElement":[{"@type":"ListItem","position":1,"name":"Home","item":"https:\/\/business.roovi.com\/de\/"},{"@type":"ListItem","position":2,"name":"Shop","item":"https:\/\/business.roovi.com\/de\/shop\/"},{"@type":"ListItem","position":3,"name":"Pieter Brueghel der J\u00fcngere &#8211; Die Hochzeitsprozession 1000-teiliges Puzzle f\u00fcr Erwachsene"}]},{"@type":"WebSite","@id":"https:\/\/business.roovi.com\/de\/#website","url":"https:\/\/business.roovi.com\/de\/","name":"Roovi B2B","description":"Roovi Business Website","potentialAction":[{"@type":"SearchAction","target":{"@type":"EntryPoint","urlTemplate":"https:\/\/business.roovi.com\/de\/?s={search_term_string}"},"query-input":"required name=search_term_string"}],"inLanguage":"de"}]}},"_links":{"self":[{"href":"https:\/\/business.roovi.com\/de\/wp-json\/wp\/v2\/product\/40832","targetHints":{"allow":["GET"]}}],"collection":[{"href":"https:\/\/business.roovi.com\/de\/wp-json\/wp\/v2\/product"}],"about":[{"href":"https:\/\/business.roovi.com\/de\/wp-json\/wp\/v2\/types\/product"}],"version-history":[{"count":0,"href":"https:\/\/business.roovi.com\/de\/wp-json\/wp\/v2\/product\/40832\/revisions"}],"wp:featuredmedia":[{"embeddable":true,"href":"https:\/\/business.roovi.com\/de\/wp-json\/wp\/v2\/media\/63109"}],"wp:attachment":[{"href":"https:\/\/business.roovi.com\/de\/wp-json\/wp\/v2\/media?parent=40832"}],"wp:term":[{"taxonomy":"product_brand","embeddable":true,"href":"https:\/\/business.roovi.com\/de\/wp-json\/wp\/v2\/product_brand?post=40832"},{"taxonomy":"product_cat","embeddable":true,"href":"https:\/\/business.roovi.com\/de\/wp-json\/wp\/v2\/product_cat?post=40832"},{"taxonomy":"product_tag","embeddable":true,"href":"https:\/\/business.roovi.com\/de\/wp-json\/wp\/v2\/product_tag?post=40832"}],"curies":[{"name":"wp","href":"https:\/\/api.w.org\/{rel}","templated":true}]}}