{"id":40836,"date":"2021-11-11T12:21:38","date_gmt":"2021-11-11T12:21:38","guid":{"rendered":"https:\/\/business.roovi.com\/puzzle-adulti-1000-piese-pieter-bruegel-cel-batran-the-fight-between-carnival-and-lent\/p\/"},"modified":"2022-07-06T15:49:09","modified_gmt":"2022-07-06T15:49:09","slug":"pieter-bruegel-der-altere-der-kampf-zwischen-karneval-und-fastenzeit-1000-teile-puzzle-fur-erwachsene","status":"publish","type":"product","link":"https:\/\/business.roovi.com\/de\/pieter-bruegel-der-altere-der-kampf-zwischen-karneval-und-fastenzeit-1000-teile-puzzle-fur-erwachsene\/p\/","title":{"rendered":"Pieter Bruegel der \u00c4ltere &#8211; Der Kampf zwischen Karneval und Fastenzeit &#8211; 1000 Teile Puzzle f\u00fcr Erwachsene"},"content":{"rendered":"<p><span style=\"font-weight: 400\">Suchst du nach einer lustigen Aktivit\u00e4t f\u00fcr das Wochenende oder f\u00fcr langweilige Abende? Die gr\u00f6\u00dfte Sammlung von Kunstr\u00e4tseln in Rum\u00e4nien entf\u00fchrt dich in eine andere Dimension voller Farbe und Stil, und deine Freizeit wird einen neuen Wert bekommen.<\/span><\/p>\n<p><span style=\"font-weight: 400\">Pieter Bruegel der \u00c4ltere &#8211; Der Kampf zwischen Karneval und Fastenzeit 1000-teiliges Puzzle gibt die besondere Symbolik des Gem\u00e4ldes des ber\u00fchmten Renaissance-K\u00fcnstlers in einem einzigartigen Bild wieder. Wappne dich mit Geduld und bringe Ordnung in das Chaos von 1000 Puzzleteilen. Du kannst einen normalen Couchtisch verwenden, um das 50 x 70 cm gro\u00dfe Bild wiederherzustellen.<\/span><\/p>\n<p><span style=\"font-weight: 400\">Lies unten mehr \u00fcber dieses wunderbare Kunstpuzzle:<\/span><\/p>\n<p><strong>Puzzle-Material <\/strong><\/p>\n<p><strong>hochwertiger blauer Karton<\/strong><\/p>\n<p><strong>nachhaltige, recycelbare Materialien<\/strong><\/p>\n<p><strong>halbgl\u00e4nzende Oberfl\u00e4che, leuchtende Farben<\/strong><\/p>\n<p><strong>Anzahl der Puzzleteile: 1000<\/strong><\/p>\n<p><strong>Empfohlenes Alter: 14+<\/strong><\/p>\n<p><span style=\"font-weight: 400\">Puzzlespiele helfen dir, gesund zu bleiben<\/span><\/p>\n<p><span style=\"font-weight: 400\">Das Zusammensetzen von Puzzles mit 1000 Teilen entspannt dich, unterh\u00e4lt dich und h\u00e4lt dich gesund. Hier sind einige der vielen Vorteile, die Puzzles f\u00fcr Erwachsene bieten:<\/span><\/p>\n<p><strong>Sie halten dein Herz gesund<\/strong><span style=\"font-weight: 400\"> &#8211; wenn du ein 1000-teiliges Puzzle zusammensetzt, ger\u00e4t dein K\u00f6rper in einen Zustand der Ruhe und Entspannung. Du schaltest vom Alltagsstress ab, dein K\u00f6rper entspannt sich und funktioniert ganz normal.<\/span><\/p>\n<p><strong>Die Gesundheit des Gehirns erhalten<\/strong><span style=\"font-weight: 400\"> &#8211; das Zusammensetzen des 1000-teiligen Puzzles beansprucht beide Gehirnh\u00e4lften, so dass es eine hervorragende \u00dcbung f\u00fcr das Gehirn ist.<\/span><\/p>\n<p><strong>Verbessere dein Ged\u00e4chtnis &#8211; <\/strong><span style=\"font-weight: 400\">die richtigen Teile zu finden, sich Formen und Farben einzupr\u00e4gen und sich zu merken, wo die Teile in einem 1000-Teile-Puzzle zusammenpassen, ist auch eine effektive \u00dcbung f\u00fcr das Kurzzeitged\u00e4chtnis.<\/span><\/p>\n<p><span style=\"font-weight: 400\"> <\/span><strong>\u00dcber<\/strong> <strong><em>Der Kampf zwischen Karneval und Ostern <\/em><\/strong><strong>wusstest du das?<\/strong><\/p>\n<p><span style=\"font-weight: 400\">Sie beleuchtet rund 200 Zeichen und ist ein echter Kampf zwischen dem Heiligen und dem Profanen.<\/span><\/p>\n<p><span style=\"font-weight: 400\">Das Werk ist eine symbolische Darstellung von Fr\u00f6mmigkeit und S\u00fcnde <\/span><\/p>\n<p><span style=\"font-weight: 400\">Im Mittelpunkt des Werks scheint der religi\u00f6se Konflikt zu stehen, der mit der Macht\u00fcbernahme von K\u00f6nig Philipp II. von Spanien entstand, der den Glauben des Katholizismus durchsetzte.<\/span><\/p>\n<p><span style=\"font-weight: 400\">Das Bild bezeichnet keine der beiden Seiten als gut oder schlecht, sondern stellt beide als zwei Extreme der Menschheit dar.<\/span><\/p>\n<p><span style=\"font-weight: 400\">Es gibt 18 Nachbildungen dieses Gem\u00e4ldes, von denen 5 von seinem Sohn, Pieter Brueghel dem J\u00fcngeren, angefertigt wurden.<\/span><\/p>\n<p><strong>1000 Teile Puzzle bringen dir viel Gl\u00fcck<\/strong><\/p>\n<p><span style=\"font-weight: 400\">Und das ist nicht nur eine Redewendung. Es hat sich herausgestellt, dass dein Gehirn mehr Dopamin aussch\u00fcttet, wenn du die Bilder des 1000-teiligen Puzzles \u00fcberarbeitest. Diese Substanz ist verantwortlich f\u00fcr Gl\u00fcck, Optimismus und Ged\u00e4chtnis <\/span><\/p>\n<p><span style=\"font-weight: 400\">Du hast nur Vorteile und Nutzen, wenn du Kunstpuzzles zusammenstellst. Kaufe jetzt dieses wunderbare 1000-teilige Pieter Bruegel der \u00c4ltere &#8211; Der Kampf zwischen Karneval und Fastenzeit Puzzle und erlebe ein erstaunliches Erlebnis! Mach einem lieben Freund oder einer lieben Freundin eine Freude, indem du ihm oder ihr dieses 1000-teilige Puzzle voller Symbole und Mystik schenkst.<\/span><\/p><\/p>\n","protected":false},"excerpt":{"rendered":"<p>Suchst du nach einer lustigen Aktivit\u00e4t f\u00fcr das Wochenende oder f\u00fcr langweilige Abende? Die gr\u00f6\u00dfte Sammlung von Kunstr\u00e4tseln in Rum\u00e4nien<\/p>\n","protected":false},"featured_media":63154,"template":"","meta":[],"product_brand":[],"product_cat":[1916,1875,1915],"product_tag":[],"class_list":{"0":"post-40836","1":"product","2":"type-product","3":"status-publish","4":"has-post-thumbnail","6":"product_cat-1000-teile-puzzle","7":"product_cat-puzzle-de","8":"product_cat-puzzlespiele-fur-erwachsene","9":"pa_bax-10-de","10":"pa_brand-d_toys-de","11":"pa_country_of_manufacture-ro-de","12":"pa_filter_age-14-de","13":"pa_tip_ambalaj-kasten-a4-de","15":"first","16":"instock","17":"taxable","18":"shipping-taxable","19":"product-type-simple"},"yoast_head":"<!-- This site is optimized with the Yoast SEO plugin v20.1 - https:\/\/yoast.com\/wordpress\/plugins\/seo\/ -->\n<title>Pieter Bruegel der \u00c4ltere - Der Kampf zwischen Karneval und Fastenzeit - 1000 Teile Puzzle f\u00fcr Erwachsene<\/title>\n<meta name=\"description\" content=\"Pieter Bruegel der \u00c4ltere - Der Kampf zwischen Karneval und Fastenzeit - 1000 Teile Puzzle f\u00fcr Erwachsene\" \/>\n<meta name=\"robots\" content=\"index, follow, max-snippet:-1, max-image-preview:large, max-video-preview:-1\" \/>\n<link rel=\"canonical\" href=\"https:\/\/business.roovi.com\/de\/pieter-bruegel-der-altere-der-kampf-zwischen-karneval-und-fastenzeit-1000-teile-puzzle-fur-erwachsene\/p\/\" \/>\n<meta property=\"og:locale\" content=\"de_DE\" \/>\n<meta property=\"og:type\" content=\"article\" \/>\n<meta property=\"og:title\" content=\"Pieter Bruegel der \u00c4ltere - Der Kampf zwischen Karneval und Fastenzeit - 1000 Teile Puzzle f\u00fcr Erwachsene\" \/>\n<meta property=\"og:description\" content=\"Pieter Bruegel der \u00c4ltere - Der Kampf zwischen Karneval und Fastenzeit - 1000 Teile Puzzle f\u00fcr Erwachsene\" \/>\n<meta property=\"og:url\" content=\"https:\/\/business.roovi.com\/de\/pieter-bruegel-der-altere-der-kampf-zwischen-karneval-und-fastenzeit-1000-teile-puzzle-fur-erwachsene\/p\/\" \/>\n<meta property=\"og:site_name\" content=\"Roovi B2B\" \/>\n<meta property=\"article:publisher\" content=\"https:\/\/www.facebook.com\/wwwjucariero\" \/>\n<meta property=\"article:modified_time\" content=\"2022-07-06T15:49:09+00:00\" \/>\n<meta property=\"og:image\" content=\"https:\/\/business.roovi.com\/wp-content\/uploads\/2021\/11\/73778-08_ansamblu_dimensiuni_cutie_cm_1200x1200.png\" \/>\n\t<meta property=\"og:image:width\" content=\"1200\" \/>\n\t<meta property=\"og:image:height\" content=\"1200\" \/>\n\t<meta property=\"og:image:type\" content=\"image\/png\" \/>\n<meta name=\"twitter:label1\" content=\"Gesch\u00e4tzte Lesezeit\" \/>\n\t<meta name=\"twitter:data1\" content=\"2\u00a0Minuten\" \/>\n<script type=\"application\/ld+json\" class=\"yoast-schema-graph\">{\"@context\":\"https:\/\/schema.org\",\"@graph\":[{\"@type\":\"WebPage\",\"@id\":\"https:\/\/business.roovi.com\/de\/pieter-bruegel-der-altere-der-kampf-zwischen-karneval-und-fastenzeit-1000-teile-puzzle-fur-erwachsene\/p\/\",\"url\":\"https:\/\/business.roovi.com\/de\/pieter-bruegel-der-altere-der-kampf-zwischen-karneval-und-fastenzeit-1000-teile-puzzle-fur-erwachsene\/p\/\",\"name\":\"Pieter Bruegel der \u00c4ltere - Der Kampf zwischen Karneval und Fastenzeit - 1000 Teile Puzzle f\u00fcr Erwachsene\",\"isPartOf\":{\"@id\":\"https:\/\/business.roovi.com\/de\/#website\"},\"datePublished\":\"2021-11-11T12:21:38+00:00\",\"dateModified\":\"2022-07-06T15:49:09+00:00\",\"description\":\"Pieter Bruegel der \u00c4ltere - Der Kampf zwischen Karneval und Fastenzeit - 1000 Teile Puzzle f\u00fcr Erwachsene\",\"breadcrumb\":{\"@id\":\"https:\/\/business.roovi.com\/de\/pieter-bruegel-der-altere-der-kampf-zwischen-karneval-und-fastenzeit-1000-teile-puzzle-fur-erwachsene\/p\/#breadcrumb\"},\"inLanguage\":\"de\",\"potentialAction\":[{\"@type\":\"ReadAction\",\"target\":[\"https:\/\/business.roovi.com\/de\/pieter-bruegel-der-altere-der-kampf-zwischen-karneval-und-fastenzeit-1000-teile-puzzle-fur-erwachsene\/p\/\"]}]},{\"@type\":\"BreadcrumbList\",\"@id\":\"https:\/\/business.roovi.com\/de\/pieter-bruegel-der-altere-der-kampf-zwischen-karneval-und-fastenzeit-1000-teile-puzzle-fur-erwachsene\/p\/#breadcrumb\",\"itemListElement\":[{\"@type\":\"ListItem\",\"position\":1,\"name\":\"Home\",\"item\":\"https:\/\/business.roovi.com\/de\/\"},{\"@type\":\"ListItem\",\"position\":2,\"name\":\"Shop\",\"item\":\"https:\/\/business.roovi.com\/de\/shop\/\"},{\"@type\":\"ListItem\",\"position\":3,\"name\":\"Pieter Bruegel der \u00c4ltere &#8211; Der Kampf zwischen Karneval und Fastenzeit &#8211; 1000 Teile Puzzle f\u00fcr Erwachsene\"}]},{\"@type\":\"WebSite\",\"@id\":\"https:\/\/business.roovi.com\/de\/#website\",\"url\":\"https:\/\/business.roovi.com\/de\/\",\"name\":\"Roovi B2B\",\"description\":\"Roovi Business Website\",\"potentialAction\":[{\"@type\":\"SearchAction\",\"target\":{\"@type\":\"EntryPoint\",\"urlTemplate\":\"https:\/\/business.roovi.com\/de\/?s={search_term_string}\"},\"query-input\":\"required name=search_term_string\"}],\"inLanguage\":\"de\"}]}<\/script>\n<!-- \/ Yoast SEO plugin. -->","yoast_head_json":{"title":"Pieter Bruegel der \u00c4ltere - Der Kampf zwischen Karneval und Fastenzeit - 1000 Teile Puzzle f\u00fcr Erwachsene","description":"Pieter Bruegel der \u00c4ltere - Der Kampf zwischen Karneval und Fastenzeit - 1000 Teile Puzzle f\u00fcr Erwachsene","robots":{"index":"index","follow":"follow","max-snippet":"max-snippet:-1","max-image-preview":"max-image-preview:large","max-video-preview":"max-video-preview:-1"},"canonical":"https:\/\/business.roovi.com\/de\/pieter-bruegel-der-altere-der-kampf-zwischen-karneval-und-fastenzeit-1000-teile-puzzle-fur-erwachsene\/p\/","og_locale":"de_DE","og_type":"article","og_title":"Pieter Bruegel der \u00c4ltere - Der Kampf zwischen Karneval und Fastenzeit - 1000 Teile Puzzle f\u00fcr Erwachsene","og_description":"Pieter Bruegel der \u00c4ltere - Der Kampf zwischen Karneval und Fastenzeit - 1000 Teile Puzzle f\u00fcr Erwachsene","og_url":"https:\/\/business.roovi.com\/de\/pieter-bruegel-der-altere-der-kampf-zwischen-karneval-und-fastenzeit-1000-teile-puzzle-fur-erwachsene\/p\/","og_site_name":"Roovi B2B","article_publisher":"https:\/\/www.facebook.com\/wwwjucariero","article_modified_time":"2022-07-06T15:49:09+00:00","og_image":[{"width":1200,"height":1200,"url":"https:\/\/business.roovi.com\/wp-content\/uploads\/2021\/11\/73778-08_ansamblu_dimensiuni_cutie_cm_1200x1200.png","type":"image\/png"}],"twitter_misc":{"Gesch\u00e4tzte Lesezeit":"2\u00a0Minuten"},"schema":{"@context":"https:\/\/schema.org","@graph":[{"@type":"WebPage","@id":"https:\/\/business.roovi.com\/de\/pieter-bruegel-der-altere-der-kampf-zwischen-karneval-und-fastenzeit-1000-teile-puzzle-fur-erwachsene\/p\/","url":"https:\/\/business.roovi.com\/de\/pieter-bruegel-der-altere-der-kampf-zwischen-karneval-und-fastenzeit-1000-teile-puzzle-fur-erwachsene\/p\/","name":"Pieter Bruegel der \u00c4ltere - Der Kampf zwischen Karneval und Fastenzeit - 1000 Teile Puzzle f\u00fcr Erwachsene","isPartOf":{"@id":"https:\/\/business.roovi.com\/de\/#website"},"datePublished":"2021-11-11T12:21:38+00:00","dateModified":"2022-07-06T15:49:09+00:00","description":"Pieter Bruegel der \u00c4ltere - Der Kampf zwischen Karneval und Fastenzeit - 1000 Teile Puzzle f\u00fcr Erwachsene","breadcrumb":{"@id":"https:\/\/business.roovi.com\/de\/pieter-bruegel-der-altere-der-kampf-zwischen-karneval-und-fastenzeit-1000-teile-puzzle-fur-erwachsene\/p\/#breadcrumb"},"inLanguage":"de","potentialAction":[{"@type":"ReadAction","target":["https:\/\/business.roovi.com\/de\/pieter-bruegel-der-altere-der-kampf-zwischen-karneval-und-fastenzeit-1000-teile-puzzle-fur-erwachsene\/p\/"]}]},{"@type":"BreadcrumbList","@id":"https:\/\/business.roovi.com\/de\/pieter-bruegel-der-altere-der-kampf-zwischen-karneval-und-fastenzeit-1000-teile-puzzle-fur-erwachsene\/p\/#breadcrumb","itemListElement":[{"@type":"ListItem","position":1,"name":"Home","item":"https:\/\/business.roovi.com\/de\/"},{"@type":"ListItem","position":2,"name":"Shop","item":"https:\/\/business.roovi.com\/de\/shop\/"},{"@type":"ListItem","position":3,"name":"Pieter Bruegel der \u00c4ltere &#8211; Der Kampf zwischen Karneval und Fastenzeit &#8211; 1000 Teile Puzzle f\u00fcr Erwachsene"}]},{"@type":"WebSite","@id":"https:\/\/business.roovi.com\/de\/#website","url":"https:\/\/business.roovi.com\/de\/","name":"Roovi B2B","description":"Roovi Business Website","potentialAction":[{"@type":"SearchAction","target":{"@type":"EntryPoint","urlTemplate":"https:\/\/business.roovi.com\/de\/?s={search_term_string}"},"query-input":"required name=search_term_string"}],"inLanguage":"de"}]}},"_links":{"self":[{"href":"https:\/\/business.roovi.com\/de\/wp-json\/wp\/v2\/product\/40836","targetHints":{"allow":["GET"]}}],"collection":[{"href":"https:\/\/business.roovi.com\/de\/wp-json\/wp\/v2\/product"}],"about":[{"href":"https:\/\/business.roovi.com\/de\/wp-json\/wp\/v2\/types\/product"}],"version-history":[{"count":0,"href":"https:\/\/business.roovi.com\/de\/wp-json\/wp\/v2\/product\/40836\/revisions"}],"wp:featuredmedia":[{"embeddable":true,"href":"https:\/\/business.roovi.com\/de\/wp-json\/wp\/v2\/media\/63154"}],"wp:attachment":[{"href":"https:\/\/business.roovi.com\/de\/wp-json\/wp\/v2\/media?parent=40836"}],"wp:term":[{"taxonomy":"product_brand","embeddable":true,"href":"https:\/\/business.roovi.com\/de\/wp-json\/wp\/v2\/product_brand?post=40836"},{"taxonomy":"product_cat","embeddable":true,"href":"https:\/\/business.roovi.com\/de\/wp-json\/wp\/v2\/product_cat?post=40836"},{"taxonomy":"product_tag","embeddable":true,"href":"https:\/\/business.roovi.com\/de\/wp-json\/wp\/v2\/product_tag?post=40836"}],"curies":[{"name":"wp","href":"https:\/\/api.w.org\/{rel}","templated":true}]}}