{"id":40840,"date":"2021-11-11T10:41:36","date_gmt":"2021-11-11T10:41:36","guid":{"rendered":"https:\/\/business.roovi.com\/puzzle-adulti-1000-piese-pieter-bruegel-cel-batran-hunters-in-the-snow\/p\/"},"modified":"2022-07-06T15:49:13","modified_gmt":"2022-07-06T15:49:13","slug":"pieter-bruegel-der-altere-jager-im-schnee-1000-teile-erwachsenenpuzzle","status":"publish","type":"product","link":"https:\/\/business.roovi.com\/de\/pieter-bruegel-der-altere-jager-im-schnee-1000-teile-erwachsenenpuzzle\/p\/","title":{"rendered":"Pieter Bruegel der \u00c4ltere &#8211; J\u00e4ger im Schnee 1000 Teile Erwachsenenpuzzle"},"content":{"rendered":"<p><span style=\"font-weight: 400\">Kunstr\u00e4tsel helfen dir, die Symbolik von Kunstwerken und die Sch\u00f6nheit von Farben zu entdecken. Kaufe jetzt die besten 1000-teiligen Puzzles und erstelle deine eigene Sammlung au\u00dfergew\u00f6hnlicher Puzzlespielbilder.<\/span><\/p>\n<p><span style=\"font-weight: 400\">Pieter Bruegel der \u00c4ltere &#8211; J\u00e4ger im Schnee 1000 Teile Puzzle pr\u00e4sentiert eine au\u00dfergew\u00f6hnliche Kopie des gleichnamigen Gem\u00e4ldes aus dem Jahr 1565. Das Gem\u00e4lde ist Teil des kollektiven kulturellen Ged\u00e4chtnisses und steckt voller Metaphern. Die Szene der R\u00fcckkehr von einer erfolglosen Jagd, die einfachen Menschen, die ungehindert ihren allt\u00e4glichen T\u00e4tigkeiten nachgehen, und die Kreaturen, die in Harmonie mit der Natur leben, stehen im Gegensatz zur idyllischen Renaissance <\/span><\/p>\n<p><span style=\"font-weight: 400\">Willst du alle Symbole in diesem k\u00fcnstlerischen Meisterwerk entdecken? Setze das 1000-teilige Puzzle Bruegel der \u00c4ltere &#8211; J\u00e4ger im Schnee zusammen und du bekommst das volle ausdrucksstarke Bild! Das fertige Bild ist 50 x 70 cm gro\u00df und du kannst einen normalen Couchtisch verwenden, um es zu vervollst\u00e4ndigen.<\/span><\/p>\n<p><span style=\"font-weight: 400\">Weitere Merkmale des Hunters in the Snow Kunstpuzzles:<\/span><\/p>\n<p><strong>Puzzle-Material <\/strong><\/p>\n<p><strong>hochwertiger blauer Karton<\/strong><\/p>\n<p><strong>nachhaltige, recycelbare Materialien<\/strong><\/p>\n<p><strong>halbgl\u00e4nzende Oberfl\u00e4che, leuchtende Farben<\/strong><\/p>\n<p><strong>Anzahl der Puzzleteile: 1000<\/strong><\/p>\n<p><strong>Empfohlenes Alter: 14+<\/strong><\/p>\n<p><strong>Was sind die Vorteile von Puzzles f\u00fcr Erwachsene?<\/strong><\/p>\n<p><span style=\"font-weight: 400\">Puzzles sind nicht nur ein lustiges Hobby, sondern bringen dir auch viele gesundheitliche Vorteile. Hier sind nur 5 von ihnen:<\/span><\/p>\n<p><strong>Sie erh\u00f6hen deine Aufmerksamkeit f\u00fcr Details <\/strong><span style=\"font-weight: 400\">und lassen dich wie ein echter Detektiv f\u00fchlen, der nach den richtigen 1000 Puzzleteilen sucht.<\/span><\/p>\n<p><strong>Es trainiert deine Logik<\/strong><span style=\"font-weight: 400\"> denn sie versetzen dich in die Lage, die richtigen Teile des 1000-Puzzles zusammenzuf\u00fcgen.<\/span><\/p>\n<p><strong>Entwickelt deine Fantasie<\/strong><span style=\"font-weight: 400\"> durch die Tatsache, dass du beim Nachstellen eines Bildes aus einem Puzzlespiel die kleinsten Details entdeckst, die in der Landschaft versteckt sind.<\/span><\/p>\n<p><strong>Lehrt dich, nicht aufzugeben<\/strong><span style=\"font-weight: 400\"> egal, wie schwer der Abstimmungsprozess ist, denn die Zufriedenheit am Ende ist unbezahlbar.<\/span><\/p>\n<p><strong>Es trainiert deine Geduld<\/strong><span style=\"font-weight: 400\"> die in anderen Situationen im Leben getestet wird und ohne die du keinen Erfolg haben kannst.<\/span><\/p>\n<p><strong>5 Symbole in der Malerei abgebildet <\/strong><strong><em>J\u00e4ger im Schnee<\/em><\/strong><\/p>\n<p><span style=\"font-weight: 400\">1. Einige Kunstkritiker glauben, dass das Gem\u00e4lde ein apokalyptisches Bild vom Ende der Welt zeigt.<\/span><\/p>\n<p><span style=\"font-weight: 400\">2. Die Vogelfalle, die auf dem Gem\u00e4lde zu sehen ist, ist eine Metapher f\u00fcr den J\u00fcngsten Tag. So wie die V\u00f6gel die Gefahren ignorieren, gleiten auch die Menschen unkontrolliert \u00fcber das Eis &#8211; und gehen durch das Leben, ohne auf Gott zu achten.<\/span><\/p>\n<p><span style=\"font-weight: 400\">3. Der fliegende Vogel auf dem Gem\u00e4lde k\u00f6nnte die Einsamkeit darstellen, die durch den Verlust des Glaubens an die Menschheit verursacht wird.<\/span><\/p>\n<p><span style=\"font-weight: 400\">4. Die Berggipfel, die es in den Niederlanden nicht wirklich gibt, stehen f\u00fcr die Gr\u00f6\u00dfe der Welt, in der die kleinen, ameisenartigen Figuren schweben.<\/span><\/p>\n<p><span style=\"font-weight: 400\">5. Russischer Regisseur <\/span><span style=\"font-weight: 400\">Andrei Tarkovsky verwendete das Bild in seinem Film<\/span><em><span style=\"font-weight: 400\">  Solaris<\/span><\/em><span style=\"font-weight: 400\"> (1972), um die Idee zu unterstreichen, dass die Menschen ihr Leben und ihre Liebe radikal \u00e4ndern m\u00fcssen, damit sich die Menschheit ver\u00e4ndert.<\/span><\/p>\n<p><span style=\"font-weight: 400\">Genie\u00dfe jetzt alle Vorteile, die dir Puzzlespiele bringen! Sie wirken Wunder an tr\u00fcben Wintertagen oder wenn du nicht wei\u00dft, wie du deine Zeit verbringen sollst. Ein 1000-Teile-Puzzle kann dein Ged\u00e4chtnis und deine allgemeine Gehirnaktivit\u00e4t sowie deine Stimmung verbessern <\/span><\/p>\n<p><span style=\"font-weight: 400\">Kaufe das 1000-teilige Puzzle Bruegel der \u00c4ltere &#8211; J\u00e4ger im Schnee und trainiere deine Geduld, indem du ein einzigartiges Bild in drei vorherrschenden Farben zusammensetzt: wei\u00df, gr\u00fcn und schwarz. Wenn du fertig bist, kannst du das 1000-teilige Puzzle einrahmen und dich an einem h\u00fcbschen Dekost\u00fcck erfreuen. Entdecke die gesamte Sammlung von Kunstr\u00e4tseln und erstelle deine eigene Galerie von R\u00e4tselspielen.<\/span><\/p>\n<p><span style=\"font-weight: 400\">Das 1000-teilige Kunstpuzzle Bruegel der \u00c4ltere &#8211; J\u00e4ger im Schnee ist ein tolles Geschenk f\u00fcr deine Freunde zum Jahrestag.<\/span><\/p><\/p>\n","protected":false},"excerpt":{"rendered":"<p>Kunstr\u00e4tsel helfen dir, die Symbolik von Kunstwerken und die Sch\u00f6nheit von Farben zu entdecken. Kaufe jetzt die besten 1000-teiligen Puzzles<\/p>\n","protected":false},"featured_media":63160,"template":"","meta":[],"product_brand":[],"product_cat":[1916,1875,1915],"product_tag":[],"class_list":{"0":"post-40840","1":"product","2":"type-product","3":"status-publish","4":"has-post-thumbnail","6":"product_cat-1000-teile-puzzle","7":"product_cat-puzzle-de","8":"product_cat-puzzlespiele-fur-erwachsene","9":"pa_bax-10-de","10":"pa_brand-d_toys-de","11":"pa_country_of_manufacture-ro-de","12":"pa_filter_age-14-de","13":"pa_tip_ambalaj-kasten-a4-de","15":"first","16":"instock","17":"taxable","18":"shipping-taxable","19":"product-type-simple"},"yoast_head":"<!-- This site is optimized with the Yoast SEO plugin v20.1 - https:\/\/yoast.com\/wordpress\/plugins\/seo\/ -->\n<title>Pieter Bruegel der \u00c4ltere - J\u00e4ger im Schnee 1000 Teile Erwachsenenpuzzle<\/title>\n<meta name=\"description\" content=\"Pieter Bruegel der \u00c4ltere - J\u00e4ger im Schnee 1000 Teile Erwachsenenpuzzle\" \/>\n<meta name=\"robots\" content=\"index, follow, max-snippet:-1, max-image-preview:large, max-video-preview:-1\" \/>\n<link rel=\"canonical\" href=\"https:\/\/business.roovi.com\/de\/pieter-bruegel-der-altere-jager-im-schnee-1000-teile-erwachsenenpuzzle\/p\/\" \/>\n<meta property=\"og:locale\" content=\"de_DE\" \/>\n<meta property=\"og:type\" content=\"article\" \/>\n<meta property=\"og:title\" content=\"Pieter Bruegel der \u00c4ltere - J\u00e4ger im Schnee 1000 Teile Erwachsenenpuzzle\" \/>\n<meta property=\"og:description\" content=\"Pieter Bruegel der \u00c4ltere - J\u00e4ger im Schnee 1000 Teile Erwachsenenpuzzle\" \/>\n<meta property=\"og:url\" content=\"https:\/\/business.roovi.com\/de\/pieter-bruegel-der-altere-jager-im-schnee-1000-teile-erwachsenenpuzzle\/p\/\" \/>\n<meta property=\"og:site_name\" content=\"Roovi B2B\" \/>\n<meta property=\"article:publisher\" content=\"https:\/\/www.facebook.com\/wwwjucariero\" \/>\n<meta property=\"article:modified_time\" content=\"2022-07-06T15:49:13+00:00\" \/>\n<meta property=\"og:image\" content=\"https:\/\/business.roovi.com\/wp-content\/uploads\/2021\/11\/73778-07_ansamblu_dimensiuni_cutie_cm_1200x1200.png\" \/>\n\t<meta property=\"og:image:width\" content=\"1200\" \/>\n\t<meta property=\"og:image:height\" content=\"1200\" \/>\n\t<meta property=\"og:image:type\" content=\"image\/png\" \/>\n<meta name=\"twitter:label1\" content=\"Gesch\u00e4tzte Lesezeit\" \/>\n\t<meta name=\"twitter:data1\" content=\"3\u00a0Minuten\" \/>\n<script type=\"application\/ld+json\" class=\"yoast-schema-graph\">{\"@context\":\"https:\/\/schema.org\",\"@graph\":[{\"@type\":\"WebPage\",\"@id\":\"https:\/\/business.roovi.com\/de\/pieter-bruegel-der-altere-jager-im-schnee-1000-teile-erwachsenenpuzzle\/p\/\",\"url\":\"https:\/\/business.roovi.com\/de\/pieter-bruegel-der-altere-jager-im-schnee-1000-teile-erwachsenenpuzzle\/p\/\",\"name\":\"Pieter Bruegel der \u00c4ltere - J\u00e4ger im Schnee 1000 Teile Erwachsenenpuzzle\",\"isPartOf\":{\"@id\":\"https:\/\/business.roovi.com\/de\/#website\"},\"datePublished\":\"2021-11-11T10:41:36+00:00\",\"dateModified\":\"2022-07-06T15:49:13+00:00\",\"description\":\"Pieter Bruegel der \u00c4ltere - J\u00e4ger im Schnee 1000 Teile Erwachsenenpuzzle\",\"breadcrumb\":{\"@id\":\"https:\/\/business.roovi.com\/de\/pieter-bruegel-der-altere-jager-im-schnee-1000-teile-erwachsenenpuzzle\/p\/#breadcrumb\"},\"inLanguage\":\"de\",\"potentialAction\":[{\"@type\":\"ReadAction\",\"target\":[\"https:\/\/business.roovi.com\/de\/pieter-bruegel-der-altere-jager-im-schnee-1000-teile-erwachsenenpuzzle\/p\/\"]}]},{\"@type\":\"BreadcrumbList\",\"@id\":\"https:\/\/business.roovi.com\/de\/pieter-bruegel-der-altere-jager-im-schnee-1000-teile-erwachsenenpuzzle\/p\/#breadcrumb\",\"itemListElement\":[{\"@type\":\"ListItem\",\"position\":1,\"name\":\"Home\",\"item\":\"https:\/\/business.roovi.com\/de\/\"},{\"@type\":\"ListItem\",\"position\":2,\"name\":\"Shop\",\"item\":\"https:\/\/business.roovi.com\/de\/shop\/\"},{\"@type\":\"ListItem\",\"position\":3,\"name\":\"Pieter Bruegel der \u00c4ltere &#8211; J\u00e4ger im Schnee 1000 Teile Erwachsenenpuzzle\"}]},{\"@type\":\"WebSite\",\"@id\":\"https:\/\/business.roovi.com\/de\/#website\",\"url\":\"https:\/\/business.roovi.com\/de\/\",\"name\":\"Roovi B2B\",\"description\":\"Roovi Business Website\",\"potentialAction\":[{\"@type\":\"SearchAction\",\"target\":{\"@type\":\"EntryPoint\",\"urlTemplate\":\"https:\/\/business.roovi.com\/de\/?s={search_term_string}\"},\"query-input\":\"required name=search_term_string\"}],\"inLanguage\":\"de\"}]}<\/script>\n<!-- \/ Yoast SEO plugin. -->","yoast_head_json":{"title":"Pieter Bruegel der \u00c4ltere - J\u00e4ger im Schnee 1000 Teile Erwachsenenpuzzle","description":"Pieter Bruegel der \u00c4ltere - J\u00e4ger im Schnee 1000 Teile Erwachsenenpuzzle","robots":{"index":"index","follow":"follow","max-snippet":"max-snippet:-1","max-image-preview":"max-image-preview:large","max-video-preview":"max-video-preview:-1"},"canonical":"https:\/\/business.roovi.com\/de\/pieter-bruegel-der-altere-jager-im-schnee-1000-teile-erwachsenenpuzzle\/p\/","og_locale":"de_DE","og_type":"article","og_title":"Pieter Bruegel der \u00c4ltere - J\u00e4ger im Schnee 1000 Teile Erwachsenenpuzzle","og_description":"Pieter Bruegel der \u00c4ltere - J\u00e4ger im Schnee 1000 Teile Erwachsenenpuzzle","og_url":"https:\/\/business.roovi.com\/de\/pieter-bruegel-der-altere-jager-im-schnee-1000-teile-erwachsenenpuzzle\/p\/","og_site_name":"Roovi B2B","article_publisher":"https:\/\/www.facebook.com\/wwwjucariero","article_modified_time":"2022-07-06T15:49:13+00:00","og_image":[{"width":1200,"height":1200,"url":"https:\/\/business.roovi.com\/wp-content\/uploads\/2021\/11\/73778-07_ansamblu_dimensiuni_cutie_cm_1200x1200.png","type":"image\/png"}],"twitter_misc":{"Gesch\u00e4tzte Lesezeit":"3\u00a0Minuten"},"schema":{"@context":"https:\/\/schema.org","@graph":[{"@type":"WebPage","@id":"https:\/\/business.roovi.com\/de\/pieter-bruegel-der-altere-jager-im-schnee-1000-teile-erwachsenenpuzzle\/p\/","url":"https:\/\/business.roovi.com\/de\/pieter-bruegel-der-altere-jager-im-schnee-1000-teile-erwachsenenpuzzle\/p\/","name":"Pieter Bruegel der \u00c4ltere - J\u00e4ger im Schnee 1000 Teile Erwachsenenpuzzle","isPartOf":{"@id":"https:\/\/business.roovi.com\/de\/#website"},"datePublished":"2021-11-11T10:41:36+00:00","dateModified":"2022-07-06T15:49:13+00:00","description":"Pieter Bruegel der \u00c4ltere - J\u00e4ger im Schnee 1000 Teile Erwachsenenpuzzle","breadcrumb":{"@id":"https:\/\/business.roovi.com\/de\/pieter-bruegel-der-altere-jager-im-schnee-1000-teile-erwachsenenpuzzle\/p\/#breadcrumb"},"inLanguage":"de","potentialAction":[{"@type":"ReadAction","target":["https:\/\/business.roovi.com\/de\/pieter-bruegel-der-altere-jager-im-schnee-1000-teile-erwachsenenpuzzle\/p\/"]}]},{"@type":"BreadcrumbList","@id":"https:\/\/business.roovi.com\/de\/pieter-bruegel-der-altere-jager-im-schnee-1000-teile-erwachsenenpuzzle\/p\/#breadcrumb","itemListElement":[{"@type":"ListItem","position":1,"name":"Home","item":"https:\/\/business.roovi.com\/de\/"},{"@type":"ListItem","position":2,"name":"Shop","item":"https:\/\/business.roovi.com\/de\/shop\/"},{"@type":"ListItem","position":3,"name":"Pieter Bruegel der \u00c4ltere &#8211; J\u00e4ger im Schnee 1000 Teile Erwachsenenpuzzle"}]},{"@type":"WebSite","@id":"https:\/\/business.roovi.com\/de\/#website","url":"https:\/\/business.roovi.com\/de\/","name":"Roovi B2B","description":"Roovi Business Website","potentialAction":[{"@type":"SearchAction","target":{"@type":"EntryPoint","urlTemplate":"https:\/\/business.roovi.com\/de\/?s={search_term_string}"},"query-input":"required name=search_term_string"}],"inLanguage":"de"}]}},"_links":{"self":[{"href":"https:\/\/business.roovi.com\/de\/wp-json\/wp\/v2\/product\/40840","targetHints":{"allow":["GET"]}}],"collection":[{"href":"https:\/\/business.roovi.com\/de\/wp-json\/wp\/v2\/product"}],"about":[{"href":"https:\/\/business.roovi.com\/de\/wp-json\/wp\/v2\/types\/product"}],"version-history":[{"count":0,"href":"https:\/\/business.roovi.com\/de\/wp-json\/wp\/v2\/product\/40840\/revisions"}],"wp:featuredmedia":[{"embeddable":true,"href":"https:\/\/business.roovi.com\/de\/wp-json\/wp\/v2\/media\/63160"}],"wp:attachment":[{"href":"https:\/\/business.roovi.com\/de\/wp-json\/wp\/v2\/media?parent=40840"}],"wp:term":[{"taxonomy":"product_brand","embeddable":true,"href":"https:\/\/business.roovi.com\/de\/wp-json\/wp\/v2\/product_brand?post=40840"},{"taxonomy":"product_cat","embeddable":true,"href":"https:\/\/business.roovi.com\/de\/wp-json\/wp\/v2\/product_cat?post=40840"},{"taxonomy":"product_tag","embeddable":true,"href":"https:\/\/business.roovi.com\/de\/wp-json\/wp\/v2\/product_tag?post=40840"}],"curies":[{"name":"wp","href":"https:\/\/api.w.org\/{rel}","templated":true}]}}