{"id":40844,"date":"2021-11-05T10:02:02","date_gmt":"2021-11-05T10:02:02","guid":{"rendered":"https:\/\/business.roovi.com\/carti-de-joc-pacalici-in-costume-traditionale\/p\/"},"modified":"2023-03-01T15:13:22","modified_gmt":"2023-03-01T15:13:22","slug":"spielkarten-trickster-in-traditionellen-kostumen","status":"publish","type":"product","link":"https:\/\/business.roovi.com\/de\/spielkarten-trickster-in-traditionellen-kostumen\/p\/","title":{"rendered":"Spielkarten &#8211; Trickster in Tracht &#8211; mit Stolz und Fr\u00f6hlichkeit die Tracht zur Schau stellen"},"content":{"rendered":"<p><span style=\"font-weight: 400;\">Von Maramure\u0219 bis Dobrogea zeigen lustige Gestalten stolz und fr\u00f6hlich ihre Volkstrachten. Finde deinen Partner und habe Spa\u00df mit deiner ganzen Familie oder deinen besten Freunden!<\/span><\/p>\n<p><span style=\"font-weight: 400;\">Wei\u00dft du noch, als du ein Kind warst und der Spa\u00dfvogel alle Kinder auf der Treppe des Wohnblocks versammelte und niemand das Haus betreten durfte, bis sie den s\u00fc\u00dfen Spa\u00dfvogel losgeworden waren? Das Spiel Joker wurde von allen geliebt, von Kindern bis zu Erwachsenen, wir spielten es mit Freunden, Geschwistern oder Gro\u00dfeltern. Entdecke den Spa\u00df von damals wieder und schenke deinen Kindern ein unvergessliches Erlebnis mit dem beliebtesten Kartenspiel deiner Kindheit: Pac\u0103lici, jetzt neu interpretiert in traditionellen rum\u00e4nischen Kost\u00fcmen. Entdecke im Deck mit <\/span><strong>35 Spielkarten<\/strong><span style=\"font-weight: 400;\">einheimische Figuren in Volkstrachten aus den repr\u00e4sentativsten ethnografischen Gebieten des Landes.<\/span><\/p>\n<p><strong>Wie spielt man P\u0103c\u0103lici in Volkstracht?<\/strong><\/p>\n<p><span style=\"font-weight: 400;\">Gib jedem Spieler 4 Karten.<\/span><\/p>\n<p><span style=\"font-weight: 400;\">Lege die restlichen Karten verdeckt auf einen Stapel.<\/span><\/p>\n<p><span style=\"font-weight: 400;\">Jeder Spieler zieht eine Karte vom unteren Stapel und versucht, das Paar jeder Kartenfigur auf seiner Hand zu finden.<\/span><\/p>\n<p><span style=\"font-weight: 400;\">Wenn die Karten auf dem Stapel aufgebraucht sind, ziehen die Spieler\/innen im Uhrzeigersinn eine Karte von den anderen. Wer zuerst alle Karten loswird, gewinnt und wer den Trickster \u00fcbrig hat, verliert.<\/span><\/p>\n<p><span style=\"font-weight: 400;\">In unserem Spiel ist der Joker der Joker. Er hat kein Paar, also pass auf, dass du nicht an ihm h\u00e4ngen bleibst!<\/span><\/p>\n<p><span style=\"font-weight: 400;\">Das Spiel wird mit mindestens 2 und maximal 6 Spielern gespielt. Insgesamt gibt es 17 beliebte Paare und den einsamen Peccala.<\/span><\/p>\n<p><strong>Joker in traditionellen Kost\u00fcmen &#8211; so einfach wie lehrreich und lustig<\/strong><\/p>\n<p><span style=\"font-weight: 400;\">Wusstest du, dass Kartenspiele f\u00fcr Kinder nicht nur Spa\u00df machen, sondern auch lehrreich sind? Hier sind einige der Vorteile, die du genie\u00dfen kannst, wenn du mit deinen Kindern das Spiel Traditional Costume Tricksters spielst:<\/span><\/p>\n<p><strong>Kartenspiele f\u00fcr Kinder sind eine erschwingliche und gesunde Alternative, die die Kinder von den Bildschirmen ablenkt.<\/strong><span style=\"font-weight: 400;\"> Willst du ihn von seinem Handy wegbringen? Stelle ihm die Aprilscherze in traditionellen Kost\u00fcmen vor! Spiele mit deinem Kind zusammen oder lade ein paar Freunde ein und lass sie gemeinsam spielen. Dieses Kartenspiel ist eine tolle M\u00f6glichkeit f\u00fcr Kinder, sich gegenseitig kennenzulernen und authentische Kontakte zu kn\u00fcpfen.<\/span><\/p>\n<p><strong>Kartenspiele helfen Kindern, kognitive F\u00e4higkeiten zu entwickeln<\/strong><span style=\"font-weight: 400;\"> wie Ged\u00e4chtnis, logisches und mathematisches Denken, Probleml\u00f6sungsf\u00e4higkeiten und mehr. Kartenspielen macht immer Spa\u00df, und wenn es auch noch lehrreich ist, ist es noch viel sch\u00f6ner!<\/span><\/p>\n<p><strong>Kartenspiele f\u00fcr Kinder helfen bei der Entwicklung ihrer emotionalen Intelligenz<\/strong><span style=\"font-weight: 400;\">. Emotionale Gesundheit ist in jedem Alter wichtig. Bei Kindern wird das emotionale Gleichgewicht in der Familie hergestellt. Durch Kartenspiele nehmen sie an einem freundschaftlichen Wettbewerb teil. Sie lernen, mit einem L\u00e4cheln im Gesicht zu verlieren oder sich am Gewinnen zu erfreuen und um den Sieg zu k\u00e4mpfen. Alle Kartenspiele erfordern Kommunikation. Die Kinder m\u00fcssen miteinander reden, verhandeln, die Spielregeln verstehen, sich gegenseitig helfen, warten, bis sie an der Reihe sind und sich den Herausforderungen stellen, die w\u00e4hrend des Spiels auftreten <\/span><\/p>\n<p><strong>Wusstest du, dass es Trickster gibt?&#8230;<\/strong><\/p>\n<p><span style=\"font-weight: 400;\">Es ist das beliebteste Kartenspiel f\u00fcr Kinder und hat deutsche Urspr\u00fcnge. Die deutsche Version hei\u00dft Schwarzer Peter &#8211; Black Peter.<\/span><\/p>\n<p><span style=\"font-weight: 400;\">Anscheinend wurde das Kartenspiel Trickster im&#8230; Gef\u00e4ngnis geboren, um 1811, erfunden von dem Dieb Johann Peter Petri, der seine Strafe f\u00fcr Diebstahl verb\u00fc\u00dfte und von dem der deutsche Name stammt.<\/span><\/p>\n<p><span style=\"font-weight: 400;\">Manche sagen jedoch, dass das Spiel eigentlich viel \u00e4lter ist und von einem Gl\u00fccksspiel abstammt, bei dem der Verlierer f\u00fcr die n\u00e4chste Runde Getr\u00e4nke bezahlen musste.<\/span><\/p>\n<p><span style=\"font-weight: 400;\">Es wird in vielen L\u00e4ndern der Welt unter verschiedenen Namen gespielt. Hier sind nur 3 von ihnen:<\/span><\/p>\n<p><em><span style=\"font-weight: 400;\">Asino<\/span><\/em><span style=\"font-weight: 400;\"> in Italien<\/span><\/p>\n<p><em><span style=\"font-weight: 400;\">Le Pouilleux<\/span><\/em><span style=\"font-weight: 400;\"> in Frankreich<\/span><\/p>\n<p><em><span style=\"font-weight: 400;\">Babnuki<\/span><\/em><span style=\"font-weight: 400;\"> in Japan<\/span><\/p>\n<p><span style=\"font-weight: 400;\">Spielen <\/span><strong>Trickster in traditionellen Kost\u00fcmen<\/strong><span style=\"font-weight: 400;\"> mit Kindern, Freunden oder Gro\u00dfeltern! Entdecke die authentische Freude an einem klassischen und s\u00fcchtig machenden Kartenspiel wieder. Kaufe dieses wunderbare Kartenspiel jetzt <\/span><strong>Scherzkekse in traditionellen Kost\u00fcmen<\/strong><span style=\"font-weight: 400;\"> f\u00fcr dich selbst oder verschenke es an liebe Freunde.<\/span><\/p>\n","protected":false},"excerpt":{"rendered":"<p>Von Maramure\u0219 bis Dobrogea zeigen lustige Gestalten stolz und fr\u00f6hlich ihre Volkstrachten. Finde deinen Partner und habe Spa\u00df mit deiner<\/p>\n","protected":false},"featured_media":72636,"template":"","meta":[],"product_brand":[],"product_cat":[1853,1943],"product_tag":[],"class_list":{"0":"post-40844","1":"product","2":"type-product","3":"status-publish","4":"has-post-thumbnail","6":"product_cat-brettspiele","7":"product_cat-spielkarten","8":"pa_brand-deico-de","9":"pa_country_of_manufacture-ro-de","10":"pa_filter_age-3_5-de","11":"pa_filter_age-5_7-de","12":"pa_filter_age-7_9-de","13":"pa_tip_ambalaj-kasten-a4-de","15":"first","16":"instock","17":"taxable","18":"shipping-taxable","19":"product-type-simple"},"yoast_head":"<!-- This site is optimized with the Yoast SEO plugin v20.1 - https:\/\/yoast.com\/wordpress\/plugins\/seo\/ -->\n<title>Spielkarten - Trickster in traditionellen Kost\u00fcmen<\/title>\n<meta name=\"description\" content=\"Spielkarten - Trickster in traditionellen Kost\u00fcmen\" \/>\n<meta name=\"robots\" content=\"index, follow, max-snippet:-1, max-image-preview:large, max-video-preview:-1\" \/>\n<link rel=\"canonical\" href=\"https:\/\/business.roovi.com\/de\/spielkarten-trickster-in-traditionellen-kostumen\/p\/\" \/>\n<meta property=\"og:locale\" content=\"de_DE\" \/>\n<meta property=\"og:type\" content=\"article\" \/>\n<meta property=\"og:title\" content=\"Spielkarten - Trickster in traditionellen Kost\u00fcmen\" \/>\n<meta property=\"og:description\" content=\"Spielkarten - Trickster in traditionellen Kost\u00fcmen\" \/>\n<meta property=\"og:url\" content=\"https:\/\/business.roovi.com\/de\/spielkarten-trickster-in-traditionellen-kostumen\/p\/\" \/>\n<meta property=\"og:site_name\" content=\"Roovi B2B\" \/>\n<meta property=\"article:publisher\" content=\"https:\/\/www.facebook.com\/wwwjucariero\" \/>\n<meta property=\"article:modified_time\" content=\"2023-03-01T15:13:22+00:00\" \/>\n<meta property=\"og:image\" content=\"https:\/\/business.roovi.com\/wp-content\/uploads\/2021\/11\/79060_pacalici_n_costume_tradi_ionale_2.png\" \/>\n\t<meta property=\"og:image:width\" content=\"1200\" \/>\n\t<meta property=\"og:image:height\" content=\"1199\" \/>\n\t<meta property=\"og:image:type\" content=\"image\/png\" \/>\n<meta name=\"twitter:label1\" content=\"Gesch\u00e4tzte Lesezeit\" \/>\n\t<meta name=\"twitter:data1\" content=\"4\u00a0Minuten\" \/>\n<script type=\"application\/ld+json\" class=\"yoast-schema-graph\">{\"@context\":\"https:\/\/schema.org\",\"@graph\":[{\"@type\":\"WebPage\",\"@id\":\"https:\/\/business.roovi.com\/de\/spielkarten-trickster-in-traditionellen-kostumen\/p\/\",\"url\":\"https:\/\/business.roovi.com\/de\/spielkarten-trickster-in-traditionellen-kostumen\/p\/\",\"name\":\"Spielkarten - Trickster in traditionellen Kost\u00fcmen\",\"isPartOf\":{\"@id\":\"https:\/\/business.roovi.com\/de\/#website\"},\"datePublished\":\"2021-11-05T10:02:02+00:00\",\"dateModified\":\"2023-03-01T15:13:22+00:00\",\"description\":\"Spielkarten - Trickster in traditionellen Kost\u00fcmen\",\"breadcrumb\":{\"@id\":\"https:\/\/business.roovi.com\/de\/spielkarten-trickster-in-traditionellen-kostumen\/p\/#breadcrumb\"},\"inLanguage\":\"de\",\"potentialAction\":[{\"@type\":\"ReadAction\",\"target\":[\"https:\/\/business.roovi.com\/de\/spielkarten-trickster-in-traditionellen-kostumen\/p\/\"]}]},{\"@type\":\"BreadcrumbList\",\"@id\":\"https:\/\/business.roovi.com\/de\/spielkarten-trickster-in-traditionellen-kostumen\/p\/#breadcrumb\",\"itemListElement\":[{\"@type\":\"ListItem\",\"position\":1,\"name\":\"Home\",\"item\":\"https:\/\/business.roovi.com\/de\/\"},{\"@type\":\"ListItem\",\"position\":2,\"name\":\"Shop\",\"item\":\"https:\/\/business.roovi.com\/de\/shop\/\"},{\"@type\":\"ListItem\",\"position\":3,\"name\":\"Spielkarten &#8211; Trickster in Tracht &#8211; mit Stolz und Fr\u00f6hlichkeit die Tracht zur Schau stellen\"}]},{\"@type\":\"WebSite\",\"@id\":\"https:\/\/business.roovi.com\/de\/#website\",\"url\":\"https:\/\/business.roovi.com\/de\/\",\"name\":\"Roovi B2B\",\"description\":\"Roovi Business Website\",\"potentialAction\":[{\"@type\":\"SearchAction\",\"target\":{\"@type\":\"EntryPoint\",\"urlTemplate\":\"https:\/\/business.roovi.com\/de\/?s={search_term_string}\"},\"query-input\":\"required name=search_term_string\"}],\"inLanguage\":\"de\"}]}<\/script>\n<!-- \/ Yoast SEO plugin. -->","yoast_head_json":{"title":"Spielkarten - Trickster in traditionellen Kost\u00fcmen","description":"Spielkarten - Trickster in traditionellen Kost\u00fcmen","robots":{"index":"index","follow":"follow","max-snippet":"max-snippet:-1","max-image-preview":"max-image-preview:large","max-video-preview":"max-video-preview:-1"},"canonical":"https:\/\/business.roovi.com\/de\/spielkarten-trickster-in-traditionellen-kostumen\/p\/","og_locale":"de_DE","og_type":"article","og_title":"Spielkarten - Trickster in traditionellen Kost\u00fcmen","og_description":"Spielkarten - Trickster in traditionellen Kost\u00fcmen","og_url":"https:\/\/business.roovi.com\/de\/spielkarten-trickster-in-traditionellen-kostumen\/p\/","og_site_name":"Roovi B2B","article_publisher":"https:\/\/www.facebook.com\/wwwjucariero","article_modified_time":"2023-03-01T15:13:22+00:00","og_image":[{"width":1200,"height":1199,"url":"https:\/\/business.roovi.com\/wp-content\/uploads\/2021\/11\/79060_pacalici_n_costume_tradi_ionale_2.png","type":"image\/png"}],"twitter_misc":{"Gesch\u00e4tzte Lesezeit":"4\u00a0Minuten"},"schema":{"@context":"https:\/\/schema.org","@graph":[{"@type":"WebPage","@id":"https:\/\/business.roovi.com\/de\/spielkarten-trickster-in-traditionellen-kostumen\/p\/","url":"https:\/\/business.roovi.com\/de\/spielkarten-trickster-in-traditionellen-kostumen\/p\/","name":"Spielkarten - Trickster in traditionellen Kost\u00fcmen","isPartOf":{"@id":"https:\/\/business.roovi.com\/de\/#website"},"datePublished":"2021-11-05T10:02:02+00:00","dateModified":"2023-03-01T15:13:22+00:00","description":"Spielkarten - Trickster in traditionellen Kost\u00fcmen","breadcrumb":{"@id":"https:\/\/business.roovi.com\/de\/spielkarten-trickster-in-traditionellen-kostumen\/p\/#breadcrumb"},"inLanguage":"de","potentialAction":[{"@type":"ReadAction","target":["https:\/\/business.roovi.com\/de\/spielkarten-trickster-in-traditionellen-kostumen\/p\/"]}]},{"@type":"BreadcrumbList","@id":"https:\/\/business.roovi.com\/de\/spielkarten-trickster-in-traditionellen-kostumen\/p\/#breadcrumb","itemListElement":[{"@type":"ListItem","position":1,"name":"Home","item":"https:\/\/business.roovi.com\/de\/"},{"@type":"ListItem","position":2,"name":"Shop","item":"https:\/\/business.roovi.com\/de\/shop\/"},{"@type":"ListItem","position":3,"name":"Spielkarten &#8211; Trickster in Tracht &#8211; mit Stolz und Fr\u00f6hlichkeit die Tracht zur Schau stellen"}]},{"@type":"WebSite","@id":"https:\/\/business.roovi.com\/de\/#website","url":"https:\/\/business.roovi.com\/de\/","name":"Roovi B2B","description":"Roovi Business Website","potentialAction":[{"@type":"SearchAction","target":{"@type":"EntryPoint","urlTemplate":"https:\/\/business.roovi.com\/de\/?s={search_term_string}"},"query-input":"required name=search_term_string"}],"inLanguage":"de"}]}},"_links":{"self":[{"href":"https:\/\/business.roovi.com\/de\/wp-json\/wp\/v2\/product\/40844","targetHints":{"allow":["GET"]}}],"collection":[{"href":"https:\/\/business.roovi.com\/de\/wp-json\/wp\/v2\/product"}],"about":[{"href":"https:\/\/business.roovi.com\/de\/wp-json\/wp\/v2\/types\/product"}],"version-history":[{"count":0,"href":"https:\/\/business.roovi.com\/de\/wp-json\/wp\/v2\/product\/40844\/revisions"}],"wp:featuredmedia":[{"embeddable":true,"href":"https:\/\/business.roovi.com\/de\/wp-json\/wp\/v2\/media\/72636"}],"wp:attachment":[{"href":"https:\/\/business.roovi.com\/de\/wp-json\/wp\/v2\/media?parent=40844"}],"wp:term":[{"taxonomy":"product_brand","embeddable":true,"href":"https:\/\/business.roovi.com\/de\/wp-json\/wp\/v2\/product_brand?post=40844"},{"taxonomy":"product_cat","embeddable":true,"href":"https:\/\/business.roovi.com\/de\/wp-json\/wp\/v2\/product_cat?post=40844"},{"taxonomy":"product_tag","embeddable":true,"href":"https:\/\/business.roovi.com\/de\/wp-json\/wp\/v2\/product_tag?post=40844"}],"curies":[{"name":"wp","href":"https:\/\/api.w.org\/{rel}","templated":true}]}}