{"id":40852,"date":"2021-11-02T15:29:28","date_gmt":"2021-11-02T15:29:28","guid":{"rendered":"https:\/\/business.roovi.com\/joc-educativ-montessori-sa-invatam-formele-geometrice\/p\/"},"modified":"2022-07-06T15:49:31","modified_gmt":"2022-07-06T15:49:31","slug":"geometrische-formen-lernen-montessori-lernspiel","status":"publish","type":"product","link":"https:\/\/business.roovi.com\/de\/geometrische-formen-lernen-montessori-lernspiel\/p\/","title":{"rendered":"Geometrische Formen lernen &#8211; Montessori Lernspiel"},"content":{"rendered":"<p><span style=\"font-weight: 400\">M\u00f6chtest du deinem Kind eine wunderbare Lernerfahrung durch Spielen erm\u00f6glichen? Entdecke das Angebot an Montessori-P\u00e4dagogikspielen, die Bildung zug\u00e4nglich und freundlich machen. Dein Kind wird Buchstaben, Zahlen, geometrische Formen und viele andere grundlegende Konzepte intuitiv und m\u00fchelos lernen <\/span><\/p>\n<p><span style=\"font-weight: 400\">Das Montessori Lernspiel &#8211; Let&#8217;s Learn Geometric Shapes enth\u00e4lt viele geometrische Formen in leuchtenden, auff\u00e4lligen Farben, die die Fantasie deines Kindes anregen werden <\/span><span style=\"font-weight: 400\">Das Montessori-Prinzip nutzt Farben und Formen f\u00fcr eine intuitive Erziehung, die deinem Kind hilft, die richtigen L\u00f6sungen zu finden. Auch wenn dein Kind noch keine geometrischen Formen kennt, kann es sie leicht lernen, indem es die magnetischen Teile mit den Formen auf den Karten verbindet <\/span><\/p>\n<p><strong>Was beinhaltet das Montessori Lernspiel &#8211; Geometrische Formen lernen?<\/strong><\/p>\n<p><strong>1 Schreibtafel<\/strong><span style=\"font-weight: 400\"> &#8211; auf die das Kind die Spielkarten legt, unterst\u00fctzt von den geometrischen Formen im Set.<\/span><\/p>\n<p><strong>1 Markierung<\/strong><span style=\"font-weight: 400\"> geometrische Formen zu zeichnen oder was auch immer die Fantasie des Kindes vorgibt.<\/span><\/p>\n<p><strong>1 Set mit vielen magnetischen geometrischen Formen<\/strong><span style=\"font-weight: 400\"> von verschiedenen Formen und Farben, mit denen du andere Formen bauen oder die auf den Karten markieren kannst.<\/span><\/p>\n<p><strong>32 Spielkarten <\/strong><span style=\"font-weight: 400\">mit Bildern, die aus den geometrischen Formen des Sets bestehen und die er daraus rekonstruieren kann.<\/span><\/p>\n<p><span style=\"font-weight: 400\">Manche Bilder auf den Spielkarten setzen sich aus mehreren Teilen zusammen. Das Kind muss also die Teile im Satz der magnetischen Formen finden, die das Bild auf den Karten bilden. Die Bilder und Formen auf den Spielkarten haben die gleiche Farbe und Form wie die magnetischen Spielsteine im Set. Das Kind muss sie nur entdecken und zuordnen. Dieses Lernspiel ist f\u00fcr ein Kind geeignet oder kann als Brettspiel f\u00fcr 2-4 Spieler verwendet werden.<\/span><\/p>\n<p><strong>Was du vielleicht noch nicht \u00fcber Maria Montessori wusstest&#8230;<\/strong><\/p>\n<p><span style=\"font-weight: 400\">Sie arbeitete mit Kindern aus unterschiedlichen sozialen Schichten und vielen Kulturen und kam zu dem Schluss, dass die Gesetze der menschlichen Entwicklung \u00fcberall gelten.<\/span><\/p>\n<p><span style=\"font-weight: 400\">Sie wurde dreimal f\u00fcr den Nobelpreis nominiert und erhielt zu Lebzeiten mehrere Auszeichnungen und Ehrungen f\u00fcr ihre p\u00e4dagogische Arbeit.<\/span><\/p>\n<p><span style=\"font-weight: 400\">Das Prinzip, das ihren Namen tr\u00e4gt, kann bis zum Alter von 24 Jahren angewendet werden und gibt Kindern die Freiheit, sich in ihrem eigenen Tempo zu bilden und zu entwickeln.<\/span><\/p>\n<p><span style=\"font-weight: 400\">W\u00e4hrend des Zweiten Weltkriegs wurden die Montessori-Schulen verboten, Maria Montessori wurde unter Hausarrest gestellt und ihr Sohn Mario wurde verhaftet.<\/span><\/p>\n<p><span style=\"font-weight: 400\">Einige ber\u00fchmte Pers\u00f6nlichkeiten, die nach dem Montessori-Stil erzogen wurden: Bill Gates &#8211; Gr\u00fcnder von Microsoft, <\/span><span style=\"font-weight: 400\">Jeff Bezos &#8211; Gr\u00fcnder von Amazon, die Prinzen William und Harry, Steve Jobs &#8211; Gr\u00fcnder von Apple, die Schauspieler Michael Douglas und Hugh Grant, Jacqueline Bouvier Kennedy Onassis &#8211; ehemalige First Lady der USA, der Schriftsteller Gabriel Garcia Marquez, und die Liste geht weiter.<\/span><\/p>\n<p><strong>Lernspiele lehren Kinder, sich an die Regeln zu halten<\/strong><\/p>\n<p><span style=\"font-weight: 400\">Durch Lernspiele lernen Kinder, ihre Impulse zu kontrollieren und \u00fcber ihre Entscheidungen nachzudenken. Dies f\u00fchrt zu einer besseren Leistung bei Schulaufgaben, die Konzentration und Selbstkontrolle erfordern <\/span><\/p>\n<p><strong>Lernspiele helfen Kindern, den Wert von Respekt zu verstehen<\/strong><\/p>\n<p><span style=\"font-weight: 400\">Besonders wenn sie mit anderen Kindern spielen, lernen Kinder durch Lernspiele, andere und sich selbst zu respektieren. Sich darin zu \u00fcben, andere spielen zu lassen, sich im Spiel abzuwechseln, abwechselnd seine Meinung zu \u00e4u\u00dfern und andere nicht zu unterbrechen, wenn sie sprechen, sind kleine Dinge, aber sie lehren die Kinder, sich in jeder Situation gut zu benehmen und eine respektvolle Haltung in der Gesellschaft zu haben.<\/span><\/p>\n<p><span style=\"font-weight: 400\">Gib deinem Kind die M\u00f6glichkeit, geometrische Formen kreativ und intuitiv mit dem Montessori-Spiel zu erlernen &#8211;<\/span> <span style=\"font-weight: 400\">Lasst uns geometrische Formen lernen! Kaufe jetzt f\u00fcr dein Kind dieses wunderbare Lernspiel <\/span><\/p>\n<p><span style=\"font-weight: 400\">Montessori-Spiel &#8211;<\/span> <span style=\"font-weight: 400\">Let&#8217;s Learn Geometric Shapes ist auch ideal als Geschenk f\u00fcr kreative Kinder zu verschiedenen festlichen Anl\u00e4ssen.<\/span><\/p><\/p>\n","protected":false},"excerpt":{"rendered":"<p>M\u00f6chtest du deinem Kind eine wunderbare Lernerfahrung durch Spielen erm\u00f6glichen? Entdecke das Angebot an Montessori-P\u00e4dagogikspielen, die Bildung zug\u00e4nglich und freundlich<\/p>\n","protected":false},"featured_media":48212,"template":"","meta":[],"product_brand":[],"product_cat":[1896],"product_tag":[],"class_list":{"0":"post-40852","1":"product","2":"type-product","3":"status-publish","4":"has-post-thumbnail","6":"product_cat-padagogische-und-wissenschaftliche-spiele","7":"pa_bax-10-de","8":"pa_brand-d_toys-de","9":"pa_country_of_manufacture-ro-de","10":"pa_filter_age-5_7-de","11":"pa_tip_ambalaj-kasten-a4-de","13":"first","14":"instock","15":"taxable","16":"shipping-taxable","17":"product-type-simple"},"yoast_head":"<!-- This site is optimized with the Yoast SEO plugin v20.1 - https:\/\/yoast.com\/wordpress\/plugins\/seo\/ -->\n<title>Geometrische Formen lernen - Montessori Lernspiel<\/title>\n<meta name=\"description\" content=\"Geometrische Formen lernen - Montessori Lernspiel\" \/>\n<meta name=\"robots\" content=\"index, follow, max-snippet:-1, max-image-preview:large, max-video-preview:-1\" \/>\n<link rel=\"canonical\" href=\"https:\/\/business.roovi.com\/de\/geometrische-formen-lernen-montessori-lernspiel\/p\/\" \/>\n<meta property=\"og:locale\" content=\"de_DE\" \/>\n<meta property=\"og:type\" content=\"article\" \/>\n<meta property=\"og:title\" content=\"Geometrische Formen lernen - Montessori Lernspiel\" \/>\n<meta property=\"og:description\" content=\"Geometrische Formen lernen - Montessori Lernspiel\" \/>\n<meta property=\"og:url\" content=\"https:\/\/business.roovi.com\/de\/geometrische-formen-lernen-montessori-lernspiel\/p\/\" \/>\n<meta property=\"og:site_name\" content=\"Roovi B2B\" \/>\n<meta property=\"article:publisher\" content=\"https:\/\/www.facebook.com\/wwwjucariero\" \/>\n<meta property=\"article:modified_time\" content=\"2022-07-06T15:49:31+00:00\" \/>\n<meta property=\"og:image\" content=\"https:\/\/business.roovi.com\/wp-content\/uploads\/2021\/11\/montessori_magnetic_forme_geometrice.png\" \/>\n\t<meta property=\"og:image:width\" content=\"1200\" \/>\n\t<meta property=\"og:image:height\" content=\"1200\" \/>\n\t<meta property=\"og:image:type\" content=\"image\/png\" \/>\n<meta name=\"twitter:label1\" content=\"Gesch\u00e4tzte Lesezeit\" \/>\n\t<meta name=\"twitter:data1\" content=\"3\u00a0Minuten\" \/>\n<script type=\"application\/ld+json\" class=\"yoast-schema-graph\">{\"@context\":\"https:\/\/schema.org\",\"@graph\":[{\"@type\":\"WebPage\",\"@id\":\"https:\/\/business.roovi.com\/de\/geometrische-formen-lernen-montessori-lernspiel\/p\/\",\"url\":\"https:\/\/business.roovi.com\/de\/geometrische-formen-lernen-montessori-lernspiel\/p\/\",\"name\":\"Geometrische Formen lernen - Montessori Lernspiel\",\"isPartOf\":{\"@id\":\"https:\/\/business.roovi.com\/de\/#website\"},\"datePublished\":\"2021-11-02T15:29:28+00:00\",\"dateModified\":\"2022-07-06T15:49:31+00:00\",\"description\":\"Geometrische Formen lernen - Montessori Lernspiel\",\"breadcrumb\":{\"@id\":\"https:\/\/business.roovi.com\/de\/geometrische-formen-lernen-montessori-lernspiel\/p\/#breadcrumb\"},\"inLanguage\":\"de\",\"potentialAction\":[{\"@type\":\"ReadAction\",\"target\":[\"https:\/\/business.roovi.com\/de\/geometrische-formen-lernen-montessori-lernspiel\/p\/\"]}]},{\"@type\":\"BreadcrumbList\",\"@id\":\"https:\/\/business.roovi.com\/de\/geometrische-formen-lernen-montessori-lernspiel\/p\/#breadcrumb\",\"itemListElement\":[{\"@type\":\"ListItem\",\"position\":1,\"name\":\"Home\",\"item\":\"https:\/\/business.roovi.com\/de\/\"},{\"@type\":\"ListItem\",\"position\":2,\"name\":\"Shop\",\"item\":\"https:\/\/business.roovi.com\/de\/shop\/\"},{\"@type\":\"ListItem\",\"position\":3,\"name\":\"Geometrische Formen lernen &#8211; Montessori Lernspiel\"}]},{\"@type\":\"WebSite\",\"@id\":\"https:\/\/business.roovi.com\/de\/#website\",\"url\":\"https:\/\/business.roovi.com\/de\/\",\"name\":\"Roovi B2B\",\"description\":\"Roovi Business Website\",\"potentialAction\":[{\"@type\":\"SearchAction\",\"target\":{\"@type\":\"EntryPoint\",\"urlTemplate\":\"https:\/\/business.roovi.com\/de\/?s={search_term_string}\"},\"query-input\":\"required name=search_term_string\"}],\"inLanguage\":\"de\"}]}<\/script>\n<!-- \/ Yoast SEO plugin. -->","yoast_head_json":{"title":"Geometrische Formen lernen - Montessori Lernspiel","description":"Geometrische Formen lernen - Montessori Lernspiel","robots":{"index":"index","follow":"follow","max-snippet":"max-snippet:-1","max-image-preview":"max-image-preview:large","max-video-preview":"max-video-preview:-1"},"canonical":"https:\/\/business.roovi.com\/de\/geometrische-formen-lernen-montessori-lernspiel\/p\/","og_locale":"de_DE","og_type":"article","og_title":"Geometrische Formen lernen - Montessori Lernspiel","og_description":"Geometrische Formen lernen - Montessori Lernspiel","og_url":"https:\/\/business.roovi.com\/de\/geometrische-formen-lernen-montessori-lernspiel\/p\/","og_site_name":"Roovi B2B","article_publisher":"https:\/\/www.facebook.com\/wwwjucariero","article_modified_time":"2022-07-06T15:49:31+00:00","og_image":[{"width":1200,"height":1200,"url":"https:\/\/business.roovi.com\/wp-content\/uploads\/2021\/11\/montessori_magnetic_forme_geometrice.png","type":"image\/png"}],"twitter_misc":{"Gesch\u00e4tzte Lesezeit":"3\u00a0Minuten"},"schema":{"@context":"https:\/\/schema.org","@graph":[{"@type":"WebPage","@id":"https:\/\/business.roovi.com\/de\/geometrische-formen-lernen-montessori-lernspiel\/p\/","url":"https:\/\/business.roovi.com\/de\/geometrische-formen-lernen-montessori-lernspiel\/p\/","name":"Geometrische Formen lernen - Montessori Lernspiel","isPartOf":{"@id":"https:\/\/business.roovi.com\/de\/#website"},"datePublished":"2021-11-02T15:29:28+00:00","dateModified":"2022-07-06T15:49:31+00:00","description":"Geometrische Formen lernen - Montessori Lernspiel","breadcrumb":{"@id":"https:\/\/business.roovi.com\/de\/geometrische-formen-lernen-montessori-lernspiel\/p\/#breadcrumb"},"inLanguage":"de","potentialAction":[{"@type":"ReadAction","target":["https:\/\/business.roovi.com\/de\/geometrische-formen-lernen-montessori-lernspiel\/p\/"]}]},{"@type":"BreadcrumbList","@id":"https:\/\/business.roovi.com\/de\/geometrische-formen-lernen-montessori-lernspiel\/p\/#breadcrumb","itemListElement":[{"@type":"ListItem","position":1,"name":"Home","item":"https:\/\/business.roovi.com\/de\/"},{"@type":"ListItem","position":2,"name":"Shop","item":"https:\/\/business.roovi.com\/de\/shop\/"},{"@type":"ListItem","position":3,"name":"Geometrische Formen lernen &#8211; Montessori Lernspiel"}]},{"@type":"WebSite","@id":"https:\/\/business.roovi.com\/de\/#website","url":"https:\/\/business.roovi.com\/de\/","name":"Roovi B2B","description":"Roovi Business Website","potentialAction":[{"@type":"SearchAction","target":{"@type":"EntryPoint","urlTemplate":"https:\/\/business.roovi.com\/de\/?s={search_term_string}"},"query-input":"required name=search_term_string"}],"inLanguage":"de"}]}},"_links":{"self":[{"href":"https:\/\/business.roovi.com\/de\/wp-json\/wp\/v2\/product\/40852","targetHints":{"allow":["GET"]}}],"collection":[{"href":"https:\/\/business.roovi.com\/de\/wp-json\/wp\/v2\/product"}],"about":[{"href":"https:\/\/business.roovi.com\/de\/wp-json\/wp\/v2\/types\/product"}],"version-history":[{"count":0,"href":"https:\/\/business.roovi.com\/de\/wp-json\/wp\/v2\/product\/40852\/revisions"}],"wp:featuredmedia":[{"embeddable":true,"href":"https:\/\/business.roovi.com\/de\/wp-json\/wp\/v2\/media\/48212"}],"wp:attachment":[{"href":"https:\/\/business.roovi.com\/de\/wp-json\/wp\/v2\/media?parent=40852"}],"wp:term":[{"taxonomy":"product_brand","embeddable":true,"href":"https:\/\/business.roovi.com\/de\/wp-json\/wp\/v2\/product_brand?post=40852"},{"taxonomy":"product_cat","embeddable":true,"href":"https:\/\/business.roovi.com\/de\/wp-json\/wp\/v2\/product_cat?post=40852"},{"taxonomy":"product_tag","embeddable":true,"href":"https:\/\/business.roovi.com\/de\/wp-json\/wp\/v2\/product_tag?post=40852"}],"curies":[{"name":"wp","href":"https:\/\/api.w.org\/{rel}","templated":true}]}}