{"id":40860,"date":"2021-11-02T15:21:14","date_gmt":"2021-11-02T15:21:14","guid":{"rendered":"https:\/\/business.roovi.com\/joc-educativ-montessori-sa-invatam-numerele-si-operatiile-de-baza\/p\/"},"modified":"2022-07-06T15:49:44","modified_gmt":"2022-07-06T15:49:44","slug":"montessori-lernspiel-zahlen-und-grundrechenarten-lernen","status":"publish","type":"product","link":"https:\/\/business.roovi.com\/de\/montessori-lernspiel-zahlen-und-grundrechenarten-lernen\/p\/","title":{"rendered":"Montessori Lernspiel &#8211; Zahlen und Grundrechenarten lernen"},"content":{"rendered":"<p><span style=\"font-weight: 400\">Willst du, dass dein Kind lesen, z\u00e4hlen und rechnen kann, ohne den Druck der Schule zu sp\u00fcren? Unsere von Montessori inspirierten Lernspiele helfen deinem Kind, spielerisch die Grundlagen zu lernen. Montessori-Lernspiele f\u00f6rdern auch die Geduld, die Aufmerksamkeit, das strategische Denken und viele andere F\u00e4higkeiten deines Kindes <\/span><\/p>\n<p><span style=\"font-weight: 400\">Das Montessori Lernspiel &#8211; Lass uns Zahlen und Grundrechenarten lernen hilft deinem Kind, die einfachsten mathematischen Operationen logisch und intuitiv zu lernen. Das Montessori-Prinzip nutzt Formen und Farben, um jungen Mathematikern zu helfen, die richtigen L\u00f6sungen zu finden, auch wenn sie nicht wissen, wie man Mathematik macht. Die Kinder orientieren sich an der Form und der Farbe hinter jeder Operation auf der Spielkarte, die mit dem Paar auf dem Spielbrett identisch ist.<\/span><\/p>\n<p><strong>Was ist in dem Montessori Lernspiel &#8211; Zahlen und Grundrechenarten lernen?<\/strong><\/p>\n<p><strong>32 Spielkarten<\/strong><span style=\"font-weight: 400\">mit mathematischen Operationen, die eine farbige Form im Hintergrund haben<\/span><\/p>\n<p><strong>1 Spielbrett<\/strong><span style=\"font-weight: 400\">mit Zahlen mit farbigen Formen im Hintergrund. Die Zahlen darauf sind die Ergebnisse der Operationen auf den Spielkarten. Auf der einen Seite stehen die Ergebnisse von Addition und Subtraktion, auf der anderen Seite die Ergebnisse von Multiplikation und Division. Die Operationen sind einfach, die Ergebnisse gehen nicht \u00fcber 9 auf jeder Seite des Brettes hinaus.<\/span><\/p>\n<p><strong>1 Spielregeln<\/strong><span style=\"font-weight: 400\"> wo du Anleitungen und weitere Spielideen finden kannst.<\/span><\/p>\n<p><span style=\"font-weight: 400\">Montessori Lernspiel &#8211; Zahlen und Grundrechenarten lernen macht Mathe zu einem einfachen und lustigen Spiel! Du kannst mit deinem kleinen Kind Matheoperationen oder Wer ist der Schnellste spielen und das Lernspiel wird zu einem Riesenspa\u00df! Die M\u00f6glichkeiten sind endlos, wenn du deiner Fantasie freien Lauf l\u00e4sst und dich von der Inspiration des Augenblicks leiten l\u00e4sst.<\/span><\/p>\n<p><strong>5 ber\u00fchmte Zitate von Maria Montessori, die auch heute noch g\u00fcltig sind<\/strong><\/p>\n<p><span style=\"font-weight: 400\">Maria Montessori ist auf der ganzen Welt f\u00fcr die kindzentrierten Erziehungsmethoden bekannt, die sie im Laufe ihres Lebens entwickelt und der Menschheit vermacht hat. Hier sind nur einige ihrer Aussagen, die heute aktueller denn je erscheinen:<\/span><\/p>\n<p><span style=\"font-weight: 400\">&#8222;<\/span><span style=\"font-weight: 400\">Im Kind liegt das Schicksal der Zukunft<\/span><span style=\"font-weight: 400\">&#8222;<\/span><span style=\"font-weight: 400\"><\/span><\/p>\n<p><span style=\"font-weight: 400\">&#8222;<\/span><span style=\"font-weight: 400\">Wir m\u00fcssen dem Kind helfen, allein zu handeln, allein zu wollen, allein zu denken; das ist die Kunst derer, die dem Geist dienen wollen<\/span><span style=\"font-weight: 400\">&#8222;<\/span><span style=\"font-weight: 400\">.<\/span><\/p>\n<p><span style=\"font-weight: 400\">&#8222;<\/span><span style=\"font-weight: 400\">Die einzige Sprache, die Menschen perfekt sprechen, ist die, die sie in der Kindheit lernen, wenn ihnen niemand etwas beibringen kann!<\/span><span style=\"font-weight: 400\">&#8222;<\/span><\/p>\n<p><span style=\"font-weight: 400\">&#8222;<\/span><span style=\"font-weight: 400\">Das erste, was ein Kind lernen sollte, ist der Unterschied zwischen richtig und falsch<\/span><span style=\"font-weight: 400\">&#8222;<\/span><span style=\"font-weight: 400\">.<\/span><\/p>\n<h4><span style=\"font-weight: 400\">&#8222;<\/span><span style=\"font-weight: 400\">Hilf einem Kind niemals bei etwas, von dem es denkt, dass es es selbst tun kann<\/span><span style=\"font-weight: 400\">&#8222;<\/span><span style=\"font-weight: 400\">.<\/span><\/h4>\n<p><strong>Die Rolle von Lernspielen f\u00fcr die Entwicklung von Kindern<\/strong><\/p>\n<p><span style=\"font-weight: 400\">Mit Lernspielen lernt dein Kind, die Welt auf eine ansprechende und konstruktive Weise zu entdecken. Das Spiel wird so zu einem \u00e4u\u00dferst wichtigen Bildungs- und Lernfaktor. Hier sind nur einige der Vorteile von Lernspielen f\u00fcr die Entwicklung deines Kindes:<\/span><\/p>\n<p><span style=\"font-weight: 400\">Entwickelt die motorischen F\u00e4higkeiten und die Geschicklichkeit.<\/span><\/p>\n<p><span style=\"font-weight: 400\">Es hilft ihnen, soziale Kontakte zu kn\u00fcpfen, lehrt sie das Konzept von Regeln und wie man sie befolgt.<\/span><\/p>\n<p><span style=\"font-weight: 400\">Er lehrt sie, schneller L\u00f6sungen f\u00fcr Probleme zu finden.<\/span><\/p>\n<p><span style=\"font-weight: 400\">Sie entwickeln ihre mathematischen F\u00e4higkeiten, ihr logisches Denken und ihr kritisches Denken.<\/span><\/p>\n<p><span style=\"font-weight: 400\">Es hilft ihnen, ihr Ged\u00e4chtnis zu trainieren und zu verbessern.<\/span><\/p>\n<p><span style=\"font-weight: 400\">Sie lernen den Wert des Respekts f\u00fcr sich selbst, ihre Lieben und die Welt, in der sie leben.<\/span><\/p>\n<p><span style=\"font-weight: 400\">Jetzt kaufen Das Lernspiel <\/span><span style=\"font-weight: 400\">Montessori &#8211; Lass uns Zahlen und Grundrechenarten lernen und hilf deinem Kind, alle Vorteile dieses Lernspiels zu genie\u00dfen! Spiele mit ihm zusammen oder verwende es als Brettspiel f\u00fcr 2 &#8211; 4 kleine Mathematiker.<\/span><\/p>\n<p><span style=\"font-weight: 400\">Du bist dir nicht sicher, welches Geschenk du einem kleinen Entdecker machen sollst? Das Montessori Lernspiel &#8211; Wir lernen Zahlen und Grundrechenarten ist die beste Wahl, wenn du m\u00f6chtest, dass dein Kind seine Zeit auf eine lehrreiche und konstruktive Weise verbringt.<\/span><\/p><\/p>\n","protected":false},"excerpt":{"rendered":"<p>Willst du, dass dein Kind lesen, z\u00e4hlen und rechnen kann, ohne den Druck der Schule zu sp\u00fcren? Unsere von Montessori<\/p>\n","protected":false},"featured_media":48208,"template":"","meta":[],"product_brand":[],"product_cat":[1896],"product_tag":[],"class_list":{"0":"post-40860","1":"product","2":"type-product","3":"status-publish","4":"has-post-thumbnail","6":"product_cat-padagogische-und-wissenschaftliche-spiele","7":"pa_bax-14-de","8":"pa_brand-deico-de","9":"pa_country_of_manufacture-ro-de","10":"pa_filter_age-5_7-de","11":"pa_tip_ambalaj-kasten-a4-de","13":"first","14":"instock","15":"taxable","16":"shipping-taxable","17":"product-type-simple"},"yoast_head":"<!-- This site is optimized with the Yoast SEO plugin v20.1 - https:\/\/yoast.com\/wordpress\/plugins\/seo\/ -->\n<title>Montessori Lernspiel - Zahlen und Grundrechenarten lernen<\/title>\n<meta name=\"description\" content=\"Montessori Lernspiel - Zahlen und Grundrechenarten lernen\" \/>\n<meta name=\"robots\" content=\"index, follow, max-snippet:-1, max-image-preview:large, max-video-preview:-1\" \/>\n<link rel=\"canonical\" href=\"https:\/\/business.roovi.com\/de\/montessori-lernspiel-zahlen-und-grundrechenarten-lernen\/p\/\" \/>\n<meta property=\"og:locale\" content=\"de_DE\" \/>\n<meta property=\"og:type\" content=\"article\" \/>\n<meta property=\"og:title\" content=\"Montessori Lernspiel - Zahlen und Grundrechenarten lernen\" \/>\n<meta property=\"og:description\" content=\"Montessori Lernspiel - Zahlen und Grundrechenarten lernen\" \/>\n<meta property=\"og:url\" content=\"https:\/\/business.roovi.com\/de\/montessori-lernspiel-zahlen-und-grundrechenarten-lernen\/p\/\" \/>\n<meta property=\"og:site_name\" content=\"Roovi B2B\" \/>\n<meta property=\"article:publisher\" content=\"https:\/\/www.facebook.com\/wwwjucariero\" \/>\n<meta property=\"article:modified_time\" content=\"2022-07-06T15:49:44+00:00\" \/>\n<meta property=\"og:image\" content=\"https:\/\/business.roovi.com\/wp-content\/uploads\/2021\/11\/montessori_deico_games_numerele.png\" \/>\n\t<meta property=\"og:image:width\" content=\"1200\" \/>\n\t<meta property=\"og:image:height\" content=\"1200\" \/>\n\t<meta property=\"og:image:type\" content=\"image\/png\" \/>\n<meta name=\"twitter:label1\" content=\"Gesch\u00e4tzte Lesezeit\" \/>\n\t<meta name=\"twitter:data1\" content=\"3\u00a0Minuten\" \/>\n<script type=\"application\/ld+json\" class=\"yoast-schema-graph\">{\"@context\":\"https:\/\/schema.org\",\"@graph\":[{\"@type\":\"WebPage\",\"@id\":\"https:\/\/business.roovi.com\/de\/montessori-lernspiel-zahlen-und-grundrechenarten-lernen\/p\/\",\"url\":\"https:\/\/business.roovi.com\/de\/montessori-lernspiel-zahlen-und-grundrechenarten-lernen\/p\/\",\"name\":\"Montessori Lernspiel - Zahlen und Grundrechenarten lernen\",\"isPartOf\":{\"@id\":\"https:\/\/business.roovi.com\/de\/#website\"},\"datePublished\":\"2021-11-02T15:21:14+00:00\",\"dateModified\":\"2022-07-06T15:49:44+00:00\",\"description\":\"Montessori Lernspiel - Zahlen und Grundrechenarten lernen\",\"breadcrumb\":{\"@id\":\"https:\/\/business.roovi.com\/de\/montessori-lernspiel-zahlen-und-grundrechenarten-lernen\/p\/#breadcrumb\"},\"inLanguage\":\"de\",\"potentialAction\":[{\"@type\":\"ReadAction\",\"target\":[\"https:\/\/business.roovi.com\/de\/montessori-lernspiel-zahlen-und-grundrechenarten-lernen\/p\/\"]}]},{\"@type\":\"BreadcrumbList\",\"@id\":\"https:\/\/business.roovi.com\/de\/montessori-lernspiel-zahlen-und-grundrechenarten-lernen\/p\/#breadcrumb\",\"itemListElement\":[{\"@type\":\"ListItem\",\"position\":1,\"name\":\"Home\",\"item\":\"https:\/\/business.roovi.com\/de\/\"},{\"@type\":\"ListItem\",\"position\":2,\"name\":\"Shop\",\"item\":\"https:\/\/business.roovi.com\/de\/shop\/\"},{\"@type\":\"ListItem\",\"position\":3,\"name\":\"Montessori Lernspiel &#8211; Zahlen und Grundrechenarten lernen\"}]},{\"@type\":\"WebSite\",\"@id\":\"https:\/\/business.roovi.com\/de\/#website\",\"url\":\"https:\/\/business.roovi.com\/de\/\",\"name\":\"Roovi B2B\",\"description\":\"Roovi Business Website\",\"potentialAction\":[{\"@type\":\"SearchAction\",\"target\":{\"@type\":\"EntryPoint\",\"urlTemplate\":\"https:\/\/business.roovi.com\/de\/?s={search_term_string}\"},\"query-input\":\"required name=search_term_string\"}],\"inLanguage\":\"de\"}]}<\/script>\n<!-- \/ Yoast SEO plugin. -->","yoast_head_json":{"title":"Montessori Lernspiel - Zahlen und Grundrechenarten lernen","description":"Montessori Lernspiel - Zahlen und Grundrechenarten lernen","robots":{"index":"index","follow":"follow","max-snippet":"max-snippet:-1","max-image-preview":"max-image-preview:large","max-video-preview":"max-video-preview:-1"},"canonical":"https:\/\/business.roovi.com\/de\/montessori-lernspiel-zahlen-und-grundrechenarten-lernen\/p\/","og_locale":"de_DE","og_type":"article","og_title":"Montessori Lernspiel - Zahlen und Grundrechenarten lernen","og_description":"Montessori Lernspiel - Zahlen und Grundrechenarten lernen","og_url":"https:\/\/business.roovi.com\/de\/montessori-lernspiel-zahlen-und-grundrechenarten-lernen\/p\/","og_site_name":"Roovi B2B","article_publisher":"https:\/\/www.facebook.com\/wwwjucariero","article_modified_time":"2022-07-06T15:49:44+00:00","og_image":[{"width":1200,"height":1200,"url":"https:\/\/business.roovi.com\/wp-content\/uploads\/2021\/11\/montessori_deico_games_numerele.png","type":"image\/png"}],"twitter_misc":{"Gesch\u00e4tzte Lesezeit":"3\u00a0Minuten"},"schema":{"@context":"https:\/\/schema.org","@graph":[{"@type":"WebPage","@id":"https:\/\/business.roovi.com\/de\/montessori-lernspiel-zahlen-und-grundrechenarten-lernen\/p\/","url":"https:\/\/business.roovi.com\/de\/montessori-lernspiel-zahlen-und-grundrechenarten-lernen\/p\/","name":"Montessori Lernspiel - Zahlen und Grundrechenarten lernen","isPartOf":{"@id":"https:\/\/business.roovi.com\/de\/#website"},"datePublished":"2021-11-02T15:21:14+00:00","dateModified":"2022-07-06T15:49:44+00:00","description":"Montessori Lernspiel - Zahlen und Grundrechenarten lernen","breadcrumb":{"@id":"https:\/\/business.roovi.com\/de\/montessori-lernspiel-zahlen-und-grundrechenarten-lernen\/p\/#breadcrumb"},"inLanguage":"de","potentialAction":[{"@type":"ReadAction","target":["https:\/\/business.roovi.com\/de\/montessori-lernspiel-zahlen-und-grundrechenarten-lernen\/p\/"]}]},{"@type":"BreadcrumbList","@id":"https:\/\/business.roovi.com\/de\/montessori-lernspiel-zahlen-und-grundrechenarten-lernen\/p\/#breadcrumb","itemListElement":[{"@type":"ListItem","position":1,"name":"Home","item":"https:\/\/business.roovi.com\/de\/"},{"@type":"ListItem","position":2,"name":"Shop","item":"https:\/\/business.roovi.com\/de\/shop\/"},{"@type":"ListItem","position":3,"name":"Montessori Lernspiel &#8211; Zahlen und Grundrechenarten lernen"}]},{"@type":"WebSite","@id":"https:\/\/business.roovi.com\/de\/#website","url":"https:\/\/business.roovi.com\/de\/","name":"Roovi B2B","description":"Roovi Business Website","potentialAction":[{"@type":"SearchAction","target":{"@type":"EntryPoint","urlTemplate":"https:\/\/business.roovi.com\/de\/?s={search_term_string}"},"query-input":"required name=search_term_string"}],"inLanguage":"de"}]}},"_links":{"self":[{"href":"https:\/\/business.roovi.com\/de\/wp-json\/wp\/v2\/product\/40860","targetHints":{"allow":["GET"]}}],"collection":[{"href":"https:\/\/business.roovi.com\/de\/wp-json\/wp\/v2\/product"}],"about":[{"href":"https:\/\/business.roovi.com\/de\/wp-json\/wp\/v2\/types\/product"}],"version-history":[{"count":0,"href":"https:\/\/business.roovi.com\/de\/wp-json\/wp\/v2\/product\/40860\/revisions"}],"wp:featuredmedia":[{"embeddable":true,"href":"https:\/\/business.roovi.com\/de\/wp-json\/wp\/v2\/media\/48208"}],"wp:attachment":[{"href":"https:\/\/business.roovi.com\/de\/wp-json\/wp\/v2\/media?parent=40860"}],"wp:term":[{"taxonomy":"product_brand","embeddable":true,"href":"https:\/\/business.roovi.com\/de\/wp-json\/wp\/v2\/product_brand?post=40860"},{"taxonomy":"product_cat","embeddable":true,"href":"https:\/\/business.roovi.com\/de\/wp-json\/wp\/v2\/product_cat?post=40860"},{"taxonomy":"product_tag","embeddable":true,"href":"https:\/\/business.roovi.com\/de\/wp-json\/wp\/v2\/product_tag?post=40860"}],"curies":[{"name":"wp","href":"https:\/\/api.w.org\/{rel}","templated":true}]}}