{"id":40864,"date":"2021-11-02T15:16:29","date_gmt":"2021-11-02T15:16:29","guid":{"rendered":"https:\/\/business.roovi.com\/joc-montessori-buboo-sa-invatam-numerele-si-operatiile-de-baza\/p\/"},"modified":"2022-07-06T15:49:49","modified_gmt":"2022-07-06T15:49:49","slug":"buboo-spiel-zahlen-und-grundrechenarten-lernen-montessori-lernspiel","status":"publish","type":"product","link":"https:\/\/business.roovi.com\/de\/buboo-spiel-zahlen-und-grundrechenarten-lernen-montessori-lernspiel\/p\/","title":{"rendered":"Buboo Spiel &#8211; Zahlen und Grundrechenarten lernen &#8211; Montessori Lernspiel"},"content":{"rendered":"<p><span style=\"font-weight: 400\">Suchst du nach einem Lernspiel, das dein Kind an die Mathematik heranf\u00fchrt? Das Montessori-Spiel Buboo &#8211; Zahlen und Grundrechenarten lernen ist genau das Richtige f\u00fcr dich! Es ist ein intuitives, praktisches und lustiges Spiel, mit dem dein Kind spielerisch die Grundlagen der Mathematik lernt <\/span><\/p>\n<p><span style=\"font-weight: 400\">Die niedliche Eule Buboo hat eine riesige Brille, in der alle Zahlenchips stecken. Die Gl\u00e4ser werden hoch und runter gezogen, um 2 Zahlenpl\u00e4ttchen aufzudecken, die an der richtigen Stelle auf die Spielkarten gelegt werden m\u00fcssen. Auf den Spielkarten stehen Addition, Subtraktion und einfache Multiplikation und Division. Anstelle des Ergebnisses auf den Spielkarten sind farbige Kreise mit der gleichen Farbe wie die passenden Zahlenchips. Auch wenn er noch nicht z\u00e4hlen kann, hilft die Farbe dem Kleinen und er wird das Ergebnis ganz leicht herausfinden.<\/span><\/p>\n<p><span style=\"font-weight: 400\">Macht Mathe nicht Spa\u00df und ist einfach? Zieh an den Augen der Eule und finde im Handumdrehen alle Ergebnisse heraus!<\/span><\/p>\n<p><strong>Was findest du in der Montessori Lernspielbox &#8211; Buboo &#8211; Zahlen und Grundrechenarten lernen?<\/strong><\/p>\n<p><strong>1 niedliche Feuer-Eule<\/strong><span style=\"font-weight: 400\">dein Kleines wird es sofort lieben und viel daran ziehen. Aber keine Sorge, die Eule ist langlebig, aus hochwertigem Material gefertigt und widerstandsf\u00e4hig gegen langen Gebrauch.<\/span><\/p>\n<p><strong>56 Spielsteine<\/strong><span style=\"font-weight: 400\"> mit Zahlen von 0 bis 9, farbenfroh und freundlich f\u00fcr kleine Mathematiker.<\/span><\/p>\n<p><strong>32 Spielkarten <\/strong><span style=\"font-weight: 400\">mit verschiedenen mathematischen Operationen, deren Ergebnis das Kind herausfindet, indem es die Farbe des Kreises auf der Karte mit der Farbe des Spielsteins abgleicht <\/span><\/p>\n<p><strong>1 Verordnung<\/strong><span style=\"font-weight: 400\"> in der du die Spielregeln und einige Vorschl\u00e4ge f\u00fcr das Spiel findest.<\/span><\/p>\n<p><strong>Vielleicht wusstest du noch nichts von der Montessori-P\u00e4dagogik.. <\/strong><\/p>\n<p><span style=\"font-weight: 400\">Die Montessori-Methode ist eine Alternative zum klassischen Erziehungssystem und hat viele Prinzipien, die alle Eltern bei der Erziehung ihrer Kinder anwenden k\u00f6nnen. Erstens f\u00f6rdert die Montessori-Methode das Einf\u00fchlungsverm\u00f6gen, den Umgang mit der Umwelt und die lebenslange Freude am Lernen.<\/span><\/p>\n<p><strong>Jedes Kind ist einzigartig <\/strong><span style=\"font-weight: 400\">Sie lernen in ihrem eigenen Tempo, passen sich an verschiedene Situationen und Lernstile an.<\/span><\/p>\n<p><strong>Kinder lernen, f\u00fcr sich und andere zu sorgen.<\/strong><span style=\"font-weight: 400\"> Es ist sehr wichtig, Kindern ein Gef\u00fchl f\u00fcr Verantwortung zu vermitteln, f\u00fcr sich selbst und f\u00fcr andere.<\/span><\/p>\n<p><strong>Kinder lernen auf konkrete Art und Weise, durch ihren Verstand und ihren K\u00f6rper.<\/strong><span style=\"font-weight: 400\"> Sie benutzen zum Beispiel ihre H\u00e4nde, um Gegenst\u00e4nde zu sortieren und mit ihnen zu arbeiten. Auf diese Weise werden sie st\u00e4rker in die Lernaktivit\u00e4t einbezogen und lernen schneller.<\/span><\/p>\n<p><strong>Kinder werden ermutigt, ihre eigenen Entscheidungen zu treffen und diese zu respektieren<\/strong><span style=\"font-weight: 400\">. Auf diese Weise werden sie verantwortungsbewusster.<\/span><\/p>\n<p><strong>Die Kinder r\u00e4umen hinter sich auf.<\/strong><span style=\"font-weight: 400\"> Dieses gesunde Prinzip lehrt Kinder, sich selbst und ihre Umwelt zu respektieren <\/span><\/p>\n<p><strong>3 Vorteile von Lernspielen:<\/strong><\/p>\n<p><strong>1. Entwickelt strategisches Denken und Probleml\u00f6sungsf\u00e4higkeiten<\/strong><\/p>\n<p><span style=\"font-weight: 400\">Lernspiele regen Kinder dazu an, schnell zu denken. Au\u00dferdem m\u00fcssen sie ihre Logik nutzen, um Probleme zu l\u00f6sen. Wenn diese F\u00e4higkeiten ge\u00fcbt werden, entwickelt das Kind die F\u00e4higkeit, strategisch zu denken und in allen Situationen L\u00f6sungen zu finden.<\/span><\/p>\n<p><strong>2. Entwickelt die Hand-Augen-Koordination<\/strong><\/p>\n<p><span style=\"font-weight: 400\">Bei Lernspielen m\u00fcssen sie Teile zusammenf\u00fcgen, Formen und Unterschiede entdecken usw. Meistens m\u00fcssen sie dabei gleichzeitig ihr Sehverm\u00f6gen und ihre Handbewegungen einsetzen. Diese \u00dcbung hilft bei der Hand-Augen-Koordination <\/span><\/p>\n<p><strong>3. Hilft bei der Entwicklung des Ged\u00e4chtnisses<\/strong><\/p>\n<p><span style=\"font-weight: 400\">Lernspiele beinhalten Aktivit\u00e4ten zum \u00dcben des Ged\u00e4chtnisses. Das Kind muss Formen, Farben erkennen, sich bestimmte Abfolgen oder Positionen in einem Spiel einpr\u00e4gen. Auf lange Sicht helfen all diese Aktivit\u00e4ten, das Ged\u00e4chtnis zu verbessern.<\/span><\/p>\n<p><span style=\"font-weight: 400\">Du m\u00f6chtest dein Kind an die Mathematik heranf\u00fchren? Kaufe das Montessori Lernspiel &#8211; Buboo &#8211; Lass uns Zahlen und Grundrechenarten lernen und du wirst erstaunt sein, wie schnell er die Welt der Zahlen verstehen wird. Dieses Montessori-Spiel ist ein tolles Geschenk f\u00fcr einen kleinen Racker zu verschiedenen festlichen Anl\u00e4ssen.<\/span><\/p><\/p>\n","protected":false},"excerpt":{"rendered":"<p>Suchst du nach einem Lernspiel, das dein Kind an die Mathematik heranf\u00fchrt? Das Montessori-Spiel Buboo &#8211; Zahlen und Grundrechenarten lernen<\/p>\n","protected":false},"featured_media":48206,"template":"","meta":[],"product_brand":[],"product_cat":[1896],"product_tag":[],"class_list":{"0":"post-40864","1":"product","2":"type-product","3":"status-publish","4":"has-post-thumbnail","6":"product_cat-padagogische-und-wissenschaftliche-spiele","7":"pa_bax-7-de","8":"pa_brand-d_toys-de","9":"pa_country_of_manufacture-ro-de","10":"pa_filter_age-5_7-de","11":"pa_filter_age-7_9-de","12":"pa_tip_ambalaj-kasten-a4-de","14":"first","15":"instock","16":"taxable","17":"shipping-taxable","18":"product-type-simple"},"yoast_head":"<!-- This site is optimized with the Yoast SEO plugin v20.1 - https:\/\/yoast.com\/wordpress\/plugins\/seo\/ -->\n<title>Buboo Spiel - Zahlen und Grundrechenarten lernen - Montessori Lernspiel<\/title>\n<meta name=\"description\" content=\"Buboo Spiel - Zahlen und Grundrechenarten lernen - Montessori Lernspiel\" \/>\n<meta name=\"robots\" content=\"index, follow, max-snippet:-1, max-image-preview:large, max-video-preview:-1\" \/>\n<link rel=\"canonical\" href=\"https:\/\/business.roovi.com\/de\/buboo-spiel-zahlen-und-grundrechenarten-lernen-montessori-lernspiel\/p\/\" \/>\n<meta property=\"og:locale\" content=\"de_DE\" \/>\n<meta property=\"og:type\" content=\"article\" \/>\n<meta property=\"og:title\" content=\"Buboo Spiel - Zahlen und Grundrechenarten lernen - Montessori Lernspiel\" \/>\n<meta property=\"og:description\" content=\"Buboo Spiel - Zahlen und Grundrechenarten lernen - Montessori Lernspiel\" \/>\n<meta property=\"og:url\" content=\"https:\/\/business.roovi.com\/de\/buboo-spiel-zahlen-und-grundrechenarten-lernen-montessori-lernspiel\/p\/\" \/>\n<meta property=\"og:site_name\" content=\"Roovi B2B\" \/>\n<meta property=\"article:publisher\" content=\"https:\/\/www.facebook.com\/wwwjucariero\" \/>\n<meta property=\"article:modified_time\" content=\"2022-07-06T15:49:49+00:00\" \/>\n<meta property=\"og:image\" content=\"https:\/\/business.roovi.com\/wp-content\/uploads\/2021\/11\/montessori_buboo_numerele.png\" \/>\n\t<meta property=\"og:image:width\" content=\"1200\" \/>\n\t<meta property=\"og:image:height\" content=\"1200\" \/>\n\t<meta property=\"og:image:type\" content=\"image\/png\" \/>\n<meta name=\"twitter:label1\" content=\"Gesch\u00e4tzte Lesezeit\" \/>\n\t<meta name=\"twitter:data1\" content=\"3\u00a0Minuten\" \/>\n<script type=\"application\/ld+json\" class=\"yoast-schema-graph\">{\"@context\":\"https:\/\/schema.org\",\"@graph\":[{\"@type\":\"WebPage\",\"@id\":\"https:\/\/business.roovi.com\/de\/buboo-spiel-zahlen-und-grundrechenarten-lernen-montessori-lernspiel\/p\/\",\"url\":\"https:\/\/business.roovi.com\/de\/buboo-spiel-zahlen-und-grundrechenarten-lernen-montessori-lernspiel\/p\/\",\"name\":\"Buboo Spiel - Zahlen und Grundrechenarten lernen - Montessori Lernspiel\",\"isPartOf\":{\"@id\":\"https:\/\/business.roovi.com\/de\/#website\"},\"datePublished\":\"2021-11-02T15:16:29+00:00\",\"dateModified\":\"2022-07-06T15:49:49+00:00\",\"description\":\"Buboo Spiel - Zahlen und Grundrechenarten lernen - Montessori Lernspiel\",\"breadcrumb\":{\"@id\":\"https:\/\/business.roovi.com\/de\/buboo-spiel-zahlen-und-grundrechenarten-lernen-montessori-lernspiel\/p\/#breadcrumb\"},\"inLanguage\":\"de\",\"potentialAction\":[{\"@type\":\"ReadAction\",\"target\":[\"https:\/\/business.roovi.com\/de\/buboo-spiel-zahlen-und-grundrechenarten-lernen-montessori-lernspiel\/p\/\"]}]},{\"@type\":\"BreadcrumbList\",\"@id\":\"https:\/\/business.roovi.com\/de\/buboo-spiel-zahlen-und-grundrechenarten-lernen-montessori-lernspiel\/p\/#breadcrumb\",\"itemListElement\":[{\"@type\":\"ListItem\",\"position\":1,\"name\":\"Home\",\"item\":\"https:\/\/business.roovi.com\/de\/\"},{\"@type\":\"ListItem\",\"position\":2,\"name\":\"Shop\",\"item\":\"https:\/\/business.roovi.com\/de\/shop\/\"},{\"@type\":\"ListItem\",\"position\":3,\"name\":\"Buboo Spiel &#8211; Zahlen und Grundrechenarten lernen &#8211; Montessori Lernspiel\"}]},{\"@type\":\"WebSite\",\"@id\":\"https:\/\/business.roovi.com\/de\/#website\",\"url\":\"https:\/\/business.roovi.com\/de\/\",\"name\":\"Roovi B2B\",\"description\":\"Roovi Business Website\",\"potentialAction\":[{\"@type\":\"SearchAction\",\"target\":{\"@type\":\"EntryPoint\",\"urlTemplate\":\"https:\/\/business.roovi.com\/de\/?s={search_term_string}\"},\"query-input\":\"required name=search_term_string\"}],\"inLanguage\":\"de\"}]}<\/script>\n<!-- \/ Yoast SEO plugin. -->","yoast_head_json":{"title":"Buboo Spiel - Zahlen und Grundrechenarten lernen - Montessori Lernspiel","description":"Buboo Spiel - Zahlen und Grundrechenarten lernen - Montessori Lernspiel","robots":{"index":"index","follow":"follow","max-snippet":"max-snippet:-1","max-image-preview":"max-image-preview:large","max-video-preview":"max-video-preview:-1"},"canonical":"https:\/\/business.roovi.com\/de\/buboo-spiel-zahlen-und-grundrechenarten-lernen-montessori-lernspiel\/p\/","og_locale":"de_DE","og_type":"article","og_title":"Buboo Spiel - Zahlen und Grundrechenarten lernen - Montessori Lernspiel","og_description":"Buboo Spiel - Zahlen und Grundrechenarten lernen - Montessori Lernspiel","og_url":"https:\/\/business.roovi.com\/de\/buboo-spiel-zahlen-und-grundrechenarten-lernen-montessori-lernspiel\/p\/","og_site_name":"Roovi B2B","article_publisher":"https:\/\/www.facebook.com\/wwwjucariero","article_modified_time":"2022-07-06T15:49:49+00:00","og_image":[{"width":1200,"height":1200,"url":"https:\/\/business.roovi.com\/wp-content\/uploads\/2021\/11\/montessori_buboo_numerele.png","type":"image\/png"}],"twitter_misc":{"Gesch\u00e4tzte Lesezeit":"3\u00a0Minuten"},"schema":{"@context":"https:\/\/schema.org","@graph":[{"@type":"WebPage","@id":"https:\/\/business.roovi.com\/de\/buboo-spiel-zahlen-und-grundrechenarten-lernen-montessori-lernspiel\/p\/","url":"https:\/\/business.roovi.com\/de\/buboo-spiel-zahlen-und-grundrechenarten-lernen-montessori-lernspiel\/p\/","name":"Buboo Spiel - Zahlen und Grundrechenarten lernen - Montessori Lernspiel","isPartOf":{"@id":"https:\/\/business.roovi.com\/de\/#website"},"datePublished":"2021-11-02T15:16:29+00:00","dateModified":"2022-07-06T15:49:49+00:00","description":"Buboo Spiel - Zahlen und Grundrechenarten lernen - Montessori Lernspiel","breadcrumb":{"@id":"https:\/\/business.roovi.com\/de\/buboo-spiel-zahlen-und-grundrechenarten-lernen-montessori-lernspiel\/p\/#breadcrumb"},"inLanguage":"de","potentialAction":[{"@type":"ReadAction","target":["https:\/\/business.roovi.com\/de\/buboo-spiel-zahlen-und-grundrechenarten-lernen-montessori-lernspiel\/p\/"]}]},{"@type":"BreadcrumbList","@id":"https:\/\/business.roovi.com\/de\/buboo-spiel-zahlen-und-grundrechenarten-lernen-montessori-lernspiel\/p\/#breadcrumb","itemListElement":[{"@type":"ListItem","position":1,"name":"Home","item":"https:\/\/business.roovi.com\/de\/"},{"@type":"ListItem","position":2,"name":"Shop","item":"https:\/\/business.roovi.com\/de\/shop\/"},{"@type":"ListItem","position":3,"name":"Buboo Spiel &#8211; Zahlen und Grundrechenarten lernen &#8211; Montessori Lernspiel"}]},{"@type":"WebSite","@id":"https:\/\/business.roovi.com\/de\/#website","url":"https:\/\/business.roovi.com\/de\/","name":"Roovi B2B","description":"Roovi Business Website","potentialAction":[{"@type":"SearchAction","target":{"@type":"EntryPoint","urlTemplate":"https:\/\/business.roovi.com\/de\/?s={search_term_string}"},"query-input":"required name=search_term_string"}],"inLanguage":"de"}]}},"_links":{"self":[{"href":"https:\/\/business.roovi.com\/de\/wp-json\/wp\/v2\/product\/40864","targetHints":{"allow":["GET"]}}],"collection":[{"href":"https:\/\/business.roovi.com\/de\/wp-json\/wp\/v2\/product"}],"about":[{"href":"https:\/\/business.roovi.com\/de\/wp-json\/wp\/v2\/types\/product"}],"version-history":[{"count":0,"href":"https:\/\/business.roovi.com\/de\/wp-json\/wp\/v2\/product\/40864\/revisions"}],"wp:featuredmedia":[{"embeddable":true,"href":"https:\/\/business.roovi.com\/de\/wp-json\/wp\/v2\/media\/48206"}],"wp:attachment":[{"href":"https:\/\/business.roovi.com\/de\/wp-json\/wp\/v2\/media?parent=40864"}],"wp:term":[{"taxonomy":"product_brand","embeddable":true,"href":"https:\/\/business.roovi.com\/de\/wp-json\/wp\/v2\/product_brand?post=40864"},{"taxonomy":"product_cat","embeddable":true,"href":"https:\/\/business.roovi.com\/de\/wp-json\/wp\/v2\/product_cat?post=40864"},{"taxonomy":"product_tag","embeddable":true,"href":"https:\/\/business.roovi.com\/de\/wp-json\/wp\/v2\/product_tag?post=40864"}],"curies":[{"name":"wp","href":"https:\/\/api.w.org\/{rel}","templated":true}]}}