{"id":40872,"date":"2021-11-02T14:56:41","date_gmt":"2021-11-02T14:56:41","guid":{"rendered":"https:\/\/business.roovi.com\/puzzle-copii-costume-populare-240-piese\/p\/"},"modified":"2023-03-01T10:57:54","modified_gmt":"2023-03-01T10:57:54","slug":"puzzle-rumanien-volkstrachten-kinderpuzzle-240-teile","status":"publish","type":"product","link":"https:\/\/business.roovi.com\/de\/puzzle-rumanien-volkstrachten-kinderpuzzle-240-teile\/p\/","title":{"rendered":"Puzzle Rum\u00e4nien Volkstrachten &#8211; Kulturpuzzle 240 Teile"},"content":{"rendered":"<p><span style=\"font-weight: 400;\">Suchst du nach einer lustigen und spannenden Aktivit\u00e4t, um dein Kind von seinem Smartphone wegzubringen? Gib ihm das 240-teilige Puzzle Rum\u00e4nien Volkstrachten und hilf ihm, mehr als nur eine geografische Karte nachzubauen: eine interaktive Karte mit lustigen Volkscharakteren in traditionellen Trachten, die den ethnografischen Gebieten des Landes entsprechen.<\/span><\/p>\n<p><span style=\"font-weight: 400;\">Wusstest du, dass in der Oase die Tradition erhalten geblieben ist, dass Braut und Br\u00e4utigam an ihrem Hochzeitstag Trachten tragen? Und das ist noch nicht alles. Das Kost\u00fcm der Braut wiegt mehr als 10 kg. Es ist ein aufw\u00e4ndiges Kleid, mit vielen Stickereien und Perlen, handgefertigt und teurer als ein klassisches Hochzeitskleid: Es kostet zwischen 1000 und 10000 Euro. Gib deinem Kind ein 240 Romania Popular Costume Puzzle, um es mit einem tollen Puzzlespiel und den Geschichten, die es erz\u00e4hlt, in Verbindung zu halten <\/span><\/p>\n<p><span style=\"font-weight: 400;\">Das 240-teilige Puzzle Rum\u00e4nien Volkstrachten f\u00e4ngt in au\u00dfergew\u00f6hnlichen Grafiken Volkstrachten aus den repr\u00e4sentativsten ethnografischen Gebieten des Landes ein. Das fertige Bild in diesem Puzzlespiel ist also voller Spa\u00df und Farbe, und die Montageaktivit\u00e4t wird super lustig sein <\/span><\/p>\n<p><span style=\"font-weight: 400;\">Das 240-teilige Puzzle Rum\u00e4nien Volkstrachten ist aus sehr hochwertigen Materialien gefertigt, so dass das Puzzle-Spiel viele Wiederverwendungen aush\u00e4lt. Weitere Details zu den Produkteigenschaften findest du weiter unten:<\/span><\/p>\n<p><strong>Puzzle-Material <\/strong><\/p>\n<p><strong>hochwertiger blauer Karton<\/strong><\/p>\n<p><strong>nachhaltige, recycelbare Materialien<\/strong><\/p>\n<p><strong>halbgl\u00e4nzende Oberfl\u00e4che, leuchtende Farben<\/strong><\/p>\n<p><strong>Anzahl der Puzzleteile: 240<\/strong><\/p>\n<p><strong>Empfohlenes Alter: 7 &#8211; 10 Jahre<\/strong><\/p>\n<p><strong>5 erstaunliche Vorteile von Puzzlespielen f\u00fcr Kinder<\/strong><\/p>\n<p><strong>1. Verbessert Geduld und Konzentration<\/strong><\/p>\n<p><span style=\"font-weight: 400;\">F\u00e4llt es deinem Kind schwer, Hausaufgaben zu machen, zu lesen oder die Hausarbeit zu erledigen? Nicht nur Erwachsene leben im Zeitalter der Geschwindigkeit und werden jeden Tag mit vielen Informationen bombardiert, sondern auch Kinder. Und dann ist da noch die Energie, die Kinder konstruktiv nutzen m\u00fcssen. Das Ausf\u00fcllen von Puzzles ist eine Aktivit\u00e4t, die ihnen hilft, ihre Konzentration, Aufmerksamkeit und Geduld zu trainieren, die jeden Tag n\u00fctzlich sind. Wenn sie anfangs vielleicht aufgeben m\u00f6chte, ein Puzzle mit 240 Teilen fertigzustellen, ist eine L\u00f6sung, es gemeinsam zu machen. Wenn sie \u00fcbt, wird die Arbeit Spa\u00df machen und ihr k\u00f6nnt zu komplexeren Puzzlespielen \u00fcbergehen <\/span><\/p>\n<p><strong>2. Puzzlespiele lehren ihn, sich Ziele zu setzen und sie zu erreichen<\/strong><\/p>\n<p><span style=\"font-weight: 400;\">Um das Puzzlespiel zu l\u00f6sen, muss dein Kind bestimmte Strategien anwenden: Es wird nach Kanten suchen, bestimmte Farben und Formen beachten. Indem er seinen Plan organisiert verfolgt, kann er sein Ziel, das 240-teilige Puzzle zu vervollst\u00e4ndigen, erreichen <\/span><\/p>\n<p><strong>3. Puzzlespiele helfen Kindern, neue Dinge zu lernen<\/strong><\/p>\n<p><span style=\"font-weight: 400;\">Ob ein Holzpuzzle mit verschiedenen Formen und Farben oder das klassische 240- oder 500-teilige Puzzle &#8211; beim Puzzeln lernen Kinder Neues. Neben Informationen kann es ihnen auch helfen, neue Hobbys oder Interessen zu entdecken, die sie dann weiterentwickeln k\u00f6nnen.<\/span><\/p>\n<p><strong>4. Puzzlespiele steigern das Selbstwertgef\u00fchl von Kindern<\/strong><\/p>\n<p><span style=\"font-weight: 400;\">Das Vervollst\u00e4ndigen eines Puzzlespiels st\u00e4rkt das Selbstvertrauen eines Kindes. Es ermutigt sie auch, eine Herausforderung anzunehmen und sie bis zum Ende durchzuziehen. Wenn das 240-teilige Puzzle fertig ist, hat das Kind das Gef\u00fchl, etwas erreicht zu haben und selbstzufrieden zu sein, was seine Unabh\u00e4ngigkeit st\u00e4rkt.<\/span><\/p>\n<p><strong>5. Puzzlespiele helfen Kindern, soziale Kontakte zu kn\u00fcpfen<\/strong><\/p>\n<p><span style=\"font-weight: 400;\">Schaffe wunderbare Erinnerungen f\u00fcr dein Kind mit lieben Freunden! Kaufe ihnen ein 240-teiliges Puzzle Romania Beliebte Kost\u00fcme, rufe ihre besten Freunde herbei und lass den Spa\u00df beginnen! Du wirst es genie\u00dfen, Zeit mit ihm abseits der Bildschirme in einer angenehmen Atmosph\u00e4re zu verbringen, umgeben von wunderbaren Freunden.<\/span><\/p>\n<p><strong>Wusstest du, dass rum\u00e4nische Volkstrachten&#8230;<\/strong><\/p>\n<p><span style=\"font-weight: 400;\">Die \u00e4ltesten Zeugnisse der rum\u00e4nischen Tracht stammen aus dem Neolithikum und werden durch Keramikfiguren aus der Gegend von Craiova repr\u00e4sentiert.<\/span><\/p>\n<p><span style=\"font-weight: 400;\">Rum\u00e4nien ist eines der wenigen L\u00e4nder der Welt, in dem die Menschen in einigen l\u00e4ndlichen Gebieten noch t\u00e4glich traditionelle Trachten tragen.<\/span><\/p>\n<p><span style=\"font-weight: 400;\">Wir haben zwischen 40 und 120 ethnografische Gebiete, jedes mit seiner eigenen Tracht. In dem R\u00e4tsel<\/span><span style=\"font-weight: 400;\"> 240 Teile Rum\u00e4nien Trachtenpuzzle sind ein kleiner Teil davon dargestellt.<\/span><\/p>\n<p><span style=\"font-weight: 400;\">Die rum\u00e4nische Ia ist eine Inspirationsquelle f\u00fcr internationale Modeh\u00e4user und geh\u00f6rt f\u00fcr viele Frauen zum festen Bestandteil ihrer Garderobe.<\/span><\/p>\n<p><span style=\"font-weight: 400;\">Kollektion <\/span><span style=\"font-weight: 400;\">&#8222;La blouse roumaine&#8220; des Designers Yves Saint Laurent aus dem Jahr 1981 machte die rum\u00e4nischen Jacken zu einem Kunstwerk und seitdem sind sie eine st\u00e4ndige Inspirationsquelle f\u00fcr die gro\u00dfen Modeh\u00e4user.<\/span><\/p>\n<p><strong>Gib deinem Kind ein 240-teiliges Puzzle, das ihm hilft, allt\u00e4gliche Probleme zu l\u00f6sen<\/strong><\/p>\n<p><span style=\"font-weight: 400;\">Puzzlespiele bestehen aus Dutzenden oder Hunderten von Teilen, die in vielen Schritten zusammenpassen. Kinderpuzzles sind wie Probleme, die sorgf\u00e4ltig gel\u00f6st werden m\u00fcssen. Das Kind, das versucht, die L\u00f6sung herauszufinden, hat am Ende ein wunderbares Erlebnis, wenn das Bild fertig ist. Diese st\u00e4ndige \u00dcbung vermittelt ihm, dass es f\u00fcr jedes Problem eine L\u00f6sung gibt und dass er stark und klug genug ist, sie alle zu l\u00f6sen.<\/span><\/p>\n<p><span style=\"font-weight: 400;\">Kaufe deinem Kind ein 240-teiliges Puzzle Rum\u00e4nien &#8211; Beliebte Kost\u00fcme f\u00fcr ein sch\u00f6nes, interaktives und lehrreiches Erlebnis! Dieses wunderbare Puzzlespiel ist f\u00fcr tr\u00fcbe Wintertage geeignet oder f\u00fcr Zeiten, in denen du ihn von den Bildschirmen fernhalten willst. Setze das 240-teilige Puzzlebild Rum\u00e4nien Trachten zusammen und erwecke lustige Paare in Trachten zum Leben!<\/span><\/p>\n<p><span style=\"font-weight: 400;\">Dieses 240-teilige Puzzle k\u00f6nnte ein passendes Geschenk sein, wenn du einen frechen Schuljungen mit einem klassischen Geschenk \u00fcberraschen m\u00f6chtest.<\/span><\/p>\n","protected":false},"excerpt":{"rendered":"<p>Suchst du nach einer lustigen und spannenden Aktivit\u00e4t, um dein Kind von seinem Smartphone wegzubringen? Gib ihm das 240-teilige Puzzle<\/p>\n","protected":false},"featured_media":48190,"template":"","meta":[],"product_brand":[],"product_cat":[1877,1887],"product_tag":[],"class_list":{"0":"post-40872","1":"product","2":"type-product","3":"status-publish","4":"has-post-thumbnail","6":"product_cat-mehr-als-100-puzzlestucke","7":"product_cat-rumanische-spiele","8":"pa_bax-10-de","9":"pa_brand-d_toys-de","10":"pa_country_of_manufacture-ro-de","11":"pa_filter_age-9_14-de","12":"pa_painter-romania-de","13":"pa_tip_ambalaj-kasten-a4-de","14":"pa_tip_puzzle-klassisch","16":"first","17":"instock","18":"taxable","19":"shipping-taxable","20":"product-type-simple"},"yoast_head":"<!-- This site is optimized with the Yoast SEO plugin v20.1 - https:\/\/yoast.com\/wordpress\/plugins\/seo\/ -->\n<title>Puzzle Rum\u00e4nien Volkstrachten - Kinderpuzzle, 240 Teile<\/title>\n<meta name=\"description\" content=\"Puzzle Rum\u00e4nien Volkstrachten - Kinderpuzzle, 240 Teile\" \/>\n<meta name=\"robots\" content=\"index, follow, max-snippet:-1, max-image-preview:large, max-video-preview:-1\" \/>\n<link rel=\"canonical\" href=\"https:\/\/business.roovi.com\/de\/puzzle-rumanien-volkstrachten-kinderpuzzle-240-teile\/p\/\" \/>\n<meta property=\"og:locale\" content=\"de_DE\" \/>\n<meta property=\"og:type\" content=\"article\" \/>\n<meta property=\"og:title\" content=\"Puzzle Rum\u00e4nien Volkstrachten - Kinderpuzzle, 240 Teile\" \/>\n<meta property=\"og:description\" content=\"Puzzle Rum\u00e4nien Volkstrachten - Kinderpuzzle, 240 Teile\" \/>\n<meta property=\"og:url\" content=\"https:\/\/business.roovi.com\/de\/puzzle-rumanien-volkstrachten-kinderpuzzle-240-teile\/p\/\" \/>\n<meta property=\"og:site_name\" content=\"Roovi B2B\" \/>\n<meta property=\"article:publisher\" content=\"https:\/\/www.facebook.com\/wwwjucariero\" \/>\n<meta property=\"article:modified_time\" content=\"2023-03-01T10:57:54+00:00\" \/>\n<meta property=\"og:image\" content=\"https:\/\/business.roovi.com\/wp-content\/uploads\/2021\/11\/79015-01_ansamblu_dimensiuni_cutie_cm-800x800.png\" \/>\n\t<meta property=\"og:image:width\" content=\"800\" \/>\n\t<meta property=\"og:image:height\" content=\"800\" \/>\n\t<meta property=\"og:image:type\" content=\"image\/png\" \/>\n<meta name=\"twitter:label1\" content=\"Gesch\u00e4tzte Lesezeit\" \/>\n\t<meta name=\"twitter:data1\" content=\"5\u00a0Minuten\" \/>\n<script type=\"application\/ld+json\" class=\"yoast-schema-graph\">{\"@context\":\"https:\/\/schema.org\",\"@graph\":[{\"@type\":\"WebPage\",\"@id\":\"https:\/\/business.roovi.com\/de\/puzzle-rumanien-volkstrachten-kinderpuzzle-240-teile\/p\/\",\"url\":\"https:\/\/business.roovi.com\/de\/puzzle-rumanien-volkstrachten-kinderpuzzle-240-teile\/p\/\",\"name\":\"Puzzle Rum\u00e4nien Volkstrachten - Kinderpuzzle, 240 Teile\",\"isPartOf\":{\"@id\":\"https:\/\/business.roovi.com\/de\/#website\"},\"datePublished\":\"2021-11-02T14:56:41+00:00\",\"dateModified\":\"2023-03-01T10:57:54+00:00\",\"description\":\"Puzzle Rum\u00e4nien Volkstrachten - Kinderpuzzle, 240 Teile\",\"breadcrumb\":{\"@id\":\"https:\/\/business.roovi.com\/de\/puzzle-rumanien-volkstrachten-kinderpuzzle-240-teile\/p\/#breadcrumb\"},\"inLanguage\":\"de\",\"potentialAction\":[{\"@type\":\"ReadAction\",\"target\":[\"https:\/\/business.roovi.com\/de\/puzzle-rumanien-volkstrachten-kinderpuzzle-240-teile\/p\/\"]}]},{\"@type\":\"BreadcrumbList\",\"@id\":\"https:\/\/business.roovi.com\/de\/puzzle-rumanien-volkstrachten-kinderpuzzle-240-teile\/p\/#breadcrumb\",\"itemListElement\":[{\"@type\":\"ListItem\",\"position\":1,\"name\":\"Home\",\"item\":\"https:\/\/business.roovi.com\/de\/\"},{\"@type\":\"ListItem\",\"position\":2,\"name\":\"Shop\",\"item\":\"https:\/\/business.roovi.com\/de\/shop\/\"},{\"@type\":\"ListItem\",\"position\":3,\"name\":\"Puzzle Rum\u00e4nien Volkstrachten &#8211; Kulturpuzzle 240 Teile\"}]},{\"@type\":\"WebSite\",\"@id\":\"https:\/\/business.roovi.com\/de\/#website\",\"url\":\"https:\/\/business.roovi.com\/de\/\",\"name\":\"Roovi B2B\",\"description\":\"Roovi Business Website\",\"potentialAction\":[{\"@type\":\"SearchAction\",\"target\":{\"@type\":\"EntryPoint\",\"urlTemplate\":\"https:\/\/business.roovi.com\/de\/?s={search_term_string}\"},\"query-input\":\"required name=search_term_string\"}],\"inLanguage\":\"de\"}]}<\/script>\n<!-- \/ Yoast SEO plugin. -->","yoast_head_json":{"title":"Puzzle Rum\u00e4nien Volkstrachten - Kinderpuzzle, 240 Teile","description":"Puzzle Rum\u00e4nien Volkstrachten - Kinderpuzzle, 240 Teile","robots":{"index":"index","follow":"follow","max-snippet":"max-snippet:-1","max-image-preview":"max-image-preview:large","max-video-preview":"max-video-preview:-1"},"canonical":"https:\/\/business.roovi.com\/de\/puzzle-rumanien-volkstrachten-kinderpuzzle-240-teile\/p\/","og_locale":"de_DE","og_type":"article","og_title":"Puzzle Rum\u00e4nien Volkstrachten - Kinderpuzzle, 240 Teile","og_description":"Puzzle Rum\u00e4nien Volkstrachten - Kinderpuzzle, 240 Teile","og_url":"https:\/\/business.roovi.com\/de\/puzzle-rumanien-volkstrachten-kinderpuzzle-240-teile\/p\/","og_site_name":"Roovi B2B","article_publisher":"https:\/\/www.facebook.com\/wwwjucariero","article_modified_time":"2023-03-01T10:57:54+00:00","og_image":[{"width":800,"height":800,"url":"https:\/\/business.roovi.com\/wp-content\/uploads\/2021\/11\/79015-01_ansamblu_dimensiuni_cutie_cm-800x800.png","type":"image\/png"}],"twitter_misc":{"Gesch\u00e4tzte Lesezeit":"5\u00a0Minuten"},"schema":{"@context":"https:\/\/schema.org","@graph":[{"@type":"WebPage","@id":"https:\/\/business.roovi.com\/de\/puzzle-rumanien-volkstrachten-kinderpuzzle-240-teile\/p\/","url":"https:\/\/business.roovi.com\/de\/puzzle-rumanien-volkstrachten-kinderpuzzle-240-teile\/p\/","name":"Puzzle Rum\u00e4nien Volkstrachten - Kinderpuzzle, 240 Teile","isPartOf":{"@id":"https:\/\/business.roovi.com\/de\/#website"},"datePublished":"2021-11-02T14:56:41+00:00","dateModified":"2023-03-01T10:57:54+00:00","description":"Puzzle Rum\u00e4nien Volkstrachten - Kinderpuzzle, 240 Teile","breadcrumb":{"@id":"https:\/\/business.roovi.com\/de\/puzzle-rumanien-volkstrachten-kinderpuzzle-240-teile\/p\/#breadcrumb"},"inLanguage":"de","potentialAction":[{"@type":"ReadAction","target":["https:\/\/business.roovi.com\/de\/puzzle-rumanien-volkstrachten-kinderpuzzle-240-teile\/p\/"]}]},{"@type":"BreadcrumbList","@id":"https:\/\/business.roovi.com\/de\/puzzle-rumanien-volkstrachten-kinderpuzzle-240-teile\/p\/#breadcrumb","itemListElement":[{"@type":"ListItem","position":1,"name":"Home","item":"https:\/\/business.roovi.com\/de\/"},{"@type":"ListItem","position":2,"name":"Shop","item":"https:\/\/business.roovi.com\/de\/shop\/"},{"@type":"ListItem","position":3,"name":"Puzzle Rum\u00e4nien Volkstrachten &#8211; Kulturpuzzle 240 Teile"}]},{"@type":"WebSite","@id":"https:\/\/business.roovi.com\/de\/#website","url":"https:\/\/business.roovi.com\/de\/","name":"Roovi B2B","description":"Roovi Business Website","potentialAction":[{"@type":"SearchAction","target":{"@type":"EntryPoint","urlTemplate":"https:\/\/business.roovi.com\/de\/?s={search_term_string}"},"query-input":"required name=search_term_string"}],"inLanguage":"de"}]}},"_links":{"self":[{"href":"https:\/\/business.roovi.com\/de\/wp-json\/wp\/v2\/product\/40872","targetHints":{"allow":["GET"]}}],"collection":[{"href":"https:\/\/business.roovi.com\/de\/wp-json\/wp\/v2\/product"}],"about":[{"href":"https:\/\/business.roovi.com\/de\/wp-json\/wp\/v2\/types\/product"}],"version-history":[{"count":0,"href":"https:\/\/business.roovi.com\/de\/wp-json\/wp\/v2\/product\/40872\/revisions"}],"wp:featuredmedia":[{"embeddable":true,"href":"https:\/\/business.roovi.com\/de\/wp-json\/wp\/v2\/media\/48190"}],"wp:attachment":[{"href":"https:\/\/business.roovi.com\/de\/wp-json\/wp\/v2\/media?parent=40872"}],"wp:term":[{"taxonomy":"product_brand","embeddable":true,"href":"https:\/\/business.roovi.com\/de\/wp-json\/wp\/v2\/product_brand?post=40872"},{"taxonomy":"product_cat","embeddable":true,"href":"https:\/\/business.roovi.com\/de\/wp-json\/wp\/v2\/product_cat?post=40872"},{"taxonomy":"product_tag","embeddable":true,"href":"https:\/\/business.roovi.com\/de\/wp-json\/wp\/v2\/product_tag?post=40872"}],"curies":[{"name":"wp","href":"https:\/\/api.w.org\/{rel}","templated":true}]}}