{"id":40876,"date":"2021-11-02T12:48:53","date_gmt":"2021-11-02T12:48:53","guid":{"rendered":"https:\/\/business.roovi.com\/joc-educativ-montessori-sa-invatam-alfabetul\/p\/"},"modified":"2022-07-06T15:54:15","modified_gmt":"2022-07-06T15:54:15","slug":"montessori-lernspiel-das-alphabet-lernen","status":"publish","type":"product","link":"https:\/\/business.roovi.com\/de\/montessori-lernspiel-das-alphabet-lernen\/p\/","title":{"rendered":"Montessori Lernspiel &#8211; Das Alphabet lernen"},"content":{"rendered":"<p><span style=\"font-weight: 400\">Findest du es eine gro\u00dfe Herausforderung, dein Kleines an Buchstaben oder Zahlen heranzuf\u00fchren? F\u00e4llt es deinem Kind schwer, geometrische Formen zu lernen? Wir haben eine neue Reihe von Montessori-Spielen entwickelt, die dir helfen k\u00f6nnen.<\/span><\/p>\n<p><span style=\"font-weight: 400\">Das Montessori-Prinzip nutzt Formen und Farben f\u00fcr eine intuitive Erziehung, die deinem Kind hilft, spielerisch seine ersten Buchstaben, Zahlen oder geometrischen Formen zu entdecken. Montessori Lernspiele sind aus hochwertigen Materialien hergestellt, die f\u00fcr die Gesundheit der Kinder sicher sind, und haben helle und ansprechende Farben f\u00fcr kleine Entdecker.<\/span><\/p>\n<p><span style=\"font-weight: 400\">Das Montessori-Lernspiel &#8211; Lass uns das Alphabet lernen macht dein Kind mit den Buchstaben des Alphabets und vielen niedlichen Tieren bekannt! Breite das Spielbrett aus, gib die Karten und lass den Spa\u00df beginnen! <\/span><\/p>\n<p><strong>Das Montessori Lernspiel &#8211; Lass uns das Alphabet lernen enth\u00e4lt:<\/strong><\/p>\n<p><strong> 31 Spielkarten mit allen Buchstaben des Alphabets<\/strong><span style=\"font-weight: 400\"> unterst\u00fctzt von einem niedlichen Tier, dessen Name mit dem Buchstaben beginnt oder ihn enth\u00e4lt <\/span><\/p>\n<p><strong>1 Spielbrett mit aufgedruckten Buchstaben<\/strong><span style=\"font-weight: 400\">. Jeder Buchstabe auf der Spielkarte hat eine Form in der gleichen Farbe wie sein Gegenst\u00fcck auf dem Spielbrett. So ist das Spiel sehr intuitiv und das Kind assoziiert die Karte mit dem Buchstaben auf dem Spielbrett durch Farbe und Form, auch wenn es die Buchstaben noch nicht kennt.<\/span><\/p>\n<p><strong>1 Regelwerk<\/strong><span style=\"font-weight: 400\"> wo du viele Ideen findest, die sich gut in die Praxis umsetzen lassen.<\/span><\/p>\n<p><span style=\"font-weight: 400\">Kaufe dieses Lernspiel und \u00fcbe mit deinem Kind jeden Tag, Karten mit niedlichen Tieren den entsprechenden Buchstaben auf dem farbigen Spielbrett zuzuordnen. Du wirst erstaunt sein, wie schnell sie das Alphabet lernen. Dann geh zum n\u00e4chsten Schritt \u00fcber: Hilf ihm, Buchstaben in W\u00f6rtern und W\u00f6rter in kurzen S\u00e4tzen zu verwenden. Nutze das Montessori-Spiel, um ihm zu helfen, seinen Grundwortschatz aufzubauen und es in die Kommunikation einzuf\u00fchren!<\/span><\/p>\n<p><strong>Wusstest du schon von Maria Montessori?<\/strong><\/p>\n<p><span style=\"font-weight: 400\">Sie war eine der ersten \u00c4rztinnen in Italien.<\/span><\/p>\n<p><span style=\"font-weight: 400\">Sie konzentrierte ihre Aufmerksamkeit auf geistig behinderte Kinder von Geburt an.<\/span><\/p>\n<p><span style=\"font-weight: 400\">Sie gab ihren einzigen Sohn, Mario, zur Adoption frei. Aber sie hatte eine besondere Beziehung zu ihm, denn er war der Unterst\u00fctzer und Fortsetzer ihrer Arbeit.<\/span><\/p>\n<p><span style=\"font-weight: 400\">Nachdem sie ihren Sohn aufgegeben hatte, zog sie sich f\u00fcr eine Weile in ein Kloster zur\u00fcck, wo sie in Einsamkeit meditierte. In dieser Zeit ver\u00e4nderte sie sich v\u00f6llig, und ihr zuk\u00fcnftiges Handeln schrieb Bildungsgeschichte auf der ganzen Welt.<\/span><\/p>\n<p><span style=\"font-weight: 400\">Montessori-Schulen sind auf der ganzen Welt ber\u00fchmt, von Italien bis Indien.<\/span><\/p>\n<p><strong>Lernspiele: Die erste Begegnung von Kindern mit Bildung<\/strong><\/p>\n<p><span style=\"font-weight: 400\">Der erste Kontakt mit Bildung findet zwangsl\u00e4ufig im Spiel statt. Speziell f\u00fcr den Zweck der Bildung von Kindern entwickelt, schaffen Lernspiele eine Dynamik, die Kinder dazu inspirieren kann, ihre F\u00e4higkeiten zu entwickeln und eine emotionale Verbindung mit dem Lernen durch das Spiel herzustellen. Auf diese Weise macht das Lernen Spa\u00df und die Kinder werden selbstbewusster und unabh\u00e4ngiger in ihrem Denken.<\/span><\/p>\n<p><span style=\"font-weight: 400\">Das Montessori Lernspiel &#8211; Das Alphabet lernen kann auch als Brettspiel f\u00fcr mehrere Spieler verwendet werden. Wenn du deine Kleinen mit einer super lustigen und lehrreichen Aktivit\u00e4t trainieren willst, ist dieses Montessori-Spiel die richtige Wahl.<\/span><\/p>\n<p><span style=\"font-weight: 400\">Kaufe jetzt das Montessori-Lernspiel &#8211; Lass uns das Alphabet lernen und hilf deinem Kind, ein kleiner Meister der Buchstaben zu werden! Dieses Montessori-Spiel kann ein passendes Geschenk f\u00fcr einen kleinen Entdecker sein, den du mit einem neuen Lernspiel \u00fcberraschen m\u00f6chtest <\/span><\/p>\n","protected":false},"excerpt":{"rendered":"<p>Findest du es eine gro\u00dfe Herausforderung, dein Kleines an Buchstaben oder Zahlen heranzuf\u00fchren? F\u00e4llt es deinem Kind schwer, geometrische Formen<\/p>\n","protected":false},"featured_media":48188,"template":"","meta":[],"product_brand":[],"product_cat":[1896],"product_tag":[],"class_list":{"0":"post-40876","1":"product","2":"type-product","3":"status-publish","4":"has-post-thumbnail","6":"product_cat-padagogische-und-wissenschaftliche-spiele","7":"pa_brand-deico-de","8":"pa_country_of_manufacture-ro-de","9":"pa_filter_age-5_7-de","10":"pa_tip_ambalaj-kasten-a4-de","12":"first","13":"instock","14":"taxable","15":"shipping-taxable","16":"product-type-simple"},"yoast_head":"<!-- This site is optimized with the Yoast SEO plugin v20.1 - https:\/\/yoast.com\/wordpress\/plugins\/seo\/ -->\n<title>Montessori Lernspiel - Das Alphabet lernen<\/title>\n<meta name=\"description\" content=\"Montessori Lernspiel - Das Alphabet lernen\" \/>\n<meta name=\"robots\" content=\"index, follow, max-snippet:-1, max-image-preview:large, max-video-preview:-1\" \/>\n<link rel=\"canonical\" href=\"https:\/\/business.roovi.com\/de\/montessori-lernspiel-das-alphabet-lernen\/p\/\" \/>\n<meta property=\"og:locale\" content=\"de_DE\" \/>\n<meta property=\"og:type\" content=\"article\" \/>\n<meta property=\"og:title\" content=\"Montessori Lernspiel - Das Alphabet lernen\" \/>\n<meta property=\"og:description\" content=\"Montessori Lernspiel - Das Alphabet lernen\" \/>\n<meta property=\"og:url\" content=\"https:\/\/business.roovi.com\/de\/montessori-lernspiel-das-alphabet-lernen\/p\/\" \/>\n<meta property=\"og:site_name\" content=\"Roovi B2B\" \/>\n<meta property=\"article:publisher\" content=\"https:\/\/www.facebook.com\/wwwjucariero\" \/>\n<meta property=\"article:modified_time\" content=\"2022-07-06T15:54:15+00:00\" \/>\n<meta property=\"og:image\" content=\"https:\/\/business.roovi.com\/wp-content\/uploads\/2021\/11\/montessori_deico_games_alfabetul_1.png\" \/>\n\t<meta property=\"og:image:width\" content=\"1200\" \/>\n\t<meta property=\"og:image:height\" content=\"1200\" \/>\n\t<meta property=\"og:image:type\" content=\"image\/png\" \/>\n<meta name=\"twitter:label1\" content=\"Gesch\u00e4tzte Lesezeit\" \/>\n\t<meta name=\"twitter:data1\" content=\"3\u00a0Minuten\" \/>\n<script type=\"application\/ld+json\" class=\"yoast-schema-graph\">{\"@context\":\"https:\/\/schema.org\",\"@graph\":[{\"@type\":\"WebPage\",\"@id\":\"https:\/\/business.roovi.com\/de\/montessori-lernspiel-das-alphabet-lernen\/p\/\",\"url\":\"https:\/\/business.roovi.com\/de\/montessori-lernspiel-das-alphabet-lernen\/p\/\",\"name\":\"Montessori Lernspiel - Das Alphabet lernen\",\"isPartOf\":{\"@id\":\"https:\/\/business.roovi.com\/de\/#website\"},\"datePublished\":\"2021-11-02T12:48:53+00:00\",\"dateModified\":\"2022-07-06T15:54:15+00:00\",\"description\":\"Montessori Lernspiel - Das Alphabet lernen\",\"breadcrumb\":{\"@id\":\"https:\/\/business.roovi.com\/de\/montessori-lernspiel-das-alphabet-lernen\/p\/#breadcrumb\"},\"inLanguage\":\"de\",\"potentialAction\":[{\"@type\":\"ReadAction\",\"target\":[\"https:\/\/business.roovi.com\/de\/montessori-lernspiel-das-alphabet-lernen\/p\/\"]}]},{\"@type\":\"BreadcrumbList\",\"@id\":\"https:\/\/business.roovi.com\/de\/montessori-lernspiel-das-alphabet-lernen\/p\/#breadcrumb\",\"itemListElement\":[{\"@type\":\"ListItem\",\"position\":1,\"name\":\"Home\",\"item\":\"https:\/\/business.roovi.com\/de\/\"},{\"@type\":\"ListItem\",\"position\":2,\"name\":\"Shop\",\"item\":\"https:\/\/business.roovi.com\/de\/shop\/\"},{\"@type\":\"ListItem\",\"position\":3,\"name\":\"Montessori Lernspiel &#8211; Das Alphabet lernen\"}]},{\"@type\":\"WebSite\",\"@id\":\"https:\/\/business.roovi.com\/de\/#website\",\"url\":\"https:\/\/business.roovi.com\/de\/\",\"name\":\"Roovi B2B\",\"description\":\"Roovi Business Website\",\"potentialAction\":[{\"@type\":\"SearchAction\",\"target\":{\"@type\":\"EntryPoint\",\"urlTemplate\":\"https:\/\/business.roovi.com\/de\/?s={search_term_string}\"},\"query-input\":\"required name=search_term_string\"}],\"inLanguage\":\"de\"}]}<\/script>\n<!-- \/ Yoast SEO plugin. -->","yoast_head_json":{"title":"Montessori Lernspiel - Das Alphabet lernen","description":"Montessori Lernspiel - Das Alphabet lernen","robots":{"index":"index","follow":"follow","max-snippet":"max-snippet:-1","max-image-preview":"max-image-preview:large","max-video-preview":"max-video-preview:-1"},"canonical":"https:\/\/business.roovi.com\/de\/montessori-lernspiel-das-alphabet-lernen\/p\/","og_locale":"de_DE","og_type":"article","og_title":"Montessori Lernspiel - Das Alphabet lernen","og_description":"Montessori Lernspiel - Das Alphabet lernen","og_url":"https:\/\/business.roovi.com\/de\/montessori-lernspiel-das-alphabet-lernen\/p\/","og_site_name":"Roovi B2B","article_publisher":"https:\/\/www.facebook.com\/wwwjucariero","article_modified_time":"2022-07-06T15:54:15+00:00","og_image":[{"width":1200,"height":1200,"url":"https:\/\/business.roovi.com\/wp-content\/uploads\/2021\/11\/montessori_deico_games_alfabetul_1.png","type":"image\/png"}],"twitter_misc":{"Gesch\u00e4tzte Lesezeit":"3\u00a0Minuten"},"schema":{"@context":"https:\/\/schema.org","@graph":[{"@type":"WebPage","@id":"https:\/\/business.roovi.com\/de\/montessori-lernspiel-das-alphabet-lernen\/p\/","url":"https:\/\/business.roovi.com\/de\/montessori-lernspiel-das-alphabet-lernen\/p\/","name":"Montessori Lernspiel - Das Alphabet lernen","isPartOf":{"@id":"https:\/\/business.roovi.com\/de\/#website"},"datePublished":"2021-11-02T12:48:53+00:00","dateModified":"2022-07-06T15:54:15+00:00","description":"Montessori Lernspiel - Das Alphabet lernen","breadcrumb":{"@id":"https:\/\/business.roovi.com\/de\/montessori-lernspiel-das-alphabet-lernen\/p\/#breadcrumb"},"inLanguage":"de","potentialAction":[{"@type":"ReadAction","target":["https:\/\/business.roovi.com\/de\/montessori-lernspiel-das-alphabet-lernen\/p\/"]}]},{"@type":"BreadcrumbList","@id":"https:\/\/business.roovi.com\/de\/montessori-lernspiel-das-alphabet-lernen\/p\/#breadcrumb","itemListElement":[{"@type":"ListItem","position":1,"name":"Home","item":"https:\/\/business.roovi.com\/de\/"},{"@type":"ListItem","position":2,"name":"Shop","item":"https:\/\/business.roovi.com\/de\/shop\/"},{"@type":"ListItem","position":3,"name":"Montessori Lernspiel &#8211; Das Alphabet lernen"}]},{"@type":"WebSite","@id":"https:\/\/business.roovi.com\/de\/#website","url":"https:\/\/business.roovi.com\/de\/","name":"Roovi B2B","description":"Roovi Business Website","potentialAction":[{"@type":"SearchAction","target":{"@type":"EntryPoint","urlTemplate":"https:\/\/business.roovi.com\/de\/?s={search_term_string}"},"query-input":"required name=search_term_string"}],"inLanguage":"de"}]}},"_links":{"self":[{"href":"https:\/\/business.roovi.com\/de\/wp-json\/wp\/v2\/product\/40876","targetHints":{"allow":["GET"]}}],"collection":[{"href":"https:\/\/business.roovi.com\/de\/wp-json\/wp\/v2\/product"}],"about":[{"href":"https:\/\/business.roovi.com\/de\/wp-json\/wp\/v2\/types\/product"}],"version-history":[{"count":0,"href":"https:\/\/business.roovi.com\/de\/wp-json\/wp\/v2\/product\/40876\/revisions"}],"wp:featuredmedia":[{"embeddable":true,"href":"https:\/\/business.roovi.com\/de\/wp-json\/wp\/v2\/media\/48188"}],"wp:attachment":[{"href":"https:\/\/business.roovi.com\/de\/wp-json\/wp\/v2\/media?parent=40876"}],"wp:term":[{"taxonomy":"product_brand","embeddable":true,"href":"https:\/\/business.roovi.com\/de\/wp-json\/wp\/v2\/product_brand?post=40876"},{"taxonomy":"product_cat","embeddable":true,"href":"https:\/\/business.roovi.com\/de\/wp-json\/wp\/v2\/product_cat?post=40876"},{"taxonomy":"product_tag","embeddable":true,"href":"https:\/\/business.roovi.com\/de\/wp-json\/wp\/v2\/product_tag?post=40876"}],"curies":[{"name":"wp","href":"https:\/\/api.w.org\/{rel}","templated":true}]}}