{"id":40910,"date":"2018-04-16T10:56:07","date_gmt":"2018-04-16T10:56:07","guid":{"rendered":"https:\/\/business.roovi.com\/tolo-ursuletul-saltaret\/p\/"},"modified":"2022-07-06T15:54:52","modified_gmt":"2022-07-06T15:54:52","slug":"tolo-bouncy-bear-spielzeug-fur-babys","status":"publish","type":"product","link":"https:\/\/business.roovi.com\/de\/tolo-bouncy-bear-spielzeug-fur-babys\/p\/","title":{"rendered":"Tolo Bouncy Bear, Spielzeug f\u00fcr Babys"},"content":{"rendered":"<p>Der h\u00fcpfende, bunte Teddyb\u00e4r wird dir immer gefallen! Er versteckt sich in seiner kleinen roten Kiste, nur sein Hut ist sichtbar, und wenn du auf seinen Kopf dr\u00fcckst, WOWWWWW, springt er zur Belustigung aller heraus! Tolo-Spielzeug f\u00f6rdert die Farbwahrnehmung, die auditive Sensibilit\u00e4t und den Tastsinn. Der h\u00fcpfende B\u00e4r wird einzeln verpackt.<\/p>\n","protected":false},"excerpt":{"rendered":"<p>Der h\u00fcpfende, bunte Teddyb\u00e4r wird dir immer gefallen! Er versteckt sich in seiner kleinen roten Kiste, nur sein Hut ist<\/p>\n","protected":false},"featured_media":30703,"template":"","meta":[],"product_brand":[],"product_cat":[2020,1955,1912],"product_tag":[],"class_list":{"0":"post-40910","1":"product","2":"type-product","3":"status-publish","4":"has-post-thumbnail","6":"product_cat-baby-pluschtiere","7":"product_cat-babyspielzeug","8":"product_cat-weitere-kategorien","9":"pa_bax-12-de","10":"pa_brand-tolo-de","11":"pa_filter_age-0_3-de","12":"pa_filter_age-3_5-de","13":"pa_tip_ambalaj-kasten-a4-de","15":"first","16":"instock","17":"taxable","18":"shipping-taxable","19":"product-type-simple"},"yoast_head":"<!-- This site is optimized with the Yoast SEO plugin v20.1 - https:\/\/yoast.com\/wordpress\/plugins\/seo\/ -->\n<title>Tolo Bouncy Bear, Spielzeug f\u00fcr Babys<\/title>\n<meta name=\"description\" content=\"Tolo Bouncy Bear, Spielzeug f\u00fcr Babys\" \/>\n<meta name=\"robots\" content=\"index, follow, max-snippet:-1, max-image-preview:large, max-video-preview:-1\" \/>\n<link rel=\"canonical\" href=\"https:\/\/business.roovi.com\/de\/tolo-bouncy-bear-spielzeug-fur-babys\/p\/\" \/>\n<meta property=\"og:locale\" content=\"de_DE\" \/>\n<meta property=\"og:type\" content=\"article\" \/>\n<meta property=\"og:title\" content=\"Tolo Bouncy Bear, Spielzeug f\u00fcr Babys\" \/>\n<meta property=\"og:description\" content=\"Tolo Bouncy Bear, Spielzeug f\u00fcr Babys\" \/>\n<meta property=\"og:url\" content=\"https:\/\/business.roovi.com\/de\/tolo-bouncy-bear-spielzeug-fur-babys\/p\/\" \/>\n<meta property=\"og:site_name\" content=\"Roovi B2B\" \/>\n<meta property=\"article:publisher\" content=\"https:\/\/www.facebook.com\/wwwjucariero\" \/>\n<meta property=\"article:modified_time\" content=\"2022-07-06T15:54:52+00:00\" \/>\n<meta property=\"og:image\" content=\"https:\/\/business.roovi.com\/wp-content\/uploads\/2018\/04\/89575_2_.jpg\" \/>\n\t<meta property=\"og:image:width\" content=\"700\" \/>\n\t<meta property=\"og:image:height\" content=\"700\" \/>\n\t<meta property=\"og:image:type\" content=\"image\/jpeg\" \/>\n<script type=\"application\/ld+json\" class=\"yoast-schema-graph\">{\"@context\":\"https:\/\/schema.org\",\"@graph\":[{\"@type\":\"WebPage\",\"@id\":\"https:\/\/business.roovi.com\/de\/tolo-bouncy-bear-spielzeug-fur-babys\/p\/\",\"url\":\"https:\/\/business.roovi.com\/de\/tolo-bouncy-bear-spielzeug-fur-babys\/p\/\",\"name\":\"Tolo Bouncy Bear, Spielzeug f\u00fcr Babys\",\"isPartOf\":{\"@id\":\"https:\/\/business.roovi.com\/de\/#website\"},\"datePublished\":\"2018-04-16T10:56:07+00:00\",\"dateModified\":\"2022-07-06T15:54:52+00:00\",\"description\":\"Tolo Bouncy Bear, Spielzeug f\u00fcr Babys\",\"breadcrumb\":{\"@id\":\"https:\/\/business.roovi.com\/de\/tolo-bouncy-bear-spielzeug-fur-babys\/p\/#breadcrumb\"},\"inLanguage\":\"de\",\"potentialAction\":[{\"@type\":\"ReadAction\",\"target\":[\"https:\/\/business.roovi.com\/de\/tolo-bouncy-bear-spielzeug-fur-babys\/p\/\"]}]},{\"@type\":\"BreadcrumbList\",\"@id\":\"https:\/\/business.roovi.com\/de\/tolo-bouncy-bear-spielzeug-fur-babys\/p\/#breadcrumb\",\"itemListElement\":[{\"@type\":\"ListItem\",\"position\":1,\"name\":\"Home\",\"item\":\"https:\/\/business.roovi.com\/de\/\"},{\"@type\":\"ListItem\",\"position\":2,\"name\":\"Shop\",\"item\":\"https:\/\/business.roovi.com\/de\/shop\/\"},{\"@type\":\"ListItem\",\"position\":3,\"name\":\"Tolo Bouncy Bear, Spielzeug f\u00fcr Babys\"}]},{\"@type\":\"WebSite\",\"@id\":\"https:\/\/business.roovi.com\/de\/#website\",\"url\":\"https:\/\/business.roovi.com\/de\/\",\"name\":\"Roovi B2B\",\"description\":\"Roovi Business Website\",\"potentialAction\":[{\"@type\":\"SearchAction\",\"target\":{\"@type\":\"EntryPoint\",\"urlTemplate\":\"https:\/\/business.roovi.com\/de\/?s={search_term_string}\"},\"query-input\":\"required name=search_term_string\"}],\"inLanguage\":\"de\"}]}<\/script>\n<!-- \/ Yoast SEO plugin. -->","yoast_head_json":{"title":"Tolo Bouncy Bear, Spielzeug f\u00fcr Babys","description":"Tolo Bouncy Bear, Spielzeug f\u00fcr Babys","robots":{"index":"index","follow":"follow","max-snippet":"max-snippet:-1","max-image-preview":"max-image-preview:large","max-video-preview":"max-video-preview:-1"},"canonical":"https:\/\/business.roovi.com\/de\/tolo-bouncy-bear-spielzeug-fur-babys\/p\/","og_locale":"de_DE","og_type":"article","og_title":"Tolo Bouncy Bear, Spielzeug f\u00fcr Babys","og_description":"Tolo Bouncy Bear, Spielzeug f\u00fcr Babys","og_url":"https:\/\/business.roovi.com\/de\/tolo-bouncy-bear-spielzeug-fur-babys\/p\/","og_site_name":"Roovi B2B","article_publisher":"https:\/\/www.facebook.com\/wwwjucariero","article_modified_time":"2022-07-06T15:54:52+00:00","og_image":[{"width":700,"height":700,"url":"https:\/\/business.roovi.com\/wp-content\/uploads\/2018\/04\/89575_2_.jpg","type":"image\/jpeg"}],"schema":{"@context":"https:\/\/schema.org","@graph":[{"@type":"WebPage","@id":"https:\/\/business.roovi.com\/de\/tolo-bouncy-bear-spielzeug-fur-babys\/p\/","url":"https:\/\/business.roovi.com\/de\/tolo-bouncy-bear-spielzeug-fur-babys\/p\/","name":"Tolo Bouncy Bear, Spielzeug f\u00fcr Babys","isPartOf":{"@id":"https:\/\/business.roovi.com\/de\/#website"},"datePublished":"2018-04-16T10:56:07+00:00","dateModified":"2022-07-06T15:54:52+00:00","description":"Tolo Bouncy Bear, Spielzeug f\u00fcr Babys","breadcrumb":{"@id":"https:\/\/business.roovi.com\/de\/tolo-bouncy-bear-spielzeug-fur-babys\/p\/#breadcrumb"},"inLanguage":"de","potentialAction":[{"@type":"ReadAction","target":["https:\/\/business.roovi.com\/de\/tolo-bouncy-bear-spielzeug-fur-babys\/p\/"]}]},{"@type":"BreadcrumbList","@id":"https:\/\/business.roovi.com\/de\/tolo-bouncy-bear-spielzeug-fur-babys\/p\/#breadcrumb","itemListElement":[{"@type":"ListItem","position":1,"name":"Home","item":"https:\/\/business.roovi.com\/de\/"},{"@type":"ListItem","position":2,"name":"Shop","item":"https:\/\/business.roovi.com\/de\/shop\/"},{"@type":"ListItem","position":3,"name":"Tolo Bouncy Bear, Spielzeug f\u00fcr Babys"}]},{"@type":"WebSite","@id":"https:\/\/business.roovi.com\/de\/#website","url":"https:\/\/business.roovi.com\/de\/","name":"Roovi B2B","description":"Roovi Business Website","potentialAction":[{"@type":"SearchAction","target":{"@type":"EntryPoint","urlTemplate":"https:\/\/business.roovi.com\/de\/?s={search_term_string}"},"query-input":"required name=search_term_string"}],"inLanguage":"de"}]}},"_links":{"self":[{"href":"https:\/\/business.roovi.com\/de\/wp-json\/wp\/v2\/product\/40910","targetHints":{"allow":["GET"]}}],"collection":[{"href":"https:\/\/business.roovi.com\/de\/wp-json\/wp\/v2\/product"}],"about":[{"href":"https:\/\/business.roovi.com\/de\/wp-json\/wp\/v2\/types\/product"}],"version-history":[{"count":0,"href":"https:\/\/business.roovi.com\/de\/wp-json\/wp\/v2\/product\/40910\/revisions"}],"wp:featuredmedia":[{"embeddable":true,"href":"https:\/\/business.roovi.com\/de\/wp-json\/wp\/v2\/media\/30703"}],"wp:attachment":[{"href":"https:\/\/business.roovi.com\/de\/wp-json\/wp\/v2\/media?parent=40910"}],"wp:term":[{"taxonomy":"product_brand","embeddable":true,"href":"https:\/\/business.roovi.com\/de\/wp-json\/wp\/v2\/product_brand?post=40910"},{"taxonomy":"product_cat","embeddable":true,"href":"https:\/\/business.roovi.com\/de\/wp-json\/wp\/v2\/product_cat?post=40910"},{"taxonomy":"product_tag","embeddable":true,"href":"https:\/\/business.roovi.com\/de\/wp-json\/wp\/v2\/product_tag?post=40910"}],"curies":[{"name":"wp","href":"https:\/\/api.w.org\/{rel}","templated":true}]}}