{"id":40982,"date":"2018-04-16T10:56:07","date_gmt":"2018-04-16T10:56:07","guid":{"rendered":"https:\/\/business.roovi.com\/tolo-primii-prieteni-fetita-in-cutie\/p\/"},"modified":"2022-07-06T16:04:26","modified_gmt":"2022-07-06T16:04:26","slug":"figur-kleines-madchen-in-einer-schachtel-tolo-spielzeug-fur-babies","status":"publish","type":"product","link":"https:\/\/business.roovi.com\/de\/figur-kleines-madchen-in-einer-schachtel-tolo-spielzeug-fur-babies\/p\/","title":{"rendered":"Figur kleines M\u00e4dchen in einer Schachtel &#8211; Tolo &#8211; Spielzeug f\u00fcr Babies"},"content":{"rendered":"<p>Lerne das niedliche kleine M\u00e4dchen aus der Tolo-Reihe der ersten Freunde kennen! Die Arme und Beine der Figur sind beweglich, sie klicken, wenn du sie bewegst. Die Spielzeuge aus der first friends Kollektion eignen sich perfekt f\u00fcr das Zahnen und f\u00f6rdern die Farbwahrnehmung, das Geh\u00f6r und den Tastsinn sowie die Fantasie durch fantasievolles Spielen. Die Figur ist einzeln verpackt.<\/p>\n","protected":false},"excerpt":{"rendered":"<p>Lerne das niedliche kleine M\u00e4dchen aus der Tolo-Reihe der ersten Freunde kennen! Die Arme und Beine der Figur sind beweglich,<\/p>\n","protected":false},"featured_media":30765,"template":"","meta":[],"product_brand":[],"product_cat":[2020,1955,1912],"product_tag":[],"class_list":{"0":"post-40982","1":"product","2":"type-product","3":"status-publish","4":"has-post-thumbnail","6":"product_cat-baby-pluschtiere","7":"product_cat-babyspielzeug","8":"product_cat-weitere-kategorien","9":"pa_bax-12-de","10":"pa_brand-tolo-de","11":"pa_filter_age-0_3-de","12":"pa_filter_age-3_5-de","13":"pa_tip_ambalaj-kasten-a4-de","15":"first","16":"instock","17":"taxable","18":"shipping-taxable","19":"product-type-simple"},"yoast_head":"<!-- This site is optimized with the Yoast SEO plugin v20.1 - https:\/\/yoast.com\/wordpress\/plugins\/seo\/ -->\n<title>Figur kleines M\u00e4dchen in einer Schachtel - Tolo - Spielzeug f\u00fcr Babies<\/title>\n<meta name=\"description\" content=\"Figur kleines M\u00e4dchen in einer Schachtel - Tolo - Spielzeug f\u00fcr Babies\" \/>\n<meta name=\"robots\" content=\"index, follow, max-snippet:-1, max-image-preview:large, max-video-preview:-1\" \/>\n<link rel=\"canonical\" href=\"https:\/\/business.roovi.com\/de\/figur-kleines-madchen-in-einer-schachtel-tolo-spielzeug-fur-babies\/p\/\" \/>\n<meta property=\"og:locale\" content=\"de_DE\" \/>\n<meta property=\"og:type\" content=\"article\" \/>\n<meta property=\"og:title\" content=\"Figur kleines M\u00e4dchen in einer Schachtel - Tolo - Spielzeug f\u00fcr Babies\" \/>\n<meta property=\"og:description\" content=\"Figur kleines M\u00e4dchen in einer Schachtel - Tolo - Spielzeug f\u00fcr Babies\" \/>\n<meta property=\"og:url\" content=\"https:\/\/business.roovi.com\/de\/figur-kleines-madchen-in-einer-schachtel-tolo-spielzeug-fur-babies\/p\/\" \/>\n<meta property=\"og:site_name\" content=\"Roovi B2B\" \/>\n<meta property=\"article:publisher\" content=\"https:\/\/www.facebook.com\/wwwjucariero\" \/>\n<meta property=\"article:modified_time\" content=\"2022-07-06T16:04:26+00:00\" \/>\n<meta property=\"og:image\" content=\"https:\/\/business.roovi.com\/wp-content\/uploads\/2018\/04\/89891.jpg\" \/>\n\t<meta property=\"og:image:width\" content=\"700\" \/>\n\t<meta property=\"og:image:height\" content=\"514\" \/>\n\t<meta property=\"og:image:type\" content=\"image\/jpeg\" \/>\n<script type=\"application\/ld+json\" class=\"yoast-schema-graph\">{\"@context\":\"https:\/\/schema.org\",\"@graph\":[{\"@type\":\"WebPage\",\"@id\":\"https:\/\/business.roovi.com\/de\/figur-kleines-madchen-in-einer-schachtel-tolo-spielzeug-fur-babies\/p\/\",\"url\":\"https:\/\/business.roovi.com\/de\/figur-kleines-madchen-in-einer-schachtel-tolo-spielzeug-fur-babies\/p\/\",\"name\":\"Figur kleines M\u00e4dchen in einer Schachtel - Tolo - Spielzeug f\u00fcr Babies\",\"isPartOf\":{\"@id\":\"https:\/\/business.roovi.com\/de\/#website\"},\"datePublished\":\"2018-04-16T10:56:07+00:00\",\"dateModified\":\"2022-07-06T16:04:26+00:00\",\"description\":\"Figur kleines M\u00e4dchen in einer Schachtel - Tolo - Spielzeug f\u00fcr Babies\",\"breadcrumb\":{\"@id\":\"https:\/\/business.roovi.com\/de\/figur-kleines-madchen-in-einer-schachtel-tolo-spielzeug-fur-babies\/p\/#breadcrumb\"},\"inLanguage\":\"de\",\"potentialAction\":[{\"@type\":\"ReadAction\",\"target\":[\"https:\/\/business.roovi.com\/de\/figur-kleines-madchen-in-einer-schachtel-tolo-spielzeug-fur-babies\/p\/\"]}]},{\"@type\":\"BreadcrumbList\",\"@id\":\"https:\/\/business.roovi.com\/de\/figur-kleines-madchen-in-einer-schachtel-tolo-spielzeug-fur-babies\/p\/#breadcrumb\",\"itemListElement\":[{\"@type\":\"ListItem\",\"position\":1,\"name\":\"Home\",\"item\":\"https:\/\/business.roovi.com\/de\/\"},{\"@type\":\"ListItem\",\"position\":2,\"name\":\"Shop\",\"item\":\"https:\/\/business.roovi.com\/de\/shop\/\"},{\"@type\":\"ListItem\",\"position\":3,\"name\":\"Figur kleines M\u00e4dchen in einer Schachtel &#8211; Tolo &#8211; Spielzeug f\u00fcr Babies\"}]},{\"@type\":\"WebSite\",\"@id\":\"https:\/\/business.roovi.com\/de\/#website\",\"url\":\"https:\/\/business.roovi.com\/de\/\",\"name\":\"Roovi B2B\",\"description\":\"Roovi Business Website\",\"potentialAction\":[{\"@type\":\"SearchAction\",\"target\":{\"@type\":\"EntryPoint\",\"urlTemplate\":\"https:\/\/business.roovi.com\/de\/?s={search_term_string}\"},\"query-input\":\"required name=search_term_string\"}],\"inLanguage\":\"de\"}]}<\/script>\n<!-- \/ Yoast SEO plugin. -->","yoast_head_json":{"title":"Figur kleines M\u00e4dchen in einer Schachtel - Tolo - Spielzeug f\u00fcr Babies","description":"Figur kleines M\u00e4dchen in einer Schachtel - Tolo - Spielzeug f\u00fcr Babies","robots":{"index":"index","follow":"follow","max-snippet":"max-snippet:-1","max-image-preview":"max-image-preview:large","max-video-preview":"max-video-preview:-1"},"canonical":"https:\/\/business.roovi.com\/de\/figur-kleines-madchen-in-einer-schachtel-tolo-spielzeug-fur-babies\/p\/","og_locale":"de_DE","og_type":"article","og_title":"Figur kleines M\u00e4dchen in einer Schachtel - Tolo - Spielzeug f\u00fcr Babies","og_description":"Figur kleines M\u00e4dchen in einer Schachtel - Tolo - Spielzeug f\u00fcr Babies","og_url":"https:\/\/business.roovi.com\/de\/figur-kleines-madchen-in-einer-schachtel-tolo-spielzeug-fur-babies\/p\/","og_site_name":"Roovi B2B","article_publisher":"https:\/\/www.facebook.com\/wwwjucariero","article_modified_time":"2022-07-06T16:04:26+00:00","og_image":[{"width":700,"height":514,"url":"https:\/\/business.roovi.com\/wp-content\/uploads\/2018\/04\/89891.jpg","type":"image\/jpeg"}],"schema":{"@context":"https:\/\/schema.org","@graph":[{"@type":"WebPage","@id":"https:\/\/business.roovi.com\/de\/figur-kleines-madchen-in-einer-schachtel-tolo-spielzeug-fur-babies\/p\/","url":"https:\/\/business.roovi.com\/de\/figur-kleines-madchen-in-einer-schachtel-tolo-spielzeug-fur-babies\/p\/","name":"Figur kleines M\u00e4dchen in einer Schachtel - Tolo - Spielzeug f\u00fcr Babies","isPartOf":{"@id":"https:\/\/business.roovi.com\/de\/#website"},"datePublished":"2018-04-16T10:56:07+00:00","dateModified":"2022-07-06T16:04:26+00:00","description":"Figur kleines M\u00e4dchen in einer Schachtel - Tolo - Spielzeug f\u00fcr Babies","breadcrumb":{"@id":"https:\/\/business.roovi.com\/de\/figur-kleines-madchen-in-einer-schachtel-tolo-spielzeug-fur-babies\/p\/#breadcrumb"},"inLanguage":"de","potentialAction":[{"@type":"ReadAction","target":["https:\/\/business.roovi.com\/de\/figur-kleines-madchen-in-einer-schachtel-tolo-spielzeug-fur-babies\/p\/"]}]},{"@type":"BreadcrumbList","@id":"https:\/\/business.roovi.com\/de\/figur-kleines-madchen-in-einer-schachtel-tolo-spielzeug-fur-babies\/p\/#breadcrumb","itemListElement":[{"@type":"ListItem","position":1,"name":"Home","item":"https:\/\/business.roovi.com\/de\/"},{"@type":"ListItem","position":2,"name":"Shop","item":"https:\/\/business.roovi.com\/de\/shop\/"},{"@type":"ListItem","position":3,"name":"Figur kleines M\u00e4dchen in einer Schachtel &#8211; Tolo &#8211; Spielzeug f\u00fcr Babies"}]},{"@type":"WebSite","@id":"https:\/\/business.roovi.com\/de\/#website","url":"https:\/\/business.roovi.com\/de\/","name":"Roovi B2B","description":"Roovi Business Website","potentialAction":[{"@type":"SearchAction","target":{"@type":"EntryPoint","urlTemplate":"https:\/\/business.roovi.com\/de\/?s={search_term_string}"},"query-input":"required name=search_term_string"}],"inLanguage":"de"}]}},"_links":{"self":[{"href":"https:\/\/business.roovi.com\/de\/wp-json\/wp\/v2\/product\/40982","targetHints":{"allow":["GET"]}}],"collection":[{"href":"https:\/\/business.roovi.com\/de\/wp-json\/wp\/v2\/product"}],"about":[{"href":"https:\/\/business.roovi.com\/de\/wp-json\/wp\/v2\/types\/product"}],"version-history":[{"count":0,"href":"https:\/\/business.roovi.com\/de\/wp-json\/wp\/v2\/product\/40982\/revisions"}],"wp:featuredmedia":[{"embeddable":true,"href":"https:\/\/business.roovi.com\/de\/wp-json\/wp\/v2\/media\/30765"}],"wp:attachment":[{"href":"https:\/\/business.roovi.com\/de\/wp-json\/wp\/v2\/media?parent=40982"}],"wp:term":[{"taxonomy":"product_brand","embeddable":true,"href":"https:\/\/business.roovi.com\/de\/wp-json\/wp\/v2\/product_brand?post=40982"},{"taxonomy":"product_cat","embeddable":true,"href":"https:\/\/business.roovi.com\/de\/wp-json\/wp\/v2\/product_cat?post=40982"},{"taxonomy":"product_tag","embeddable":true,"href":"https:\/\/business.roovi.com\/de\/wp-json\/wp\/v2\/product_tag?post=40982"}],"curies":[{"name":"wp","href":"https:\/\/api.w.org\/{rel}","templated":true}]}}