{"id":40998,"date":"2018-04-16T10:56:07","date_gmt":"2018-04-16T10:56:07","guid":{"rendered":"https:\/\/business.roovi.com\/tolo-primii-prieteni-pilot-de-curse-in-cutie\/p\/"},"modified":"2022-07-06T16:04:45","modified_gmt":"2022-07-06T16:04:45","slug":"rennfahrer-figur-tolo-babyspielzeug","status":"publish","type":"product","link":"https:\/\/business.roovi.com\/de\/rennfahrer-figur-tolo-babyspielzeug\/p\/","title":{"rendered":"Rennfahrer-Figur &#8211; Tolo &#8211; Babyspielzeug"},"content":{"rendered":"<p>Willst du ein unvergessliches Abenteuer erleben? Der Rennfahrer aus der Tolo First Friends Spielzeugserie wartet darauf, dich zu treffen! Die Arme und Beine des kleinen Mannes sind beweglich, sie klicken, wenn du sie bewegst. Die Spielzeuge der First Friends Kollektion sind ideal f\u00fcr das Zahnen und f\u00f6rdern die Farbwahrnehmung, das Geh\u00f6r und den Tastsinn. Die Figur ist einzeln verpackt.<\/p>\n","protected":false},"excerpt":{"rendered":"<p>Willst du ein unvergessliches Abenteuer erleben? Der Rennfahrer aus der Tolo First Friends Spielzeugserie wartet darauf, dich zu treffen! Die<\/p>\n","protected":false},"featured_media":30775,"template":"","meta":[],"product_brand":[],"product_cat":[2020,1955,1912],"product_tag":[],"class_list":{"0":"post-40998","1":"product","2":"type-product","3":"status-publish","4":"has-post-thumbnail","6":"product_cat-baby-pluschtiere","7":"product_cat-babyspielzeug","8":"product_cat-weitere-kategorien","9":"pa_bax-2-de","10":"pa_brand-tolo-de","11":"pa_filter_age-0_3-de","12":"pa_filter_age-3_5-de","13":"pa_tip_ambalaj-kasten-a4-de","15":"first","16":"instock","17":"taxable","18":"shipping-taxable","19":"product-type-simple"},"yoast_head":"<!-- This site is optimized with the Yoast SEO plugin v20.1 - https:\/\/yoast.com\/wordpress\/plugins\/seo\/ -->\n<title>Rennfahrer-Figur - Tolo - Babyspielzeug<\/title>\n<meta name=\"description\" content=\"Rennfahrer-Figur - Tolo - Babyspielzeug\" \/>\n<meta name=\"robots\" content=\"index, follow, max-snippet:-1, max-image-preview:large, max-video-preview:-1\" \/>\n<link rel=\"canonical\" href=\"https:\/\/business.roovi.com\/de\/rennfahrer-figur-tolo-babyspielzeug\/p\/\" \/>\n<meta property=\"og:locale\" content=\"de_DE\" \/>\n<meta property=\"og:type\" content=\"article\" \/>\n<meta property=\"og:title\" content=\"Rennfahrer-Figur - Tolo - Babyspielzeug\" \/>\n<meta property=\"og:description\" content=\"Rennfahrer-Figur - Tolo - Babyspielzeug\" \/>\n<meta property=\"og:url\" content=\"https:\/\/business.roovi.com\/de\/rennfahrer-figur-tolo-babyspielzeug\/p\/\" \/>\n<meta property=\"og:site_name\" content=\"Roovi B2B\" \/>\n<meta property=\"article:publisher\" content=\"https:\/\/www.facebook.com\/wwwjucariero\" \/>\n<meta property=\"article:modified_time\" content=\"2022-07-06T16:04:45+00:00\" \/>\n<meta property=\"og:image\" content=\"https:\/\/business.roovi.com\/wp-content\/uploads\/2018\/04\/89895.jpg\" \/>\n\t<meta property=\"og:image:width\" content=\"700\" \/>\n\t<meta property=\"og:image:height\" content=\"514\" \/>\n\t<meta property=\"og:image:type\" content=\"image\/jpeg\" \/>\n<script type=\"application\/ld+json\" class=\"yoast-schema-graph\">{\"@context\":\"https:\/\/schema.org\",\"@graph\":[{\"@type\":\"WebPage\",\"@id\":\"https:\/\/business.roovi.com\/de\/rennfahrer-figur-tolo-babyspielzeug\/p\/\",\"url\":\"https:\/\/business.roovi.com\/de\/rennfahrer-figur-tolo-babyspielzeug\/p\/\",\"name\":\"Rennfahrer-Figur - Tolo - Babyspielzeug\",\"isPartOf\":{\"@id\":\"https:\/\/business.roovi.com\/de\/#website\"},\"datePublished\":\"2018-04-16T10:56:07+00:00\",\"dateModified\":\"2022-07-06T16:04:45+00:00\",\"description\":\"Rennfahrer-Figur - Tolo - Babyspielzeug\",\"breadcrumb\":{\"@id\":\"https:\/\/business.roovi.com\/de\/rennfahrer-figur-tolo-babyspielzeug\/p\/#breadcrumb\"},\"inLanguage\":\"de\",\"potentialAction\":[{\"@type\":\"ReadAction\",\"target\":[\"https:\/\/business.roovi.com\/de\/rennfahrer-figur-tolo-babyspielzeug\/p\/\"]}]},{\"@type\":\"BreadcrumbList\",\"@id\":\"https:\/\/business.roovi.com\/de\/rennfahrer-figur-tolo-babyspielzeug\/p\/#breadcrumb\",\"itemListElement\":[{\"@type\":\"ListItem\",\"position\":1,\"name\":\"Home\",\"item\":\"https:\/\/business.roovi.com\/de\/\"},{\"@type\":\"ListItem\",\"position\":2,\"name\":\"Shop\",\"item\":\"https:\/\/business.roovi.com\/de\/shop\/\"},{\"@type\":\"ListItem\",\"position\":3,\"name\":\"Rennfahrer-Figur &#8211; Tolo &#8211; Babyspielzeug\"}]},{\"@type\":\"WebSite\",\"@id\":\"https:\/\/business.roovi.com\/de\/#website\",\"url\":\"https:\/\/business.roovi.com\/de\/\",\"name\":\"Roovi B2B\",\"description\":\"Roovi Business Website\",\"potentialAction\":[{\"@type\":\"SearchAction\",\"target\":{\"@type\":\"EntryPoint\",\"urlTemplate\":\"https:\/\/business.roovi.com\/de\/?s={search_term_string}\"},\"query-input\":\"required name=search_term_string\"}],\"inLanguage\":\"de\"}]}<\/script>\n<!-- \/ Yoast SEO plugin. -->","yoast_head_json":{"title":"Rennfahrer-Figur - Tolo - Babyspielzeug","description":"Rennfahrer-Figur - Tolo - Babyspielzeug","robots":{"index":"index","follow":"follow","max-snippet":"max-snippet:-1","max-image-preview":"max-image-preview:large","max-video-preview":"max-video-preview:-1"},"canonical":"https:\/\/business.roovi.com\/de\/rennfahrer-figur-tolo-babyspielzeug\/p\/","og_locale":"de_DE","og_type":"article","og_title":"Rennfahrer-Figur - Tolo - Babyspielzeug","og_description":"Rennfahrer-Figur - Tolo - Babyspielzeug","og_url":"https:\/\/business.roovi.com\/de\/rennfahrer-figur-tolo-babyspielzeug\/p\/","og_site_name":"Roovi B2B","article_publisher":"https:\/\/www.facebook.com\/wwwjucariero","article_modified_time":"2022-07-06T16:04:45+00:00","og_image":[{"width":700,"height":514,"url":"https:\/\/business.roovi.com\/wp-content\/uploads\/2018\/04\/89895.jpg","type":"image\/jpeg"}],"schema":{"@context":"https:\/\/schema.org","@graph":[{"@type":"WebPage","@id":"https:\/\/business.roovi.com\/de\/rennfahrer-figur-tolo-babyspielzeug\/p\/","url":"https:\/\/business.roovi.com\/de\/rennfahrer-figur-tolo-babyspielzeug\/p\/","name":"Rennfahrer-Figur - Tolo - Babyspielzeug","isPartOf":{"@id":"https:\/\/business.roovi.com\/de\/#website"},"datePublished":"2018-04-16T10:56:07+00:00","dateModified":"2022-07-06T16:04:45+00:00","description":"Rennfahrer-Figur - Tolo - Babyspielzeug","breadcrumb":{"@id":"https:\/\/business.roovi.com\/de\/rennfahrer-figur-tolo-babyspielzeug\/p\/#breadcrumb"},"inLanguage":"de","potentialAction":[{"@type":"ReadAction","target":["https:\/\/business.roovi.com\/de\/rennfahrer-figur-tolo-babyspielzeug\/p\/"]}]},{"@type":"BreadcrumbList","@id":"https:\/\/business.roovi.com\/de\/rennfahrer-figur-tolo-babyspielzeug\/p\/#breadcrumb","itemListElement":[{"@type":"ListItem","position":1,"name":"Home","item":"https:\/\/business.roovi.com\/de\/"},{"@type":"ListItem","position":2,"name":"Shop","item":"https:\/\/business.roovi.com\/de\/shop\/"},{"@type":"ListItem","position":3,"name":"Rennfahrer-Figur &#8211; Tolo &#8211; Babyspielzeug"}]},{"@type":"WebSite","@id":"https:\/\/business.roovi.com\/de\/#website","url":"https:\/\/business.roovi.com\/de\/","name":"Roovi B2B","description":"Roovi Business Website","potentialAction":[{"@type":"SearchAction","target":{"@type":"EntryPoint","urlTemplate":"https:\/\/business.roovi.com\/de\/?s={search_term_string}"},"query-input":"required name=search_term_string"}],"inLanguage":"de"}]}},"_links":{"self":[{"href":"https:\/\/business.roovi.com\/de\/wp-json\/wp\/v2\/product\/40998","targetHints":{"allow":["GET"]}}],"collection":[{"href":"https:\/\/business.roovi.com\/de\/wp-json\/wp\/v2\/product"}],"about":[{"href":"https:\/\/business.roovi.com\/de\/wp-json\/wp\/v2\/types\/product"}],"version-history":[{"count":0,"href":"https:\/\/business.roovi.com\/de\/wp-json\/wp\/v2\/product\/40998\/revisions"}],"wp:featuredmedia":[{"embeddable":true,"href":"https:\/\/business.roovi.com\/de\/wp-json\/wp\/v2\/media\/30775"}],"wp:attachment":[{"href":"https:\/\/business.roovi.com\/de\/wp-json\/wp\/v2\/media?parent=40998"}],"wp:term":[{"taxonomy":"product_brand","embeddable":true,"href":"https:\/\/business.roovi.com\/de\/wp-json\/wp\/v2\/product_brand?post=40998"},{"taxonomy":"product_cat","embeddable":true,"href":"https:\/\/business.roovi.com\/de\/wp-json\/wp\/v2\/product_cat?post=40998"},{"taxonomy":"product_tag","embeddable":true,"href":"https:\/\/business.roovi.com\/de\/wp-json\/wp\/v2\/product_tag?post=40998"}],"curies":[{"name":"wp","href":"https:\/\/api.w.org\/{rel}","templated":true}]}}