{"id":41094,"date":"2018-04-16T10:56:07","date_gmt":"2018-04-16T10:56:07","guid":{"rendered":"https:\/\/business.roovi.com\/tolo-primii-prieteni-pilot-de-curse\/p\/"},"modified":"2022-07-06T16:14:48","modified_gmt":"2022-07-06T16:14:48","slug":"pilot-figur-tolo-baby-spielzeug","status":"publish","type":"product","link":"https:\/\/business.roovi.com\/de\/pilot-figur-tolo-baby-spielzeug\/p\/","title":{"rendered":"Pilot Figur &#8211; Tolo Baby Spielzeug"},"content":{"rendered":"<p>Willst du ein unvergessliches Abenteuer erleben? Der Rennfahrer aus der Tolo First Friends Spielzeugserie wartet darauf, dich zu treffen! Die Arme und Beine des kleinen Mannes sind beweglich, sie klicken, wenn du sie bewegst. Die Spielzeuge der First Friends Kollektion sind ideal f\u00fcr das Zahnen und f\u00f6rdern die Farbwahrnehmung, das Geh\u00f6r und den Tastsinn.<\/p>\n","protected":false},"excerpt":{"rendered":"<p>Willst du ein unvergessliches Abenteuer erleben? Der Rennfahrer aus der Tolo First Friends Spielzeugserie wartet darauf, dich zu treffen! Die<\/p>\n","protected":false},"featured_media":30823,"template":"","meta":[],"product_brand":[],"product_cat":[2020,1955,1912],"product_tag":[],"class_list":{"0":"post-41094","1":"product","2":"type-product","3":"status-publish","4":"has-post-thumbnail","6":"product_cat-baby-pluschtiere","7":"product_cat-babyspielzeug","8":"product_cat-weitere-kategorien","9":"pa_bax-6-de","10":"pa_brand-tolo-de","11":"pa_filter_age-0_3-de","12":"pa_filter_age-3_5-de","14":"first","15":"instock","16":"taxable","17":"shipping-taxable","18":"product-type-simple"},"yoast_head":"<!-- This site is optimized with the Yoast SEO plugin v20.1 - https:\/\/yoast.com\/wordpress\/plugins\/seo\/ -->\n<title>Pilot Figur - Tolo Baby Spielzeug<\/title>\n<meta name=\"description\" content=\"Pilot Figur - Tolo Baby Spielzeug\" \/>\n<meta name=\"robots\" content=\"index, follow, max-snippet:-1, max-image-preview:large, max-video-preview:-1\" \/>\n<link rel=\"canonical\" href=\"https:\/\/business.roovi.com\/de\/pilot-figur-tolo-baby-spielzeug\/p\/\" \/>\n<meta property=\"og:locale\" content=\"de_DE\" \/>\n<meta property=\"og:type\" content=\"article\" \/>\n<meta property=\"og:title\" content=\"Pilot Figur - Tolo Baby Spielzeug\" \/>\n<meta property=\"og:description\" content=\"Pilot Figur - Tolo Baby Spielzeug\" \/>\n<meta property=\"og:url\" content=\"https:\/\/business.roovi.com\/de\/pilot-figur-tolo-baby-spielzeug\/p\/\" \/>\n<meta property=\"og:site_name\" content=\"Roovi B2B\" \/>\n<meta property=\"article:publisher\" content=\"https:\/\/www.facebook.com\/wwwjucariero\" \/>\n<meta property=\"article:modified_time\" content=\"2022-07-06T16:14:48+00:00\" \/>\n<meta property=\"og:image\" content=\"https:\/\/business.roovi.com\/wp-content\/uploads\/2018\/04\/89723racer.jpg\" \/>\n\t<meta property=\"og:image:width\" content=\"450\" \/>\n\t<meta property=\"og:image:height\" content=\"391\" \/>\n\t<meta property=\"og:image:type\" content=\"image\/jpeg\" \/>\n<script type=\"application\/ld+json\" class=\"yoast-schema-graph\">{\"@context\":\"https:\/\/schema.org\",\"@graph\":[{\"@type\":\"WebPage\",\"@id\":\"https:\/\/business.roovi.com\/de\/pilot-figur-tolo-baby-spielzeug\/p\/\",\"url\":\"https:\/\/business.roovi.com\/de\/pilot-figur-tolo-baby-spielzeug\/p\/\",\"name\":\"Pilot Figur - Tolo Baby Spielzeug\",\"isPartOf\":{\"@id\":\"https:\/\/business.roovi.com\/de\/#website\"},\"datePublished\":\"2018-04-16T10:56:07+00:00\",\"dateModified\":\"2022-07-06T16:14:48+00:00\",\"description\":\"Pilot Figur - Tolo Baby Spielzeug\",\"breadcrumb\":{\"@id\":\"https:\/\/business.roovi.com\/de\/pilot-figur-tolo-baby-spielzeug\/p\/#breadcrumb\"},\"inLanguage\":\"de\",\"potentialAction\":[{\"@type\":\"ReadAction\",\"target\":[\"https:\/\/business.roovi.com\/de\/pilot-figur-tolo-baby-spielzeug\/p\/\"]}]},{\"@type\":\"BreadcrumbList\",\"@id\":\"https:\/\/business.roovi.com\/de\/pilot-figur-tolo-baby-spielzeug\/p\/#breadcrumb\",\"itemListElement\":[{\"@type\":\"ListItem\",\"position\":1,\"name\":\"Home\",\"item\":\"https:\/\/business.roovi.com\/de\/\"},{\"@type\":\"ListItem\",\"position\":2,\"name\":\"Shop\",\"item\":\"https:\/\/business.roovi.com\/de\/shop\/\"},{\"@type\":\"ListItem\",\"position\":3,\"name\":\"Pilot Figur &#8211; Tolo Baby Spielzeug\"}]},{\"@type\":\"WebSite\",\"@id\":\"https:\/\/business.roovi.com\/de\/#website\",\"url\":\"https:\/\/business.roovi.com\/de\/\",\"name\":\"Roovi B2B\",\"description\":\"Roovi Business Website\",\"potentialAction\":[{\"@type\":\"SearchAction\",\"target\":{\"@type\":\"EntryPoint\",\"urlTemplate\":\"https:\/\/business.roovi.com\/de\/?s={search_term_string}\"},\"query-input\":\"required name=search_term_string\"}],\"inLanguage\":\"de\"}]}<\/script>\n<!-- \/ Yoast SEO plugin. -->","yoast_head_json":{"title":"Pilot Figur - Tolo Baby Spielzeug","description":"Pilot Figur - Tolo Baby Spielzeug","robots":{"index":"index","follow":"follow","max-snippet":"max-snippet:-1","max-image-preview":"max-image-preview:large","max-video-preview":"max-video-preview:-1"},"canonical":"https:\/\/business.roovi.com\/de\/pilot-figur-tolo-baby-spielzeug\/p\/","og_locale":"de_DE","og_type":"article","og_title":"Pilot Figur - Tolo Baby Spielzeug","og_description":"Pilot Figur - Tolo Baby Spielzeug","og_url":"https:\/\/business.roovi.com\/de\/pilot-figur-tolo-baby-spielzeug\/p\/","og_site_name":"Roovi B2B","article_publisher":"https:\/\/www.facebook.com\/wwwjucariero","article_modified_time":"2022-07-06T16:14:48+00:00","og_image":[{"width":450,"height":391,"url":"https:\/\/business.roovi.com\/wp-content\/uploads\/2018\/04\/89723racer.jpg","type":"image\/jpeg"}],"schema":{"@context":"https:\/\/schema.org","@graph":[{"@type":"WebPage","@id":"https:\/\/business.roovi.com\/de\/pilot-figur-tolo-baby-spielzeug\/p\/","url":"https:\/\/business.roovi.com\/de\/pilot-figur-tolo-baby-spielzeug\/p\/","name":"Pilot Figur - Tolo Baby Spielzeug","isPartOf":{"@id":"https:\/\/business.roovi.com\/de\/#website"},"datePublished":"2018-04-16T10:56:07+00:00","dateModified":"2022-07-06T16:14:48+00:00","description":"Pilot Figur - Tolo Baby Spielzeug","breadcrumb":{"@id":"https:\/\/business.roovi.com\/de\/pilot-figur-tolo-baby-spielzeug\/p\/#breadcrumb"},"inLanguage":"de","potentialAction":[{"@type":"ReadAction","target":["https:\/\/business.roovi.com\/de\/pilot-figur-tolo-baby-spielzeug\/p\/"]}]},{"@type":"BreadcrumbList","@id":"https:\/\/business.roovi.com\/de\/pilot-figur-tolo-baby-spielzeug\/p\/#breadcrumb","itemListElement":[{"@type":"ListItem","position":1,"name":"Home","item":"https:\/\/business.roovi.com\/de\/"},{"@type":"ListItem","position":2,"name":"Shop","item":"https:\/\/business.roovi.com\/de\/shop\/"},{"@type":"ListItem","position":3,"name":"Pilot Figur &#8211; Tolo Baby Spielzeug"}]},{"@type":"WebSite","@id":"https:\/\/business.roovi.com\/de\/#website","url":"https:\/\/business.roovi.com\/de\/","name":"Roovi B2B","description":"Roovi Business Website","potentialAction":[{"@type":"SearchAction","target":{"@type":"EntryPoint","urlTemplate":"https:\/\/business.roovi.com\/de\/?s={search_term_string}"},"query-input":"required name=search_term_string"}],"inLanguage":"de"}]}},"_links":{"self":[{"href":"https:\/\/business.roovi.com\/de\/wp-json\/wp\/v2\/product\/41094","targetHints":{"allow":["GET"]}}],"collection":[{"href":"https:\/\/business.roovi.com\/de\/wp-json\/wp\/v2\/product"}],"about":[{"href":"https:\/\/business.roovi.com\/de\/wp-json\/wp\/v2\/types\/product"}],"version-history":[{"count":0,"href":"https:\/\/business.roovi.com\/de\/wp-json\/wp\/v2\/product\/41094\/revisions"}],"wp:featuredmedia":[{"embeddable":true,"href":"https:\/\/business.roovi.com\/de\/wp-json\/wp\/v2\/media\/30823"}],"wp:attachment":[{"href":"https:\/\/business.roovi.com\/de\/wp-json\/wp\/v2\/media?parent=41094"}],"wp:term":[{"taxonomy":"product_brand","embeddable":true,"href":"https:\/\/business.roovi.com\/de\/wp-json\/wp\/v2\/product_brand?post=41094"},{"taxonomy":"product_cat","embeddable":true,"href":"https:\/\/business.roovi.com\/de\/wp-json\/wp\/v2\/product_cat?post=41094"},{"taxonomy":"product_tag","embeddable":true,"href":"https:\/\/business.roovi.com\/de\/wp-json\/wp\/v2\/product_tag?post=41094"}],"curies":[{"name":"wp","href":"https:\/\/api.w.org\/{rel}","templated":true}]}}