{"id":41286,"date":"2018-04-16T10:56:06","date_gmt":"2018-04-16T10:56:06","guid":{"rendered":"https:\/\/business.roovi.com\/papusa-alice-saltareata\/p\/"},"modified":"2022-07-06T16:39:47","modified_gmt":"2022-07-06T16:39:47","slug":"alice-die-hupfende-puppe","status":"publish","type":"product","link":"https:\/\/business.roovi.com\/de\/alice-die-hupfende-puppe\/p\/","title":{"rendered":"Alice die h\u00fcpfende Puppe"},"content":{"rendered":"<p>Die neue Alice-Puppe schmilzt vor Gl\u00fcck, wenn sie dich sieht! Wenn du in die H\u00e4nde klatschst, dreht sich die kleine Alice zu dir, lacht und schnurrt vor Freude! Genauso reagiert sie auf das spezielle Spielzeug, das im Set enthalten ist.<\/p>\n","protected":false},"excerpt":{"rendered":"<p>Die neue Alice-Puppe schmilzt vor Gl\u00fcck, wenn sie dich sieht! Wenn du in die H\u00e4nde klatschst, dreht sich die kleine<\/p>\n","protected":false},"featured_media":30099,"template":"","meta":[],"product_brand":[],"product_cat":[1912,2030],"product_tag":[],"class_list":{"0":"post-41286","1":"product","2":"type-product","3":"status-publish","4":"has-post-thumbnail","6":"product_cat-weitere-kategorien","7":"product_cat-puppen-und-zubehor","8":"pa_bax-6-de","9":"pa_brand-d_toys-de","10":"pa_filter_age-3_5-de","11":"pa_filter_age-5_7-de","12":"pa_tip_ambalaj-kasten-a4-de","14":"first","15":"instock","16":"taxable","17":"shipping-taxable","18":"product-type-simple"},"yoast_head":"<!-- This site is optimized with the Yoast SEO plugin v20.1 - https:\/\/yoast.com\/wordpress\/plugins\/seo\/ -->\n<title>Alice die h\u00fcpfende Puppe<\/title>\n<meta name=\"description\" content=\"Alice die h\u00fcpfende Puppe\" \/>\n<meta name=\"robots\" content=\"index, follow, max-snippet:-1, max-image-preview:large, max-video-preview:-1\" \/>\n<link rel=\"canonical\" href=\"https:\/\/business.roovi.com\/de\/alice-die-hupfende-puppe\/p\/\" \/>\n<meta property=\"og:locale\" content=\"de_DE\" \/>\n<meta property=\"og:type\" content=\"article\" \/>\n<meta property=\"og:title\" content=\"Alice die h\u00fcpfende Puppe\" \/>\n<meta property=\"og:description\" content=\"Alice die h\u00fcpfende Puppe\" \/>\n<meta property=\"og:url\" content=\"https:\/\/business.roovi.com\/de\/alice-die-hupfende-puppe\/p\/\" \/>\n<meta property=\"og:site_name\" content=\"Roovi B2B\" \/>\n<meta property=\"article:publisher\" content=\"https:\/\/www.facebook.com\/wwwjucariero\" \/>\n<meta property=\"article:modified_time\" content=\"2022-07-06T16:39:47+00:00\" \/>\n<meta property=\"og:image\" content=\"https:\/\/business.roovi.com\/wp-content\/uploads\/2018\/04\/alice_papusa_saltareata.jpg\" \/>\n\t<meta property=\"og:image:width\" content=\"1200\" \/>\n\t<meta property=\"og:image:height\" content=\"1200\" \/>\n\t<meta property=\"og:image:type\" content=\"image\/jpeg\" \/>\n<script type=\"application\/ld+json\" class=\"yoast-schema-graph\">{\"@context\":\"https:\/\/schema.org\",\"@graph\":[{\"@type\":\"WebPage\",\"@id\":\"https:\/\/business.roovi.com\/de\/alice-die-hupfende-puppe\/p\/\",\"url\":\"https:\/\/business.roovi.com\/de\/alice-die-hupfende-puppe\/p\/\",\"name\":\"Alice die h\u00fcpfende Puppe\",\"isPartOf\":{\"@id\":\"https:\/\/business.roovi.com\/de\/#website\"},\"datePublished\":\"2018-04-16T10:56:06+00:00\",\"dateModified\":\"2022-07-06T16:39:47+00:00\",\"description\":\"Alice die h\u00fcpfende Puppe\",\"breadcrumb\":{\"@id\":\"https:\/\/business.roovi.com\/de\/alice-die-hupfende-puppe\/p\/#breadcrumb\"},\"inLanguage\":\"de\",\"potentialAction\":[{\"@type\":\"ReadAction\",\"target\":[\"https:\/\/business.roovi.com\/de\/alice-die-hupfende-puppe\/p\/\"]}]},{\"@type\":\"BreadcrumbList\",\"@id\":\"https:\/\/business.roovi.com\/de\/alice-die-hupfende-puppe\/p\/#breadcrumb\",\"itemListElement\":[{\"@type\":\"ListItem\",\"position\":1,\"name\":\"Home\",\"item\":\"https:\/\/business.roovi.com\/de\/\"},{\"@type\":\"ListItem\",\"position\":2,\"name\":\"Shop\",\"item\":\"https:\/\/business.roovi.com\/de\/shop\/\"},{\"@type\":\"ListItem\",\"position\":3,\"name\":\"Alice die h\u00fcpfende Puppe\"}]},{\"@type\":\"WebSite\",\"@id\":\"https:\/\/business.roovi.com\/de\/#website\",\"url\":\"https:\/\/business.roovi.com\/de\/\",\"name\":\"Roovi B2B\",\"description\":\"Roovi Business Website\",\"potentialAction\":[{\"@type\":\"SearchAction\",\"target\":{\"@type\":\"EntryPoint\",\"urlTemplate\":\"https:\/\/business.roovi.com\/de\/?s={search_term_string}\"},\"query-input\":\"required name=search_term_string\"}],\"inLanguage\":\"de\"}]}<\/script>\n<!-- \/ Yoast SEO plugin. -->","yoast_head_json":{"title":"Alice die h\u00fcpfende Puppe","description":"Alice die h\u00fcpfende Puppe","robots":{"index":"index","follow":"follow","max-snippet":"max-snippet:-1","max-image-preview":"max-image-preview:large","max-video-preview":"max-video-preview:-1"},"canonical":"https:\/\/business.roovi.com\/de\/alice-die-hupfende-puppe\/p\/","og_locale":"de_DE","og_type":"article","og_title":"Alice die h\u00fcpfende Puppe","og_description":"Alice die h\u00fcpfende Puppe","og_url":"https:\/\/business.roovi.com\/de\/alice-die-hupfende-puppe\/p\/","og_site_name":"Roovi B2B","article_publisher":"https:\/\/www.facebook.com\/wwwjucariero","article_modified_time":"2022-07-06T16:39:47+00:00","og_image":[{"width":1200,"height":1200,"url":"https:\/\/business.roovi.com\/wp-content\/uploads\/2018\/04\/alice_papusa_saltareata.jpg","type":"image\/jpeg"}],"schema":{"@context":"https:\/\/schema.org","@graph":[{"@type":"WebPage","@id":"https:\/\/business.roovi.com\/de\/alice-die-hupfende-puppe\/p\/","url":"https:\/\/business.roovi.com\/de\/alice-die-hupfende-puppe\/p\/","name":"Alice die h\u00fcpfende Puppe","isPartOf":{"@id":"https:\/\/business.roovi.com\/de\/#website"},"datePublished":"2018-04-16T10:56:06+00:00","dateModified":"2022-07-06T16:39:47+00:00","description":"Alice die h\u00fcpfende Puppe","breadcrumb":{"@id":"https:\/\/business.roovi.com\/de\/alice-die-hupfende-puppe\/p\/#breadcrumb"},"inLanguage":"de","potentialAction":[{"@type":"ReadAction","target":["https:\/\/business.roovi.com\/de\/alice-die-hupfende-puppe\/p\/"]}]},{"@type":"BreadcrumbList","@id":"https:\/\/business.roovi.com\/de\/alice-die-hupfende-puppe\/p\/#breadcrumb","itemListElement":[{"@type":"ListItem","position":1,"name":"Home","item":"https:\/\/business.roovi.com\/de\/"},{"@type":"ListItem","position":2,"name":"Shop","item":"https:\/\/business.roovi.com\/de\/shop\/"},{"@type":"ListItem","position":3,"name":"Alice die h\u00fcpfende Puppe"}]},{"@type":"WebSite","@id":"https:\/\/business.roovi.com\/de\/#website","url":"https:\/\/business.roovi.com\/de\/","name":"Roovi B2B","description":"Roovi Business Website","potentialAction":[{"@type":"SearchAction","target":{"@type":"EntryPoint","urlTemplate":"https:\/\/business.roovi.com\/de\/?s={search_term_string}"},"query-input":"required name=search_term_string"}],"inLanguage":"de"}]}},"_links":{"self":[{"href":"https:\/\/business.roovi.com\/de\/wp-json\/wp\/v2\/product\/41286","targetHints":{"allow":["GET"]}}],"collection":[{"href":"https:\/\/business.roovi.com\/de\/wp-json\/wp\/v2\/product"}],"about":[{"href":"https:\/\/business.roovi.com\/de\/wp-json\/wp\/v2\/types\/product"}],"version-history":[{"count":0,"href":"https:\/\/business.roovi.com\/de\/wp-json\/wp\/v2\/product\/41286\/revisions"}],"wp:featuredmedia":[{"embeddable":true,"href":"https:\/\/business.roovi.com\/de\/wp-json\/wp\/v2\/media\/30099"}],"wp:attachment":[{"href":"https:\/\/business.roovi.com\/de\/wp-json\/wp\/v2\/media?parent=41286"}],"wp:term":[{"taxonomy":"product_brand","embeddable":true,"href":"https:\/\/business.roovi.com\/de\/wp-json\/wp\/v2\/product_brand?post=41286"},{"taxonomy":"product_cat","embeddable":true,"href":"https:\/\/business.roovi.com\/de\/wp-json\/wp\/v2\/product_cat?post=41286"},{"taxonomy":"product_tag","embeddable":true,"href":"https:\/\/business.roovi.com\/de\/wp-json\/wp\/v2\/product_tag?post=41286"}],"curies":[{"name":"wp","href":"https:\/\/api.w.org\/{rel}","templated":true}]}}