{"id":41342,"date":"2018-04-16T10:56:17","date_gmt":"2018-04-16T10:56:17","guid":{"rendered":"https:\/\/business.roovi.com\/puzzle-adulti-1000-piese-peisaje-de-noapte-annecy-franta\/p\/"},"modified":"2023-02-27T12:36:51","modified_gmt":"2023-02-27T12:36:51","slug":"1000-teile-nachtlandschaften-puzzle-fur-erwachsene-annecy-frankreich","status":"publish","type":"product","link":"https:\/\/business.roovi.com\/de\/1000-teile-nachtlandschaften-puzzle-fur-erwachsene-annecy-frankreich\/p\/","title":{"rendered":"1000 Teile Nachtlandschaften Puzzle f\u00fcr Erwachsene &#8211; Annecy, Frankreich"},"content":{"rendered":"<p><span style=\"font-weight: 400;\">Bist du bereit, dich auf eine einzigartige Reise durch ein Puzzlespiel zu begeben? Reichweite <\/span><em><span style=\"font-weight: 400;\">Nightscapes<\/span><\/em><span style=\"font-weight: 400;\"> von 1000-teiligen Puzzles bringt atemberaubende Bilder zusammen, die an ber\u00fchmten Orten auf der ganzen Welt aufgenommen wurden. <\/span><\/p>\n<p><span style=\"font-weight: 400;\">Annecy, eine mittelalterliche Stadt in den nordfranz\u00f6sischen Alpen, ist ein romantischer Ort, an dem sich die Sch\u00f6nheit der Natur harmonisch mit der architektonischen Meisterleistung des Menschen verbindet. Das 1000-teilige Annecy-Puzzle vermittelt die positive Stimmung dieses sch\u00f6nen Ortes und regt deine Fantasie an.<\/span><\/p>\n<p><span style=\"font-weight: 400;\">Transluzentes Wasser, in dem sich die umliegenden Berge spiegeln, ikonische Geb\u00e4ude wie der Palais de l&#8217;Isle oder enge Kopfsteinpflasterstra\u00dfen sind nur einige der Sehensw\u00fcrdigkeiten, die Touristen aus allen Kontinenten anziehen.<\/span><\/p>\n<p><span style=\"font-weight: 400;\">Wenn du die wundersch\u00f6ne Landschaft eines von der Natur gesegneten und von den Menschen gesch\u00e4tzten Ortes genie\u00dfen und f\u00fcr viele Stunden vom Alltag abschalten m\u00f6chtest, ist das 1000-teilige Annecy-Puzzle die perfekte Gelegenheit <\/span><\/p>\n<p><strong>Warum solltest du dich f\u00fcr das Puzzle 1000 Teile Nightscapes &#8211; Annecy, Frankreich entscheiden?<\/strong><\/p>\n<p><span style=\"font-weight: 400;\">Es verbindet dich mit einer spa\u00dfigen und entspannenden Aktivit\u00e4t f\u00fcr viele Stunden <\/span><\/p>\n<p><span style=\"font-weight: 400;\">Erschaffe mit deinen eigenen H\u00e4nden ein atemberaubendes 68 x 47 cm gro\u00dfes Bild, das dein Zuhause versch\u00f6nern wird.<\/span><\/p>\n<p><span style=\"font-weight: 400;\">Die Teile des 1000er Puzzles bestehen aus hochwertigem blauen Karton, sind pr\u00e4zise geschnitten, passen perfekt zusammen und sind widerstandsf\u00e4hig gegen mehrfachen Gebrauch.<\/span><\/p>\n<p><span style=\"font-weight: 400;\">Die halbgl\u00e4nzende Oberfl\u00e4che und die angenehmen Farben bringen die Sch\u00f6nheit der Landschaft zur Geltung.<\/span><\/p>\n<p><span style=\"font-weight: 400;\">Es ist aus naturfreundlichen, recycelbaren und nachhaltigen Materialien hergestellt.<\/span><\/p>\n<p><span style=\"font-weight: 400;\">Es kann von Personen \u00fcber 14 Jahren zusammengebaut werden &#8211; eine tolle Gelegenheit, um mit Teenagern Zeit zu verbringen.<\/span><\/p>\n<p><span style=\"font-weight: 400;\">Es ist eine Aktivit\u00e4t, die Geduld und Ausdauer f\u00f6rdert.<\/span><\/p>\n<p><strong>Wusstest du, dass&#8230;?<\/strong><\/p>\n<p><span style=\"font-weight: 400;\">Der Annecy-See ist der zweitgr\u00f6\u00dfte See Frankreichs und einer der Seen mit dem reinsten Wasser der Welt <\/span><\/p>\n<p><span style=\"font-weight: 400;\">Der See von Annecy m\u00fcndet in den Fluss Thiou, der mit einer L\u00e4nge von 3,5 km als der k\u00fcrzeste Fluss Frankreichs gilt <\/span><\/p>\n<p><span style=\"font-weight: 400;\">Das Palais de l&#8217;Isle in dieser Stadt wurde im 12. Jahrhundert erbaut. Es hat die Form eines Schiffes und beherbergt heute ein Museum, das der lokalen Geschichte gewidmet ist.<\/span><\/p>\n<p><span style=\"font-weight: 400;\">Jedes Jahr findet in Annecy das Internationale Trickfilmfestival statt, bei dem sich die f\u00fchrenden Fachleute der Branche treffen.<\/span><\/p>\n<p><span style=\"font-weight: 400;\">Jedes Jahr im August findet hier auch ein beeindruckendes Feuerwerk statt, das als das repr\u00e4sentativste in Europa gilt. Das Feuerwerk wird vom Rand des Annecy-Sees aus gestartet und zieht eine Rekordzahl von \u00fcber 100.000 Zuschauern an.<\/span><\/p>\n<p><strong>Annecy 1000-teiliges Puzzle &#8211; eine Aktivit\u00e4t, um sich wieder mit sich selbst zu verbinden<\/strong><\/p>\n<p><span style=\"font-weight: 400;\">Jeder R\u00e4tselfreund braucht manchmal ein paar Stunden, um sich wieder mit sich selbst zu verbinden. Das 1000-Teile-Puzzle von Annecy ist die perfekte Gelegenheit. Ein beruhigendes, abendliches Bild, aufgenommen in einer fernen Stadt, l\u00e4sst dich von der Hektik des Lebens abschalten.<\/span><\/p>\n<p><span style=\"font-weight: 400;\">Au\u00dferdem ist es eine gute Gelegenheit, F\u00e4higkeiten wie Liebe zum Detail, Geduld und Konzentration zu entwickeln. Es gibt dir Sicherheit, Optimismus und am Ende, wenn du das letzte Teil des 1000er Puzzles zusammenf\u00fcgst, hast du Vertrauen in deine eigenen St\u00e4rken und bist dir sicher, dass du bei allem, was du dir vorgenommen hast, erfolgreich sein kannst.<\/span><\/p>\n<p><span style=\"font-weight: 400;\">Entscheide dich f\u00fcr das 1000-teilige Puzzle Annecy aus der Reihe Night Landscapes und mache deine Freizeit zu einem Anlass f\u00fcr Freude und Entspannung. Entdecke alle Puzzles aus dieser Reihe und erstelle eine fabelhafte Sammlung von 1000-teiligen Puzzlebildern.<\/span><\/p>\n","protected":false},"excerpt":{"rendered":"<p>Bist du bereit, dich auf eine einzigartige Reise durch ein Puzzlespiel zu begeben? Reichweite Nightscapes von 1000-teiligen Puzzles bringt atemberaubende<\/p>\n","protected":false},"featured_media":33741,"template":"","meta":[],"product_brand":[],"product_cat":[1916,1875,1915],"product_tag":[],"class_list":{"0":"post-41342","1":"product","2":"type-product","3":"status-publish","4":"has-post-thumbnail","6":"product_cat-1000-teile-puzzle","7":"product_cat-puzzle-de","8":"product_cat-puzzlespiele-fur-erwachsene","9":"pa_bax-10-de","10":"pa_brand-d_toys-de","11":"pa_country_of_manufacture-ro-de","12":"pa_filter_age-14-de","13":"pa_painter-night-landscapes","14":"pa_tip_ambalaj-kasten-a4-de","15":"pa_tip_puzzle-klassisch","17":"first","18":"instock","19":"taxable","20":"shipping-taxable","21":"product-type-simple"},"yoast_head":"<!-- This site is optimized with the Yoast SEO plugin v20.1 - https:\/\/yoast.com\/wordpress\/plugins\/seo\/ -->\n<title>1000 Teile Nachtlandschaften Puzzle f\u00fcr Erwachsene - Annecy, Frankreich<\/title>\n<meta name=\"description\" content=\"1000 Teile Nachtlandschaften Puzzle f\u00fcr Erwachsene - Annecy, Frankreich\" \/>\n<meta name=\"robots\" content=\"index, follow, max-snippet:-1, max-image-preview:large, max-video-preview:-1\" \/>\n<link rel=\"canonical\" href=\"https:\/\/business.roovi.com\/de\/1000-teile-nachtlandschaften-puzzle-fur-erwachsene-annecy-frankreich\/p\/\" \/>\n<meta property=\"og:locale\" content=\"de_DE\" \/>\n<meta property=\"og:type\" content=\"article\" \/>\n<meta property=\"og:title\" content=\"1000 Teile Nachtlandschaften Puzzle f\u00fcr Erwachsene - Annecy, Frankreich\" \/>\n<meta property=\"og:description\" content=\"1000 Teile Nachtlandschaften Puzzle f\u00fcr Erwachsene - Annecy, Frankreich\" \/>\n<meta property=\"og:url\" content=\"https:\/\/business.roovi.com\/de\/1000-teile-nachtlandschaften-puzzle-fur-erwachsene-annecy-frankreich\/p\/\" \/>\n<meta property=\"og:site_name\" content=\"Roovi B2B\" \/>\n<meta property=\"article:publisher\" content=\"https:\/\/www.facebook.com\/wwwjucariero\" \/>\n<meta property=\"article:modified_time\" content=\"2023-02-27T12:36:51+00:00\" \/>\n<meta property=\"og:image\" content=\"https:\/\/business.roovi.com\/wp-content\/uploads\/2018\/04\/64301-06-ansamblu_dimensiuni-cutie-cm_orizontal.png\" \/>\n\t<meta property=\"og:image:width\" content=\"900\" \/>\n\t<meta property=\"og:image:height\" content=\"900\" \/>\n\t<meta property=\"og:image:type\" content=\"image\/png\" \/>\n<meta name=\"twitter:label1\" content=\"Gesch\u00e4tzte Lesezeit\" \/>\n\t<meta name=\"twitter:data1\" content=\"3\u00a0Minuten\" \/>\n<script type=\"application\/ld+json\" class=\"yoast-schema-graph\">{\"@context\":\"https:\/\/schema.org\",\"@graph\":[{\"@type\":\"WebPage\",\"@id\":\"https:\/\/business.roovi.com\/de\/1000-teile-nachtlandschaften-puzzle-fur-erwachsene-annecy-frankreich\/p\/\",\"url\":\"https:\/\/business.roovi.com\/de\/1000-teile-nachtlandschaften-puzzle-fur-erwachsene-annecy-frankreich\/p\/\",\"name\":\"1000 Teile Nachtlandschaften Puzzle f\u00fcr Erwachsene - Annecy, Frankreich\",\"isPartOf\":{\"@id\":\"https:\/\/business.roovi.com\/de\/#website\"},\"datePublished\":\"2018-04-16T10:56:17+00:00\",\"dateModified\":\"2023-02-27T12:36:51+00:00\",\"description\":\"1000 Teile Nachtlandschaften Puzzle f\u00fcr Erwachsene - Annecy, Frankreich\",\"breadcrumb\":{\"@id\":\"https:\/\/business.roovi.com\/de\/1000-teile-nachtlandschaften-puzzle-fur-erwachsene-annecy-frankreich\/p\/#breadcrumb\"},\"inLanguage\":\"de\",\"potentialAction\":[{\"@type\":\"ReadAction\",\"target\":[\"https:\/\/business.roovi.com\/de\/1000-teile-nachtlandschaften-puzzle-fur-erwachsene-annecy-frankreich\/p\/\"]}]},{\"@type\":\"BreadcrumbList\",\"@id\":\"https:\/\/business.roovi.com\/de\/1000-teile-nachtlandschaften-puzzle-fur-erwachsene-annecy-frankreich\/p\/#breadcrumb\",\"itemListElement\":[{\"@type\":\"ListItem\",\"position\":1,\"name\":\"Home\",\"item\":\"https:\/\/business.roovi.com\/de\/\"},{\"@type\":\"ListItem\",\"position\":2,\"name\":\"Shop\",\"item\":\"https:\/\/business.roovi.com\/de\/shop\/\"},{\"@type\":\"ListItem\",\"position\":3,\"name\":\"1000 Teile Nachtlandschaften Puzzle f\u00fcr Erwachsene &#8211; Annecy, Frankreich\"}]},{\"@type\":\"WebSite\",\"@id\":\"https:\/\/business.roovi.com\/de\/#website\",\"url\":\"https:\/\/business.roovi.com\/de\/\",\"name\":\"Roovi B2B\",\"description\":\"Roovi Business Website\",\"potentialAction\":[{\"@type\":\"SearchAction\",\"target\":{\"@type\":\"EntryPoint\",\"urlTemplate\":\"https:\/\/business.roovi.com\/de\/?s={search_term_string}\"},\"query-input\":\"required name=search_term_string\"}],\"inLanguage\":\"de\"}]}<\/script>\n<!-- \/ Yoast SEO plugin. -->","yoast_head_json":{"title":"1000 Teile Nachtlandschaften Puzzle f\u00fcr Erwachsene - Annecy, Frankreich","description":"1000 Teile Nachtlandschaften Puzzle f\u00fcr Erwachsene - Annecy, Frankreich","robots":{"index":"index","follow":"follow","max-snippet":"max-snippet:-1","max-image-preview":"max-image-preview:large","max-video-preview":"max-video-preview:-1"},"canonical":"https:\/\/business.roovi.com\/de\/1000-teile-nachtlandschaften-puzzle-fur-erwachsene-annecy-frankreich\/p\/","og_locale":"de_DE","og_type":"article","og_title":"1000 Teile Nachtlandschaften Puzzle f\u00fcr Erwachsene - Annecy, Frankreich","og_description":"1000 Teile Nachtlandschaften Puzzle f\u00fcr Erwachsene - Annecy, Frankreich","og_url":"https:\/\/business.roovi.com\/de\/1000-teile-nachtlandschaften-puzzle-fur-erwachsene-annecy-frankreich\/p\/","og_site_name":"Roovi B2B","article_publisher":"https:\/\/www.facebook.com\/wwwjucariero","article_modified_time":"2023-02-27T12:36:51+00:00","og_image":[{"width":900,"height":900,"url":"https:\/\/business.roovi.com\/wp-content\/uploads\/2018\/04\/64301-06-ansamblu_dimensiuni-cutie-cm_orizontal.png","type":"image\/png"}],"twitter_misc":{"Gesch\u00e4tzte Lesezeit":"3\u00a0Minuten"},"schema":{"@context":"https:\/\/schema.org","@graph":[{"@type":"WebPage","@id":"https:\/\/business.roovi.com\/de\/1000-teile-nachtlandschaften-puzzle-fur-erwachsene-annecy-frankreich\/p\/","url":"https:\/\/business.roovi.com\/de\/1000-teile-nachtlandschaften-puzzle-fur-erwachsene-annecy-frankreich\/p\/","name":"1000 Teile Nachtlandschaften Puzzle f\u00fcr Erwachsene - Annecy, Frankreich","isPartOf":{"@id":"https:\/\/business.roovi.com\/de\/#website"},"datePublished":"2018-04-16T10:56:17+00:00","dateModified":"2023-02-27T12:36:51+00:00","description":"1000 Teile Nachtlandschaften Puzzle f\u00fcr Erwachsene - Annecy, Frankreich","breadcrumb":{"@id":"https:\/\/business.roovi.com\/de\/1000-teile-nachtlandschaften-puzzle-fur-erwachsene-annecy-frankreich\/p\/#breadcrumb"},"inLanguage":"de","potentialAction":[{"@type":"ReadAction","target":["https:\/\/business.roovi.com\/de\/1000-teile-nachtlandschaften-puzzle-fur-erwachsene-annecy-frankreich\/p\/"]}]},{"@type":"BreadcrumbList","@id":"https:\/\/business.roovi.com\/de\/1000-teile-nachtlandschaften-puzzle-fur-erwachsene-annecy-frankreich\/p\/#breadcrumb","itemListElement":[{"@type":"ListItem","position":1,"name":"Home","item":"https:\/\/business.roovi.com\/de\/"},{"@type":"ListItem","position":2,"name":"Shop","item":"https:\/\/business.roovi.com\/de\/shop\/"},{"@type":"ListItem","position":3,"name":"1000 Teile Nachtlandschaften Puzzle f\u00fcr Erwachsene &#8211; Annecy, Frankreich"}]},{"@type":"WebSite","@id":"https:\/\/business.roovi.com\/de\/#website","url":"https:\/\/business.roovi.com\/de\/","name":"Roovi B2B","description":"Roovi Business Website","potentialAction":[{"@type":"SearchAction","target":{"@type":"EntryPoint","urlTemplate":"https:\/\/business.roovi.com\/de\/?s={search_term_string}"},"query-input":"required name=search_term_string"}],"inLanguage":"de"}]}},"_links":{"self":[{"href":"https:\/\/business.roovi.com\/de\/wp-json\/wp\/v2\/product\/41342","targetHints":{"allow":["GET"]}}],"collection":[{"href":"https:\/\/business.roovi.com\/de\/wp-json\/wp\/v2\/product"}],"about":[{"href":"https:\/\/business.roovi.com\/de\/wp-json\/wp\/v2\/types\/product"}],"version-history":[{"count":0,"href":"https:\/\/business.roovi.com\/de\/wp-json\/wp\/v2\/product\/41342\/revisions"}],"wp:featuredmedia":[{"embeddable":true,"href":"https:\/\/business.roovi.com\/de\/wp-json\/wp\/v2\/media\/33741"}],"wp:attachment":[{"href":"https:\/\/business.roovi.com\/de\/wp-json\/wp\/v2\/media?parent=41342"}],"wp:term":[{"taxonomy":"product_brand","embeddable":true,"href":"https:\/\/business.roovi.com\/de\/wp-json\/wp\/v2\/product_brand?post=41342"},{"taxonomy":"product_cat","embeddable":true,"href":"https:\/\/business.roovi.com\/de\/wp-json\/wp\/v2\/product_cat?post=41342"},{"taxonomy":"product_tag","embeddable":true,"href":"https:\/\/business.roovi.com\/de\/wp-json\/wp\/v2\/product_tag?post=41342"}],"curies":[{"name":"wp","href":"https:\/\/api.w.org\/{rel}","templated":true}]}}