{"id":41346,"date":"2018-04-16T10:56:17","date_gmt":"2018-04-16T10:56:17","guid":{"rendered":"https:\/\/business.roovi.com\/puzzle-adulti-1000-piese-peisaje-de-noapte-neuschwanstein-germania\/p\/"},"modified":"2023-02-27T12:38:49","modified_gmt":"2023-02-27T12:38:49","slug":"1000-teile-nachtlandschaftspuzzle-fur-erwachsene-neuschwanstein-deutschland","status":"publish","type":"product","link":"https:\/\/business.roovi.com\/de\/1000-teile-nachtlandschaftspuzzle-fur-erwachsene-neuschwanstein-deutschland\/p\/","title":{"rendered":"1000 Teile Nachtlandschaftspuzzle f\u00fcr Erwachsene &#8211; Neuschwanstein, Deutschland"},"content":{"rendered":"<p><span style=\"font-weight: 400;\">Schloss Neuschwanstein wurde als Hommage an den Musiker Richard Wagner gebaut und diente in der j\u00fcngeren Geschichte als Inspiration f\u00fcr Disney-Filme <\/span><\/p>\n<p><span style=\"font-weight: 400;\">Es war K\u00f6nig Ludwig II. von Bayern, der den Bau des Schlosses in Auftrag gab. Er wollte einen pers\u00f6nlichen R\u00fcckzug, vor allem als die Preu\u00dfen die Provinz \u00fcbernahmen und sein Einfluss schwand. Der Monarch genoss sein Werk nur 172 Tage lang. Er starb unter mysteri\u00f6sen Umst\u00e4nden und konnte die Fertigstellung der Burg nicht mehr erleben.<\/span><\/p>\n<p><span style=\"font-weight: 400;\">Nach seinem Tod im Jahr 1886 \u00f6ffneten seine Nachkommen das Schloss f\u00fcr Besucher. Heute ist sie eine der beliebtesten Attraktionen Deutschlands, die jedes Jahr von \u00fcber einer Million Touristen aus aller Welt besucht wird <\/span><\/p>\n<p><span style=\"font-weight: 400;\">Das imposante Geb\u00e4ude in einer bezaubernden nat\u00fcrlichen Umgebung ist ein atemberaubender Anblick, der dich in die zeitlosen M\u00e4rchen von Prinzen und Prinzessinnen zur\u00fcckversetzt, die in traumhaften Pal\u00e4sten leben.<\/span><\/p>\n<p><span style=\"font-weight: 400;\">Das 1000-Teile-Puzzle Schloss Neuschwanstein gibt einen Einblick in das majest\u00e4tische Geb\u00e4ude am Abend. Das Puzzle besteht aus pr\u00e4zisionsgeschnittenen Teilen von au\u00dfergew\u00f6hnlicher Qualit\u00e4t, die perfekt zusammenpassen, und erm\u00f6glicht es dir, ein au\u00dfergew\u00f6hnliches Bild der beeindruckenden architektonischen Details des Schlosses zusammenzusetzen.<\/span><\/p>\n<p><strong>Warum das 1000 Teile Puzzle Nachtlandschaften &#8211; Schloss Neuschwanstein w\u00e4hlen?<\/strong><\/p>\n<p><span style=\"font-weight: 400;\">Ein 1000-Teile-Puzzle ist eine M\u00f6glichkeit, sich zu entspannen und einzigartige Sehensw\u00fcrdigkeiten mit faszinierender Geschichte und einzigartigen Symbolen zu entdecken.<\/span><\/p>\n<p><span style=\"font-weight: 400;\">Aus 1000 Puzzleteilen kannst du ein beeindruckendes Gem\u00e4lde zusammensetzen, das du lange Zeit bewundern kannst.<\/span><\/p>\n<p><span style=\"font-weight: 400;\">Das fertige Bild hat eine Gr\u00f6\u00dfe von 68 x 47 cm und wird in einem Rahmen jede triste Stelle in deinem Zuhause imposant aussehen lassen.<\/span><\/p>\n<p><span style=\"font-weight: 400;\">Die Puzzleteile sind aus hochwertigem Karton gefertigt, sodass du das Bild viele Male zusammensetzen kannst und das Bild jedes Mal makellos aussieht.<\/span><\/p>\n<p><span style=\"font-weight: 400;\">Die Oberfl\u00e4chen der Puzzles sind halbgl\u00e4nzend, in leuchtenden Farben, die das Bild klar halten.<\/span><\/p>\n<p><span style=\"font-weight: 400;\">Die Materialien, die f\u00fcr die Herstellung der Puzzlespiele verwendet werden, sind nachhaltig und recycelbar.<\/span><\/p>\n<p><span style=\"font-weight: 400;\">Puzzlespiele sind eine gro\u00dfartige M\u00f6glichkeit, viele der F\u00e4higkeiten zu entwickeln, die du bei allt\u00e4glichen Aktivit\u00e4ten einsetzt:<\/span><\/p>\n<ul>\n<li><span style=\"font-weight: 400;\">Sie entwickeln deine Aufmerksamkeit f\u00fcr Details und deine Ausdauer.<\/span><\/li>\n<li><span style=\"font-weight: 400;\">Sie sind eine gute \u00dcbung f\u00fcr die Vorstellungskraft.<\/span><\/li>\n<li><span style=\"font-weight: 400;\">Sie trainieren dein Ged\u00e4chtnis und halten dein Gehirn gesund.<\/span><\/li>\n<li><span style=\"font-weight: 400;\">Sie helfen dir, dich l\u00e4nger auf eine einzige Aufgabe zu konzentrieren.<\/span><\/li>\n<li><span style=\"font-weight: 400;\">Sie sind eine gute M\u00f6glichkeit, deine Teamf\u00e4higkeit zu entwickeln, wenn du mit deinen Lieben Bilder zusammenstellst.<\/span><\/li>\n<\/ul>\n<p><strong>Wusstest du, dass..<\/strong><\/p>\n<p><span style=\"font-weight: 400;\">Schloss Neuschwanstein wurde in verschiedenen architektonischen Stilen erbaut: romanisch, gotisch und byzantinisch.<\/span><\/p>\n<p><span style=\"font-weight: 400;\">K\u00f6nig <\/span><span style=\"font-weight: 400;\">Ludwig II. hatte nie die Absicht, diese Burg der \u00d6ffentlichkeit zug\u00e4nglich zu machen.<\/span><\/p>\n<p><span style=\"font-weight: 400;\">Das Schloss wurde mit den eigenen Mitteln des K\u00f6nigs gebaut, ohne dass er \u00f6ffentliche Mittel in Anspruch nehmen musste.<\/span><\/p>\n<p><span style=\"font-weight: 400;\">Richard Wagner, sein Freund <\/span> <span style=\"font-weight: 400;\">Ludwig II. starb 1883 und konnte das fertige Schloss nie besichtigen.<\/span><\/p>\n<p><span style=\"font-weight: 400;\">Aufgrund ihrer abgelegenen Lage ist die Burg <\/span><span style=\"font-weight: 400;\">Neuschwanstein hat beide Weltkriege ohne gr\u00f6\u00dfere Sch\u00e4den \u00fcberstanden<\/span><span style=\"font-weight: 400;\">.<\/span><\/p>\n<p><strong>1000 Teile Puzzle <\/strong><strong>Schloss Neuschwanstein entspannt dich und bringt dir viel Gl\u00fcck<\/strong><\/p>\n<p><span style=\"font-weight: 400;\">Mit dem 1000-Teile-Puzzle Castle <\/span><span style=\"font-weight: 400;\">Schloss Neuschwanstein kannst du dir St\u00fcck f\u00fcr St\u00fcck ein besonderes architektonisches Denkmal zusammenstellen, ganz privat oder mit lieben Menschen, die deine Leidenschaft teilen.<\/span><\/p>\n<p><span style=\"font-weight: 400;\">W\u00e4hrend du an diesem speziellen Puzzlespiel arbeitest, sch\u00fcttet dein Gehirn mehr Dopamin aus, den Neurotransmitter, der an einer Reihe verschiedener Aktivit\u00e4ten wie der Steuerung von Muskelbewegungen oder der Verbesserung der Stimmung beteiligt ist. Je n\u00e4her du dem Ende kommst, desto optimistischer f\u00fchlst du dich. Und wenn du das letzte Teil des 1000er-Puzzles zusammengef\u00fcgt hast, ist das Gef\u00fchl der Zufriedenheit unbezahlbar.<\/span><\/p>\n<p><span style=\"font-weight: 400;\">F\u00fcr ein Erlebnis der Sch\u00f6pfung und der puren Freude sorgt das 1000-teilige Castle-Puzzle <\/span><span style=\"font-weight: 400;\">Schloss Neuschwanstein ist die perfekte Wahl. Du kannst auch einen Freund oder eine Freundin, der\/die von Puzzlespielen fasziniert ist, angenehm \u00fcberraschen, indem du ihm\/ihr dieses besondere Puzzlespiel schenkst.<\/span><\/p>\n","protected":false},"excerpt":{"rendered":"<p>Schloss Neuschwanstein wurde als Hommage an den Musiker Richard Wagner gebaut und diente in der j\u00fcngeren Geschichte als Inspiration f\u00fcr<\/p>\n","protected":false},"featured_media":33755,"template":"","meta":[],"product_brand":[],"product_cat":[1916,1875,1915],"product_tag":[],"class_list":{"0":"post-41346","1":"product","2":"type-product","3":"status-publish","4":"has-post-thumbnail","6":"product_cat-1000-teile-puzzle","7":"product_cat-puzzle-de","8":"product_cat-puzzlespiele-fur-erwachsene","9":"pa_bax-10-de","10":"pa_brand-d_toys-de","11":"pa_country_of_manufacture-ro-de","12":"pa_filter_age-14-de","13":"pa_painter-night-landscapes","14":"pa_tip_ambalaj-kasten-a4-de","15":"pa_tip_puzzle-klassisch","17":"first","18":"onbackorder","19":"taxable","20":"shipping-taxable","21":"product-type-simple"},"yoast_head":"<!-- This site is optimized with the Yoast SEO plugin v20.1 - https:\/\/yoast.com\/wordpress\/plugins\/seo\/ -->\n<title>1000 Teile Nachtlandschaftspuzzle f\u00fcr Erwachsene - Neuschwanstein, Deutschland<\/title>\n<meta name=\"description\" content=\"1000 Teile Nachtlandschaftspuzzle f\u00fcr Erwachsene - Neuschwanstein, Deutschland\" \/>\n<meta name=\"robots\" content=\"index, follow, max-snippet:-1, max-image-preview:large, max-video-preview:-1\" \/>\n<link rel=\"canonical\" href=\"https:\/\/business.roovi.com\/de\/1000-teile-nachtlandschaftspuzzle-fur-erwachsene-neuschwanstein-deutschland\/p\/\" \/>\n<meta property=\"og:locale\" content=\"de_DE\" \/>\n<meta property=\"og:type\" content=\"article\" \/>\n<meta property=\"og:title\" content=\"1000 Teile Nachtlandschaftspuzzle f\u00fcr Erwachsene - Neuschwanstein, Deutschland\" \/>\n<meta property=\"og:description\" content=\"1000 Teile Nachtlandschaftspuzzle f\u00fcr Erwachsene - Neuschwanstein, Deutschland\" \/>\n<meta property=\"og:url\" content=\"https:\/\/business.roovi.com\/de\/1000-teile-nachtlandschaftspuzzle-fur-erwachsene-neuschwanstein-deutschland\/p\/\" \/>\n<meta property=\"og:site_name\" content=\"Roovi B2B\" \/>\n<meta property=\"article:publisher\" content=\"https:\/\/www.facebook.com\/wwwjucariero\" \/>\n<meta property=\"article:modified_time\" content=\"2023-02-27T12:38:49+00:00\" \/>\n<meta property=\"og:image\" content=\"https:\/\/business.roovi.com\/wp-content\/uploads\/2018\/04\/64301-07-ansamblu_dimensiuni-cutie-cm_orizontal.png\" \/>\n\t<meta property=\"og:image:width\" content=\"1000\" \/>\n\t<meta property=\"og:image:height\" content=\"1000\" \/>\n\t<meta property=\"og:image:type\" content=\"image\/png\" \/>\n<meta name=\"twitter:label1\" content=\"Gesch\u00e4tzte Lesezeit\" \/>\n\t<meta name=\"twitter:data1\" content=\"4\u00a0Minuten\" \/>\n<script type=\"application\/ld+json\" class=\"yoast-schema-graph\">{\"@context\":\"https:\/\/schema.org\",\"@graph\":[{\"@type\":\"WebPage\",\"@id\":\"https:\/\/business.roovi.com\/de\/1000-teile-nachtlandschaftspuzzle-fur-erwachsene-neuschwanstein-deutschland\/p\/\",\"url\":\"https:\/\/business.roovi.com\/de\/1000-teile-nachtlandschaftspuzzle-fur-erwachsene-neuschwanstein-deutschland\/p\/\",\"name\":\"1000 Teile Nachtlandschaftspuzzle f\u00fcr Erwachsene - Neuschwanstein, Deutschland\",\"isPartOf\":{\"@id\":\"https:\/\/business.roovi.com\/de\/#website\"},\"datePublished\":\"2018-04-16T10:56:17+00:00\",\"dateModified\":\"2023-02-27T12:38:49+00:00\",\"description\":\"1000 Teile Nachtlandschaftspuzzle f\u00fcr Erwachsene - Neuschwanstein, Deutschland\",\"breadcrumb\":{\"@id\":\"https:\/\/business.roovi.com\/de\/1000-teile-nachtlandschaftspuzzle-fur-erwachsene-neuschwanstein-deutschland\/p\/#breadcrumb\"},\"inLanguage\":\"de\",\"potentialAction\":[{\"@type\":\"ReadAction\",\"target\":[\"https:\/\/business.roovi.com\/de\/1000-teile-nachtlandschaftspuzzle-fur-erwachsene-neuschwanstein-deutschland\/p\/\"]}]},{\"@type\":\"BreadcrumbList\",\"@id\":\"https:\/\/business.roovi.com\/de\/1000-teile-nachtlandschaftspuzzle-fur-erwachsene-neuschwanstein-deutschland\/p\/#breadcrumb\",\"itemListElement\":[{\"@type\":\"ListItem\",\"position\":1,\"name\":\"Home\",\"item\":\"https:\/\/business.roovi.com\/de\/\"},{\"@type\":\"ListItem\",\"position\":2,\"name\":\"Shop\",\"item\":\"https:\/\/business.roovi.com\/de\/shop\/\"},{\"@type\":\"ListItem\",\"position\":3,\"name\":\"1000 Teile Nachtlandschaftspuzzle f\u00fcr Erwachsene &#8211; Neuschwanstein, Deutschland\"}]},{\"@type\":\"WebSite\",\"@id\":\"https:\/\/business.roovi.com\/de\/#website\",\"url\":\"https:\/\/business.roovi.com\/de\/\",\"name\":\"Roovi B2B\",\"description\":\"Roovi Business Website\",\"potentialAction\":[{\"@type\":\"SearchAction\",\"target\":{\"@type\":\"EntryPoint\",\"urlTemplate\":\"https:\/\/business.roovi.com\/de\/?s={search_term_string}\"},\"query-input\":\"required name=search_term_string\"}],\"inLanguage\":\"de\"}]}<\/script>\n<!-- \/ Yoast SEO plugin. -->","yoast_head_json":{"title":"1000 Teile Nachtlandschaftspuzzle f\u00fcr Erwachsene - Neuschwanstein, Deutschland","description":"1000 Teile Nachtlandschaftspuzzle f\u00fcr Erwachsene - Neuschwanstein, Deutschland","robots":{"index":"index","follow":"follow","max-snippet":"max-snippet:-1","max-image-preview":"max-image-preview:large","max-video-preview":"max-video-preview:-1"},"canonical":"https:\/\/business.roovi.com\/de\/1000-teile-nachtlandschaftspuzzle-fur-erwachsene-neuschwanstein-deutschland\/p\/","og_locale":"de_DE","og_type":"article","og_title":"1000 Teile Nachtlandschaftspuzzle f\u00fcr Erwachsene - Neuschwanstein, Deutschland","og_description":"1000 Teile Nachtlandschaftspuzzle f\u00fcr Erwachsene - Neuschwanstein, Deutschland","og_url":"https:\/\/business.roovi.com\/de\/1000-teile-nachtlandschaftspuzzle-fur-erwachsene-neuschwanstein-deutschland\/p\/","og_site_name":"Roovi B2B","article_publisher":"https:\/\/www.facebook.com\/wwwjucariero","article_modified_time":"2023-02-27T12:38:49+00:00","og_image":[{"width":1000,"height":1000,"url":"https:\/\/business.roovi.com\/wp-content\/uploads\/2018\/04\/64301-07-ansamblu_dimensiuni-cutie-cm_orizontal.png","type":"image\/png"}],"twitter_misc":{"Gesch\u00e4tzte Lesezeit":"4\u00a0Minuten"},"schema":{"@context":"https:\/\/schema.org","@graph":[{"@type":"WebPage","@id":"https:\/\/business.roovi.com\/de\/1000-teile-nachtlandschaftspuzzle-fur-erwachsene-neuschwanstein-deutschland\/p\/","url":"https:\/\/business.roovi.com\/de\/1000-teile-nachtlandschaftspuzzle-fur-erwachsene-neuschwanstein-deutschland\/p\/","name":"1000 Teile Nachtlandschaftspuzzle f\u00fcr Erwachsene - Neuschwanstein, Deutschland","isPartOf":{"@id":"https:\/\/business.roovi.com\/de\/#website"},"datePublished":"2018-04-16T10:56:17+00:00","dateModified":"2023-02-27T12:38:49+00:00","description":"1000 Teile Nachtlandschaftspuzzle f\u00fcr Erwachsene - Neuschwanstein, Deutschland","breadcrumb":{"@id":"https:\/\/business.roovi.com\/de\/1000-teile-nachtlandschaftspuzzle-fur-erwachsene-neuschwanstein-deutschland\/p\/#breadcrumb"},"inLanguage":"de","potentialAction":[{"@type":"ReadAction","target":["https:\/\/business.roovi.com\/de\/1000-teile-nachtlandschaftspuzzle-fur-erwachsene-neuschwanstein-deutschland\/p\/"]}]},{"@type":"BreadcrumbList","@id":"https:\/\/business.roovi.com\/de\/1000-teile-nachtlandschaftspuzzle-fur-erwachsene-neuschwanstein-deutschland\/p\/#breadcrumb","itemListElement":[{"@type":"ListItem","position":1,"name":"Home","item":"https:\/\/business.roovi.com\/de\/"},{"@type":"ListItem","position":2,"name":"Shop","item":"https:\/\/business.roovi.com\/de\/shop\/"},{"@type":"ListItem","position":3,"name":"1000 Teile Nachtlandschaftspuzzle f\u00fcr Erwachsene &#8211; Neuschwanstein, Deutschland"}]},{"@type":"WebSite","@id":"https:\/\/business.roovi.com\/de\/#website","url":"https:\/\/business.roovi.com\/de\/","name":"Roovi B2B","description":"Roovi Business Website","potentialAction":[{"@type":"SearchAction","target":{"@type":"EntryPoint","urlTemplate":"https:\/\/business.roovi.com\/de\/?s={search_term_string}"},"query-input":"required name=search_term_string"}],"inLanguage":"de"}]}},"_links":{"self":[{"href":"https:\/\/business.roovi.com\/de\/wp-json\/wp\/v2\/product\/41346","targetHints":{"allow":["GET"]}}],"collection":[{"href":"https:\/\/business.roovi.com\/de\/wp-json\/wp\/v2\/product"}],"about":[{"href":"https:\/\/business.roovi.com\/de\/wp-json\/wp\/v2\/types\/product"}],"version-history":[{"count":0,"href":"https:\/\/business.roovi.com\/de\/wp-json\/wp\/v2\/product\/41346\/revisions"}],"wp:featuredmedia":[{"embeddable":true,"href":"https:\/\/business.roovi.com\/de\/wp-json\/wp\/v2\/media\/33755"}],"wp:attachment":[{"href":"https:\/\/business.roovi.com\/de\/wp-json\/wp\/v2\/media?parent=41346"}],"wp:term":[{"taxonomy":"product_brand","embeddable":true,"href":"https:\/\/business.roovi.com\/de\/wp-json\/wp\/v2\/product_brand?post=41346"},{"taxonomy":"product_cat","embeddable":true,"href":"https:\/\/business.roovi.com\/de\/wp-json\/wp\/v2\/product_cat?post=41346"},{"taxonomy":"product_tag","embeddable":true,"href":"https:\/\/business.roovi.com\/de\/wp-json\/wp\/v2\/product_tag?post=41346"}],"curies":[{"name":"wp","href":"https:\/\/api.w.org\/{rel}","templated":true}]}}