{"id":41350,"date":"2018-04-16T10:56:17","date_gmt":"2018-04-16T10:56:17","guid":{"rendered":"https:\/\/business.roovi.com\/puzzle-adulti-1000-piese-peisaje-de-noapte-notre-dame\/p\/"},"modified":"2023-02-27T12:42:00","modified_gmt":"2023-02-27T12:42:00","slug":"1000-teile-puzzle-nachtlandschaften-fur-erwachsene-notre-dame","status":"publish","type":"product","link":"https:\/\/business.roovi.com\/de\/1000-teile-puzzle-nachtlandschaften-fur-erwachsene-notre-dame\/p\/","title":{"rendered":"1000 Teile Puzzle Nachtlandschaften f\u00fcr Erwachsene &#8211; Notre Dame"},"content":{"rendered":"<p><span style=\"font-weight: 400;\">Fasziniert von ber\u00fchmten Sehensw\u00fcrdigkeiten? Jetzt kannst du f\u00fcr immer in 1000-teiligen Puzzles Bilder von tollen Orten aufbewahren, die du besucht hast oder die auf deiner Bucket List stehen.<\/span><\/p>\n<p><span style=\"font-weight: 400;\">Puzzle Sammlung <\/span><em><span style=\"font-weight: 400;\">Nightscapes<\/span><\/em><span style=\"font-weight: 400;\"> f\u00e4ngt vertr\u00e4umte Bilder von Sehensw\u00fcrdigkeiten ein, die nach Einbruch der Dunkelheit aufgenommen wurden. Wenn du ein 1000-Teile-Puzzle mit einem solchen Thema zusammensetzt, kannst du dich entspannen und gleichzeitig etwas \u00fcber wundersch\u00f6ne Orte mit jahrhundertealter Geschichte und Symbolen lernen.<\/span><\/p>\n<p><span style=\"font-weight: 400;\">Wenn du die Kathedrale Notre Dame in Paris schon einmal besucht hast oder gerne besuchen w\u00fcrdest, aber noch keine Gelegenheit dazu hattest, bietet dir das 1000-Teile-Puzzle Notre Dame die M\u00f6glichkeit, das pr\u00e4chtige Bauwerk in den eigenen vier W\u00e4nden in einem au\u00dfergew\u00f6hnlichen Bild zu bewundern, das du selbst zusammensetzen kannst.<\/span><\/p>\n<p><span style=\"font-weight: 400;\">Die Kathedrale Notre Dame gilt als ein Symbol der franz\u00f6sischen Gotik und zieht jedes Jahr Millionen von Touristen an. Der Bau dieses imposanten Geb\u00e4udes begann im 12. Jahrhundert und dauerte rund 100 Jahre. Im Laufe seiner Geschichte hat er erhebliche Sch\u00e4den erlitten, ist aber stehen geblieben und zieht weiterhin Bewunderer aus der ganzen Welt an.<\/span><\/p>\n<p><span style=\"font-weight: 400;\">Das 1000-teilige Notre-Dame-Puzzle ist die perfekte Gelegenheit, um die architektonischen Details und die Pracht der Kathedrale in Ruhe zu bewundern. Au\u00dferdem kann das 1000-Teile-Puzzle ein dekoratives Element sein, um dein Zuhause zu versch\u00f6nern.<\/span><\/p>\n<p><strong>Warum solltest du dich f\u00fcr das 1000 Teile Puzzle Nightscapes &#8211; Notre Dame entscheiden?<\/strong><\/p>\n<p><span style=\"font-weight: 400;\">Ein 1000-Teile-Puzzle ist eine M\u00f6glichkeit zur Entspannung und eine Gelegenheit, die Symbole ber\u00fchmter Sehensw\u00fcrdigkeiten zu entdecken.<\/span><\/p>\n<p><span style=\"font-weight: 400;\">Aus 1000 Puzzleteilen kannst du ein beeindruckendes 68 x 47 cm gro\u00dfes Bild zusammenstellen, das deinem Zuhause einen raffinierten Touch verleiht.<\/span><\/p>\n<p><span style=\"font-weight: 400;\">Die 1000 Puzzleteile sind aus hochwertigem Karton gefertigt, was sie widerstandsf\u00e4hig gegen mehrfaches Zusammensetzen macht.<\/span><\/p>\n<p><span style=\"font-weight: 400;\">Die Oberfl\u00e4che des Puzzles ist halbgl\u00e4nzend, in angenehmen Farben, die die Klarheit des Bildes hervorheben.<\/span><\/p>\n<p><span style=\"font-weight: 400;\">Die f\u00fcr die Herstellung der Puzzlesets verwendeten Materialien sind nachhaltig und recycelbar.<\/span><\/p>\n<p><span style=\"font-weight: 400;\">Geeignet ab 14 Jahren, eine Gelegenheit, es mit deinen Kindern im Teenageralter zusammenzustellen.<\/span><\/p>\n<p><span style=\"font-weight: 400;\">Ein 1000-teiliges Puzzle mit dem Bild einer Touristenattraktion ist die perfekte Gelegenheit, um aus dem Alltag auszubrechen. Au\u00dferdem bietet es dir erstaunliche Vorteile, wie zum Beispiel:<\/span><\/p>\n<ul>\n<li><span style=\"font-weight: 400;\">Es verbessert deine Aufmerksamkeit f\u00fcr Details und dein Ged\u00e4chtnis.<\/span><\/li>\n<li><span style=\"font-weight: 400;\">Hilft dir, dich l\u00e4nger auf eine einzige Aufgabe zu konzentrieren.<\/span><\/li>\n<li><span style=\"font-weight: 400;\">Es trainiert beide Gehirnh\u00e4lften, was es zu einem kompletten Gehirntraining macht.<\/span><\/li>\n<li><span style=\"font-weight: 400;\">Es hilft dir zu entspannen und gibt dir ein gutes Gef\u00fchl.<\/span><\/li>\n<\/ul>\n<p><strong>Wusstest du, dass&#8230;?<\/strong><\/p>\n<p><span style=\"font-weight: 400;\">Die ber\u00fchmte Kathedrale wurde der Jungfrau Maria gewidmet, weshalb sie auch den Namen <\/span><em><span style=\"font-weight: 400;\">Notre Dame &#8211; Unsere Liebe Frau<\/span><\/em><span style=\"font-weight: 400;\">.<\/span><\/p>\n<p><span style=\"font-weight: 400;\">Die bekannteste Glocke der Kathedrale Notre Dame hei\u00dft Emmanuel und wiegt \u00fcber 13 Tonnen.<\/span><\/p>\n<p><span style=\"font-weight: 400;\">Notre Dame beherbergt einige der ber\u00fchmtesten heiligen Reliquien des Christentums: die Dornenkrone Jesu, einen Teil des Kreuzes und einen Nagel am Kreuz Jesu <\/span><\/p>\n<p><span style=\"font-weight: 400;\">Die Kathedrale wurde durch das Buch von Victor Hugo vor dem Abriss gerettet &#8211; <\/span><em><span style=\"font-weight: 400;\">Der Gl\u00f6ckner von Notre Dame<\/span><\/em><span style=\"font-weight: 400;\">. Der Erfolg des Buches veranlasste ein 25-j\u00e4hriges Restaurierungsprojekt des Denkmals, das sich 1830 in einem fortgeschrittenen Zustand des Verfalls befand.<\/span><\/p>\n<p><span style=\"font-weight: 400;\">Die Kathedrale war auch eine Inspirationsquelle f\u00fcr Edith Piaf, eine der ber\u00fchmtesten K\u00fcnstlerinnen Frankreichs, die die Sch\u00f6nheit und Erhabenheit der imposanten Kathedrale in dem Lied <\/span><em><span style=\"font-weight: 400;\">Notre-Dame de Paris<\/span><\/em><span style=\"font-weight: 400;\">.<\/span><\/p>\n<p><strong>Notre Dame 1000 Teile Puzzle &#8211; L\u00e4cheln und Familienspa\u00df<\/strong><\/p>\n<p><span style=\"font-weight: 400;\">Willst du die Monotonie der Tage unterbrechen, an denen du bei schlechtem Wetter im Haus bleiben musst? Organisiere R\u00e4tselzeiten mit deiner Familie oder einer Gruppe von Freunden und verbringt eine sch\u00f6ne Zeit miteinander <\/span><\/p>\n<p><span style=\"font-weight: 400;\">Entwickle innovative Strategien, arbeite in Teams und teile dir Aufgaben, um das 1000-Teile-Puzzle von Notre Dame in m\u00f6glichst kurzer Zeit fertigzustellen. Es ist eine tolle M\u00f6glichkeit, die Beziehungen zu deinen Lieben zu st\u00e4rken und sich gegenseitig kennenzulernen. Au\u00dferdem ist der Spa\u00df garantiert, und wenn ihr das letzte Puzzleteil zusammenklebt, werdet ihr euch freuen, ein gemeinsames Ziel zu erreichen.<\/span><\/p>\n<p><span style=\"font-weight: 400;\">Entscheide dich also f\u00fcr das 1000-teilige Notre Dame Puzzle f\u00fcr magische Momente mit deinen Liebsten oder um deine Puzzlef\u00e4higkeiten zu verbessern. Du kannst auch deinen Freunden eine Freude machen, indem du ihnen dieses Puzzle f\u00fcr Erwachsene aus der 1000-Teile-Puzzle-Kollektion schenkst <\/span><em><span style=\"font-weight: 400;\">Nightscapes.<\/span><\/em><\/p>\n","protected":false},"excerpt":{"rendered":"<p>Fasziniert von ber\u00fchmten Sehensw\u00fcrdigkeiten? Jetzt kannst du f\u00fcr immer in 1000-teiligen Puzzles Bilder von tollen Orten aufbewahren, die du besucht<\/p>\n","protected":false},"featured_media":33769,"template":"","meta":[],"product_brand":[],"product_cat":[1916,1875,1915],"product_tag":[],"class_list":{"0":"post-41350","1":"product","2":"type-product","3":"status-publish","4":"has-post-thumbnail","6":"product_cat-1000-teile-puzzle","7":"product_cat-puzzle-de","8":"product_cat-puzzlespiele-fur-erwachsene","9":"pa_bax-10-de","10":"pa_brand-d_toys-de","11":"pa_country_of_manufacture-ro-de","12":"pa_filter_age-14-de","13":"pa_painter-night-landscapes","14":"pa_tip_ambalaj-kasten-a4-de","15":"pa_tip_puzzle-klassisch","17":"first","18":"onbackorder","19":"taxable","20":"shipping-taxable","21":"product-type-simple"},"yoast_head":"<!-- This site is optimized with the Yoast SEO plugin v20.1 - https:\/\/yoast.com\/wordpress\/plugins\/seo\/ -->\n<title>1000 Teile Puzzle Nachtlandschaften f\u00fcr Erwachsene - Notre Dame<\/title>\n<meta name=\"description\" content=\"1000 Teile Puzzle Nachtlandschaften f\u00fcr Erwachsene - Notre Dame\" \/>\n<meta name=\"robots\" content=\"index, follow, max-snippet:-1, max-image-preview:large, max-video-preview:-1\" \/>\n<link rel=\"canonical\" href=\"https:\/\/business.roovi.com\/de\/1000-teile-puzzle-nachtlandschaften-fur-erwachsene-notre-dame\/p\/\" \/>\n<meta property=\"og:locale\" content=\"de_DE\" \/>\n<meta property=\"og:type\" content=\"article\" \/>\n<meta property=\"og:title\" content=\"1000 Teile Puzzle Nachtlandschaften f\u00fcr Erwachsene - Notre Dame\" \/>\n<meta property=\"og:description\" content=\"1000 Teile Puzzle Nachtlandschaften f\u00fcr Erwachsene - Notre Dame\" \/>\n<meta property=\"og:url\" content=\"https:\/\/business.roovi.com\/de\/1000-teile-puzzle-nachtlandschaften-fur-erwachsene-notre-dame\/p\/\" \/>\n<meta property=\"og:site_name\" content=\"Roovi B2B\" \/>\n<meta property=\"article:publisher\" content=\"https:\/\/www.facebook.com\/wwwjucariero\" \/>\n<meta property=\"article:modified_time\" content=\"2023-02-27T12:42:00+00:00\" \/>\n<meta property=\"og:image\" content=\"https:\/\/business.roovi.com\/wp-content\/uploads\/2018\/04\/64301-08-ansamblu_dimensiuni-cutie-cm_orizontal.png\" \/>\n\t<meta property=\"og:image:width\" content=\"920\" \/>\n\t<meta property=\"og:image:height\" content=\"920\" \/>\n\t<meta property=\"og:image:type\" content=\"image\/png\" \/>\n<meta name=\"twitter:label1\" content=\"Gesch\u00e4tzte Lesezeit\" \/>\n\t<meta name=\"twitter:data1\" content=\"4\u00a0Minuten\" \/>\n<script type=\"application\/ld+json\" class=\"yoast-schema-graph\">{\"@context\":\"https:\/\/schema.org\",\"@graph\":[{\"@type\":\"WebPage\",\"@id\":\"https:\/\/business.roovi.com\/de\/1000-teile-puzzle-nachtlandschaften-fur-erwachsene-notre-dame\/p\/\",\"url\":\"https:\/\/business.roovi.com\/de\/1000-teile-puzzle-nachtlandschaften-fur-erwachsene-notre-dame\/p\/\",\"name\":\"1000 Teile Puzzle Nachtlandschaften f\u00fcr Erwachsene - Notre Dame\",\"isPartOf\":{\"@id\":\"https:\/\/business.roovi.com\/de\/#website\"},\"datePublished\":\"2018-04-16T10:56:17+00:00\",\"dateModified\":\"2023-02-27T12:42:00+00:00\",\"description\":\"1000 Teile Puzzle Nachtlandschaften f\u00fcr Erwachsene - Notre Dame\",\"breadcrumb\":{\"@id\":\"https:\/\/business.roovi.com\/de\/1000-teile-puzzle-nachtlandschaften-fur-erwachsene-notre-dame\/p\/#breadcrumb\"},\"inLanguage\":\"de\",\"potentialAction\":[{\"@type\":\"ReadAction\",\"target\":[\"https:\/\/business.roovi.com\/de\/1000-teile-puzzle-nachtlandschaften-fur-erwachsene-notre-dame\/p\/\"]}]},{\"@type\":\"BreadcrumbList\",\"@id\":\"https:\/\/business.roovi.com\/de\/1000-teile-puzzle-nachtlandschaften-fur-erwachsene-notre-dame\/p\/#breadcrumb\",\"itemListElement\":[{\"@type\":\"ListItem\",\"position\":1,\"name\":\"Home\",\"item\":\"https:\/\/business.roovi.com\/de\/\"},{\"@type\":\"ListItem\",\"position\":2,\"name\":\"Shop\",\"item\":\"https:\/\/business.roovi.com\/de\/shop\/\"},{\"@type\":\"ListItem\",\"position\":3,\"name\":\"1000 Teile Puzzle Nachtlandschaften f\u00fcr Erwachsene &#8211; Notre Dame\"}]},{\"@type\":\"WebSite\",\"@id\":\"https:\/\/business.roovi.com\/de\/#website\",\"url\":\"https:\/\/business.roovi.com\/de\/\",\"name\":\"Roovi B2B\",\"description\":\"Roovi Business Website\",\"potentialAction\":[{\"@type\":\"SearchAction\",\"target\":{\"@type\":\"EntryPoint\",\"urlTemplate\":\"https:\/\/business.roovi.com\/de\/?s={search_term_string}\"},\"query-input\":\"required name=search_term_string\"}],\"inLanguage\":\"de\"}]}<\/script>\n<!-- \/ Yoast SEO plugin. -->","yoast_head_json":{"title":"1000 Teile Puzzle Nachtlandschaften f\u00fcr Erwachsene - Notre Dame","description":"1000 Teile Puzzle Nachtlandschaften f\u00fcr Erwachsene - Notre Dame","robots":{"index":"index","follow":"follow","max-snippet":"max-snippet:-1","max-image-preview":"max-image-preview:large","max-video-preview":"max-video-preview:-1"},"canonical":"https:\/\/business.roovi.com\/de\/1000-teile-puzzle-nachtlandschaften-fur-erwachsene-notre-dame\/p\/","og_locale":"de_DE","og_type":"article","og_title":"1000 Teile Puzzle Nachtlandschaften f\u00fcr Erwachsene - Notre Dame","og_description":"1000 Teile Puzzle Nachtlandschaften f\u00fcr Erwachsene - Notre Dame","og_url":"https:\/\/business.roovi.com\/de\/1000-teile-puzzle-nachtlandschaften-fur-erwachsene-notre-dame\/p\/","og_site_name":"Roovi B2B","article_publisher":"https:\/\/www.facebook.com\/wwwjucariero","article_modified_time":"2023-02-27T12:42:00+00:00","og_image":[{"width":920,"height":920,"url":"https:\/\/business.roovi.com\/wp-content\/uploads\/2018\/04\/64301-08-ansamblu_dimensiuni-cutie-cm_orizontal.png","type":"image\/png"}],"twitter_misc":{"Gesch\u00e4tzte Lesezeit":"4\u00a0Minuten"},"schema":{"@context":"https:\/\/schema.org","@graph":[{"@type":"WebPage","@id":"https:\/\/business.roovi.com\/de\/1000-teile-puzzle-nachtlandschaften-fur-erwachsene-notre-dame\/p\/","url":"https:\/\/business.roovi.com\/de\/1000-teile-puzzle-nachtlandschaften-fur-erwachsene-notre-dame\/p\/","name":"1000 Teile Puzzle Nachtlandschaften f\u00fcr Erwachsene - Notre Dame","isPartOf":{"@id":"https:\/\/business.roovi.com\/de\/#website"},"datePublished":"2018-04-16T10:56:17+00:00","dateModified":"2023-02-27T12:42:00+00:00","description":"1000 Teile Puzzle Nachtlandschaften f\u00fcr Erwachsene - Notre Dame","breadcrumb":{"@id":"https:\/\/business.roovi.com\/de\/1000-teile-puzzle-nachtlandschaften-fur-erwachsene-notre-dame\/p\/#breadcrumb"},"inLanguage":"de","potentialAction":[{"@type":"ReadAction","target":["https:\/\/business.roovi.com\/de\/1000-teile-puzzle-nachtlandschaften-fur-erwachsene-notre-dame\/p\/"]}]},{"@type":"BreadcrumbList","@id":"https:\/\/business.roovi.com\/de\/1000-teile-puzzle-nachtlandschaften-fur-erwachsene-notre-dame\/p\/#breadcrumb","itemListElement":[{"@type":"ListItem","position":1,"name":"Home","item":"https:\/\/business.roovi.com\/de\/"},{"@type":"ListItem","position":2,"name":"Shop","item":"https:\/\/business.roovi.com\/de\/shop\/"},{"@type":"ListItem","position":3,"name":"1000 Teile Puzzle Nachtlandschaften f\u00fcr Erwachsene &#8211; Notre Dame"}]},{"@type":"WebSite","@id":"https:\/\/business.roovi.com\/de\/#website","url":"https:\/\/business.roovi.com\/de\/","name":"Roovi B2B","description":"Roovi Business Website","potentialAction":[{"@type":"SearchAction","target":{"@type":"EntryPoint","urlTemplate":"https:\/\/business.roovi.com\/de\/?s={search_term_string}"},"query-input":"required name=search_term_string"}],"inLanguage":"de"}]}},"_links":{"self":[{"href":"https:\/\/business.roovi.com\/de\/wp-json\/wp\/v2\/product\/41350","targetHints":{"allow":["GET"]}}],"collection":[{"href":"https:\/\/business.roovi.com\/de\/wp-json\/wp\/v2\/product"}],"about":[{"href":"https:\/\/business.roovi.com\/de\/wp-json\/wp\/v2\/types\/product"}],"version-history":[{"count":0,"href":"https:\/\/business.roovi.com\/de\/wp-json\/wp\/v2\/product\/41350\/revisions"}],"wp:featuredmedia":[{"embeddable":true,"href":"https:\/\/business.roovi.com\/de\/wp-json\/wp\/v2\/media\/33769"}],"wp:attachment":[{"href":"https:\/\/business.roovi.com\/de\/wp-json\/wp\/v2\/media?parent=41350"}],"wp:term":[{"taxonomy":"product_brand","embeddable":true,"href":"https:\/\/business.roovi.com\/de\/wp-json\/wp\/v2\/product_brand?post=41350"},{"taxonomy":"product_cat","embeddable":true,"href":"https:\/\/business.roovi.com\/de\/wp-json\/wp\/v2\/product_cat?post=41350"},{"taxonomy":"product_tag","embeddable":true,"href":"https:\/\/business.roovi.com\/de\/wp-json\/wp\/v2\/product_tag?post=41350"}],"curies":[{"name":"wp","href":"https:\/\/api.w.org\/{rel}","templated":true}]}}