{"id":41354,"date":"2018-04-16T10:56:17","date_gmt":"2018-04-16T10:56:17","guid":{"rendered":"https:\/\/business.roovi.com\/puzzle-adulti-1000-piese-peisaje-de-noapte-praga\/p\/"},"modified":"2023-02-27T12:44:31","modified_gmt":"2023-02-27T12:44:31","slug":"1000-teile-puzzle-fur-erwachsene-nachtlandschaften-prag","status":"publish","type":"product","link":"https:\/\/business.roovi.com\/de\/1000-teile-puzzle-fur-erwachsene-nachtlandschaften-prag\/p\/","title":{"rendered":"1000 Teile Puzzle f\u00fcr Erwachsene Nachtlandschaften &#8211; Prag"},"content":{"rendered":"<p><span style=\"font-weight: 400;\">Hast du eine Leidenschaft f\u00fcr Reisen und Puzzlespiele? Jetzt hast du die Chance, aus 1000 Puzzleteilen deine eigenen wundersch\u00f6nen Gem\u00e4lde von ber\u00fchmten Sehensw\u00fcrdigkeiten zu bauen, die du am Abend eingefangen hast.<\/span><\/p>\n<p><span style=\"font-weight: 400;\">Die Karlsbr\u00fccke ist eines der Wahrzeichen der tschechischen Hauptstadt Prag. Am Abend ist der Blick auf die Br\u00fccke, die die Altstadt mit der Prager Burg verbindet, etwas ganz Besonderes. 1000 Teile Prag-Puzzle aus der Kollektion <\/span><em><span style=\"font-weight: 400;\">Nachtlandschaften<\/span><\/em><span style=\"font-weight: 400;\"> reproduziert dieses atemberaubende Bild, das die Augen aller Reiseliebhaber erfreuen wird. <\/span><\/p>\n<p><span style=\"font-weight: 400;\">Die Karlsbr\u00fccke \u00fcberquert die Moldau in Prag und wurde ab 1357 im Auftrag von Karl IV. gebaut. Sie hie\u00df urspr\u00fcnglich <\/span><em><span style=\"font-weight: 400;\">Steinerne Br\u00fccke<\/span><\/em><span style=\"font-weight: 400;\"> und nahm den Namen Carol erst 1870 an <\/span><\/p>\n<p><span style=\"font-weight: 400;\">Die Br\u00fccke ist ein Magnet f\u00fcr Touristen aus der ganzen Welt. Er bietet einen beeindruckenden Blick auf die Prager Burg und die Moldau und ist ein Ort f\u00fcr Spazierg\u00e4nge und unvergessliche Fotos <\/span><\/p>\n<p><span style=\"font-weight: 400;\">Wir laden dich ein, eine imagin\u00e4re Tour \u00fcber die ber\u00fchmte Karlsbr\u00fccke mit dem 1000 Teile Prag Puzzle Spiel zu machen. F\u00fcr die Montage kannst du einen normalen Couchtisch verwenden. Das rekonstruierte Gem\u00e4lde misst 68 x 47 cm. Stell es in den Rahmen und schau dir einen vertr\u00e4umten Ort voller Geschichte und Symbole genauer an.<\/span><\/p>\n<p><strong>Warum solltest du dich f\u00fcr das 1000-Teile-Puzzle Nightscapes &#8211; Prague entscheiden?<\/strong><\/p>\n<p><span style=\"font-weight: 400;\">Ein 1000-Teile-Puzzle ist eine M\u00f6glichkeit zur Entspannung und eine Gelegenheit, ber\u00fchmte Sehensw\u00fcrdigkeiten zu entdecken.<\/span><\/p>\n<p><span style=\"font-weight: 400;\">Du bekommst ein wundersch\u00f6nes Bild, mit dem du dein Zuhause dekorieren kannst.<\/span><\/p>\n<p><span style=\"font-weight: 400;\">Die 1000 Puzzleteile sind aus hochwertigem blauen Karton, der perfekt zusammenpasst, auch wenn du das Bild immer wieder zusammensetzt.<\/span><\/p>\n<p><span style=\"font-weight: 400;\">Die Oberfl\u00e4chen der Puzzles sind halbgl\u00e4nzend, in angenehmen Farben, die die Klarheit des Bildes hervorheben.<\/span><\/p>\n<p><span style=\"font-weight: 400;\">Die Materialien, die f\u00fcr die Herstellung der Puzzlespiele verwendet werden, sind nachhaltig und recycelbar.<\/span><\/p>\n<p><span style=\"font-weight: 400;\">Geeignet f\u00fcr Personen ab 14 Jahren, also eine gute Gelegenheit, es mit deinen Kindern im Teenageralter zusammenzustellen.<\/span><\/p>\n<p><span style=\"font-weight: 400;\">Puzzlespiele sind eine wunderbare M\u00f6glichkeit, um F\u00e4higkeiten zu entwickeln wie:<\/span><\/p>\n<ul>\n<li><span style=\"font-weight: 400;\">Geduld<\/span><\/li>\n<li><span style=\"font-weight: 400;\">Speicher<\/span><\/li>\n<li><span style=\"font-weight: 400;\">Logisches Denken<\/span><\/li>\n<li><span style=\"font-weight: 400;\">Liebe zum Detail<\/span><\/li>\n<li><span style=\"font-weight: 400;\">Beharrlichkeit<\/span><\/li>\n<li><span style=\"font-weight: 400;\">Die F\u00e4higkeit, sich zu konzentrieren.<\/span><\/li>\n<\/ul>\n<p><strong>Wusstest du, dass&#8230;?<\/strong><\/p>\n<p><span style=\"font-weight: 400;\">Die Karlsbr\u00fccke in Prag ist 516 Meter lang und hat 3 T\u00fcrme. Von diesen gilt der Turm in der Altstadt als der sch\u00f6nste Br\u00fcckenturm Europas.<\/span><\/p>\n<p><span style=\"font-weight: 400;\">Auf dem Gel\u00e4nder der Br\u00fccke kannst du 30 Skulpturen und Skulpturengruppen bewundern, die im Laufe der Zeit, beginnend im Jahr 1683, aufgestellt wurden. Die meisten von ihnen sind im Laufe der Zeit verfallen und wurden nach und nach durch \u00e4hnliche Nachbildungen ersetzt.. <\/span><\/p>\n<p><span style=\"font-weight: 400;\">Laut urbanen Legenden wird diese Br\u00fccke von zahlreichen Geistern heimgesucht.<\/span><\/p>\n<p><span style=\"font-weight: 400;\">Lange Zeit war die Br\u00fccke eine wichtige Verkehrsverbindung, eine Zeit lang fuhr sogar eine Stra\u00dfenbahn \u00fcber sie.<\/span><\/p>\n<p><strong>1000 Teile Prag-Puzzle &#8211; wertvolle Momente mit den Liebsten<\/strong><\/p>\n<p><span style=\"font-weight: 400;\">Schlechtes Wetter und du kannst nicht nach drau\u00dfen gehen? Das 1000-teilige Prag-Puzzle aus der Kollektion Night Landscapes gibt deiner Freizeit einen Sinn. Verbringe ein paar unterhaltsame und entspannende Stunden im Kreise deiner Familie oder lieber Freunde.<\/span><\/p>\n<p><span style=\"font-weight: 400;\">Wende neue Strategien an, organisiere die Montagearbeit in Teams und fange an, ein fabelhaftes Bild zu erstellen. Ihr seid alle wie echte Detektive auf der Suche nach Hinweisen, die euch helfen, das Geheimnis der faszinierenden Karlsbr\u00fccke in Prag zu l\u00f6sen. Mit diesem tollen Puzzlespiel erlebst du sch\u00f6ne Emotionen und st\u00e4rkst deine Beziehung zueinander.<\/span><\/p>\n<p><span style=\"font-weight: 400;\">Egal, ob du die Monotonie durchbrechen und deine Liebsten mit einem lustigen Erlebnis unterhalten willst oder ob du dir ein paar Stunden Auszeit nehmen und deine Zeit kreativ besch\u00e4ftigen m\u00f6chtest, das 1000 Teile Prag Puzzle ist die richtige Wahl.<\/span><\/p>\n","protected":false},"excerpt":{"rendered":"<p>Hast du eine Leidenschaft f\u00fcr Reisen und Puzzlespiele? Jetzt hast du die Chance, aus 1000 Puzzleteilen deine eigenen wundersch\u00f6nen Gem\u00e4lde<\/p>\n","protected":false},"featured_media":33783,"template":"","meta":[],"product_brand":[],"product_cat":[1916,1875,1915],"product_tag":[],"class_list":{"0":"post-41354","1":"product","2":"type-product","3":"status-publish","4":"has-post-thumbnail","6":"product_cat-1000-teile-puzzle","7":"product_cat-puzzle-de","8":"product_cat-puzzlespiele-fur-erwachsene","9":"pa_bax-10-de","10":"pa_brand-d_toys-de","11":"pa_country_of_manufacture-ro-de","12":"pa_filter_age-14-de","13":"pa_painter-night-landscapes","14":"pa_tip_ambalaj-kasten-a4-de","15":"pa_tip_puzzle-klassisch","17":"first","18":"instock","19":"taxable","20":"shipping-taxable","21":"product-type-simple"},"yoast_head":"<!-- This site is optimized with the Yoast SEO plugin v20.1 - https:\/\/yoast.com\/wordpress\/plugins\/seo\/ -->\n<title>1000 Teile Puzzle f\u00fcr Erwachsene Nachtlandschaften - Prag<\/title>\n<meta name=\"description\" content=\"1000 Teile Puzzle f\u00fcr Erwachsene Nachtlandschaften - Prag\" \/>\n<meta name=\"robots\" content=\"index, follow, max-snippet:-1, max-image-preview:large, max-video-preview:-1\" \/>\n<link rel=\"canonical\" href=\"https:\/\/business.roovi.com\/de\/1000-teile-puzzle-fur-erwachsene-nachtlandschaften-prag\/p\/\" \/>\n<meta property=\"og:locale\" content=\"de_DE\" \/>\n<meta property=\"og:type\" content=\"article\" \/>\n<meta property=\"og:title\" content=\"1000 Teile Puzzle f\u00fcr Erwachsene Nachtlandschaften - Prag\" \/>\n<meta property=\"og:description\" content=\"1000 Teile Puzzle f\u00fcr Erwachsene Nachtlandschaften - Prag\" \/>\n<meta property=\"og:url\" content=\"https:\/\/business.roovi.com\/de\/1000-teile-puzzle-fur-erwachsene-nachtlandschaften-prag\/p\/\" \/>\n<meta property=\"og:site_name\" content=\"Roovi B2B\" \/>\n<meta property=\"article:publisher\" content=\"https:\/\/www.facebook.com\/wwwjucariero\" \/>\n<meta property=\"article:modified_time\" content=\"2023-02-27T12:44:31+00:00\" \/>\n<meta property=\"og:image\" content=\"https:\/\/business.roovi.com\/wp-content\/uploads\/2018\/04\/64301-09-ansamblu_dimensiuni-cutie-cm_orizontal.png\" \/>\n\t<meta property=\"og:image:width\" content=\"900\" \/>\n\t<meta property=\"og:image:height\" content=\"900\" \/>\n\t<meta property=\"og:image:type\" content=\"image\/png\" \/>\n<meta name=\"twitter:label1\" content=\"Gesch\u00e4tzte Lesezeit\" \/>\n\t<meta name=\"twitter:data1\" content=\"4\u00a0Minuten\" \/>\n<script type=\"application\/ld+json\" class=\"yoast-schema-graph\">{\"@context\":\"https:\/\/schema.org\",\"@graph\":[{\"@type\":\"WebPage\",\"@id\":\"https:\/\/business.roovi.com\/de\/1000-teile-puzzle-fur-erwachsene-nachtlandschaften-prag\/p\/\",\"url\":\"https:\/\/business.roovi.com\/de\/1000-teile-puzzle-fur-erwachsene-nachtlandschaften-prag\/p\/\",\"name\":\"1000 Teile Puzzle f\u00fcr Erwachsene Nachtlandschaften - Prag\",\"isPartOf\":{\"@id\":\"https:\/\/business.roovi.com\/de\/#website\"},\"datePublished\":\"2018-04-16T10:56:17+00:00\",\"dateModified\":\"2023-02-27T12:44:31+00:00\",\"description\":\"1000 Teile Puzzle f\u00fcr Erwachsene Nachtlandschaften - Prag\",\"breadcrumb\":{\"@id\":\"https:\/\/business.roovi.com\/de\/1000-teile-puzzle-fur-erwachsene-nachtlandschaften-prag\/p\/#breadcrumb\"},\"inLanguage\":\"de\",\"potentialAction\":[{\"@type\":\"ReadAction\",\"target\":[\"https:\/\/business.roovi.com\/de\/1000-teile-puzzle-fur-erwachsene-nachtlandschaften-prag\/p\/\"]}]},{\"@type\":\"BreadcrumbList\",\"@id\":\"https:\/\/business.roovi.com\/de\/1000-teile-puzzle-fur-erwachsene-nachtlandschaften-prag\/p\/#breadcrumb\",\"itemListElement\":[{\"@type\":\"ListItem\",\"position\":1,\"name\":\"Home\",\"item\":\"https:\/\/business.roovi.com\/de\/\"},{\"@type\":\"ListItem\",\"position\":2,\"name\":\"Shop\",\"item\":\"https:\/\/business.roovi.com\/de\/shop\/\"},{\"@type\":\"ListItem\",\"position\":3,\"name\":\"1000 Teile Puzzle f\u00fcr Erwachsene Nachtlandschaften &#8211; Prag\"}]},{\"@type\":\"WebSite\",\"@id\":\"https:\/\/business.roovi.com\/de\/#website\",\"url\":\"https:\/\/business.roovi.com\/de\/\",\"name\":\"Roovi B2B\",\"description\":\"Roovi Business Website\",\"potentialAction\":[{\"@type\":\"SearchAction\",\"target\":{\"@type\":\"EntryPoint\",\"urlTemplate\":\"https:\/\/business.roovi.com\/de\/?s={search_term_string}\"},\"query-input\":\"required name=search_term_string\"}],\"inLanguage\":\"de\"}]}<\/script>\n<!-- \/ Yoast SEO plugin. -->","yoast_head_json":{"title":"1000 Teile Puzzle f\u00fcr Erwachsene Nachtlandschaften - Prag","description":"1000 Teile Puzzle f\u00fcr Erwachsene Nachtlandschaften - Prag","robots":{"index":"index","follow":"follow","max-snippet":"max-snippet:-1","max-image-preview":"max-image-preview:large","max-video-preview":"max-video-preview:-1"},"canonical":"https:\/\/business.roovi.com\/de\/1000-teile-puzzle-fur-erwachsene-nachtlandschaften-prag\/p\/","og_locale":"de_DE","og_type":"article","og_title":"1000 Teile Puzzle f\u00fcr Erwachsene Nachtlandschaften - Prag","og_description":"1000 Teile Puzzle f\u00fcr Erwachsene Nachtlandschaften - Prag","og_url":"https:\/\/business.roovi.com\/de\/1000-teile-puzzle-fur-erwachsene-nachtlandschaften-prag\/p\/","og_site_name":"Roovi B2B","article_publisher":"https:\/\/www.facebook.com\/wwwjucariero","article_modified_time":"2023-02-27T12:44:31+00:00","og_image":[{"width":900,"height":900,"url":"https:\/\/business.roovi.com\/wp-content\/uploads\/2018\/04\/64301-09-ansamblu_dimensiuni-cutie-cm_orizontal.png","type":"image\/png"}],"twitter_misc":{"Gesch\u00e4tzte Lesezeit":"4\u00a0Minuten"},"schema":{"@context":"https:\/\/schema.org","@graph":[{"@type":"WebPage","@id":"https:\/\/business.roovi.com\/de\/1000-teile-puzzle-fur-erwachsene-nachtlandschaften-prag\/p\/","url":"https:\/\/business.roovi.com\/de\/1000-teile-puzzle-fur-erwachsene-nachtlandschaften-prag\/p\/","name":"1000 Teile Puzzle f\u00fcr Erwachsene Nachtlandschaften - Prag","isPartOf":{"@id":"https:\/\/business.roovi.com\/de\/#website"},"datePublished":"2018-04-16T10:56:17+00:00","dateModified":"2023-02-27T12:44:31+00:00","description":"1000 Teile Puzzle f\u00fcr Erwachsene Nachtlandschaften - Prag","breadcrumb":{"@id":"https:\/\/business.roovi.com\/de\/1000-teile-puzzle-fur-erwachsene-nachtlandschaften-prag\/p\/#breadcrumb"},"inLanguage":"de","potentialAction":[{"@type":"ReadAction","target":["https:\/\/business.roovi.com\/de\/1000-teile-puzzle-fur-erwachsene-nachtlandschaften-prag\/p\/"]}]},{"@type":"BreadcrumbList","@id":"https:\/\/business.roovi.com\/de\/1000-teile-puzzle-fur-erwachsene-nachtlandschaften-prag\/p\/#breadcrumb","itemListElement":[{"@type":"ListItem","position":1,"name":"Home","item":"https:\/\/business.roovi.com\/de\/"},{"@type":"ListItem","position":2,"name":"Shop","item":"https:\/\/business.roovi.com\/de\/shop\/"},{"@type":"ListItem","position":3,"name":"1000 Teile Puzzle f\u00fcr Erwachsene Nachtlandschaften &#8211; Prag"}]},{"@type":"WebSite","@id":"https:\/\/business.roovi.com\/de\/#website","url":"https:\/\/business.roovi.com\/de\/","name":"Roovi B2B","description":"Roovi Business Website","potentialAction":[{"@type":"SearchAction","target":{"@type":"EntryPoint","urlTemplate":"https:\/\/business.roovi.com\/de\/?s={search_term_string}"},"query-input":"required name=search_term_string"}],"inLanguage":"de"}]}},"_links":{"self":[{"href":"https:\/\/business.roovi.com\/de\/wp-json\/wp\/v2\/product\/41354","targetHints":{"allow":["GET"]}}],"collection":[{"href":"https:\/\/business.roovi.com\/de\/wp-json\/wp\/v2\/product"}],"about":[{"href":"https:\/\/business.roovi.com\/de\/wp-json\/wp\/v2\/types\/product"}],"version-history":[{"count":0,"href":"https:\/\/business.roovi.com\/de\/wp-json\/wp\/v2\/product\/41354\/revisions"}],"wp:featuredmedia":[{"embeddable":true,"href":"https:\/\/business.roovi.com\/de\/wp-json\/wp\/v2\/media\/33783"}],"wp:attachment":[{"href":"https:\/\/business.roovi.com\/de\/wp-json\/wp\/v2\/media?parent=41354"}],"wp:term":[{"taxonomy":"product_brand","embeddable":true,"href":"https:\/\/business.roovi.com\/de\/wp-json\/wp\/v2\/product_brand?post=41354"},{"taxonomy":"product_cat","embeddable":true,"href":"https:\/\/business.roovi.com\/de\/wp-json\/wp\/v2\/product_cat?post=41354"},{"taxonomy":"product_tag","embeddable":true,"href":"https:\/\/business.roovi.com\/de\/wp-json\/wp\/v2\/product_tag?post=41354"}],"curies":[{"name":"wp","href":"https:\/\/api.w.org\/{rel}","templated":true}]}}