{"id":41366,"date":"2018-04-16T10:56:17","date_gmt":"2018-04-16T10:56:17","guid":{"rendered":"https:\/\/business.roovi.com\/puzzle-adulti-1000-piese-locuri-celebre-castelul-neuschwanstein\/p\/"},"modified":"2022-07-06T16:49:52","modified_gmt":"2022-07-06T16:49:52","slug":"1000-teile-puzzle-fur-erwachsene-beruhmte-orte-schloss-neuschwanstein","status":"publish","type":"product","link":"https:\/\/business.roovi.com\/de\/1000-teile-puzzle-fur-erwachsene-beruhmte-orte-schloss-neuschwanstein\/p\/","title":{"rendered":"1000-Teile-Puzzle f\u00fcr Erwachsene &#8211; Ber\u00fchmte Orte &#8211; Schloss Neuschwanstein"},"content":{"rendered":"<p><strong><em>Die 1000-teilige Puzzle-Serie Famous Places f\u00fcr Erwachsene fordert dich heraus, Traumattraktionen aus allen Ecken der Welt zu entdecken.<\/em><\/strong><\/p>\n<p><span style=\"font-weight: 400\">Die Famous Places-Puzzlesammlung f\u00fcr Erwachsene k\u00f6nnte nicht ohne das M\u00e4rchenschlossbild aus den wunderbaren Disney-Filmen sein: das Schloss <\/span><span style=\"font-weight: 400\">Schloss Neuschwanstein <\/span><span style=\"font-weight: 400\">Mit seiner exquisiten romanischen Renaissance-Architektur, eingebettet in eine spektakul\u00e4re Natur, ist es kein Wunder, dass <\/span><span style=\"font-weight: 400\">Neuschwanstein<\/span><span style=\"font-weight: 400\"> wird oft als das sch\u00f6nste Schloss der Welt bezeichnet.<\/span><\/p>\n<p><span style=\"font-weight: 400\">1866, nach Preu\u00dfens Expansion nach Bayern, sollte K\u00f6nig Ludwig II. nur noch dem Namen nach souver\u00e4n bleiben. Diese tiefe Entt\u00e4uschung veranlasste den K\u00f6nig, sein eigenes K\u00f6nigreich in Form von Pal\u00e4sten und Schl\u00f6ssern zu planen, in denen er wirklich herrschen konnte <\/span><\/p>\n<p><span style=\"font-weight: 400\">Der gew\u00e4hlte Standort f\u00fcr die Burg <\/span><span style=\"font-weight: 400\">Neuschwanstein<\/span><span style=\"font-weight: 400\"> war kein Zufall. In der N\u00e4he <\/span><span style=\"font-weight: 400\">Hohenschwangau,<\/span><span style=\"font-weight: 400\"> der K\u00f6nig seine Kindheit verbracht hatte. Von hier aus konnte er sehen, wie sein gro\u00dfer Traum von einem M\u00e4rchenschloss Gestalt annahm.<\/span><\/p>\n<p><span style=\"font-weight: 400\">Mit dem 1000-teiligen Burgpuzzle <\/span><span style=\"font-weight: 400\">Schloss Neuschwanstein, entdecke die beeindruckenden Details und die spektakul\u00e4re Architektur dieses ber\u00fchmten bayerischen Schlosses. Setze St\u00fcck f\u00fcr St\u00fcck und bestaune ein Meisterwerk.  <\/span><\/p>\n<p><strong>Warum ein 1000-teiliges Puzzle aus der Kollektion &#8222;Ber\u00fchmte Orte&#8220; w\u00e4hlen?<\/strong><strong>?<\/strong><\/p>\n<p><span style=\"font-weight: 400\">Du hast die M\u00f6glichkeit, auf entspannte Art und Weise einige der sch\u00f6nsten Orte zu entdecken, die auf der ganzen Welt gesch\u00e4tzt werden.<\/span><\/p>\n<p><span style=\"font-weight: 400\">Du erschaffst mit deinen eigenen H\u00e4nden ein 68 x 47 cm gro\u00dfes Bild, das du lange Zeit bewundern wirst.<\/span><\/p>\n<p><span style=\"font-weight: 400\">Du kannst dieses Bild in deinem Lieblingszimmer aufh\u00e4ngen, um ihm einen einzigartigen Look zu verleihen.<\/span><\/p>\n<p><span style=\"font-weight: 400\">Jedes 1000-teilige Puzzle ist aus hochwertigem Karton gefertigt, wodurch die Teile auch nach mehrmaligem Gebrauch noch haltbar sind.<\/span><\/p>\n<p><span style=\"font-weight: 400\">Es ist naturfreundlich und wird aus nachhaltigen und recycelbaren Materialien hergestellt.<\/span><\/p>\n<p><span style=\"font-weight: 400\">Es hat eine halbgl\u00e4nzende Oberfl\u00e4che und angenehme Farben, die die Sch\u00f6nheit des Bildes hervorheben.<\/span><\/p>\n<p><span style=\"font-weight: 400\">Es ist f\u00fcr Leute ab 14 Jahren geeignet, ein guter Grund, um mit Teenagern Zeit zu verbringen.<\/span><\/p>\n<p><span style=\"font-weight: 400\">Das Puzzlespiel fordert deinen Verstand heraus und ist ein hervorragendes Denksportspiel <\/span><\/p>\n<p><span style=\"font-weight: 400\">Es erh\u00e4lt die Koordination, die Beweglichkeit und die Geschicklichkeit <\/span><\/p>\n<p><span style=\"font-weight: 400\">Es hilft, die Stimmung zu verbessern und gibt dir die Befriedigung, ein bestimmtes Ziel zu erreichen.<\/span><\/p>\n<p><strong>Wusstest du, dass..<\/strong><\/p>\n<p><span style=\"font-weight: 400\">Der Name der Burg stammt von Lohengrin, dem &#8222;Schwanenritter&#8220;, mit dem sich Ludwig II. identifiziert haben soll. Lohengrin ist auch der Protagonist einiger Opern des Komponisten Richard Wagner, den der K\u00f6nig sehr sch\u00e4tzte und f\u00fcr den er dieses Schloss gebaut hat.<\/span><\/p>\n<p><span style=\"font-weight: 400\">Es war der Wunsch des K\u00f6nigs, dass dieses architektonische Meisterwerk das Design der M\u00e4rchenschl\u00f6sser haben sollte, die er in seiner Kindheit gesehen hatte, und dass das Innere alle bis dahin entdeckten Technologien enthalten sollte. So wurde das Schloss <\/span><span style=\"font-weight: 400\">Neuschwanstein<\/span><span style=\"font-weight: 400\"> hatten Strom, ein Telefon und ein innovatives Heizsystem.<\/span><\/p>\n<p><strong>1000-teiliges Burgpuzzle <\/strong><strong>Neuschwanstein entschleunigt die Schnelligkeit des Lebens<\/strong><\/p>\n<p><span style=\"font-weight: 400\">Wie jeder R\u00e4tselfreund brauchst du Zeit, um deine Gedanken zu sammeln und dich lange vor einem m\u00e4rchenhaften Bild zu entspannen. Mit dem 1000-Teile-Puzzle <\/span><span style=\"font-weight: 400\">Burg <\/span><span style=\"font-weight: 400\">Schloss Neuschwanstein nimmst du dir eine Auszeit von der Hektik des Alltags und genie\u00dft jeden Moment der Gegenwart in einem langsamen Tempo. Au\u00dferdem darfst du:<\/span><\/p>\n<p><span style=\"font-weight: 400\">Sei weniger gestresst.<\/span><\/p>\n<p><span style=\"font-weight: 400\">Ruh dich besser aus.<\/span><\/p>\n<p><span style=\"font-weight: 400\">Stelle das innere Gleichgewicht wieder her.<\/span><\/p>\n<p><span style=\"font-weight: 400\">Mit \u00c4ngsten besser umgehen.<\/span><\/p>\n<p><span style=\"font-weight: 400\">Sei der Architekt, der das wunderbare 1000-teilige Puzzle-Schloss baut <\/span><span style=\"font-weight: 400\">Neuschwanstein! W\u00e4hle also dieses tolle Puzzlespiel f\u00fcr dich selbst oder als Geschenk f\u00fcr deine Freunde, die Puzzlespiele f\u00fcr Erwachsene lieben <\/span><\/p><\/p>\n","protected":false},"excerpt":{"rendered":"<p>Die 1000-teilige Puzzle-Serie Famous Places f\u00fcr Erwachsene fordert dich heraus, Traumattraktionen aus allen Ecken der Welt zu entdecken. Die Famous<\/p>\n","protected":false},"featured_media":33805,"template":"","meta":[],"product_brand":[],"product_cat":[1916,1875,1915],"product_tag":[],"class_list":{"0":"post-41366","1":"product","2":"type-product","3":"status-publish","4":"has-post-thumbnail","6":"product_cat-1000-teile-puzzle","7":"product_cat-puzzle-de","8":"product_cat-puzzlespiele-fur-erwachsene","9":"pa_bax-10-de","10":"pa_brand-d_toys-de","11":"pa_country_of_manufacture-ro-de","12":"pa_filter_age-14-de","13":"pa_painter-beruhmte-orte","14":"pa_tip_ambalaj-kasten-a4-de","15":"pa_tip_puzzle-klassisch","17":"first","18":"instock","19":"taxable","20":"shipping-taxable","21":"product-type-simple"},"yoast_head":"<!-- This site is optimized with the Yoast SEO plugin v20.1 - https:\/\/yoast.com\/wordpress\/plugins\/seo\/ -->\n<title>1000-Teile-Puzzle f\u00fcr Erwachsene - Ber\u00fchmte Orte - Schloss Neuschwanstein<\/title>\n<meta name=\"description\" content=\"1000-Teile-Puzzle f\u00fcr Erwachsene - Ber\u00fchmte Orte - Schloss Neuschwanstein\" \/>\n<meta name=\"robots\" content=\"index, follow, max-snippet:-1, max-image-preview:large, max-video-preview:-1\" \/>\n<link rel=\"canonical\" href=\"https:\/\/business.roovi.com\/de\/1000-teile-puzzle-fur-erwachsene-beruhmte-orte-schloss-neuschwanstein\/p\/\" \/>\n<meta property=\"og:locale\" content=\"de_DE\" \/>\n<meta property=\"og:type\" content=\"article\" \/>\n<meta property=\"og:title\" content=\"1000-Teile-Puzzle f\u00fcr Erwachsene - Ber\u00fchmte Orte - Schloss Neuschwanstein\" \/>\n<meta property=\"og:description\" content=\"1000-Teile-Puzzle f\u00fcr Erwachsene - Ber\u00fchmte Orte - Schloss Neuschwanstein\" \/>\n<meta property=\"og:url\" content=\"https:\/\/business.roovi.com\/de\/1000-teile-puzzle-fur-erwachsene-beruhmte-orte-schloss-neuschwanstein\/p\/\" \/>\n<meta property=\"og:site_name\" content=\"Roovi B2B\" \/>\n<meta property=\"article:publisher\" content=\"https:\/\/www.facebook.com\/wwwjucariero\" \/>\n<meta property=\"article:modified_time\" content=\"2022-07-06T16:49:52+00:00\" \/>\n<meta property=\"og:image\" content=\"https:\/\/business.roovi.com\/wp-content\/uploads\/2018\/04\/64288-02_ansamblu_dimensiuni_cutie_cm_orizontal.png\" \/>\n\t<meta property=\"og:image:width\" content=\"2000\" \/>\n\t<meta property=\"og:image:height\" content=\"2000\" \/>\n\t<meta property=\"og:image:type\" content=\"image\/png\" \/>\n<meta name=\"twitter:label1\" content=\"Gesch\u00e4tzte Lesezeit\" \/>\n\t<meta name=\"twitter:data1\" content=\"3\u00a0Minuten\" \/>\n<script type=\"application\/ld+json\" class=\"yoast-schema-graph\">{\"@context\":\"https:\/\/schema.org\",\"@graph\":[{\"@type\":\"WebPage\",\"@id\":\"https:\/\/business.roovi.com\/de\/1000-teile-puzzle-fur-erwachsene-beruhmte-orte-schloss-neuschwanstein\/p\/\",\"url\":\"https:\/\/business.roovi.com\/de\/1000-teile-puzzle-fur-erwachsene-beruhmte-orte-schloss-neuschwanstein\/p\/\",\"name\":\"1000-Teile-Puzzle f\u00fcr Erwachsene - Ber\u00fchmte Orte - Schloss Neuschwanstein\",\"isPartOf\":{\"@id\":\"https:\/\/business.roovi.com\/de\/#website\"},\"datePublished\":\"2018-04-16T10:56:17+00:00\",\"dateModified\":\"2022-07-06T16:49:52+00:00\",\"description\":\"1000-Teile-Puzzle f\u00fcr Erwachsene - Ber\u00fchmte Orte - Schloss Neuschwanstein\",\"breadcrumb\":{\"@id\":\"https:\/\/business.roovi.com\/de\/1000-teile-puzzle-fur-erwachsene-beruhmte-orte-schloss-neuschwanstein\/p\/#breadcrumb\"},\"inLanguage\":\"de\",\"potentialAction\":[{\"@type\":\"ReadAction\",\"target\":[\"https:\/\/business.roovi.com\/de\/1000-teile-puzzle-fur-erwachsene-beruhmte-orte-schloss-neuschwanstein\/p\/\"]}]},{\"@type\":\"BreadcrumbList\",\"@id\":\"https:\/\/business.roovi.com\/de\/1000-teile-puzzle-fur-erwachsene-beruhmte-orte-schloss-neuschwanstein\/p\/#breadcrumb\",\"itemListElement\":[{\"@type\":\"ListItem\",\"position\":1,\"name\":\"Home\",\"item\":\"https:\/\/business.roovi.com\/de\/\"},{\"@type\":\"ListItem\",\"position\":2,\"name\":\"Shop\",\"item\":\"https:\/\/business.roovi.com\/de\/shop\/\"},{\"@type\":\"ListItem\",\"position\":3,\"name\":\"1000-Teile-Puzzle f\u00fcr Erwachsene &#8211; Ber\u00fchmte Orte &#8211; Schloss Neuschwanstein\"}]},{\"@type\":\"WebSite\",\"@id\":\"https:\/\/business.roovi.com\/de\/#website\",\"url\":\"https:\/\/business.roovi.com\/de\/\",\"name\":\"Roovi B2B\",\"description\":\"Roovi Business Website\",\"potentialAction\":[{\"@type\":\"SearchAction\",\"target\":{\"@type\":\"EntryPoint\",\"urlTemplate\":\"https:\/\/business.roovi.com\/de\/?s={search_term_string}\"},\"query-input\":\"required name=search_term_string\"}],\"inLanguage\":\"de\"}]}<\/script>\n<!-- \/ Yoast SEO plugin. -->","yoast_head_json":{"title":"1000-Teile-Puzzle f\u00fcr Erwachsene - Ber\u00fchmte Orte - Schloss Neuschwanstein","description":"1000-Teile-Puzzle f\u00fcr Erwachsene - Ber\u00fchmte Orte - Schloss Neuschwanstein","robots":{"index":"index","follow":"follow","max-snippet":"max-snippet:-1","max-image-preview":"max-image-preview:large","max-video-preview":"max-video-preview:-1"},"canonical":"https:\/\/business.roovi.com\/de\/1000-teile-puzzle-fur-erwachsene-beruhmte-orte-schloss-neuschwanstein\/p\/","og_locale":"de_DE","og_type":"article","og_title":"1000-Teile-Puzzle f\u00fcr Erwachsene - Ber\u00fchmte Orte - Schloss Neuschwanstein","og_description":"1000-Teile-Puzzle f\u00fcr Erwachsene - Ber\u00fchmte Orte - Schloss Neuschwanstein","og_url":"https:\/\/business.roovi.com\/de\/1000-teile-puzzle-fur-erwachsene-beruhmte-orte-schloss-neuschwanstein\/p\/","og_site_name":"Roovi B2B","article_publisher":"https:\/\/www.facebook.com\/wwwjucariero","article_modified_time":"2022-07-06T16:49:52+00:00","og_image":[{"width":2000,"height":2000,"url":"https:\/\/business.roovi.com\/wp-content\/uploads\/2018\/04\/64288-02_ansamblu_dimensiuni_cutie_cm_orizontal.png","type":"image\/png"}],"twitter_misc":{"Gesch\u00e4tzte Lesezeit":"3\u00a0Minuten"},"schema":{"@context":"https:\/\/schema.org","@graph":[{"@type":"WebPage","@id":"https:\/\/business.roovi.com\/de\/1000-teile-puzzle-fur-erwachsene-beruhmte-orte-schloss-neuschwanstein\/p\/","url":"https:\/\/business.roovi.com\/de\/1000-teile-puzzle-fur-erwachsene-beruhmte-orte-schloss-neuschwanstein\/p\/","name":"1000-Teile-Puzzle f\u00fcr Erwachsene - Ber\u00fchmte Orte - Schloss Neuschwanstein","isPartOf":{"@id":"https:\/\/business.roovi.com\/de\/#website"},"datePublished":"2018-04-16T10:56:17+00:00","dateModified":"2022-07-06T16:49:52+00:00","description":"1000-Teile-Puzzle f\u00fcr Erwachsene - Ber\u00fchmte Orte - Schloss Neuschwanstein","breadcrumb":{"@id":"https:\/\/business.roovi.com\/de\/1000-teile-puzzle-fur-erwachsene-beruhmte-orte-schloss-neuschwanstein\/p\/#breadcrumb"},"inLanguage":"de","potentialAction":[{"@type":"ReadAction","target":["https:\/\/business.roovi.com\/de\/1000-teile-puzzle-fur-erwachsene-beruhmte-orte-schloss-neuschwanstein\/p\/"]}]},{"@type":"BreadcrumbList","@id":"https:\/\/business.roovi.com\/de\/1000-teile-puzzle-fur-erwachsene-beruhmte-orte-schloss-neuschwanstein\/p\/#breadcrumb","itemListElement":[{"@type":"ListItem","position":1,"name":"Home","item":"https:\/\/business.roovi.com\/de\/"},{"@type":"ListItem","position":2,"name":"Shop","item":"https:\/\/business.roovi.com\/de\/shop\/"},{"@type":"ListItem","position":3,"name":"1000-Teile-Puzzle f\u00fcr Erwachsene &#8211; Ber\u00fchmte Orte &#8211; Schloss Neuschwanstein"}]},{"@type":"WebSite","@id":"https:\/\/business.roovi.com\/de\/#website","url":"https:\/\/business.roovi.com\/de\/","name":"Roovi B2B","description":"Roovi Business Website","potentialAction":[{"@type":"SearchAction","target":{"@type":"EntryPoint","urlTemplate":"https:\/\/business.roovi.com\/de\/?s={search_term_string}"},"query-input":"required name=search_term_string"}],"inLanguage":"de"}]}},"_links":{"self":[{"href":"https:\/\/business.roovi.com\/de\/wp-json\/wp\/v2\/product\/41366","targetHints":{"allow":["GET"]}}],"collection":[{"href":"https:\/\/business.roovi.com\/de\/wp-json\/wp\/v2\/product"}],"about":[{"href":"https:\/\/business.roovi.com\/de\/wp-json\/wp\/v2\/types\/product"}],"version-history":[{"count":0,"href":"https:\/\/business.roovi.com\/de\/wp-json\/wp\/v2\/product\/41366\/revisions"}],"wp:featuredmedia":[{"embeddable":true,"href":"https:\/\/business.roovi.com\/de\/wp-json\/wp\/v2\/media\/33805"}],"wp:attachment":[{"href":"https:\/\/business.roovi.com\/de\/wp-json\/wp\/v2\/media?parent=41366"}],"wp:term":[{"taxonomy":"product_brand","embeddable":true,"href":"https:\/\/business.roovi.com\/de\/wp-json\/wp\/v2\/product_brand?post=41366"},{"taxonomy":"product_cat","embeddable":true,"href":"https:\/\/business.roovi.com\/de\/wp-json\/wp\/v2\/product_cat?post=41366"},{"taxonomy":"product_tag","embeddable":true,"href":"https:\/\/business.roovi.com\/de\/wp-json\/wp\/v2\/product_tag?post=41366"}],"curies":[{"name":"wp","href":"https:\/\/api.w.org\/{rel}","templated":true}]}}