{"id":41382,"date":"2018-04-16T10:56:17","date_gmt":"2018-04-16T10:56:17","guid":{"rendered":"https:\/\/business.roovi.com\/puzzle-adulti-1000-piese-locuri-celebre-turnul-din-pisa\/p\/"},"modified":"2022-07-06T16:54:22","modified_gmt":"2022-07-06T16:54:22","slug":"1000-teile-puzzle-fur-erwachsene-beruhmte-orte-turm-von-pisa","status":"publish","type":"product","link":"https:\/\/business.roovi.com\/de\/1000-teile-puzzle-fur-erwachsene-beruhmte-orte-turm-von-pisa\/p\/","title":{"rendered":"1000-Teile-Puzzle f\u00fcr Erwachsene &#8211; Ber\u00fchmte Orte &#8211; Turm von Pisa"},"content":{"rendered":"<p><strong><em>Entdecke ber\u00fchmte Sehensw\u00fcrdigkeiten auf der ganzen Welt mit der 1000-teiligen Puzzle-Serie Famous Places.<\/em><\/strong><\/p>\n<p><span style=\"font-weight: 400\">Eine der ber\u00fchmtesten Sehensw\u00fcrdigkeiten Italiens ist der Schiefe Turm von Pisa. Entdecke diesen einzigartigen Ort durch ein R\u00e4tselspiel mit einem einzigartigen Design <\/span><\/p>\n<p><span style=\"font-weight: 400\">Es gibt viele schiefe T\u00fcrme auf der Welt, aber keiner hat es geschafft, aus seinem Makel Kapital zu schlagen und ihn zu einer Touristenattraktion f\u00fcr Tausende von Touristen zu machen wie der Turm von Pisa. F\u00fcr manche stellt sie andere herausragende architektonische Bauwerke in der Gegend in den Schatten, aber das macht sie nicht weniger beliebt und fast jeder, der in die Region kommt, verewigt sie in unvergesslichen Fotos.<\/span><\/p>\n<p><span style=\"font-weight: 400\">Jetzt kannst auch du einen Blick auf das einzigartige Bauwerk werfen, das du mit deinen eigenen H\u00e4nden geschaffen hast, und zwar ganz bequem und in der Privatsph\u00e4re deines eigenen Zuhauses. Am Ende wirst du es genie\u00dfen, die beeindruckenden Details in aller Ruhe zu bewundern, wann immer du eine Pause von den Alltagssorgen brauchst.<\/span><\/p>\n<p><span style=\"font-weight: 400\">Also nimm eine kreative Herausforderung an. Bringe die 1000 Puzzleteile in die richtige Reihenfolge und baue den kultigen schiefen Turm wieder zusammen. Du kannst einen normalen Couchtisch verwenden, um die St\u00fccke zu st\u00fctzen. Die Gr\u00f6\u00dfe des nachgebildeten Bildes betr\u00e4gt 68 x 47 cm und ist ideal, um ein dekoratives Bild zu gestalten, das einem tristen Raum in deinem Zuhause Pers\u00f6nlichkeit verleiht.<\/span><\/p>\n<p><strong>Warum ein 1000-Teile-Puzzle aus der Kollektion Ber\u00fchmte Orte?<\/strong><strong>?<\/strong><\/p>\n<p><span style=\"font-weight: 400\">Du hast die M\u00f6glichkeit, auf entspannte Art und Weise einige der weltweit bekanntesten Touristenorte zu entdecken.<\/span><\/p>\n<p><span style=\"font-weight: 400\">Mit deinen eigenen H\u00e4nden erschaffst du ein faszinierendes Bild, das du lange Zeit bewundern kannst.<\/span><\/p>\n<p><span style=\"font-weight: 400\">Jedes 1000-teilige Puzzle ist aus hochwertigem Karton gefertigt, wodurch die Teile auch nach mehrmaligem Gebrauch noch haltbar sind.<\/span><\/p>\n<p><span style=\"font-weight: 400\">Es ist naturfreundlich und wird aus nachhaltigen und recycelbaren Materialien hergestellt.<\/span><\/p>\n<p><span style=\"font-weight: 400\">Es hat eine halbgl\u00e4nzende Oberfl\u00e4che und angenehme Farben, die die Sch\u00f6nheit des Bildes hervorheben.<\/span><\/p>\n<p><span style=\"font-weight: 400\">Es ist f\u00fcr Leute ab 14 Jahren geeignet, damit du die Kreativit\u00e4t von Teenagern herausfordern kannst.<\/span><\/p>\n<p><span style=\"font-weight: 400\">Das Puzzlespiel fordert deinen Verstand heraus und ist ein hervorragendes Denksportspiel <\/span><\/p>\n<p><span style=\"font-weight: 400\">Es erh\u00e4lt die Koordination, die Beweglichkeit und die Geschicklichkeit <\/span><\/p>\n<p><span style=\"font-weight: 400\">Es hilft, die Stimmung zu verbessern und gibt dir die Befriedigung, ein bestimmtes Ziel zu erreichen.<\/span><\/p>\n<p><strong>Wusstest du, dass&#8230;?<\/strong><\/p>\n<p><span style=\"font-weight: 400\">Der Bau des Schiefen Turms von Pisa dauerte fast 2 Jahrhunderte, er begann 1173 und wurde 1399 fertiggestellt.<\/span><\/p>\n<p><span style=\"font-weight: 400\">Der Turm sollte als Glockenturm der Kathedrale von Pisa dienen.<\/span><\/p>\n<p><span style=\"font-weight: 400\">Vom Fu\u00df des Turms bis zur Spitze sind es 251 Stufen.<\/span><\/p>\n<p><span style=\"font-weight: 400\">Der italienische Diktator Benito Mussolini versuchte, das Geb\u00e4ude zu begradigen, weil er der Meinung war, dass es dem Ruf Italiens schadete. Seine Arbeit f\u00fchrte nur dazu, dass sich der Turm noch mehr neigte <\/span><\/p>\n<p><span style=\"font-weight: 400\">Im Jahr 1944 musste die amerikanische Armee die Kanone bombardieren, um<\/span><\/p>\n<p><span style=\"font-weight: 400\">Wir haben einen schiefen Turm in Rum\u00e4nien, aber nicht so schief wie der in Pisa :). Es ist der Turm der Trompeter in Media\u0219, der die <\/span><span style=\"font-weight: 400\">eine Abweichung auf der Achse von 2,28 Metern <\/span><\/p>\n<p><strong>5 Vorteile der Vervollst\u00e4ndigung eines 1000-teiligen Puzzles aus der ber\u00fchmten Orte-Puzzle-Kollektion<\/strong><\/p>\n<p><span style=\"font-weight: 400\">Hilft dir, dich im Alltag besser zu konzentrieren.<\/span><\/p>\n<p><span style=\"font-weight: 400\">Es trainiert beide Gehirnh\u00e4lften und hilft so, dein Ged\u00e4chtnis zu verbessern.<\/span><\/p>\n<p><span style=\"font-weight: 400\">Du f\u00fchlst dich wie ein kleiner Detektiv, der nach Hinweisen sucht, sie zusammensetzt und das Geheimnis eines ber\u00fchmten Ziels l\u00f6st.<\/span><\/p>\n<p><span style=\"font-weight: 400\">Es hilft dir, dich mit dir selbst zu verbinden. Du bist nur mit dir selbst zusammen und konzentrierst dich auf eine bestimmte Aufgabe, die du mit Entschlossenheit ausf\u00fchrst.<\/span><\/p>\n<p><span style=\"font-weight: 400\">verbessert dein visuelles und r\u00e4umliches Vorstellungsverm\u00f6gen. Wenn du ein Puzzle mit 1000 Teilen machst, musst du darauf achten, dass jedes Teil in das Gesamtbild passt. Durch \u00dcben kannst du diese F\u00e4higkeit verbessern.<\/span><\/p>\n<p><span style=\"font-weight: 400\">Das 1000-teilige Turm von Pisa-Puzzle aus der Famous Places Kollektion ist ein ideales Geschenk f\u00fcr den Weihnachtsbaum oder f\u00fcr puzzlebegeisterte Freunde zum Geburtstag.<\/span><\/p><\/p>\n","protected":false},"excerpt":{"rendered":"<p>Entdecke ber\u00fchmte Sehensw\u00fcrdigkeiten auf der ganzen Welt mit der 1000-teiligen Puzzle-Serie Famous Places. Eine der ber\u00fchmtesten Sehensw\u00fcrdigkeiten Italiens ist der<\/p>\n","protected":false},"featured_media":33831,"template":"","meta":[],"product_brand":[],"product_cat":[1916,1875,1915],"product_tag":[],"class_list":{"0":"post-41382","1":"product","2":"type-product","3":"status-publish","4":"has-post-thumbnail","6":"product_cat-1000-teile-puzzle","7":"product_cat-puzzle-de","8":"product_cat-puzzlespiele-fur-erwachsene","9":"pa_bax-10-de","10":"pa_brand-d_toys-de","11":"pa_country_of_manufacture-ro-de","12":"pa_filter_age-14-de","13":"pa_painter-beruhmte-orte","14":"pa_tip_ambalaj-kasten-a4-de","15":"pa_tip_puzzle-klassisch","17":"first","18":"instock","19":"taxable","20":"shipping-taxable","21":"product-type-simple"},"yoast_head":"<!-- This site is optimized with the Yoast SEO plugin v20.1 - https:\/\/yoast.com\/wordpress\/plugins\/seo\/ -->\n<title>1000-Teile-Puzzle f\u00fcr Erwachsene - Ber\u00fchmte Orte - Turm von Pisa<\/title>\n<meta name=\"description\" content=\"1000-Teile-Puzzle f\u00fcr Erwachsene - Ber\u00fchmte Orte - Turm von Pisa\" \/>\n<meta name=\"robots\" content=\"index, follow, max-snippet:-1, max-image-preview:large, max-video-preview:-1\" \/>\n<link rel=\"canonical\" href=\"https:\/\/business.roovi.com\/de\/1000-teile-puzzle-fur-erwachsene-beruhmte-orte-turm-von-pisa\/p\/\" \/>\n<meta property=\"og:locale\" content=\"de_DE\" \/>\n<meta property=\"og:type\" content=\"article\" \/>\n<meta property=\"og:title\" content=\"1000-Teile-Puzzle f\u00fcr Erwachsene - Ber\u00fchmte Orte - Turm von Pisa\" \/>\n<meta property=\"og:description\" content=\"1000-Teile-Puzzle f\u00fcr Erwachsene - Ber\u00fchmte Orte - Turm von Pisa\" \/>\n<meta property=\"og:url\" content=\"https:\/\/business.roovi.com\/de\/1000-teile-puzzle-fur-erwachsene-beruhmte-orte-turm-von-pisa\/p\/\" \/>\n<meta property=\"og:site_name\" content=\"Roovi B2B\" \/>\n<meta property=\"article:publisher\" content=\"https:\/\/www.facebook.com\/wwwjucariero\" \/>\n<meta property=\"article:modified_time\" content=\"2022-07-06T16:54:22+00:00\" \/>\n<meta property=\"og:image\" content=\"https:\/\/business.roovi.com\/wp-content\/uploads\/2018\/04\/64288-03_ansamblu_dimensiuni_cutie_cm_vertical.png\" \/>\n\t<meta property=\"og:image:width\" content=\"2000\" \/>\n\t<meta property=\"og:image:height\" content=\"2000\" \/>\n\t<meta property=\"og:image:type\" content=\"image\/png\" \/>\n<meta name=\"twitter:label1\" content=\"Gesch\u00e4tzte Lesezeit\" \/>\n\t<meta name=\"twitter:data1\" content=\"3\u00a0Minuten\" \/>\n<script type=\"application\/ld+json\" class=\"yoast-schema-graph\">{\"@context\":\"https:\/\/schema.org\",\"@graph\":[{\"@type\":\"WebPage\",\"@id\":\"https:\/\/business.roovi.com\/de\/1000-teile-puzzle-fur-erwachsene-beruhmte-orte-turm-von-pisa\/p\/\",\"url\":\"https:\/\/business.roovi.com\/de\/1000-teile-puzzle-fur-erwachsene-beruhmte-orte-turm-von-pisa\/p\/\",\"name\":\"1000-Teile-Puzzle f\u00fcr Erwachsene - Ber\u00fchmte Orte - Turm von Pisa\",\"isPartOf\":{\"@id\":\"https:\/\/business.roovi.com\/de\/#website\"},\"datePublished\":\"2018-04-16T10:56:17+00:00\",\"dateModified\":\"2022-07-06T16:54:22+00:00\",\"description\":\"1000-Teile-Puzzle f\u00fcr Erwachsene - Ber\u00fchmte Orte - Turm von Pisa\",\"breadcrumb\":{\"@id\":\"https:\/\/business.roovi.com\/de\/1000-teile-puzzle-fur-erwachsene-beruhmte-orte-turm-von-pisa\/p\/#breadcrumb\"},\"inLanguage\":\"de\",\"potentialAction\":[{\"@type\":\"ReadAction\",\"target\":[\"https:\/\/business.roovi.com\/de\/1000-teile-puzzle-fur-erwachsene-beruhmte-orte-turm-von-pisa\/p\/\"]}]},{\"@type\":\"BreadcrumbList\",\"@id\":\"https:\/\/business.roovi.com\/de\/1000-teile-puzzle-fur-erwachsene-beruhmte-orte-turm-von-pisa\/p\/#breadcrumb\",\"itemListElement\":[{\"@type\":\"ListItem\",\"position\":1,\"name\":\"Home\",\"item\":\"https:\/\/business.roovi.com\/de\/\"},{\"@type\":\"ListItem\",\"position\":2,\"name\":\"Shop\",\"item\":\"https:\/\/business.roovi.com\/de\/shop\/\"},{\"@type\":\"ListItem\",\"position\":3,\"name\":\"1000-Teile-Puzzle f\u00fcr Erwachsene &#8211; Ber\u00fchmte Orte &#8211; Turm von Pisa\"}]},{\"@type\":\"WebSite\",\"@id\":\"https:\/\/business.roovi.com\/de\/#website\",\"url\":\"https:\/\/business.roovi.com\/de\/\",\"name\":\"Roovi B2B\",\"description\":\"Roovi Business Website\",\"potentialAction\":[{\"@type\":\"SearchAction\",\"target\":{\"@type\":\"EntryPoint\",\"urlTemplate\":\"https:\/\/business.roovi.com\/de\/?s={search_term_string}\"},\"query-input\":\"required name=search_term_string\"}],\"inLanguage\":\"de\"}]}<\/script>\n<!-- \/ Yoast SEO plugin. -->","yoast_head_json":{"title":"1000-Teile-Puzzle f\u00fcr Erwachsene - Ber\u00fchmte Orte - Turm von Pisa","description":"1000-Teile-Puzzle f\u00fcr Erwachsene - Ber\u00fchmte Orte - Turm von Pisa","robots":{"index":"index","follow":"follow","max-snippet":"max-snippet:-1","max-image-preview":"max-image-preview:large","max-video-preview":"max-video-preview:-1"},"canonical":"https:\/\/business.roovi.com\/de\/1000-teile-puzzle-fur-erwachsene-beruhmte-orte-turm-von-pisa\/p\/","og_locale":"de_DE","og_type":"article","og_title":"1000-Teile-Puzzle f\u00fcr Erwachsene - Ber\u00fchmte Orte - Turm von Pisa","og_description":"1000-Teile-Puzzle f\u00fcr Erwachsene - Ber\u00fchmte Orte - Turm von Pisa","og_url":"https:\/\/business.roovi.com\/de\/1000-teile-puzzle-fur-erwachsene-beruhmte-orte-turm-von-pisa\/p\/","og_site_name":"Roovi B2B","article_publisher":"https:\/\/www.facebook.com\/wwwjucariero","article_modified_time":"2022-07-06T16:54:22+00:00","og_image":[{"width":2000,"height":2000,"url":"https:\/\/business.roovi.com\/wp-content\/uploads\/2018\/04\/64288-03_ansamblu_dimensiuni_cutie_cm_vertical.png","type":"image\/png"}],"twitter_misc":{"Gesch\u00e4tzte Lesezeit":"3\u00a0Minuten"},"schema":{"@context":"https:\/\/schema.org","@graph":[{"@type":"WebPage","@id":"https:\/\/business.roovi.com\/de\/1000-teile-puzzle-fur-erwachsene-beruhmte-orte-turm-von-pisa\/p\/","url":"https:\/\/business.roovi.com\/de\/1000-teile-puzzle-fur-erwachsene-beruhmte-orte-turm-von-pisa\/p\/","name":"1000-Teile-Puzzle f\u00fcr Erwachsene - Ber\u00fchmte Orte - Turm von Pisa","isPartOf":{"@id":"https:\/\/business.roovi.com\/de\/#website"},"datePublished":"2018-04-16T10:56:17+00:00","dateModified":"2022-07-06T16:54:22+00:00","description":"1000-Teile-Puzzle f\u00fcr Erwachsene - Ber\u00fchmte Orte - Turm von Pisa","breadcrumb":{"@id":"https:\/\/business.roovi.com\/de\/1000-teile-puzzle-fur-erwachsene-beruhmte-orte-turm-von-pisa\/p\/#breadcrumb"},"inLanguage":"de","potentialAction":[{"@type":"ReadAction","target":["https:\/\/business.roovi.com\/de\/1000-teile-puzzle-fur-erwachsene-beruhmte-orte-turm-von-pisa\/p\/"]}]},{"@type":"BreadcrumbList","@id":"https:\/\/business.roovi.com\/de\/1000-teile-puzzle-fur-erwachsene-beruhmte-orte-turm-von-pisa\/p\/#breadcrumb","itemListElement":[{"@type":"ListItem","position":1,"name":"Home","item":"https:\/\/business.roovi.com\/de\/"},{"@type":"ListItem","position":2,"name":"Shop","item":"https:\/\/business.roovi.com\/de\/shop\/"},{"@type":"ListItem","position":3,"name":"1000-Teile-Puzzle f\u00fcr Erwachsene &#8211; Ber\u00fchmte Orte &#8211; Turm von Pisa"}]},{"@type":"WebSite","@id":"https:\/\/business.roovi.com\/de\/#website","url":"https:\/\/business.roovi.com\/de\/","name":"Roovi B2B","description":"Roovi Business Website","potentialAction":[{"@type":"SearchAction","target":{"@type":"EntryPoint","urlTemplate":"https:\/\/business.roovi.com\/de\/?s={search_term_string}"},"query-input":"required name=search_term_string"}],"inLanguage":"de"}]}},"_links":{"self":[{"href":"https:\/\/business.roovi.com\/de\/wp-json\/wp\/v2\/product\/41382","targetHints":{"allow":["GET"]}}],"collection":[{"href":"https:\/\/business.roovi.com\/de\/wp-json\/wp\/v2\/product"}],"about":[{"href":"https:\/\/business.roovi.com\/de\/wp-json\/wp\/v2\/types\/product"}],"version-history":[{"count":0,"href":"https:\/\/business.roovi.com\/de\/wp-json\/wp\/v2\/product\/41382\/revisions"}],"wp:featuredmedia":[{"embeddable":true,"href":"https:\/\/business.roovi.com\/de\/wp-json\/wp\/v2\/media\/33831"}],"wp:attachment":[{"href":"https:\/\/business.roovi.com\/de\/wp-json\/wp\/v2\/media?parent=41382"}],"wp:term":[{"taxonomy":"product_brand","embeddable":true,"href":"https:\/\/business.roovi.com\/de\/wp-json\/wp\/v2\/product_brand?post=41382"},{"taxonomy":"product_cat","embeddable":true,"href":"https:\/\/business.roovi.com\/de\/wp-json\/wp\/v2\/product_cat?post=41382"},{"taxonomy":"product_tag","embeddable":true,"href":"https:\/\/business.roovi.com\/de\/wp-json\/wp\/v2\/product_tag?post=41382"}],"curies":[{"name":"wp","href":"https:\/\/api.w.org\/{rel}","templated":true}]}}