{"id":41390,"date":"2018-04-16T10:56:17","date_gmt":"2018-04-16T10:56:17","guid":{"rendered":"https:\/\/business.roovi.com\/puzzle-adulti-1000-piese-locuri-celebre-sagrada-familia\/p\/"},"modified":"2022-07-06T16:54:41","modified_gmt":"2022-07-06T16:54:41","slug":"1000-teile-puzzle-fur-erwachsene-beruhmte-orte-sagrada-familia","status":"publish","type":"product","link":"https:\/\/business.roovi.com\/de\/1000-teile-puzzle-fur-erwachsene-beruhmte-orte-sagrada-familia\/p\/","title":{"rendered":"1000-Teile-Puzzle f\u00fcr Erwachsene &#8211; Ber\u00fchmte Orte &#8211; Sagrada Familia"},"content":{"rendered":"<p><strong><em>Bist du auf der Suche nach einem besonderen Geschenk oder m\u00f6chtest du die Langeweile an tr\u00fcben Tagen vertreiben? Geh auf Nummer sicher mit dem 1000-Teile-Puzzle aus der Famous Places Kollektion! <\/em><\/strong><\/p>\n<p><span style=\"font-weight: 400\">Die Sagrada Familia raubt dir den Atem, sowohl wenn du sie pers\u00f6nlich siehst, als auch wenn du sie auf einem makellosen Bild wie dem in dem 1000-Teile-Puzzle aus der Famous Places Kollektion betrachtest. Mit viel Hingabe und Geschick hast du die M\u00f6glichkeit, ein au\u00dfergew\u00f6hnliches Puzzlespiel zu absolvieren und das Bild der ber\u00fchmten katalanischen Kathedrale zu vervollst\u00e4ndigen.<\/span><\/p>\n<p><span style=\"font-weight: 400\">Der Architekt  <\/span><span style=\"font-weight: 400\">Antonio Gaudi hat die letzten 15 Jahre seines Lebens ausschlie\u00dflich diesem Projekt gewidmet, aber er hat es nie fertiggestellt. Die Arbeiten sind noch im Gange und die beteiligten Architekten hoffen, das Projekt im Jahr 2026, dem 100. Todestag Gaudis, fertigzustellen.<\/span><\/p>\n<p><span style=\"font-weight: 400\">In den ersten Jahren des Baus richtete Gaudi hier eine Schule ein, die die Kinder der Arbeiter, die an der Sagrada Familia arbeiteten, besuchten. Heute beherbergt es eine Ausstellung \u00fcber die ber\u00fchmte Kathedrale.<\/span><\/p>\n<p><span style=\"font-weight: 400\">Lege St\u00fcck f\u00fcr St\u00fcck und schnitze aus 1000 perfekt geschnittenen St\u00fccken ein atemberaubendes Bild dieses ikonischen Wahrzeichens von Barcelona. Wenn das Gem\u00e4lde fertig ist, kannst du sehns\u00fcchtig auf ein Meisterwerk blicken, das wie kein anderes auf der Welt durch die Kombination von Gotik und Jugendstil entstanden ist.<\/span><\/p>\n<p><strong>Warum solltest du dich f\u00fcr ein 1000-Teile-Puzzle aus der Kollektion der ber\u00fchmten Orte entscheiden?<\/strong><\/p>\n<p><span style=\"font-weight: 400\">Ein 1000-Teile-Puzzle ist eine originelle Art, die Sch\u00f6nheit und Einzigartigkeit eines ber\u00fchmten Wahrzeichens der Welt zu entdecken.<\/span><\/p>\n<p><span style=\"font-weight: 400\">Du erh\u00e4ltst ein faszinierendes 68 x 47 cm gro\u00dfes Bild, das jedem tristen Fleck in deinem Zuhause Pers\u00f6nlichkeit verleiht.<\/span><\/p>\n<p><span style=\"font-weight: 400\">Jedes 1000-teilige Puzzle ist aus hochwertigem Karton gefertigt, der die Teile auch nach mehrmaligem Gebrauch noch haltbar macht.<\/span><\/p>\n<p><span style=\"font-weight: 400\">Es ist umweltfreundlich, da es aus nachhaltigen und recycelbaren Materialien hergestellt wird.<\/span><\/p>\n<p><span style=\"font-weight: 400\">Es hat eine halbgl\u00e4nzende Oberfl\u00e4che und angenehme Farben, die die Klarheit des Bildes unterstreichen.<\/span><\/p>\n<p><span style=\"font-weight: 400\">Es ist f\u00fcr Personen ab 14 Jahren geeignet und bietet die M\u00f6glichkeit, eine sch\u00f6ne Zeit mit Teenagern zu verbringen.<\/span><\/p>\n<p><span style=\"font-weight: 400\">Es ist ein hervorragendes Gehirntraining und hilft, das Ged\u00e4chtnis zu verbessern.<\/span><\/p>\n<p><span style=\"font-weight: 400\">Es hilft dir, deine Koordination und Konzentrationsf\u00e4higkeit lange zu erhalten <\/span><\/p>\n<p><span style=\"font-weight: 400\">Es macht gute Laune und gibt dir die Befriedigung, ein bestimmtes Ziel zu erreichen.<\/span><\/p>\n<p><strong>Wusstest du, dass&#8230;?<\/strong><\/p>\n<p><span style=\"font-weight: 400\">Die Sagrada Familia wird 18 T\u00fcrme haben. Derzeit sind nur 9 fertiggestellt, das h\u00f6chste ist 138 Meter hoch.<\/span><\/p>\n<p><span style=\"font-weight: 400\">Es wurde ausschlie\u00dflich aus Spendengeldern gebaut, wie Gaudi es wollte, und deshalb dauert es so lange, bis es fertig ist.<\/span><\/p>\n<p><span style=\"font-weight: 400\">W\u00e4hrend des B\u00fcrgerkriegs im Jahr 1936 wurden viele von Gaudis Skizzen und Pl\u00e4nen zerst\u00f6rt. Diese wurden rekonstruiert, aber viele glauben, dass die Sagrada Familia nach ihrer Fertigstellung nicht so aussehen wird, wie ihr Sch\u00f6pfer es sich vorgestellt hat.<\/span><\/p>\n<p><span style=\"font-weight: 400\">Gaudi glaubte, dass die Sagrada Familia Gottes g\u00f6ttlicher Plan f\u00fcr ihn war und widmete ihr 40 Jahre seiner Karriere.<\/span><\/p>\n<p><strong>Das 1000-Teile-Puzzle Sagrada Familia trennt dich von den Bildschirmen<\/strong><\/p>\n<p><span style=\"font-weight: 400\">Du willst mehr Zeit abseits der Bildschirme verbringen, aber sobald du an dein Handy denkst, tauchst du in die virtuelle Welt ein? Das 1000-teilige Puzzle mit dem Bild der Sagrada Familia verbindet dich mit dir selbst und h\u00e4lt dich von virtuellen Verlockungen fern. Wenn du es geschafft hast, das Bild zu vollenden, erlebst du ein unvergleichliches Gef\u00fchl der Selbstzufriedenheit und m\u00f6chtest es immer wieder erleben.<\/span><\/p>\n<p><span style=\"font-weight: 400\">Du kannst deine Liebsten in diesen wunderbaren Plan einbeziehen. Organisiere R\u00e4tselrunden mit deinen Kindern oder Freunden und genie\u00dfe echte Geselligkeit in der Gesellschaft von echten Menschen <\/span><\/p>\n<p><span style=\"font-weight: 400\">W\u00e4hle das 1000-teilige Sagrada Familia-Puzzle aus der Sammlung von Puzzlespielen mit Bildern ber\u00fchmter Orte, wenn du Lust auf geistige Herausforderungen hast oder verschenke es an deine puzzlebegeisterten Freunde zu verschiedenen festlichen Anl\u00e4ssen.<\/span><\/p><\/p>\n","protected":false},"excerpt":{"rendered":"<p>Bist du auf der Suche nach einem besonderen Geschenk oder m\u00f6chtest du die Langeweile an tr\u00fcben Tagen vertreiben? Geh auf<\/p>\n","protected":false},"featured_media":33859,"template":"","meta":[],"product_brand":[],"product_cat":[1916,1875,1915],"product_tag":[],"class_list":{"0":"post-41390","1":"product","2":"type-product","3":"status-publish","4":"has-post-thumbnail","6":"product_cat-1000-teile-puzzle","7":"product_cat-puzzle-de","8":"product_cat-puzzlespiele-fur-erwachsene","9":"pa_bax-10-de","10":"pa_brand-d_toys-de","11":"pa_country_of_manufacture-ro-de","12":"pa_filter_age-14-de","13":"pa_painter-beruhmte-orte","14":"pa_tip_ambalaj-kasten-a4-de","15":"pa_tip_puzzle-klassisch","17":"first","18":"instock","19":"taxable","20":"shipping-taxable","21":"product-type-simple"},"yoast_head":"<!-- This site is optimized with the Yoast SEO plugin v20.1 - https:\/\/yoast.com\/wordpress\/plugins\/seo\/ -->\n<title>1000-Teile-Puzzle f\u00fcr Erwachsene - Ber\u00fchmte Orte - Sagrada Familia<\/title>\n<meta name=\"description\" content=\"1000-Teile-Puzzle f\u00fcr Erwachsene - Ber\u00fchmte Orte - Sagrada Familia\" \/>\n<meta name=\"robots\" content=\"index, follow, max-snippet:-1, max-image-preview:large, max-video-preview:-1\" \/>\n<link rel=\"canonical\" href=\"https:\/\/business.roovi.com\/de\/1000-teile-puzzle-fur-erwachsene-beruhmte-orte-sagrada-familia\/p\/\" \/>\n<meta property=\"og:locale\" content=\"de_DE\" \/>\n<meta property=\"og:type\" content=\"article\" \/>\n<meta property=\"og:title\" content=\"1000-Teile-Puzzle f\u00fcr Erwachsene - Ber\u00fchmte Orte - Sagrada Familia\" \/>\n<meta property=\"og:description\" content=\"1000-Teile-Puzzle f\u00fcr Erwachsene - Ber\u00fchmte Orte - Sagrada Familia\" \/>\n<meta property=\"og:url\" content=\"https:\/\/business.roovi.com\/de\/1000-teile-puzzle-fur-erwachsene-beruhmte-orte-sagrada-familia\/p\/\" \/>\n<meta property=\"og:site_name\" content=\"Roovi B2B\" \/>\n<meta property=\"article:publisher\" content=\"https:\/\/www.facebook.com\/wwwjucariero\" \/>\n<meta property=\"article:modified_time\" content=\"2022-07-06T16:54:41+00:00\" \/>\n<meta property=\"og:image\" content=\"https:\/\/business.roovi.com\/wp-content\/uploads\/2018\/04\/64288-06-ansamblu_dimensiuni-cutie-cm_vertical_1.png\" \/>\n\t<meta property=\"og:image:width\" content=\"1200\" \/>\n\t<meta property=\"og:image:height\" content=\"1200\" \/>\n\t<meta property=\"og:image:type\" content=\"image\/png\" \/>\n<meta name=\"twitter:label1\" content=\"Gesch\u00e4tzte Lesezeit\" \/>\n\t<meta name=\"twitter:data1\" content=\"3\u00a0Minuten\" \/>\n<script type=\"application\/ld+json\" class=\"yoast-schema-graph\">{\"@context\":\"https:\/\/schema.org\",\"@graph\":[{\"@type\":\"WebPage\",\"@id\":\"https:\/\/business.roovi.com\/de\/1000-teile-puzzle-fur-erwachsene-beruhmte-orte-sagrada-familia\/p\/\",\"url\":\"https:\/\/business.roovi.com\/de\/1000-teile-puzzle-fur-erwachsene-beruhmte-orte-sagrada-familia\/p\/\",\"name\":\"1000-Teile-Puzzle f\u00fcr Erwachsene - Ber\u00fchmte Orte - Sagrada Familia\",\"isPartOf\":{\"@id\":\"https:\/\/business.roovi.com\/de\/#website\"},\"datePublished\":\"2018-04-16T10:56:17+00:00\",\"dateModified\":\"2022-07-06T16:54:41+00:00\",\"description\":\"1000-Teile-Puzzle f\u00fcr Erwachsene - Ber\u00fchmte Orte - Sagrada Familia\",\"breadcrumb\":{\"@id\":\"https:\/\/business.roovi.com\/de\/1000-teile-puzzle-fur-erwachsene-beruhmte-orte-sagrada-familia\/p\/#breadcrumb\"},\"inLanguage\":\"de\",\"potentialAction\":[{\"@type\":\"ReadAction\",\"target\":[\"https:\/\/business.roovi.com\/de\/1000-teile-puzzle-fur-erwachsene-beruhmte-orte-sagrada-familia\/p\/\"]}]},{\"@type\":\"BreadcrumbList\",\"@id\":\"https:\/\/business.roovi.com\/de\/1000-teile-puzzle-fur-erwachsene-beruhmte-orte-sagrada-familia\/p\/#breadcrumb\",\"itemListElement\":[{\"@type\":\"ListItem\",\"position\":1,\"name\":\"Home\",\"item\":\"https:\/\/business.roovi.com\/de\/\"},{\"@type\":\"ListItem\",\"position\":2,\"name\":\"Shop\",\"item\":\"https:\/\/business.roovi.com\/de\/shop\/\"},{\"@type\":\"ListItem\",\"position\":3,\"name\":\"1000-Teile-Puzzle f\u00fcr Erwachsene &#8211; Ber\u00fchmte Orte &#8211; Sagrada Familia\"}]},{\"@type\":\"WebSite\",\"@id\":\"https:\/\/business.roovi.com\/de\/#website\",\"url\":\"https:\/\/business.roovi.com\/de\/\",\"name\":\"Roovi B2B\",\"description\":\"Roovi Business Website\",\"potentialAction\":[{\"@type\":\"SearchAction\",\"target\":{\"@type\":\"EntryPoint\",\"urlTemplate\":\"https:\/\/business.roovi.com\/de\/?s={search_term_string}\"},\"query-input\":\"required name=search_term_string\"}],\"inLanguage\":\"de\"}]}<\/script>\n<!-- \/ Yoast SEO plugin. -->","yoast_head_json":{"title":"1000-Teile-Puzzle f\u00fcr Erwachsene - Ber\u00fchmte Orte - Sagrada Familia","description":"1000-Teile-Puzzle f\u00fcr Erwachsene - Ber\u00fchmte Orte - Sagrada Familia","robots":{"index":"index","follow":"follow","max-snippet":"max-snippet:-1","max-image-preview":"max-image-preview:large","max-video-preview":"max-video-preview:-1"},"canonical":"https:\/\/business.roovi.com\/de\/1000-teile-puzzle-fur-erwachsene-beruhmte-orte-sagrada-familia\/p\/","og_locale":"de_DE","og_type":"article","og_title":"1000-Teile-Puzzle f\u00fcr Erwachsene - Ber\u00fchmte Orte - Sagrada Familia","og_description":"1000-Teile-Puzzle f\u00fcr Erwachsene - Ber\u00fchmte Orte - Sagrada Familia","og_url":"https:\/\/business.roovi.com\/de\/1000-teile-puzzle-fur-erwachsene-beruhmte-orte-sagrada-familia\/p\/","og_site_name":"Roovi B2B","article_publisher":"https:\/\/www.facebook.com\/wwwjucariero","article_modified_time":"2022-07-06T16:54:41+00:00","og_image":[{"width":1200,"height":1200,"url":"https:\/\/business.roovi.com\/wp-content\/uploads\/2018\/04\/64288-06-ansamblu_dimensiuni-cutie-cm_vertical_1.png","type":"image\/png"}],"twitter_misc":{"Gesch\u00e4tzte Lesezeit":"3\u00a0Minuten"},"schema":{"@context":"https:\/\/schema.org","@graph":[{"@type":"WebPage","@id":"https:\/\/business.roovi.com\/de\/1000-teile-puzzle-fur-erwachsene-beruhmte-orte-sagrada-familia\/p\/","url":"https:\/\/business.roovi.com\/de\/1000-teile-puzzle-fur-erwachsene-beruhmte-orte-sagrada-familia\/p\/","name":"1000-Teile-Puzzle f\u00fcr Erwachsene - Ber\u00fchmte Orte - Sagrada Familia","isPartOf":{"@id":"https:\/\/business.roovi.com\/de\/#website"},"datePublished":"2018-04-16T10:56:17+00:00","dateModified":"2022-07-06T16:54:41+00:00","description":"1000-Teile-Puzzle f\u00fcr Erwachsene - Ber\u00fchmte Orte - Sagrada Familia","breadcrumb":{"@id":"https:\/\/business.roovi.com\/de\/1000-teile-puzzle-fur-erwachsene-beruhmte-orte-sagrada-familia\/p\/#breadcrumb"},"inLanguage":"de","potentialAction":[{"@type":"ReadAction","target":["https:\/\/business.roovi.com\/de\/1000-teile-puzzle-fur-erwachsene-beruhmte-orte-sagrada-familia\/p\/"]}]},{"@type":"BreadcrumbList","@id":"https:\/\/business.roovi.com\/de\/1000-teile-puzzle-fur-erwachsene-beruhmte-orte-sagrada-familia\/p\/#breadcrumb","itemListElement":[{"@type":"ListItem","position":1,"name":"Home","item":"https:\/\/business.roovi.com\/de\/"},{"@type":"ListItem","position":2,"name":"Shop","item":"https:\/\/business.roovi.com\/de\/shop\/"},{"@type":"ListItem","position":3,"name":"1000-Teile-Puzzle f\u00fcr Erwachsene &#8211; Ber\u00fchmte Orte &#8211; Sagrada Familia"}]},{"@type":"WebSite","@id":"https:\/\/business.roovi.com\/de\/#website","url":"https:\/\/business.roovi.com\/de\/","name":"Roovi B2B","description":"Roovi Business Website","potentialAction":[{"@type":"SearchAction","target":{"@type":"EntryPoint","urlTemplate":"https:\/\/business.roovi.com\/de\/?s={search_term_string}"},"query-input":"required name=search_term_string"}],"inLanguage":"de"}]}},"_links":{"self":[{"href":"https:\/\/business.roovi.com\/de\/wp-json\/wp\/v2\/product\/41390","targetHints":{"allow":["GET"]}}],"collection":[{"href":"https:\/\/business.roovi.com\/de\/wp-json\/wp\/v2\/product"}],"about":[{"href":"https:\/\/business.roovi.com\/de\/wp-json\/wp\/v2\/types\/product"}],"version-history":[{"count":0,"href":"https:\/\/business.roovi.com\/de\/wp-json\/wp\/v2\/product\/41390\/revisions"}],"wp:featuredmedia":[{"embeddable":true,"href":"https:\/\/business.roovi.com\/de\/wp-json\/wp\/v2\/media\/33859"}],"wp:attachment":[{"href":"https:\/\/business.roovi.com\/de\/wp-json\/wp\/v2\/media?parent=41390"}],"wp:term":[{"taxonomy":"product_brand","embeddable":true,"href":"https:\/\/business.roovi.com\/de\/wp-json\/wp\/v2\/product_brand?post=41390"},{"taxonomy":"product_cat","embeddable":true,"href":"https:\/\/business.roovi.com\/de\/wp-json\/wp\/v2\/product_cat?post=41390"},{"taxonomy":"product_tag","embeddable":true,"href":"https:\/\/business.roovi.com\/de\/wp-json\/wp\/v2\/product_tag?post=41390"}],"curies":[{"name":"wp","href":"https:\/\/api.w.org\/{rel}","templated":true}]}}