{"id":41394,"date":"2018-04-16T10:56:17","date_gmt":"2018-04-16T10:56:17","guid":{"rendered":"https:\/\/business.roovi.com\/super-puzzle-copii-35-piese-basme-hansel-si-gretel\/p\/"},"modified":"2023-03-01T12:50:24","modified_gmt":"2023-03-01T12:50:24","slug":"super-puzzle-hansel-und-gretel-puzzlespiel-kinder-35-teile","status":"publish","type":"product","link":"https:\/\/business.roovi.com\/de\/super-puzzle-hansel-und-gretel-puzzlespiel-kinder-35-teile\/p\/","title":{"rendered":"Super Puzzle H\u00e4nsel und Gretel &#8211; Kinderpuzzle, 35 Teile"},"content":{"rendered":"<p><span style=\"font-weight: 400;\">Bist du bereit, mit deinem Kind in die faszinierende Welt der M\u00e4rchen einzutauchen, mit Lebkuchenh\u00e4usern, Hexen und zwei Br\u00fcdern, die immer einen Weg finden, zusammen zu bleiben? H\u00e4nsel und Gretel ist eines der beliebtesten M\u00e4rchen der Kindheit, voll von Lektionen und Lebensgeschichten, an die sich die Kleinen ein Leben lang erinnern werden <\/span><\/p>\n<p><span style=\"font-weight: 400;\">Ein Kinderpuzzle, das Szenen aus den M\u00e4rchen illustriert, ist nicht nur ein Spiel. Das kann eine perfekte Gelegenheit sein, um \u00fcber menschliche Eigenschaften, gute und weniger gute Verhaltensweisen zu sprechen, und w\u00e4hrend sich das Bild entwickelt, entdecken die Kinder verschiedene Objekte oder Landschaften, die den Rahmen der ganzen Geschichte vervollst\u00e4ndigen.<\/span><\/p>\n<p><span style=\"font-weight: 400;\">In jedem Fall solltest du ihre Fantasie anregen und ihnen dabei helfen, die Geschichten St\u00fcck f\u00fcr St\u00fcck selbst umzuschreiben, so wie sie es m\u00f6chten. <\/span><\/p>\n<p><span style=\"font-weight: 400;\">W\u00e4hle f\u00fcr dein Kind ein Puzzle mit einer s\u00fc\u00dfen Geschichte, ein Spiel, das H\u00e4nsel und Gretel in das Lebkuchenhaus der Hexe begleitet. <\/span><\/p>\n<h2><span style=\"font-weight: 400;\">Warum ein Super Fairytale Kinderpuzzle w\u00e4hlen?<\/span><\/h2>\n<ul>\n<li><span style=\"font-weight: 400;\">Hilft Kindern, ihre Kreativit\u00e4t zu entwickeln.<\/span><\/li>\n<li><span style=\"font-weight: 400;\">Es ist eine lustige Art, sich an Szenen aus klassischen M\u00e4rchen zu erinnern oder sich mit ihnen vertraut zu machen.<\/span><\/li>\n<li><span style=\"font-weight: 400;\">Das Puzzlespiel ist ein guter Ged\u00e4chtnistrainer.<\/span><\/li>\n<li><span style=\"font-weight: 400;\">Es hilft bei der Entwicklung von F\u00e4higkeiten, indem es jedes Teil zuordnet.<\/span><\/li>\n<li><span style=\"font-weight: 400;\">Es stimuliert und unterst\u00fctzt die Konzentration und Aufmerksamkeit auf das Spiel.<\/span><\/li>\n<li><span style=\"font-weight: 400;\">Es ist entspannend und schaltet ab.<\/span><\/li>\n<li><span style=\"font-weight: 400;\">Es schult die motorischen F\u00e4higkeiten und die Hand-Augen-Koordination.<\/span><\/li>\n<li><span style=\"font-weight: 400;\">Entwickelt die sensorische Koordination.<\/span><\/li>\n<li><span style=\"font-weight: 400;\">Es ist ein gutes Spiel f\u00fcr l\u00e4ngere Fahrten, wenn er etwas braucht, um sich zu besch\u00e4ftigen, damit ihm nicht langweilig wird.<\/span><\/li>\n<li><span style=\"font-weight: 400;\">Es hat gro\u00dfe Teile, die f\u00fcr kleine H\u00e4nde geeignet sind.<\/span><\/li>\n<\/ul>\n<h2><span style=\"font-weight: 400;\">Entdecke ein super einfaches R\u00e4tsel, das f\u00fcr Anf\u00e4nger geeignet ist<\/span><\/h2>\n<p><span style=\"font-weight: 400;\">Jedes Puzzle besteht aus dicker, hochwertiger Pappe, sodass es viele Male verwendet werden kann, ohne dass die Teile brechen oder ihre Form verlieren <\/span><\/p>\n<p><span style=\"font-weight: 400;\">Die farbenfrohen Bilder zeigen beliebte Figuren aus klassischen Kinderm\u00e4rchen. Die sorgf\u00e4ltig erstellten Grafiken zeigen niedliche und fr\u00f6hliche Charaktere, die f\u00fcr die Kleinsten geeignet sind.<\/span><\/p>\n<p><span style=\"font-weight: 400;\">Die 35 Teile haben eine kindgerechte Gr\u00f6\u00dfe und Form, sodass die Kleinen sie leicht greifen und platzieren k\u00f6nnen.<\/span><\/p>\n<p><span style=\"font-weight: 400;\">Kinder lieben es, Dinge zu bauen und werden es sicher lieben, geliebte Geschichten St\u00fcck f\u00fcr St\u00fcck nachzubauen!<\/span><\/p>\n<p><span style=\"font-weight: 400;\">Wenn du auf der Suche nach einem Spiel bist, das kreativ, aktiv, spannend und lustig ist, dann w\u00e4hle ein Kinderpuzzle mit Illustrationen aus M\u00e4rchen. <\/span><\/p>\n","protected":false},"excerpt":{"rendered":"<p>Bist du bereit, mit deinem Kind in die faszinierende Welt der M\u00e4rchen einzutauchen, mit Lebkuchenh\u00e4usern, Hexen und zwei Br\u00fcdern, die<\/p>\n","protected":false},"featured_media":33873,"template":"","meta":[],"product_brand":[],"product_cat":[1876,1875,1979],"product_tag":[],"class_list":{"0":"post-41394","1":"product","2":"type-product","3":"status-publish","4":"has-post-thumbnail","6":"product_cat-kinder-puzzle","7":"product_cat-puzzle-de","8":"product_cat-puzzle-mit-weniger-als-50-teilen","9":"pa_bax-10-de","10":"pa_brand-d_toys-de","11":"pa_filter_age-3_5-de","12":"pa_filter_age-5_7-de","13":"pa_filter_age-7_9-de","14":"pa_tip_ambalaj-kasten-a4-de","15":"pa_tip_puzzle-klassisch","17":"first","18":"instock","19":"taxable","20":"shipping-taxable","21":"product-type-simple"},"yoast_head":"<!-- This site is optimized with the Yoast SEO plugin v20.1 - https:\/\/yoast.com\/wordpress\/plugins\/seo\/ -->\n<title>Super Puzzle H\u00e4nsel und Gretel - Puzzlespiel Kinder, 35 Teile<\/title>\n<meta name=\"description\" content=\"Super Puzzle H\u00e4nsel und Gretel - Puzzlespiel Kinder, 35 Teile\" \/>\n<meta name=\"robots\" content=\"index, follow, max-snippet:-1, max-image-preview:large, max-video-preview:-1\" \/>\n<link rel=\"canonical\" href=\"https:\/\/business.roovi.com\/de\/super-puzzle-hansel-und-gretel-puzzlespiel-kinder-35-teile\/p\/\" \/>\n<meta property=\"og:locale\" content=\"de_DE\" \/>\n<meta property=\"og:type\" content=\"article\" \/>\n<meta property=\"og:title\" content=\"Super Puzzle H\u00e4nsel und Gretel - Puzzlespiel Kinder, 35 Teile\" \/>\n<meta property=\"og:description\" content=\"Super Puzzle H\u00e4nsel und Gretel - Puzzlespiel Kinder, 35 Teile\" \/>\n<meta property=\"og:url\" content=\"https:\/\/business.roovi.com\/de\/super-puzzle-hansel-und-gretel-puzzlespiel-kinder-35-teile\/p\/\" \/>\n<meta property=\"og:site_name\" content=\"Roovi B2B\" \/>\n<meta property=\"article:publisher\" content=\"https:\/\/www.facebook.com\/wwwjucariero\" \/>\n<meta property=\"article:modified_time\" content=\"2023-03-01T12:50:24+00:00\" \/>\n<meta property=\"og:image\" content=\"https:\/\/business.roovi.com\/wp-content\/uploads\/2018\/04\/60389_02.jpg\" \/>\n\t<meta property=\"og:image:width\" content=\"1200\" \/>\n\t<meta property=\"og:image:height\" content=\"1200\" \/>\n\t<meta property=\"og:image:type\" content=\"image\/jpeg\" \/>\n<meta name=\"twitter:label1\" content=\"Gesch\u00e4tzte Lesezeit\" \/>\n\t<meta name=\"twitter:data1\" content=\"3\u00a0Minuten\" \/>\n<script type=\"application\/ld+json\" class=\"yoast-schema-graph\">{\"@context\":\"https:\/\/schema.org\",\"@graph\":[{\"@type\":\"WebPage\",\"@id\":\"https:\/\/business.roovi.com\/de\/super-puzzle-hansel-und-gretel-puzzlespiel-kinder-35-teile\/p\/\",\"url\":\"https:\/\/business.roovi.com\/de\/super-puzzle-hansel-und-gretel-puzzlespiel-kinder-35-teile\/p\/\",\"name\":\"Super Puzzle H\u00e4nsel und Gretel - Puzzlespiel Kinder, 35 Teile\",\"isPartOf\":{\"@id\":\"https:\/\/business.roovi.com\/de\/#website\"},\"datePublished\":\"2018-04-16T10:56:17+00:00\",\"dateModified\":\"2023-03-01T12:50:24+00:00\",\"description\":\"Super Puzzle H\u00e4nsel und Gretel - Puzzlespiel Kinder, 35 Teile\",\"breadcrumb\":{\"@id\":\"https:\/\/business.roovi.com\/de\/super-puzzle-hansel-und-gretel-puzzlespiel-kinder-35-teile\/p\/#breadcrumb\"},\"inLanguage\":\"de\",\"potentialAction\":[{\"@type\":\"ReadAction\",\"target\":[\"https:\/\/business.roovi.com\/de\/super-puzzle-hansel-und-gretel-puzzlespiel-kinder-35-teile\/p\/\"]}]},{\"@type\":\"BreadcrumbList\",\"@id\":\"https:\/\/business.roovi.com\/de\/super-puzzle-hansel-und-gretel-puzzlespiel-kinder-35-teile\/p\/#breadcrumb\",\"itemListElement\":[{\"@type\":\"ListItem\",\"position\":1,\"name\":\"Home\",\"item\":\"https:\/\/business.roovi.com\/de\/\"},{\"@type\":\"ListItem\",\"position\":2,\"name\":\"Shop\",\"item\":\"https:\/\/business.roovi.com\/de\/shop\/\"},{\"@type\":\"ListItem\",\"position\":3,\"name\":\"Super Puzzle H\u00e4nsel und Gretel &#8211; Kinderpuzzle, 35 Teile\"}]},{\"@type\":\"WebSite\",\"@id\":\"https:\/\/business.roovi.com\/de\/#website\",\"url\":\"https:\/\/business.roovi.com\/de\/\",\"name\":\"Roovi B2B\",\"description\":\"Roovi Business Website\",\"potentialAction\":[{\"@type\":\"SearchAction\",\"target\":{\"@type\":\"EntryPoint\",\"urlTemplate\":\"https:\/\/business.roovi.com\/de\/?s={search_term_string}\"},\"query-input\":\"required name=search_term_string\"}],\"inLanguage\":\"de\"}]}<\/script>\n<!-- \/ Yoast SEO plugin. -->","yoast_head_json":{"title":"Super Puzzle H\u00e4nsel und Gretel - Puzzlespiel Kinder, 35 Teile","description":"Super Puzzle H\u00e4nsel und Gretel - Puzzlespiel Kinder, 35 Teile","robots":{"index":"index","follow":"follow","max-snippet":"max-snippet:-1","max-image-preview":"max-image-preview:large","max-video-preview":"max-video-preview:-1"},"canonical":"https:\/\/business.roovi.com\/de\/super-puzzle-hansel-und-gretel-puzzlespiel-kinder-35-teile\/p\/","og_locale":"de_DE","og_type":"article","og_title":"Super Puzzle H\u00e4nsel und Gretel - Puzzlespiel Kinder, 35 Teile","og_description":"Super Puzzle H\u00e4nsel und Gretel - Puzzlespiel Kinder, 35 Teile","og_url":"https:\/\/business.roovi.com\/de\/super-puzzle-hansel-und-gretel-puzzlespiel-kinder-35-teile\/p\/","og_site_name":"Roovi B2B","article_publisher":"https:\/\/www.facebook.com\/wwwjucariero","article_modified_time":"2023-03-01T12:50:24+00:00","og_image":[{"width":1200,"height":1200,"url":"https:\/\/business.roovi.com\/wp-content\/uploads\/2018\/04\/60389_02.jpg","type":"image\/jpeg"}],"twitter_misc":{"Gesch\u00e4tzte Lesezeit":"3\u00a0Minuten"},"schema":{"@context":"https:\/\/schema.org","@graph":[{"@type":"WebPage","@id":"https:\/\/business.roovi.com\/de\/super-puzzle-hansel-und-gretel-puzzlespiel-kinder-35-teile\/p\/","url":"https:\/\/business.roovi.com\/de\/super-puzzle-hansel-und-gretel-puzzlespiel-kinder-35-teile\/p\/","name":"Super Puzzle H\u00e4nsel und Gretel - Puzzlespiel Kinder, 35 Teile","isPartOf":{"@id":"https:\/\/business.roovi.com\/de\/#website"},"datePublished":"2018-04-16T10:56:17+00:00","dateModified":"2023-03-01T12:50:24+00:00","description":"Super Puzzle H\u00e4nsel und Gretel - Puzzlespiel Kinder, 35 Teile","breadcrumb":{"@id":"https:\/\/business.roovi.com\/de\/super-puzzle-hansel-und-gretel-puzzlespiel-kinder-35-teile\/p\/#breadcrumb"},"inLanguage":"de","potentialAction":[{"@type":"ReadAction","target":["https:\/\/business.roovi.com\/de\/super-puzzle-hansel-und-gretel-puzzlespiel-kinder-35-teile\/p\/"]}]},{"@type":"BreadcrumbList","@id":"https:\/\/business.roovi.com\/de\/super-puzzle-hansel-und-gretel-puzzlespiel-kinder-35-teile\/p\/#breadcrumb","itemListElement":[{"@type":"ListItem","position":1,"name":"Home","item":"https:\/\/business.roovi.com\/de\/"},{"@type":"ListItem","position":2,"name":"Shop","item":"https:\/\/business.roovi.com\/de\/shop\/"},{"@type":"ListItem","position":3,"name":"Super Puzzle H\u00e4nsel und Gretel &#8211; Kinderpuzzle, 35 Teile"}]},{"@type":"WebSite","@id":"https:\/\/business.roovi.com\/de\/#website","url":"https:\/\/business.roovi.com\/de\/","name":"Roovi B2B","description":"Roovi Business Website","potentialAction":[{"@type":"SearchAction","target":{"@type":"EntryPoint","urlTemplate":"https:\/\/business.roovi.com\/de\/?s={search_term_string}"},"query-input":"required name=search_term_string"}],"inLanguage":"de"}]}},"_links":{"self":[{"href":"https:\/\/business.roovi.com\/de\/wp-json\/wp\/v2\/product\/41394","targetHints":{"allow":["GET"]}}],"collection":[{"href":"https:\/\/business.roovi.com\/de\/wp-json\/wp\/v2\/product"}],"about":[{"href":"https:\/\/business.roovi.com\/de\/wp-json\/wp\/v2\/types\/product"}],"version-history":[{"count":0,"href":"https:\/\/business.roovi.com\/de\/wp-json\/wp\/v2\/product\/41394\/revisions"}],"wp:featuredmedia":[{"embeddable":true,"href":"https:\/\/business.roovi.com\/de\/wp-json\/wp\/v2\/media\/33873"}],"wp:attachment":[{"href":"https:\/\/business.roovi.com\/de\/wp-json\/wp\/v2\/media?parent=41394"}],"wp:term":[{"taxonomy":"product_brand","embeddable":true,"href":"https:\/\/business.roovi.com\/de\/wp-json\/wp\/v2\/product_brand?post=41394"},{"taxonomy":"product_cat","embeddable":true,"href":"https:\/\/business.roovi.com\/de\/wp-json\/wp\/v2\/product_cat?post=41394"},{"taxonomy":"product_tag","embeddable":true,"href":"https:\/\/business.roovi.com\/de\/wp-json\/wp\/v2\/product_tag?post=41394"}],"curies":[{"name":"wp","href":"https:\/\/api.w.org\/{rel}","templated":true}]}}