{"id":41402,"date":"2018-04-16T10:56:17","date_gmt":"2018-04-16T10:56:17","guid":{"rendered":"https:\/\/business.roovi.com\/super-puzzle-copii-35-piese-basme-cei-3-purcelusi\/p\/"},"modified":"2022-07-06T16:59:12","modified_gmt":"2022-07-06T16:59:12","slug":"super-puzzle-die-drei-kleinen-schweinchen-kinderpuzzle-35-teile","status":"publish","type":"product","link":"https:\/\/business.roovi.com\/de\/super-puzzle-die-drei-kleinen-schweinchen-kinderpuzzle-35-teile\/p\/","title":{"rendered":"Super Puzzle Die drei kleinen Schweinchen &#8211; Kinderpuzzle, 35 Teile"},"content":{"rendered":"<p><span style=\"font-weight: 400\">Was ist besser, ein Haus aus Stroh, Stroh oder Ziegeln zu bauen? Mehr spielen und weniger arbeiten oder lieber ein bisschen mehr arbeiten, aber ein solides Haus haben? F\u00e4llt es dem Wolf leichter, sie abzurei\u00dfen?<\/span><\/p>\n<p><span style=\"font-weight: 400\">So viele Fragen und so viele Antworten, auf deren Grundlage du eine Lerndiskussion mit deinen Kleinen beginnen kannst, ausgehend von dem beliebten M\u00e4rchen Die drei kleinen Schweinchen.<\/span><\/p>\n<p><span style=\"font-weight: 400\">Ein Kinderpuzzle, das Szenen aus M\u00e4rchen illustriert, ist ein Tor zur Welt der unendlichen Fantasie. Das kann eine perfekte Gelegenheit sein, um \u00fcber menschliche Eigenschaften, gute und weniger gute Verhaltensweisen zu sprechen, und w\u00e4hrend sich das Bild entwickelt, entdecken die Kinder verschiedene Gegenst\u00e4nde oder Landschaften, die den Rahmen der ganzen Geschichte vervollst\u00e4ndigen.<\/span><\/p>\n<p><span style=\"font-weight: 400\">In jedem Fall solltest du ihre Fantasie anregen und ihnen dabei helfen, die Geschichten St\u00fcck f\u00fcr St\u00fcck selbst umzuschreiben, so wie sie es m\u00f6chten.  <\/span><\/p>\n<p><span style=\"font-weight: 400\">W\u00e4hle f\u00fcr dein Kind ein Puzzle mit einer Geschichte \u00fcber die Belohnung von Anstrengung und Freundlichkeit und begleite die kleinen Ferkel auf ihrer Flucht vor dem gro\u00dfen b\u00f6sen Wolf.    <\/span><\/p>\n<h2><span style=\"font-weight: 400\">Warum ein Super-M\u00e4rchenpuzzle f\u00fcr Kinder?<\/span><\/h2>\n<ul>\n<li><span style=\"font-weight: 400\">Es hat gro\u00dfe Teile, die f\u00fcr kleine H\u00e4nde geeignet sind.<\/span><\/li>\n<li><span style=\"font-weight: 400\">Hilft Kindern, ihre Kreativit\u00e4t zu entwickeln.<\/span><\/li>\n<li><span style=\"font-weight: 400\">Hilft bei der Entwicklung von F\u00e4higkeiten, indem es jedes Teil zuordnet.<\/span><\/li>\n<li><span style=\"font-weight: 400\">Das Puzzle-Spiel ist ein guter Ged\u00e4chtnistrainer.<\/span><\/li>\n<li><span style=\"font-weight: 400\">Es ist eine lustige Art, sich an Szenen aus klassischen Geschichten zu erinnern oder sich mit ihnen vertraut zu machen.<\/span><\/li>\n<li><span style=\"font-weight: 400\">Es ist entspannend und schaltet ab.<\/span><\/li>\n<li><span style=\"font-weight: 400\">Es schult die motorischen F\u00e4higkeiten und die Hand-Augen-Koordination.<\/span><\/li>\n<li><span style=\"font-weight: 400\">Entwickelt die sensorische Koordination.<\/span><\/li>\n<li><span style=\"font-weight: 400\">F\u00f6rdert und unterst\u00fctzt die Konzentration und Aufmerksamkeit beim Spielen.<\/span><\/li>\n<li><span style=\"font-weight: 400\">Es ist ein gutes Spiel f\u00fcr l\u00e4ngere Fahrten, wenn er etwas braucht, um sich zu besch\u00e4ftigen, damit ihm nicht langweilig wird.<\/span><\/li>\n<\/ul>\n<h2><span style=\"font-weight: 400\">Entdecke ein einfaches Superpuzzle, geeignet f\u00fcr Anf\u00e4nger<\/span><\/h2>\n<p><span style=\"font-weight: 400\">Die farbenfrohen Bilder zeigen geliebte Figuren aus klassischen Kinderm\u00e4rchen, mit sorgf\u00e4ltig gestalteten Grafiken und niedlichen, fr\u00f6hlichen Charakteren, die f\u00fcr die Kleinen geeignet sind.<\/span><\/p>\n<p><span style=\"font-weight: 400\">Die 35 Teile haben eine kindgerechte Gr\u00f6\u00dfe und Form, so dass die Kleinen sie leicht greifen und platzieren k\u00f6nnen.<\/span><\/p>\n<p><span style=\"font-weight: 400\">Jedes Puzzle besteht aus dicker, hochwertiger Pappe, sodass es viele Male verwendet werden kann, ohne dass die Teile brechen oder ihre Form verlieren <\/span><\/p>\n<p><span style=\"font-weight: 400\">Wenn du ein Spiel suchst, das kreativ, aktiv, spannend und lustig ist, w\u00e4hle ein Kinderpuzzle mit Illustrationen aus M\u00e4rchen.  <\/span><\/p>\n<p><span style=\"font-weight: 400\">Kinder lieben es, Dinge zu bauen und werden es sicher lieben, geliebte Geschichten St\u00fcck f\u00fcr St\u00fcck nachzubauen!<\/span><\/p><\/p>\n","protected":false},"excerpt":{"rendered":"<p>Was ist besser, ein Haus aus Stroh, Stroh oder Ziegeln zu bauen? Mehr spielen und weniger arbeiten oder lieber ein<\/p>\n","protected":false},"featured_media":33881,"template":"","meta":[],"product_brand":[],"product_cat":[1876,1875,1979],"product_tag":[],"class_list":{"0":"post-41402","1":"product","2":"type-product","3":"status-publish","4":"has-post-thumbnail","6":"product_cat-kinder-puzzle","7":"product_cat-puzzle-de","8":"product_cat-puzzle-mit-weniger-als-50-teilen","9":"pa_bax-10-de","10":"pa_brand-d_toys-de","11":"pa_filter_age-3_5-de","12":"pa_filter_age-5_7-de","13":"pa_filter_age-7_9-de","14":"pa_tip_ambalaj-kasten-a4-de","15":"pa_tip_puzzle-klassisch","17":"first","18":"instock","19":"taxable","20":"shipping-taxable","21":"product-type-simple"},"yoast_head":"<!-- This site is optimized with the Yoast SEO plugin v20.1 - https:\/\/yoast.com\/wordpress\/plugins\/seo\/ -->\n<title>Super Puzzle Die drei kleinen Schweinchen - Kinderpuzzle, 35 Teile<\/title>\n<meta name=\"description\" content=\"Super Puzzle Die drei kleinen Schweinchen - Kinderpuzzle, 35 Teile\" \/>\n<meta name=\"robots\" content=\"index, follow, max-snippet:-1, max-image-preview:large, max-video-preview:-1\" \/>\n<link rel=\"canonical\" href=\"https:\/\/business.roovi.com\/de\/super-puzzle-die-drei-kleinen-schweinchen-kinderpuzzle-35-teile\/p\/\" \/>\n<meta property=\"og:locale\" content=\"de_DE\" \/>\n<meta property=\"og:type\" content=\"article\" \/>\n<meta property=\"og:title\" content=\"Super Puzzle Die drei kleinen Schweinchen - Kinderpuzzle, 35 Teile\" \/>\n<meta property=\"og:description\" content=\"Super Puzzle Die drei kleinen Schweinchen - Kinderpuzzle, 35 Teile\" \/>\n<meta property=\"og:url\" content=\"https:\/\/business.roovi.com\/de\/super-puzzle-die-drei-kleinen-schweinchen-kinderpuzzle-35-teile\/p\/\" \/>\n<meta property=\"og:site_name\" content=\"Roovi B2B\" \/>\n<meta property=\"article:publisher\" content=\"https:\/\/www.facebook.com\/wwwjucariero\" \/>\n<meta property=\"article:modified_time\" content=\"2022-07-06T16:59:12+00:00\" \/>\n<meta property=\"og:image\" content=\"https:\/\/business.roovi.com\/wp-content\/uploads\/2018\/04\/60389_04.jpg\" \/>\n\t<meta property=\"og:image:width\" content=\"1200\" \/>\n\t<meta property=\"og:image:height\" content=\"1200\" \/>\n\t<meta property=\"og:image:type\" content=\"image\/jpeg\" \/>\n<meta name=\"twitter:label1\" content=\"Gesch\u00e4tzte Lesezeit\" \/>\n\t<meta name=\"twitter:data1\" content=\"2\u00a0Minuten\" \/>\n<script type=\"application\/ld+json\" class=\"yoast-schema-graph\">{\"@context\":\"https:\/\/schema.org\",\"@graph\":[{\"@type\":\"WebPage\",\"@id\":\"https:\/\/business.roovi.com\/de\/super-puzzle-die-drei-kleinen-schweinchen-kinderpuzzle-35-teile\/p\/\",\"url\":\"https:\/\/business.roovi.com\/de\/super-puzzle-die-drei-kleinen-schweinchen-kinderpuzzle-35-teile\/p\/\",\"name\":\"Super Puzzle Die drei kleinen Schweinchen - Kinderpuzzle, 35 Teile\",\"isPartOf\":{\"@id\":\"https:\/\/business.roovi.com\/de\/#website\"},\"datePublished\":\"2018-04-16T10:56:17+00:00\",\"dateModified\":\"2022-07-06T16:59:12+00:00\",\"description\":\"Super Puzzle Die drei kleinen Schweinchen - Kinderpuzzle, 35 Teile\",\"breadcrumb\":{\"@id\":\"https:\/\/business.roovi.com\/de\/super-puzzle-die-drei-kleinen-schweinchen-kinderpuzzle-35-teile\/p\/#breadcrumb\"},\"inLanguage\":\"de\",\"potentialAction\":[{\"@type\":\"ReadAction\",\"target\":[\"https:\/\/business.roovi.com\/de\/super-puzzle-die-drei-kleinen-schweinchen-kinderpuzzle-35-teile\/p\/\"]}]},{\"@type\":\"BreadcrumbList\",\"@id\":\"https:\/\/business.roovi.com\/de\/super-puzzle-die-drei-kleinen-schweinchen-kinderpuzzle-35-teile\/p\/#breadcrumb\",\"itemListElement\":[{\"@type\":\"ListItem\",\"position\":1,\"name\":\"Home\",\"item\":\"https:\/\/business.roovi.com\/de\/\"},{\"@type\":\"ListItem\",\"position\":2,\"name\":\"Shop\",\"item\":\"https:\/\/business.roovi.com\/de\/shop\/\"},{\"@type\":\"ListItem\",\"position\":3,\"name\":\"Super Puzzle Die drei kleinen Schweinchen &#8211; Kinderpuzzle, 35 Teile\"}]},{\"@type\":\"WebSite\",\"@id\":\"https:\/\/business.roovi.com\/de\/#website\",\"url\":\"https:\/\/business.roovi.com\/de\/\",\"name\":\"Roovi B2B\",\"description\":\"Roovi Business Website\",\"potentialAction\":[{\"@type\":\"SearchAction\",\"target\":{\"@type\":\"EntryPoint\",\"urlTemplate\":\"https:\/\/business.roovi.com\/de\/?s={search_term_string}\"},\"query-input\":\"required name=search_term_string\"}],\"inLanguage\":\"de\"}]}<\/script>\n<!-- \/ Yoast SEO plugin. -->","yoast_head_json":{"title":"Super Puzzle Die drei kleinen Schweinchen - Kinderpuzzle, 35 Teile","description":"Super Puzzle Die drei kleinen Schweinchen - Kinderpuzzle, 35 Teile","robots":{"index":"index","follow":"follow","max-snippet":"max-snippet:-1","max-image-preview":"max-image-preview:large","max-video-preview":"max-video-preview:-1"},"canonical":"https:\/\/business.roovi.com\/de\/super-puzzle-die-drei-kleinen-schweinchen-kinderpuzzle-35-teile\/p\/","og_locale":"de_DE","og_type":"article","og_title":"Super Puzzle Die drei kleinen Schweinchen - Kinderpuzzle, 35 Teile","og_description":"Super Puzzle Die drei kleinen Schweinchen - Kinderpuzzle, 35 Teile","og_url":"https:\/\/business.roovi.com\/de\/super-puzzle-die-drei-kleinen-schweinchen-kinderpuzzle-35-teile\/p\/","og_site_name":"Roovi B2B","article_publisher":"https:\/\/www.facebook.com\/wwwjucariero","article_modified_time":"2022-07-06T16:59:12+00:00","og_image":[{"width":1200,"height":1200,"url":"https:\/\/business.roovi.com\/wp-content\/uploads\/2018\/04\/60389_04.jpg","type":"image\/jpeg"}],"twitter_misc":{"Gesch\u00e4tzte Lesezeit":"2\u00a0Minuten"},"schema":{"@context":"https:\/\/schema.org","@graph":[{"@type":"WebPage","@id":"https:\/\/business.roovi.com\/de\/super-puzzle-die-drei-kleinen-schweinchen-kinderpuzzle-35-teile\/p\/","url":"https:\/\/business.roovi.com\/de\/super-puzzle-die-drei-kleinen-schweinchen-kinderpuzzle-35-teile\/p\/","name":"Super Puzzle Die drei kleinen Schweinchen - Kinderpuzzle, 35 Teile","isPartOf":{"@id":"https:\/\/business.roovi.com\/de\/#website"},"datePublished":"2018-04-16T10:56:17+00:00","dateModified":"2022-07-06T16:59:12+00:00","description":"Super Puzzle Die drei kleinen Schweinchen - Kinderpuzzle, 35 Teile","breadcrumb":{"@id":"https:\/\/business.roovi.com\/de\/super-puzzle-die-drei-kleinen-schweinchen-kinderpuzzle-35-teile\/p\/#breadcrumb"},"inLanguage":"de","potentialAction":[{"@type":"ReadAction","target":["https:\/\/business.roovi.com\/de\/super-puzzle-die-drei-kleinen-schweinchen-kinderpuzzle-35-teile\/p\/"]}]},{"@type":"BreadcrumbList","@id":"https:\/\/business.roovi.com\/de\/super-puzzle-die-drei-kleinen-schweinchen-kinderpuzzle-35-teile\/p\/#breadcrumb","itemListElement":[{"@type":"ListItem","position":1,"name":"Home","item":"https:\/\/business.roovi.com\/de\/"},{"@type":"ListItem","position":2,"name":"Shop","item":"https:\/\/business.roovi.com\/de\/shop\/"},{"@type":"ListItem","position":3,"name":"Super Puzzle Die drei kleinen Schweinchen &#8211; Kinderpuzzle, 35 Teile"}]},{"@type":"WebSite","@id":"https:\/\/business.roovi.com\/de\/#website","url":"https:\/\/business.roovi.com\/de\/","name":"Roovi B2B","description":"Roovi Business Website","potentialAction":[{"@type":"SearchAction","target":{"@type":"EntryPoint","urlTemplate":"https:\/\/business.roovi.com\/de\/?s={search_term_string}"},"query-input":"required name=search_term_string"}],"inLanguage":"de"}]}},"_links":{"self":[{"href":"https:\/\/business.roovi.com\/de\/wp-json\/wp\/v2\/product\/41402","targetHints":{"allow":["GET"]}}],"collection":[{"href":"https:\/\/business.roovi.com\/de\/wp-json\/wp\/v2\/product"}],"about":[{"href":"https:\/\/business.roovi.com\/de\/wp-json\/wp\/v2\/types\/product"}],"version-history":[{"count":0,"href":"https:\/\/business.roovi.com\/de\/wp-json\/wp\/v2\/product\/41402\/revisions"}],"wp:featuredmedia":[{"embeddable":true,"href":"https:\/\/business.roovi.com\/de\/wp-json\/wp\/v2\/media\/33881"}],"wp:attachment":[{"href":"https:\/\/business.roovi.com\/de\/wp-json\/wp\/v2\/media?parent=41402"}],"wp:term":[{"taxonomy":"product_brand","embeddable":true,"href":"https:\/\/business.roovi.com\/de\/wp-json\/wp\/v2\/product_brand?post=41402"},{"taxonomy":"product_cat","embeddable":true,"href":"https:\/\/business.roovi.com\/de\/wp-json\/wp\/v2\/product_cat?post=41402"},{"taxonomy":"product_tag","embeddable":true,"href":"https:\/\/business.roovi.com\/de\/wp-json\/wp\/v2\/product_tag?post=41402"}],"curies":[{"name":"wp","href":"https:\/\/api.w.org\/{rel}","templated":true}]}}